{"id":36576,"date":"2025-01-06T16:52:20","date_gmt":"2025-01-06T16:52:20","guid":{"rendered":"https:\/\/bazaar.express\/product\/jojobovy-olej-2\/"},"modified":"2026-03-01T20:40:39","modified_gmt":"2026-03-01T20:40:39","slug":"jojobovy-olej-2","status":"publish","type":"product","link":"https:\/\/bazaar.express\/cs\/produkt\/jojobovy-olej-2\/","title":{"rendered":"Jojobov\u00fd olej"},"content":{"rendered":"<h2 data-start=\"189\" data-end=\"258\"><strong data-start=\"192\" data-end=\"258\">Jojobov\u00fd olej &#8211; NAKAA: Zlat\u00fd elix\u00edr pro zdrav\u00ed pleti a vlas\u016f<\/strong><\/h2>\n<h3 data-start=\"260\" data-end=\"321\"><strong data-start=\"264\" data-end=\"321\">\u00davod: Nejv\u00edce univerz\u00e1ln\u00ed p\u0159\u00edrodn\u00ed tajemstv\u00ed p\u00e9\u010de o ple\u0165<\/strong><\/h3>\n<p data-start=\"323\" data-end=\"662\">Jojobov\u00fd olej &#8211; NAKAA je pr\u00e9miov\u00e1 kvalitn\u00ed p\u0159\u00edrodn\u00ed olej lisovan\u00fd za studena z semen jojobov\u00e9ho ke\u0159e. Oslavovan\u00fd pro sv\u016fj bohat\u00fd obsah vitam\u00edn\u016f, antioxidant\u016f a esenci\u00e1ln\u00edch mastn\u00fdch kyselin, tento jojobov\u00fd olej \u00fazce napodobuje p\u0159irozen\u00fd ko\u017en\u00ed maz \u2013 d\u00edky tomu pat\u0159\u00ed mezi nejbezpe\u010dn\u011bj\u0161\u00ed a nej\u00fa\u010dinn\u011bj\u0161\u00ed prost\u0159edky p\u00e9\u010de o ple\u0165 a vlasy.<\/p>\n<p data-start=\"664\" data-end=\"846\">A\u0165 se sna\u017e\u00edte uklidnit citlivou ple\u0165, l\u00e9\u010dit akn\u00e9, redukovat jemn\u00e9 vr\u00e1sky nebo vy\u017eivovat such\u00e9 vlasy, <strong data-start=\"765\" data-end=\"787\">Jojobov\u00fd olej &#8211; NAKAA<\/strong> nab\u00edz\u00ed jemn\u00fd, v\u00edce\u00fa\u010delov\u00fd prost\u0159edek d\u016fv\u011bryhodn\u00fd po cel\u00e9 generace.<\/p>\n<h3 data-start=\"853\" data-end=\"899\"><strong data-start=\"857\" data-end=\"899\">Hlubok\u00e1 hydratace bez mastnoty<\/strong><\/h3>\n<p data-start=\"901\" data-end=\"1137\">Jojobov\u00fd olej je jedine\u010dn\u00fd t\u00edm, \u017ee hluboce hydratuje ple\u0165, ani\u017e by zanechal t\u011b\u017ek\u00fd nebo mastn\u00fd zbytek. Jeho molekul\u00e1rn\u00ed struktura je p\u0159ekvapiv\u011b podobn\u00e1 p\u0159irozen\u00fdm olej\u016fm produkovan\u00fdm va\u0161\u00ed plet\u00ed, co\u017e umo\u017e\u0148uje rychl\u00e9 vst\u0159eb\u00e1v\u00e1n\u00ed a hlubokou hydrataci.<\/p>\n<ul data-start=\"1139\" data-end=\"1261\">\n<li data-start=\"1139\" data-end=\"1176\">\n<p data-start=\"1141\" data-end=\"1176\">Udr\u017euje vlhkostn\u00ed bari\u00e9ru pleti<\/p>\n<\/li>\n<li data-start=\"1177\" data-end=\"1222\">\n<p data-start=\"1179\" data-end=\"1222\">Zabra\u0148uje suchosti, loup\u00e1n\u00ed a podr\u00e1\u017ed\u011bn\u00ed<\/p>\n<\/li>\n<li data-start=\"1223\" data-end=\"1261\">\n<p data-start=\"1225\" data-end=\"1261\">Vynikaj\u00edc\u00ed pro obli\u010dej, t\u011blo a rty<\/p>\n<\/li>\n<\/ul>\n<h3 data-start=\"1268\" data-end=\"1334\"><strong data-start=\"1272\" data-end=\"1334\">Protivr\u00e1skov\u00e1 s\u00edla: Vyhla\u010fte jemn\u00e9 vr\u00e1sky a obnovte pru\u017enost<\/strong><\/h3>\n<p data-start=\"1336\" data-end=\"1426\">Bohat\u00fd na vitam\u00edn E a antioxidanty, <strong data-start=\"1372\" data-end=\"1386\">Jojobov\u00fd olej<\/strong> viditeln\u011b redukuje zn\u00e1mky st\u00e1rnut\u00ed.<\/p>\n<ul data-start=\"1428\" data-end=\"1540\">\n<li data-start=\"1428\" data-end=\"1462\">\n<p data-start=\"1430\" data-end=\"1462\">Stimuluje tvorbu kolagenu<\/p>\n<\/li>\n<li data-start=\"1463\" data-end=\"1499\">\n<p data-start=\"1465\" data-end=\"1499\">Zlep\u0161uje pru\u017enost a pevnost<\/p>\n<\/li>\n<li data-start=\"1500\" data-end=\"1540\">\n<p data-start=\"1502\" data-end=\"1540\">Minimalizuje jemn\u00e9 vr\u00e1sky a kr\u016ft\u00ed no\u017eky<\/p>\n<\/li>\n<\/ul>\n<p data-start=\"1542\" data-end=\"1670\">Podporou regenerace pleti jojobov\u00fd olej zvy\u0161uje p\u0159irozen\u00fd lesk va\u0161\u00ed pleti, d\u00edky \u010demu\u017e vypad\u00e1 mlad\u0161\u00ed, hlad\u0161\u00ed a zdrav\u011bj\u0161\u00ed.<\/p>\n<h3 data-start=\"1677\" data-end=\"1713\"><strong data-start=\"1681\" data-end=\"1713\">L\u00e9\u010dba akn\u00e9 a regulace oleje<\/strong><\/h3>\n<p data-start=\"1715\" data-end=\"1926\">Na rozd\u00edl od syntetick\u00fdch produkt\u016f, kter\u00e9 ple\u0165 vysu\u0161uj\u00ed, jojobov\u00fd olej vyva\u017euje tvorbu mazu a zabra\u0148uje ucpan\u00fdm p\u00f3rom. Jeho antibakteri\u00e1ln\u00ed a protiz\u00e1n\u011btliv\u00e9 vlastnosti ho \u010din\u00ed ide\u00e1ln\u00edm pro ple\u0165 n\u00e1chylnou k akn\u00e9 a citlivou ple\u0165.<\/p>\n<ul data-start=\"1928\" data-end=\"2032\">\n<li data-start=\"1928\" data-end=\"1955\">\n<p data-start=\"1930\" data-end=\"1955\">Bojuje proti bakteri\u00e1ln\u00edmu r\u016fstu<\/p>\n<\/li>\n<li data-start=\"1956\" data-end=\"1992\">\n<p data-start=\"1958\" data-end=\"1992\">Uklid\u0148uje zarudnut\u00ed a z\u00e1n\u011bt<\/p>\n<\/li>\n<li data-start=\"1993\" data-end=\"2032\">\n<p data-start=\"1995\" data-end=\"2032\">\u010cist\u00ed p\u00f3ry a redukuje v\u00fdr\u016fstky<\/p>\n<\/li>\n<\/ul>\n<h3 data-start=\"2039\" data-end=\"2077\"><strong data-start=\"2043\" data-end=\"2077\">O\u017eivte vlasy a poko\u017eku hlavy<\/strong><\/h3>\n<p data-start=\"2079\" data-end=\"2311\">Jojobov\u00fd olej hluboce kondicionuje such\u00e9 nebo l\u00e1mav\u00e9 vlasy a vy\u017eivuje poko\u017eku hlavy, pom\u00e1h\u00e1 p\u0159edch\u00e1zet lup\u016fm, vypad\u00e1v\u00e1n\u00ed vlas\u016f a l\u00e1m\u00e1n\u00ed. Jeho nekomedogenn\u00ed povaha znamen\u00e1, \u017ee neucp\u00e1v\u00e1 vlasov\u00e9 folikuly \u2013 podporuje zdrav\u00fd r\u016fst od ko\u0159ene po kone\u010dky.<\/p>\n<ul data-start=\"2313\" data-end=\"2416\">\n<li data-start=\"2313\" data-end=\"2341\">\n<p data-start=\"2315\" data-end=\"2341\">Posiluje vlasov\u00e9 vl\u00e1kna<\/p>\n<\/li>\n<li data-start=\"2342\" data-end=\"2372\">\n<p data-start=\"2344\" data-end=\"2372\">Zvy\u0161uje lesk a texturu<\/p>\n<\/li>\n<li data-start=\"2373\" data-end=\"2416\">\n<p data-start=\"2375\" data-end=\"2416\">Podporuje zdrav\u00ed poko\u017eky hlavy a r\u016fst vlas\u016f<\/p>\n<\/li>\n<\/ul>\n<h3 data-start=\"2423\" data-end=\"2462\"><strong data-start=\"2427\" data-end=\"2462\">C\u00edlen\u00e1 p\u00e9\u010de o o\u010di a rty<\/strong><\/h3>\n<p data-start=\"2464\" data-end=\"2558\">Citliv\u00e9 oblasti kolem o\u010d\u00ed a rt\u016f velmi prosp\u00edvaj\u00ed jemn\u00e9 formuli jojobov\u00e9ho oleje.<\/p>\n<ul data-start=\"2560\" data-end=\"2669\">\n<li data-start=\"2560\" data-end=\"2604\">\n<p data-start=\"2562\" data-end=\"2604\">Redukuje otoky a vr\u00e1sky pod o\u010dima<\/p>\n<\/li>\n<li data-start=\"2605\" data-end=\"2630\">\n<p data-start=\"2607\" data-end=\"2630\">Hydratuje popraskan\u00e9 rty<\/p>\n<\/li>\n<li data-start=\"2631\" data-end=\"2669\">\n<p data-start=\"2633\" data-end=\"2669\">Zjem\u0148uje a omlazuje jemn\u00e9 vr\u00e1sky<\/p>\n<\/li>\n<\/ul>\n<h3 data-start=\"2676\" data-end=\"2710\"><strong data-start=\"2680\" data-end=\"2710\">V\u00edce\u00fa\u010delov\u00e1 esenci\u00e1ln\u00ed kr\u00e1sa<\/strong><\/h3>\n<p data-start=\"2712\" data-end=\"2746\"><strong data-start=\"2712\" data-end=\"2746\">Jak pou\u017e\u00edvat jojobov\u00fd olej &#8211; NAKAA:<\/strong><\/p>\n<ul data-start=\"2748\" data-end=\"3167\">\n<li data-start=\"2748\" data-end=\"2875\">\n<p data-start=\"2750\" data-end=\"2875\"><strong data-start=\"2750\" data-end=\"2766\">Obli\u010dej a ple\u0165:<\/strong> Naneste n\u011bkolik kapek a jemn\u011b vmas\u00edrujte pro denn\u00ed hydrataci. Pou\u017e\u00edvejte jako no\u010dn\u00ed s\u00e9rum nebo podklad pod make-up.<\/p>\n<\/li>\n<li data-start=\"2876\" data-end=\"2988\">\n<p data-start=\"2878\" data-end=\"2988\"><strong data-start=\"2878\" data-end=\"2895\">Vlasy a poko\u017eka hlavy:<\/strong> Lehce oh\u0159ejte, naneste na poko\u017eku hlavy a vlasy a nechte p\u016fsobit 20\u201330 minut p\u0159ed opl\u00e1chnut\u00edm.<\/p>\n<\/li>\n<li data-start=\"2989\" data-end=\"3080\">\n<p data-start=\"2991\" data-end=\"3080\"><strong data-start=\"2991\" data-end=\"3005\">P\u00e9\u010de o t\u011blo:<\/strong> Pou\u017e\u00edvejte po koupeli k uzamknut\u00ed vlhkosti nebo sm\u00edchejte s va\u0161\u00edm obl\u00edben\u00fdm kr\u00e9mem.<\/p>\n<\/li>\n<li data-start=\"3081\" data-end=\"3167\">\n<p data-start=\"3083\" data-end=\"3167\"><strong data-start=\"3083\" data-end=\"3096\">Zosil\u0148ova\u010d:<\/strong> P\u0159idejte do obli\u010dejov\u00fdch kr\u00e9m\u016f, \u0161ampon\u016f nebo kondicion\u00e9r\u016f pro extra v\u00fd\u017eivu.<\/p>\n<\/li>\n<\/ul>\n<h3 data-start=\"3174\" data-end=\"3212\"><strong data-start=\"3178\" data-end=\"3212\">Pro\u010d si vybrat jojobov\u00fd olej &#8211; NAKAA?<\/strong><\/h3>\n<ul data-start=\"3214\" data-end=\"3448\">\n<li data-start=\"3214\" data-end=\"3248\">\n<p data-start=\"3216\" data-end=\"3248\"><strong data-start=\"3218\" data-end=\"3246\">100% \u010cist\u00fd a lisovan\u00fd za studena<\/strong><\/p>\n<\/li>\n<li data-start=\"3249\" data-end=\"3294\">\n<p data-start=\"3251\" data-end=\"3294\"><strong data-start=\"3253\" data-end=\"3292\">Bez chemik\u00e1li\u00ed a konzervant\u016f<\/strong><\/p>\n<\/li>\n<li data-start=\"3295\" data-end=\"3331\">\n<p data-start=\"3297\" data-end=\"3331\"><strong data-start=\"3299\" data-end=\"3329\">Nen\u00ed mastn\u00fd a lehk\u00fd<\/strong><\/p>\n<\/li>\n<li data-start=\"3332\" data-end=\"3389\">\n<p data-start=\"3334\" data-end=\"3389\"><strong data-start=\"3336\" data-end=\"3387\">Vyrobeno v Egypt\u011b \u2013 m\u00edstn\u00ed \u0159emeslo milovan\u00e9 celosv\u011btov\u011b<\/strong><\/p>\n<\/li>\n<li data-start=\"3390\" data-end=\"3448\">\n<p data-start=\"3392\" data-end=\"3448\"><strong data-start=\"3394\" data-end=\"3446\">Podpo\u0159eno starov\u011bk\u00fdmi tradicemi a modern\u00edm v\u00fdzkumem<\/strong><\/p>\n<\/li>\n<\/ul>\n<p data-start=\"3450\" data-end=\"3545\">Jojobov\u00fd olej &#8211; NAKAA nen\u00ed jen p\u00e9\u010de o ple\u0165 \u2013 je to p\u00e9\u010de o sebe sama, zako\u0159en\u011bn\u00e1 ve stalet\u00edch p\u0159\u00edrodn\u00edho l\u00e9\u010den\u00ed.<\/p>\n<h3 data-start=\"3864\" data-end=\"3915\"><strong data-start=\"3868\" data-end=\"3915\">Z\u00e1v\u011br: Va\u0161e ka\u017edodenn\u00ed d\u00e1vka p\u0159irozen\u00e9ho lesku<\/strong><\/h3>\n<p data-start=\"3917\" data-end=\"4229\">Od hlubok\u00e9 hydratace a redukce vr\u00e1sek po l\u00e9\u010dbu poko\u017eky hlavy a obnovu vlas\u016f je <strong data-start=\"3998\" data-end=\"4020\">Jojobov\u00fd olej &#8211; NAKAA<\/strong> ultim\u00e1tn\u00edm v\u00edce\u00fa\u010delov\u00fdm pomocn\u00edkem kr\u00e1sy. P\u0159idejte ho do sv\u00e9 denn\u00ed rutiny a objevte s\u00edlu nejmoud\u0159ej\u0161\u00edho p\u0159\u00edrodn\u00edho oleje \u2013 jemn\u00e9ho, \u00fa\u010dinn\u00e9ho a navr\u017een\u00e9ho pro viditeln\u00e9 v\u00fdsledky pro v\u0161echny typy pleti a vlas\u016f.<\/p>\n<p data-start=\"4231\" data-end=\"4314\"><strong data-start=\"4234\" data-end=\"4312\">\u00a0Objednejte nyn\u00ed z BAZAAR EXPRESS a nechte svou ple\u0165 a vlasy p\u0159irozen\u011b vzkv\u00e9tat.<\/strong><\/p>\n<p style=\"text-align: center;\">D\u011bkujeme za n\u00e1kup v <em data-start=\"415\" data-end=\"431\"><a href=\"https:\/\/bazaar.express\/\">Bazaar Express<\/a><\/em> \u2013 jsme nad\u0161en\u00ed, \u017ee jste tu!<\/p>\n<p style=\"text-align: center;\">C\u00edt\u00edte s\u00edlu p\u0159\u00edrody \u2013 \u010dist\u00e9 <a href=\"\/?p=34484\">Terapeutick\u00e9 oleje<\/a> pro ka\u017edodenn\u00ed wellness.<\/p>\n","protected":false},"excerpt":{"rendered":"<h3 data-start=\"392\" data-end=\"652\">Jojobov\u00fd olej &#8211; NAKAA je 100% \u010dist\u00fd olej lisovan\u00fd za studena, bohat\u00fd na vitam\u00edny a antioxidanty. Ide\u00e1ln\u00ed pro hydrataci such\u00e9 pleti, redukci vr\u00e1sek, l\u00e9\u010dbu akn\u00e9 a pos\u00edlen\u00ed vlas\u016f a poko\u017eky hlavy. Vhodn\u00fd pro v\u0161echny typy pleti a vyroben\u00fd v Egypt\u011b bez \u0161kodliv\u00fdch p\u0159\u00edsad.<\/h3>\n<h3><\/h3>\n","protected":false},"featured_media":36579,"comment_status":"open","ping_status":"closed","template":"","meta":[],"product_brand":[],"product_cat":[787,927,786],"product_tag":[781,790,783,793],"class_list":{"0":"post-36576","1":"product","2":"type-product","3":"status-publish","4":"has-post-thumbnail","6":"product_cat-terapeuticke-oleje","7":"product_cat-nakaa-prirodni-oleje","8":"product_cat-pece-o-krasu","9":"product_tag-olej","10":"product_tag-pece-o-krasu","11":"product_tag-pece-o-plet","12":"product_tag-prirodni-olej","13":"pa_l-xl-1000ml","14":"pa_l-xl-500ml","16":"first","17":"instock","18":"sale","19":"shipping-taxable","20":"purchasable","21":"product-type-variable"},"_links":{"self":[{"href":"https:\/\/bazaar.express\/cs\/wp-json\/wp\/v2\/product\/36576","targetHints":{"allow":["GET"]}}],"collection":[{"href":"https:\/\/bazaar.express\/cs\/wp-json\/wp\/v2\/product"}],"about":[{"href":"https:\/\/bazaar.express\/cs\/wp-json\/wp\/v2\/types\/product"}],"replies":[{"embeddable":true,"href":"https:\/\/bazaar.express\/cs\/wp-json\/wp\/v2\/comments?post=36576"}],"wp:featuredmedia":[{"embeddable":true,"href":"https:\/\/bazaar.express\/cs\/wp-json\/wp\/v2\/media\/36579"}],"wp:attachment":[{"href":"https:\/\/bazaar.express\/cs\/wp-json\/wp\/v2\/media?parent=36576"}],"wp:term":[{"taxonomy":"product_brand","embeddable":true,"href":"https:\/\/bazaar.express\/cs\/wp-json\/wp\/v2\/product_brand?post=36576"},{"taxonomy":"product_cat","embeddable":true,"href":"https:\/\/bazaar.express\/cs\/wp-json\/wp\/v2\/product_cat?post=36576"},{"taxonomy":"product_tag","embeddable":true,"href":"https:\/\/bazaar.express\/cs\/wp-json\/wp\/v2\/product_tag?post=36576"}],"curies":[{"name":"wp","href":"https:\/\/api.w.org\/{rel}","templated":true}]}}