{"id":36599,"date":"2025-01-03T16:16:09","date_gmt":"2025-01-03T16:16:09","guid":{"rendered":"https:\/\/bazaar.express\/product\/lotion-s-velbloudim-mlekem-10-panthenol\/"},"modified":"2026-03-01T20:42:36","modified_gmt":"2026-03-01T20:42:36","slug":"lotion-s-velbloudim-mlekem-10-panthenol","status":"publish","type":"product","link":"https:\/\/bazaar.express\/cs\/produkt\/lotion-s-velbloudim-mlekem-10-panthenol\/","title":{"rendered":"Lotion s velbloud\u00edm ml\u00e9kem +10% Panthenol"},"content":{"rendered":"<h2 data-start=\"372\" data-end=\"462\">Lotion Orgakera s velbloud\u00edm ml\u00e9kem a 10% Panthenolem \u2013 O\u017eivte, hydratujte a l\u00e9\u010dte p\u0159irozen\u011b<\/h2>\n<h3 data-start=\"464\" data-end=\"511\">Za\u017eijte hlubokou regeneraci poko\u017eky s ka\u017edou kapkou<\/h3>\n<p data-start=\"513\" data-end=\"915\">P\u0159edstavujeme <strong data-start=\"525\" data-end=\"574\">Lotion Orgakera s velbloud\u00edm ml\u00e9kem a 10% Panthenolem<\/strong>, luxusn\u00ed, regenera\u010dn\u00ed formuli, kter\u00e1 spojuje starod\u00e1vn\u00e9 kr\u00e1\u0161lov\u00e9 tajemstv\u00ed velbloud\u00edho ml\u00e9ka s modern\u00ed v\u011bdou vitam\u00ednu B5. Tento bohat\u00fd lotion je navr\u017een pro hlubok\u00e9 v\u00fd\u017eivov\u00e1n\u00ed poko\u017eky, opravu po\u0161kozen\u00ed a zanech\u00e1n\u00ed z\u00e1\u0159iv\u00e9ho, zdrav\u00e9ho lesku. Ide\u00e1ln\u00ed pro v\u0161echny typy pleti, zejm\u00e9na pro suchou, citlivou nebo sluncem po\u0161kozenou poko\u017eku.<\/p>\n<h3 data-start=\"917\" data-end=\"959\">Pro\u010d si vybrat lotion Orgakera s velbloud\u00edm ml\u00e9kem?<\/h3>\n<p data-start=\"961\" data-end=\"1312\">Velbloud\u00ed ml\u00e9ko je vz\u00e1cn\u00e1, ale mocn\u00e1 slo\u017eka, oce\u0148ovan\u00e1 po stalet\u00ed pro sv\u00e9 transforma\u010dn\u00ed v\u00fdhody v p\u00e9\u010di o ple\u0165. Bohat\u00e9 na <strong data-start=\"1081\" data-end=\"1111\">alfa-hydroxy kyseliny (AHA)<\/strong>, jemn\u011b odlupuje odum\u0159el\u00e9 bu\u0148ky poko\u017eky, zesv\u011btluje tmav\u00e9 skvrny a sni\u017euje jizvy po akn\u00e9 \u2013 odhaluje hlad\u0161\u00ed, rovnom\u011brn\u011bj\u0161\u00ed t\u00f3n poko\u017eky. Jeho p\u0159irozen\u00e9 vitam\u00edny a miner\u00e1ly pom\u00e1haj\u00ed zlep\u0161it texturu a jas poko\u017eky.<\/p>\n<p data-start=\"1314\" data-end=\"1545\"><strong data-start=\"1314\" data-end=\"1340\">Panthenol (vitam\u00edn B5)<\/strong>, p\u0159\u00edtomn\u00fd ve vysok\u00e9 koncentraci 10 %, pronik\u00e1 hluboko do poko\u017eky a nab\u00edz\u00ed dlouhotrvaj\u00edc\u00ed hydrataci. Pom\u00e1h\u00e1 tak\u00e9 obnovit ko\u017en\u00ed bari\u00e9ru, uklidnit podr\u00e1\u017ed\u011bn\u00ed a zlep\u0161it celkovou m\u011bkkost a pru\u017enost.<\/p>\n<h3 data-start=\"1547\" data-end=\"1593\">Kl\u00ed\u010dov\u00e9 v\u00fdhody lotionu Orgakera s velbloud\u00edm ml\u00e9kem<\/h3>\n<ul data-start=\"1595\" data-end=\"2214\">\n<li data-start=\"1595\" data-end=\"1726\">\n<p data-start=\"1597\" data-end=\"1726\"><strong data-start=\"1597\" data-end=\"1626\">Rozjas\u0148uje a odlupuje:<\/strong> AHA z velbloud\u00edho ml\u00e9ka jemn\u011b odstra\u0148uj\u00ed nudn\u00e9 bu\u0148ky poko\u017eky a odhaluj\u00ed sv\u011b\u017eej\u0161\u00ed, jasn\u011bj\u0161\u00ed poko\u017eku pod nimi.<\/p>\n<\/li>\n<li data-start=\"1727\" data-end=\"1836\">\n<p data-start=\"1729\" data-end=\"1836\"><strong data-start=\"1729\" data-end=\"1765\">Vybledne tmav\u00e9 skvrny a jizvy po akn\u00e9:<\/strong> Pravideln\u00e9 pou\u017e\u00edv\u00e1n\u00ed sni\u017euje pigmentaci a jizvy pro rovnom\u011brn\u011bj\u0161\u00ed ple\u0165.<\/p>\n<\/li>\n<li data-start=\"1837\" data-end=\"1939\">\n<p data-start=\"1839\" data-end=\"1939\"><strong data-start=\"1839\" data-end=\"1866\">Dlouhotrvaj\u00edc\u00ed hydratace:<\/strong> Panthenol uzamyk\u00e1 vlhkost a pom\u00e1h\u00e1 poko\u017ece ji udr\u017eet po cel\u00fd den.<\/p>\n<\/li>\n<li data-start=\"1940\" data-end=\"2073\">\n<p data-start=\"1942\" data-end=\"2073\"><strong data-start=\"1942\" data-end=\"1977\">Uklid\u0148uje podr\u00e1\u017ed\u011bn\u00ed a opalov\u00e1n\u00ed:<\/strong> P\u0159irozen\u00e9 protiz\u00e1n\u011btliv\u00e9 slo\u017eky jako he\u0159m\u00e1nek a aloe vera uklid\u0148uj\u00ed zarudnut\u00ed a nepohodl\u00ed.<\/p>\n<\/li>\n<li data-start=\"2074\" data-end=\"2214\">\n<p data-start=\"2076\" data-end=\"2214\"><strong data-start=\"2076\" data-end=\"2105\">Zlep\u0161uje elasticitu poko\u017eky:<\/strong> Vitam\u00edny, kolagen a esenci\u00e1ln\u00ed oleje spole\u010dn\u011b sni\u017euj\u00ed jemn\u00e9 linky a podporuj\u00ed mladistvou texturu poko\u017eky.<\/p>\n<\/li>\n<\/ul>\n<h3 data-start=\"2216\" data-end=\"2264\">P\u0159irozen\u00e9 slo\u017eky, kter\u00e9 transformuj\u00ed va\u0161i poko\u017eku<\/h3>\n<ul data-start=\"2266\" data-end=\"2998\">\n<li data-start=\"2266\" data-end=\"2378\">\n<p data-start=\"2268\" data-end=\"2378\"><strong data-start=\"2268\" data-end=\"2283\">Velbloud\u00ed ml\u00e9ko:<\/strong> P\u0159irozen\u00fd zdroj AHA, vitam\u00edn\u016f a antioxidant\u016f, kter\u00e9 podporuj\u00ed obnovu poko\u017eky a z\u00e1\u0159i.<\/p>\n<\/li>\n<li data-start=\"2379\" data-end=\"2485\">\n<p data-start=\"2381\" data-end=\"2485\"><strong data-start=\"2381\" data-end=\"2408\">Panthenol (vitam\u00edn B5):<\/strong> Hluboce hydratuje a obnovuje ko\u017en\u00ed bari\u00e9ru p\u0159i uklid\u0148ov\u00e1n\u00ed podr\u00e1\u017ed\u011bn\u00ed.<\/p>\n<\/li>\n<li data-start=\"2486\" data-end=\"2590\">\n<p data-start=\"2488\" data-end=\"2590\"><strong data-start=\"2488\" data-end=\"2506\">Olej z r\u00fd\u017eov\u00e9 slupky:<\/strong> Bohat\u00fd na antioxidanty chr\u00e1n\u00ed p\u0159ed environment\u00e1ln\u00edm po\u0161kozen\u00edm a p\u0159ed\u010dasn\u00fdm st\u00e1rnut\u00edm.<\/p>\n<\/li>\n<li data-start=\"2591\" data-end=\"2676\">\n<p data-start=\"2593\" data-end=\"2676\"><strong data-start=\"2593\" data-end=\"2615\">Extrakt z he\u0159m\u00e1nku:<\/strong> Uklid\u0148uje citlivou poko\u017eku a sni\u017euje zarudnut\u00ed a z\u00e1n\u011bt.<\/p>\n<\/li>\n<li data-start=\"2677\" data-end=\"2762\">\n<p data-start=\"2679\" data-end=\"2762\"><strong data-start=\"2679\" data-end=\"2703\">Oleje z jojoby a oliv:<\/strong> Pronikaj\u00ed hluboko pro hydrataci, zm\u011bk\u010den\u00ed a kondicionov\u00e1n\u00ed poko\u017eky.<\/p>\n<\/li>\n<li data-start=\"2763\" data-end=\"2876\">\n<p data-start=\"2765\" data-end=\"2876\"><strong data-start=\"2765\" data-end=\"2793\">\u0160e\u00e1 m\u00e1slo a arganov\u00fd olej:<\/strong> Napl\u0148uj\u00ed poko\u017eku intenzivn\u00ed vlhkost\u00ed a esenci\u00e1ln\u00edmi mastn\u00fdmi kyselinami pro l\u00e9\u010dbu such\u00fdch m\u00edst.<\/p>\n<\/li>\n<li data-start=\"2877\" data-end=\"2998\">\n<p data-start=\"2879\" data-end=\"2998\"><strong data-start=\"2879\" data-end=\"2918\">Extrakt z aloe vera a \u010dern\u00fd semenn\u00fd olej:<\/strong> Dod\u00e1vaj\u00ed uklid\u0148uj\u00edc\u00ed, l\u00e9\u010div\u00e9 \u00fa\u010dinky, zejm\u00e9na na opalovanou nebo podr\u00e1\u017ed\u011bnou poko\u017eku.<\/p>\n<\/li>\n<\/ul>\n<h3 data-start=\"3000\" data-end=\"3014\">Jak pou\u017e\u00edvat<\/h3>\n<p data-start=\"3016\" data-end=\"3194\">Aplikujte <strong data-start=\"3022\" data-end=\"3052\">Lotion Orgakera s velbloud\u00edm ml\u00e9kem<\/strong> na such\u00e9 nebo podr\u00e1\u017ed\u011bn\u00e9 oblasti 2\u20133kr\u00e1t denn\u011b. Jemn\u011b mas\u00edrujte, dokud se pln\u011b nevst\u0159eb\u00e1. Pro nejlep\u0161\u00ed v\u00fdsledky pou\u017e\u00edvejte po \u010di\u0161t\u011bn\u00ed nebo expozici slunci.<\/p>\n<h3 data-start=\"3201\" data-end=\"3223\">Informace o bezpe\u010dnosti<\/h3>\n<ul data-start=\"3225\" data-end=\"3336\">\n<li data-start=\"3225\" data-end=\"3251\">\n<p data-start=\"3227\" data-end=\"3251\">Pouze pro vn\u011bj\u0161\u00ed pou\u017eit\u00ed.<\/p>\n<\/li>\n<li data-start=\"3252\" data-end=\"3280\">\n<p data-start=\"3254\" data-end=\"3280\">Vyhn\u011bte se kontaktu s o\u010dima.<\/p>\n<\/li>\n<li data-start=\"3281\" data-end=\"3336\">\n<p data-start=\"3283\" data-end=\"3336\">Skladujte na chladn\u00e9m, such\u00e9m m\u00edst\u011b mimo dosah d\u011bt\u00ed.<\/p>\n<\/li>\n<\/ul>\n<h2 data-start=\"3850\" data-end=\"3905\">\u00a0Va\u0161e \u0159e\u0161en\u00ed pro suchou, citlivou a po\u0161kozenou poko\u017eku<\/h2>\n<p data-start=\"3907\" data-end=\"4155\">Pokud se va\u0161e poko\u017eka c\u00edt\u00ed napjat\u00e1, podr\u00e1\u017ed\u011bn\u00e1 nebo postr\u00e1d\u00e1 zdrav\u00fd lesk, je \u010das vylep\u0161it va\u0161i rutinu. <strong data-start=\"4004\" data-end=\"4053\">Lotion Orgakera s velbloud\u00edm ml\u00e9kem a 10% Panthenolem<\/strong> nen\u00ed jen hydrata\u010dn\u00ed kr\u00e9m \u2013 je to kompletn\u00ed p\u00e9\u010de o ple\u0165 poh\u00e1n\u011bn\u00e1 p\u0159\u00edrodou a podlo\u017een\u00e1 v\u00fdsledky.<\/p>\n<p data-start=\"4157\" data-end=\"4356\">Nechte l\u00e9\u010div\u00e9 vlastnosti velbloud\u00edho ml\u00e9ka a panthenolu obnovit va\u0161i poko\u017eku zevnit\u0159 i zven\u010d\u00ed. S pravideln\u00fdm pou\u017e\u00edv\u00e1n\u00edm si v\u0161imnete hlad\u0161\u00ed textury, z\u00e1\u0159iv\u011bj\u0161\u00edho t\u00f3nu a klidn\u00e9, hluboce vy\u017eiven\u00e9 poko\u017eky.<\/p>\n<p data-start=\"4358\" data-end=\"4459\">\ud83d\uded2 <strong data-start=\"4361\" data-end=\"4459\">Objednejte nyn\u00ed a objevte p\u0159irozen\u00fd lesk va\u0161\u00ed poko\u017eky \u2013 proto\u017ee zdrav\u00e1 poko\u017eka za\u010d\u00edn\u00e1 s Orgakerou.<\/strong><\/p>\n<p style=\"text-align: center;\">D\u011bkujeme za n\u00e1kup v <em data-start=\"415\" data-end=\"431\"><a href=\"https:\/\/bazaar.express\/\">Bazaar Express<\/a><\/em> \u2013 jsme nad\u0161en\u00ed, \u017ee jste u n\u00e1s!<\/p>\n<p style=\"text-align: center;\">Va\u0161e cesta k lep\u0161\u00ed p\u00e9\u010di o sebe za\u010d\u00edn\u00e1 zde \u2013 s <a href=\"https:\/\/bazaar.express\/product-category\/beauty-care\/\">Beauty &#038; Care<\/a>, kter\u00e9 si m\u016f\u017eete v\u011b\u0159it.<\/p>\n","protected":false},"excerpt":{"rendered":"<h3 data-start=\"429\" data-end=\"606\">Bohat\u00fd, vy\u017eivuj\u00edc\u00ed t\u011blov\u00fd lotion s velbloud\u00edm ml\u00e9kem a 10% Panthenolem. Poskytuje hlubokou hydrataci, vybledne tmav\u00e9 skvrny a uklid\u0148uje podr\u00e1\u017ed\u011bn\u00ed. Ide\u00e1ln\u00ed pro suchou, citlivou nebo sluncem vystavenou poko\u017eku.<\/h3>\n","protected":false},"featured_media":36601,"comment_status":"open","ping_status":"closed","template":"","meta":[],"product_brand":[],"product_cat":[786,788],"product_tag":[790,783],"class_list":{"0":"post-36599","1":"product","2":"type-product","3":"status-publish","4":"has-post-thumbnail","6":"product_cat-pece-o-krasu","7":"product_cat-to-nejlepsi-z-egypta","8":"product_tag-pece-o-krasu","9":"product_tag-pece-o-plet","10":"pa_l-xl-250ml","12":"first","13":"instock","14":"shipping-taxable","15":"purchasable","16":"product-type-simple"},"_links":{"self":[{"href":"https:\/\/bazaar.express\/cs\/wp-json\/wp\/v2\/product\/36599","targetHints":{"allow":["GET"]}}],"collection":[{"href":"https:\/\/bazaar.express\/cs\/wp-json\/wp\/v2\/product"}],"about":[{"href":"https:\/\/bazaar.express\/cs\/wp-json\/wp\/v2\/types\/product"}],"replies":[{"embeddable":true,"href":"https:\/\/bazaar.express\/cs\/wp-json\/wp\/v2\/comments?post=36599"}],"wp:featuredmedia":[{"embeddable":true,"href":"https:\/\/bazaar.express\/cs\/wp-json\/wp\/v2\/media\/36601"}],"wp:attachment":[{"href":"https:\/\/bazaar.express\/cs\/wp-json\/wp\/v2\/media?parent=36599"}],"wp:term":[{"taxonomy":"product_brand","embeddable":true,"href":"https:\/\/bazaar.express\/cs\/wp-json\/wp\/v2\/product_brand?post=36599"},{"taxonomy":"product_cat","embeddable":true,"href":"https:\/\/bazaar.express\/cs\/wp-json\/wp\/v2\/product_cat?post=36599"},{"taxonomy":"product_tag","embeddable":true,"href":"https:\/\/bazaar.express\/cs\/wp-json\/wp\/v2\/product_tag?post=36599"}],"curies":[{"name":"wp","href":"https:\/\/api.w.org\/{rel}","templated":true}]}}