{"id":36620,"date":"2025-01-01T16:25:20","date_gmt":"2025-01-01T16:25:20","guid":{"rendered":"https:\/\/bazaar.express\/product\/krem-bronzage\/"},"modified":"2025-11-08T18:32:03","modified_gmt":"2025-11-08T18:32:03","slug":"krem-bronzage","status":"publish","type":"product","link":"https:\/\/bazaar.express\/cs\/produkt\/krem-bronzage\/","title":{"rendered":"Bronzovac\u00ed kr\u00e9m"},"content":{"rendered":"<h2 data-start=\"246\" data-end=\"374\">Orgakera Cream Bronzage \u2013 Nejlep\u0161\u00ed \u0161ampon pro z\u00e1\u0159ivou ple\u0165? Ne tak docela, ale tady je d\u016fvod, pro\u010d je to nezbytn\u00e1 hv\u011bzda p\u00e9\u010de o ple\u0165!<\/h2>\n<p data-start=\"376\" data-end=\"768\">Zat\u00edmco \u201e\u0160ampon\u201c m\u016f\u017ee b\u00fdt kl\u00ed\u010dov\u00e9 slovo, na kter\u00e9 m\u00ed\u0159\u00edte, <strong data-start=\"431\" data-end=\"458\">Orgakera Cream Bronzage<\/strong> nen\u00ed oby\u010dejn\u00fd vlasov\u00fd produkt \u2013 je to luxusn\u00ed <strong data-start=\"504\" data-end=\"531\">bronzovac\u00ed p\u00e9\u010de o ple\u0165<\/strong>, kter\u00e1 dod\u00e1 va\u0161\u00ed pleti p\u0159irozen\u011b z\u00e1\u0159iv\u00fd bronzov\u00fd lesk a z\u00e1rove\u0148 ji hluboce hydratuje a vy\u017eivuje. Ide\u00e1ln\u00ed pro ty, kte\u0159\u00ed cht\u011bj\u00ed zlep\u0161it t\u00f3n pleti, m\u011bkkost a lesk \u2013 tento kr\u00e9m je va\u0161\u00edm celoro\u010dn\u00edm spole\u010dn\u00edkem pro lumin\u00f3zn\u00ed, opalovanou ple\u0165.<\/p>\n<h3 data-start=\"775\" data-end=\"813\"> Co je Orgakera Cream Bronzage?<\/h3>\n<p data-start=\"815\" data-end=\"1175\">Orgakera Cream Bronzage je <strong data-start=\"844\" data-end=\"875\">v\u00edce\u00fa\u010delov\u00fd kr\u00e9m na ple\u0165<\/strong>, kter\u00fd va\u0161\u00ed pleti dod\u00e1 tepl\u00fd, zdrav\u00fd opalovac\u00ed efekt a z\u00e1rove\u0148 ji obohat\u00ed o p\u0159\u00edrodn\u00ed oleje, vitam\u00edny a antioxidanty. A\u0165 se p\u0159ipravujete na pl\u00e1\u017eov\u00fd den nebo jen chcete zv\u00fd\u0161it z\u00e1\u0159ivost pleti, tento kr\u00e9m zajist\u00ed z\u00e1\u0159iv\u00fd bronzov\u00fd fini\u0161 \u2013 <strong data-start=\"1129\" data-end=\"1174\">bez mastn\u00e9ho zbytku, bez \u0161kodliv\u00fdch l\u00e1tek<\/strong>.<\/p>\n<h3 data-start=\"1182\" data-end=\"1228\"> Kl\u00ed\u010dov\u00e9 v\u00fdhody Orgakera Cream Bronzage<\/h3>\n<h4 data-start=\"1230\" data-end=\"1262\"> Hlubok\u00e1 hydratace, kter\u00e1 vydr\u017e\u00ed<\/h4>\n<p data-start=\"1263\" data-end=\"1370\">Obohacen\u00fd o shea m\u00e1slo, v\u010del\u00ed vosk, jojobov\u00fd olej a dal\u0161\u00ed slo\u017eky, formule uzamkne vlhkost pro m\u011bkkost na cel\u00fd den.<\/p>\n<h4 data-start=\"1372\" data-end=\"1400\"> Z\u00e1\u0159iv\u00fd bronzov\u00fd efekt<\/h4>\n<p data-start=\"1401\" data-end=\"1518\">Dod\u00e1 pleti jemn\u00fd, p\u0159irozen\u011b vypadaj\u00edc\u00ed opalovan\u00fd odst\u00edn, kter\u00fd rozjasn\u00ed v\u00e1\u0161 vzhled, ani\u017e by p\u016fsobil um\u011ble.<\/p>\n<h4 data-start=\"1520\" data-end=\"1552\"> Vy\u017eivuje ka\u017ed\u00fd typ pleti<\/h4>\n<p data-start=\"1553\" data-end=\"1674\">Citliv\u00e1, mastn\u00e1, such\u00e1 nebo sm\u00ed\u0161en\u00e1 \u2013 tento kr\u00e9m se p\u0159izp\u016fsob\u00ed pot\u0159eb\u00e1m va\u0161\u00ed pleti, ani\u017e by ucp\u00e1val p\u00f3ry nebo dr\u00e1\u017edil.<\/p>\n<h4 data-start=\"1676\" data-end=\"1707\"> Formule bohat\u00e1 na antioxidanty<\/h4>\n<p data-start=\"1708\" data-end=\"1837\">S olejem z \u010dern\u00e9ho sem\u00ednka, mrkvov\u00fdm olejem a vitam\u00ednem E tento kr\u00e9m chr\u00e1n\u00ed ple\u0165 p\u0159ed environment\u00e1ln\u00edm stresem a podporuje jej\u00ed obnovu.<\/p>\n<h4 data-start=\"1839\" data-end=\"1866\"> Uklid\u0148uje a chr\u00e1n\u00ed<\/h4>\n<p data-start=\"1867\" data-end=\"1963\">He\u0159m\u00e1nek a aloe vera uklid\u0148uj\u00ed ple\u0165, sni\u017euj\u00ed zarudnut\u00ed a z\u00e1n\u011bty pro rovnom\u011brn\u00fd t\u00f3n.<\/p>\n<h3 data-start=\"1970\" data-end=\"2011\"> Hv\u011bzdn\u00e9 slo\u017eky, kter\u00e9 d\u011blaj\u00ed z\u00e1zraky<\/h3>\n<ul data-start=\"2013\" data-end=\"2506\">\n<li data-start=\"2013\" data-end=\"2084\">\n<p data-start=\"2015\" data-end=\"2084\"><strong data-start=\"2015\" data-end=\"2040\">V\u010del\u00ed vosk &#038; Shea m\u00e1slo<\/strong> \u2013 Hlubok\u00e9 zvlh\u010dova\u010de pro hedv\u00e1bn\u011b hladkou ple\u0165<\/p>\n<\/li>\n<li data-start=\"2085\" data-end=\"2156\">\n<p data-start=\"2087\" data-end=\"2156\"><strong data-start=\"2087\" data-end=\"2121\">Extrakty he\u0159m\u00e1nku &#038; Aloe Vera<\/strong> \u2013 Uklid\u0148uj\u00ed a zklid\u0148uj\u00ed podr\u00e1\u017ed\u011bnou ple\u0165<\/p>\n<\/li>\n<li data-start=\"2157\" data-end=\"2219\">\n<p data-start=\"2159\" data-end=\"2219\"><strong data-start=\"2159\" data-end=\"2185\">Jojobov\u00fd olej &#038; Olivov\u00fd olej<\/strong> \u2013 Obnovuj\u00ed hydrataci a rovnov\u00e1hu<\/p>\n<\/li>\n<li data-start=\"2220\" data-end=\"2286\">\n<p data-start=\"2222\" data-end=\"2286\"><strong data-start=\"2222\" data-end=\"2246\">Panthenol &#038; Kolagen<\/strong> \u2013 Zlep\u0161uj\u00ed pru\u017enost a texturu pleti<\/p>\n<\/li>\n<li data-start=\"2287\" data-end=\"2362\">\n<p data-start=\"2289\" data-end=\"2362\"><strong data-start=\"2289\" data-end=\"2315\">Mrkvov\u00fd olej &#038; Vitam\u00edn E<\/strong> \u2013 Poskytuj\u00ed antioxida\u010dn\u00ed ochranu a jas<\/p>\n<\/li>\n<li data-start=\"2363\" data-end=\"2430\">\n<p data-start=\"2365\" data-end=\"2430\"><strong data-start=\"2365\" data-end=\"2397\">Olej z \u010dern\u00e9ho sem\u00ednka &#038; Kokosov\u00fd olej<\/strong> \u2013 Hoji, zm\u011bk\u010duj\u00ed a revitalizuj\u00ed<\/p>\n<\/li>\n<li data-start=\"2431\" data-end=\"2506\">\n<p data-start=\"2433\" data-end=\"2506\"><strong data-start=\"2433\" data-end=\"2463\">P\u0161eni\u010dn\u00fd kl\u00ed\u010dkov\u00fd olej &#038; Arganov\u00fd olej<\/strong> \u2013 Opravuj\u00ed a vy\u017eivuj\u00ed vitam\u00edny A &#038; E<\/p>\n<\/li>\n<\/ul>\n<h3 data-start=\"2513\" data-end=\"2554\"> Jak pou\u017e\u00edvat Orgakera Cream Bronzage<\/h3>\n<ol data-start=\"2556\" data-end=\"2778\">\n<li data-start=\"2556\" data-end=\"2606\">\n<p data-start=\"2559\" data-end=\"2606\"><strong data-start=\"2559\" data-end=\"2568\">Nan\u00e1\u0161ejte<\/strong> \u0161t\u011bdr\u00e9 mno\u017estv\u00ed na \u010distou, suchou ple\u0165.<\/p>\n<\/li>\n<li data-start=\"2607\" data-end=\"2663\">\n<p data-start=\"2610\" data-end=\"2663\"><strong data-start=\"2610\" data-end=\"2621\">Mas\u00edrujte<\/strong> kruhov\u00fdmi pohyby, dokud se pln\u011b nevst\u0159eb\u00e1.<\/p>\n<\/li>\n<li data-start=\"2664\" data-end=\"2706\">\n<p data-start=\"2667\" data-end=\"2706\"><strong data-start=\"2667\" data-end=\"2683\">Opakujte denn\u011b<\/strong> pro hlubok\u00fd, rovnom\u011brn\u00fd lesk.<\/p>\n<\/li>\n<li data-start=\"2707\" data-end=\"2778\">\n<p data-start=\"2710\" data-end=\"2778\">Pro nejlep\u0161\u00ed v\u00fdsledky se vyhn\u011bte kontaktu s vodou ihned po nanesen\u00ed.<\/p>\n<\/li>\n<\/ol>\n<h3 data-start=\"2785\" data-end=\"2799\"> Upozorn\u011bn\u00ed<\/h3>\n<ul data-start=\"2801\" data-end=\"2933\">\n<li data-start=\"2801\" data-end=\"2830\">\n<p data-start=\"2803\" data-end=\"2830\">Pouze na <strong data-start=\"2807\" data-end=\"2828\">vn\u011bj\u0161\u00ed pou\u017eit\u00ed<\/strong><\/p>\n<\/li>\n<li data-start=\"2831\" data-end=\"2862\">\n<p data-start=\"2833\" data-end=\"2862\">Vyhn\u011bte se kontaktu s <strong data-start=\"2852\" data-end=\"2860\">o\u010dima<\/strong><\/p>\n<\/li>\n<li data-start=\"2863\" data-end=\"2900\">\n<p data-start=\"2865\" data-end=\"2900\">Skladujte mimo dosah <strong data-start=\"2877\" data-end=\"2898\">d\u011bt\u00ed<\/strong><\/p>\n<\/li>\n<li data-start=\"2901\" data-end=\"2933\">\n<p data-start=\"2903\" data-end=\"2933\">Skladujte na <strong data-start=\"2914\" data-end=\"2933\">chladn\u00e9m, such\u00e9m m\u00edst\u011b<\/strong><\/p>\n<\/li>\n<\/ul>\n<h2 data-start=\"3281\" data-end=\"3326\"> Pro\u010d si Orgakera Cream Bronzage zamilujete<\/h2>\n<p data-start=\"3328\" data-end=\"3621\">Na rozd\u00edl od opalovac\u00edch kr\u00e9m\u016f, kter\u00e9 ple\u0165 vysu\u0161uj\u00ed nebo zanech\u00e1vaj\u00ed oran\u017eov\u00e9 pruhy, <strong data-start=\"3394\" data-end=\"3421\">Orgakera Cream Bronzage<\/strong> nab\u00edz\u00ed <strong data-start=\"3431\" data-end=\"3456\">p\u0159irozen\u00fd, z\u00e1\u0159iv\u00fd lesk<\/strong> s re\u00e1ln\u00fdmi v\u00fdhodami p\u00e9\u010de o ple\u0165. Hydratuje, zm\u011bk\u010duje a chr\u00e1n\u00ed, p\u0159i\u010dem\u017e va\u0161\u00ed pleti dod\u00e1 bronzov\u00fd lesk p\u0159\u00edmo z pl\u00e1\u017ee \u2013 <strong data-start=\"3587\" data-end=\"3620\">bez vystaven\u00ed slunci<\/strong>.<\/p>\n<h2 data-start=\"3628\" data-end=\"3665\"> P\u0159ipraveni na z\u00e1\u0159ivou, lumin\u00f3zn\u00ed ple\u0165?<\/h2>\n<p data-start=\"3667\" data-end=\"3824\">Kupte si je\u0161t\u011b dnes <strong data-start=\"3671\" data-end=\"3698\">Orgakera Cream Bronzage<\/strong> a u\u017eijte si to nejlep\u0161\u00ed z kr\u00e1sy a p\u00e9\u010de o ple\u0165 v jednom luxusn\u00edm kr\u00e9mu. Ka\u017ed\u00fd den prom\u011b\u0148te v den z\u00e1\u0159iv\u00e9 pleti \u2013 s Orgakera.<\/p>\n<p style=\"text-align: center;\">D\u011bkujeme za n\u00e1kup v <em data-start=\"415\" data-end=\"431\"><a href=\"https:\/\/bazaar.express\/\">Bazaar Express<\/a><\/em> \u2013 jsme nad\u0161en\u00ed, \u017ee jste u n\u00e1s!<\/p>\n<p style=\"text-align: center;\">Va\u0161e cesta k lep\u0161\u00ed p\u00e9\u010di o sebe za\u010d\u00edn\u00e1 zde \u2013 s <a href=\"https:\/\/bazaar.express\/product-category\/beauty-care\/\">Beauty &#038; Care<\/a>, kter\u00e9 si m\u016f\u017eete v\u011b\u0159it.<\/p>\n","protected":false},"excerpt":{"rendered":"<h3 data-start=\"443\" data-end=\"621\">Bronzovac\u00ed kr\u00e9m Orgakera dod\u00e1v\u00e1 z\u00e1\u0159iv\u00fd bronzov\u00fd lesk, zat\u00edmco hluboce hydratuje a vy\u017eivuje va\u0161i ple\u0165 p\u0159\u00edrodn\u00edmi oleji, vitam\u00edny a antioxidanty. Ide\u00e1ln\u00ed pro v\u0161echny typy pleti.<\/h3>\n","protected":false},"featured_media":36622,"comment_status":"open","ping_status":"closed","template":"","meta":[],"product_brand":[],"product_cat":[786],"product_tag":[813,790,783],"class_list":{"0":"post-36620","1":"product","2":"type-product","3":"status-publish","4":"has-post-thumbnail","6":"product_cat-pece-o-krasu","7":"product_tag-cream","8":"product_tag-pece-o-krasu","9":"product_tag-pece-o-plet","10":"pa_l-xl-150-g","12":"first","13":"instock","14":"shipping-taxable","15":"purchasable","16":"product-type-simple"},"_links":{"self":[{"href":"https:\/\/bazaar.express\/cs\/wp-json\/wp\/v2\/product\/36620","targetHints":{"allow":["GET"]}}],"collection":[{"href":"https:\/\/bazaar.express\/cs\/wp-json\/wp\/v2\/product"}],"about":[{"href":"https:\/\/bazaar.express\/cs\/wp-json\/wp\/v2\/types\/product"}],"replies":[{"embeddable":true,"href":"https:\/\/bazaar.express\/cs\/wp-json\/wp\/v2\/comments?post=36620"}],"wp:featuredmedia":[{"embeddable":true,"href":"https:\/\/bazaar.express\/cs\/wp-json\/wp\/v2\/media\/36622"}],"wp:attachment":[{"href":"https:\/\/bazaar.express\/cs\/wp-json\/wp\/v2\/media?parent=36620"}],"wp:term":[{"taxonomy":"product_brand","embeddable":true,"href":"https:\/\/bazaar.express\/cs\/wp-json\/wp\/v2\/product_brand?post=36620"},{"taxonomy":"product_cat","embeddable":true,"href":"https:\/\/bazaar.express\/cs\/wp-json\/wp\/v2\/product_cat?post=36620"},{"taxonomy":"product_tag","embeddable":true,"href":"https:\/\/bazaar.express\/cs\/wp-json\/wp\/v2\/product_tag?post=36620"}],"curies":[{"name":"wp","href":"https:\/\/api.w.org\/{rel}","templated":true}]}}