{"id":36629,"date":"2025-01-03T11:29:51","date_gmt":"2025-01-03T11:29:51","guid":{"rendered":"https:\/\/bazaar.express\/product\/sampon-s-cernym-seminkem\/"},"modified":"2026-03-01T22:01:28","modified_gmt":"2026-03-01T22:01:28","slug":"sampon-s-cernym-seminkem","status":"publish","type":"product","link":"https:\/\/bazaar.express\/cs\/produkt\/sampon-s-cernym-seminkem\/","title":{"rendered":"\u0160ampon s \u010dern\u00fdm sem\u00ednkem"},"content":{"rendered":"<h2 data-start=\"180\" data-end=\"257\"><strong data-start=\"186\" data-end=\"257\">Orgakera \u0160ampon s \u010dern\u00fdm sem\u00ednkem \u2013 P\u0159\u00edrodn\u00ed s\u00edla bylinn\u00e9 p\u00e9\u010de o vlasy<\/strong><\/h2>\n<h3 data-start=\"259\" data-end=\"298\">Co d\u011bl\u00e1 tento \u0161ampon v\u00fdjime\u010dn\u00fdm?<\/h3>\n<p data-start=\"300\" data-end=\"766\">Hled\u00e1te <strong data-start=\"324\" data-end=\"343\">pr\u00e9miov\u00fd \u0161ampon<\/strong>, kter\u00fd <strong data-start=\"349\" data-end=\"370\">o\u017eiv\u00ed nudn\u00e9 vlasy<\/strong>, <strong data-start=\"372\" data-end=\"393\">pos\u00edl\u00ed ko\u0159eny<\/strong> a <strong data-start=\"399\" data-end=\"426\">podporuje zdrav\u00fd r\u016fst<\/strong>? Pak je <strong data-start=\"433\" data-end=\"464\">Orgakera \u0160ampon s \u010dern\u00fdm sem\u00ednkem<\/strong> p\u0159esn\u011b to, co pot\u0159ebujete. Pln\u00fd siln\u00fdch p\u0159\u00edsad jako <strong data-start=\"529\" data-end=\"547\">olej z \u010dern\u00e9ho sem\u00ednka<\/strong>, <strong data-start=\"549\" data-end=\"562\">vitam\u00edn E<\/strong> a <strong data-start=\"568\" data-end=\"586\">kavi\u00e1rov\u00fd extrakt<\/strong>, tento \u0161ampon je ultim\u00e1tn\u00edm \u0159e\u0161en\u00edm pro such\u00e9, po\u0161kozen\u00e9 nebo \u0159\u00eddnouc\u00ed vlasy. Jeho jemn\u00e1, ale \u00fa\u010dinn\u00e1 formule hydratuje vlasy, podporuje zdrav\u00ed poko\u017eky hlavy a dod\u00e1v\u00e1 z\u00e1\u0159iv\u00fd lesk.<\/p>\n<h3 data-start=\"773\" data-end=\"810\"><strong data-start=\"780\" data-end=\"810\">Hlubok\u00e1 hydratace a hladkost<\/strong><\/h3>\n<p data-start=\"812\" data-end=\"1011\">Orgakera \u0160ampon s \u010dern\u00fdm sem\u00ednkem hydratuje ka\u017ed\u00fd vlasov\u00fd pramen a zanech\u00e1v\u00e1 ho <strong data-start=\"878\" data-end=\"916\">hedv\u00e1bn\u011b hladk\u00fd, m\u011bkk\u00fd a bez kade\u0159avosti<\/strong>. Jeho bohat\u00e1 formule uzamyk\u00e1 vlhkost, d\u00edky \u010demu\u017e jsou vlasy snadno upraviteln\u00e9 a p\u0159\u00edjemn\u00e9 na dotek cel\u00fd den.<\/p>\n<h3 data-start=\"1018\" data-end=\"1059\"><strong data-start=\"1025\" data-end=\"1059\">Siln\u011bj\u0161\u00ed vlasy od ko\u0159ene po konec<\/strong><\/h3>\n<p data-start=\"1061\" data-end=\"1282\">Obohacen\u00fd p\u0159irozen\u00fdmi proteiny a oleji tento \u0161ampon <strong data-start=\"1115\" data-end=\"1148\">posiluje vlasov\u00e9 folikuly<\/strong>, <strong data-start=\"1150\" data-end=\"1170\">sni\u017euje l\u00e1mavost<\/strong> a podporuje <strong data-start=\"1187\" data-end=\"1213\">hust\u0161\u00ed, pln\u011bj\u0161\u00ed r\u016fst<\/strong>. \u0158ekn\u011bte sbohem vypad\u00e1v\u00e1n\u00ed vlas\u016f a v\u00edtejte siln\u011bj\u0161\u00ed, odoln\u011bj\u0161\u00ed vlasy.<\/p>\n<h3 data-start=\"1289\" data-end=\"1330\"><strong data-start=\"1296\" data-end=\"1330\">Stimuluje zdrav\u00fd r\u016fst vlas\u016f<\/strong><\/h3>\n<p data-start=\"1332\" data-end=\"1518\">Zlep\u0161en\u00edm <strong data-start=\"1345\" data-end=\"1379\">krevn\u00edho ob\u011bhu v poko\u017ece hlavy<\/strong> Orgakera \u0160ampon s \u010dern\u00fdm sem\u00ednkem podporuje r\u016fst zdrav\u011bj\u0161\u00edch, lesklej\u0161\u00edch pramen\u016f. Pom\u00e1h\u00e1 bojovat proti \u0159\u00eddnut\u00ed vlas\u016f a podporuje objem v pr\u016fb\u011bhu \u010dasu.<\/p>\n<h3 data-start=\"1525\" data-end=\"1571\"><strong data-start=\"1532\" data-end=\"1571\">Uklid\u0148uje poko\u017eku hlavy a bojuje proti lupence<\/strong><\/h3>\n<p data-start=\"1573\" data-end=\"1757\">Kombinace oleje z \u010dern\u00e9ho sem\u00ednka, \u010dajovn\u00edkov\u00e9ho oleje a aloe vera pom\u00e1h\u00e1 <strong data-start=\"1633\" data-end=\"1655\">odstranit lup\u00e9nku<\/strong>, uklidnit podr\u00e1\u017ed\u011bn\u00ed poko\u017eky hlavy a <strong data-start=\"1686\" data-end=\"1705\">obnovit rovnov\u00e1hu<\/strong>. Va\u0161e poko\u017eka hlavy se c\u00edt\u00ed osv\u011b\u017een\u00e1, \u010dist\u00e1 a bez \u0161upin.<\/p>\n<h3 data-start=\"1764\" data-end=\"1801\"><strong data-start=\"1772\" data-end=\"1801\">Chr\u00e1n\u00ed a vy\u017eivuje vlasy<\/strong><\/h3>\n<p data-start=\"1803\" data-end=\"2029\">P\u0159irozen\u00e9 oleje jako <strong data-start=\"1821\" data-end=\"1849\">arganov\u00fd olej a jojobov\u00fd olej<\/strong> vytv\u00e1\u0159ej\u00ed ochrannou bari\u00e9ru, <strong data-start=\"1877\" data-end=\"1923\">chr\u00e1n\u00ed vlasy p\u0159ed teplem, po\u0161kozen\u00edm stylingem<\/strong> a <strong data-start=\"1929\" data-end=\"1953\">environment\u00e1ln\u00edm stresem<\/strong>. Vlasy jsou vy\u017eiveny zevnit\u0159 venku s vylep\u0161enou pru\u017enost\u00ed a leskem.<\/p>\n<h3 data-start=\"2036\" data-end=\"2076\"><strong data-start=\"2042\" data-end=\"2076\">Viditeln\u00fd lesk a zdrav\u011bj\u0161\u00ed vlasy<\/strong><\/h3>\n<p data-start=\"2078\" data-end=\"2255\">P\u0159i pravideln\u00e9m pou\u017e\u00edv\u00e1n\u00ed se vlasy jev\u00ed <strong data-start=\"2120\" data-end=\"2145\">lesklej\u0161\u00ed, \u017eiv\u011bj\u0161\u00ed<\/strong> a pln\u00e9 \u017eivota. Kavi\u00e1rov\u00fd extrakt a kolagen pom\u00e1haj\u00ed <strong data-start=\"2198\" data-end=\"2218\">obnovit s\u00edlu<\/strong> a zlep\u0161it p\u0159irozen\u00fd lesk vlas\u016f.<\/p>\n<h3 data-start=\"2262\" data-end=\"2293\"> Kl\u00ed\u010dov\u00e9 p\u0159\u00edrodn\u00ed slo\u017eky:<\/h3>\n<ul data-start=\"2295\" data-end=\"2854\">\n<li data-start=\"2295\" data-end=\"2381\">\n<p data-start=\"2297\" data-end=\"2381\"><strong data-start=\"2297\" data-end=\"2315\">Olej z \u010dern\u00e9ho sem\u00ednka<\/strong> \u2013 Posiluje ko\u0159eny, sni\u017euje z\u00e1n\u011bty a podporuje r\u016fst.<\/p>\n<\/li>\n<li data-start=\"2382\" data-end=\"2486\">\n<p data-start=\"2384\" data-end=\"2486\"><strong data-start=\"2384\" data-end=\"2426\">Panthenol (Pro-vitam\u00edn B5) a vitam\u00edn E<\/strong> \u2013 Dod\u00e1vaj\u00ed vlhkost, m\u011bkkost a chr\u00e1n\u00ed p\u0159ed po\u0161kozen\u00edm.<\/p>\n<\/li>\n<li data-start=\"2487\" data-end=\"2587\">\n<p data-start=\"2489\" data-end=\"2587\"><strong data-start=\"2489\" data-end=\"2515\">Arganov\u00fd olej a jojobov\u00fd olej<\/strong> \u2013 Bohat\u00e9 na esenci\u00e1ln\u00ed mastn\u00e9 kyseliny pro hydrataci a ochranu p\u0159ed l\u00e1mavost\u00ed.<\/p>\n<\/li>\n<li data-start=\"2588\" data-end=\"2676\">\n<p data-start=\"2590\" data-end=\"2676\"><strong data-start=\"2590\" data-end=\"2623\">Aloe vera a extrakt z he\u0159m\u00e1nku<\/strong> \u2013 Uklid\u0148uj\u00ed poko\u017eku hlavy a sni\u017euj\u00ed sv\u011bd\u011bn\u00ed a suchost.<\/p>\n<\/li>\n<li data-start=\"2677\" data-end=\"2770\">\n<p data-start=\"2679\" data-end=\"2770\"><strong data-start=\"2679\" data-end=\"2695\">\u010cajovn\u00edkov\u00fd olej<\/strong> \u2013 Antimikrobi\u00e1ln\u00ed \u00fa\u010dinky pom\u00e1haj\u00ed sni\u017eovat lup\u00e9nku a odstra\u0148ovat ucpan\u00e9 vlasov\u00e9 folikuly.<\/p>\n<\/li>\n<li data-start=\"2771\" data-end=\"2854\">\n<p data-start=\"2773\" data-end=\"2854\"><strong data-start=\"2773\" data-end=\"2809\">Kavi\u00e1rov\u00fd extrakt a mo\u0159sk\u00fd kolagen<\/strong> \u2013 Dod\u00e1vaj\u00ed pru\u017enost, v\u00fd\u017eivu a s\u00edlu.<\/p>\n<\/li>\n<\/ul>\n<h3 data-start=\"2861\" data-end=\"2879\"> Jak pou\u017e\u00edvat:<\/h3>\n<ol data-start=\"2881\" data-end=\"3113\">\n<li data-start=\"2881\" data-end=\"2932\">\n<p data-start=\"2884\" data-end=\"2932\">Naneste \u0161t\u011bdr\u00e9 mno\u017estv\u00ed na mokrou poko\u017eku hlavy a vlasy.<\/p>\n<\/li>\n<li data-start=\"2933\" data-end=\"2977\">\n<p data-start=\"2936\" data-end=\"2977\">Jemn\u011b mas\u00edrujte, aby vznikla bohat\u00e1 p\u011bna.<\/p>\n<\/li>\n<li data-start=\"2978\" data-end=\"3038\">\n<p data-start=\"2981\" data-end=\"3038\">Nechte p\u016fsobit 5\u201310 minut, aby se \u017eiviny vst\u0159ebaly.<\/p>\n<\/li>\n<li data-start=\"3039\" data-end=\"3113\">\n<p data-start=\"3042\" data-end=\"3113\">D\u016fkladn\u011b opl\u00e1chn\u011bte vla\u017enou vodou.<br data-start=\"3079\" data-end=\"3082\" \/>Pou\u017e\u00edvejte pravideln\u011b pro nejlep\u0161\u00ed v\u00fdsledky.<\/p>\n<\/li>\n<\/ol>\n<h3 data-start=\"3120\" data-end=\"3135\"> Upozorn\u011bn\u00ed:<\/h3>\n<ul data-start=\"3136\" data-end=\"3300\">\n<li data-start=\"3136\" data-end=\"3162\">\n<p data-start=\"3138\" data-end=\"3162\">Pouze k vn\u011bj\u0161\u00edmu pou\u017eit\u00ed.<\/p>\n<\/li>\n<li data-start=\"3163\" data-end=\"3235\">\n<p data-start=\"3165\" data-end=\"3235\">Vyhn\u011bte se kontaktu s o\u010dima. Pokud k tomu dojde, okam\u017eit\u011b opl\u00e1chn\u011bte vodou.<\/p>\n<\/li>\n<li data-start=\"3236\" data-end=\"3270\">\n<p data-start=\"3238\" data-end=\"3270\">Skladujte mimo dosah d\u011bt\u00ed.<\/p>\n<\/li>\n<li data-start=\"3271\" data-end=\"3300\">\n<p data-start=\"3273\" data-end=\"3300\">Skladujte na chladn\u00e9m a such\u00e9m m\u00edst\u011b.<\/p>\n<\/li>\n<\/ul>\n<h3 data-start=\"3628\" data-end=\"3673\"> Pro\u010d si vybrat Orgakera \u0160ampon s \u010dern\u00fdm sem\u00ednkem?<\/h3>\n<ul data-start=\"3675\" data-end=\"3930\">\n<li data-start=\"3675\" data-end=\"3751\">\n<p data-start=\"3677\" data-end=\"3751\"><strong data-start=\"3677\" data-end=\"3696\">Komplexn\u00ed p\u00e9\u010de<\/strong>: Bojuje proti vypad\u00e1v\u00e1n\u00ed vlas\u016f, suchosti, lupence a nudnosti.<\/p>\n<\/li>\n<li data-start=\"3752\" data-end=\"3841\">\n<p data-start=\"3754\" data-end=\"3841\"><strong data-start=\"3754\" data-end=\"3787\">Jemn\u00e1 formule bez chemik\u00e1li\u00ed<\/strong>: Bez paraben\u016f nebo sulf\u00e1t\u016f \u2013 bezpe\u010dn\u00e1 pro v\u0161echny typy vlas\u016f.<\/p>\n<\/li>\n<li data-start=\"3842\" data-end=\"3930\">\n<p data-start=\"3844\" data-end=\"3930\"><strong data-start=\"3844\" data-end=\"3868\">Rychl\u00e9 viditeln\u00e9 v\u00fdsledky<\/strong>: Siln\u011bj\u0161\u00ed, lesklej\u0161\u00ed a zdrav\u011bj\u0161\u00ed vlasy ji\u017e po n\u011bkolika pou\u017eit\u00edch.<\/p>\n<\/li>\n<\/ul>\n<h2 data-start=\"3937\" data-end=\"3971\"> Odm\u011b\u0148te sv\u00e9 vlasy t\u00edm nejlep\u0161\u00edm!<\/h2>\n<p data-start=\"3973\" data-end=\"4151\"><strong data-start=\"3973\" data-end=\"4012\">Kupte si nyn\u00ed Orgakera \u0160ampon s \u010dern\u00fdm sem\u00ednkem<\/strong> a dop\u0159ejte sv\u00fdm vlas\u016fm p\u0159irozenou v\u00fd\u017eivu, kterou si zaslou\u017e\u00ed. Odhalte <strong data-start=\"4076\" data-end=\"4111\">siln\u00e9, leskl\u00e9 a zdrav\u00e9 vlasy<\/strong> \u2013 ka\u017ed\u00fd den za\u010d\u00edn\u00e1 kr\u00e1sn\u00fdmi vlasy!<\/p>\n<p style=\"text-align: center;\">D\u011bkujeme za n\u00e1kup v <em data-start=\"415\" data-end=\"431\"><a href=\"https:\/\/bazaar.express\/\">Bazaar Express<\/a><\/em> \u2013 jsme nad\u0161en\u00ed, \u017ee jste u n\u00e1s!<\/p>\n<p style=\"text-align: center;\">Va\u0161e cesta k lep\u0161\u00ed p\u00e9\u010di o sebe za\u010d\u00edn\u00e1 zde \u2013 s <a href=\"https:\/\/bazaar.express\/product-category\/beauty-care\/\">Beauty &#038; Care<\/a>, kter\u00e9 si m\u016f\u017eete v\u011b\u0159it.<\/p>\n","protected":false},"excerpt":{"rendered":"<h3 data-start=\"415\" data-end=\"669\">Orgakera \u0160ampon s \u010dern\u00fdm sem\u00ednkem kombinuje olej z \u010dern\u00e9ho sem\u00ednka, vitam\u00edn E a p\u0159irozen\u00e9 extrakty pro v\u00fd\u017eivu poko\u017eky hlavy, pos\u00edlen\u00ed vlasov\u00fdch ko\u0159en\u016f a boj proti lupence. Tato hydrata\u010dn\u00ed formule podporuje zdrav\u00fd r\u016fst vlas\u016f a dod\u00e1v\u00e1 lesk, co\u017e ji \u010din\u00ed ide\u00e1ln\u00ed pro v\u0161echny typy vlas\u016f.<\/h3>\n","protected":false},"featured_media":36631,"comment_status":"open","ping_status":"closed","template":"","meta":[],"product_brand":[],"product_cat":[786,788],"product_tag":[790,783],"class_list":{"0":"post-36629","1":"product","2":"type-product","3":"status-publish","4":"has-post-thumbnail","6":"product_cat-pece-o-krasu","7":"product_cat-to-nejlepsi-z-egypta","8":"product_tag-pece-o-krasu","9":"product_tag-pece-o-plet","10":"pa_l-xl-350ml","12":"first","13":"instock","14":"shipping-taxable","15":"purchasable","16":"product-type-simple"},"_links":{"self":[{"href":"https:\/\/bazaar.express\/cs\/wp-json\/wp\/v2\/product\/36629","targetHints":{"allow":["GET"]}}],"collection":[{"href":"https:\/\/bazaar.express\/cs\/wp-json\/wp\/v2\/product"}],"about":[{"href":"https:\/\/bazaar.express\/cs\/wp-json\/wp\/v2\/types\/product"}],"replies":[{"embeddable":true,"href":"https:\/\/bazaar.express\/cs\/wp-json\/wp\/v2\/comments?post=36629"}],"wp:featuredmedia":[{"embeddable":true,"href":"https:\/\/bazaar.express\/cs\/wp-json\/wp\/v2\/media\/36631"}],"wp:attachment":[{"href":"https:\/\/bazaar.express\/cs\/wp-json\/wp\/v2\/media?parent=36629"}],"wp:term":[{"taxonomy":"product_brand","embeddable":true,"href":"https:\/\/bazaar.express\/cs\/wp-json\/wp\/v2\/product_brand?post=36629"},{"taxonomy":"product_cat","embeddable":true,"href":"https:\/\/bazaar.express\/cs\/wp-json\/wp\/v2\/product_cat?post=36629"},{"taxonomy":"product_tag","embeddable":true,"href":"https:\/\/bazaar.express\/cs\/wp-json\/wp\/v2\/product_tag?post=36629"}],"curies":[{"name":"wp","href":"https:\/\/api.w.org\/{rel}","templated":true}]}}