{"id":36680,"date":"2025-01-01T02:02:07","date_gmt":"2025-01-01T02:02:07","guid":{"rendered":"https:\/\/bazaar.express\/product\/krem-s-aloe-vera\/"},"modified":"2026-03-01T20:41:57","modified_gmt":"2026-03-01T20:41:57","slug":"krem-s-aloe-vera","status":"publish","type":"product","link":"https:\/\/bazaar.express\/cs\/produkt\/krem-s-aloe-vera\/","title":{"rendered":"Kr\u00e9m s aloe vera"},"content":{"rendered":"<h2 data-start=\"298\" data-end=\"398\">Kr\u00e9m Orgakera s aloe vera \u2013 Nejlep\u0161\u00ed hydrata\u010dn\u00ed prost\u0159edek pro uklidn\u011bn\u00ed such\u00e9, citliv\u00e9 a podr\u00e1\u017ed\u011bn\u00e9 poko\u017eky<\/h2>\n<p data-start=\"400\" data-end=\"874\">Pokud hled\u00e1te p\u0159\u00edrodn\u00ed a \u00fa\u010dinn\u00fd zp\u016fsob, jak hydratovat a regenerovat poko\u017eku, <strong data-start=\"483\" data-end=\"511\">kr\u00e9m Orgakera s aloe vera<\/strong> je va\u0161e ide\u00e1ln\u00ed volba. Vyroben\u00fd z <strong data-start=\"546\" data-end=\"584\">v\u00edce ne\u017e 70 % organick\u00e9ho extraktu aloe vera<\/strong>, tento uklid\u0148uj\u00edc\u00ed kr\u00e9m c\u00edl\u00ed na suchost, podr\u00e1\u017ed\u011bn\u00ed, sp\u00e1len\u00ed sluncem a dokonce i drobn\u00e9 r\u00e1ny s jemn\u00fdmi, ale siln\u00fdmi hojiv\u00fdmi vlastnostmi. A\u0165 se jedn\u00e1 o ka\u017edodenn\u00ed suchost nebo zotaven\u00ed z po\u0161kozen\u00ed poko\u017eky, kr\u00e9m Orgakera s aloe vera pom\u00e1h\u00e1 obnovit m\u011bkkost, vlhkost a p\u0159irozen\u00fd lesk va\u0161\u00ed poko\u017eky.<\/p>\n<h3 data-start=\"881\" data-end=\"933\">\u00a0Hlubok\u00e1 hydratace pro suchou, citlivou poko\u017eku<\/h3>\n<p data-start=\"934\" data-end=\"1142\">Kr\u00e9m Orgakera s aloe vera d\u011bl\u00e1 z\u00e1zraky na such\u00e9 a loupaj\u00edc\u00ed se poko\u017ece d\u00edky intenzivn\u00ed hydrataci. Bohat\u00fd obsah aloe vera hluboce vy\u017eivuje poko\u017eku, d\u00edky \u010demu\u017e se po ka\u017ed\u00e9m pou\u017eit\u00ed c\u00edt\u00ed m\u011bkk\u00e1, hladk\u00e1 a osv\u011b\u017een\u00e1.<\/p>\n<h3 data-start=\"1149\" data-end=\"1190\">\u00a0Uklid\u0148uje sp\u00e1len\u00ed sluncem a tepeln\u00e9 po\u0161kozen\u00ed<\/h3>\n<p data-start=\"1191\" data-end=\"1346\">Po p\u0159\u00edli\u0161 dlouh\u00e9m \u010dasu na slunci va\u0161e poko\u017eka pot\u0159ebuje \u00falevu. Orgakera pom\u00e1h\u00e1 ochladit a uklidnit sp\u00e1lenou poko\u017eku, okam\u017eit\u011b sni\u017euje zarudnut\u00ed, napnut\u00ed a nepohodl\u00ed.<\/p>\n<h3 data-start=\"1353\" data-end=\"1406\">\u00a0\u00daleva od podr\u00e1\u017ed\u011bn\u00ed poko\u017eky a kousnut\u00ed hmyzem<\/h3>\n<p data-start=\"1407\" data-end=\"1604\">A\u0165 u\u017e v\u00e1s pokousal hmyz nebo m\u00e1te sv\u011bdivou, z\u00e1n\u011btlivou poko\u017eku, tento kr\u00e9m p\u0159in\u00e1\u0161\u00ed okam\u017eit\u00e9 pohodl\u00ed. Jeho protiz\u00e1n\u011btliv\u00e9 vlastnosti pom\u00e1haj\u00ed uklidnit podr\u00e1\u017ed\u011bn\u00ed, sn\u00ed\u017eit sv\u011bd\u011bn\u00ed a urychlit zotaven\u00ed.<\/p>\n<h3 data-start=\"1611\" data-end=\"1666\">\u00a0P\u0159\u00edrodn\u00ed hojen\u00ed ran a ko\u017en\u00edch onemocn\u011bn\u00ed<\/h3>\n<p data-start=\"1667\" data-end=\"1891\">Antibakteri\u00e1ln\u00ed a antifung\u00e1ln\u00ed vlastnosti aloe vera podporuj\u00ed p\u0159irozen\u00fd hojiv\u00fd proces poko\u017eky. Kr\u00e9m Orgakera s aloe vera pom\u00e1h\u00e1 p\u0159i zotavov\u00e1n\u00ed z mal\u00fdch \u0159ez\u016f, od\u0159enin, v\u0159ed\u016f a b\u011b\u017en\u00fdch ko\u017en\u00edch onemocn\u011bn\u00ed, jako je ekz\u00e9m nebo vyr\u00e1\u017eky.<\/p>\n<h3 data-start=\"1898\" data-end=\"1951\">\u00a0Bezpe\u010dn\u00fd, organick\u00fd a jemn\u00fd pro v\u0161echny typy poko\u017eky<\/h3>\n<p data-start=\"1952\" data-end=\"2167\">Tento kr\u00e9m neobsahuje drsn\u00e9 chemik\u00e1lie, parabeny ani um\u011bl\u00e9 vonn\u00e9 l\u00e1tky. Jeho <strong data-start=\"2034\" data-end=\"2052\">jemn\u00e1 formule<\/strong> ho \u010din\u00ed ide\u00e1ln\u00edm pro denn\u00ed pou\u017eit\u00ed na <strong data-start=\"2085\" data-end=\"2120\">citlivou, suchou nebo po\u0161kozenou poko\u017eku<\/strong>, v\u010detn\u011b d\u011btsk\u00e9 poko\u017eky a jemn\u00fdch oblast\u00ed.<\/p>\n<h3 data-start=\"2174\" data-end=\"2206\">\u00a0Kl\u00ed\u010dov\u00e9 p\u0159\u00edrodn\u00ed slo\u017eky<\/h3>\n<ul data-start=\"2207\" data-end=\"2484\">\n<li data-start=\"2207\" data-end=\"2341\">\n<p data-start=\"2209\" data-end=\"2341\"><strong data-start=\"2209\" data-end=\"2245\">Extrakt z aloe vera (70 % organick\u00fd):<\/strong> Siln\u00fd hojitel, kter\u00fd uklid\u0148uje podr\u00e1\u017ed\u011bn\u00ed, obnovuje vlhkost a podporuje regeneraci poko\u017eky.<\/p>\n<\/li>\n<li data-start=\"2342\" data-end=\"2484\">\n<p data-start=\"2344\" data-end=\"2484\"><strong data-start=\"2344\" data-end=\"2373\">Dal\u0161\u00ed organick\u00e9 byliny:<\/strong> Pe\u010dliv\u011b vybran\u00e9 p\u0159\u00edrodn\u00ed oleje a bylinn\u00e9 extrakty pro pos\u00edlen\u00e9 hojen\u00ed a v\u00fd\u017eivu bez vedlej\u0161\u00edch \u00fa\u010dink\u016f.<\/p>\n<\/li>\n<\/ul>\n<h3 data-start=\"2491\" data-end=\"2535\">\u00a0Jak pou\u017e\u00edvat kr\u00e9m Orgakera s aloe vera<\/h3>\n<ol data-start=\"2537\" data-end=\"2892\">\n<li data-start=\"2537\" data-end=\"2622\">\n<p data-start=\"2540\" data-end=\"2622\"><strong data-start=\"2540\" data-end=\"2559\">Vy\u010dist\u011bte poko\u017eku:<\/strong> Jemn\u011b umyjte posti\u017eenou oblast teplou vodou a jemn\u00fdm m\u00fddlem.<\/p>\n<\/li>\n<li data-start=\"2623\" data-end=\"2717\">\n<p data-start=\"2626\" data-end=\"2717\"><strong data-start=\"2626\" data-end=\"2649\">Naneste tenkou vrstvu:<\/strong> Pou\u017eijte mal\u00e9 mno\u017estv\u00ed kr\u00e9mu a rovnom\u011brn\u011b ho rozet\u0159ete na poko\u017eku.<\/p>\n<\/li>\n<li data-start=\"2718\" data-end=\"2794\">\n<p data-start=\"2721\" data-end=\"2794\"><strong data-start=\"2721\" data-end=\"2740\">Jemn\u011b mas\u00edrujte:<\/strong> Vmas\u00edrujte lehk\u00fdmi kruhov\u00fdmi pohyby, dokud se nevst\u0159eb\u00e1.<\/p>\n<\/li>\n<li data-start=\"2795\" data-end=\"2892\">\n<p data-start=\"2798\" data-end=\"2892\"><strong data-start=\"2798\" data-end=\"2816\">Pou\u017e\u00edvejte pravideln\u011b:<\/strong> Nan\u00e1\u0161ejte 2\u20133kr\u00e1t denn\u011b nebo kdykoli se va\u0161e poko\u017eka c\u00edt\u00ed such\u00e1, sv\u011bdiv\u00e1 nebo podr\u00e1\u017ed\u011bn\u00e1.<\/p>\n<\/li>\n<\/ol>\n<h3 data-start=\"3259\" data-end=\"3304\">\u00a0Pro\u010d si vybrat kr\u00e9m Orgakera s aloe vera?<\/h3>\n<p data-start=\"3306\" data-end=\"3700\">Kr\u00e9m Orgakera s aloe vera je jednoduch\u00e9, ale siln\u00e9 \u0159e\u0161en\u00ed pro p\u00e9\u010di o poko\u017eku. Nab\u00edz\u00ed hlubokou hydrataci, rychlou \u00falevu a p\u0159irozen\u00e9 hojen\u00ed p\u0159i ka\u017ed\u00e9m pou\u017eit\u00ed. Na rozd\u00edl od mnoha hydrata\u010dn\u00edch kr\u00e9m\u016f pln\u00fdch chemik\u00e1li\u00ed v\u00e1m Orgakera p\u0159in\u00e1\u0161\u00ed <strong data-start=\"3512\" data-end=\"3535\">\u010distou bylinnou p\u00e9\u010di<\/strong>, kter\u00e1 je \u00fa\u010dinn\u00e1 pro v\u0161echny v\u011bkov\u00e9 skupiny a typy poko\u017eky. Je to <strong data-start=\"3591\" data-end=\"3622\">dokonal\u00e9 univerz\u00e1ln\u00ed \u0159e\u0161en\u00ed<\/strong> pro va\u0161e pot\u00ed\u017ee s poko\u017ekou \u2013 sp\u00e1len\u00ed sluncem, citlivost, suchost nebo ka\u017edodenn\u00ed ochrana.<\/p>\n<h3 data-start=\"3707\" data-end=\"3752\">\ud83d\uded2 Objednejte si dnes kr\u00e9m Orgakera s aloe vera<\/h3>\n<p data-start=\"3754\" data-end=\"4034\">Jste p\u0159ipraveni poskytnout sv\u00e9 poko\u017ece p\u00e9\u010di, kterou si zaslou\u017e\u00ed? Kr\u00e9m Orgakera s aloe vera nab\u00edz\u00ed p\u0159\u00edrodn\u00ed hydrataci, uklid\u0148uj\u00edc\u00ed \u00falevu a dlouhodobou podporu poko\u017eky. <strong data-start=\"3897\" data-end=\"3983\">\u0158ekn\u011bte sbohem suchosti a podr\u00e1\u017ed\u011bn\u00ed \u2013 a v\u00edtejte sv\u011b\u017e\u00ed, z\u00e1\u0159ivou, zdravou poko\u017eku.<\/strong><br data-start=\"3983\" data-end=\"3986\" \/>Objednejte nyn\u00ed a poc\u00edt\u00edte rozd\u00edl s Orgakerou!<\/p>\n<p style=\"text-align: center;\">D\u011bkujeme za n\u00e1kup v <em data-start=\"415\" data-end=\"431\"><a href=\"https:\/\/bazaar.express\/\">Bazaar Express<\/a><\/em> \u2013 jsme nad\u0161en\u00ed, \u017ee jste u n\u00e1s!<\/p>\n<p style=\"text-align: center;\">Va\u0161e cesta k lep\u0161\u00ed p\u00e9\u010di o sebe za\u010d\u00edn\u00e1 zde \u2013 s <a href=\"https:\/\/bazaar.express\/product-category\/beauty-care\/\">Beauty &#038; Care<\/a>, kter\u00e9 si m\u016f\u017eete v\u011b\u0159it.<\/p>\n","protected":false},"excerpt":{"rendered":"<h3>Kr\u00e9m Orgakera s aloe vera je p\u0159\u00edrodn\u00ed, uklid\u0148uj\u00edc\u00ed hydrata\u010dn\u00ed prost\u0159edek s v\u00edce ne\u017e 70 % organick\u00e9ho extraktu aloe vera. Hydratuje suchou poko\u017eku, uklid\u0148uje podr\u00e1\u017ed\u011bn\u00ed a pom\u00e1h\u00e1 hojit sp\u00e1len\u00ed sluncem, kousnut\u00ed a drobn\u00e9 r\u00e1ny. Jemn\u00fd a \u00fa\u010dinn\u00fd pro v\u0161echny typy poko\u017eky.<\/h3>\n","protected":false},"featured_media":36682,"comment_status":"open","ping_status":"closed","template":"","meta":[],"product_brand":[],"product_cat":[786],"product_tag":[813,790,783],"class_list":{"0":"post-36680","1":"product","2":"type-product","3":"status-publish","4":"has-post-thumbnail","6":"product_cat-pece-o-krasu","7":"product_tag-cream","8":"product_tag-pece-o-krasu","9":"product_tag-pece-o-plet","10":"pa_l-xl-150ml","11":"pa_l-xl-300ml","13":"first","14":"instock","15":"shipping-taxable","16":"purchasable","17":"product-type-variable"},"_links":{"self":[{"href":"https:\/\/bazaar.express\/cs\/wp-json\/wp\/v2\/product\/36680","targetHints":{"allow":["GET"]}}],"collection":[{"href":"https:\/\/bazaar.express\/cs\/wp-json\/wp\/v2\/product"}],"about":[{"href":"https:\/\/bazaar.express\/cs\/wp-json\/wp\/v2\/types\/product"}],"replies":[{"embeddable":true,"href":"https:\/\/bazaar.express\/cs\/wp-json\/wp\/v2\/comments?post=36680"}],"wp:featuredmedia":[{"embeddable":true,"href":"https:\/\/bazaar.express\/cs\/wp-json\/wp\/v2\/media\/36682"}],"wp:attachment":[{"href":"https:\/\/bazaar.express\/cs\/wp-json\/wp\/v2\/media?parent=36680"}],"wp:term":[{"taxonomy":"product_brand","embeddable":true,"href":"https:\/\/bazaar.express\/cs\/wp-json\/wp\/v2\/product_brand?post=36680"},{"taxonomy":"product_cat","embeddable":true,"href":"https:\/\/bazaar.express\/cs\/wp-json\/wp\/v2\/product_cat?post=36680"},{"taxonomy":"product_tag","embeddable":true,"href":"https:\/\/bazaar.express\/cs\/wp-json\/wp\/v2\/product_tag?post=36680"}],"curies":[{"name":"wp","href":"https:\/\/api.w.org\/{rel}","templated":true}]}}