{"id":36685,"date":"2025-01-01T01:21:00","date_gmt":"2025-01-01T01:21:00","guid":{"rendered":"https:\/\/bazaar.express\/product\/sampon-kondicioner-a-protein-na-lecbu-vlasu\/"},"modified":"2025-11-08T18:32:01","modified_gmt":"2025-11-08T18:32:01","slug":"sampon-kondicioner-a-protein-na-lecbu-vlasu","status":"publish","type":"product","link":"https:\/\/bazaar.express\/cs\/produkt\/sampon-kondicioner-a-protein-na-lecbu-vlasu\/","title":{"rendered":"\u0160ampon, kondicion\u00e9r a protein na l\u00e9\u010dbu vlas\u016f"},"content":{"rendered":"<h2 data-start=\"241\" data-end=\"364\">Orgakera \u0160ampon, Kondicion\u00e9r a Protein na L\u00e9\u010dbu Vlas\u016f s Oleji z P\u0159esli\u010dky a \u010cern\u00e9ho Sem\u00ednka \u2013 Pr\u00e9miov\u00e1 3v1 Sada na P\u00e9\u010di o Vlasy<\/h2>\n<h3 data-start=\"366\" data-end=\"434\">\u00a0Transformujte sv\u00e9 vlasy s v\u00fdkonnou trojkou \u0161ampon\u016f od Orgakera<\/h3>\n<p data-start=\"436\" data-end=\"920\">Dop\u0159ejte sv\u00fdm vlas\u016fm maxim\u00e1ln\u00ed p\u00e9\u010di, kterou si zaslou\u017e\u00ed, s <strong data-start=\"490\" data-end=\"555\">sadou Orgakera na l\u00e9\u010dbu vlas\u016f se \u0161amponem, kondicion\u00e9rem a proteinem<\/strong> \u2013 kompletn\u00edm t\u0159\u00edstup\u0148ov\u00fdm syst\u00e9mem navr\u017een\u00fdm k <strong data-start=\"595\" data-end=\"606\">vy\u017eiven\u00ed<\/strong>, <strong data-start=\"608\" data-end=\"618\">oprav\u011b<\/strong> a <strong data-start=\"624\" data-end=\"638\">o\u017eiven\u00ed<\/strong> vlas\u016f od ko\u0159\u00ednk\u016f a\u017e po kone\u010dky. Tato pokro\u010dil\u00e1 formule vyu\u017e\u00edv\u00e1 s\u00edlu <strong data-start=\"707\" data-end=\"718\">\u0161amponu<\/strong> v kombinaci s p\u0159\u00edrodn\u00edmi oleji jako <strong data-start=\"751\" data-end=\"768\">Olej z p\u0159esli\u010dky<\/strong> a <strong data-start=\"773\" data-end=\"791\">Olej z \u010dern\u00e9ho sem\u00ednka<\/strong>, plus <strong data-start=\"798\" data-end=\"816\">Extrakt z kavi\u00e1ru<\/strong>, <strong data-start=\"818\" data-end=\"830\">Kolagen<\/strong> a dal\u0161\u00ed. Je to ide\u00e1ln\u00ed \u0159e\u0161en\u00ed pro matn\u00e9, such\u00e9, \u0159\u00eddk\u00e9 nebo chemicky o\u0161et\u0159en\u00e9 vlasy.<\/p>\n<h3 data-start=\"927\" data-end=\"972\">\u00a0Hlubok\u00e9 Vy\u017eiven\u00ed a Intenzivn\u00ed Hydratace<\/h3>\n<p data-start=\"973\" data-end=\"1202\">Kombinovan\u00fd efekt \u0161amponu a kondicion\u00e9ru od Orgakera hluboce vy\u017eivuje vlasov\u00fd stvol, dopl\u0148uje ztracen\u00fd <strong data-start=\"1081\" data-end=\"1092\">keratin<\/strong> a obnovuje \u00farove\u0148 vlhkosti. \u0158ekn\u011bte sbohem suchosti a v\u00edtejte m\u011bkk\u00e9, snadno ovladateln\u00e9 vlasy s p\u0159irozen\u00fdm leskem.<\/p>\n<h3 data-start=\"1204\" data-end=\"1246\">\u00a0Zastavuje Vypad\u00e1v\u00e1n\u00ed Vlas\u016f a Podporuje R\u016fst<\/h3>\n<p data-start=\"1247\" data-end=\"1460\">Nabito <strong data-start=\"1259\" data-end=\"1276\">Olejem z p\u0159esli\u010dky<\/strong> a <strong data-start=\"1281\" data-end=\"1299\">Olejem z \u010dern\u00e9ho sem\u00ednka<\/strong>, tato l\u00e9\u010dba stimuluje poko\u017eku hlavy a podporuje siln\u011bj\u0161\u00ed, hust\u0161\u00ed r\u016fst vlas\u016f. Posiluje vlasov\u00e9 folikuly, sni\u017euje vypad\u00e1v\u00e1n\u00ed vlas\u016f a podporuje zdrav\u00fd dor\u016fst.<\/p>\n<h3 data-start=\"1462\" data-end=\"1508\">\u00a0Dlouhotrvaj\u00edc\u00ed Rovn\u00fd a Hladk\u00fd Vzhled<\/h3>\n<p data-start=\"1509\" data-end=\"1714\">Z\u00edskejte hedv\u00e1bn\u00e9, bez kade\u0159avosti vlasy, kter\u00e9 z\u016fstanou rovn\u00e9 a hladk\u00e9 d\u00e9le ne\u017e <strong data-start=\"1576\" data-end=\"1588\">6 m\u011bs\u00edc\u016f<\/strong>. Protein v t\u00e9to l\u00e9\u010db\u011b pronik\u00e1 hluboko a vytv\u00e1\u0159\u00ed ochrannou vrstvu, kter\u00e1 odol\u00e1v\u00e1 vlhkosti a environment\u00e1ln\u00edm \u0161kod\u00e1m.<\/p>\n<h3 data-start=\"1716\" data-end=\"1764\">\u00a0Opravuje Po\u0161kozen\u00ed a Obnovuje S\u00edlu Vlas\u016f<\/h3>\n<p data-start=\"1765\" data-end=\"1967\">Zahrnut\u00ed <strong data-start=\"1782\" data-end=\"1794\">Kolagenu<\/strong> a <strong data-start=\"1799\" data-end=\"1817\">Extraktu z kavi\u00e1ru<\/strong> obnovuje elasticitu a odolnost. Tato trojkov\u00e1 p\u00e9\u010de opravuje roz\u0161t\u011bpen\u00e9 kone\u010dky, zabra\u0148uje l\u00e1m\u00e1n\u00ed a chr\u00e1n\u00ed vlasy p\u0159ed tepeln\u00fdm stylingem a zne\u010di\u0161t\u011bn\u00edm.<\/p>\n<h3 data-start=\"1969\" data-end=\"2009\">\u00a0Ochrana p\u0159ed Teplem a Zv\u00fd\u0161en\u00ed Lesku<\/h3>\n<p data-start=\"2010\" data-end=\"2160\">A\u0165 u\u017e f\u00e9nujete nebo pou\u017e\u00edv\u00e1te tepeln\u00e9 n\u00e1stroje, l\u00e9\u010dba od Orgakera chr\u00e1n\u00ed va\u0161e vlasy p\u0159ed po\u0161kozen\u00edm. U\u017e\u00edvejte si salonov\u00fd lesk a zdravou \u017e\u00edru p\u0159i ka\u017ed\u00e9m pou\u017eit\u00ed.<\/p>\n<h3 data-start=\"2162\" data-end=\"2189\">\u00a0Bez Drsn\u00fdch Chemik\u00e1li\u00ed<\/h3>\n<p data-start=\"2190\" data-end=\"2354\">Bez <strong data-start=\"2200\" data-end=\"2212\">formal\u00ednu<\/strong>, <strong data-start=\"2214\" data-end=\"2226\">paraben\u016f<\/strong> a jin\u00fdch \u0161kodliv\u00fdch p\u0159\u00edsad je Orgakera bezpe\u010dn\u00fd pro v\u0161echny typy vlas\u016f a ide\u00e1ln\u00ed pro udr\u017eov\u00e1n\u00ed chemicky o\u0161et\u0159en\u00fdch nebo zbarven\u00fdch vlas\u016f.<\/p>\n<h3 data-start=\"2361\" data-end=\"2392\">\u00a0P\u0159\u00edrodn\u00ed Kl\u00ed\u010dov\u00e9 Slo\u017eky:<\/h3>\n<ul data-start=\"2394\" data-end=\"2916\">\n<li data-start=\"2394\" data-end=\"2480\">\n<p data-start=\"2396\" data-end=\"2480\"><strong data-start=\"2396\" data-end=\"2414\">Olej z p\u0159esli\u010dky:<\/strong> Posiluje ko\u0159\u00ednky, zabra\u0148uje vypad\u00e1v\u00e1n\u00ed a zlep\u0161uje krevn\u00ed ob\u011bh.<\/p>\n<\/li>\n<li data-start=\"2481\" data-end=\"2571\">\n<p data-start=\"2483\" data-end=\"2571\"><strong data-start=\"2483\" data-end=\"2502\">Olej z \u010dern\u00e9ho sem\u00ednka:<\/strong> Bohat\u00fd na antioxidanty pro stimulaci r\u016fstu a obnovu zdrav\u00ed poko\u017eky hlavy.<\/p>\n<\/li>\n<li data-start=\"2572\" data-end=\"2651\">\n<p data-start=\"2574\" data-end=\"2651\"><strong data-start=\"2574\" data-end=\"2587\">Kolagen:<\/strong> Dod\u00e1v\u00e1 elasticitu, opravuje po\u0161kozen\u00ed a zlep\u0161uje strukturu vlas\u016f.<\/p>\n<\/li>\n<li data-start=\"2652\" data-end=\"2742\">\n<p data-start=\"2654\" data-end=\"2742\"><strong data-start=\"2654\" data-end=\"2681\">Olej z jojoby a arganov\u00fd olej:<\/strong> Hlubok\u00e9 zvlh\u010dova\u010de, kter\u00e9 sni\u017euj\u00ed kade\u0159avost a vy\u017eivuj\u00ed poko\u017eku hlavy.<\/p>\n<\/li>\n<li data-start=\"2743\" data-end=\"2828\">\n<p data-start=\"2745\" data-end=\"2828\"><strong data-start=\"2745\" data-end=\"2764\">Extrakt z kavi\u00e1ru:<\/strong> Napl\u0148uje vlasy proteinem, zm\u011bk\u010duje prameny a zvy\u0161uje lesk.<\/p>\n<\/li>\n<li data-start=\"2829\" data-end=\"2916\">\n<p data-start=\"2831\" data-end=\"2916\"><strong data-start=\"2831\" data-end=\"2850\">Kyselina glyoxylov\u00e1:<\/strong> Bezformalinov\u00fd vyhlazovac\u00ed prost\u0159edek pro dlouhotrvaj\u00edc\u00ed rovn\u00e9 vlasy.<\/p>\n<\/li>\n<\/ul>\n<h3 data-start=\"2923\" data-end=\"2965\">\u00a0Jak Pou\u017e\u00edvat Tuto Sadu na L\u00e9\u010dbu Vlas\u016f:<\/h3>\n<ol data-start=\"2967\" data-end=\"3359\">\n<li data-start=\"2967\" data-end=\"3044\">\n<p data-start=\"2970\" data-end=\"3044\"><strong data-start=\"2970\" data-end=\"2979\">P\u0159\u00edprava:<\/strong> Umyjte vlasy \u010distic\u00edm \u0161amponem, aby se odstranil \u0161p\u00edna a usazeniny.<\/p>\n<\/li>\n<li data-start=\"3045\" data-end=\"3158\">\n<p data-start=\"3048\" data-end=\"3158\"><strong data-start=\"3048\" data-end=\"3066\">Aplikace Proteinu:<\/strong> Na vlhk\u00e9 vlasy rozd\u011blte a naneste Orgakera Protein 1 cm od poko\u017eky hlavy. Nechte p\u016fsobit 30\u201360 minut.<\/p>\n<\/li>\n<li data-start=\"3159\" data-end=\"3262\">\n<p data-start=\"3162\" data-end=\"3262\"><strong data-start=\"3162\" data-end=\"3185\">Opl\u00e1chnut\u00ed a Narovn\u00e1n\u00ed:<\/strong> Opl\u00e1chn\u011bte teplou vodou, vysu\u0161te f\u00e9nem a pak narovnejte ka\u017edou sekci 10\u201315kr\u00e1t.<\/p>\n<\/li>\n<li data-start=\"3263\" data-end=\"3359\">\n<p data-start=\"3266\" data-end=\"3359\"><strong data-start=\"3266\" data-end=\"3279\">\u00dadr\u017eba:<\/strong> Pravideln\u011b pou\u017e\u00edvejte Orgakera \u0160ampon a Kondicion\u00e9r pro zachov\u00e1n\u00ed lesku a hladkosti.<\/p>\n<\/li>\n<\/ol>\n<h3 data-start=\"3366\" data-end=\"3388\">\u00a0D\u016fle\u017eit\u00e9 Tipy:<\/h3>\n<ul data-start=\"3389\" data-end=\"3575\">\n<li data-start=\"3389\" data-end=\"3460\">\n<p data-start=\"3391\" data-end=\"3460\"><strong data-start=\"3391\" data-end=\"3404\">Trv\u00e1n\u00ed:<\/strong> V\u00fdsledky vydr\u017e\u00ed a\u017e <strong data-start=\"3424\" data-end=\"3437\">52 umyt\u00ed<\/strong> p\u0159i spr\u00e1vn\u00e9 p\u00e9\u010di.<\/p>\n<\/li>\n<li data-start=\"3461\" data-end=\"3575\">\n<p data-start=\"3463\" data-end=\"3575\"><strong data-start=\"3463\" data-end=\"3477\">P\u00e9\u010de po:<\/strong> Pokra\u010dujte v pou\u017e\u00edv\u00e1n\u00ed Orgakera \u0160amponu a Kondicion\u00e9ru pro del\u0161\u00ed trvaj\u00edc\u00ed efekty a zdravou \u00fadr\u017ebu.<\/p>\n<\/li>\n<\/ul>\n<h2 data-start=\"3893\" data-end=\"3919\">\u00a0Pro\u010d Vybrat Orgakera?<\/h2>\n<p data-start=\"3921\" data-end=\"4202\">S p\u0159\u00edrodn\u00edmi slo\u017ekami poh\u00e1n\u011bn\u00fdmi p\u0159\u00edrodou, dlouhodob\u00fdmi v\u00fdsledky a bezpe\u010dn\u00fdmi formulacemi je Orgakera v\u00edce ne\u017e jen <strong data-start=\"4025\" data-end=\"4036\">\u0161ampon<\/strong> \u2013 je to revoluce v oprav\u011b vlas\u016f. A\u0165 u\u017e trp\u00edte suchost\u00ed, kade\u0159avost\u00ed nebo \u0159\u00eddnut\u00edm, Orgakera v\u00e1m pom\u016f\u017ee znovu z\u00edskat kontrolu s viditeln\u00fdmi zlep\u0161en\u00edmi ji\u017e p\u0159i prvn\u00edm pou\u017eit\u00ed.<\/p>\n<h2 data-start=\"4209\" data-end=\"4253\">\ud83d\uded2 Kupte si Sadu Orgakera na L\u00e9\u010dbu Vlas\u016f Nyn\u00ed!<\/h2>\n<p data-start=\"4254\" data-end=\"4457\">\u0158ekn\u011bte sbohem matn\u00fdm, po\u0161kozen\u00fdm vlas\u016fm a v\u00edtejte siln\u011bj\u0161\u00ed, lesklej\u0161\u00ed, zdrav\u011bj\u0161\u00ed prameny. Z\u00edskejte si dnes <strong data-start=\"4348\" data-end=\"4405\">sadu Orgakera 3v1 se \u0160amponem, Kondicion\u00e9rem a Proteinem<\/strong> a za\u017eijte salonov\u00e9 v\u00fdsledky doma!<\/p>\n<p style=\"text-align: center;\">D\u011bkujeme za n\u00e1kup na <em data-start=\"415\" data-end=\"431\"><a href=\"https:\/\/bazaar.express\/\">Bazaar Express<\/a><\/em> \u2013 jsme nad\u0161en\u00ed, \u017ee jste tu!<\/p>\n<p style=\"text-align: center;\">Va\u0161e cesta k lep\u0161\u00ed p\u00e9\u010di o sebe za\u010d\u00edn\u00e1 zde \u2013 s <a href=\"https:\/\/bazaar.express\/product-category\/beauty-care\/\">Kr\u00e1sa &#038; P\u00e9\u010de<\/a>, kter\u00e9 si m\u016f\u017eete v\u011b\u0159it.<\/p>\n","protected":false},"excerpt":{"rendered":"<h3 data-start=\"474\" data-end=\"722\">Sada Orgakera na l\u00e9\u010dbu vlas\u016f (\u0160ampon, Kondicion\u00e9r &#038; Protein) je obohacena o Olej z p\u0159esli\u010dky, Olej z \u010dern\u00e9ho sem\u00ednka a Extrakt z kavi\u00e1ru. Tato 3v1 sada hluboce vy\u017eivuje, opravuje a vyhlazuje vlasy, sni\u017euje vypad\u00e1v\u00e1n\u00ed a zvy\u0161uje lesk a\u017e na 6 m\u011bs\u00edc\u016f.<\/h3>\n","protected":false},"featured_media":36687,"comment_status":"open","ping_status":"closed","template":"","meta":[],"product_brand":[],"product_cat":[786,788,789],"product_tag":[813,790,783],"class_list":{"0":"post-36685","1":"product","2":"type-product","3":"status-publish","4":"has-post-thumbnail","6":"product_cat-pece-o-krasu","7":"product_cat-to-nejlepsi-z-egypta","8":"product_cat-horke-nabidky","9":"product_tag-cream","10":"product_tag-pece-o-krasu","11":"product_tag-pece-o-plet","12":"pa_l-xl-3pcs","14":"first","15":"instock","16":"sale","17":"shipping-taxable","18":"purchasable","19":"product-type-simple"},"_links":{"self":[{"href":"https:\/\/bazaar.express\/cs\/wp-json\/wp\/v2\/product\/36685","targetHints":{"allow":["GET"]}}],"collection":[{"href":"https:\/\/bazaar.express\/cs\/wp-json\/wp\/v2\/product"}],"about":[{"href":"https:\/\/bazaar.express\/cs\/wp-json\/wp\/v2\/types\/product"}],"replies":[{"embeddable":true,"href":"https:\/\/bazaar.express\/cs\/wp-json\/wp\/v2\/comments?post=36685"}],"wp:featuredmedia":[{"embeddable":true,"href":"https:\/\/bazaar.express\/cs\/wp-json\/wp\/v2\/media\/36687"}],"wp:attachment":[{"href":"https:\/\/bazaar.express\/cs\/wp-json\/wp\/v2\/media?parent=36685"}],"wp:term":[{"taxonomy":"product_brand","embeddable":true,"href":"https:\/\/bazaar.express\/cs\/wp-json\/wp\/v2\/product_brand?post=36685"},{"taxonomy":"product_cat","embeddable":true,"href":"https:\/\/bazaar.express\/cs\/wp-json\/wp\/v2\/product_cat?post=36685"},{"taxonomy":"product_tag","embeddable":true,"href":"https:\/\/bazaar.express\/cs\/wp-json\/wp\/v2\/product_tag?post=36685"}],"curies":[{"name":"wp","href":"https:\/\/api.w.org\/{rel}","templated":true}]}}