{"id":36705,"date":"2024-12-31T00:10:58","date_gmt":"2024-12-31T00:10:58","guid":{"rendered":"https:\/\/bazaar.express\/product\/opalovaci-olej-ve-spreji\/"},"modified":"2024-12-31T00:10:58","modified_gmt":"2024-12-31T00:10:58","slug":"opalovaci-olej-ve-spreji","status":"publish","type":"product","link":"https:\/\/bazaar.express\/cs\/produkt\/opalovaci-olej-ve-spreji\/","title":{"rendered":"Opalovac\u00ed olej ve spreji"},"content":{"rendered":"<h2 data-start=\"228\" data-end=\"347\">Orgakera Opalovac\u00ed olej ve spreji \u2013 Dos\u00e1hn\u011bte z\u00e1\u0159iv\u00e9ho, zlat\u00e9ho op\u00e1len\u00ed s p\u0159\u00edrodn\u00edmi p\u0159\u00edsadami prosp\u011b\u0161n\u00fdmi pro poko\u017eku a ochranou SPF 8<\/h2>\n<h3 data-start=\"349\" data-end=\"410\"> Z\u00edskejte dokonal\u00fd op\u00e1len\u00fd lesk \u2013 p\u0159irozen\u011b a bezpe\u010dn\u011b<\/h3>\n<p data-start=\"412\" data-end=\"838\">Pokud milujete slunce a sn\u00edte o zlat\u00e9m op\u00e1len\u00ed, kter\u00e9 vydr\u017e\u00ed, Opalovac\u00ed olej ve spreji Orgakera je va\u0161\u00ed novou nezbytnost\u00ed. Navr\u017een\u00fd pro milovn\u00edky opalen\u00ed na venkov\u011b, tento siln\u00fd, ale jemn\u00fd olej v\u00e1m pom\u016f\u017ee op\u00e1lit se rychleji, zat\u00edmco vy\u017eivuje va\u0161i poko\u017eku a nab\u00edz\u00ed ochranu p\u0159ed sluncem SPF 8. A\u0165 jste na pl\u00e1\u017ei, u baz\u00e9nu nebo relaxujete ve sv\u00e9 zahrad\u011b, Opalovac\u00ed olej ve spreji Orgakera zlep\u0161uje v\u00fdsledky op\u00e1len\u00ed, ani\u017e by ohrozil zdrav\u00ed va\u0161\u00ed poko\u017eky.<\/p>\n<h3 data-start=\"845\" data-end=\"893\"> Pro\u010d vynik\u00e1 Opalovac\u00ed olej ve spreji Orgakera<\/h3>\n<h4 data-start=\"895\" data-end=\"942\"> Ochrana UV SPF 8 pro bezpe\u010dn\u011bj\u0161\u00ed op\u00e1len\u00ed<\/h4>\n<p data-start=\"943\" data-end=\"1148\">Zat\u00edmco se vyh\u0159\u00edv\u00e1te na slunci, formule Opalovac\u00edho oleje ve spreji Orgakera s SPF 8 chr\u00e1n\u00ed va\u0161i poko\u017eku p\u0159ed \u0161kodliv\u00fdmi UVA a UVB paprsky. Sni\u017euje riziko sp\u00e1len\u00ed sluncem a umo\u017e\u0148uje vyvinout se kr\u00e1sn\u00e9mu, rovnom\u011brn\u00e9mu op\u00e1len\u00ed.<\/p>\n<h4 data-start=\"1150\" data-end=\"1205\"> Hlubok\u00e9, trval\u00e9 op\u00e1len\u00ed s p\u0159\u00edrodn\u00edm extraktem z mrkve<\/h4>\n<p data-start=\"1206\" data-end=\"1410\">Napu\u0161t\u011bn\u00fd <strong data-start=\"1219\" data-end=\"1236\">beta-karotenem<\/strong> a <strong data-start=\"1241\" data-end=\"1259\">extraktem z mrkve<\/strong>, tento sprej p\u0159irozen\u011b zvy\u0161uje produkci melaninu, pom\u00e1h\u00e1 va\u0161\u00ed poko\u017ece op\u00e1lit se rychleji a rovnom\u011brn\u011bji. Z\u00edsk\u00e1te ten dokonal\u00fd op\u00e1len\u00fd odst\u00edn za krat\u0161\u00ed \u010das.<\/p>\n<h4 data-start=\"1412\" data-end=\"1461\"> Hydrata\u010dn\u00ed oleje pro m\u011bkkou, pru\u017enou poko\u017eku<\/h4>\n<p data-start=\"1462\" data-end=\"1679\">Napl\u043d\u0435\u043d\u00fd hydrata\u010dn\u00edmi p\u0159\u00edrodn\u00edmi oleji a <strong data-start=\"1501\" data-end=\"1514\">vitam\u00ednem E<\/strong>, formule Orgakery hluboce vy\u017eivuje va\u0161i poko\u017eku, zabra\u0148uje suchosti a loup\u00e1n\u00ed. Va\u0161e poko\u017eka bude p\u016fsobit hedv\u00e1bn\u011b hladce a bude m\u00edt zdrav\u00fd, z\u00e1\u0159iv\u00fd vzhled po ka\u017ed\u00e9m pou\u017eit\u00ed.<\/p>\n<h4 data-start=\"1681\" data-end=\"1715\"> Zlep\u0161uje elasticitu poko\u017eky<\/h4>\n<p data-start=\"1716\" data-end=\"1890\">Tento lehk\u00fd olej nejen zajist\u00ed bezchybnou op\u00e1len\u00ed, ale tak\u00e9 zlep\u0161uje elasticitu a texturu poko\u017eky \u2013 d\u00edky \u010demu\u017e se bude c\u00edtit pevn\u011bj\u0161\u00ed, hlad\u0161\u00ed a mladistv\u011bj\u0161\u00ed po vystaven\u00ed slunci.<\/p>\n<h4 data-start=\"1892\" data-end=\"1918\"> Dlouhotrvaj\u00edc\u00ed op\u00e1len\u00ed<\/h4>\n<p data-start=\"1919\" data-end=\"2017\">Sm\u011bs vy\u017eivuj\u00edc\u00edch olej\u016f pom\u00e1h\u00e1 udr\u017eet op\u00e1len\u00ed, tak\u017ee si m\u016f\u017eete u\u017e\u00edvat sv\u016fj bronzov\u00fd vzhled t\u00fddny.<\/p>\n<h3 data-start=\"2024\" data-end=\"2068\"> Jak pou\u017e\u00edvat Opalovac\u00ed olej ve spreji Orgakera<\/h3>\n<ul data-start=\"2070\" data-end=\"2316\">\n<li data-start=\"2070\" data-end=\"2096\">\n<p data-start=\"2072\" data-end=\"2096\">P\u0159ed pou\u017eit\u00edm dob\u0159e prot\u0159epejte.<\/p>\n<\/li>\n<li data-start=\"2097\" data-end=\"2183\">\n<p data-start=\"2099\" data-end=\"2183\">Aplikujte \u0161t\u011bdr\u00fd, rovnom\u011brn\u00fd vrstva na \u010distou, suchou poko\u017eku 20\u201330 minut p\u0159ed vystaven\u00edm slunci.<\/p>\n<\/li>\n<li data-start=\"2184\" data-end=\"2255\">\n<p data-start=\"2186\" data-end=\"2255\">Opakujte aplikaci ka\u017ed\u00e9 2 hodiny nebo po koup\u00e1n\u00ed, pocen\u00ed nebo osu\u0161en\u00ed ru\u010dn\u00edkem.<\/p>\n<\/li>\n<li data-start=\"2256\" data-end=\"2316\">\n<p data-start=\"2258\" data-end=\"2316\">Pouze k vn\u011bj\u0161\u00edmu pou\u017eit\u00ed. Vyhn\u011bte se p\u0159\u00edm\u00e9mu kontaktu s o\u010dima.<\/p>\n<\/li>\n<\/ul>\n<h3 data-start=\"2323\" data-end=\"2345\"> Kl\u00ed\u010dov\u00e9 p\u0159\u00edsady<\/h3>\n<ul data-start=\"2347\" data-end=\"2706\">\n<li data-start=\"2347\" data-end=\"2435\">\n<p data-start=\"2349\" data-end=\"2435\"><strong data-start=\"2349\" data-end=\"2366\">Beta-karoten<\/strong> \u2013 P\u0159irozen\u011b zvy\u0161uje schopnost poko\u017eky op\u00e1lit se a udr\u017euje poko\u017eku vy\u017eivenou.<\/p>\n<\/li>\n<li data-start=\"2436\" data-end=\"2523\">\n<p data-start=\"2438\" data-end=\"2523\"><strong data-start=\"2438\" data-end=\"2456\">Extrakt z mrkve<\/strong> \u2013 Podporuje p\u0159irozen\u00e9 bronzov\u00e1n\u00ed stimulac\u00ed produkce melaninu.<\/p>\n<\/li>\n<li data-start=\"2524\" data-end=\"2620\">\n<p data-start=\"2526\" data-end=\"2620\"><strong data-start=\"2526\" data-end=\"2539\">Vitam\u00edn E<\/strong> \u2013 Siln\u00fd antioxidant, kter\u00fd hydratuje a chr\u00e1n\u00ed poko\u017eku p\u0159ed vysu\u0161en\u00edm.<\/p>\n<\/li>\n<li data-start=\"2621\" data-end=\"2706\">\n<p data-start=\"2623\" data-end=\"2706\"><strong data-start=\"2623\" data-end=\"2650\">Vy\u017eivuj\u00edc\u00ed p\u0159\u00edrodn\u00ed oleje<\/strong> \u2013 Udr\u017euj\u00ed poko\u017eku hydratovanou a z\u00e1\u0159ivou po cel\u00fd den.<\/p>\n<\/li>\n<\/ul>\n<h3 data-start=\"2713\" data-end=\"2762\"> Ide\u00e1ln\u00ed pro opalov\u00e1n\u00ed a venkovn\u00ed dobrodru\u017estv\u00ed<\/h3>\n<p data-start=\"2764\" data-end=\"2960\">A\u0165 opalujete, jste na pl\u00e1\u017ei nebo si u\u017e\u00edv\u00e1te slune\u010dnou dovolenou, Opalovac\u00ed olej ve spreji Orgakera dod\u00e1 va\u0161\u00ed poko\u017ece v\u0161e, co pot\u0159ebuje pro bezpe\u010dn\u00fd, zlat\u00fd lesk \u2013 bez mastnoty nebo t\u011b\u017ek\u00e9ho pocitu.<\/p>\n<h3 data-start=\"3282\" data-end=\"3327\"> Pro\u010d si vybrat Opalovac\u00ed olej ve spreji Orgakera?<\/h3>\n<ul data-start=\"3329\" data-end=\"3638\">\n<li data-start=\"3329\" data-end=\"3391\">\n<p data-start=\"3331\" data-end=\"3391\">Dos\u00e1hn\u011bte p\u0159irozen\u00e9ho bronzov\u00e9ho lesku p\u0159i bezpe\u010dn\u00e9 ochran\u011b poko\u017eky<\/p>\n<\/li>\n<li data-start=\"3392\" data-end=\"3443\">\n<p data-start=\"3394\" data-end=\"3443\">Vy\u017eivuje, zjem\u0148uje a chr\u00e1n\u00ed p\u0159i ka\u017ed\u00e9m pou\u017eit\u00ed<\/p>\n<\/li>\n<li data-start=\"3444\" data-end=\"3518\">\n<p data-start=\"3446\" data-end=\"3518\">Ide\u00e1ln\u00ed pro v\u0161echny typy pleti \u2013 lehk\u00fd, nemastn\u00fd a rychle se vst\u0159eb\u00e1vaj\u00edc\u00ed<\/p>\n<\/li>\n<li data-start=\"3519\" data-end=\"3576\">\n<p data-start=\"3521\" data-end=\"3576\">Zvy\u0161uje produkci melaninu pro rychlej\u0161\u00ed, hlub\u0161\u00ed op\u00e1len\u00ed<\/p>\n<\/li>\n<li data-start=\"3577\" data-end=\"3638\">\n<p data-start=\"3579\" data-end=\"3638\">Udr\u017euje poko\u017eku elastickou, z\u00e1\u0159ivou a hydratovanou cel\u00e9 l\u00e9to<\/p>\n<\/li>\n<\/ul>\n<h3 data-start=\"3645\" data-end=\"3672\"> V\u00e1\u0161 lesk za\u010d\u00edn\u00e1 zde<\/h3>\n<p data-start=\"3674\" data-end=\"3955\">Nejen se opalujte \u2013 <strong data-start=\"3689\" data-end=\"3697\">z\u00e1\u0159\u00edte<\/strong> s Opalovac\u00edm olejem ve spreji Orgakera.<br \/>\n  Vykro\u010dte do slunce s jistotou, \u017ee va\u0161e poko\u017eka je chr\u00e1n\u011bn\u00e1, rozmazlovan\u00e1 a na cest\u011b k dokonal\u00e9mu zlat\u00e9mu odst\u00ednu.<br \/>\n  P\u0159idejte ho do sv\u00e9 rutiny opalov\u00e1n\u00ed a u\u017eijte si slune\u010dn\u00ed svit se z\u00e1\u0159ivou, hydratovanou a zdrav\u011b vypadaj\u00edc\u00ed poko\u017ekou.<\/p>\n<p style=\"text-align: center;\">D\u011bkujeme za n\u00e1kup v <em data-start=\"415\" data-end=\"431\"><a href=\"https:\/\/bazaar.express\/\">Bazaar Express<\/a><\/em> \u2013 jsme nad\u0161en\u00ed, \u017ee jste u n\u00e1s!<\/p>\n<p style=\"text-align: center;\">Va\u0161e cesta k lep\u0161\u00ed p\u00e9\u010di o sebe za\u010d\u00edn\u00e1 zde \u2013 s <a href=\"https:\/\/bazaar.express\/product-category\/beauty-care\/\">Beauty &#038; Care<\/a>, kter\u00e9 si m\u016f\u017eete v\u011b\u0159it.<\/p>\n","protected":false},"excerpt":{"rendered":"<h3>Opalovac\u00ed olej ve spreji Orgakera dod\u00e1v\u00e1 kr\u00e1sn\u00fd op\u00e1len\u00fd lesk, zat\u00edmco chr\u00e1n\u00ed va\u0161i poko\u017eku SPF 8. Napu\u0161t\u011bn\u00fd p\u0159\u00edrodn\u00edmi oleji, extraktem z mrkve a vitam\u00ednem E, podporuje melanin, zlep\u0161uje elasticitu a udr\u017euje poko\u017eku hydratovanou, hladkou a z\u00e1\u0159ivou na slunci.<\/h3>\n","protected":false},"featured_media":36707,"comment_status":"open","ping_status":"closed","template":"","meta":[],"product_brand":[],"product_cat":[786,788,798,789],"product_tag":[813,781,783],"class_list":{"0":"post-36705","1":"product","2":"type-product","3":"status-publish","4":"has-post-thumbnail","6":"product_cat-pece-o-krasu","7":"product_cat-to-nejlepsi-z-egypta","8":"product_cat-zakladni-vybaveni-na-plaz","9":"product_cat-horke-nabidky","10":"product_tag-cream","11":"product_tag-olej","12":"product_tag-pece-o-plet","13":"pa_l-xl-350ml","15":"first","16":"instock","17":"sale","18":"shipping-taxable","19":"purchasable","20":"product-type-simple"},"_links":{"self":[{"href":"https:\/\/bazaar.express\/cs\/wp-json\/wp\/v2\/product\/36705","targetHints":{"allow":["GET"]}}],"collection":[{"href":"https:\/\/bazaar.express\/cs\/wp-json\/wp\/v2\/product"}],"about":[{"href":"https:\/\/bazaar.express\/cs\/wp-json\/wp\/v2\/types\/product"}],"replies":[{"embeddable":true,"href":"https:\/\/bazaar.express\/cs\/wp-json\/wp\/v2\/comments?post=36705"}],"wp:featuredmedia":[{"embeddable":true,"href":"https:\/\/bazaar.express\/cs\/wp-json\/wp\/v2\/media\/36707"}],"wp:attachment":[{"href":"https:\/\/bazaar.express\/cs\/wp-json\/wp\/v2\/media?parent=36705"}],"wp:term":[{"taxonomy":"product_brand","embeddable":true,"href":"https:\/\/bazaar.express\/cs\/wp-json\/wp\/v2\/product_brand?post=36705"},{"taxonomy":"product_cat","embeddable":true,"href":"https:\/\/bazaar.express\/cs\/wp-json\/wp\/v2\/product_cat?post=36705"},{"taxonomy":"product_tag","embeddable":true,"href":"https:\/\/bazaar.express\/cs\/wp-json\/wp\/v2\/product_tag?post=36705"}],"curies":[{"name":"wp","href":"https:\/\/api.w.org\/{rel}","templated":true}]}}