{"id":36708,"date":"2024-12-30T17:49:37","date_gmt":"2024-12-30T17:49:37","guid":{"rendered":"https:\/\/bazaar.express\/product\/cistic-obliceje\/"},"modified":"2026-03-01T20:42:26","modified_gmt":"2026-03-01T20:42:26","slug":"cistic-obliceje","status":"publish","type":"product","link":"https:\/\/bazaar.express\/cs\/produkt\/cistic-obliceje\/","title":{"rendered":"\u010cisti\u010d obli\u010deje"},"content":{"rendered":"<h2 data-start=\"133\" data-end=\"252\">\u010cisti\u010d obli\u010deje Orgakera s avok\u00e1dem a m\u00e1slem shea \u2013 Hlubok\u00e1 hydratace a jemn\u00e1 v\u00fd\u017eiva pro suchou, citlivou ple\u0165<\/h2>\n<h3 data-start=\"254\" data-end=\"333\">\u00a0Sila p\u0159\u00edrody v lahvi\u010dce \u2013 \u010cist\u011bte, hydratujte a o\u017eivte svou ple\u0165 p\u0159irozen\u011b<\/h3>\n<p data-start=\"335\" data-end=\"811\">Such\u00e1, nudn\u00e1 nebo citliv\u00e1 ple\u0165? \u010cisti\u010d obli\u010deje Orgakera s avok\u00e1dem a m\u00e1slem shea je va\u0161e ka\u017edodenn\u00ed \u0159e\u0161en\u00ed pro jemn\u00e9 \u010di\u0161t\u011bn\u00ed a hydrataci, kter\u00e9 va\u0161i ple\u0165 vy\u017eivuje p\u0159irozenou silou. Bohat\u00fd na esenci\u00e1ln\u00ed \u017eiviny, vitam\u00edny a antioxidanty, tento jemn\u00fd vzorec nab\u00edz\u00ed hlubokou hydrataci, odstra\u0148uje ne\u010distoty a vrac\u00ed pleti z\u00e1\u0159i. A\u0165 u\u017e trp\u00edte such\u00fdmi skvrnami, loup\u00e1n\u00edm nebo unaven\u011b vypadaj\u00edc\u00ed plet\u00ed, tento \u010disti\u010d va\u0161i ple\u0165 o\u017eiv\u00ed \u2013 m\u011bkkou, hladkou a z\u00e1\u0159ivou.<\/p>\n<h3 data-start=\"818\" data-end=\"847\">\u00a0Co ho d\u011bl\u00e1 v\u00fdjime\u010dn\u00fdm?<\/h3>\n<h4 data-start=\"849\" data-end=\"886\">\u00a0Hlubok\u00e1 hydratace pro suchou ple\u0165<\/h4>\n<p data-start=\"887\" data-end=\"1075\">Avok\u00e1dov\u00fd olej pronik\u00e1 hluboko do pleti a dod\u00e1v\u00e1 vitam\u00edny A a C, kter\u00e9 dopl\u0148uj\u00ed vlhkost, uklid\u0148uj\u00ed suchost a opravuj\u00ed po\u0161kozenou poko\u017eku. Va\u0161e tv\u00e1\u0159 bude po ka\u017ed\u00e9m umyt\u00ed m\u011bkk\u00e1, pru\u017en\u00e1 a vy\u017eiven\u00e1.<\/p>\n<h4 data-start=\"1077\" data-end=\"1109\">\u00a0\u010cist\u00ed a revitalizuje<\/h4>\n<p data-start=\"1110\" data-end=\"1311\">Odstra\u0148uje ne\u010distoty, p\u0159ebyte\u010dn\u00fd olej a make-up, zat\u00edmco podporuje regeneraci pleti. S glutaminem a aminokyselinami pom\u00e1h\u00e1 tvorb\u011b nov\u00fdch bun\u011bk a zlep\u0161uje krevn\u00ed ob\u011bh \u2013 o\u017eivuje p\u0159irozenou sv\u011b\u017eest pleti.<\/p>\n<h4 data-start=\"1313\" data-end=\"1346\">\u00a0Antioxida\u010dn\u00ed ochrana<\/h4>\n<p data-start=\"1347\" data-end=\"1528\">Tento \u010disti\u010d je bohat\u00fd na antioxidanty, kter\u00e9 bojuj\u00ed proti voln\u00fdm radik\u00e1l\u016fm zp\u016fsoben\u00fdm zne\u010di\u0161t\u011bn\u00edm a slune\u010dn\u00edm z\u00e1\u0159en\u00edm, pom\u00e1haj\u00ed p\u0159edch\u00e1zet p\u0159ed\u010dasn\u00fdm zn\u00e1mk\u00e1m st\u00e1rnut\u00ed a udr\u017euj\u00ed ple\u0165 zdravou a mladistvou.<\/p>\n<h4 data-start=\"1530\" data-end=\"1557\">\u00a0Uklid\u0148uje a zjem\u0148uje<\/h4>\n<p data-start=\"1558\" data-end=\"1754\">M\u00e1slo shea jemn\u011b uklid\u0148uje podr\u00e1\u017ed\u011bn\u00ed a uzamyk\u00e1 vlhkost, d\u00edky \u010demu\u017e je toto mydlo ide\u00e1ln\u00ed pro citlivou nebo suchou ple\u0165. \u017d\u00e1dn\u00e9 napjat\u00e9, nep\u0159\u00edjemn\u00e9 pocity po \u010di\u0161t\u011bn\u00ed \u2013 jen hladk\u00fd komfort, kter\u00fd vydr\u017e\u00ed.<\/p>\n<h3 data-start=\"1761\" data-end=\"1783\">\u00a0Kl\u00ed\u010dov\u00e9 slo\u017eky<\/h3>\n<ul data-start=\"1785\" data-end=\"2301\">\n<li data-start=\"1785\" data-end=\"1884\">\n<p data-start=\"1787\" data-end=\"1884\"><strong data-start=\"1787\" data-end=\"1803\">Avok\u00e1dov\u00fd olej:<\/strong> Bohat\u00fd na vitam\u00edny A, C a E, hydratuje, opravuje a zlep\u0161uje elasticitu pleti.<\/p>\n<\/li>\n<li data-start=\"1885\" data-end=\"1983\">\n<p data-start=\"1887\" data-end=\"1983\"><strong data-start=\"1887\" data-end=\"1903\">M\u00e1slo shea:<\/strong> Hluboce hydratuje a uklid\u0148uje, ide\u00e1ln\u00ed pro obnovu such\u00e9 a podr\u00e1\u017ed\u011bn\u00e9 pleti.<\/p>\n<\/li>\n<li data-start=\"1984\" data-end=\"2096\">\n<p data-start=\"1986\" data-end=\"2096\"><strong data-start=\"1986\" data-end=\"2014\">Aminokyseliny a glutamin:<\/strong> Pom\u00e1haj\u00ed opravovat po\u0161kozenou ple\u0165, zlep\u0161uj\u00ed krevn\u00ed ob\u011bh a stimuluj\u00ed obnovu bun\u011bk.<\/p>\n<\/li>\n<li data-start=\"2097\" data-end=\"2199\">\n<p data-start=\"2099\" data-end=\"2199\"><strong data-start=\"2099\" data-end=\"2117\">Vitam\u00edn A a C:<\/strong> Podporuj\u00ed tvorbu kolagenu a obnovu pleti, zat\u00edmco rozjas\u0148uj\u00ed ple\u0165.<\/p>\n<\/li>\n<li data-start=\"2200\" data-end=\"2301\">\n<p data-start=\"2202\" data-end=\"2301\"><strong data-start=\"2202\" data-end=\"2219\">Antioxidanty:<\/strong> Poskytuj\u00ed p\u0159irozenou bari\u00e9ru proti environment\u00e1ln\u00edm \u0161kod\u00e1m a podporuj\u00ed mladistvou ple\u0165.<\/p>\n<\/li>\n<\/ul>\n<h3 data-start=\"2308\" data-end=\"2325\">\u00a0Jak pou\u017e\u00edvat<\/h3>\n<ol data-start=\"2327\" data-end=\"2646\">\n<li data-start=\"2327\" data-end=\"2379\">\n<p data-start=\"2330\" data-end=\"2379\">Namo\u010dte tv\u00e1\u0159 teplou vodou, aby se otev\u0159ely p\u00f3ry.<\/p>\n<\/li>\n<li data-start=\"2380\" data-end=\"2435\">\n<p data-start=\"2383\" data-end=\"2435\">Naneste \u0161t\u011bdr\u00e9 mno\u017estv\u00ed \u010disti\u010de na dlan\u011b.<\/p>\n<\/li>\n<li data-start=\"2436\" data-end=\"2526\">\n<p data-start=\"2439\" data-end=\"2526\">Mas\u00edrujte do tv\u00e1\u0159e kruhov\u00fdmi pohyby, soust\u0159e\u010fte se na oblasti s ne\u010distotami nebo make-upem.<\/p>\n<\/li>\n<li data-start=\"2527\" data-end=\"2589\">\n<p data-start=\"2530\" data-end=\"2589\">Opl\u00e1chn\u011bte vla\u017enou vodou a osu\u0161te \u010dist\u00fdm ru\u010dn\u00edkem.<\/p>\n<\/li>\n<li data-start=\"2590\" data-end=\"2646\">\n<p data-start=\"2593\" data-end=\"2646\">Pou\u017e\u00edvejte dvakr\u00e1t denn\u011b \u2013 r\u00e1no a ve\u010der \u2013 pro nejlep\u0161\u00ed v\u00fdsledky.<\/p>\n<\/li>\n<\/ol>\n<h3 data-start=\"2653\" data-end=\"2668\">\u00a0Varov\u00e1n\u00ed<\/h3>\n<ul data-start=\"2670\" data-end=\"3013\">\n<li data-start=\"2670\" data-end=\"2696\">\n<p data-start=\"2672\" data-end=\"2696\">Pouze na vn\u011bj\u0161\u00ed pou\u017eit\u00ed.<\/p>\n<\/li>\n<li data-start=\"2697\" data-end=\"2779\">\n<p data-start=\"2699\" data-end=\"2779\">Vyhn\u011bte se kontaktu s o\u010dima. Pokud se dostane do o\u010d\u00ed, d\u016fkladn\u011b vypl\u00e1chn\u011bte vodou.<\/p>\n<\/li>\n<li data-start=\"2780\" data-end=\"2856\">\n<p data-start=\"2782\" data-end=\"2856\">P\u0159esta\u0148te pou\u017e\u00edvat p\u0159i podr\u00e1\u017ed\u011bn\u00ed. Pokud je pot\u0159eba, konzultujte s dermatologem.<\/p>\n<\/li>\n<li data-start=\"2857\" data-end=\"2891\">\n<p data-start=\"2859\" data-end=\"2891\">Schovejte mimo dosah d\u011bt\u00ed.<\/p>\n<\/li>\n<li data-start=\"2892\" data-end=\"2949\">\n<p data-start=\"2894\" data-end=\"2949\">Skladujte na chladn\u00e9m, such\u00e9m m\u00edst\u011b mimo p\u0159\u00edm\u00e9 slune\u010dn\u00ed svitlo.<\/p>\n<\/li>\n<li data-start=\"2950\" data-end=\"3013\">\n<p data-start=\"2952\" data-end=\"3013\">Doporu\u010dujeme test na citliv\u00e9 k\u016f\u017ei nebo zn\u00e1m\u00e9 alergie.<\/p>\n<\/li>\n<\/ul>\n<h3 data-start=\"3020\" data-end=\"3092\">\u00a0Pro\u010d si vybrat \u010disti\u010d obli\u010deje Orgakera s avok\u00e1dem a m\u00e1slem shea?<\/h3>\n<ul data-start=\"3094\" data-end=\"3426\">\n<li data-start=\"3094\" data-end=\"3171\">\n<p data-start=\"3096\" data-end=\"3171\"><strong data-start=\"3099\" data-end=\"3129\">Hydratuje a l\u00e9\u010d\u00ed suchou ple\u0165:<\/strong> Ide\u00e1ln\u00ed pro suchou nebo citlivou ple\u0165<\/p>\n<\/li>\n<li data-start=\"3172\" data-end=\"3255\">\n<p data-start=\"3174\" data-end=\"3255\"><strong data-start=\"3177\" data-end=\"3202\">V\u00fd\u017eivn\u00fd a p\u0159\u00edrodn\u00ed:<\/strong> Obohacen\u00fd o rostlinn\u00e9 slo\u017eky a vitam\u00edny<\/p>\n<\/li>\n<li data-start=\"3256\" data-end=\"3334\">\n<p data-start=\"3258\" data-end=\"3334\"><strong data-start=\"3261\" data-end=\"3286\">Jemn\u00fd, ale \u00fa\u010dinn\u00fd:<\/strong> Odstra\u0148uje ne\u010distoty bez odstra\u0148ov\u00e1n\u00ed vlhkosti<\/p>\n<\/li>\n<li data-start=\"3335\" data-end=\"3426\">\n<p data-start=\"3337\" data-end=\"3426\"><strong data-start=\"3340\" data-end=\"3355\">Denn\u00ed z\u00e1\u0159e:<\/strong> Pravideln\u00fdm pou\u017eit\u00edm dos\u00e1hnete zdrav\u011bj\u0161\u00ed, sv\u011b\u017e\u0161\u00ed a z\u00e1\u0159iv\u011bj\u0161\u00ed pleti<\/p>\n<\/li>\n<\/ul>\n<h3 data-start=\"3748\" data-end=\"3769\">\u00a0Z\u00e1v\u011bre\u010dn\u00e9 my\u0161lenky<\/h3>\n<p data-start=\"3771\" data-end=\"4159\">Pokud jste unaveni z \u010disti\u010d\u016f, kter\u00e9 va\u0161i tv\u00e1\u0159 nech\u00e1vaj\u00ed suchou a napjatou, je \u010das na zm\u011bnu. \u010cisti\u010d obli\u010deje Orgakera s avok\u00e1dem a m\u00e1slem shea hydratuje, l\u00e9\u010d\u00ed a obnovuje va\u0161i ple\u0165 p\u0159i ka\u017ed\u00e9m pou\u017eit\u00ed. Jemn\u00fd, p\u0159\u00edrodn\u00ed a \u00fa\u010dinn\u00fd \u2013 je to ultim\u00e1tn\u00ed mydlo na obli\u010dej pro ka\u017ed\u00e9ho, kdo chce \u010distou, z\u00e1\u0159ivou ple\u0165 bez drsnosti. Vyzkou\u0161ejte ho je\u0161t\u011b dnes a poc\u00edt\u00edte rozd\u00edl u\u017e p\u0159i prvn\u00edm umyt\u00ed!<\/p>\n<p style=\"text-align: center;\">D\u011bkujeme za n\u00e1kup v <em data-start=\"415\" data-end=\"431\"><a href=\"https:\/\/bazaar.express\/\">Bazaar Express<\/a><\/em> \u2013 jsme nad\u0161en\u00ed, \u017ee jste u n\u00e1s!<\/p>\n<p style=\"text-align: center;\">Va\u0161e cesta k lep\u0161\u00ed p\u00e9\u010di o sebe za\u010d\u00edn\u00e1 zde \u2013 s <a href=\"https:\/\/bazaar.express\/product-category\/beauty-care\/\">Beauty &#038; Care<\/a>, kter\u00e9 si m\u016f\u017eete v\u011b\u0159it.<\/p>\n","protected":false},"excerpt":{"rendered":"<h3 data-start=\"500\" data-end=\"787\">\u010cisti\u010d obli\u010deje Orgakera s avok\u00e1dem a m\u00e1slem shea hluboce hydratuje a uklid\u0148uje suchou ple\u0165. Pln\u00fd vitam\u00edn\u016f, antioxidant\u016f a p\u0159\u00edrodn\u00edch zvlh\u010dova\u010d\u016f jemn\u011b odstra\u0148uje ne\u010distoty a make-up, p\u0159i\u010dem\u017e zanech\u00e1v\u00e1 ple\u0165 m\u011bkkou, hladkou a z\u00e1\u0159ivou. Ide\u00e1ln\u00ed pro denn\u00ed pou\u017eit\u00ed na suchou nebo citlivou ple\u0165.<\/h3>\n<h3><\/h3>\n","protected":false},"featured_media":36710,"comment_status":"open","ping_status":"closed","template":"","meta":[],"product_brand":[],"product_cat":[786],"product_tag":[781,783,793],"class_list":{"0":"post-36708","1":"product","2":"type-product","3":"status-publish","4":"has-post-thumbnail","6":"product_cat-pece-o-krasu","7":"product_tag-olej","8":"product_tag-pece-o-plet","9":"product_tag-prirodni-olej","10":"pa_l-xl-250ml","12":"first","13":"instock","14":"sale","15":"shipping-taxable","16":"purchasable","17":"product-type-simple"},"_links":{"self":[{"href":"https:\/\/bazaar.express\/cs\/wp-json\/wp\/v2\/product\/36708","targetHints":{"allow":["GET"]}}],"collection":[{"href":"https:\/\/bazaar.express\/cs\/wp-json\/wp\/v2\/product"}],"about":[{"href":"https:\/\/bazaar.express\/cs\/wp-json\/wp\/v2\/types\/product"}],"replies":[{"embeddable":true,"href":"https:\/\/bazaar.express\/cs\/wp-json\/wp\/v2\/comments?post=36708"}],"wp:featuredmedia":[{"embeddable":true,"href":"https:\/\/bazaar.express\/cs\/wp-json\/wp\/v2\/media\/36710"}],"wp:attachment":[{"href":"https:\/\/bazaar.express\/cs\/wp-json\/wp\/v2\/media?parent=36708"}],"wp:term":[{"taxonomy":"product_brand","embeddable":true,"href":"https:\/\/bazaar.express\/cs\/wp-json\/wp\/v2\/product_brand?post=36708"},{"taxonomy":"product_cat","embeddable":true,"href":"https:\/\/bazaar.express\/cs\/wp-json\/wp\/v2\/product_cat?post=36708"},{"taxonomy":"product_tag","embeddable":true,"href":"https:\/\/bazaar.express\/cs\/wp-json\/wp\/v2\/product_tag?post=36708"}],"curies":[{"name":"wp","href":"https:\/\/api.w.org\/{rel}","templated":true}]}}