{"id":36711,"date":"2024-12-30T15:32:35","date_gmt":"2024-12-30T15:32:35","guid":{"rendered":"https:\/\/bazaar.express\/product\/kolagenova-maska\/"},"modified":"2024-12-30T15:32:35","modified_gmt":"2024-12-30T15:32:35","slug":"kolagenova-maska","status":"publish","type":"product","link":"https:\/\/bazaar.express\/cs\/produkt\/kolagenova-maska\/","title":{"rendered":"Kolagenov\u00e1 maska"},"content":{"rendered":"<h2 data-start=\"211\" data-end=\"288\">Orgakera Gold Collagen Maska \u2013 Luxusn\u00ed p\u00e9\u010de o ple\u0165 pro z\u00e1\u0159ivou, mladistvou poko\u017eku<\/h2>\n<p data-start=\"290\" data-end=\"695\">Dop\u0159ejte si ultim\u00e1tn\u00ed z\u00e1\u017eitek z p\u00e9\u010de o ple\u0165 s <strong data-start=\"343\" data-end=\"374\">Orgakera Gold Collagen Maskou<\/strong> \u2013 luxusn\u00ed <em data-start=\"387\" data-end=\"393\">maskou<\/em> navr\u017eenou k revitalizaci va\u0161\u00ed pleti, obnoven\u00ed jej\u00edho mladistv\u00e9ho lesku a boji proti viditeln\u00fdm zn\u00e1mk\u00e1m st\u00e1rnut\u00ed. Obohacen\u00e1 hydrolyzovan\u00fdm kolagenem, jojobov\u00fdm olejem, arganov\u00fdm olejem a vitam\u00edny bohat\u00fdmi na antioxidanty tato vysoce v\u00fdkonn\u00e1 <em data-start=\"601\" data-end=\"607\">maska<\/em> hluboce hydratuje, spev\u0148uje a chr\u00e1n\u00ed va\u0161i ple\u0165 pro hlad\u0161\u00ed, z\u00e1\u0159iv\u011bj\u0161\u00ed vzhled.<\/p>\n<h3 data-start=\"702\" data-end=\"748\">\u00a0Pro\u010d si vybrat Orgakera Gold Collagen Maska?<\/h3>\n<h4 data-start=\"750\" data-end=\"808\">\u00a0Sila proti st\u00e1rnut\u00ed \u2013 Vyhla\u010fuje jemn\u00e9 linky a vr\u00e1sky<\/h4>\n<p data-start=\"809\" data-end=\"1026\"><strong data-start=\"813\" data-end=\"825\">Kolagen<\/strong> v t\u00e9to <em data-start=\"834\" data-end=\"840\">masce<\/em> pronik\u00e1 hluboko do pleti, zlep\u0161uje elasticitu a sni\u017euje vzhled vr\u00e1sek a jemn\u00fdch linek. Spev\u0148uje ochabl\u00e9 oblasti a zlep\u0161uje texturu pleti pro mladistv\u00fd, zvednut\u00fd vzhled.<\/p>\n<h4 data-start=\"1028\" data-end=\"1068\">\u00a0Hlubok\u00e1 hydratace pro sv\u011b\u017e\u00ed lesk<\/h4>\n<p data-start=\"1069\" data-end=\"1243\">Infundovan\u00e1 <strong data-start=\"1082\" data-end=\"1096\">jojobov\u00fdm olejem<\/strong>, <strong data-start=\"1098\" data-end=\"1111\">arganov\u00fdm olejem<\/strong> a <strong data-start=\"1117\" data-end=\"1130\">aloe vera<\/strong>, tato <em data-start=\"1137\" data-end=\"1143\">maska<\/em> dopl\u0148uje vlhkost, vy\u017eivuje such\u00e9 skvrny a zanech\u00e1v\u00e1 va\u0161i ple\u0165 m\u011bkkou, plnou a z\u00e1\u0159ivou.<\/p>\n<h4 data-start=\"1245\" data-end=\"1298\">\u00a0Vyrovn\u00e1v\u00e1 t\u00f3n pleti a rozjas\u0148uje nudn\u00fd vzhled<\/h4>\n<p data-start=\"1299\" data-end=\"1420\">Pravideln\u00fdm pou\u017e\u00edv\u00e1n\u00edm tato <em data-start=\"1322\" data-end=\"1328\">maska<\/em> pom\u00e1h\u00e1 vyblednout tmav\u00e9 skvrny a nedokonalosti, vytv\u00e1\u0159\u00ed rovnom\u011brn\u011bj\u0161\u00ed, \u010dist\u0161\u00ed a z\u00e1\u0159iv\u011bj\u0161\u00ed t\u00f3n pleti.<\/p>\n<h4 data-start=\"1422\" data-end=\"1466\">\u00a0Balancuje mastnou ple\u0165 a zu\u017euje p\u00f3ry<\/h4>\n<p data-start=\"1467\" data-end=\"1608\">Ide\u00e1ln\u00ed pro mastnou a sm\u00ed\u0161enou ple\u0165, tato <em data-start=\"1509\" data-end=\"1515\">maska<\/em> pom\u00e1h\u00e1 absorbovat p\u0159ebyte\u010dn\u00fd olej, minimalizovat lesk a zmen\u0161it velikost p\u00f3r\u016f bez p\u0159ehnan\u00e9ho vysu\u0161en\u00ed pleti.<\/p>\n<h4 data-start=\"1610\" data-end=\"1663\">\u00a0Antioxidantn\u00ed ochrana proti po\u0161kozen\u00ed pleti<\/h4>\n<p data-start=\"1664\" data-end=\"1838\">Nabita <strong data-start=\"1676\" data-end=\"1689\">vitam\u00ednem A<\/strong> a <strong data-start=\"1694\" data-end=\"1707\">vitam\u00ednem E<\/strong>, br\u00e1n\u00ed environment\u00e1ln\u00edm stres\u016fm a podporuje regeneraci pleti \u2013 dod\u00e1v\u00e1 va\u0161\u00ed tv\u00e1\u0159i trvalou ochranu a zdrav\u00fd lesk.<\/p>\n<h4 data-start=\"1840\" data-end=\"1882\">\u00a0Spev\u0148uj\u00edc\u00ed a stahuj\u00edc\u00ed efekt<\/h4>\n<p data-start=\"1883\" data-end=\"2051\">D\u00edky sv\u00e9 kolagenov\u00e9 formuli se <em data-start=\"1924\" data-end=\"1930\">maska<\/em> nap\u00edn\u00e1 a zved\u00e1 va\u0161i ple\u0165, zat\u00edmco zlep\u0161uje jej\u00ed odolnost, d\u00edky \u010demu\u017e va\u0161e tv\u00e1\u0159 vypad\u00e1 hlad\u0161\u00ed a mladistv\u011bj\u0161\u00ed v pr\u016fb\u011bhu \u010dasu.<\/p>\n<h3 data-start=\"2058\" data-end=\"2081\">\u00a0Kl\u00ed\u010dov\u00e9 slo\u017eky:<\/h3>\n<ul data-start=\"2083\" data-end=\"2843\">\n<li data-start=\"2083\" data-end=\"2174\">\n<p data-start=\"2085\" data-end=\"2174\"><strong data-start=\"2085\" data-end=\"2121\">Hydrolyzed Collagen (Fish Skin):<\/strong> Spev\u0148uje a zved\u00e1 ple\u0165, sni\u017euje zn\u00e1mky st\u00e1rnut\u00ed.<\/p>\n<\/li>\n<li data-start=\"2175\" data-end=\"2267\">\n<p data-start=\"2177\" data-end=\"2267\"><strong data-start=\"2177\" data-end=\"2192\">Jojoba Oil:<\/strong> Poskytuje hlubokou, ne tu\u010dnou hydrataci a vyva\u017euje p\u0159irozenou produkci oleje.<\/p>\n<\/li>\n<li data-start=\"2268\" data-end=\"2338\">\n<p data-start=\"2270\" data-end=\"2338\"><strong data-start=\"2270\" data-end=\"2284\">Argan Oil:<\/strong> Bojuje proti zn\u00e1mk\u00e1m st\u00e1rnut\u00ed a zlep\u0161uje elasticitu pleti.<\/p>\n<\/li>\n<li data-start=\"2339\" data-end=\"2410\">\n<p data-start=\"2341\" data-end=\"2410\"><strong data-start=\"2341\" data-end=\"2359\">Aloe Vera Oil:<\/strong> Uklid\u0148uje podr\u00e1\u017ed\u011bnou ple\u0165 a zvy\u0161uje hydrataci.<\/p>\n<\/li>\n<li data-start=\"2411\" data-end=\"2484\">\n<p data-start=\"2413\" data-end=\"2484\"><strong data-start=\"2413\" data-end=\"2444\">Polyvinylpyrrolidone (PVP):<\/strong> Zlep\u0161uje texturu a hladkost pleti.<\/p>\n<\/li>\n<li data-start=\"2485\" data-end=\"2590\">\n<p data-start=\"2487\" data-end=\"2590\"><strong data-start=\"2487\" data-end=\"2526\">Butylene Glycol &#038; Propylene Glycol:<\/strong> Pom\u00e1h\u00e1 pleti udr\u017eet vlhkost a zlep\u0161uje absorpci produktu.<\/p>\n<\/li>\n<li data-start=\"2591\" data-end=\"2665\">\n<p data-start=\"2593\" data-end=\"2665\"><strong data-start=\"2593\" data-end=\"2606\">Glycerin:<\/strong> Vyt\u00e1hne vlhkost do pleti a udr\u017e\u00ed ji plnou a sv\u011b\u017e\u00ed.<\/p>\n<\/li>\n<li data-start=\"2666\" data-end=\"2750\">\n<p data-start=\"2668\" data-end=\"2750\"><strong data-start=\"2668\" data-end=\"2682\">Vitamin A:<\/strong> Zlep\u0161uje obnovu bun\u011bk, rozjas\u0148uje t\u00f3n pleti a vyhlazuje texturu.<\/p>\n<\/li>\n<li data-start=\"2751\" data-end=\"2843\">\n<p data-start=\"2753\" data-end=\"2843\"><strong data-start=\"2753\" data-end=\"2767\">Vitamin E:<\/strong> P\u016fsob\u00ed jako siln\u00fd antioxidant, kter\u00fd podporuje hojen\u00ed a chr\u00e1n\u00ed ple\u0165.<\/p>\n<\/li>\n<\/ul>\n<h3 data-start=\"2850\" data-end=\"2896\">\u00a0Jak pou\u017e\u00edvat Orgakera Gold Collagen Maska:<\/h3>\n<ol data-start=\"2898\" data-end=\"3205\">\n<li data-start=\"2898\" data-end=\"2930\">\n<p data-start=\"2901\" data-end=\"2930\">Za\u010dn\u011bte s \u010distou, suchou plet\u00ed.<\/p>\n<\/li>\n<li data-start=\"2931\" data-end=\"3008\">\n<p data-start=\"2934\" data-end=\"3008\">Naneste rovnom\u011brnou vrstvu <strong data-start=\"2961\" data-end=\"2992\">Orgakera Gold Collagen Masky<\/strong> na obli\u010dej.<\/p>\n<\/li>\n<li data-start=\"3009\" data-end=\"3086\">\n<p data-start=\"3012\" data-end=\"3086\">Nechte <em data-start=\"3020\" data-end=\"3026\">masku<\/em> p\u016fsobit nejm\u00e9n\u011b 10 minut, aby se \u017eiviny vst\u0159ebaly.<\/p>\n<\/li>\n<li data-start=\"3087\" data-end=\"3163\">\n<p data-start=\"3090\" data-end=\"3163\">Jemn\u011b odstra\u0148te <em data-start=\"3108\" data-end=\"3114\">masku<\/em> a vmas\u00edrujte zbyl\u00e9 s\u00e9rum do pleti.<\/p>\n<\/li>\n<li data-start=\"3164\" data-end=\"3205\">\n<p data-start=\"3167\" data-end=\"3205\">Pou\u017e\u00edvejte 2\u20133kr\u00e1t t\u00fddn\u011b pro nejlep\u0161\u00ed v\u00fdsledky.<\/p>\n<\/li>\n<\/ol>\n<h3 data-start=\"3212\" data-end=\"3228\">\u00a0Varov\u00e1n\u00ed:<\/h3>\n<ul data-start=\"3230\" data-end=\"3579\">\n<li data-start=\"3230\" data-end=\"3256\">\n<p data-start=\"3232\" data-end=\"3256\">Pouze k vn\u011bj\u0161\u00edmu pou\u017eit\u00ed.<\/p>\n<\/li>\n<li data-start=\"3257\" data-end=\"3322\">\n<p data-start=\"3259\" data-end=\"3322\">Vyhn\u011bte se kontaktu s o\u010dima. Pokud dojde k kontaktu, d\u016fkladn\u011b vypl\u00e1chn\u011bte.<\/p>\n<\/li>\n<li data-start=\"3323\" data-end=\"3377\">\n<p data-start=\"3325\" data-end=\"3377\">P\u0159esta\u0148te pou\u017e\u00edvat, pokud se objev\u00ed podr\u00e1\u017ed\u011bn\u00ed nebo zarudnut\u00ed.<\/p>\n<\/li>\n<li data-start=\"3378\" data-end=\"3412\">\n<p data-start=\"3380\" data-end=\"3412\">Skladujte mimo dosah d\u011bt\u00ed.<\/p>\n<\/li>\n<li data-start=\"3413\" data-end=\"3463\">\n<p data-start=\"3415\" data-end=\"3463\">Skladujte na chladn\u00e9m, such\u00e9m m\u00edst\u011b mimo slune\u010dn\u00ed svit.<\/p>\n<\/li>\n<\/ul>\n<h3 data-start=\"3894\" data-end=\"3915\">\u00a0Z\u00e1v\u011bre\u010dn\u00e9 my\u0161lenky<\/h3>\n<p data-start=\"3917\" data-end=\"4246\">Dop\u0159ejte sv\u00e9 pleti luxusn\u00ed p\u00e9\u010di, kterou si zaslou\u017e\u00ed, s <strong data-start=\"3977\" data-end=\"4008\">Orgakera Gold Collagen Maskou<\/strong>. A\u0165 u\u017e chcete bojovat proti vr\u00e1sk\u00e1m, rozjasnit ple\u0165 nebo si jen u\u017e\u00edt pr\u00e9miov\u00fd ritu\u00e1l sebepe\u010dnosti, tato <em data-start=\"4124\" data-end=\"4130\">maska<\/em> p\u0159in\u00e1\u0161\u00ed viditeln\u00e9 v\u00fdsledky. Objevte pevn\u011bj\u0161\u00ed, hlad\u0161\u00ed a z\u00e1\u0159iv\u011bj\u0161\u00ed ple\u0165 \u2013 proto\u017ee v\u00e1\u0161 lesk za\u010d\u00edn\u00e1 sebepe\u010dnost\u00ed.<\/p>\n<p style=\"text-align: center;\">D\u011bkujeme za n\u00e1kup v <em data-start=\"415\" data-end=\"431\"><a href=\"https:\/\/bazaar.express\/\">Bazaar Express<\/a><\/em> \u2013 jsme nad\u0161en\u00ed, \u017ee jste tu!<\/p>\n<p style=\"text-align: center;\">Va\u0161e cesta k lep\u0161\u00ed sebepe\u010dnosti za\u010d\u00edn\u00e1 zde \u2013 s <a href=\"https:\/\/bazaar.express\/product-category\/beauty-care\/\">Beauty &#038; Care<\/a>, kter\u00e9 si m\u016f\u017eete v\u011b\u0159it.<\/p>\n","protected":false},"excerpt":{"rendered":"<h3 data-start=\"435\" data-end=\"682\">Za\u017eijte luxusn\u00ed p\u00e9\u010di o ple\u0165 s <strong data-start=\"471\" data-end=\"502\">Orgakera Gold Collagen Maskou<\/strong> \u2013 omlazuj\u00edc\u00ed sm\u011bs\u00ed kolagenu, p\u0159\u00edrodn\u00edch olej\u016f a vitam\u00edn\u016f, kter\u00e1 hydratuje, spev\u0148uje a rozjas\u0148uje va\u0161i ple\u0165. Ide\u00e1ln\u00ed pro redukci jemn\u00fdch linek, vyrovn\u00e1n\u00ed t\u00f3nu pleti a zv\u00fd\u0161en\u00ed lesku.<\/h3>\n","protected":false},"featured_media":36713,"comment_status":"open","ping_status":"closed","template":"","meta":[],"product_brand":[],"product_cat":[786],"product_tag":[813,783],"class_list":{"0":"post-36711","1":"product","2":"type-product","3":"status-publish","4":"has-post-thumbnail","6":"product_cat-pece-o-krasu","7":"product_tag-cream","8":"product_tag-pece-o-plet","10":"first","11":"instock","12":"shipping-taxable","13":"purchasable","14":"product-type-simple"},"_links":{"self":[{"href":"https:\/\/bazaar.express\/cs\/wp-json\/wp\/v2\/product\/36711","targetHints":{"allow":["GET"]}}],"collection":[{"href":"https:\/\/bazaar.express\/cs\/wp-json\/wp\/v2\/product"}],"about":[{"href":"https:\/\/bazaar.express\/cs\/wp-json\/wp\/v2\/types\/product"}],"replies":[{"embeddable":true,"href":"https:\/\/bazaar.express\/cs\/wp-json\/wp\/v2\/comments?post=36711"}],"wp:featuredmedia":[{"embeddable":true,"href":"https:\/\/bazaar.express\/cs\/wp-json\/wp\/v2\/media\/36713"}],"wp:attachment":[{"href":"https:\/\/bazaar.express\/cs\/wp-json\/wp\/v2\/media?parent=36711"}],"wp:term":[{"taxonomy":"product_brand","embeddable":true,"href":"https:\/\/bazaar.express\/cs\/wp-json\/wp\/v2\/product_brand?post=36711"},{"taxonomy":"product_cat","embeddable":true,"href":"https:\/\/bazaar.express\/cs\/wp-json\/wp\/v2\/product_cat?post=36711"},{"taxonomy":"product_tag","embeddable":true,"href":"https:\/\/bazaar.express\/cs\/wp-json\/wp\/v2\/product_tag?post=36711"}],"curies":[{"name":"wp","href":"https:\/\/api.w.org\/{rel}","templated":true}]}}