{"id":36720,"date":"2024-12-29T17:20:02","date_gmt":"2024-12-29T17:20:02","guid":{"rendered":"https:\/\/bazaar.express\/product\/krem-kokosoveho-mleka\/"},"modified":"2026-01-02T09:26:18","modified_gmt":"2026-01-02T09:26:18","slug":"krem-kokosoveho-mleka","status":"publish","type":"product","link":"https:\/\/bazaar.express\/cs\/produkt\/krem-kokosoveho-mleka\/","title":{"rendered":"K\u0159em kokosov\u00e9ho ml\u00e9ka"},"content":{"rendered":"<h2>K\u0159em kokosov\u00e9ho ml\u00e9ka Orgakera \u2013 Hluboce v\u00fd\u017eivn\u00fd k\u0159em pro z\u00e1\u0159ivou ple\u0165<\/h2>\n<h3><strong>P\u0159\u00edrodn\u00ed \u0159e\u0161en\u00ed pro m\u011bk\u010d\u00ed, jasn\u011bj\u0161\u00ed a rovnom\u011brn\u011b t\u00f3novanou ple\u0165<\/strong><\/h3>\n<p>Pokud hled\u00e1te p\u0159\u00edrodn\u00ed \u0159e\u0161en\u00ed pro p\u00e9\u010di o ple\u0165, kter\u00e9 hydratuje, l\u00e9\u010d\u00ed a rozjas\u0148uje \u2013 <strong>k\u0159em kokosov\u00e9ho ml\u00e9ka Orgakera<\/strong> je ide\u00e1ln\u00ed volba. Obohacen\u00fd bohatstv\u00edm organick\u00e9ho kokosov\u00e9ho oleje a silnou sm\u011bs\u00ed rostlinn\u00fdch extrakt\u016f tento multifunk\u010dn\u00ed <strong>k\u0159em<\/strong> prom\u011bn\u00ed suchou, nudnou nebo nerovnom\u011brnou ple\u0165 v z\u00e1\u0159iv\u00fd, sv\u011b\u017e\u00ed vzhled.<\/p>\n<p>A\u0165 chcete vyblednout tmav\u00e9 skvrny, uklidnit podr\u00e1\u017ed\u011bn\u00ed po depilaci, vy\u017eivit such\u00e9 rty nebo jemn\u011b odstranit make-up, tato univerz\u00e1ln\u00ed formule je nezbytnost\u00ed va\u0161\u00ed p\u00e9\u010de o ple\u0165.<\/p>\n<h3><strong>\u00a0V\u00fdhody k\u0159emu kokosov\u00e9ho ml\u00e9ka Orgakera<\/strong><\/h3>\n<h4><strong>Rovnom\u011brn\u00fd t\u00f3n pleti a redukce skvrn<\/strong><\/h4>\n<p>Pravideln\u00e9 pou\u017e\u00edv\u00e1n\u00ed pom\u00e1h\u00e1 sni\u017eovat hyperpigmentaci, jizvy po akn\u00e9 a slune\u010dn\u00ed skvrny. Va\u0161e ple\u0165 se stane \u010dist\u0161\u00ed, rovnom\u011brn\u011bj\u0161\u00ed a viditeln\u011b jasn\u011bj\u0161\u00ed.<\/p>\n<h4><strong>Jemn\u00fd a \u00fa\u010dinn\u00fd odstra\u0148ova\u010d make-upu<\/strong><\/h4>\n<p>Odstra\u0148te make-up a ne\u010distoty bez drsn\u00fdch chemik\u00e1li\u00ed. Tento <strong>k\u0159em<\/strong> zanech\u00e1 va\u0161i ple\u0165 m\u011bkkou, sv\u011b\u017e\u00ed a \u010distou \u2013 nikdy suchou nebo podr\u00e1\u017ed\u011bnou.<\/p>\n<h4><strong>Uklidn\u011bn\u00ed po depilaci<\/strong><\/h4>\n<p>Sbohem zarudnut\u00ed a podr\u00e1\u017ed\u011bn\u00ed po voskov\u00e1n\u00ed nebo holen\u00ed. Tato uklid\u0148uj\u00edc\u00ed formule p\u0159irozen\u011b chlad\u00ed a komfortn\u011b p\u016fsob\u00ed na ple\u0165.<\/p>\n<h4><strong>Hrdina hydratace rt\u016f<\/strong><\/h4>\n<p>Such\u00e9, popraskan\u00e9 rty? Tento <strong>k\u0159em<\/strong> slou\u017e\u00ed i jako balz\u00e1m na rty, uzamyk\u00e1 vlhkost a zanech\u00e1v\u00e1 rty m\u011bkk\u00e9 a hebk\u00e9.<\/p>\n<h4><strong>Rychle p\u016fsob\u00edc\u00ed rozjas\u0148ova\u010d pleti<\/strong><\/h4>\n<p>Pro p\u0159irozen\u00fd lesk jej sm\u00edchejte s n\u011bkolika kapkami \u010dajovn\u00edkov\u00e9ho oleje a aplikujte denn\u011b. V\u00fdsledek? Jasn\u011bj\u0161\u00ed ple\u0165 se zdrav\u00fdm leskem.<\/p>\n<h3><strong>\u00a0Co ho \u010din\u00ed tak \u00fa\u010dinn\u00fdm?<\/strong><\/h3>\n<p>K\u0159em kokosov\u00e9ho ml\u00e9ka Orgakera je nabit\u00fd p\u0159\u00edrodn\u00edmi slo\u017ekami milovan\u00fdmi ple\u0165:<\/p>\n<ul>\n<li><strong>Organick\u00fd kokosov\u00fd olej:<\/strong> Hluboce hydratuje a chr\u00e1n\u00ed ple\u0165 p\u0159ed suchost\u00ed a loup\u00e1n\u00edm.<\/li>\n<li><strong>Aloe vera a extrakt he\u0159m\u00e1nku:<\/strong> Uklid\u0148uje podr\u00e1\u017ed\u011bnou ple\u0165 a sni\u017euje zarudnut\u00ed.<\/li>\n<li><strong>\u0160e\u00e1 m\u00e1slo:<\/strong> Bohat\u00e9 na \u017eiviny, zjem\u0148uje a chr\u00e1n\u00ed ko\u017en\u00ed bari\u00e9ru.<\/li>\n<li><strong>Organick\u00fd arganov\u00fd olej:<\/strong> Oprav\u00ed a hydratuje nudnou nebo loupaj\u00edc\u00ed se ple\u0165.<\/li>\n<li><strong>Extrakty zelen\u00e9ho \u010daje a k\u00e1vy:<\/strong> Bojuj\u00ed proti voln\u00fdm radik\u00e1l\u016fm, osv\u011b\u017euj\u00ed unavenou ple\u0165 a zlep\u0161uj\u00ed elasticitu.<\/li>\n<li><strong>Extrakty jablka a ban\u00e1nu:<\/strong> P\u0159\u00edrodn\u00ed zdroje vitam\u00edn\u016f A, C a E pro jasn\u011bj\u0161\u00ed, zdrav\u011bj\u0161\u00ed ple\u0165.<\/li>\n<\/ul>\n<h3><strong>\u00a0Jak pou\u017e\u00edvat<\/strong><\/h3>\n<p>Aplikujte k\u0159em kokosov\u00e9ho ml\u00e9ka Orgakera na \u010distou, suchou ple\u0165 <strong>2 a\u017e 3kr\u00e1t denn\u011b<\/strong>. Jemn\u011b vmas\u00edrujte, dokud se pln\u011b nevst\u0159eb\u00e1. Pou\u017e\u00edvejte na obli\u010dej, t\u011blo nebo rty pro celodenn\u00ed hydrataci a lesk.<\/p>\n<h3><strong>\u00a0Upozorn\u011bn\u00ed<\/strong><\/h3>\n<ul>\n<li>Pouze k vn\u011bj\u0161\u00edmu pou\u017eit\u00ed<\/li>\n<li>Vyhn\u011bte se kontaktu s o\u010dima<\/li>\n<li>Schovejte mimo dosah d\u011bt\u00ed<\/li>\n<li>Skladujte na chladn\u00e9m a such\u00e9m m\u00edst\u011b<\/li>\n<\/ul>\n<h3><strong>\u00a0Z\u00e1v\u011bre\u010dn\u00e9 my\u0161lenky<\/strong><\/h3>\n<p>Va\u0161e ple\u0165 si zaslou\u017e\u00ed jemnou p\u00e9\u010di s v\u00fdkonn\u00fdmi v\u00fdsledky. <strong>K\u0159em kokosov\u00e9ho ml\u00e9ka Orgakera<\/strong> je multifunk\u010dn\u00ed kosmetick\u00e1 esence, kter\u00e1 hydratuje, rozjas\u0148uje a chr\u00e1n\u00ed \u2013 v\u0161e v jednom luxusn\u00edm k\u0159emu. A\u0165 chcete zv\u00fd\u0161it sv\u016fj p\u0159irozen\u00fd lesk nebo \u0159e\u0161it specifick\u00e9 probl\u00e9my s plet\u00ed, tento k\u0159em je va\u0161\u00ed denn\u00edm spole\u010dn\u00edkem.<\/p>\n<p><strong>Odhalte p\u0159irozenou kr\u00e1su sv\u00e9 pleti \u2013 jednou aplikac\u00ed po druh\u00e9. P\u0159idejte k\u0159em kokosov\u00e9ho ml\u00e9ka Orgakera do sv\u00e9 rutiny a poc\u00edt\u00edte rozd\u00edl.<\/strong><\/p>\n<p>&nbsp;<\/p>\n<p style=\"text-align: center;\">D\u011bkujeme za n\u00e1kup v <em data-start=\"415\" data-end=\"431\"><a href=\"https:\/\/bazaar.express\/cs\/\">Bazaar Express<\/a><\/em> \u2013 jsme nad\u0161en\u00ed, \u017ee jste u n\u00e1s!<\/p>\n<p style=\"text-align: center;\">Va\u0161e cesta k lep\u0161\u00ed p\u00e9\u010di o sebe za\u010d\u00edn\u00e1 zde \u2013 s <a href=\"https:\/\/bazaar.express\/product-category\/beauty-care\/\">Beauty &#038; Care<\/a>, kter\u00e9 si m\u016f\u017eete v\u011b\u0159it.<\/p>\n","protected":false},"excerpt":{"rendered":"<h3 data-start=\"474\" data-end=\"667\">P\u0159\u00edrodn\u00ed multifunk\u010dn\u00ed k\u0159em s kokosov\u00fdm olejem a bylinn\u00fdmi extrakty pro hydrataci, rozjasn\u011bn\u00ed pleti a uklidn\u011bn\u00ed podr\u00e1\u017ed\u011bn\u00ed. Skv\u011bl\u00fd na odstra\u0148ov\u00e1n\u00ed make-upu, such\u00e9 rty a p\u00e9\u010di po depilaci.<\/h3>\n","protected":false},"featured_media":36723,"comment_status":"open","ping_status":"closed","template":"","meta":[],"product_brand":[],"product_cat":[786],"product_tag":[813,792,781],"class_list":{"0":"post-36720","1":"product","2":"type-product","3":"status-publish","4":"has-post-thumbnail","6":"product_cat-pece-o-krasu","7":"product_tag-cream","8":"product_tag-masaz","9":"product_tag-olej","10":"pa_l-xl-150ml","11":"pa_l-xl-300ml","13":"first","14":"instock","15":"shipping-taxable","16":"purchasable","17":"product-type-variable"},"_links":{"self":[{"href":"https:\/\/bazaar.express\/cs\/wp-json\/wp\/v2\/product\/36720","targetHints":{"allow":["GET"]}}],"collection":[{"href":"https:\/\/bazaar.express\/cs\/wp-json\/wp\/v2\/product"}],"about":[{"href":"https:\/\/bazaar.express\/cs\/wp-json\/wp\/v2\/types\/product"}],"replies":[{"embeddable":true,"href":"https:\/\/bazaar.express\/cs\/wp-json\/wp\/v2\/comments?post=36720"}],"wp:featuredmedia":[{"embeddable":true,"href":"https:\/\/bazaar.express\/cs\/wp-json\/wp\/v2\/media\/36723"}],"wp:attachment":[{"href":"https:\/\/bazaar.express\/cs\/wp-json\/wp\/v2\/media?parent=36720"}],"wp:term":[{"taxonomy":"product_brand","embeddable":true,"href":"https:\/\/bazaar.express\/cs\/wp-json\/wp\/v2\/product_brand?post=36720"},{"taxonomy":"product_cat","embeddable":true,"href":"https:\/\/bazaar.express\/cs\/wp-json\/wp\/v2\/product_cat?post=36720"},{"taxonomy":"product_tag","embeddable":true,"href":"https:\/\/bazaar.express\/cs\/wp-json\/wp\/v2\/product_tag?post=36720"}],"curies":[{"name":"wp","href":"https:\/\/api.w.org\/{rel}","templated":true}]}}