{"id":36748,"date":"2024-12-29T02:02:50","date_gmt":"2024-12-29T02:02:50","guid":{"rendered":"https:\/\/bazaar.express\/product\/kozi-mlecny-krem-2\/"},"modified":"2024-12-29T02:02:50","modified_gmt":"2024-12-29T02:02:50","slug":"kozi-mlecny-krem-2","status":"publish","type":"product","link":"https:\/\/bazaar.express\/cs\/produkt\/kozi-mlecny-krem-2\/","title":{"rendered":"Koz\u00ed ml\u00e9\u010dn\u00fd kr\u00e9m"},"content":{"rendered":"<h2>Orgakera Koz\u00ed ml\u00e9\u010dn\u00fd kr\u00e9m \u2013 Vy\u017eivuj\u00edc\u00ed lesk p\u0159irozen\u011b<\/h2>\n<h3>Va\u0161e ka\u017edodenn\u00ed \u0159e\u0161en\u00ed pro z\u00e1\u0159ivou, hydratovanou a mladistvou ple\u0165<\/h3>\n<p>Hled\u00e1te ple\u0165ov\u00fd kr\u00e9m, kter\u00fd hydratuje, opravuje, bojuje proti akn\u00e9 a obnovuje zdrav\u00fd lesk \u2013 a to v\u0161e bez drsn\u00fdch chemik\u00e1li\u00ed? Hledejte d\u00e1l ne\u017e u <strong>Orgakera Koz\u00ed ml\u00e9\u010dn\u00fd kr\u00e9m<\/strong>. Obohacen\u00fd o \u017eivinami bohat\u00e9 <em>koz\u00ed ml\u00e9ko<\/em> a silnou sm\u011bs protiz\u00e1n\u011btliv\u00fdch, antioxida\u010dn\u00edch a hydrata\u010dn\u00edch ingredienc\u00ed je tento kr\u00e9m ide\u00e1ln\u00edm ka\u017edodenn\u00edm spole\u010dn\u00edkem pro m\u011bkkou, pru\u017enou a hladkou ple\u0165.<\/p>\n<p>Koz\u00ed ml\u00e9ko je oslavov\u00e1no pro svou jedine\u010dnou schopnost vy\u017eivovat i nejn\u00e1chyln\u011bj\u0161\u00ed ple\u0165. V kombinaci s p\u0159\u00edrodn\u00edmi oleji, vitam\u00edny a bylinn\u00fdmi extrakty poskytuje <strong>Orgakera Koz\u00ed ml\u00e9\u010dn\u00fd kr\u00e9m<\/strong> v\u00edcevrstvou p\u00e9\u010di, kter\u00e1 chr\u00e1n\u00ed va\u0161i ple\u0165 p\u0159ed suchost\u00ed, z\u00e1n\u011bty, st\u00e1rnut\u00edm a akn\u00e9 \u2013 v\u0161e v jednom sklenici.<\/p>\n<h3> Pro\u010d si vybrat Orgakera Koz\u00ed ml\u00e9\u010dn\u00fd kr\u00e9m?<\/h3>\n<h4><strong>P\u0159\u00edrodn\u00ed s\u00edla proti st\u00e1rnut\u00ed<\/strong><\/h4>\n<p>Nabito <strong>vitam\u00edny A, C a E<\/strong>, tento kr\u00e9m pom\u00e1h\u00e1 redukovat jemn\u00e9 linky, vr\u00e1sky a zn\u00e1mky p\u0159ed\u010dasn\u00e9ho st\u00e1rnut\u00ed. Tyto antioxidanty neutralizuj\u00ed voln\u00e9 radik\u00e1ly a zvy\u0161uj\u00ed elasticitu pleti.<\/p>\n<h4><strong>L\u00e9\u010dba akn\u00e9 a z\u00e1n\u011bt\u016f<\/strong><\/h4>\n<p>Proteiny z koz\u00edho ml\u00e9ka pom\u00e1haj\u00ed vyva\u017eovat produkci oleje, redukovat z\u00e1n\u011bty pleti a urychlovat hojen\u00ed akn\u00e9. V\u00fdsledek? \u010cist\u0161\u00ed, klidn\u011bj\u0161\u00ed ple\u0165 s men\u0161\u00ed \u010derve\u0148ovost\u00ed a m\u00e9n\u011b v\u00fdlev\u016f.<\/p>\n<h4><strong>Hlubok\u00e1 a trval\u00e1 hydratace<\/strong><\/h4>\n<p>Bohat\u00fd na <strong>tukov\u00e9 kyseliny, glycerin a olivov\u00fd olej<\/strong>, tento kr\u00e9m uzamyk\u00e1 vlhkost a udr\u017euje va\u0161i ple\u0165 hydratovanou cel\u00fd den bez mastn\u00e9ho pocitu.<\/p>\n<h4><strong>Uklid\u0148uje a opravuje citlivou ple\u0165<\/strong><\/h4>\n<p>Infuzovan\u00fd <strong>extraktem he\u0159m\u00e1nku, aloe vera, \u010dern\u00fdm semenn\u00fdm olejem a bambuck\u00fdm m\u00e1slem<\/strong>, kr\u00e9m uklid\u0148uje podr\u00e1\u017ed\u011bn\u00e9 oblasti, pom\u00e1h\u00e1 redukovat zarudnut\u00ed a podporuje rychlej\u0161\u00ed hojen\u00ed such\u00e9 nebo po\u0161kozen\u00e9 pleti.<\/p>\n<h4><strong>Zlep\u0161uje texturu a elasticitu pleti<\/strong><\/h4>\n<p>Pravideln\u00fdm pou\u017e\u00edv\u00e1n\u00edm kolagen a jojobov\u00fd olej ve formuli pom\u00e1haj\u00ed <strong>obnovit pevnost a hladkost<\/strong>, dod\u00e1vaj\u00ed va\u0161\u00ed pleti mladistv\u00fd odskok a sametovou texturu.<\/p>\n<h4><strong>Zabra\u0148uje podr\u00e1\u017ed\u011bn\u00ed a infekc\u00edm pleti<\/strong><\/h4>\n<p>D\u00edky sv\u00fdm antimikrobi\u00e1ln\u00edm a uklid\u0148uj\u00edc\u00edm ingredienc\u00edm je tento kr\u00e9m ide\u00e1ln\u00ed pro suchou, podr\u00e1\u017ed\u011bnou nebo loupaj\u00edc\u00ed se ple\u0165 a m\u016f\u017ee p\u0159irozen\u011b pomoci zabr\u00e1nit bakteri\u00e1ln\u00edm nebo pl\u00eds\u0148ov\u00fdm infekc\u00edm.<\/p>\n<h3><strong> Pr\u00e9miov\u00e9 p\u0159\u00edrodn\u00ed ingredience<\/strong><\/h3>\n<p>Ka\u017ed\u00e1 sklenice Orgakera Koz\u00ed ml\u00e9\u010dn\u00fd kr\u00e9m je vyrobena z pe\u010dliv\u011b vybran\u00e9 sm\u011bsi pr\u00e9miov\u00fdch ingredienc\u00ed \u0161etrn\u00fdch k pleti:<\/p>\n<ul>\n<li><strong>Koz\u00ed ml\u00e9ko<\/strong><\/li>\n<li><strong>Extrakt he\u0159m\u00e1nku<\/strong><\/li>\n<li><strong>Panthenol (vitam\u00edn B5)<\/strong><\/li>\n<li><strong>Jojobov\u00fd olej<\/strong><\/li>\n<li><strong>\u010cern\u00fd semenn\u00fd olej<\/strong><\/li>\n<li><strong>Olej z kl\u00ed\u010d\u016f p\u0161enice<\/strong><\/li>\n<li><strong>Bambuck\u00e9 m\u00e1slo<\/strong><\/li>\n<li><strong>Mo\u0159sk\u00fd kolagen<\/strong><\/li>\n<li><strong>Extrakt aloe vera<\/strong><\/li>\n<li><strong>Kokosov\u00fd olej<\/strong><\/li>\n<li><strong>Olivov\u00fd olej<\/strong><\/li>\n<li><strong>Mrkvov\u00fd olej<\/strong><\/li>\n<li><strong>Vitam\u00edn E<\/strong><\/li>\n<li><strong>Extrakt kavi\u00e1ru<\/strong><\/li>\n<li><strong>Arganov\u00fd olej<\/strong><\/li>\n<li><strong>Voskovec, glycerin, trietanolamin, kyselina stearov\u00e1, karbapol, oxid zine\u010dnat\u00fd, methylparaben, Tween 60, \u010di\u0161t\u011bn\u00e1 voda<\/strong><\/li>\n<\/ul>\n<p>Tato luxusn\u00ed formule p\u016fsob\u00ed hluboko do va\u0161\u00ed pleti, aby ji hydratovala, hojila a omlazovala \u2013 zanech\u00e1v\u00e1 ple\u0165 m\u011bkkou, hladkou a z\u00e1\u0159ivou.<\/p>\n<h3> Jak pou\u017e\u00edvat<\/h3>\n<p>Nan\u00e1\u0161ejte Orgakera Koz\u00ed ml\u00e9\u010dn\u00fd kr\u00e9m \u0161t\u011bd\u0159e na \u010distou, suchou ple\u0165.<br \/>\nSoust\u0159e\u010fte se na such\u00e9, podr\u00e1\u017ed\u011bn\u00e9 nebo akn\u00e9 n\u00e1chyln\u00e9 oblasti.<br \/>\nPou\u017e\u00edvejte <strong>2\u20133kr\u00e1t denn\u011b<\/strong> pro optim\u00e1ln\u00ed hydrataci a obnovu pleti.<\/p>\n<h3>Kl\u00ed\u010dov\u00e1 varov\u00e1n\u00ed<\/h3>\n<ul>\n<li>Pro <strong>vn\u011bj\u0161\u00ed pou\u017eit\u00ed pouze<\/strong><\/li>\n<li>Vyhn\u011bte se kontaktu s o\u010dima<\/li>\n<li>Schovejte mimo dosah d\u011bt\u00ed<\/li>\n<li>Skladujte na chladn\u00e9m, such\u00e9m m\u00edst\u011b<\/li>\n<\/ul>\n<h3><strong> Z\u00e1v\u011bre\u010dn\u00e9 my\u0161lenky<\/strong><\/h3>\n<p>Zdrav\u00e1 ple\u0165 nemus\u00ed b\u00fdt komplikovan\u00e1. S <strong>Orgakera Koz\u00ed ml\u00e9\u010dn\u00fd kr\u00e9m<\/strong> z\u00edsk\u00e1te v\u00fd\u017eivu, hydrataci a ochranu, kterou va\u0161e ple\u0165 tou\u017e\u00ed \u2013 p\u0159\u00edmo z p\u0159\u00edrody. A\u0165 u\u017e bojujete se suchost\u00ed, zn\u00e1mkami st\u00e1rnut\u00ed nebo akn\u00e9 n\u00e1chylnou plet\u00ed, tento kr\u00e9m p\u0159in\u00e1\u0161\u00ed viditeln\u00e9 v\u00fdsledky p\u0159i ka\u017ed\u00e9m pou\u017eit\u00ed.<\/p>\n<p><strong>Transformujte svou rutinu p\u00e9\u010de o ple\u0165. Vyberte Orgakera Koz\u00ed ml\u00e9\u010dn\u00fd kr\u00e9m a p\u0159ijm\u011bte p\u0159irozen\u011b z\u00e1\u0159ivou ple\u0165.<\/strong><\/p>\n<p>&nbsp;<\/p>\n<p style=\"text-align: center;\">D\u011bkujeme za n\u00e1kup v <em data-start=\"415\" data-end=\"431\"><a href=\"https:\/\/bazaar.express\/\">Bazaar Express<\/a><\/em> \u2013 jsme nad\u0161en\u00ed, \u017ee jste tu!<\/p>\n<p style=\"text-align: center;\">Va\u0161e cesta k lep\u0161\u00ed p\u00e9\u010di o sebe za\u010d\u00edn\u00e1 zde \u2013 s <a href=\"https:\/\/bazaar.express\/product-category\/beauty-care\/\">Beauty &#038; Care<\/a>, kter\u00e9 si m\u016f\u017eete d\u016fv\u011b\u0159it.<\/p>\n","protected":false},"excerpt":{"rendered":"<h3 data-start=\"484\" data-end=\"661\">Vy\u017eivuj\u00edc\u00ed kr\u00e9m infuzovan\u00fd koz\u00edm ml\u00e9kem, kolagenem a bylinn\u00fdmi oleji pro hydrataci suchej pleti, redukci akn\u00e9 a boj proti zn\u00e1mk\u00e1m st\u00e1rnut\u00ed. Ide\u00e1ln\u00ed pro citlivou, nudnou nebo podr\u00e1\u017ed\u011bnou ple\u0165.<\/h3>\n","protected":false},"featured_media":36750,"comment_status":"open","ping_status":"closed","template":"","meta":[],"product_brand":[],"product_cat":[786],"product_tag":[813,781],"class_list":{"0":"post-36748","1":"product","2":"type-product","3":"status-publish","4":"has-post-thumbnail","6":"product_cat-pece-o-krasu","7":"product_tag-cream","8":"product_tag-olej","9":"pa_l-xl-150ml","10":"pa_l-xl-300ml","12":"first","13":"instock","14":"shipping-taxable","15":"purchasable","16":"product-type-variable"},"_links":{"self":[{"href":"https:\/\/bazaar.express\/cs\/wp-json\/wp\/v2\/product\/36748","targetHints":{"allow":["GET"]}}],"collection":[{"href":"https:\/\/bazaar.express\/cs\/wp-json\/wp\/v2\/product"}],"about":[{"href":"https:\/\/bazaar.express\/cs\/wp-json\/wp\/v2\/types\/product"}],"replies":[{"embeddable":true,"href":"https:\/\/bazaar.express\/cs\/wp-json\/wp\/v2\/comments?post=36748"}],"wp:featuredmedia":[{"embeddable":true,"href":"https:\/\/bazaar.express\/cs\/wp-json\/wp\/v2\/media\/36750"}],"wp:attachment":[{"href":"https:\/\/bazaar.express\/cs\/wp-json\/wp\/v2\/media?parent=36748"}],"wp:term":[{"taxonomy":"product_brand","embeddable":true,"href":"https:\/\/bazaar.express\/cs\/wp-json\/wp\/v2\/product_brand?post=36748"},{"taxonomy":"product_cat","embeddable":true,"href":"https:\/\/bazaar.express\/cs\/wp-json\/wp\/v2\/product_cat?post=36748"},{"taxonomy":"product_tag","embeddable":true,"href":"https:\/\/bazaar.express\/cs\/wp-json\/wp\/v2\/product_tag?post=36748"}],"curies":[{"name":"wp","href":"https:\/\/api.w.org\/{rel}","templated":true}]}}