{"id":36796,"date":"2025-01-26T18:00:23","date_gmt":"2025-01-26T18:00:23","guid":{"rendered":"https:\/\/bazaar.express\/product\/sada-svicek-2\/"},"modified":"2025-01-26T18:00:23","modified_gmt":"2025-01-26T18:00:23","slug":"sada-svicek-2","status":"publish","type":"product","link":"https:\/\/bazaar.express\/cs\/produkt\/sada-svicek-2\/","title":{"rendered":"Sada sv\u00ed\u010dek"},"content":{"rendered":"<h2 data-start=\"301\" data-end=\"367\"><strong>Sada sv\u00ed\u010dek \u2013 Modr\u00e9 alabastrov\u00e9 pyramidov\u00e9 lampy ru\u010dn\u011b vyroben\u00e9 v Egypt\u011b<\/strong><\/h2>\n<h3 data-start=\"369\" data-end=\"424\">P\u0159ineste starov\u011bkou kr\u00e1su a modern\u00ed teplo do sv\u00e9ho domova<\/h3>\n<p data-start=\"426\" data-end=\"872\">Pov\u00fd\u0161te sv\u016fj interi\u00e9r s <strong data-start=\"457\" data-end=\"495\">Sadou sv\u00ed\u010dek Modr\u00e9 alabastrov\u00e9 pyramidy<\/strong>, ru\u010dn\u011b vyrobenou kolekc\u00ed elegantn\u00edch pyramidov\u00fdch lamp inspirovan\u00fdch legend\u00e1rn\u00edmi g\u00edzsk\u00fdmi pyramidami Egypta. Navr\u017een\u00e9 tak, aby odr\u00e1\u017eely architektonickou brilanci Chufua, Chafrea a Menkaura, tyto jedine\u010dn\u00e9 sv\u00ed\u010dkov\u00e9 lampy spojuj\u00ed kulturn\u00ed d\u011bdictv\u00ed s nad\u010dasovou eleganc\u00ed. A\u0165 u\u017e je pou\u017e\u00edv\u00e1te jako atmosf\u00e9rick\u00e9 osv\u011btlen\u00ed nebo poutav\u00fd st\u0159edob\u011b\u017en\u00edk, tato sada p\u0159id\u00e1v\u00e1 teplo, sofistikovanost a p\u0159\u00edb\u011bh do jak\u00e9hokoli prostoru.<\/p>\n<h3 data-start=\"874\" data-end=\"921\">Ru\u010dn\u011b vyroben\u00e9 z prav\u00e9ho egyptsk\u00e9ho alabastru<\/h3>\n<p data-start=\"923\" data-end=\"1231\">Zku\u0161en\u00ed egypt\u0161t\u00ed \u0159emesln\u00edci pe\u010dliv\u011b vy\u0159ez\u00e1vaj\u00ed ka\u017edou pyramidu z vysoce kvalitn\u00edho <strong data-start=\"994\" data-end=\"1012\">modr\u00e9ho alabastru<\/strong>, polopr\u016fhledn\u00e9ho kamene oslavovan\u00e9ho pro sv\u016fj jemn\u00fd svit a p\u0159irozen\u00e9 vzory. Kdy\u017e je uvnit\u0159 zap\u00e1len\u00e1 sv\u00ed\u010dka, vyza\u0159uje uklid\u0148uj\u00edc\u00ed okoln\u00ed sv\u011btlo, kter\u00e9 okam\u017eit\u011b zm\u011bk\u010d\u00ed v\u00e1\u0161 prostor a zv\u00fdrazn\u00ed jedine\u010dn\u00e9 \u017eilkov\u00e1n\u00ed kamene.<\/p>\n<h3 data-start=\"1233\" data-end=\"1281\">Pro\u010d si vybrat sadu sv\u00ed\u010dkov\u00fdch pyramidov\u00fdch lamp v modr\u00e9 barv\u011b?<\/h3>\n<ul data-start=\"1283\" data-end=\"1939\">\n<li data-start=\"1283\" data-end=\"1408\">\n<p data-start=\"1285\" data-end=\"1408\"><strong data-start=\"1285\" data-end=\"1319\">Inspirov\u00e1no g\u00edzk\u00fdmi pyramidami:<\/strong> Tyto dr\u017e\u00e1ky na sv\u00ed\u010dky zachycuj\u00ed majest\u00e1tn\u00ed formu nejslavn\u011bj\u0161\u00edch starov\u011bk\u00fdch pam\u00e1tek Egypta.<\/p>\n<\/li>\n<li data-start=\"1409\" data-end=\"1533\">\n<p data-start=\"1411\" data-end=\"1533\"><strong data-start=\"1411\" data-end=\"1439\">Autentick\u00e9 \u0159emeslnictv\u00ed:<\/strong> Ka\u017ed\u00fd kousek je ru\u010dn\u011b vyroben v Egypt\u011b \u0159emesln\u00edky s hlubok\u00fdmi ko\u0159eny v tradi\u010dn\u00edm vy\u0159ez\u00e1v\u00e1n\u00ed alabastru.<\/p>\n<\/li>\n<li data-start=\"1534\" data-end=\"1693\">\n<p data-start=\"1536\" data-end=\"1693\"><strong data-start=\"1536\" data-end=\"1567\">Univerz\u00e1ln\u00ed osv\u011btlen\u00ed a dekorace:<\/strong> Ide\u00e1ln\u00ed pro pou\u017eit\u00ed jako dr\u017e\u00e1ky na sv\u00ed\u010dky, akcentn\u00ed lampy nebo dekorativn\u00ed prvky do ob\u00fdvac\u00edch pokoj\u016f, lo\u017enic, kancel\u00e1\u0159\u00ed nebo na speci\u00e1ln\u00ed ud\u00e1losti.<\/p>\n<\/li>\n<li data-start=\"1694\" data-end=\"1817\">\n<p data-start=\"1696\" data-end=\"1817\"><strong data-start=\"1696\" data-end=\"1717\">Elegantn\u00ed modr\u00fd odst\u00edn:<\/strong> M\u011bkk\u00e1 modr\u00e1 barva p\u0159id\u00e1v\u00e1 klid a kouzlo, ide\u00e1ln\u00ed pro sou\u010dasn\u00e9 i tradi\u010dn\u00ed interi\u00e9ry.<\/p>\n<\/li>\n<li data-start=\"1818\" data-end=\"1939\">\n<p data-start=\"1820\" data-end=\"1939\"><strong data-start=\"1820\" data-end=\"1841\">Jedine\u010dn\u00fd d\u00e1rek:<\/strong> V\u00fdjime\u010dn\u00fd d\u00e1rek pro milovn\u00edky historie, egyptsk\u00e9 kultury, jemn\u00e9 dekorace nebo ru\u010dn\u011b vyroben\u00e9ho osv\u011btlen\u00ed.<\/p>\n<\/li>\n<\/ul>\n<h3 data-start=\"1941\" data-end=\"1967\">Specifikace produktu<\/h3>\n<h4 data-start=\"1969\" data-end=\"2000\">Velk\u00e1 pyramidov\u00e1 sv\u00ed\u010dkov\u00e1 lampa:<\/h4>\n<ul data-start=\"2001\" data-end=\"2087\">\n<li data-start=\"2001\" data-end=\"2031\">\n<p data-start=\"2003\" data-end=\"2031\"><strong data-start=\"2003\" data-end=\"2022\">P\u0159ibli\u017en\u00e1 hmotnost:<\/strong> 1023 g<\/p>\n<\/li>\n<li data-start=\"2032\" data-end=\"2053\">\n<p data-start=\"2034\" data-end=\"2053\"><strong data-start=\"2034\" data-end=\"2045\">V\u00fd\u0161ka:<\/strong> 14 cm<\/p>\n<\/li>\n<li data-start=\"2054\" data-end=\"2087\">\n<p data-start=\"2056\" data-end=\"2087\"><strong data-start=\"2056\" data-end=\"2071\">Rozm\u011bry:<\/strong> 13 cm x 13 cm<\/p>\n<\/li>\n<\/ul>\n<h4 data-start=\"2089\" data-end=\"2121\">St\u0159edn\u00ed pyramidov\u00e1 sv\u00ed\u010dkov\u00e1 lampa:<\/h4>\n<ul data-start=\"2122\" data-end=\"2207\">\n<li data-start=\"2122\" data-end=\"2151\">\n<p data-start=\"2124\" data-end=\"2151\"><strong data-start=\"2124\" data-end=\"2143\">P\u0159ibli\u017en\u00e1 hmotnost:<\/strong> 509 g<\/p>\n<\/li>\n<li data-start=\"2152\" data-end=\"2173\">\n<p data-start=\"2154\" data-end=\"2173\"><strong data-start=\"2154\" data-end=\"2165\">V\u00fd\u0161ka:<\/strong> 12 cm<\/p>\n<\/li>\n<li data-start=\"2174\" data-end=\"2207\">\n<p data-start=\"2176\" data-end=\"2207\"><strong data-start=\"2176\" data-end=\"2191\">Rozm\u011bry:<\/strong> 10 cm x 10 cm<\/p>\n<\/li>\n<\/ul>\n<h4 data-start=\"2209\" data-end=\"2240\">Mal\u00e1 pyramidov\u00e1 sv\u00ed\u010dkov\u00e1 lampa:<\/h4>\n<ul data-start=\"2241\" data-end=\"2401\">\n<li data-start=\"2241\" data-end=\"2270\">\n<p data-start=\"2243\" data-end=\"2270\"><strong data-start=\"2243\" data-end=\"2262\">P\u0159ibli\u017en\u00e1 hmotnost:<\/strong> 415 g<\/p>\n<\/li>\n<li data-start=\"2271\" data-end=\"2292\">\n<p data-start=\"2273\" data-end=\"2292\"><strong data-start=\"2273\" data-end=\"2284\">V\u00fd\u0161ka:<\/strong> 10 cm<\/p>\n<\/li>\n<li data-start=\"2293\" data-end=\"2324\">\n<p data-start=\"2295\" data-end=\"2324\"><strong data-start=\"2295\" data-end=\"2310\">Rozm\u011bry:<\/strong> 9 cm x 9 cm<\/p>\n<\/li>\n<li data-start=\"2326\" data-end=\"2367\">\n<p data-start=\"2328\" data-end=\"2367\"><strong data-start=\"2328\" data-end=\"2341\">Materi\u00e1l:<\/strong> P\u0159\u00edrodn\u00ed alabastrov\u00fd k\u00e1men<\/p>\n<\/li>\n<li data-start=\"2368\" data-end=\"2401\">\n<p data-start=\"2370\" data-end=\"2401\"><strong data-start=\"2370\" data-end=\"2381\">P\u016fvod:<\/strong> Ru\u010dn\u011b vyrobeno v Egypt\u011b<\/p>\n<\/li>\n<\/ul>\n<h3 data-start=\"2403\" data-end=\"2465\">Sv\u00ed\u010dkov\u00e9 sv\u011btlo s histori\u00ed \u2013 Prohl\u00e1\u0161en\u00ed um\u011bn\u00ed a atmosf\u00e9ry<\/h3>\n<p data-start=\"2467\" data-end=\"2799\"><strong data-start=\"2471\" data-end=\"2508\">Sada sv\u00ed\u010dek Modr\u00fd alabastrov\u00fd pyramidov\u00fd set<\/strong> d\u011bl\u00e1 v\u00edc ne\u017e osv\u011btluje \u2013 transformuje. Jak sv\u011btlo sv\u00ed\u010dky z\u00e1\u0159\u00ed zevnit\u0159 ru\u010dn\u011b vy\u0159ezan\u00e9ho kamene, poc\u00edt\u00edte spojen\u00ed s bohatou egyptskou minulost\u00ed. A\u0165 u\u017e je vystavujete samostatn\u011b nebo jako skupinu, tyto lampy dod\u00e1vaj\u00ed nezapomenutelnou atmosf\u00e9ru, kter\u00e1 m\u00eds\u00ed luxus, \u0159emeslnictv\u00ed a kulturn\u00ed hloubku.<\/p>\n<h3 data-start=\"156\" data-end=\"206\"><strong data-start=\"160\" data-end=\"206\">Sv\u00ed\u010dkov\u00e9 sv\u011btlo spojuj\u00edc\u00ed minulost a p\u0159\u00edtomnost<\/strong><\/h3>\n<p data-start=\"208\" data-end=\"573\">P\u0159ineste nad\u010dasov\u00e9 kouzlo do sv\u00e9ho prostoru s <strong data-start=\"254\" data-end=\"291\">Sadou sv\u00ed\u010dek Modr\u00e9 alabastrov\u00e9 pyramidy<\/strong> \u2013 ru\u010dn\u011b vyrobenou poctou slavn\u00e9 egyptsk\u00e9 minulosti a kr\u00e1sn\u00fdm dopl\u0148kem modern\u00edch interi\u00e9r\u016f. A\u0165 jste milovn\u00edk jemn\u00fdho designu, hleda\u010d atmosf\u00e9rick\u00e9ho osv\u011btlen\u00ed nebo sb\u011bratel kulturn\u00edch kousk\u016f, tato jedine\u010dn\u00e1 sada sv\u00ed\u010dek nab\u00edz\u00ed eleganci, teplo a historii v jednom \u00fachvatn\u00e9m bal\u00ed\u010dku.<\/p>\n<p data-start=\"575\" data-end=\"737\">Neprome\u0161kejte \u0161anci vlastnit kousek ru\u010dn\u011b vyroben\u00e9ho egyptsk\u00e9ho um\u011bn\u00ed.<br data-start=\"637\" data-end=\"640\" \/><strong data-start=\"640\" data-end=\"679\">Objednejte si dnes svou sadu pyramidov\u00fdch sv\u00ed\u010dek<\/strong> a nechte sv\u016fj domov z\u00e1\u0159it duchem starov\u011bk\u00e9 kr\u00e1sy.<\/p>\n<p style=\"text-align: center;\">D\u011bkujeme za n\u00e1kup v <em data-start=\"415\" data-end=\"431\"><a href=\"https:\/\/bazaar.express\/\">Bazaar Express<\/a><\/em> \u2013 jsme nad\u0161en\u00ed, \u017ee jste u n\u00e1s!<\/p>\n<p style=\"text-align: center;\">Za\u017eijte kouzlo starov\u011bk\u00e9ho um\u011bn\u00ed s na\u0161\u00ed kolekc\u00ed <a href=\"https:\/\/bazaar.express\/product-category\/egyptian-treasures\/\">Egyptsk\u00fdch poklad\u016f<\/a>.<\/p>\n","protected":false},"excerpt":{"rendered":"<h3 data-start=\"418\" data-end=\"673\">Osv\u011btlete sv\u016fj domov sadou sv\u00ed\u010dek Modr\u00e9 alabastrov\u00e9 pyramidy \u2013 ru\u010dn\u011b vyrobenou v Egypt\u011b a inspirovanou ikonick\u00fdmi g\u00edzk\u00fdmi pyramidami. Vyroben\u00e9 z p\u0159\u00edrodn\u00edho modr\u00e9ho alabastru, tyto dr\u017e\u00e1ky na sv\u00ed\u010dky vrhaj\u00ed tepl\u00e9, okoln\u00ed sv\u011btlo, kter\u00e9 spojuje starov\u011bk\u00e9 kouzlo s modern\u00edm stylem.<\/h3>\n","protected":false},"featured_media":36802,"comment_status":"open","ping_status":"closed","template":"","meta":[],"product_brand":[],"product_cat":[822],"product_tag":[896,893],"class_list":{"0":"post-36796","1":"product","2":"type-product","3":"status-publish","4":"has-post-thumbnail","6":"product_cat-egyptske-poklady","7":"product_tag-darky","8":"product_tag-suvenyry","10":"first","11":"instock","12":"shipping-taxable","13":"purchasable","14":"product-type-simple"},"_links":{"self":[{"href":"https:\/\/bazaar.express\/cs\/wp-json\/wp\/v2\/product\/36796","targetHints":{"allow":["GET"]}}],"collection":[{"href":"https:\/\/bazaar.express\/cs\/wp-json\/wp\/v2\/product"}],"about":[{"href":"https:\/\/bazaar.express\/cs\/wp-json\/wp\/v2\/types\/product"}],"replies":[{"embeddable":true,"href":"https:\/\/bazaar.express\/cs\/wp-json\/wp\/v2\/comments?post=36796"}],"wp:featuredmedia":[{"embeddable":true,"href":"https:\/\/bazaar.express\/cs\/wp-json\/wp\/v2\/media\/36802"}],"wp:attachment":[{"href":"https:\/\/bazaar.express\/cs\/wp-json\/wp\/v2\/media?parent=36796"}],"wp:term":[{"taxonomy":"product_brand","embeddable":true,"href":"https:\/\/bazaar.express\/cs\/wp-json\/wp\/v2\/product_brand?post=36796"},{"taxonomy":"product_cat","embeddable":true,"href":"https:\/\/bazaar.express\/cs\/wp-json\/wp\/v2\/product_cat?post=36796"},{"taxonomy":"product_tag","embeddable":true,"href":"https:\/\/bazaar.express\/cs\/wp-json\/wp\/v2\/product_tag?post=36796"}],"curies":[{"name":"wp","href":"https:\/\/api.w.org\/{rel}","templated":true}]}}