{"id":36813,"date":"2025-11-06T02:04:14","date_gmt":"2025-11-06T02:04:14","guid":{"rendered":"https:\/\/bazaar.express\/product\/luxusni-24k-zlate-mydlo\/"},"modified":"2025-11-08T21:58:42","modified_gmt":"2025-11-08T21:58:42","slug":"luxusni-24k-zlate-mydlo","status":"publish","type":"product","link":"https:\/\/bazaar.express\/cs\/produkt\/luxusni-24k-zlate-mydlo\/","title":{"rendered":"Luxusn\u00ed 24K zlat\u00e9 m\u00fddlo"},"content":{"rendered":"<h2 id=\"luxury-24k-gold-beauty-bar--premium-egyptian-profe\" class=\"mb-2 mt-4 font-display font-semimedium text-base first:mt-0 md:text-lg [hr+&#038;]:mt-4\">Luxusn\u00ed 24K zlat\u00e9 m\u00fddlo \u2013 Pr\u00e9miov\u00e9 egyptsk\u00e9 profesion\u00e1ln\u00ed \u010di\u0161t\u011bn\u00ed s elitn\u00ed zlatou infuz\u00ed<\/h2>\n<h3 class=\"mb-2 mt-4 font-display font-semimedium text-base first:mt-0\">Za\u017eijte elitn\u00ed p\u00e9\u010di o ple\u0165 s autentick\u00fdm pr\u00e9miov\u00fdm 24K zlat\u00fdm m\u00fddlem a profesion\u00e1ln\u00ed l\u00e9\u010dbou<\/h3>\n<p class=\"my-2 [&#038;+p]:mt-4 [&#038;_strong:has(+br)]:inline-block [&#038;_strong:has(+br)]:pb-2\">Dop\u0159ejte si vrchol luxusn\u00ed p\u00e9\u010de o ple\u0165 s na\u0161\u00edm exkluzivn\u00edm pr\u00e9miov\u00fdm 24K zlat\u00fdm m\u00fddlem, luxusn\u00ed egyptskou \u010distic\u00ed esenci\u00ed napu\u0161t\u011bnou autentick\u00fdmi \u010d\u00e1sticemi 24K zlata. Toto jemn\u00e9 pr\u00e9miov\u00e9 luxusn\u00ed m\u00fddlo kombinuje skute\u010dn\u00e9 24K zlato s botanick\u00fdmi extrakty, aby poskytlo profesion\u00e1ln\u00ed \u010di\u0161t\u011bn\u00ed, intenzivn\u00ed anti-aging z\u00e1\u0159i a viditelnou transformaci pleti. Na\u0161e pe\u010dliv\u011b vyvinut\u00e9 pr\u00e9miov\u00e9 24K zlat\u00e9 m\u00fddlo je ur\u010deno pro rafinovanou luxusn\u00ed p\u00e9\u010di o ple\u0165 s v\u00fdjime\u010dnou luminiscenc\u00ed a nad\u0159azenou excelenc\u00ed pleti.<\/p>\n<h3 class=\"mb-2 mt-4 font-display font-semimedium text-base first:mt-0\">Pro\u010d si vybrat pr\u00e9miov\u00e9 luxusn\u00ed 24K zlat\u00e9 m\u00fddlo?<\/h3>\n<p class=\"my-2 [&#038;+p]:mt-4 [&#038;_strong:has(+br)]:inline-block [&#038;_strong:has(+br)]:pb-2\"><strong>Profesion\u00e1ln\u00ed luxusn\u00ed \u010di\u0161t\u011bn\u00ed s autentick\u00fdm 24K zlatem:<\/strong>&nbsp;Na\u0161e pr\u00e9miov\u00e9 m\u00fddlo vyu\u017e\u00edv\u00e1 autentick\u00e9 pr\u00e9miov\u00e9 \u010d\u00e1stice 24K zlata pro profesion\u00e1ln\u00ed \u010di\u0161t\u011bn\u00ed se zlep\u0161en\u00edm z\u00e1\u0159e. Tato luxusn\u00ed formule odstra\u0148uje ne\u010distoty a z\u00e1rove\u0148 napu\u0161\u0165uje ple\u0165 luxusn\u00edmi profesion\u00e1ln\u00edmi miner\u00e1ly, d\u00edky \u010demu\u017e z\u016fstane ple\u0165 v\u00fdjime\u010dn\u011b osv\u011b\u017een\u00e1, chr\u00e1n\u011bn\u00e1 a z\u00e1\u0159iv\u011b transformovan\u00e1 s luxusn\u00edmi profesion\u00e1ln\u00edmi v\u00fdsledky.<\/p>\n<p class=\"my-2 [&#038;+p]:mt-4 [&#038;_strong:has(+br)]:inline-block [&#038;_strong:has(+br)]:pb-2\"><strong>Profesion\u00e1ln\u00ed anti-aging a zlep\u0161en\u00ed luxusn\u00ed z\u00e1\u0159e:<\/strong>&nbsp;Obohacen\u00e9 autentick\u00fdm 24K zlatem a pr\u00e9miov\u00fdmi profesion\u00e1ln\u00edmi botanick\u00fdmi oleji toto luxusn\u00ed m\u00fddlo poskytuje profesion\u00e1ln\u00ed z\u00e1\u0159i, kter\u00e1 ple\u0165 n\u00e1dhern\u011b zjem\u0148uje a kondicionuje. Pr\u00e9miov\u00e1 luxusn\u00ed zlat\u00e1 infuze \u010din\u00ed tento produkt \u0161pi\u010dkovou profesion\u00e1ln\u00ed volbou pro ka\u017edodenn\u00ed luxusn\u00ed \u010di\u0161t\u011bn\u00ed obli\u010deje a t\u011bla.<\/p>\n<p class=\"my-2 [&#038;+p]:mt-4 [&#038;_strong:has(+br)]:inline-block [&#038;_strong:has(+br)]:pb-2\"><strong>Pr\u016fhledn\u00e1 pr\u00e9miov\u00e1 luxusn\u00ed formule s zlat\u00fdm leskem:<\/strong>&nbsp;Na\u0161e zlatem napu\u0161t\u011bn\u00e9 \u010distic\u00ed m\u00fddlo je jemn\u00e9, \u010dist\u00e9 a pr\u016fhledn\u00e9 s kr\u00e1sn\u00fdm luxusn\u00edm leskem \u2013 p\u0159edv\u00e1d\u00ed pr\u00e9miovou autentickou kompozici. Profesion\u00e1ln\u00ed luxusn\u00ed formule \u010dist\u00ed s excelenc\u00ed, ani\u017e by odstra\u0148ovala nezbytnou vlhkost, podporuje viditeln\u011b \u010dist\u0161\u00ed a v\u00fdjime\u010dn\u011b zdravou ple\u0165 se z\u00e1\u0159iv\u00fdm vzhledem.<\/p>\n<p class=\"my-2 [&#038;+p]:mt-4 [&#038;_strong:has(+br)]:inline-block [&#038;_strong:has(+br)]:pb-2\"><strong>Pr\u00e9miov\u00e1 luxusn\u00ed kompatibilita pro rafinovanou p\u00e9\u010di o ple\u0165:<\/strong>&nbsp;A\u0165 m\u00e1te citlivou, mastnou, suchou nebo sm\u00ed\u0161enou ple\u0165, na\u0161e luxusn\u00ed zlat\u00e9 m\u00fddlo poskytuje profesion\u00e1ln\u00ed v\u00fdsledky n\u00e1dhern\u011b. Jemn\u00e9 pr\u00e9miov\u00e9 luxusn\u00ed formule je ide\u00e1ln\u00ed pro rafinovanou profesion\u00e1ln\u00ed ple\u0165 obli\u010deje a zv\u00fd\u0161enou luxusn\u00ed ka\u017edodenn\u00ed p\u00e9\u010di, co\u017e z n\u00ed \u010din\u00ed \u0161pi\u010dkov\u00e9 profesion\u00e1ln\u00ed dopln\u011bk k sofistikovan\u00fdm rutin\u00e1m p\u00e9\u010de o ple\u0165.<\/p>\n<p class=\"my-2 [&#038;+p]:mt-4 [&#038;_strong:has(+br)]:inline-block [&#038;_strong:has(+br)]:pb-2\"><strong>Profesion\u00e1ln\u00ed luxusn\u00ed zjemn\u011bn\u00ed a anti-aging excelence:<\/strong>&nbsp;Bohat\u00e9 glycerinem, pr\u00e9miov\u00fdmi profesion\u00e1ln\u00edmi oleji a autentick\u00fdm 24K zlatem toto luxusn\u00ed m\u00fddlo zjem\u0148uje a hydratuje ple\u0165 s profesion\u00e1ln\u00ed p\u0159esnost\u00ed. Pr\u00e9miov\u00e9 zlat\u00e9 kondiciona\u010dn\u00ed vlastnosti obnovuj\u00ed profesion\u00e1ln\u00ed z\u00e1\u0159i a poskytuj\u00ed nad\u0159azen\u00e9 anti-aging luxusn\u00ed rafinace.<\/p>\n<h3 class=\"mb-2 mt-4 font-display font-semimedium text-base first:mt-0\">V\u00fdjime\u010dn\u00e9 profesion\u00e1ln\u00ed v\u00fdhody pr\u00e9miov\u00e9ho 24K zlata<\/h3>\n<ul class=\"marker:text-quiet list-disc\">\n<li class=\"py-0 my-0 prose-p:pt-0 prose-p:mb-2 prose-p:my-0 [&#038;>p]:pt-0 [&#038;>p]:mb-2 [&#038;>p]:my-0&#8243;>\n<p class=\"my-2 [&#038;+p]:mt-4 [&#038;_strong:has(+br)]:inline-block [&#038;_strong:has(+br)]:pb-2\">Pr\u00e9miov\u00e1 profesion\u00e1ln\u00ed \u010di\u0161t\u011bn\u00ed<\/p>\n<\/li>\n<li class=\"py-0 my-0 prose-p:pt-0 prose-p:mb-2 prose-p:my-0 [&#038;>p]:pt-0 [&#038;>p]:mb-2 [&#038;>p]:my-0&#8243;>\n<p class=\"my-2 [&#038;+p]:mt-4 [&#038;_strong:has(+br)]:inline-block [&#038;_strong:has(+br)]:pb-2\">Infuzovan\u00e9 autentick\u00e9 skute\u010dn\u00e9 \u010d\u00e1stice 24K zlata<\/p>\n<\/li>\n<li class=\"py-0 my-0 prose-p:pt-0 prose-p:mb-2 prose-p:my-0 [&#038;>p]:pt-0 [&#038;>p]:mb-2 [&#038;>p]:my-0&#8243;>\n<p class=\"my-2 [&#038;+p]:mt-4 [&#038;_strong:has(+br)]:inline-block [&#038;_strong:has(+br)]:pb-2\">Profesion\u00e1ln\u00ed luxusn\u00ed zjemn\u011bn\u00ed a hydratace<\/p>\n<\/li>\n<li class=\"py-0 my-0 prose-p:pt-0 prose-p:mb-2 prose-p:my-0 [&#038;>p]:pt-0 [&#038;>p]:mb-2 [&#038;>p]:my-0&#8243;>\n<p class=\"my-2 [&#038;+p]:mt-4 [&#038;_strong:has(+br)]:inline-block [&#038;_strong:has(+br)]:pb-2\">Vhodn\u00e9 pro v\u0161echny typy pleti s rafinovan\u00fdmi v\u00fdsledky<\/p>\n<\/li>\n<li class=\"py-0 my-0 prose-p:pt-0 prose-p:mb-2 prose-p:my-0 [&#038;>p]:pt-0 [&#038;>p]:mb-2 [&#038;>p]:my-0&#8243;>\n<p class=\"my-2 [&#038;+p]:mt-4 [&#038;_strong:has(+br)]:inline-block [&#038;_strong:has(+br)]:pb-2\">P\u0159\u00edrodn\u00ed, pr\u00e9miov\u00e1 luxusn\u00ed zlat\u00e1 formule<\/p>\n<\/li>\n<li class=\"py-0 my-0 prose-p:pt-0 prose-p:mb-2 prose-p:my-0 [&#038;>p]:pt-0 [&#038;>p]:mb-2 [&#038;>p]:my-0&#8243;>\n<p class=\"my-2 [&#038;+p]:mt-4 [&#038;_strong:has(+br)]:inline-block [&#038;_strong:has(+br)]:pb-2\">Bohat\u00e9 glycerinem pro intenzivn\u00ed profesion\u00e1ln\u00ed vlhkost<\/p>\n<\/li>\n<li class=\"py-0 my-0 prose-p:pt-0 prose-p:mb-2 prose-p:my-0 [&#038;>p]:pt-0 [&#038;>p]:mb-2 [&#038;>p]:my-0&#8243;>\n<p class=\"my-2 [&#038;+p]:mt-4 [&#038;_strong:has(+br)]:inline-block [&#038;_strong:has(+br)]:pb-2\">Podporuje v\u00fdjime\u010dnou, z\u00e1\u0159ivou lumin\u00f3zn\u00ed profesion\u00e1ln\u00ed ple\u0165<\/p>\n<\/li>\n<li class=\"py-0 my-0 prose-p:pt-0 prose-p:mb-2 prose-p:my-0 [&#038;>p]:pt-0 [&#038;>p]:mb-2 [&#038;>p]:my-0&#8243;>\n<p class=\"my-2 [&#038;+p]:mt-4 [&#038;_strong:has(+br)]:inline-block [&#038;_strong:has(+br)]:pb-2\">Profesion\u00e1ln\u00ed anti-aging luxusn\u00ed p\u00e9\u010de<\/p>\n<\/li>\n<\/ul>\n<h3 class=\"mb-2 mt-4 font-display font-semimedium text-base first:mt-0\">Co d\u011bl\u00e1 na\u0161e m\u00fddlo v\u00fdjime\u010dn\u00fdm?<\/h3>\n<p class=\"my-2 [&#038;+p]:mt-4 [&#038;_strong:has(+br)]:inline-block [&#038;_strong:has(+br)]:pb-2\">Na\u0161e pr\u00e9miov\u00e9 luxusn\u00ed m\u00fddlo kombinuje s\u00edlu autentick\u00e9ho 24K zlata s rafinovan\u00fdmi egyptsk\u00fdmi tradicemi kr\u00e1sy a profesion\u00e1ln\u00ed excelenc\u00ed. Pe\u010dliv\u00e1 sm\u011bs p\u0159\u00edrodn\u00ed m\u00fddlov\u00e9 b\u00e1ze, glycerinu, olej\u016f a skute\u010dn\u00e9ho 24K zlata vytv\u00e1\u0159\u00ed v\u00fdjime\u010dn\u00fd luxusn\u00ed profesion\u00e1ln\u00ed produkt. Ka\u017ed\u00e9 kous\u00ed\u010dek na\u0161eho 24K zlat\u00e9ho m\u00fddla p\u0159edstavuje n\u00e1\u0161 z\u00e1vazek k profesion\u00e1ln\u00ed, efektivn\u00ed, luxusn\u00ed p\u0159\u00edrodn\u00ed p\u00e9\u010di o ple\u0165 podpo\u0159en\u00e9 egyptsk\u00fdm d\u011bdictv\u00edm a pr\u00e9miovou profesion\u00e1ln\u00ed excelenc\u00ed.<\/p>\n<h3 class=\"mb-2 mt-4 font-display font-semimedium text-base first:mt-0\">Jak pou\u017e\u00edvat va\u0161e pr\u00e9miov\u00e9 m\u00fddlo<\/h3>\n<p class=\"my-2 [&#038;+p]:mt-4 [&#038;_strong:has(+br)]:inline-block [&#038;_strong:has(+br)]:pb-2\">Namo\u010dte obli\u010dej nebo t\u011blo teplou vodou a jemn\u011b mas\u00edrujte toto pr\u00e9miov\u00e9 luxusn\u00ed m\u00fddlo, dokud nevznikne bohat\u00e1 p\u011bna. Nechte zlatou formuli \u010distit s profesion\u00e1ln\u00ed p\u0159esnost\u00ed, pot\u00e9 opl\u00e1chn\u011bte. Pou\u017e\u00edvejte sv\u00e9 24K zlat\u00e9 m\u00fddlo denn\u011b pro optim\u00e1ln\u00ed profesion\u00e1ln\u00ed \u010di\u0161t\u011bn\u00ed a luxusn\u00ed z\u00e1\u0159i z t\u00e9to autentick\u00e9 pr\u00e9miov\u00e9 zlatem napu\u0161t\u011bn\u00e9 formulace.<\/p>\n<h3 class=\"mb-2 mt-4 font-display font-semimedium text-base first:mt-0\">Instrukce pro skladov\u00e1n\u00ed a p\u00e9\u010di o pr\u00e9miov\u00e9 luxusn\u00ed m\u00fddlo<\/h3>\n<p class=\"my-2 [&#038;+p]:mt-4 [&#038;_strong:has(+br)]:inline-block [&#038;_strong:has(+br)]:pb-2\">Skladujte sv\u00e9 luxusn\u00ed m\u00fddlo p\u0159i pokojov\u00e9 teplot\u011b mimo p\u0159\u00edm\u00e9 slune\u010dn\u00ed z\u00e1\u0159en\u00ed pro maxim\u00e1ln\u00ed trvanlivost jeho pr\u00e9miov\u00fdch profesion\u00e1ln\u00edch p\u0159\u00edrodn\u00edch vlastnost\u00ed.<\/p>\n<p class=\"my-2 [&#038;+p]:mt-4 [&#038;_strong:has(+br)]:inline-block [&#038;_strong:has(+br)]:pb-2\"><strong>Pozvedn\u011bte svou luxusn\u00ed p\u00e9\u010di o ple\u0165 na\u0161\u00edm pr\u00e9miov\u00fdm 24K zlat\u00fdm m\u00fddlem je\u0161t\u011b dnes. Objednejte nyn\u00ed a za\u017eijte profesion\u00e1ln\u00ed stup\u0148 luxusn\u00ed lumin\u00f3zn\u00ed s\u00edly autentick\u00e9 pr\u00e9miov\u00e9 egyptsk\u00e9 excelence p\u00e9\u010de o ple\u0165.<\/strong><\/p>\n<p>  &nbsp;<\/p>\n<h5 style=\"text-align: center;\">D\u011bkujeme za n\u00e1kup v <a href=\"https:\/\/bazaar.express\/\">Bazaar Express<\/a> \u2013 jsme nad\u0161en\u00ed, \u017ee jste u n\u00e1s!<\/h5>\n<h5 style=\"text-align: center;\">Va\u0161e cesta k lep\u0161\u00ed p\u00e9\u010di o sebe za\u010d\u00edn\u00e1 zde \u2014 s <a href=\"\/?product_cat=beauty-care\">P\u00e9\u010d\u00ed o kr\u00e1su<\/a>, kter\u00e9 si m\u016f\u017eete v\u011b\u0159it!<\/h5>\n","protected":false},"excerpt":{"rendered":"<h3>Luxusn\u00ed 24K zlat\u00e9 m\u00fddlo \u2013 Pr\u00e9miov\u00e9 profesion\u00e1ln\u00ed \u010di\u0161t\u011bn\u00ed s infuz\u00ed skute\u010dn\u00e9ho 24K zlata, pr\u00e9miov\u00fdmi oleji a botanick\u00fdmi extrakty. Elitn\u00ed anti-aging luxusn\u00ed p\u00e9\u010de o ple\u0165.<\/h3>\n","protected":false},"featured_media":36814,"comment_status":"open","ping_status":"closed","template":"","meta":[],"product_brand":[],"product_cat":[786,787],"product_tag":[790,783,793],"class_list":{"0":"post-36813","1":"product","2":"type-product","3":"status-publish","4":"has-post-thumbnail","6":"product_cat-pece-o-krasu","7":"product_cat-terapeuticke-oleje","8":"product_tag-pece-o-krasu","9":"product_tag-pece-o-plet","10":"product_tag-prirodni-olej","12":"first","13":"instock","14":"shipping-taxable","15":"purchasable","16":"product-type-simple"},"_links":{"self":[{"href":"https:\/\/bazaar.express\/cs\/wp-json\/wp\/v2\/product\/36813","targetHints":{"allow":["GET"]}}],"collection":[{"href":"https:\/\/bazaar.express\/cs\/wp-json\/wp\/v2\/product"}],"about":[{"href":"https:\/\/bazaar.express\/cs\/wp-json\/wp\/v2\/types\/product"}],"replies":[{"embeddable":true,"href":"https:\/\/bazaar.express\/cs\/wp-json\/wp\/v2\/comments?post=36813"}],"wp:featuredmedia":[{"embeddable":true,"href":"https:\/\/bazaar.express\/cs\/wp-json\/wp\/v2\/media\/36814"}],"wp:attachment":[{"href":"https:\/\/bazaar.express\/cs\/wp-json\/wp\/v2\/media?parent=36813"}],"wp:term":[{"taxonomy":"product_brand","embeddable":true,"href":"https:\/\/bazaar.express\/cs\/wp-json\/wp\/v2\/product_brand?post=36813"},{"taxonomy":"product_cat","embeddable":true,"href":"https:\/\/bazaar.express\/cs\/wp-json\/wp\/v2\/product_cat?post=36813"},{"taxonomy":"product_tag","embeddable":true,"href":"https:\/\/bazaar.express\/cs\/wp-json\/wp\/v2\/product_tag?post=36813"}],"curies":[{"name":"wp","href":"https:\/\/api.w.org\/{rel}","templated":true}]}}