{"id":36829,"date":"2025-11-06T15:59:27","date_gmt":"2025-11-06T15:59:27","guid":{"rendered":"https:\/\/bazaar.express\/product\/luxusni-mydlo-s-mlekem-velbloudi\/"},"modified":"2025-11-06T15:59:27","modified_gmt":"2025-11-06T15:59:27","slug":"luxusni-mydlo-s-mlekem-velbloudi","status":"publish","type":"product","link":"https:\/\/bazaar.express\/cs\/produkt\/luxusni-mydlo-s-mlekem-velbloudi\/","title":{"rendered":"Luxusn\u00ed m\u00fddlo s ml\u00e9kem velbloud\u00ed"},"content":{"rendered":"<h2 id=\"luxury-camel-milk-soap--premium-egyptian-professio\" class=\"mb-2 mt-4 font-display font-semimedium text-base first:mt-0 md:text-lg [hr+&#038;]:mt-4\">Luxusn\u00ed m\u00fddlo s ml\u00e9kem velbloud\u00ed \u2013 Pr\u00e9miov\u00e1 egyptsk\u00e1 profesion\u00e1ln\u00ed \u010dist\u00edc\u00ed p\u00e9\u010de s elitn\u00edmi p\u0159\u00edrodn\u00edmi ingrediencemi<\/h2>\n<h3 class=\"mb-2 mt-4 font-display font-semimedium text-base first:mt-0\">Za\u017eijte elitn\u00ed p\u00e9\u010di o ple\u0165 s autentick\u00fdm pr\u00e9miov\u00fdm m\u00fddlem s ml\u00e9kem velbloud\u00ed a profesion\u00e1ln\u00ed kosmetickou l\u00e9\u010dbou<\/h3>\n<p class=\"my-2 [&#038;+p]:mt-4 [&#038;_strong:has(+br)]:inline-block [&#038;_strong:has(+br)]:pb-2\">P\u0159ipojte se k vrcholu p\u0159\u00edrodn\u00ed p\u00e9\u010de o ple\u0165 s na\u0161\u00edm exkluzivn\u00edm pr\u00e9miov\u00fdm m\u00fddlem s ml\u00e9kem velbloud\u00ed, luxusn\u00ed egyptskou \u010dist\u00edc\u00ed esenci\u00ed vytvo\u0159enou pro n\u00e1ro\u010dn\u00e9 z\u00e1kazn\u00edky. Toto jemn\u00e9 pr\u00e9miov\u00e9 luxusn\u00ed m\u00fddlo kombinuje autentick\u00e9 ml\u00e9ko velbloud\u00ed s tradi\u010dn\u00edmi botanick\u00fdmi ingrediencemi pro poskytnut\u00ed profesion\u00e1ln\u00ed \u010dist\u00edc\u00ed p\u00e9\u010de, intenzivn\u00ed hydratace a viditeln\u00e9 transformace pleti. Na\u0161e pe\u010dliv\u011b formulovan\u00e9 pr\u00e9miov\u00e9 m\u00fddlo s ml\u00e9kem velbloud\u00ed je navr\u017eeno pro rafinovanou luxusn\u00ed p\u00e9\u010di o ple\u0165 s v\u00fdjime\u010dnou sv\u00edtivost\u00ed, zv\u00fd\u0161en\u00fdmi profesion\u00e1ln\u00edmi v\u00fdsledky a nad\u0159azenou dokonalost\u00ed pleti.<\/p>\n<h3 class=\"mb-2 mt-4 font-display font-semimedium text-base first:mt-0\">Pro\u010d si vybrat pr\u00e9miov\u00e9 luxusn\u00ed m\u00fddlo s ml\u00e9kem velbloud\u00ed?<\/h3>\n<p class=\"my-2 [&#038;+p]:mt-4 [&#038;_strong:has(+br)]:inline-block [&#038;_strong:has(+br)]:pb-2\"><strong>Profesion\u00e1ln\u00ed luxusn\u00ed \u010dist\u00edc\u00ed p\u00e9\u010de s autentick\u00fdm ml\u00e9kem velbloud\u00ed:<\/strong>\u00a0Na\u0161e pr\u00e9miov\u00e9 m\u00fddlo s ml\u00e9kem velbloud\u00ed vyu\u017e\u00edv\u00e1 s\u00edlu autentick\u00e9ho pr\u00e9miov\u00e9ho ml\u00e9ka velbloud\u00ed pro poskytnut\u00ed profesion\u00e1ln\u00ed \u010dist\u00edc\u00ed p\u00e9\u010de bez drsn\u00fdch chemik\u00e1li\u00ed. Tato luxusn\u00ed formule odstra\u0148uje ne\u010distoty a z\u00e1rove\u0148 napl\u0148uje ple\u0165 luxusn\u00edmi profesion\u00e1ln\u00edmi miner\u00e1ly, d\u00edky \u010demu\u017e z\u016fstane ple\u0165 v\u00fdjime\u010dn\u011b osv\u011b\u017een\u00e1, chr\u00e1n\u011bn\u00e1 a z\u00e1\u0159iv\u011b transformovan\u00e1 s luxusn\u00edmi v\u00fdsledky.<\/p>\n<p class=\"my-2 [&#038;+p]:mt-4 [&#038;_strong:has(+br)]:inline-block [&#038;_strong:has(+br)]:pb-2\"><strong>Profesion\u00e1ln\u00ed anti-aging a luxusn\u00ed hydratace:<\/strong> Obohacen\u00e9 autentick\u00fdm ml\u00e9kem velbloud\u00ed a pr\u00e9miov\u00fdmi profesion\u00e1ln\u00edmi botanick\u00fdmi ingrediencemi toto luxusn\u00ed m\u00fddlo dod\u00e1v\u00e1 profesion\u00e1ln\u00ed z\u00e1\u0159i, kter\u00e1 ple\u0165 n\u00e1dhern\u011b zjem\u0148uje a kondicionuje. Infuze pr\u00e9miov\u00e9ho luxusn\u00edho ml\u00e9ka velbloud\u00ed \u010din\u00ed na\u0161e m\u00fddlo s ml\u00e9kem velbloud\u00ed \u0161pi\u010dkovou profesion\u00e1ln\u00ed volbou pro ka\u017edodenn\u00ed luxusn\u00ed \u010dist\u00edc\u00ed p\u00e9\u010di obli\u010deje a t\u011bla.<\/p>\n<p class=\"my-2 [&#038;+p]:mt-4 [&#038;_strong:has(+br)]:inline-block [&#038;_strong:has(+br)]:pb-2\"><strong>Pr\u016fhledn\u00e1 pr\u00e9miov\u00e1 luxusn\u00ed formule s t\u0159pytem ml\u00e9ka velbloud\u00ed:<\/strong>\u00a0Na\u0161e pr\u00e9miov\u00e9 m\u00fddlo obohacen\u00e9 ml\u00e9kem velbloud\u00ed je jemn\u00e9, \u010dist\u00e9 a pr\u016fhledn\u00e9 s kr\u00e1sn\u00fdm luxusn\u00edm t\u0159pytem \u2013 p\u0159edv\u00e1d\u00ed pr\u00e9miovou autentickou kompozici. Profesion\u00e1ln\u00ed luxusn\u00ed formule \u010dist\u00ed s dokonalost\u00ed, ani\u017e by odstra\u0148ovala esenci\u00e1ln\u00ed vlhkost, podporuje viditeln\u011b \u010dist\u0161\u00ed a v\u00fdjime\u010dn\u011b zdravou ple\u0165 se z\u00e1\u0159iv\u00fdm vzhledem.<\/p>\n<p class=\"my-2 [&#038;+p]:mt-4 [&#038;_strong:has(+br)]:inline-block [&#038;_strong:has(+br)]:pb-2\"><strong>Pr\u00e9miov\u00e1 luxusn\u00ed kompatibilita pro rafinovanou p\u00e9\u010di o ple\u0165:<\/strong>\u00a0A\u0165 u\u017e m\u00e1te citlivou, mastnou, suchou nebo sm\u00ed\u0161enou ple\u0165, na\u0161e luxusn\u00ed m\u00fddlo s ml\u00e9kem velbloud\u00ed poskytuje profesion\u00e1ln\u00ed v\u00fdsledky n\u00e1dhern\u011b. Jemn\u00e9 pr\u00e9miov\u00e9 luxusn\u00ed formule je ide\u00e1ln\u00ed pro rafinovanou profesion\u00e1ln\u00ed ple\u0165 obli\u010deje a zv\u00fd\u0161enou luxusn\u00ed ka\u017edodenn\u00ed p\u00e9\u010di, d\u00edky \u010demu\u017e je \u0161pi\u010dkov\u00fdm profesion\u00e1ln\u00edm dopl\u0148kem do sofistikovan\u00fdch rut\u00edn p\u00e9\u010de o ple\u0165.<\/p>\n<p class=\"my-2 [&#038;+p]:mt-4 [&#038;_strong:has(+br)]:inline-block [&#038;_strong:has(+br)]:pb-2\"><strong>Profesion\u00e1ln\u00ed luxusn\u00ed zjem\u0148ov\u00e1n\u00ed a dokonalost:<\/strong>\u00a0Bohat\u00e9 glycerinem, pr\u00e9miov\u00fdmi profesion\u00e1ln\u00edmi oleji a autentick\u00fdm ml\u00e9kem velbloud\u00ed toto luxusn\u00ed m\u00fddlo zjem\u0148uje a hydratuje ple\u0165 s profesion\u00e1ln\u00ed p\u0159esnost\u00ed. Kondiciona\u010dn\u00ed vlastnosti pr\u00e9miov\u00e9ho ml\u00e9ka velbloud\u00ed obnovuj\u00ed profesion\u00e1ln\u00ed z\u00e1\u0159i a poskytuj\u00ed nad\u0159azenou luxusn\u00ed rafinaci.<\/p>\n<h3 class=\"mb-2 mt-4 font-display font-semimedium text-base first:mt-0\">V\u00fdjime\u010dn\u00e9 profesion\u00e1ln\u00ed v\u00fdhody pr\u00e9miov\u00e9ho m\u00fddla s ml\u00e9kem velbloud\u00ed<\/h3>\n<ul class=\"marker:text-quiet list-disc\">\n<li class=\"py-0 my-0 prose-p:pt-0 prose-p:mb-2 prose-p:my-0 [&#038;>p]:pt-0 [&#038;>p]:mb-2 [&#038;>p]:my-0&#8243;>\n<p class=\"my-2 [&#038;+p]:mt-4 [&#038;_strong:has(+br)]:inline-block [&#038;_strong:has(+br)]:pb-2\">Pr\u00e9miov\u00fd profesion\u00e1ln\u00ed \u010dist\u00edc\u00ed \u00fa\u010dinek<\/p>\n<\/li>\n<li class=\"py-0 my-0 prose-p:pt-0 prose-p:mb-2 prose-p:my-0 [&#038;>p]:pt-0 [&#038;>p]:mb-2 [&#038;>p]:my-0&#8243;>\n<p class=\"my-2 [&#038;+p]:mt-4 [&#038;_strong:has(+br)]:inline-block [&#038;_strong:has(+br)]:pb-2\">Infuze autentick\u00fdch protein\u016f z ml\u00e9ka velbloud\u00ed<\/p>\n<\/li>\n<li class=\"py-0 my-0 prose-p:pt-0 prose-p:mb-2 prose-p:my-0 [&#038;>p]:pt-0 [&#038;>p]:mb-2 [&#038;>p]:my-0&#8243;>\n<p class=\"my-2 [&#038;+p]:mt-4 [&#038;_strong:has(+br)]:inline-block [&#038;_strong:has(+br)]:pb-2\">Profesion\u00e1ln\u00ed luxusn\u00ed zjem\u0148ov\u00e1n\u00ed a hydratace<\/p>\n<\/li>\n<li class=\"py-0 my-0 prose-p:pt-0 prose-p:mb-2 prose-p:my-0 [&#038;>p]:pt-0 [&#038;>p]:mb-2 [&#038;>p]:my-0&#8243;>\n<p class=\"my-2 [&#038;+p]:mt-4 [&#038;_strong:has(+br)]:inline-block [&#038;_strong:has(+br)]:pb-2\">Vhodn\u00e9 pro v\u0161echny typy pleti s rafinovan\u00fdmi v\u00fdsledky<\/p>\n<\/li>\n<li class=\"py-0 my-0 prose-p:pt-0 prose-p:mb-2 prose-p:my-0 [&#038;>p]:pt-0 [&#038;>p]:mb-2 [&#038;>p]:my-0&#8243;>\n<p class=\"my-2 [&#038;+p]:mt-4 [&#038;_strong:has(+br)]:inline-block [&#038;_strong:has(+br)]:pb-2\">P\u0159\u00edrodn\u00ed, pr\u00e9miov\u00e1 luxusn\u00ed formule<\/p>\n<\/li>\n<li class=\"py-0 my-0 prose-p:pt-0 prose-p:mb-2 prose-p:my-0 [&#038;>p]:pt-0 [&#038;>p]:mb-2 [&#038;>p]:my-0&#8243;>\n<p class=\"my-2 [&#038;+p]:mt-4 [&#038;_strong:has(+br)]:inline-block [&#038;_strong:has(+br)]:pb-2\">Bohat\u00e9 glycerinem pro intenzivn\u00ed profesion\u00e1ln\u00ed vlhkost<\/p>\n<\/li>\n<li class=\"py-0 my-0 prose-p:pt-0 prose-p:mb-2 prose-p:my-0 [&#038;>p]:pt-0 [&#038;>p]:mb-2 [&#038;>p]:my-0&#8243;>\n<p class=\"my-2 [&#038;+p]:mt-4 [&#038;_strong:has(+br)]:inline-block [&#038;_strong:has(+br)]:pb-2\">Podporuje v\u00fdjime\u010dnou, z\u00e1\u0159ivou lumin\u00f3zn\u00ed profesion\u00e1ln\u00ed ple\u0165<\/p>\n<\/li>\n<li class=\"py-0 my-0 prose-p:pt-0 prose-p:mb-2 prose-p:my-0 [&#038;>p]:pt-0 [&#038;>p]:mb-2 [&#038;>p]:my-0&#8243;>\n<p class=\"my-2 [&#038;+p]:mt-4 [&#038;_strong:has(+br)]:inline-block [&#038;_strong:has(+br)]:pb-2\">Profesion\u00e1ln\u00ed luxusn\u00ed p\u00e9\u010de<\/p>\n<\/li>\n<\/ul>\n<h3 class=\"mb-2 mt-4 font-display font-semimedium text-base first:mt-0\">Co \u010din\u00ed na\u0161e pr\u00e9miov\u00e9 m\u00fddlo s ml\u00e9kem velbloud\u00ed v\u00fdjime\u010dn\u00fdm?<\/h3>\n<p class=\"my-2 [&#038;+p]:mt-4 [&#038;_strong:has(+br)]:inline-block [&#038;_strong:has(+br)]:pb-2\">Na\u0161e pr\u00e9miov\u00e9 luxusn\u00ed m\u00fddlo kombinuje s\u00edlu autentick\u00e9ho ml\u00e9ka velbloud\u00ed s rafinovan\u00fdmi egyptsk\u00fdmi kr\u00e1\u0161lovsk\u00fdmi tradicemi a profesion\u00e1ln\u00ed dokonalost\u00ed. Pe\u010dliv\u00e1 sm\u011bs p\u0159\u00edrodn\u00ed m\u00fddlov\u00e9 b\u00e1ze, glycerinu, protein\u016f z ml\u00e9ka velbloud\u00ed a botanick\u00fdch ingredienc\u00ed vytv\u00e1\u0159\u00ed v\u00fdjime\u010dn\u00fd luxusn\u00ed profesion\u00e1ln\u00ed produkt. Ka\u017ed\u00fd kus p\u0159edstavuje n\u00e1\u0161 z\u00e1vazek k profesion\u00e1ln\u00ed, efektivn\u00ed luxusn\u00ed p\u0159\u00edrodn\u00ed p\u00e9\u010di o ple\u0165 podpo\u0159en\u00e9 egyptsk\u00fdm d\u011bdictv\u00edm a pr\u00e9miovou dokonalost\u00ed.<\/p>\n<h3 class=\"mb-2 mt-4 font-display font-semimedium text-base first:mt-0\">Jak pou\u017e\u00edvat va\u0161e pr\u00e9miov\u00e9 m\u00fddlo s ml\u00e9kem velbloud\u00ed<\/h3>\n<p class=\"my-2 [&#038;+p]:mt-4 [&#038;_strong:has(+br)]:inline-block [&#038;_strong:has(+br)]:pb-2\">Namo\u010dte obli\u010dej nebo t\u011blo teplou vodou a jemn\u011b mas\u00edrujte tento pr\u00e9miov\u00fd luxusn\u00ed kus, dokud nevznikne bohat\u00e1 p\u011bna. Nechte formuli \u010distit s profesion\u00e1ln\u00ed p\u0159esnost\u00ed, pot\u00e9 opl\u00e1chn\u011bte. Pou\u017e\u00edvejte sv\u00e9 luxusn\u00ed m\u00fddlo s ml\u00e9kem velbloud\u00ed denn\u011b pro optim\u00e1ln\u00ed profesion\u00e1ln\u00ed \u010dist\u00edc\u00ed p\u00e9\u010di a luxusn\u00ed z\u00e1\u0159i z t\u00e9to autentick\u00e9 pr\u00e9miov\u00e9 formulace.<\/p>\n<h3 class=\"mb-2 mt-4 font-display font-semimedium text-base first:mt-0\">Instrukce pro uchov\u00e1v\u00e1n\u00ed a p\u00e9\u010di o pr\u00e9miov\u00e9 luxusn\u00ed m\u00fddlo<\/h3>\n<p class=\"my-2 [&#038;+p]:mt-4 [&#038;_strong:has(+br)]:inline-block [&#038;_strong:has(+br)]:pb-2\">Skladujte sv\u00e9 luxusn\u00ed m\u00fddlo s ml\u00e9kem velbloud\u00ed p\u0159i pokojov\u00e9 teplot\u011b mimo p\u0159\u00edm\u00e9 slune\u010dn\u00ed svitl pro maxim\u00e1ln\u00ed d\u00e9lku jeho pr\u00e9miov\u00fdch profesion\u00e1ln\u00edch p\u0159\u00edrodn\u00edch vlastnost\u00ed.<\/p>\n<p class=\"my-2 [&#038;+p]:mt-4 [&#038;_strong:has(+br)]:inline-block [&#038;_strong:has(+br)]:pb-2\"><strong>Pozvedn\u011bte svou luxusn\u00ed p\u00e9\u010di o ple\u0165 s na\u0161\u00edm pr\u00e9miov\u00fdm m\u00fddlem s ml\u00e9kem velbloud\u00ed je\u0161t\u011b dnes. Objednejte si sv\u016fj pr\u00e9miov\u00fd kus nyn\u00ed a za\u017eijte profesion\u00e1ln\u00ed luxusn\u00ed lumin\u00f3zn\u00ed s\u00edlu autentick\u00e9 pr\u00e9miov\u00e9 egyptsk\u00e9 dokonalosti p\u00e9\u010de o ple\u0165.<\/strong><\/p>\n<p>&nbsp;<\/p>\n<h5 style=\"text-align: center;\">D\u011bkujeme za n\u00e1kup v <a href=\"https:\/\/bazaar.express\/\">Bazaar Express<\/a> \u2013 jsme nad\u0161en\u00ed, \u017ee jste u n\u00e1s!<\/h5>\n<h5 style=\"text-align: center;\">Va\u0161e cesta k lep\u0161\u00ed p\u00e9\u010di o sebe za\u010d\u00edn\u00e1 zde \u2013 s <a href=\"\/?product_cat=beauty-care\">Beauty Care<\/a>, kter\u00e9 si m\u016f\u017eete v\u011b\u0159it!<\/h5>\n","protected":false},"excerpt":{"rendered":"<h3>\u00a0Luxusn\u00ed m\u00fddlo s ml\u00e9kem velbloud\u00ed \u2013 Pr\u00e9miov\u00e1 profesion\u00e1ln\u00ed \u010dist\u00edc\u00ed p\u00e9\u010de s infuz\u00ed autentick\u00e9ho ml\u00e9ka velbloud\u00ed, pr\u00e9miov\u00fdmi botanick\u00fdmi ingrediencemi. Elitn\u00ed luxusn\u00ed p\u00e9\u010de o ple\u0165.<\/h3>\n","protected":false},"featured_media":36827,"comment_status":"open","ping_status":"closed","template":"","meta":[],"product_brand":[],"product_cat":[786,787],"product_tag":[790,783,793,791],"class_list":{"0":"post-36829","1":"product","2":"type-product","3":"status-publish","4":"has-post-thumbnail","6":"product_cat-pece-o-krasu","7":"product_cat-terapeuticke-oleje","8":"product_tag-pece-o-krasu","9":"product_tag-pece-o-plet","10":"product_tag-prirodni-olej","11":"product_tag-velbloudi-mleko","13":"first","14":"instock","15":"shipping-taxable","16":"purchasable","17":"product-type-simple"},"_links":{"self":[{"href":"https:\/\/bazaar.express\/cs\/wp-json\/wp\/v2\/product\/36829","targetHints":{"allow":["GET"]}}],"collection":[{"href":"https:\/\/bazaar.express\/cs\/wp-json\/wp\/v2\/product"}],"about":[{"href":"https:\/\/bazaar.express\/cs\/wp-json\/wp\/v2\/types\/product"}],"replies":[{"embeddable":true,"href":"https:\/\/bazaar.express\/cs\/wp-json\/wp\/v2\/comments?post=36829"}],"wp:featuredmedia":[{"embeddable":true,"href":"https:\/\/bazaar.express\/cs\/wp-json\/wp\/v2\/media\/36827"}],"wp:attachment":[{"href":"https:\/\/bazaar.express\/cs\/wp-json\/wp\/v2\/media?parent=36829"}],"wp:term":[{"taxonomy":"product_brand","embeddable":true,"href":"https:\/\/bazaar.express\/cs\/wp-json\/wp\/v2\/product_brand?post=36829"},{"taxonomy":"product_cat","embeddable":true,"href":"https:\/\/bazaar.express\/cs\/wp-json\/wp\/v2\/product_cat?post=36829"},{"taxonomy":"product_tag","embeddable":true,"href":"https:\/\/bazaar.express\/cs\/wp-json\/wp\/v2\/product_tag?post=36829"}],"curies":[{"name":"wp","href":"https:\/\/api.w.org\/{rel}","templated":true}]}}