{"id":36830,"date":"2025-01-02T22:46:15","date_gmt":"2025-01-02T22:46:15","guid":{"rendered":"https:\/\/bazaar.express\/?post_type=product&#038;p=36830"},"modified":"2026-05-02T01:47:57","modified_gmt":"2026-05-02T01:47:57","slug":"sampon-snake-oil","status":"publish","type":"product","link":"https:\/\/bazaar.express\/cs\/produkt\/sampon-snake-oil\/","title":{"rendered":"\u0160ampon Snake Oil"},"content":{"rendered":"<h2 style=\"text-align: left;\" data-pm-slice=\"1 1 []\"><strong>\u0160ampon Snake Oil &#8211; Nejlep\u0161\u00ed volba pro zdrav\u00e9, leskl\u00e9 a pevn\u00e9 vlasy<\/strong><\/h2>\n<p>Zm\u011b\u0148te sv\u00e9 n\u00e1vyky p\u00e9\u010de o vlasy s <strong>\u0161amponem Orgakera Snake Oil<\/strong>, kter\u00fd je navr\u017een tak, aby poskytoval vynikaj\u00edc\u00ed <strong>hydrataci<\/strong> a <strong>hladkost<\/strong> v\u0161em typ\u016fm vlas\u016f. Tento siln\u00fd \u0161ampon posiluje ko\u0159eny vlas\u016f, podporuje <strong>r\u016fst vlas\u016f<\/strong> a zlep\u0161uje <strong>zdrav\u00ed poko\u017eky hlavy<\/strong>. Pln\u00fd speci\u00e1ln\u00ed sm\u011bsi p\u0159\u00edrodn\u00edch l\u00e1tek, <strong>\u0161ampon Orgakera<\/strong> vy\u017eivuje, hydratuje a chr\u00e1n\u00ed va\u0161e vlasy p\u0159ed po\u0161kozen\u00edm, dod\u00e1v\u00e1 jim z\u00e1\u0159iv\u00fd lesk a sni\u017euje <strong>roz\u0161t\u011bpen\u00e9 kone\u010dky<\/strong>.<\/p>\n<h2><strong>Hlavn\u00ed v\u00fdhody:<\/strong><\/h2>\n<ul>\n<li><strong>Posiluje ko\u0159eny vlas\u016f<\/strong> a podporuje <strong>r\u016fst vlas\u016f<\/strong><\/li>\n<li>M\u00e1 hydrata\u010dn\u00ed \u00fa\u010dinek na poko\u017eku hlavy, zlep\u0161uje celkov\u00e9 zdrav\u00ed poko\u017eky hlavy<\/li>\n<li>Zlep\u0161uje krevn\u00ed ob\u011bh, sni\u017euje vypad\u00e1v\u00e1n\u00ed vlas\u016f a \u0161upinatou poko\u017eku<\/li>\n<li>Chr\u00e1n\u00ed vlasy p\u0159ed po\u0161kozen\u00edm, v\u00fdsledkem jsou zdrav\u011bj\u0161\u00ed a lesklej\u0161\u00ed vlasy<\/li>\n<li>Pom\u00e1h\u00e1 zabra\u0148ovat roz\u0161t\u011bpen\u00ed kone\u010dk\u016f vlas\u016f pro dlouhodob\u00e9 zdrav\u00ed vlas\u016f<\/li>\n<\/ul>\n<h2><strong>Kl\u00ed\u010dov\u00e9 slo\u017eky:<\/strong><\/h2>\n<ul>\n<li><strong>Panthenol<\/strong> a <strong>Vitamin E<\/strong> pro v\u00fd\u017eivu<\/li>\n<li><strong>Eruca Extract<\/strong>, <strong>Sage Extract<\/strong> a <strong>Rosemary Extract<\/strong> pro podporu r\u016fstu vlas\u016f<\/li>\n<li><strong>Aloe Vera Extract<\/strong> a <strong>Tea Tree Oil<\/strong> pro uklidn\u011bn\u00ed a hydrataci poko\u017eky hlavy<\/li>\n<li><strong>Argan Oil<\/strong>, <strong>Coconut Oil<\/strong> a <strong>Jojoba Oil<\/strong> pro hydrataci a pos\u00edlen\u00ed vlas\u016f<\/li>\n<li><strong>Hyaluronic Acid<\/strong>, <strong>Caviar Extract<\/strong> a <strong>Collagen Marine<\/strong> pro v\u00fd\u017eivu a zlep\u0161en\u00ed zdrav\u00ed vlas\u016f<\/li>\n<li><strong>Olive Extract<\/strong>, <strong>Chamomile Extract<\/strong> a <strong>Macadamia Oil<\/strong> pro ochranu vlas\u016f p\u0159ed po\u0161kozen\u00edm<\/li>\n<\/ul>\n<p>\u0160ampon Orgakera kombinuje tyto vysoce kvalitn\u00ed p\u0159\u00edrodn\u00ed slo\u017eky. Hydratuje vlasy a poko\u017eku hlavy, sni\u017euje lupy a pom\u00e1h\u00e1 vlas\u016fm r\u016fst siln\u011bj\u0161\u00edmi a hust\u011bj\u0161\u00edmi. Tento \u0161ampon nab\u00edz\u00ed kompletn\u00ed \u0159e\u0161en\u00ed pro opravu a udr\u017een\u00ed zdrav\u00fdch vlas\u016f od ko\u0159ene a\u017e po kone\u010dky.<\/p>\n<p><strong>Jak pou\u017e\u00edvat:<\/strong> Naneste dostatek <strong>\u0161ampon Snake Oil<\/strong> na poko\u017eku hlavy. Vmas\u00edrujte a nechte p\u016fsobit 10 minut, aby p\u0159\u00edrodn\u00ed oleje a \u017eiviny pronikly. D\u016fkladn\u011b opl\u00e1chn\u011bte vodou.<\/p>\n<p><strong>Upozorn\u011bn\u00ed:<\/strong> Pou\u017e\u00edvejte pouze na vn\u011bj\u0161\u00ed \u010d\u00e1st t\u011bla. Nedost\u00e1vejte do o\u010d\u00ed. Pokud ano, opl\u00e1chn\u011bte o\u010di vodou. Uchov\u00e1vejte mimo dosah d\u011bt\u00ed.<\/p>\n<h4>Dejte sv\u00fdm vlas\u016fm impuls s <strong>\u0161amponem Snake Oil<\/strong> a z\u00edskejte siln\u011bj\u0161\u00ed, zdrav\u011bj\u0161\u00ed, lesklej\u0161\u00ed vlasy!<\/h4>\n<p>&nbsp;<\/p>\n<p style=\"text-align: center;\">D\u011bkujeme za n\u00e1kup v <em data-start=\"415\" data-end=\"431\"><a href=\"https:\/\/bazaar.express\/cs\/\">Bazaar Express<\/a><\/em> \u2013 jsme nad\u0161en\u00ed, \u017ee jste u n\u00e1s!<\/p>\n<p style=\"text-align: center;\">Va\u0161e cesta k lep\u0161\u00ed p\u00e9\u010di o sebe za\u010d\u00edn\u00e1 zde \u2013 s <a href=\"https:\/\/bazaar.express\/cs\/kategorie-produktu\/pece-o-krasu\/\">Kr\u00e1sa a p\u00e9\u010de<\/a>, kter\u00e9 si m\u016f\u017eete v\u011b\u0159it.<\/p>\n","protected":false},"excerpt":{"rendered":"<h3><strong>\u0160ampon Snake Oil<\/strong> vy\u017eivuje a posiluje ko\u0159eny vlas\u016f, stimuluje r\u016fst a pom\u00e1h\u00e1 sni\u017eovat vypad\u00e1v\u00e1n\u00ed vlas\u016f, lupy a roz\u0161t\u011bpen\u00e9 kone\u010dky pro lesklej\u0161\u00ed, zdrav\u011bj\u0161\u00ed vlasy.<\/h3>\n","protected":false},"featured_media":36832,"comment_status":"open","ping_status":"closed","template":"","meta":[],"product_brand":[],"product_cat":[786,1828,788],"product_tag":[781,790,783],"class_list":{"0":"post-36830","1":"product","2":"type-product","3":"status-publish","4":"has-post-thumbnail","6":"product_cat-pece-o-krasu","7":"product_cat-lotus","8":"product_cat-to-nejlepsi-z-egypta","9":"product_tag-olej","10":"product_tag-pece-o-krasu","11":"product_tag-pece-o-plet","12":"pa_l-xl-350ml","14":"first","15":"instock","16":"shipping-taxable","17":"purchasable","18":"product-type-simple"},"_links":{"self":[{"href":"https:\/\/bazaar.express\/cs\/wp-json\/wp\/v2\/product\/36830","targetHints":{"allow":["GET"]}}],"collection":[{"href":"https:\/\/bazaar.express\/cs\/wp-json\/wp\/v2\/product"}],"about":[{"href":"https:\/\/bazaar.express\/cs\/wp-json\/wp\/v2\/types\/product"}],"replies":[{"embeddable":true,"href":"https:\/\/bazaar.express\/cs\/wp-json\/wp\/v2\/comments?post=36830"}],"wp:featuredmedia":[{"embeddable":true,"href":"https:\/\/bazaar.express\/cs\/wp-json\/wp\/v2\/media\/36832"}],"wp:attachment":[{"href":"https:\/\/bazaar.express\/cs\/wp-json\/wp\/v2\/media?parent=36830"}],"wp:term":[{"taxonomy":"product_brand","embeddable":true,"href":"https:\/\/bazaar.express\/cs\/wp-json\/wp\/v2\/product_brand?post=36830"},{"taxonomy":"product_cat","embeddable":true,"href":"https:\/\/bazaar.express\/cs\/wp-json\/wp\/v2\/product_cat?post=36830"},{"taxonomy":"product_tag","embeddable":true,"href":"https:\/\/bazaar.express\/cs\/wp-json\/wp\/v2\/product_tag?post=36830"}],"curies":[{"name":"wp","href":"https:\/\/api.w.org\/{rel}","templated":true}]}}