{"id":45279,"date":"2026-03-02T01:59:37","date_gmt":"2026-03-02T01:59:37","guid":{"rendered":"https:\/\/bazaar.express\/product\/argan-oil-shampoo\/"},"modified":"2026-03-02T01:59:37","modified_gmt":"2026-03-02T01:59:37","slug":"argan-oil-shampoo","status":"publish","type":"product","link":"https:\/\/bazaar.express\/cs\/produkt\/argan-oil-shampoo\/","title":{"rendered":"\u0160ampon s arganov\u00fdm olejem"},"content":{"rendered":"<h2>\u0160ampon s arganov\u00fdm olejem \u2013 Vy\u017eivuj\u00edc\u00ed denn\u00ed \u010di\u0161t\u011bn\u00ed pro m\u011bkk\u00e9 a zdrav\u00e9 vlasy (200 ml)<\/h2>\n<p data-start=\"244\" data-end=\"701\">Za\u017eijte vyv\u00e1\u017een\u00e9 \u010di\u0161t\u011bn\u00ed a hlubokou v\u00fd\u017eivu s \u0161amponem s arganov\u00fdm olejem, speci\u00e1ln\u011b vyvinut\u00fdm pro p\u00e9\u010di o such\u00e9, po\u0161kozen\u00e9 a kudrnat\u00e9 vlasy. Tento jemn\u00fd, ale \u00fa\u010dinn\u00fd \u0161ampon odstra\u0148uje ne\u010distoty, p\u0159i\u010dem\u017e zachov\u00e1v\u00e1 p\u0159irozenou vlhkost vlas\u016f. D\u00edky bohat\u00e9mu obsahu arganov\u00e9ho oleje pom\u00e1h\u00e1 obnovit lesk, zlep\u0161it strukturu a chr\u00e1nit vlasy p\u0159ed ka\u017edodenn\u00edm stresem. Dostupn\u00fd v praktick\u00e9m balen\u00ed 200 ml a hrd\u011b vyroben\u00fd v Egypt\u011b, je ide\u00e1ln\u00ed pro ka\u017edodenn\u00ed rutinu p\u00e9\u010de o vlasy.<\/p>\n<h3 data-start=\"703\" data-end=\"739\">Jemn\u00e9 \u010di\u0161t\u011bn\u00ed bez vysu\u0161en\u00ed<\/h3>\n<p data-start=\"741\" data-end=\"1078\">\u0160ampon s arganov\u00fdm olejem je navr\u017een tak, aby \u010distil poko\u017eku hlavy a vlasov\u00e9 smy\u010dky bez odstra\u0148ov\u00e1n\u00ed esenci\u00e1ln\u00ed vlhkosti. Mnoho \u0161ampon\u016f m\u016f\u017ee vlasy zanechat drsn\u00e9 nebo dehydratovan\u00e9, ale tato formule udr\u017euje hydrata\u010dn\u00ed rovnov\u00e1hu p\u0159i odstra\u0148ov\u00e1n\u00ed usazenin a p\u0159ebyte\u010dn\u00e9ho oleje. V\u00fdsledek jsou vlasy, kter\u00e9 se po ka\u017ed\u00e9m umyt\u00ed c\u00edt\u00ed \u010dist\u00e9, osv\u011b\u017een\u00e9 a pohodln\u00e9.<\/p>\n<h3 data-start=\"1080\" data-end=\"1118\">Hlubok\u00e1 v\u00fd\u017eiva a pos\u00edlen\u00ed<\/h3>\n<p data-start=\"1120\" data-end=\"1414\">Jednou z hlavn\u00edch v\u00fdhod \u0161amponu s arganov\u00fdm olejem je jeho schopnost vy\u017eivovat vlasy od ko\u0159\u00ednk\u016f po kone\u010dky. Arganov\u00fd olej je p\u0159irozen\u011b bohat\u00fd na vitamin E a antioxidanty, kter\u00e9 pom\u00e1haj\u00ed posilovat vlasov\u00e9 vl\u00e1kna a zlep\u0161ovat elasticitu. Pravideln\u00fdm pou\u017e\u00edv\u00e1n\u00edm se vlasy st\u00e1vaj\u00ed odoln\u011bj\u0161\u00edmi a m\u00e9n\u011b n\u00e1chyln\u00fdmi k l\u00e1m\u00e1n\u00ed nebo roz\u0161t\u011bpen\u00fdm kone\u010dk\u016fm.<\/p>\n<p data-start=\"1416\" data-end=\"1598\">Tento \u0161ampon tak\u00e9 pom\u00e1h\u00e1 sni\u017eovat kudrnatost a vyhlazovat povrch vlas\u016f, d\u00edky \u010demu\u017e jsou smy\u010dky sn\u00e1ze ovladateln\u00e9 a upraviteln\u00e9. Podporuje zdrav\u011b vypadaj\u00edc\u00ed vlasy zlep\u0161en\u00edm m\u011bkkosti a pru\u017enosti.<\/p>\n<h3 data-start=\"1600\" data-end=\"1637\">Lesk, hladkost a ochrana<\/h3>\n<p data-start=\"1639\" data-end=\"1943\">\u0160ampon s arganov\u00fdm olejem pom\u00e1h\u00e1 zlep\u0161it celkov\u00fd vzhled vlas\u016f t\u00edm, \u017ee zvy\u0161uje p\u0159irozen\u00fd lesk a udr\u017euje hladkou texturu. Pom\u00e1h\u00e1 opravovat suchost zp\u016fsobenou tepeln\u00fdmi n\u00e1stroji, slune\u010dn\u00edm z\u00e1\u0159en\u00edm a chemick\u00fdmi o\u0161et\u0159en\u00edmi. Lehk\u00e1 formule zaji\u0161\u0165uje, \u017ee vlasy z\u016fst\u00e1vaj\u00ed m\u011bkk\u00e9 a \u017eiv\u00e9 bez pocitu zat\u00ed\u017een\u00ed.<\/p>\n<h3 data-start=\"1945\" data-end=\"1971\">Vhodn\u00fd pro denn\u00ed pou\u017eit\u00ed<\/h3>\n<p data-start=\"1973\" data-end=\"2009\">Tento \u0161ampon s arganov\u00fdm olejem je ide\u00e1ln\u00ed pro:<\/p>\n<ul>\n<li data-start=\"2012\" data-end=\"2033\">Such\u00e9 nebo l\u00e1mav\u00e9 vlasy<\/li>\n<li data-start=\"2036\" data-end=\"2067\">Po\u0161kozen\u00e9 nebo zbarven\u00e9 vlasy<\/li>\n<li data-start=\"2070\" data-end=\"2100\">Kudrnat\u00e9 a neovladateln\u00e9 vlasy<\/li>\n<li data-start=\"2103\" data-end=\"2126\">Denn\u00ed pot\u0159eby \u010di\u0161t\u011bn\u00ed<\/li>\n<\/ul>\n<p data-start=\"2128\" data-end=\"2196\">Jeho osv\u011b\u017euj\u00edc\u00ed v\u016fn\u011b dod\u00e1v\u00e1 po ka\u017ed\u00e9m umyt\u00ed \u010dist\u00fd a p\u0159\u00edjemn\u00fd dojem.<\/p>\n<p data-start=\"2198\" data-end=\"2288\">Podrobnosti o produktu<br data-start=\"2213\" data-end=\"2216\" \/>N\u00e1zev produktu: \u0160ampon s arganov\u00fdm olejem<br data-start=\"2247\" data-end=\"2250\" \/>Velikost: 200 ml<br data-start=\"2262\" data-end=\"2265\" \/>P\u016fvod: Vyrobeno v Egypt\u011b<\/p>\n<p data-start=\"2290\" data-end=\"2474\" data-is-last-node=\"\" data-is-only-node=\"\">\u0160ampon s arganov\u00fdm olejem 200 ml kombinuje \u00fa\u010dinn\u00e9 \u010di\u0161t\u011bn\u00ed s hlubokou hydratac\u00ed a posiluj\u00edc\u00ed p\u00e9\u010d\u00ed, kter\u00e1 v\u00e1m pom\u016f\u017ee dos\u00e1hnout hlad\u0161\u00edch, lesklej\u0161\u00edch a zdrav\u011b vypadaj\u00edc\u00edch vlas\u016f p\u0159i pravideln\u00e9m pou\u017e\u00edv\u00e1n\u00ed.<\/p>\n<p style=\"text-align: center;\">Va\u0161e cesta k lep\u0161\u00ed p\u00e9\u010di o sebe za\u010d\u00edn\u00e1 zde \u2013 s\u00a0d\u016fv\u011bryhodnou\u00a0<a href=\"https:\/\/bazaar.express\/product-category\/beauty-care\/\">P\u00e9\u010d\u00ed o kr\u00e1su<\/a>.<\/p>\n","protected":false},"excerpt":{"rendered":"<h3 data-start=\"190\" data-end=\"476\">\u0160ampon s arganov\u00fdm olejem je vy\u017eivuj\u00edc\u00ed denn\u00ed \u010disti\u010d navr\u017een\u00fd k hydrataci, vyhlazen\u00ed a pos\u00edlen\u00ed such\u00fdch nebo po\u0161kozen\u00fdch vlas\u016f. Obohacen\u00fd o arganov\u00fd olej a vitamin E tento \u0161ampon pom\u00e1h\u00e1 kontrolovat kudrnatost, obnovovat lesk a zlep\u0161ovat m\u011bkkost vlas\u016f bez zat\u00ed\u017een\u00ed. 200 ml \u2013 Vyrobeno v Egypt\u011b.<\/h3>\n","protected":false},"featured_media":45280,"comment_status":"open","ping_status":"closed","template":"","meta":[],"product_brand":[],"product_cat":[1800,786],"product_tag":[790,783,1801],"class_list":{"0":"post-45279","1":"product","2":"type-product","3":"status-publish","4":"has-post-thumbnail","6":"product_cat-zoganon","7":"product_cat-pece-o-krasu","8":"product_tag-pece-o-krasu","9":"product_tag-pece-o-plet","10":"product_tag-vlasy","12":"first","13":"instock","14":"shipping-taxable","15":"purchasable","16":"product-type-simple"},"_links":{"self":[{"href":"https:\/\/bazaar.express\/cs\/wp-json\/wp\/v2\/product\/45279","targetHints":{"allow":["GET"]}}],"collection":[{"href":"https:\/\/bazaar.express\/cs\/wp-json\/wp\/v2\/product"}],"about":[{"href":"https:\/\/bazaar.express\/cs\/wp-json\/wp\/v2\/types\/product"}],"replies":[{"embeddable":true,"href":"https:\/\/bazaar.express\/cs\/wp-json\/wp\/v2\/comments?post=45279"}],"wp:featuredmedia":[{"embeddable":true,"href":"https:\/\/bazaar.express\/cs\/wp-json\/wp\/v2\/media\/45280"}],"wp:attachment":[{"href":"https:\/\/bazaar.express\/cs\/wp-json\/wp\/v2\/media?parent=45279"}],"wp:term":[{"taxonomy":"product_brand","embeddable":true,"href":"https:\/\/bazaar.express\/cs\/wp-json\/wp\/v2\/product_brand?post=45279"},{"taxonomy":"product_cat","embeddable":true,"href":"https:\/\/bazaar.express\/cs\/wp-json\/wp\/v2\/product_cat?post=45279"},{"taxonomy":"product_tag","embeddable":true,"href":"https:\/\/bazaar.express\/cs\/wp-json\/wp\/v2\/product_tag?post=45279"}],"curies":[{"name":"wp","href":"https:\/\/api.w.org\/{rel}","templated":true}]}}