{"id":45297,"date":"2026-01-04T18:30:39","date_gmt":"2026-01-04T18:30:39","guid":{"rendered":"https:\/\/bazaar.express\/product\/camel-milk-moisturizing\/"},"modified":"2026-01-04T18:30:39","modified_gmt":"2026-01-04T18:30:39","slug":"camel-milk-moisturizing","status":"publish","type":"product","link":"https:\/\/bazaar.express\/cs\/produkt\/camel-milk-moisturizing\/","title":{"rendered":"Hydratuj\u00edc\u00ed kr\u00e9m s ml\u00e9kem velbloud\u016f"},"content":{"rendered":"<h2 id=\"camel-milk-moisturizing-cream-best-natural-skincar\" class=\"font-display first:mt-xs mb-2 mt-4 font-semimedium text-lg leading-[1.5em] lg:text-xl\">Hydratuj\u00edc\u00ed kr\u00e9m s ml\u00e9kem velbloud\u016f: Nejlep\u0161\u00ed p\u0159\u00edrodn\u00ed p\u00e9\u010de o ple\u0165 s m\u00e1slem shea a olejem z p\u0161eni\u010dn\u00fdch kl\u00ed\u010dk\u016f<\/h2>\n<p class=\"my-2 [&#038;+p]:mt-4 [&#038;_strong:has(+br)]:inline-block [&#038;_strong:has(+br)]:pb-2\">Hled\u00e1te <strong>nejlep\u0161\u00ed hydratuj\u00edc\u00ed kr\u00e9m s ml\u00e9kem velbloud\u016f<\/strong>, kter\u00fd zajist\u00ed <strong>profesion\u00e1ln\u00ed v\u00fdsledky p\u00e9\u010de o ple\u0165<\/strong> p\u0159\u00edmo doma? Objevte n\u00e1\u0161 <strong>pr\u00e9miov\u00fd egyptsk\u00fd kr\u00e9m s ml\u00e9kem velbloud\u016f<\/strong>, <strong>ocen\u011bn\u00e9 p\u0159\u00edrodn\u00ed \u0159e\u0161en\u00ed p\u00e9\u010de o ple\u0165<\/strong>, kter\u00e9 spojuje <strong>starov\u011bk\u00e1 kr\u00e1sn\u00e1 tajemstv\u00ed<\/strong> s <strong>modern\u00ed v\u011bdou o p\u00e9\u010di o ple\u0165<\/strong>. Tento luxusn\u00ed <strong>hydratuj\u00edc\u00ed kr\u00e9m s ml\u00e9kem velbloud\u016f<\/strong> je speci\u00e1ln\u011b navr\u017een pro transformaci <strong>v\u0161ech typ\u016f pleti<\/strong> a poskytuje <strong>viditeln\u00e9, trval\u00e9 hydrata\u010dn\u00ed a anti-aging v\u00fdhody<\/strong>.<\/p>\n<h3 id=\"why-camel-milk-cream-is-the-ultimate-skincare-inve\" class=\"mb-2 mt-4 font-display font-semimedium text-base first:mt-0 md:text-lg [hr+&#038;]:mt-4\">Pro\u010d je kr\u00e9m s ml\u00e9kem velbloud\u016f ultim\u00e1tn\u00ed investic\u00ed do p\u00e9\u010de o ple\u0165<\/h3>\n<p class=\"my-2 [&#038;+p]:mt-4 [&#038;_strong:has(+br)]:inline-block [&#038;_strong:has(+br)]:pb-2\"><strong>Hydratuj\u00edc\u00ed kr\u00e9m s ml\u00e9kem velbloud\u016f<\/strong> se stal <strong>obl\u00edben\u00fdm \u0159e\u0161en\u00edm pro milovn\u00edky p\u00e9\u010de o ple\u0165<\/strong>, kte\u0159\u00ed hledaj\u00ed <strong>p\u0159\u00edrodn\u00ed, \u00fa\u010dinn\u00e9 alternativy<\/strong> k produkt\u016fm pln\u00fdm chemik\u00e1li\u00ed. Na\u0161e <strong>pr\u00e9miov\u00e1 formula<\/strong> obsahuje <strong>koncentrovan\u00fd extrakt z ml\u00e9ka velbloud\u016f<\/strong> a poskytuje <strong>superiorn\u00ed hydrataci<\/strong> ve srovn\u00e1n\u00ed s b\u011b\u017en\u00fdmi hydrata\u010dn\u00fdmi kr\u00e9my. Tento <strong>nejprod\u00e1van\u011bj\u0161\u00ed camel\u00ed p\u00e9\u010de o ple\u0165<\/strong> kombinuje t\u0159i mocn\u00e9 <strong>p\u0159\u00edrodn\u00ed slo\u017eky<\/strong>: <strong>ml\u00e9ko velbloud\u016f<\/strong>, <strong>maslo shea<\/strong> a <strong>olej z p\u0161eni\u010dn\u00fdch kl\u00ed\u010dk\u016f<\/strong> \u2013 ka\u017ed\u00e1 v\u011bdecky prok\u00e1zan\u00e1 pro zlep\u0161en\u00ed <strong>zdrav\u00ed a z\u00e1\u0159e pleti<\/strong>.<\/p>\n<p class=\"my-2 [&#038;+p]:mt-4 [&#038;_strong:has(+br)]:inline-block [&#038;_strong:has(+br)]:pb-2\">Vysokokoncentrovan\u00e1 <strong>formula<\/strong> v tomto <strong>165g pr\u00e9miov\u00e9m sklenici<\/strong> zaji\u0161\u0165uje <strong>maxim\u00e1ln\u00ed \u00fa\u010dinnost p\u00e9\u010de o ple\u0165<\/strong>. Na rozd\u00edl od standardn\u00edch kr\u00e9m\u016f, kter\u00e9 pouze pokr\u00fdvaj\u00ed povrch, tento <strong>pokro\u010dil\u00fd hydrata\u010dn\u00ed prost\u0159edek pronik\u00e1 hluboko<\/strong> a dod\u00e1v\u00e1 <strong>bioaktivn\u00ed proteiny<\/strong>, <strong>siln\u00e9 antioxidanty<\/strong>, <strong>\u017eelezo<\/strong> a <strong>antibakteri\u00e1ln\u00ed slou\u010deniny<\/strong>, kter\u00e9 synergicky posiluj\u00ed va\u0161i <strong>bari\u00e9ru pleti<\/strong> a podporuj\u00ed <strong>dlouhodob\u00e9 zdrav\u00ed pleti<\/strong>.<\/p>\n<h3 id=\"proven-benefits-of-camel-milk-skincare\" class=\"mb-2 mt-4 font-display font-semimedium text-base first:mt-0 md:text-lg [hr+&#038;]:mt-4\">Prok\u00e1zan\u00e9 v\u00fdhody p\u00e9\u010de o ple\u0165 s ml\u00e9kem velbloud\u016f<\/h3>\n<p class=\"my-2 [&#038;+p]:mt-4 [&#038;_strong:has(+br)]:inline-block [&#038;_strong:has(+br)]:pb-2\">N\u00e1\u0161 <strong>kr\u00e9m na obli\u010dej s ml\u00e9kem velbloud\u016f<\/strong> je <strong>speci\u00e1ln\u011b navr\u017een k \u0159e\u0161en\u00ed<\/strong> nejb\u011b\u017en\u011bj\u0161\u00edch <strong>probl\u00e9m\u016f s p\u00e9\u010d\u00ed o ple\u0165<\/strong>:<\/p>\n<p class=\"my-2 [&#038;+p]:mt-4 [&#038;_strong:has(+br)]:inline-block [&#038;_strong:has(+br)]:pb-2\"><strong>Hlubok\u00e1 hydratace a v\u00fd\u017eiva:<\/strong> Tento <strong>hydratuj\u00edc\u00ed kr\u00e9m<\/strong> poskytuje <strong>intenzivn\u00ed hydrataci bez mastnoty<\/strong>, co\u017e z n\u011bj \u010din\u00ed <strong>ide\u00e1ln\u00ed hydrata\u010dn\u00ed prost\u0159edek pro citlivou ple\u0165<\/strong>, <strong>sm\u00ed\u0161enou ple\u0165<\/strong> a dokonce i <strong>mastn\u00e9 typy pleti<\/strong>. <strong>Lehk\u00e1, ale luxusn\u00ed formula<\/strong> se rychle vst\u0159eb\u00e1v\u00e1 a dod\u00e1v\u00e1 <strong>trvalou vlhkost<\/strong>.<\/p>\n<p class=\"my-2 [&#038;+p]:mt-4 [&#038;_strong:has(+br)]:inline-block [&#038;_strong:has(+br)]:pb-2\"><strong>Rozjasn\u011bn\u00ed pleti a korekce t\u00f3nu:<\/strong> <strong>Alfa-hydroxy kyseliny<\/strong> v na\u0161em <strong>kr\u00e9mu s ml\u00e9kem velbloud\u016f<\/strong> p\u016fsob\u00ed na <strong>rozjasn\u011bn\u00ed nudn\u00e9 pleti<\/strong> a <strong>vyrovn\u00e1n\u00ed nerovnom\u011brn\u00e9ho t\u00f3nu pleti<\/strong>, d\u00edky \u010demu\u017e z\u00edsk\u00e1te <strong>z\u00e1\u0159iv\u00fd, lumin\u00f3zn\u00ed vzhled<\/strong> p\u0159i pravideln\u00e9m pou\u017e\u00edv\u00e1n\u00ed.<\/p>\n<p class=\"my-2 [&#038;+p]:mt-4 [&#038;_strong:has(+br)]:inline-block [&#038;_strong:has(+br)]:pb-2\"><strong>L\u00e9\u010den\u00ed jizev po akn\u00e9 a ran:<\/strong> Pokud hled\u00e1te <strong>nejlep\u0161\u00ed kr\u00e9m na jizvy po akn\u00e9<\/strong>, toto je va\u0161e odpov\u011b\u010f. <strong>P\u0159\u00edrodn\u00ed hojiv\u00e9 vlastnosti<\/strong> <strong>aktivn\u011b podporuj\u00ed vyblednut\u00ed jizev<\/strong> a <strong>redukuj\u00ed vzhled stop po nedokonalostech<\/strong>, co\u017e pom\u00e1h\u00e1 pleti zotavit se rychleji a \u00fapln\u011bji.<\/p>\n<p class=\"my-2 [&#038;+p]:mt-4 [&#038;_strong:has(+br)]:inline-block [&#038;_strong:has(+br)]:pb-2\"><strong>Anti-aging a prevence vr\u00e1sek:<\/strong> <strong>Siln\u00fd antioxida\u010dn\u00ed profil<\/strong> v tomto <strong>anti-aging kr\u00e9mu<\/strong> <strong>neutralizuje po\u0161kozen\u00ed voln\u00fdmi radik\u00e1ly<\/strong>, pom\u00e1h\u00e1 <strong>zabr\u00e1nit jemn\u00fdm link\u00e1m a vr\u00e1sk\u00e1m<\/strong> a <strong>oddaluje viditeln\u00e9 zn\u00e1mky st\u00e1rnut\u00ed<\/strong>. <strong>P\u0159\u00edrodn\u00ed exfolia\u010dn\u00ed slo\u017eky<\/strong> <strong>odstra\u0148uj\u00ed odum\u0159el\u00e9 bu\u0148ky pleti<\/strong> a odhaluj\u00ed <strong>mladistv\u011bj\u0161\u00ed, sv\u011b\u017eej\u0161\u00ed ple\u0165<\/strong>.<\/p>\n<p class=\"my-2 [&#038;+p]:mt-4 [&#038;_strong:has(+br)]:inline-block [&#038;_strong:has(+br)]:pb-2\"><strong>Kontrola akn\u00e9 a management bakteri\u00ed:<\/strong> N\u00e1\u0161 <strong>antibakteri\u00e1ln\u00ed hydrata\u010dn\u00ed prost\u0159edek<\/strong> obsahuje <strong>p\u0159\u00edrodn\u00ed antibakteri\u00e1ln\u00ed a protiz\u00e1n\u011btliv\u00e9 slou\u010deniny<\/strong>, kter\u00e9 <strong>bojuj\u00ed proti bakteri\u00edm zp\u016fsobuj\u00edc\u00edm akn\u00e9<\/strong>, <strong>odstra\u0148uj\u00ed st\u00e1vaj\u00edc\u00ed v\u00fdlevy<\/strong> a <strong>zabra\u0148uj\u00ed budouc\u00edm nedokonalostem<\/strong> bez p\u0159ehnan\u00e9ho vysu\u0161en\u00ed pleti.<\/p>\n<h3 id=\"premium-quality-standards--natural-ingredients\" class=\"mb-2 mt-4 font-display font-semimedium text-base first:mt-0 md:text-lg [hr+&#038;]:mt-4\">Pr\u00e9miov\u00e9 standardy kvality a p\u0159\u00edrodn\u00ed slo\u017eky<\/h3>\n<p class=\"my-2 [&#038;+p]:mt-4 [&#038;_strong:has(+br)]:inline-block [&#038;_strong:has(+br)]:pb-2\">Tento <strong>egyptsk\u00fd kr\u00e9m na p\u00e9\u010di o ple\u0165<\/strong> je vyr\u00e1b\u011bn spole\u010dnost\u00ed <strong>Organic Pharma Group<\/strong>, co\u017e zaji\u0161\u0165uje <strong>farmaceutickou kvalitu<\/strong> a <strong>autentickou p\u0159\u00edrodn\u00ed kosmetiku<\/strong> excelence. Ka\u017ed\u00e1 <strong>165g n\u00e1doba<\/strong> je formulov\u00e1na tak, aby <strong>udr\u017eovala optim\u00e1ln\u00ed pH rovnov\u00e1hu<\/strong> p\u0159i dod\u00e1v\u00e1n\u00ed <strong>maxim\u00e1ln\u00ed potency slo\u017eek<\/strong>. <strong>Formula p\u00e9\u010de o ple\u0165 s ml\u00e9kem velbloud\u016f<\/strong> respektuje p\u0159irozenou chemii va\u0161\u00ed pleti a poskytuje <strong>v\u00fdsledky profesion\u00e1ln\u00ed s\u00edly<\/strong>.<\/p>\n<p class=\"my-2 [&#038;+p]:mt-4 [&#038;_strong:has(+br)]:inline-block [&#038;_strong:has(+br)]:pb-2\">N\u00e1\u0161 <strong>p\u0159\u00edrodn\u00ed kr\u00e9m na p\u00e9\u010di o ple\u0165<\/strong> je <strong>100% vhodn\u00fd pro v\u0161echny typy pleti<\/strong> \u2013 a\u0165 je va\u0161e ple\u0165 <strong>such\u00e1, mastn\u00e1, citliv\u00e1 nebo sm\u00ed\u0161en\u00e1<\/strong>. <strong>Nekomedogenn\u00ed formula<\/strong> <strong>nezacp\u00e1v\u00e1 p\u00f3ry<\/strong>, co\u017e z n\u00ed \u010din\u00ed <strong>nejlep\u0161\u00ed denn\u00ed hydrata\u010dn\u00ed prost\u0159edek<\/strong> i pro ty nejslo\u017eit\u011bj\u0161\u00ed <strong>probl\u00e9my s ple\u0165<\/strong>.<\/p>\n<h3 id=\"transform-your-skincare-routine-today\" class=\"mb-2 mt-4 font-display font-semimedium text-base first:mt-0 md:text-lg [hr+&#038;]:mt-4\">Transformujte svou rutinu p\u00e9\u010de o ple\u0165 je\u0161t\u011b dnes<\/h3>\n<p class=\"my-2 [&#038;+p]:mt-4 [&#038;_strong:has(+br)]:inline-block [&#038;_strong:has(+br)]:pb-2\">Jste p\u0159ipraveni za\u017e\u00edt <strong>nejlep\u0161\u00ed v\u00fdsledky z p\u0159\u00edrodn\u00ed p\u00e9\u010de o ple\u0165<\/strong>? N\u00e1\u0161 <strong>pr\u00e9miov\u00fd kr\u00e9m s ml\u00e9kem velbloud\u016f<\/strong> kombinuje <strong>egyptsk\u00e9 d\u011bdictv\u00ed kr\u00e1sy<\/strong> s <strong>nejmodern\u011bj\u0161\u00ed v\u011bdou o p\u00e9\u010di o ple\u0165<\/strong>. Nan\u00e1\u0161ejte na \u010distou ple\u0165, jemn\u011b mas\u00edrujte a nechte <strong>bohatou, v\u00fd\u017eivnou formuli<\/strong> p\u016fsobit svou magii. B\u011bhem n\u011bkolika t\u00fddn\u016f o\u010dek\u00e1vejte <strong>viditeln\u00e9 zlep\u0161en\u00ed<\/strong> v <strong>textu\u0159e pleti<\/strong>, <strong>z\u00e1\u0159i<\/strong> a <strong>celkov\u00e9m zdrav\u00ed pleti<\/strong>.<\/p>\n<p class=\"my-2 [&#038;+p]:mt-4 [&#038;_strong:has(+br)]:inline-block [&#038;_strong:has(+br)]:pb-2\"><strong>Vyrobeno v Egypt\u011b | Pr\u00e9miov\u00e1 p\u0159\u00edrodn\u00ed p\u00e9\u010de o ple\u0165 | Vhodn\u00e9 pro v\u0161echny typy pleti | Formula testovan\u00e1 dermatology<\/strong><\/p>\n<p>&nbsp;<\/p>\n<p style=\"text-align: center;\">D\u011bkujeme za n\u00e1kup v <a href=\"https:\/\/bazaar.express\/cs\/\">Bazaar Express<\/a> \u2013 jsme nad\u0161en\u00ed, \u017ee jste u n\u00e1s!<\/p>\n<p style=\"text-align: center;\">Va\u0161e cesta k lep\u0161\u00ed p\u00e9\u010di o sebe za\u010d\u00edn\u00e1 zde \u2013 s <a href=\"https:\/\/bazaar.express\/product-category\/beauty-care\/\">Beauty Care<\/a>, kter\u00e9 si m\u016f\u017eete v\u011b\u0159it.<\/p>\n","protected":false},"excerpt":{"rendered":"<h3>Objevte nejlep\u0161\u00ed hydratuj\u00edc\u00ed kr\u00e9m s ml\u00e9kem velbloud\u016f pro va\u0161i ple\u0165. Toto pr\u00e9miov\u00e9 egyptsk\u00e9 \u0159e\u0161en\u00ed p\u00e9\u010de o ple\u0165 hluboce hydratuje, rozjas\u0148uje ple\u0165, vybledne jizvy po akn\u00e9 a br\u00e1n\u00ed zn\u00e1mk\u00e1m st\u00e1rnut\u00ed. Ide\u00e1ln\u00ed pro citlivou, mastnou a sm\u00ed\u0161enou ple\u0165.<\/h3>\n","protected":false},"featured_media":45298,"comment_status":"open","ping_status":"closed","template":"","meta":[],"product_brand":[],"product_cat":[1800,786,788],"product_tag":[790,783,793,791],"class_list":{"0":"post-45297","1":"product","2":"type-product","3":"status-publish","4":"has-post-thumbnail","6":"product_cat-zoganon","7":"product_cat-pece-o-krasu","8":"product_cat-to-nejlepsi-z-egypta","9":"product_tag-pece-o-krasu","10":"product_tag-pece-o-plet","11":"product_tag-prirodni-olej","12":"product_tag-velbloudi-mleko","14":"first","15":"instock","16":"sale","17":"shipping-taxable","18":"purchasable","19":"product-type-simple"},"_links":{"self":[{"href":"https:\/\/bazaar.express\/cs\/wp-json\/wp\/v2\/product\/45297","targetHints":{"allow":["GET"]}}],"collection":[{"href":"https:\/\/bazaar.express\/cs\/wp-json\/wp\/v2\/product"}],"about":[{"href":"https:\/\/bazaar.express\/cs\/wp-json\/wp\/v2\/types\/product"}],"replies":[{"embeddable":true,"href":"https:\/\/bazaar.express\/cs\/wp-json\/wp\/v2\/comments?post=45297"}],"wp:featuredmedia":[{"embeddable":true,"href":"https:\/\/bazaar.express\/cs\/wp-json\/wp\/v2\/media\/45298"}],"wp:attachment":[{"href":"https:\/\/bazaar.express\/cs\/wp-json\/wp\/v2\/media?parent=45297"}],"wp:term":[{"taxonomy":"product_brand","embeddable":true,"href":"https:\/\/bazaar.express\/cs\/wp-json\/wp\/v2\/product_brand?post=45297"},{"taxonomy":"product_cat","embeddable":true,"href":"https:\/\/bazaar.express\/cs\/wp-json\/wp\/v2\/product_cat?post=45297"},{"taxonomy":"product_tag","embeddable":true,"href":"https:\/\/bazaar.express\/cs\/wp-json\/wp\/v2\/product_tag?post=45297"}],"curies":[{"name":"wp","href":"https:\/\/api.w.org\/{rel}","templated":true}]}}