{"id":45299,"date":"2026-01-03T14:33:31","date_gmt":"2026-01-03T14:33:31","guid":{"rendered":"https:\/\/bazaar.express\/product\/marine-collagen-water-ge\/"},"modified":"2026-01-03T14:33:31","modified_gmt":"2026-01-03T14:33:31","slug":"marine-collagen-water-ge","status":"publish","type":"product","link":"https:\/\/bazaar.express\/cs\/produkt\/marine-collagen-water-ge\/","title":{"rendered":"Mo\u0159sk\u00fd kolagen vodn\u00ed gel"},"content":{"rendered":"<h2 id=\"marine-collagen-water-gel-250ml--premium-hyaluroni\" class=\"mb-2 mt-4 font-display font-semimedium text-base first:mt-0 md:text-lg [hr+&#038;]:mt-4\">Mo\u0159sk\u00fd kolagen vodn\u00ed gel 250 ml \u2013 Pr\u00e9miov\u00fd gel s kyselinou hyaluronovou pro pru\u017enost a hydrataci k\u016f\u017ee | Vyrobeno v Egypt\u011b<\/h2>\n<h3 class=\"mb-2 mt-4 font-display font-semimedium text-base first:mt-0\">Profesion\u00e1ln\u00ed mo\u0159sk\u00fd kolagen vodn\u00ed gel s kyselinou hyaluronovou pro maxim\u00e1ln\u00ed pru\u017enost k\u016f\u017ee a hlubokou hydrataci<\/h3>\n<p class=\"my-2 [&#038;+p]:mt-4 [&#038;_strong:has(+br)]:inline-block [&#038;_strong:has(+br)]:pb-2\">Objevte transforma\u010dn\u00ed p\u00e9\u010di o ple\u0165 s pr\u00e9miov\u00fdm mo\u0159sk\u00fdm kolagenem vodn\u00edm gelem, pokro\u010dil\u00fdm egyptsk\u00fdm p\u0159\u00edrodn\u00edm kosmetick\u00fdm produktem navr\u017een\u00fdm pro profesion\u00e1ln\u00ed zlep\u0161en\u00ed pru\u017enosti k\u016f\u017ee a intenzivn\u00ed hydrataci. Tento v\u011bdecky formulovan\u00fd gel kombinuje \u010dist\u00fd mo\u0159sk\u00fd kolagen s koncentrovanou kyselinou hyaluronovou, aby poskytl viditelnou spev\u0148ov\u00e1n\u00ed k\u016f\u017ee, dramatick\u00fd n\u00e1r\u016fst pru\u017enosti a z\u00e1\u0159iv\u00fd, mladistv\u00fd vzhled. Dostupn\u00fd v pr\u00e9miov\u00fdch lahvi\u010dk\u00e1ch 250 ml, tento profesion\u00e1ln\u00ed mo\u0159sk\u00fd kolagen vodn\u00ed gel c\u00edl\u00ed na norm\u00e1ln\u00ed a suchou ple\u0165, poskytuje profesion\u00e1ln\u00ed napnut\u00ed k\u016f\u017ee, p\u0159irozenou obnovu vlhkosti a viditelnou regeneraci s ka\u017ed\u00fdm pou\u017eit\u00edm.<\/p>\n<h3 class=\"mb-2 mt-4 font-display font-semimedium text-base first:mt-0\">V\u00fdhody mo\u0159sk\u00e9ho kolagenu vodn\u00edho gelu: Pro\u010d jsou profesion\u00e1ln\u00ed v\u00fdsledky d\u016fle\u017eit\u00e9<\/h3>\n<p class=\"my-2 [&#038;+p]:mt-4 [&#038;_strong:has(+br)]:inline-block [&#038;_strong:has(+br)]:pb-2\"><strong>Maxim\u00e1ln\u00ed pru\u017enost k\u016f\u017ee s technologi\u00ed mo\u0159sk\u00e9ho kolagenu: <\/strong>Kolagenov\u00fd vodn\u00ed gel poskytuje klinicky prok\u00e1zan\u00e9 zlep\u0161en\u00ed pru\u017enosti k\u016f\u017ee prost\u0159ednictv\u00edm pokro\u010dil\u00fdch peptid\u016f mo\u0159sk\u00e9ho kolagenu, kter\u00e9 pronikaj\u00ed hluboko do vrstev k\u016f\u017ee. Mo\u0159sk\u00fd kolagen posiluje strukturu k\u016f\u017ee, obnovuje ztracenou pru\u017enost a vytv\u00e1\u0159\u00ed viditeln\u011b pevn\u011bj\u0161\u00ed, mladistv\u011bj\u0161\u00ed strukturu k\u016f\u017ee. S pravideln\u00fdm pou\u017eit\u00edm mo\u0159sk\u00e9ho kolagenu vodn\u00edho gelu za\u017eijete dramatick\u00e9 zlep\u0161en\u00ed pru\u017enosti, sn\u00ed\u017een\u00ed jemn\u00fdch vr\u00e1sek a viditeln\u011b napnut\u011bj\u0161\u00ed vzhled k\u016f\u017ee b\u011bhem 2\u20133 t\u00fddn\u016f denn\u00edho profesion\u00e1ln\u00edho pou\u017eit\u00ed.<\/p>\n<p class=\"my-2 [&#038;+p]:mt-4 [&#038;_strong:has(+br)]:inline-block [&#038;_strong:has(+br)]:pb-2\"><strong>Intenzivn\u00ed hydratace s technologi\u00ed mikroperli\u010dek kyseliny hyaluronov\u00e9:<\/strong>\u00a0Tato pr\u00e9miov\u00e1 formule obsahuje koncentrovan\u00e9 mikroperli\u010dky kyseliny hyaluronov\u00e9, kter\u00e9 poskytuj\u00ed okam\u017eit\u00fd p\u0159\u00edval vlhkosti a hlubok\u00e9 pronik\u00e1n\u00ed hydratace. Kyselina hyaluronov\u00e1 p\u016fsob\u00ed synergicky s mo\u0159sk\u00fdm kolagenem, aby udr\u017eovala vlhkost v vrstv\u00e1ch k\u016f\u017ee, \u010d\u00edm\u017e vytv\u00e1\u0159\u00ed plnou, sv\u011b\u017e\u00ed a profesion\u00e1ln\u011b hydratovanou ple\u0165. Pokro\u010dil\u00e9 mikroperli\u010dky kyseliny hyaluronov\u00e9 zaji\u0161\u0165uj\u00ed profesion\u00e1ln\u00ed udr\u017een\u00ed vlhkosti a zabra\u0148uj\u00ed trans Epiderm\u00e1ln\u00ed ztr\u00e1t\u011b vody pro trvalou hydrataci po cel\u00fd den.<\/p>\n<p class=\"my-2 [&#038;+p]:mt-4 [&#038;_strong:has(+br)]:inline-block [&#038;_strong:has(+br)]:pb-2\"><strong>Profesion\u00e1ln\u00ed v\u00fdsledky spev\u0148ov\u00e1n\u00ed a nap\u00edn\u00e1n\u00ed k\u016f\u017ee:<\/strong>\u00a0Kolagenov\u00fd vodn\u00ed gel produkuje viditeln\u00e9 napnut\u00ed k\u016f\u017ee a profesion\u00e1ln\u00ed spev\u0148uj\u00edc\u00ed efekty prost\u0159ednictv\u00edm technologie dvoj\u00edho p\u016fsoben\u00ed kolagenu a kyseliny hyaluronov\u00e9. Formule p\u0159irozen\u011b zved\u00e1 a nap\u00edn\u00e1 k\u016f\u017ei, sni\u017euje proh\u00fdb\u00e1n\u00ed a vytv\u00e1\u0159\u00ed profesion\u00e1ln\u011b tvarovan\u00e9, definovan\u00e9 obrysy obli\u010deje. U\u017eivatel\u00e9 hl\u00e1s\u00ed viditeln\u011b napnut\u011bj\u0161\u00ed \u010delist, zvednut\u00e9 l\u00edcn\u00ed kosti a profesion\u00e1ln\u011b spevn\u011bnou texturu k\u016f\u017ee p\u0159i pravideln\u00e9m denn\u00ed aplikaci tohoto pr\u00e9miov\u00e9ho gelu.<\/p>\n<p class=\"my-2 [&#038;+p]:mt-4 [&#038;_strong:has(+br)]:inline-block [&#038;_strong:has(+br)]:pb-2\"><strong>P\u0159\u00edrodn\u00ed regenerace k\u016f\u017ee a obnova z\u00e1\u0159e:<\/strong>Tento profesion\u00e1ln\u00ed gel obnovuje p\u0159irozenou z\u00e1\u0159i k\u016f\u017ee a mladistvou svitivost prost\u0159ednictv\u00edm intenzivn\u00ed v\u00fd\u017eivy a hydratace. Mo\u0159sk\u00fd kolagen stimuluje p\u0159irozenou produkci kolagenu, zlep\u0161uje rovnom\u011brnost t\u00f3nu k\u016f\u017ee a sni\u017euje matn\u00fd vzhled. V\u00fdsledek je viditeln\u011b jasn\u011bj\u0161\u00ed, z\u00e1\u0159iv\u011bj\u0161\u00ed, profesion\u00e1ln\u011b regenerovan\u00e1 k\u016f\u017ee s p\u0159irozen\u00fdm leskem a profesion\u00e1ln\u00ed dokonalost\u00ed.<\/p>\n<p class=\"my-2 [&#038;+p]:mt-4 [&#038;_strong:has(+br)]:inline-block [&#038;_strong:has(+br)]:pb-2\"><strong>Vhodn\u00e9 pro norm\u00e1ln\u00ed a suchou ple\u0165:<\/strong>Mo\u0159sk\u00fd kolagen vodn\u00ed gel je speci\u00e1ln\u011b formulov\u00e1n pro norm\u00e1ln\u00ed a such\u00e9 stavy pleti, poskytuje nezbytnou hydrataci bez t\u011b\u017ekosti. Lehk\u00e1 gelov\u00e1 textura se rychle vst\u0159eb\u00e1v\u00e1, dod\u00e1v\u00e1 profesion\u00e1ln\u00ed v\u00fdsledky na obli\u010dej, t\u011blo a ruce bez mastn\u00e9ho zbytku nebo nep\u0159\u00edjemn\u00e9 lepivosti.<\/p>\n<h3 class=\"mb-2 mt-4 font-display font-semimedium text-base first:mt-0\">Kompletn\u00ed n\u00e1vod na aplikaci kolagenov\u00e9ho vodn\u00edho gelu<\/h3>\n<p class=\"my-2 [&#038;+p]:mt-4 [&#038;_strong:has(+br)]:inline-block [&#038;_strong:has(+br)]:pb-2\"><strong>Krok 1 \u2013 P\u0159ipravte \u010distou ple\u0165:<\/strong>\u00a0D\u016fkladn\u011b vy\u010dist\u011bte obli\u010dej, t\u011blo nebo ruce jemn\u00fdm \u010distic\u00edm prost\u0159edkem a \u00fapln\u011b osu\u0161te.<\/p>\n<p class=\"my-2 [&#038;+p]:mt-4 [&#038;_strong:has(+br)]:inline-block [&#038;_strong:has(+br)]:pb-2\"><strong>Krok 2 \u2013 Naneste vhodn\u00e9 mno\u017estv\u00ed:<\/strong> Vyd\u011blte vhodn\u00e9 mno\u017estv\u00ed kolagenov\u00e9ho vodn\u00edho gelu (p\u0159ibli\u017en\u011b velikosti hr\u00e1\u0161ku pro obli\u010dej) na kone\u010dky prst\u016f.<\/p>\n<p class=\"my-2 [&#038;+p]:mt-4 [&#038;_strong:has(+br)]:inline-block [&#038;_strong:has(+br)]:pb-2\"><strong>Krok 3 \u2013 Jemn\u011b mas\u00edrujte:<\/strong>Naneste na c\u00edlov\u00e9 oblasti a jemn\u011b mas\u00edrujte nahoru kruhov\u00fdmi pohyby, dokud se \u00fapln\u011b nevst\u0159eb\u00e1 do vrstev k\u016f\u017ee.<\/p>\n<p class=\"my-2 [&#038;+p]:mt-4 [&#038;_strong:has(+br)]:inline-block [&#038;_strong:has(+br)]:pb-2\"><strong>Krok 4 \u2013 Denn\u00ed profesion\u00e1ln\u00ed pou\u017eit\u00ed:<\/strong> Aplikujte r\u00e1no a ve\u010der pro optim\u00e1ln\u00ed profesion\u00e1ln\u00ed v\u00fdhody pru\u017enosti a hydratace k\u016f\u017ee z tohoto pr\u00e9miov\u00e9ho kolagenov\u00e9ho vzorce.<\/p>\n<h3 class=\"mb-2 mt-4 font-display font-semimedium text-base first:mt-0\">V\u00fdjime\u010dn\u00e9 vlastnosti pr\u00e9miov\u00e9ho kolagenov\u00e9ho vodn\u00edho gelu<\/h3>\n<ul class=\"marker:text-quiet list-disc\">\n<li class=\"py-0 my-0 prose-p:pt-0 prose-p:mb-2 prose-p:my-0 [&#038;>p]:pt-0 [&#038;>p]:mb-2 [&#038;>p]:my-0&#8243;>\n<p class=\"my-2 [&#038;+p]:mt-4 [&#038;_strong:has(+br)]:inline-block [&#038;_strong:has(+br)]:pb-2\">Profesion\u00e1ln\u00ed zv\u00fd\u0161en\u00ed pru\u017enosti k\u016f\u017ee s mo\u0159sk\u00fdm kolagenem<\/p>\n<\/li>\n<li class=\"py-0 my-0 prose-p:pt-0 prose-p:mb-2 prose-p:my-0 [&#038;>p]:pt-0 [&#038;>p]:mb-2 [&#038;>p]:my-0&#8243;>\n<p class=\"my-2 [&#038;+p]:mt-4 [&#038;_strong:has(+br)]:inline-block [&#038;_strong:has(+br)]:pb-2\">Intenzivn\u00ed hydratace s mikroperli\u010dkami kyseliny hyaluronov\u00e9<\/p>\n<\/li>\n<li class=\"py-0 my-0 prose-p:pt-0 prose-p:mb-2 prose-p:my-0 [&#038;>p]:pt-0 [&#038;>p]:mb-2 [&#038;>p]:my-0&#8243;>\n<p class=\"my-2 [&#038;+p]:mt-4 [&#038;_strong:has(+br)]:inline-block [&#038;_strong:has(+br)]:pb-2\">Viditeln\u00e9 spev\u0148uj\u00edc\u00ed a nap\u00ednaj\u00edc\u00ed efekty k\u016f\u017ee<\/p>\n<\/li>\n<li class=\"py-0 my-0 prose-p:pt-0 prose-p:mb-2 prose-p:my-0 [&#038;>p]:pt-0 [&#038;>p]:mb-2 [&#038;>p]:my-0&#8243;>\n<p class=\"my-2 [&#038;+p]:mt-4 [&#038;_strong:has(+br)]:inline-block [&#038;_strong:has(+br)]:pb-2\">P\u0159\u00edrodn\u00ed regenerace k\u016f\u017ee a obnova z\u00e1\u0159e<\/p>\n<\/li>\n<li class=\"py-0 my-0 prose-p:pt-0 prose-p:mb-2 prose-p:my-0 [&#038;>p]:pt-0 [&#038;>p]:mb-2 [&#038;>p]:my-0&#8243;>\n<p class=\"my-2 [&#038;+p]:mt-4 [&#038;_strong:has(+br)]:inline-block [&#038;_strong:has(+br)]:pb-2\">Hlubok\u00e9 pronik\u00e1n\u00ed a udr\u017een\u00ed vlhkosti<\/p>\n<\/li>\n<li class=\"py-0 my-0 prose-p:pt-0 prose-p:mb-2 prose-p:my-0 [&#038;>p]:pt-0 [&#038;>p]:mb-2 [&#038;>p]:my-0&#8243;>\n<p class=\"my-2 [&#038;+p]:mt-4 [&#038;_strong:has(+br)]:inline-block [&#038;_strong:has(+br)]:pb-2\">Lehk\u00e1, ne mastn\u00e1 profesion\u00e1ln\u00ed formule<\/p>\n<\/li>\n<li class=\"py-0 my-0 prose-p:pt-0 prose-p:mb-2 prose-p:my-0 [&#038;>p]:pt-0 [&#038;>p]:mb-2 [&#038;>p]:my-0&#8243;>\n<p class=\"my-2 [&#038;+p]:mt-4 [&#038;_strong:has(+br)]:inline-block [&#038;_strong:has(+br)]:pb-2\">Vhodn\u00e9 pro obli\u010dej, t\u011blo a ruce<\/p>\n<\/li>\n<li class=\"py-0 my-0 prose-p:pt-0 prose-p:mb-2 prose-p:my-0 [&#038;>p]:pt-0 [&#038;>p]:mb-2 [&#038;>p]:my-0&#8243;>\n<p class=\"my-2 [&#038;+p]:mt-4 [&#038;_strong:has(+br)]:inline-block [&#038;_strong:has(+br)]:pb-2\">Rychl\u00e9 vst\u0159eb\u00e1v\u00e1n\u00ed bez zbytku<\/p>\n<\/li>\n<li class=\"py-0 my-0 prose-p:pt-0 prose-p:mb-2 prose-p:my-0 [&#038;>p]:pt-0 [&#038;>p]:mb-2 [&#038;>p]:my-0&#8243;>\n<p class=\"my-2 [&#038;+p]:mt-4 [&#038;_strong:has(+br)]:inline-block [&#038;_strong:has(+br)]:pb-2\">Profesion\u00e1ln\u00ed v\u00fdsledky pro norm\u00e1ln\u00ed a suchou ple\u0165<\/p>\n<\/li>\n<li class=\"py-0 my-0 prose-p:pt-0 prose-p:mb-2 prose-p:my-0 [&#038;>p]:pt-0 [&#038;>p]:mb-2 [&#038;>p]:my-0&#8243;>\n<p class=\"my-2 [&#038;+p]:mt-4 [&#038;_strong:has(+br)]:inline-block [&#038;_strong:has(+br)]:pb-2\">Egyptsk\u00e1 p\u0159\u00edrodn\u00ed botanick\u00e1 d\u011bdictv\u00ed formule<\/p>\n<\/li>\n<li class=\"py-0 my-0 prose-p:pt-0 prose-p:mb-2 prose-p:my-0 [&#038;>p]:pt-0 [&#038;>p]:mb-2 [&#038;>p]:my-0&#8243;>\n<p class=\"my-2 [&#038;+p]:mt-4 [&#038;_strong:has(+br)]:inline-block [&#038;_strong:has(+br)]:pb-2\">Pr\u00e9miov\u00e1 profesion\u00e1ln\u00ed velikost 250 ml<\/p>\n<\/li>\n<li class=\"py-0 my-0 prose-p:pt-0 prose-p:mb-2 prose-p:my-0 [&#038;>p]:pt-0 [&#038;>p]:mb-2 [&#038;>p]:my-0&#8243;>\n<p class=\"my-2 [&#038;+p]:mt-4 [&#038;_strong:has(+br)]:inline-block [&#038;_strong:has(+br)]:pb-2\">Vyrobeno v Egypt\u011b s certifikac\u00ed ISO<\/p>\n<\/li>\n<\/ul>\n<h3 class=\"mb-2 mt-4 font-display font-semimedium text-base first:mt-0\">D\u016fle\u017eit\u00e9 bezpe\u010dnostn\u00ed informace pro u\u017eivatele mo\u0159sk\u00e9ho kolagenu vodn\u00edho gelu<\/h3>\n<p class=\"my-2 [&#038;+p]:mt-4 [&#038;_strong:has(+br)]:inline-block [&#038;_strong:has(+br)]:pb-2\">Tento pr\u00e9miov\u00fd gel je ur\u010den pouze k topick\u00e9 aplikaci \u2013 neingestujte ani neaplikujte v bl\u00edzkosti o\u010d\u00ed. Prove\u010fte test citlivosti k\u016f\u017ee p\u0159ed plnou aplikac\u00ed, zejm\u00e9na pro prvn\u00ed u\u017eivatele nebo citliv\u00e9 typy pleti. Skladujte kolagenov\u00fd vodn\u00ed gel p\u0159i chladn\u00e9 pokojov\u00e9 teplot\u011b (pod 25 \u00b0C) mimo p\u0159\u00edm\u00e9 slune\u010dn\u00ed svitlo a zdroje tepla, aby se udr\u017eela \u00fa\u010dinnost a s\u00edla formule. Uchov\u00e1vejte mimo dosah d\u011bt\u00ed pro bezpe\u010dnost.<\/p>\n<h3 class=\"mb-2 mt-4 font-display font-semimedium text-base first:mt-0\">Pro\u010d si vybrat pr\u00e9miov\u00fd kolagenov\u00fd vodn\u00ed gel?<\/h3>\n<p class=\"my-2 [&#038;+p]:mt-4 [&#038;_strong:has(+br)]:inline-block [&#038;_strong:has(+br)]:pb-2\">N\u00e1\u0161 kolagenov\u00fd vodn\u00ed gel p\u0159edstavuje elitn\u00ed egyptskou v\u011bdu o p\u00e9\u010di o ple\u0165 v kombinaci s profesion\u00e1ln\u00ed technologi\u00ed mo\u0159sk\u00e9ho kolagenu a pokro\u010dilou inovac\u00ed kyseliny hyaluronov\u00e9. Ka\u017ed\u00e1 lahvi\u010dka 250 ml obsahuje pr\u00e9miov\u00e9 slo\u017eky z\u00edskan\u00e9 z \u010dist\u00fdch mo\u0159sk\u00fdch zdroj\u016f a p\u0159\u00edrodn\u00edch botanick\u00fdch extrakt\u016f. Formule proch\u00e1z\u00ed p\u0159\u00edsn\u00fdm testov\u00e1n\u00edm kvality a certifikac\u00ed ISO (ISO 9001:2015 a ISO 22716:2007), aby zajistila profesion\u00e1ln\u00ed bezpe\u010dnost, \u00fa\u010dinnost a \u010distotu standard\u016f.<\/p>\n<h3 class=\"mb-2 mt-4 font-display font-semimedium text-base first:mt-0\">\u010casov\u00e1 osa viditeln\u00fdch v\u00fdsledk\u016f s mo\u0159sk\u00fdm kolagenem vodn\u00edm gelem<\/h3>\n<p class=\"my-2 [&#038;+p]:mt-4 [&#038;_strong:has(+br)]:inline-block [&#038;_strong:has(+br)]:pb-2\"><strong>T\u00fdden 1\u20132:<\/strong> Okam\u017eit\u00e9 zv\u00fd\u0161en\u00ed hydratace, k\u016f\u017ee se c\u00edt\u00ed pln\u00e1 a zvlh\u010den\u00e1<br \/>\n<strong>T\u00fdden 2\u20133:<\/strong> Viditeln\u00e9 zlep\u0161en\u00ed pru\u017enosti k\u016f\u017ee, sn\u00ed\u017een\u00fd vzhled jemn\u00fdch vr\u00e1sek<br \/>\n<strong>T\u00fdden 3\u20134:<\/strong> Profesion\u00e1ln\u00ed napnut\u00ed k\u016f\u017ee, zv\u00fd\u0161en\u00e1 pevnost a definice<br \/>\n<strong>T\u00fdden 4+:<\/strong> Dramatick\u00e1 transformace k\u016f\u017ee, z\u00e1\u0159iv\u00fd vzhled, profesion\u00e1ln\u00ed v\u00fdsledky<\/p>\n<p class=\"my-2 [&#038;+p]:mt-4 [&#038;_strong:has(+br)]:inline-block [&#038;_strong:has(+br)]:pb-2\"><strong>Transformujte svou ple\u0165 s profesion\u00e1ln\u00edm mo\u0159sk\u00fdm kolagenem vodn\u00edm gelem. Objednejte si dnes svou pr\u00e9miovou lahvi\u010dku 250 ml a za\u017eijte viditeln\u00e9 zv\u00fd\u0161en\u00ed pru\u017enosti, intenzivn\u00ed hydrataci a profesion\u00e1ln\u00ed transformaci k\u016f\u017ee s egyptskou p\u0159\u00edrodn\u00ed botanickou dokonalost\u00ed.<\/strong><\/p>\n<p>&nbsp;<\/p>\n<p style=\"text-align: center;\">D\u011bkujeme za n\u00e1kup na\u00a0<a href=\"https:\/\/bazaar.express\/cs\/\">Bazaar Express<\/a>\u00a0\u2013 jsme nad\u0161en\u00ed, \u017ee jste s n\u00e1mi!<\/p>\n<p style=\"text-align: center;\">Va\u0161e cesta k lep\u0161\u00ed p\u00e9\u010di o sebe za\u010d\u00edn\u00e1 zde \u2013 s\u00a0<a href=\"https:\/\/bazaar.express\/product-category\/beauty-care\/\">Beauty Care<\/a>, kter\u00e9 si m\u016f\u017eete d\u016fv\u011b\u0159it.<\/p>\n","protected":false},"excerpt":{"rendered":"<h3>Pr\u00e9miov\u00fd mo\u0159sk\u00fd kolagen vodn\u00ed gel 250 ml s kyselinou hyaluronovou pro profesion\u00e1ln\u00ed pru\u017enost, hydrataci a spev\u0148ov\u00e1n\u00ed k\u016f\u017ee. Egyptsk\u00e1 formule.<\/h3>\n","protected":false},"featured_media":45300,"comment_status":"open","ping_status":"closed","template":"","meta":[],"product_brand":[],"product_cat":[786],"product_tag":[790,783],"class_list":{"0":"post-45299","1":"product","2":"type-product","3":"status-publish","4":"has-post-thumbnail","6":"product_cat-pece-o-krasu","7":"product_tag-pece-o-krasu","8":"product_tag-pece-o-plet","10":"first","11":"instock","12":"shipping-taxable","13":"purchasable","14":"product-type-simple"},"_links":{"self":[{"href":"https:\/\/bazaar.express\/cs\/wp-json\/wp\/v2\/product\/45299","targetHints":{"allow":["GET"]}}],"collection":[{"href":"https:\/\/bazaar.express\/cs\/wp-json\/wp\/v2\/product"}],"about":[{"href":"https:\/\/bazaar.express\/cs\/wp-json\/wp\/v2\/types\/product"}],"replies":[{"embeddable":true,"href":"https:\/\/bazaar.express\/cs\/wp-json\/wp\/v2\/comments?post=45299"}],"wp:featuredmedia":[{"embeddable":true,"href":"https:\/\/bazaar.express\/cs\/wp-json\/wp\/v2\/media\/45300"}],"wp:attachment":[{"href":"https:\/\/bazaar.express\/cs\/wp-json\/wp\/v2\/media?parent=45299"}],"wp:term":[{"taxonomy":"product_brand","embeddable":true,"href":"https:\/\/bazaar.express\/cs\/wp-json\/wp\/v2\/product_brand?post=45299"},{"taxonomy":"product_cat","embeddable":true,"href":"https:\/\/bazaar.express\/cs\/wp-json\/wp\/v2\/product_cat?post=45299"},{"taxonomy":"product_tag","embeddable":true,"href":"https:\/\/bazaar.express\/cs\/wp-json\/wp\/v2\/product_tag?post=45299"}],"curies":[{"name":"wp","href":"https:\/\/api.w.org\/{rel}","templated":true}]}}