{"id":45303,"date":"2025-12-27T03:23:27","date_gmt":"2025-12-27T03:23:27","guid":{"rendered":"https:\/\/bazaar.express\/product\/luxury-hair-food-oil\/"},"modified":"2025-12-27T03:23:27","modified_gmt":"2025-12-27T03:23:27","slug":"luxury-hair-food-oil","status":"publish","type":"product","link":"https:\/\/bazaar.express\/cs\/produkt\/luxury-hair-food-oil\/","title":{"rendered":"Luxusn\u00ed vlasov\u00fd v\u00fd\u017eivov\u00fd olej"},"content":{"rendered":"<h2 id=\"luxury-hair-food-oil--premium-egyptian-professiona\" class=\"mb-2 mt-4 font-display font-semimedium text-base first:mt-0 md:text-lg [hr+&#038;]:mt-4\">Luxusn\u00ed vlasov\u00fd v\u00fd\u017eivov\u00fd olej \u2013 Pr\u00e9miov\u00fd egyptsk\u00fd profesion\u00e1ln\u00ed p\u0159\u00edrodn\u00ed r\u016fst vlas\u016f s elitn\u00ed botanickou koncentrac\u00ed a pokro\u010dilou obranou proti lup\u016fm<\/h2>\n<h3 class=\"mb-2 mt-4 font-display font-semimedium text-base first:mt-0\">Za\u017eijte elitn\u00ed p\u00e9\u010di o vlasy s autentick\u00fdm pr\u00e9miov\u00fdm p\u0159\u00edrodn\u00edm botanick\u00fdm olejem a profesion\u00e1ln\u00ed transformac\u00ed vlas\u016f<\/h3>\n<p class=\"my-2 [&#038;+p]:mt-4 [&#038;_strong:has(+br)]:inline-block [&#038;_strong:has(+br)]:pb-2\">Dop\u0159ejte si luxusn\u00ed p\u0159\u00edrodn\u00ed p\u00e9\u010di o vlasy s na\u0161\u00edm exkluzivn\u00edm pr\u00e9miov\u00fdm luxusn\u00edm vlasov\u00fdm v\u00fd\u017eivov\u00fdm olejem, luxusn\u00ed egyptskou kr\u00e1snou esenci\u00ed vytvo\u0159enou pro n\u00e1ro\u010dn\u00e9 z\u00e1kazn\u00edky s pr\u00e9miovou vysokou koncentrac\u00ed elitn\u00edch p\u0159\u00edrodn\u00edch aktivn\u00edch ingredienc\u00ed. Na\u0161e pe\u010dliv\u011b vyroben\u00e1 luxusn\u00ed formule kombinuje autentick\u00e9 pr\u00e9miov\u00e9 p\u0159\u00edrodn\u00ed botanick\u00e9 oleje s rafinovan\u00fdmi egyptsk\u00fdmi tradicemi, aby poskytla profesion\u00e1ln\u00ed dokonalost r\u016fstu vlas\u016f, intenzivn\u00ed p\u0159\u00edrodn\u00ed transformaci hustoty vlas\u016f a pokro\u010dil\u00e9 profesion\u00e1ln\u00ed odstran\u011bn\u00ed lup\u016f s botanickou silou. N\u00e1\u0161 pr\u00e9miov\u00fd luxusn\u00ed vlasov\u00fd v\u00fd\u017eivov\u00fd olej v pr\u00e9miov\u00fdch lahvi\u010dk\u00e1ch 125 ml je navr\u017een pro rafinovanou luxusn\u00ed p\u00e9\u010di o vlasy s v\u00fdjime\u010dnou \u010distotou, zv\u00fd\u0161en\u00fdmi profesion\u00e1ln\u00edmi p\u0159\u00edrodn\u00edmi v\u00fdsledky a nad\u0159azenou transformac\u00ed vlas\u016f.<\/p>\n<h3 class=\"mb-2 mt-4 font-display font-semimedium text-base first:mt-0\">Pro\u010d si vybrat pr\u00e9miov\u00fd luxusn\u00ed vlasov\u00fd v\u00fd\u017eivov\u00fd olej?<\/h3>\n<p class=\"my-2 [&#038;+p]:mt-4 [&#038;_strong:has(+br)]:inline-block [&#038;_strong:has(+br)]:pb-2\"><strong>Profesion\u00e1ln\u00ed elitn\u00ed p\u0159\u00edrodn\u00ed r\u016fst vlas\u016f s vysokou koncentrac\u00ed:<\/strong>\u00a0N\u00e1\u0161 pr\u00e9miov\u00fd luxusn\u00ed vlasov\u00fd v\u00fd\u017eivov\u00fd olej vyu\u017e\u00edv\u00e1 autentick\u00e9 pr\u00e9miov\u00e9 p\u0159\u00edrodn\u00ed botanick\u00e9 oleje v\u011bdecky formulovan\u00e9 tak, aby dramaticky zv\u00fd\u0161ily hustotu vlas\u016f a podporovaly profesion\u00e1ln\u00ed r\u016fst vlas\u016f. Formulovan\u00fd se zv\u00fd\u0161enou pr\u00e9miovou vysokou koncentrac\u00ed elitn\u00edch p\u0159\u00edrodn\u00edch aktivn\u00edch ingredienc\u00ed z \u010dist\u00fdch botanick\u00fdch zdroj\u016f, tento luxusn\u00ed olej poskytuje intenzivn\u00ed profesion\u00e1ln\u00ed v\u00fdsledky r\u016fstu vlas\u016f p\u0159i ka\u017ed\u00e9 aplikaci. Pr\u00e9miov\u00fd olej z \u010dern\u00e9ho km\u00ednu a levandule z \u010dist\u00fdch p\u0159\u00edrodn\u00edch botanick\u00fdch zdroj\u016f jsou profesion\u00e1ln\u011b studov\u00e1ny k stimulaci vlasov\u00fdch folikul\u016f, zv\u00fd\u0161en\u00ed profesion\u00e1ln\u00ed cirkulace poko\u017eky hlavy a dod\u00e1n\u00ed elitn\u00edch esenci\u00e1ln\u00edch \u017eivin podporuj\u00edc\u00edch profesion\u00e1ln\u00ed r\u016fst vlas\u016f v\u00fdrazn\u011b siln\u011bj\u0161\u00ed ne\u017e standardn\u00ed formule.<\/p>\n<p class=\"my-2 [&#038;+p]:mt-4 [&#038;_strong:has(+br)]:inline-block [&#038;_strong:has(+br)]:pb-2\"><strong>Pr\u00e9miov\u00e1 vysok\u00e1 koncentrace p\u0159\u00edrodn\u00ed botanick\u00e9 v\u00fd\u017eivy:<\/strong>\u00a0Obohacen\u00fd o pr\u00e9miov\u00fd koncentrovan\u00fd jojobov\u00fd olej a olivov\u00fd olej z \u010dist\u00fdch p\u0159\u00edrodn\u00edch botanick\u00fdch zdroj\u016f, na\u0161e luxusn\u00ed formule poskytuje profesion\u00e1ln\u00ed intenzivn\u00ed v\u00fd\u017eivu, kter\u00e1 p\u0159irozen\u011b napodobuje elitn\u00ed oleje poko\u017eky hlavy. Tyto pr\u00e9miov\u00e9 p\u0159\u00edrodn\u00ed botaniky pronikaj\u00ed hluboko do vlasov\u00fdch stvol\u016f, profesion\u00e1ln\u011b posiluj\u00ed strukturu vlas\u016f a dramaticky sni\u017euj\u00ed profesion\u00e1ln\u00ed l\u00e1mavost. Koncentrovan\u00e9 proteiny a elitn\u00ed esenci\u00e1ln\u00ed mastn\u00e9 kyseliny pr\u00e9miov\u00e9ho oleje z kl\u00ed\u010dk\u016f p\u0161enice z \u010dist\u00fdch p\u0159\u00edrodn\u00edch botanick\u00fdch zdroj\u016f profesion\u00e1ln\u011b posiluj\u00ed ka\u017ed\u00fd vlasov\u00fd pramen, opravuj\u00ed roz\u0161t\u011bpen\u00e9 konce profesion\u00e1ln\u011b a zvy\u0161uj\u00ed elasticitu pro pozoruhodn\u011b siln\u011bj\u0161\u00ed, odoln\u011bj\u0161\u00ed profesion\u00e1ln\u00ed vlasy.<\/p>\n<p class=\"my-2 [&#038;+p]:mt-4 [&#038;_strong:has(+br)]:inline-block [&#038;_strong:has(+br)]:pb-2\"><strong>Profesion\u00e1ln\u00ed elitn\u00ed p\u0159\u00edrodn\u00ed obrana proti lup\u016fm a mistrovstv\u00ed poko\u017eky hlavy:<\/strong>\u00a0N\u00e1\u0161 pr\u00e9miov\u00fd vlasov\u00fd olej kombinuje nejsiln\u011bj\u0161\u00ed profesion\u00e1ln\u00ed botanick\u00e9 ingredience p\u0159\u00edrody k odstran\u011bn\u00ed lup a transformaci zdrav\u00ed poko\u017eky hlavy profesion\u00e1ln\u011b. Koncentrovan\u00e1 p\u0159\u00edrodn\u00ed antimikrobi\u00e1ln\u00ed botanick\u00e1 s\u00edla pr\u00e9miov\u00e9ho oleje z \u010dern\u00e9ho km\u00ednu bojuje proti lup\u016fm a infekc\u00edm poko\u017eky hlavy s elitn\u00ed botanickou dokonalost\u00ed, zat\u00edmco profesion\u00e1ln\u00ed protiz\u00e1n\u011btliv\u00e9 botanick\u00e9 vlastnosti levandulov\u00e9ho oleje uklid\u0148uj\u00ed podr\u00e1\u017ed\u011bnou poko\u017eku hlavy a sni\u017euj\u00ed sv\u011bd\u011bn\u00ed p\u0159irozen\u011b. Pr\u00e9miov\u00fd geraniov\u00fd olej profesion\u00e1ln\u011b vyva\u017euje produkci mazu s botanickou p\u0159esnost\u00ed, l\u00e9\u010d\u00ed obavy o suchou i mastnou poko\u017eku hlavy p\u0159irozen\u011b a p\u0159edch\u00e1z\u00ed profesion\u00e1ln\u00ed citlivosti a z\u00e1n\u011bt\u016fm poko\u017eky hlavy s elitn\u00ed p\u00e9\u010d\u00ed.<\/p>\n<p class=\"my-2 [&#038;+p]:mt-4 [&#038;_strong:has(+br)]:inline-block [&#038;_strong:has(+br)]:pb-2\"><strong>Profesion\u00e1ln\u00ed elitn\u00ed p\u0159\u00edrodn\u00ed ochrana a dokonalost lesku:<\/strong>\u00a0Pr\u00e9miov\u00fd jojobov\u00fd olej, olivov\u00fd olej a kadidlov\u00fd olej vytv\u00e1\u0159ej\u00ed elitn\u00ed p\u0159\u00edrodn\u00ed ochrannou bari\u00e9ru proti environment\u00e1ln\u00edmu po\u0161kozen\u00ed, expozici UV a tepeln\u00e9mu po\u0161kozen\u00ed profesion\u00e1ln\u011b. Tyto pr\u00e9miov\u00e9 koncentrovan\u00e9 botanick\u00e9 oleje profesion\u00e1ln\u011b vyhlazuj\u00ed kutikulu vlasu, profesion\u00e1ln\u011b zvy\u0161uj\u00ed p\u0159\u00edrodn\u00ed lesk a profesion\u00e1ln\u011b p\u0159id\u00e1vaj\u00ed pr\u00e9miov\u00fd z\u00e1\u0159iv\u00fd vzhled p\u0159i ochran\u011b p\u0159ed zne\u010di\u0161t\u011bn\u00edm p\u0159irozen\u011b. Elitn\u00ed p\u0159\u00edrodn\u00ed Botanick\u00e1 sm\u011bs uzamyk\u00e1 luxusn\u00ed vlhkost na del\u0161\u00ed dobu, udr\u017euje profesion\u00e1ln\u00ed m\u011bkkost a sv\u00edtivost vlas\u016f b\u011bhem ka\u017edodenn\u00edch profesion\u00e1ln\u00edch aktivit.<\/p>\n<p class=\"my-2 [&#038;+p]:mt-4 [&#038;_strong:has(+br)]:inline-block [&#038;_strong:has(+br)]:pb-2\"><strong>Profesion\u00e1ln\u00ed p\u0159\u00edrodn\u00ed \u00faleva od stresu a elitn\u00ed prevence \u0161ediv\u011bn\u00ed:<\/strong>\u00a0Pr\u00e9miov\u00e9 uklid\u0148uj\u00edc\u00ed aromaterapeutick\u00e9 v\u00fdhody z profesion\u00e1ln\u00edch esenci\u00e1ln\u00edch olej\u016f kadidla a levandule pom\u00e1haj\u00ed sni\u017eovat nap\u011bt\u00ed p\u0159irozen\u011b a nep\u0159\u00edmo p\u0159edch\u00e1zej\u00ed profesion\u00e1ln\u00edmu vypad\u00e1v\u00e1n\u00ed vlas\u016f souvisej\u00edc\u00edmu se stresem. Pr\u00e9miov\u00fd tradi\u010dn\u00ed olej z \u010dern\u00e9ho km\u00ednu poskytuje profesion\u00e1ln\u00ed koncentrovanou antioxida\u010dn\u00ed ochranu, kter\u00e1 potenci\u00e1ln\u011b pom\u00e1h\u00e1 p\u0159edch\u00e1zet profesion\u00e1ln\u00edmu p\u0159ed\u010dasn\u00e9mu \u0161ediv\u011bn\u00ed podporou profesion\u00e1ln\u00ed zdrav\u00e9 funkce folikul\u016f p\u0159irozen\u011b s elitn\u00ed botanickou silou.<\/p>\n<h3 class=\"mb-2 mt-4 font-display font-semimedium text-base first:mt-0\">V\u00fdjime\u010dn\u00e9 profesion\u00e1ln\u00ed v\u00fdhody pr\u00e9miov\u00e9ho luxusn\u00edho vlasov\u00e9ho v\u00fd\u017eivov\u00e9ho oleje<\/h3>\n<ul class=\"marker:text-quiet list-disc\">\n<li class=\"py-0 my-0 prose-p:pt-0 prose-p:mb-2 prose-p:my-0 [&#038;>p]:pt-0 [&#038;>p]:mb-2 [&#038;>p]:my-0&#8243;>\n<p class=\"my-2 [&#038;+p]:mt-4 [&#038;_strong:has(+br)]:inline-block [&#038;_strong:has(+br)]:pb-2\">Profesion\u00e1ln\u00ed elitn\u00ed p\u0159\u00edrodn\u00ed r\u016fst vlas\u016f a profesion\u00e1ln\u00ed zv\u00fd\u0161en\u00ed hustoty<\/p>\n<\/li>\n<li class=\"py-0 my-0 prose-p:pt-0 prose-p:mb-2 prose-p:my-0 [&#038;>p]:pt-0 [&#038;>p]:mb-2 [&#038;>p]:my-0&#8243;>\n<p class=\"my-2 [&#038;+p]:mt-4 [&#038;_strong:has(+br)]:inline-block [&#038;_strong:has(+br)]:pb-2\">Pr\u00e9miov\u00e9 vysok\u00e9 koncentrace p\u0159\u00edrodn\u00edch botanick\u00fdch olej\u016f s intenzivn\u00edm pos\u00edlen\u00edm vlas\u016f<\/p>\n<\/li>\n<li class=\"py-0 my-0 prose-p:pt-0 prose-p:mb-2 prose-p:my-0 [&#038;>p]:pt-0 [&#038;>p]:mb-2 [&#038;>p]:my-0&#8243;>\n<p class=\"my-2 [&#038;+p]:mt-4 [&#038;_strong:has(+br)]:inline-block [&#038;_strong:has(+br)]:pb-2\">Profesion\u00e1ln\u00ed p\u0159\u00edrodn\u00ed obrana proti lup\u016fm a dokonalost zdrav\u00ed poko\u017eky hlavy<\/p>\n<\/li>\n<li class=\"py-0 my-0 prose-p:pt-0 prose-p:mb-2 prose-p:my-0 [&#038;>p]:pt-0 [&#038;>p]:mb-2 [&#038;>p]:my-0&#8243;>\n<p class=\"my-2 [&#038;+p]:mt-4 [&#038;_strong:has(+br)]:inline-block [&#038;_strong:has(+br)]:pb-2\">Sni\u017euje profesion\u00e1ln\u00ed l\u00e1mavost vlas\u016f a profesion\u00e1ln\u011b opravuje roz\u0161t\u011bpen\u00e9 konce p\u0159irozen\u011b<\/p>\n<\/li>\n<li class=\"py-0 my-0 prose-p:pt-0 prose-p:mb-2 prose-p:my-0 [&#038;>p]:pt-0 [&#038;>p]:mb-2 [&#038;>p]:my-0&#8243;>\n<p class=\"my-2 [&#038;+p]:mt-4 [&#038;_strong:has(+br)]:inline-block [&#038;_strong:has(+br)]:pb-2\">Intenzivn\u00ed profesion\u00e1ln\u00ed p\u0159\u00edrodn\u00ed hydratace poko\u017eky hlavy a profesion\u00e1ln\u00ed dokonalost p\u00e9\u010de<\/p>\n<\/li>\n<li class=\"py-0 my-0 prose-p:pt-0 prose-p:mb-2 prose-p:my-0 [&#038;>p]:pt-0 [&#038;>p]:mb-2 [&#038;>p]:my-0&#8243;>\n<p class=\"my-2 [&#038;+p]:mt-4 [&#038;_strong:has(+br)]:inline-block [&#038;_strong:has(+br)]:pb-2\">Profesion\u00e1ln\u00ed antimikrobi\u00e1ln\u00ed boj proti lup\u016fm s p\u0159\u00edrodn\u00ed botanickou silou<\/p>\n<\/li>\n<li class=\"py-0 my-0 prose-p:pt-0 prose-p:mb-2 prose-p:my-0 [&#038;>p]:pt-0 [&#038;>p]:mb-2 [&#038;>p]:my-0&#8243;>\n<p class=\"my-2 [&#038;+p]:mt-4 [&#038;_strong:has(+br)]:inline-block [&#038;_strong:has(+br)]:pb-2\">Profesion\u00e1ln\u011b vyva\u017euje produkci mazu p\u0159irozen\u011b pro zdrav\u00ed poko\u017eky hlavy<\/p>\n<\/li>\n<li class=\"py-0 my-0 prose-p:pt-0 prose-p:mb-2 prose-p:my-0 [&#038;>p]:pt-0 [&#038;>p]:mb-2 [&#038;>p]:my-0&#8243;>\n<p class=\"my-2 [&#038;+p]:mt-4 [&#038;_strong:has(+br)]:inline-block [&#038;_strong:has(+br)]:pb-2\">Profesion\u00e1ln\u011b zvy\u0161uje p\u0159\u00edrodn\u00ed lesk a profesion\u00e1ln\u00ed sv\u00edtivost vlas\u016f<\/p>\n<\/li>\n<li class=\"py-0 my-0 prose-p:pt-0 prose-p:mb-2 prose-p:my-0 [&#038;>p]:pt-0 [&#038;>p]:mb-2 [&#038;>p]:my-0&#8243;>\n<p class=\"my-2 [&#038;+p]:mt-4 [&#038;_strong:has(+br)]:inline-block [&#038;_strong:has(+br)]:pb-2\">Poskytuje profesion\u00e1ln\u00ed p\u0159\u00edrodn\u00ed ochranu p\u0159ed environment\u00e1ln\u00edm po\u0161kozen\u00edm profesion\u00e1ln\u011b<\/p>\n<\/li>\n<li class=\"py-0 my-0 prose-p:pt-0 prose-p:mb-2 prose-p:my-0 [&#038;>p]:pt-0 [&#038;>p]:mb-2 [&#038;>p]:my-0&#8243;>\n<p class=\"my-2 [&#038;+p]:mt-4 [&#038;_strong:has(+br)]:inline-block [&#038;_strong:has(+br)]:pb-2\">Profesion\u00e1ln\u00ed p\u0159\u00edrodn\u00ed \u00faleva od stresu a elitn\u00ed prevence \u0161ediv\u011bn\u00ed<\/p>\n<\/li>\n<\/ul>\n<h3 class=\"mb-2 mt-4 font-display font-semimedium text-base first:mt-0\">Co d\u011bl\u00e1 n\u00e1\u0161 pr\u00e9miov\u00fd luxusn\u00ed vlasov\u00fd v\u00fd\u017eivov\u00fd olej v\u00fdjime\u010dn\u00fdm?<\/h3>\n<p class=\"my-2 [&#038;+p]:mt-4 [&#038;_strong:has(+br)]:inline-block [&#038;_strong:has(+br)]:pb-2\">N\u00e1\u0161 pr\u00e9miov\u00fd luxusn\u00ed vlasov\u00fd v\u00fd\u017eivov\u00fd olej p\u0159edstavuje elitn\u00ed v\u011bdu p\u0159\u00edrodn\u00ed p\u00e9\u010de o vlasy kombinovanou s rafinovan\u00fdm egyptsk\u00fdm botanick\u00fdm d\u011bdictv\u00edm a profesion\u00e1ln\u00ed dokonalost\u00ed. Pe\u010dliv\u00e1 sm\u011bs profesion\u00e1ln\u011b kvalitn\u00edch vysok\u00fdch koncentrac\u00ed pr\u00e9miov\u00fdch p\u0159\u00edrodn\u00edch botanick\u00fdch olej\u016f z \u010dist\u00fdch rostlinn\u00fdch zdroj\u016f, pr\u00e9miov\u00e9ho koncentrovan\u00e9ho oleje z \u010dern\u00e9ho km\u00ednu, levandulov\u00e9ho oleje, jojobov\u00e9ho oleje, olivov\u00e9ho oleje, oleje z kl\u00ed\u010dk\u016f p\u0161enice a kadidlov\u00e9ho oleje vytv\u00e1\u0159\u00ed v\u00fdjime\u010dn\u00fd luxusn\u00ed p\u0159\u00edrodn\u00ed produkt p\u00e9\u010de o vlasy podlo\u017een\u00fd egyptsk\u00fdm botanick\u00fdm d\u011bdictv\u00edm. Ka\u017ed\u00e1 pr\u00e9miov\u00e1 lahvi\u010dka 125 ml p\u0159edstavuje n\u00e1\u0161 z\u00e1vazek k profesion\u00e1ln\u00ed, efektivn\u00ed luxusn\u00ed p\u0159\u00edrodn\u00ed p\u00e9\u010di o vlasy s elitn\u00ed kvalitou botanick\u00e9 koncentrace.<\/p>\n<h3 class=\"mb-2 mt-4 font-display font-semimedium text-base first:mt-0\">Jak aplikovat v\u00e1\u0161 pr\u00e9miov\u00fd luxusn\u00ed vlasov\u00fd v\u00fd\u017eivov\u00fd olej<\/h3>\n<p class=\"my-2 [&#038;+p]:mt-4 [&#038;_strong:has(+br)]:inline-block [&#038;_strong:has(+br)]:pb-2\">Aplikujte pr\u00e9miov\u00fd p\u0159\u00edrodn\u00ed olej na vlasy a mas\u00edrujte poko\u017eku hlavy profesion\u00e1ln\u011b vzestupn\u00fdmi pohyby, nechte p\u016fsobit 30 minut, pot\u00e9 d\u016fkladn\u011b umyjte profesion\u00e1ln\u00ed technikou. Opakujte dvakr\u00e1t t\u00fddn\u011b pro optim\u00e1ln\u00ed profesion\u00e1ln\u00ed v\u00fdsledky r\u016fstu vlas\u016f a elitn\u00ed obranu proti lup\u016fm z t\u00e9to autentick\u00e9 pr\u00e9miov\u00e9 egyptsk\u00e9 botanick\u00e9 formulace.<\/p>\n<h3 class=\"mb-2 mt-4 font-display font-semimedium text-base first:mt-0\">Pr\u00e9miov\u00e9 luxusn\u00ed skladov\u00e1n\u00ed a profesion\u00e1ln\u00ed v\u00fdsledky<\/h3>\n<p class=\"my-2 [&#038;+p]:mt-4 [&#038;_strong:has(+br)]:inline-block [&#038;_strong:has(+br)]:pb-2\">Skladujte sv\u016fj pr\u00e9miov\u00fd vlasov\u00fd v\u00fd\u017eivov\u00fd olej v chladn\u00e9 pokojov\u00e9 teplot\u011b mimo p\u0159\u00edm\u00e9 slune\u010dn\u00ed svitl pro maxim\u00e1ln\u00ed profesion\u00e1ln\u00ed \u00fa\u010dinnost a p\u0159\u00edrodn\u00ed dlouhov\u011bkost. V\u00fdsledky se zlep\u0161uj\u00ed s konzistentn\u00ed denn\u00edm profesion\u00e1ln\u00edm pou\u017eit\u00edm. V\u011bt\u0161ina u\u017eivatel\u016f zaznamen\u00e1 v\u00fdjime\u010dn\u00e9 profesion\u00e1ln\u00ed zv\u00fd\u0161en\u00ed hustoty vlas\u016f a profesion\u00e1ln\u00ed odstran\u011bn\u00ed lup\u016f b\u011bhem 2 a\u017e 4 t\u00fddn\u016f luxusn\u00edho p\u0159\u00edrodn\u00edho pou\u017eit\u00ed s viditelnou elitn\u00ed transformac\u00ed.<\/p>\n<p class=\"my-2 [&#038;+p]:mt-4 [&#038;_strong:has(+br)]:inline-block [&#038;_strong:has(+br)]:pb-2\"><strong>Za\u017eijte dnes elitn\u00ed profesion\u00e1ln\u00ed p\u0159\u00edrodn\u00ed transformaci r\u016fstu vlas\u016f s autentick\u00fdm pr\u00e9miov\u00fdm luxusn\u00edm vlasov\u00fdm v\u00fd\u017eivov\u00fdm olejem. Objednejte si nyn\u00ed svou pr\u00e9miovou lahvi\u010dku 125 ml a odhalte sv\u00e9 nejluxusn\u011bj\u0161\u00ed siln\u00e9, profesion\u00e1ln\u011b hust\u00e9, bezlupov\u00e9 vlasy s pr\u00e9miovou p\u0159\u00edrodn\u00ed botanickou dokonalost\u00ed.<\/strong><\/p>\n<p>&nbsp;<\/p>\n<p style=\"text-align: center;\">D\u011bkujeme za n\u00e1kup v\u00a0<a href=\"https:\/\/bazaar.express\/cs\/\">Bazaar Express<\/a>\u00a0\u2013 jsme nad\u0161en\u00ed, \u017ee jste u n\u00e1s!<\/p>\n<p style=\"text-align: center;\">Va\u0161e cesta k lep\u0161\u00ed p\u00e9\u010di o sebe za\u010d\u00edn\u00e1 zde \u2013 s\u00a0<a href=\"https:\/\/bazaar.express\/product-category\/beauty-care\/\">Beauty &#038; Care<\/a>, kter\u00e9 si m\u016f\u017eete d\u016fv\u011b\u0159it.<\/p>\n","protected":false},"excerpt":{"rendered":"<h3>Luxusn\u00ed vlasov\u00fd v\u00fd\u017eivov\u00fd olej 125 ml \u2013 Pr\u00e9miov\u00fd profesion\u00e1ln\u00ed p\u0159\u00edrodn\u00ed r\u016fst vlas\u016f s elitn\u00edmi koncentrovan\u00fdmi botanick\u00fdmi oleji a obranou proti lup\u016fm. Luxusn\u00ed profesion\u00e1ln\u00ed dokonalost p\u00e9\u010de o vlasy.<\/h3>\n","protected":false},"featured_media":39731,"comment_status":"open","ping_status":"closed","template":"","meta":[],"product_brand":[],"product_cat":[1800,786,787,788,789],"product_tag":[781,790,783,793,1801],"class_list":{"0":"post-45303","1":"product","2":"type-product","3":"status-publish","4":"has-post-thumbnail","6":"product_cat-zoganon","7":"product_cat-pece-o-krasu","8":"product_cat-terapeuticke-oleje","9":"product_cat-to-nejlepsi-z-egypta","10":"product_cat-horke-nabidky","11":"product_tag-olej","12":"product_tag-pece-o-krasu","13":"product_tag-pece-o-plet","14":"product_tag-prirodni-olej","15":"product_tag-vlasy","17":"first","18":"instock","19":"sale","20":"shipping-taxable","21":"purchasable","22":"product-type-simple"},"_links":{"self":[{"href":"https:\/\/bazaar.express\/cs\/wp-json\/wp\/v2\/product\/45303","targetHints":{"allow":["GET"]}}],"collection":[{"href":"https:\/\/bazaar.express\/cs\/wp-json\/wp\/v2\/product"}],"about":[{"href":"https:\/\/bazaar.express\/cs\/wp-json\/wp\/v2\/types\/product"}],"replies":[{"embeddable":true,"href":"https:\/\/bazaar.express\/cs\/wp-json\/wp\/v2\/comments?post=45303"}],"wp:featuredmedia":[{"embeddable":true,"href":"https:\/\/bazaar.express\/cs\/wp-json\/wp\/v2\/media\/39731"}],"wp:attachment":[{"href":"https:\/\/bazaar.express\/cs\/wp-json\/wp\/v2\/media?parent=45303"}],"wp:term":[{"taxonomy":"product_brand","embeddable":true,"href":"https:\/\/bazaar.express\/cs\/wp-json\/wp\/v2\/product_brand?post=45303"},{"taxonomy":"product_cat","embeddable":true,"href":"https:\/\/bazaar.express\/cs\/wp-json\/wp\/v2\/product_cat?post=45303"},{"taxonomy":"product_tag","embeddable":true,"href":"https:\/\/bazaar.express\/cs\/wp-json\/wp\/v2\/product_tag?post=45303"}],"curies":[{"name":"wp","href":"https:\/\/api.w.org\/{rel}","templated":true}]}}