{"id":45307,"date":"2025-12-19T15:21:17","date_gmt":"2025-12-19T15:21:17","guid":{"rendered":"https:\/\/bazaar.express\/product\/luxury-collagen-cream-with-shea-butter\/"},"modified":"2025-12-19T15:21:17","modified_gmt":"2025-12-19T15:21:17","slug":"luxury-collagen-cream-with-shea-butter","status":"publish","type":"product","link":"https:\/\/bazaar.express\/cs\/produkt\/luxury-collagen-cream-with-shea-butter\/","title":{"rendered":"Luxusn\u00ed kolagenov\u00fd kr\u00e9m s shea m\u00e1slem"},"content":{"rendered":"<h2 id=\"luxury-collagen-cream-with-shea-butter--premium-eg\" class=\"mb-2 mt-4 font-display font-semimedium text-base first:mt-0 md:text-lg [hr+&#038;]:mt-4\">Luxusn\u00ed kolagenov\u00fd kr\u00e9m s shea m\u00e1slem \u2013 Pr\u00e9miov\u00fd egyptsk\u00fd profesion\u00e1ln\u00ed anti-aging s elitn\u00ed transformac\u00ed pleti<\/h2>\n<h3 class=\"mb-2 mt-4 font-display font-semimedium text-base first:mt-0\">Za\u017eijte elitn\u00ed p\u00e9\u010di o ple\u0165 s autentick\u00fdm pr\u00e9miov\u00fdm kolagenov\u00fdm kr\u00e9mem a profesion\u00e1ln\u00ed l\u00e9\u010dbou pro zlep\u0161en\u00ed mladistvosti<\/h3>\n<p class=\"my-2 [&#038;+p]:mt-4 [&#038;_strong:has(+br)]:inline-block [&#038;_strong:has(+br)]:pb-2\">P\u0159ipojte se k vrcholu luxusn\u00ed p\u00e9\u010de proti st\u00e1rnut\u00ed s na\u0161\u00edm exkluzivn\u00edm pr\u00e9miov\u00fdm kolagenov\u00fdm kr\u00e9mem s shea m\u00e1slem, luxusn\u00ed egyptskou esenci kr\u00e1sy vytvo\u0159enou pro n\u00e1ro\u010dn\u00e9 z\u00e1kazn\u00edky s vysokou koncentrac\u00ed vybran\u00fdch aktivn\u00edch l\u00e1tek. Na\u0161e pe\u010dliv\u011b vyvinut\u00e1 luxusn\u00ed formule kombinuje autentick\u00fd pr\u00e9miov\u00fd kolagen s rafinovan\u00fdmi egyptsk\u00fdmi tradicemi, aby poskytla profesion\u00e1ln\u00ed anti-aging vynikaj\u00edc\u00ed kvalitou, intenzivn\u00ed transformaci pleti a viditelnou omlazuj\u00edc\u00ed regeneraci. N\u00e1\u0161 pe\u010dliv\u011b formulovan\u00fd pr\u00e9miov\u00fd kolagenov\u00fd kr\u00e9m v balen\u00ed 165 ml je navr\u017een pro rafinovanou luxusn\u00ed p\u00e9\u010di o ple\u0165 s v\u00fdjime\u010dnou \u010distotou, zv\u00fd\u0161en\u00fdmi profesion\u00e1ln\u00edmi v\u00fdsledky a nad\u0159azenou transformac\u00ed kr\u00e1sy.<\/p>\n<h3 class=\"mb-2 mt-4 font-display font-semimedium text-base first:mt-0\">Pro\u010d si vybrat pr\u00e9miov\u00fd luxusn\u00ed kolagenov\u00fd kr\u00e9m s shea m\u00e1slem?<\/h3>\n<p class=\"my-2 [&#038;+p]:mt-4 [&#038;_strong:has(+br)]:inline-block [&#038;_strong:has(+br)]:pb-2\"><strong>Profesion\u00e1ln\u00ed elitn\u00ed kolagen s vysokou koncentrac\u00ed:<\/strong>\u00a0N\u00e1\u0161 pr\u00e9miov\u00fd kolagenov\u00fd kr\u00e9m s shea m\u00e1slem vyu\u017e\u00edv\u00e1 s\u00edlu profesion\u00e1ln\u00edho pr\u00e9miov\u00e9ho kolagenu k p\u0159esn\u00e9 redukci vr\u00e1sek. Formulov\u00e1n s zv\u00fd\u0161enou koncentrac\u00ed vybran\u00fdch aktivn\u00edch l\u00e1tek, tento luxusn\u00ed kr\u00e9m poskytuje intenzivn\u00ed profesion\u00e1ln\u00ed anti-aging v\u00fdsledky p\u0159i ka\u017ed\u00e9 aplikaci. Pr\u00e9miov\u00e9 zv\u00fd\u0161en\u00e9 procento kolagenu zaji\u0161\u0165uje hlub\u0161\u00ed profesion\u00e1ln\u00ed v\u00fd\u017eivu, zlep\u0161enou efektivitu a nad\u0159azen\u00e9 viditeln\u00e9 zlep\u0161en\u00ed oproti standardn\u00edm formul\u00edm s profesion\u00e1ln\u00ed vynikaj\u00edc\u00ed kvalitou.<\/p>\n<p class=\"my-2 [&#038;+p]:mt-4 [&#038;_strong:has(+br)]:inline-block [&#038;_strong:has(+br)]:pb-2\"><strong>Pr\u00e9miov\u00e1 luxusn\u00ed hydratace shea m\u00e1slem:<\/strong> Obohacen\u00fd o pr\u00e9miov\u00e9 p\u0159\u00edrodn\u00ed shea m\u00e1slo, na\u0161e luxusn\u00ed formule poskytuje profesion\u00e1ln\u00ed intenzivn\u00ed vlhkost, kter\u00e1 pronik\u00e1 hluboko do vrstev pleti s p\u0159esnost\u00ed. Tato elitn\u00ed v\u00fd\u017eivn\u00e1 sm\u011bs v\u00fdrazn\u011b zm\u011bk\u010duje rafinovanou ple\u0165, dramaticky sni\u017euje jemn\u00e9 linky a vr\u00e1sky, p\u0159i\u010dem\u017e obnovuje p\u0159irozen\u00fd lesk pleti s luxusn\u00ed vynikaj\u00edc\u00ed kvalitou. Pr\u00e9miov\u00e1 vysok\u00e1 koncentrace zaji\u0161\u0165uje maxim\u00e1ln\u00ed profesion\u00e1ln\u00ed v\u00fd\u017eivu a elitn\u00ed kondicionov\u00e1n\u00ed pleti.<\/p>\n<p class=\"my-2 [&#038;+p]:mt-4 [&#038;_strong:has(+br)]:inline-block [&#038;_strong:has(+br)]:pb-2\"><strong>Profesion\u00e1ln\u00ed elitn\u00ed produkce kolagenu a anti-aging:<\/strong>\u00a0N\u00e1\u0161 pr\u00e9miov\u00fd luxusn\u00ed kr\u00e9m stimuluje p\u0159irozenou produkci kolagenu a elastinu s p\u0159esnost\u00ed, co\u017e je nezbytn\u00e9 pro udr\u017een\u00ed elitn\u00ed elasticity pleti a profesion\u00e1ln\u00ed pevnosti. To dramaticky sni\u017euje vzhled jemn\u00fdch linek a vr\u00e1sek, zejm\u00e9na kolem o\u010d\u00ed a \u010dela s elitn\u00edmi v\u00fdsledky. Pr\u00e9miov\u00e1 formule podporuje mladistvou ple\u0165 vynikaj\u00edc\u00ed kvalitou.<\/p>\n<p class=\"my-2 [&#038;+p]:mt-4 [&#038;_strong:has(+br)]:inline-block [&#038;_strong:has(+br)]:pb-2\"><strong>Profesion\u00e1ln\u00ed elitn\u00ed spev\u0148ov\u00e1n\u00ed a luxusn\u00ed sta\u017een\u00ed:<\/strong>\u00a0S potentn\u00ed profesion\u00e1ln\u00ed sm\u011bs\u00ed kolagenu a pr\u00e9miov\u00e9ho shea m\u00e1sla tento luxusn\u00ed kr\u00e9m viditeln\u011b zved\u00e1 a spev\u0148uje ple\u0165 s vynikaj\u00edc\u00ed kvalitou, \u010d\u00edm\u017e vytv\u00e1\u0159\u00ed n\u00e1padn\u011b mladistv\u011bj\u0161\u00ed vzhled. Profesion\u00e1ln\u00ed vyhlazovac\u00ed \u00fa\u010dinek dramaticky sni\u017euje jemn\u00e9 linky a z\u00e1rove\u0148 zvy\u0161uje p\u0159irozen\u00fd lesk a elitn\u00ed z\u00e1\u0159i pleti s p\u0159esnost\u00ed.<\/p>\n<p class=\"my-2 [&#038;+p]:mt-4 [&#038;_strong:has(+br)]:inline-block [&#038;_strong:has(+br)]:pb-2\"><strong>Profesion\u00e1ln\u00ed elitn\u00ed hydratace a luxusn\u00ed zm\u011bk\u010den\u00ed:<\/strong> Ide\u00e1ln\u00ed pro v\u0161echny typy pleti s profesion\u00e1ln\u00ed rafinovanost\u00ed, tato formule poskytuje kontinu\u00e1ln\u00ed hydrataci a luxusn\u00ed zm\u011bk\u010den\u00ed s vynikaj\u00edc\u00ed kvalitou. Kombinace pr\u00e9miov\u00e9ho shea m\u00e1sla a elitn\u00edho kolagenu vytv\u00e1\u0159\u00ed profesion\u00e1ln\u00ed ochrannou bari\u00e9ru, kter\u00e1 uzamyk\u00e1 vlhkost na del\u0161\u00ed dobu s p\u0159esnost\u00ed.<\/p>\n<h3 class=\"mb-2 mt-4 font-display font-semimedium text-base first:mt-0\">V\u00fdjime\u010dn\u00e9 profesion\u00e1ln\u00ed v\u00fdhody pr\u00e9miov\u00e9ho luxusn\u00edho kolagenov\u00e9ho kr\u00e9mu s shea m\u00e1slem<\/h3>\n<ul class=\"marker:text-quiet list-disc\">\n<li class=\"py-0 my-0 prose-p:pt-0 prose-p:mb-2 prose-p:my-0 [&#038;>p]:pt-0 [&#038;>p]:mb-2 [&#038;>p]:my-0&#8243;>\n<p class=\"my-2 [&#038;+p]:mt-4 [&#038;_strong:has(+br)]:inline-block [&#038;_strong:has(+br)]:pb-2\">Profesion\u00e1ln\u00ed elitn\u00ed redukce vr\u00e1sek a anti-aging vynikaj\u00edc\u00ed kvalita<\/p>\n<\/li>\n<li class=\"py-0 my-0 prose-p:pt-0 prose-p:mb-2 prose-p:my-0 [&#038;>p]:pt-0 [&#038;>p]:mb-2 [&#038;>p]:my-0&#8243;>\n<p class=\"my-2 [&#038;+p]:mt-4 [&#038;_strong:has(+br)]:inline-block [&#038;_strong:has(+br)]:pb-2\">Pr\u00e9miov\u00e1 zv\u00fd\u0161en\u00e1 vysok\u00e1 koncentrace aktivn\u00edch kolagenov\u00fdch ingredienc\u00ed<\/p>\n<\/li>\n<li class=\"py-0 my-0 prose-p:pt-0 prose-p:mb-2 prose-p:my-0 [&#038;>p]:pt-0 [&#038;>p]:mb-2 [&#038;>p]:my-0&#8243;>\n<p class=\"my-2 [&#038;+p]:mt-4 [&#038;_strong:has(+br)]:inline-block [&#038;_strong:has(+br)]:pb-2\">Profesion\u00e1ln\u00ed elitn\u00ed stimulace produkce kolagenu a elastinu<\/p>\n<\/li>\n<li class=\"py-0 my-0 prose-p:pt-0 prose-p:mb-2 prose-p:my-0 [&#038;>p]:pt-0 [&#038;>p]:mb-2 [&#038;>p]:my-0&#8243;>\n<p class=\"my-2 [&#038;+p]:mt-4 [&#038;_strong:has(+br)]:inline-block [&#038;_strong:has(+br)]:pb-2\">Profesion\u00e1ln\u00ed elitn\u00ed spev\u0148ov\u00e1n\u00ed a luxusn\u00ed sta\u017een\u00ed<\/p>\n<\/li>\n<li class=\"py-0 my-0 prose-p:pt-0 prose-p:mb-2 prose-p:my-0 [&#038;>p]:pt-0 [&#038;>p]:mb-2 [&#038;>p]:my-0&#8243;>\n<p class=\"my-2 [&#038;+p]:mt-4 [&#038;_strong:has(+br)]:inline-block [&#038;_strong:has(+br)]:pb-2\">Pr\u00e9miov\u00e1 profesion\u00e1ln\u00ed hydratace a elitn\u00ed zm\u011bk\u010den\u00ed<\/p>\n<\/li>\n<li class=\"py-0 my-0 prose-p:pt-0 prose-p:mb-2 prose-p:my-0 [&#038;>p]:pt-0 [&#038;>p]:mb-2 [&#038;>p]:my-0&#8243;>\n<p class=\"my-2 [&#038;+p]:mt-4 [&#038;_strong:has(+br)]:inline-block [&#038;_strong:has(+br)]:pb-2\">Vhodn\u00fd pro v\u0161echny typy pleti s profesion\u00e1ln\u00ed vynikaj\u00edc\u00ed kvalitou<\/p>\n<\/li>\n<li class=\"py-0 my-0 prose-p:pt-0 prose-p:mb-2 prose-p:my-0 [&#038;>p]:pt-0 [&#038;>p]:mb-2 [&#038;>p]:my-0&#8243;>\n<p class=\"my-2 [&#038;+p]:mt-4 [&#038;_strong:has(+br)]:inline-block [&#038;_strong:has(+br)]:pb-2\">Pr\u00e9miov\u00e1 luxusn\u00ed v\u00fd\u017eiva shea m\u00e1slem s p\u0159esnost\u00ed<\/p>\n<\/li>\n<li class=\"py-0 my-0 prose-p:pt-0 prose-p:mb-2 prose-p:my-0 [&#038;>p]:pt-0 [&#038;>p]:mb-2 [&#038;>p]:my-0&#8243;>\n<p class=\"my-2 [&#038;+p]:mt-4 [&#038;_strong:has(+br)]:inline-block [&#038;_strong:has(+br)]:pb-2\">Profesion\u00e1ln\u00ed elitn\u00ed zlep\u0161en\u00ed elasticity a pevnosti pleti<\/p>\n<\/li>\n<li class=\"py-0 my-0 prose-p:pt-0 prose-p:mb-2 prose-p:my-0 [&#038;>p]:pt-0 [&#038;>p]:mb-2 [&#038;>p]:my-0&#8243;>\n<p class=\"my-2 [&#038;+p]:mt-4 [&#038;_strong:has(+br)]:inline-block [&#038;_strong:has(+br)]:pb-2\">Profesion\u00e1ln\u00ed p\u0159irozen\u00fd, z\u00e1\u0159iv\u00fd vzhled pleti vynikaj\u00edc\u00ed kvalitou<\/p>\n<\/li>\n<li class=\"py-0 my-0 prose-p:pt-0 prose-p:mb-2 prose-p:my-0 [&#038;>p]:pt-0 [&#038;>p]:mb-2 [&#038;>p]:my-0&#8243;>\n<p class=\"my-2 [&#038;+p]:mt-4 [&#038;_strong:has(+br)]:inline-block [&#038;_strong:has(+br)]:pb-2\">Elitn\u00ed profesion\u00e1ln\u00ed luxusn\u00ed p\u00e9\u010de proti st\u00e1rnut\u00ed<\/p>\n<\/li>\n<\/ul>\n<h3 class=\"mb-2 mt-4 font-display font-semimedium text-base first:mt-0\">Co d\u011bl\u00e1 n\u00e1\u0161 pr\u00e9miov\u00fd kolagenov\u00fd kr\u00e9m v\u00fdjime\u010dn\u00fdm?<\/h3>\n<p class=\"my-2 [&#038;+p]:mt-4 [&#038;_strong:has(+br)]:inline-block [&#038;_strong:has(+br)]:pb-2\">N\u00e1\u0161 pr\u00e9miov\u00fd luxusn\u00ed kolagenov\u00fd kr\u00e9m s shea m\u00e1slem p\u0159edstavuje elitn\u00ed v\u011bdu proti st\u00e1rnut\u00ed kombinovanou s rafinovan\u00fdm egyptsk\u00fdm d\u011bdictv\u00edm kr\u00e1sy a profesion\u00e1ln\u00ed vynikaj\u00edc\u00ed kvalitou. Pe\u010dliv\u00e1 sm\u011bs profesion\u00e1ln\u00edho pr\u00e9miov\u00e9ho kolagenu, pr\u00e9miov\u00e9ho p\u0159\u00edrodn\u00edho shea m\u00e1sla, elitn\u00edch botanick\u00fdch ingredienc\u00ed a profesion\u00e1ln\u00edch zvlh\u010dova\u010d\u016f vytv\u00e1\u0159\u00ed v\u00fdjime\u010dn\u00fd luxusn\u00ed anti-aging produkt podlo\u017een\u00fd egyptsk\u00fdm d\u011bdictv\u00edm a pr\u00e9miovou vynikaj\u00edc\u00ed kvalitou. Ka\u017ed\u00e9 balen\u00ed 165 ml p\u0159edstavuje n\u00e1\u0161 z\u00e1vazek k profesion\u00e1ln\u00ed, efektivn\u00ed, luxusn\u00ed p\u0159\u00edrodn\u00ed p\u00e9\u010di o ple\u0165 s elitn\u00ed kvalitou.<\/p>\n<h3 class=\"mb-2 mt-4 font-display font-semimedium text-base first:mt-0\">Jak aplikovat v\u00e1\u0161 pr\u00e9miov\u00fd kolagenov\u00fd kr\u00e9m<\/h3>\n<p class=\"my-2 [&#038;+p]:mt-4 [&#038;_strong:has(+br)]:inline-block [&#038;_strong:has(+br)]:pb-2\">Aplikujte \u0161t\u011bd\u0159e na \u010distou ple\u0165 r\u00e1no a ve\u010der s profesion\u00e1ln\u00ed technikou a p\u0159esnost\u00ed. Jemn\u011b mas\u00edrujte tento luxusn\u00ed kr\u00e9m do obli\u010deje a krku, dokud se pln\u011b nevst\u0159eb\u00e1, pohyby sm\u011brem nahoru. Pro zlep\u0161en\u00e9 profesion\u00e1ln\u00ed anti-aging v\u00fdsledky aplikujte extra mno\u017estv\u00ed na jemn\u00e9 linky a oblasti vr\u00e1sek s luxusn\u00ed p\u0159esnost\u00ed. Pou\u017e\u00edvejte denn\u011b pro optim\u00e1ln\u00ed profesion\u00e1ln\u00ed anti-aging v\u00fdhody a luxusn\u00ed transformaci pleti.<\/p>\n<h3 class=\"mb-2 mt-4 font-display font-semimedium text-base first:mt-0\">Pr\u00e9miov\u00e9 luxusn\u00ed skladov\u00e1n\u00ed a profesion\u00e1ln\u00ed v\u00fdsledky<\/h3>\n<p class=\"my-2 [&#038;+p]:mt-4 [&#038;_strong:has(+br)]:inline-block [&#038;_strong:has(+br)]:pb-2\">Skladujte v\u00e1\u0161 pr\u00e9miov\u00fd kolagenov\u00fd kr\u00e9m p\u0159i pokojov\u00e9 teplot\u011b mimo p\u0159\u00edm\u00e9 slune\u010dn\u00ed svitl pro maxim\u00e1ln\u00ed profesion\u00e1ln\u00ed \u00fa\u010dinnost a trvanlivost. V\u00fdsledky se zlep\u0161uj\u00ed s konzistentn\u00ed denn\u00edm profesion\u00e1ln\u00edm pou\u017eit\u00edm. V\u011bt\u0161ina u\u017eivatel\u016f zaznamen\u00e1 v\u00fdjime\u010dnou redukci vr\u00e1sek a zlep\u0161en\u00ed pevnosti pleti do 2 a\u017e 4 t\u00fddn\u016f luxusn\u00edho pou\u017eit\u00ed s viditelnou elitn\u00ed transformac\u00ed.<\/p>\n<p class=\"my-2 [&#038;+p]:mt-4 [&#038;_strong:has(+br)]:inline-block [&#038;_strong:has(+br)]:pb-2\"><strong>Za\u017eijte dnes elitn\u00ed profesion\u00e1ln\u00ed anti-aging transformaci s na\u0161\u00edm pr\u00e9miov\u00fdm kolagenov\u00fdm kr\u00e9mem s shea m\u00e1slem. Objednejte si nyn\u00ed sv\u00e9 balen\u00ed 165 ml a odhalte svou nejluxusn\u011bj\u0161\u00ed mladistvou, z\u00e1\u0159ivou a profesion\u00e1ln\u011b rafinovanou ple\u0165 vynikaj\u00edc\u00ed kvalitou.<\/strong><\/p>\n<p>&nbsp;<\/p>\n<p style=\"text-align: center;\">D\u011bkujeme za n\u00e1kup na\u00a0<a href=\"https:\/\/bazaar.express\/cs\/\">Bazaar Express<\/a>\u00a0\u2013 jsme nad\u0161en\u00ed, \u017ee jste u n\u00e1s!<\/p>\n<p style=\"text-align: center;\">Va\u0161e cesta k lep\u0161\u00ed p\u00e9\u010di o sebe za\u010d\u00edn\u00e1 zde \u2013 s\u00a0<a href=\"https:\/\/bazaar.express\/product-category\/beauty-care\/\">Beauty Care<\/a>, kter\u00e9 si m\u016f\u017eete d\u016fv\u011b\u0159it.<\/p>\n","protected":false},"excerpt":{"rendered":"<h3>Luxusn\u00ed kolagenov\u00fd kr\u00e9m s shea m\u00e1slem 165 ml \u2013 Pr\u00e9miov\u00fd profesion\u00e1ln\u00ed anti-aging s elitn\u00edm kolagenem a p\u0159\u00edrodn\u00edm shea m\u00e1slem. Luxusn\u00ed redukce vr\u00e1sek a profesion\u00e1ln\u00ed spev\u0148ov\u00e1n\u00ed pleti.<\/h3>\n","protected":false},"featured_media":45308,"comment_status":"open","ping_status":"closed","template":"","meta":[],"product_brand":[],"product_cat":[1800,786,788,789],"product_tag":[1802,790,783,793],"class_list":{"0":"post-45307","1":"product","2":"type-product","3":"status-publish","4":"has-post-thumbnail","6":"product_cat-zoganon","7":"product_cat-pece-o-krasu","8":"product_cat-to-nejlepsi-z-egypta","9":"product_cat-horke-nabidky","10":"product_tag-kolagen","11":"product_tag-pece-o-krasu","12":"product_tag-pece-o-plet","13":"product_tag-prirodni-olej","15":"first","16":"instock","17":"sale","18":"shipping-taxable","19":"purchasable","20":"product-type-simple"},"_links":{"self":[{"href":"https:\/\/bazaar.express\/cs\/wp-json\/wp\/v2\/product\/45307","targetHints":{"allow":["GET"]}}],"collection":[{"href":"https:\/\/bazaar.express\/cs\/wp-json\/wp\/v2\/product"}],"about":[{"href":"https:\/\/bazaar.express\/cs\/wp-json\/wp\/v2\/types\/product"}],"replies":[{"embeddable":true,"href":"https:\/\/bazaar.express\/cs\/wp-json\/wp\/v2\/comments?post=45307"}],"wp:featuredmedia":[{"embeddable":true,"href":"https:\/\/bazaar.express\/cs\/wp-json\/wp\/v2\/media\/45308"}],"wp:attachment":[{"href":"https:\/\/bazaar.express\/cs\/wp-json\/wp\/v2\/media?parent=45307"}],"wp:term":[{"taxonomy":"product_brand","embeddable":true,"href":"https:\/\/bazaar.express\/cs\/wp-json\/wp\/v2\/product_brand?post=45307"},{"taxonomy":"product_cat","embeddable":true,"href":"https:\/\/bazaar.express\/cs\/wp-json\/wp\/v2\/product_cat?post=45307"},{"taxonomy":"product_tag","embeddable":true,"href":"https:\/\/bazaar.express\/cs\/wp-json\/wp\/v2\/product_tag?post=45307"}],"curies":[{"name":"wp","href":"https:\/\/api.w.org\/{rel}","templated":true}]}}