{"id":45309,"date":"2025-12-18T02:32:22","date_gmt":"2025-12-18T02:32:22","guid":{"rendered":"https:\/\/bazaar.express\/product\/luxury-goat-milk-cream\/"},"modified":"2025-12-18T02:32:22","modified_gmt":"2025-12-18T02:32:22","slug":"luxury-goat-milk-cream","status":"publish","type":"product","link":"https:\/\/bazaar.express\/cs\/produkt\/luxury-goat-milk-cream\/","title":{"rendered":"Luxusn\u00ed koz\u00ed ml\u00e9\u010dn\u00fd kr\u00e9m"},"content":{"rendered":"<h2 id=\"luxury-goat-milk-cream--premium-egyptian-professio\" class=\"mb-2 mt-4 font-display font-semimedium text-base first:mt-0 md:text-lg [hr+&#038;]:mt-4\">Luxusn\u00ed koz\u00ed ml\u00e9\u010dn\u00fd kr\u00e9m \u2013 Prvot\u0159\u00eddn\u00ed egyptsk\u00e1 profesion\u00e1ln\u00ed 24hodinov\u00e1 hydratace s elitn\u00edm intenzivn\u00edm v\u00fd\u017eivov\u00fdm efektem<\/h2>\n<h3 class=\"mb-2 mt-4 font-display font-semimedium text-base first:mt-0\">Za\u017eijte elitn\u00ed p\u00e9\u010di o ple\u0165 s autentick\u00fdm prvot\u0159\u00eddn\u00edm koz\u00edm ml\u00e9\u010dn\u00fdm kr\u00e9mem a profesion\u00e1ln\u00ed 24hodinovou beauty l\u00e9\u010dbou<\/h3>\n<p class=\"my-2 [&#038;+p]:mt-4 [&#038;_strong:has(+br)]:inline-block [&#038;_strong:has(+br)]:pb-2\">P\u0159ihlubte se do vrcholu p\u0159\u00edrodn\u00ed p\u00e9\u010de o ple\u0165 s na\u0161\u00edm exkluzivn\u00edm prvot\u0159\u00eddn\u00edm koz\u00edm ml\u00e9\u010dn\u00fdm kr\u00e9mem, luxusn\u00ed egyptskou beauty esenci\u00e1ln\u00ed polo\u017ekou vytvo\u0159enou pro n\u00e1ro\u010dn\u00e9 z\u00e1kazn\u00edky s vysokou koncentrac\u00ed elitn\u00edch aktivn\u00edch slo\u017eek. Na\u0161e pe\u010dliv\u011b vyvinut\u00e1 luxusn\u00ed formule kombinuje autentick\u00e9 prvot\u0159\u00eddn\u00ed koz\u00ed ml\u00e9ko s rafinovan\u00fdmi egyptsk\u00fdmi tradicemi, aby poskytla profesion\u00e1ln\u00ed 24hodinovou hydrataci, intenzivn\u00ed anti-aging transformaci a viditelnou excelenci v obnov\u011b pleti. N\u00e1\u0161 pe\u010dliv\u011b formulovan\u00fd prvot\u0159\u00eddn\u00ed koz\u00ed ml\u00e9\u010dn\u00fd kr\u00e9m v pr\u00e9miov\u00fdch lahvi\u010dk\u00e1ch 165 ml je navr\u017een pro rafinovanou luxusn\u00ed p\u00e9\u010di o ple\u0165 s v\u00fdjime\u010dnou \u010distotou, zv\u00fd\u0161en\u00fdmi profesion\u00e1ln\u00edmi v\u00fdsledky a nad\u0159azenou kr\u00e1snou transformac\u00ed.<\/p>\n<h3 class=\"mb-2 mt-4 font-display font-semimedium text-base first:mt-0\">Pro\u010d si vybrat prvot\u0159\u00eddn\u00ed luxusn\u00ed koz\u00ed ml\u00e9\u010dn\u00fd kr\u00e9m?<\/h3>\n<p class=\"my-2 [&#038;+p]:mt-4 [&#038;_strong:has(+br)]:inline-block [&#038;_strong:has(+br)]:pb-2\"><strong>Profesion\u00e1ln\u00ed elitn\u00ed 24hodinov\u00e1 kontinu\u00e1ln\u00ed hydratace:<\/strong>\u00a0N\u00e1\u0161 prvot\u0159\u00eddn\u00ed koz\u00ed ml\u00e9\u010dn\u00fd kr\u00e9m vyu\u017e\u00edv\u00e1 s\u00edlu autentick\u00e9ho prvot\u0159\u00eddn\u00edho koz\u00edho ml\u00e9ka k poskytnut\u00ed profesion\u00e1ln\u00ed kontinu\u00e1ln\u00ed hydratace na pln\u00fdch 24 hodin s p\u0159esnost\u00ed. Formulov\u00e1n s zv\u00fd\u0161enou vysokou koncentrac\u00ed elitn\u00edch aktivn\u00edch slo\u017eek, tento luxusn\u00ed kr\u00e9m zaji\u0161\u0165uje intenzivn\u00ed profesion\u00e1ln\u00ed v\u00fdsledky s ka\u017ed\u00fdm pou\u017eit\u00edm. Pr\u00e9miov\u00e9 zv\u00fd\u0161en\u00e9 procento koz\u00edho ml\u00e9ka zaru\u010duje hlub\u0161\u00ed profesion\u00e1ln\u00ed v\u00fd\u017eivu, zv\u00fd\u0161enou elitn\u00ed \u00fa\u010dinnost a nad\u0159azen\u00e9 viditeln\u00e9 zlep\u0161en\u00ed ve srovn\u00e1n\u00ed se standardn\u00edmi formulacemi.<\/p>\n<p class=\"my-2 [&#038;+p]:mt-4 [&#038;_strong:has(+br)]:inline-block [&#038;_strong:has(+br)]:pb-2\"><strong>Profesion\u00e1ln\u00ed p\u0159\u00edrodn\u00ed mastn\u00e9 kyseliny a elitn\u00ed ochrana bari\u00e9ry:<\/strong>\u00a0Bohat\u00fd na pr\u00e9miov\u00e9 kaprylov\u00e9 a kaprinov\u00e9 mastn\u00e9 kyseliny, n\u00e1\u0161 luxusn\u00ed kr\u00e9m odr\u00e1\u017e\u00ed profesion\u00e1ln\u00ed p\u0159\u00edrodn\u00ed oleje, kter\u00e9 produkuje va\u0161e rafinovan\u00e1 ple\u0165, co\u017e umo\u017e\u0148uje plynulou elitn\u00ed integraci s va\u0161\u00ed profesion\u00e1ln\u00ed ko\u017en\u00ed bari\u00e9rou. To vytv\u00e1\u0159\u00ed luxusn\u00ed ochrannou vrstvu, kter\u00e1 zabra\u0148uje elitn\u00ed ztr\u00e1t\u011b vlhkosti, p\u0159i\u010dem\u017e udr\u017euje profesion\u00e1ln\u00ed m\u011bkkost pleti po del\u0161\u00ed dobu s p\u0159esnost\u00ed. Profesion\u00e1ln\u00ed formule podporuje p\u0159irozenou rovnov\u00e1hu rafinovan\u00e9 pleti bez ucp\u00e1v\u00e1n\u00ed p\u00f3r\u016f.<\/p>\n<p class=\"my-2 [&#038;+p]:mt-4 [&#038;_strong:has(+br)]:inline-block [&#038;_strong:has(+br)]:pb-2\"><strong>Elitn\u00ed profesion\u00e1ln\u00ed kyselina ml\u00e9\u010dn\u00e1 a luxusn\u00ed hydratace:<\/strong>\u00a0Na\u0161e pr\u00e9miov\u00e1 formule obsahuje elitn\u00ed p\u0159\u00edrodn\u00ed kyselinu ml\u00e9\u010dnou z pr\u00e9miov\u00e9ho koz\u00edho ml\u00e9ka, silnou profesion\u00e1ln\u00ed alfa hydroxy kyselinu p\u016fsob\u00edc\u00ed jako molekul\u00e1rn\u00ed houba. Absorbuje a ukl\u00e1d\u00e1 vlhkost v hlubok\u00fdch vrstv\u00e1ch profesion\u00e1ln\u00ed pleti s p\u0159esnost\u00ed. To zaji\u0161\u0165uje kontinu\u00e1ln\u00ed profesion\u00e1ln\u00ed hydrataci i v n\u00e1ro\u010dn\u00fdch such\u00fdch podm\u00ednk\u00e1ch. Profesion\u00e1ln\u00ed jemn\u00e9 exfolia\u010dn\u00ed vlastnosti odstra\u0148uj\u00ed odum\u0159el\u00e9 bu\u0148ky, co\u017e umo\u017e\u0148uje efektivn\u00ed penetraci profesion\u00e1ln\u00edch hydrata\u010dn\u00edch slo\u017eek.<\/p>\n<p class=\"my-2 [&#038;+p]:mt-4 [&#038;_strong:has(+br)]:inline-block [&#038;_strong:has(+br)]:pb-2\"><strong>Profesion\u00e1ln\u00ed produkce kolagenu a elitn\u00ed anti-aging:<\/strong>\u00a0Obohacen\u00fd o pr\u00e9miov\u00e9 vitam\u00edny C a E, n\u00e1\u0161 luxusn\u00ed koz\u00ed ml\u00e9\u010dn\u00fd kr\u00e9m stimuluje profesion\u00e1ln\u00ed p\u0159irozenou produkci kolagenu a elastinu, odpov\u011bdnou za elitn\u00ed elasticitu pleti a profesion\u00e1ln\u00ed pevnost. To dramaticky sni\u017euje jemn\u00e9 linky a profesion\u00e1ln\u00ed vr\u00e1sky, zejm\u00e9na kolem o\u010d\u00ed a oblast\u00ed \u010dela. Pr\u00e9miov\u00e9 siln\u00e9 antioxidanty jako selen poskytuj\u00ed profesion\u00e1ln\u00ed ochranu proti oxida\u010dn\u00edmu po\u0161kozen\u00ed.<\/p>\n<p class=\"my-2 [&#038;+p]:mt-4 [&#038;_strong:has(+br)]:inline-block [&#038;_strong:has(+br)]:pb-2\"><strong>Profesion\u00e1ln\u00ed l\u00e9\u010dba ko\u017en\u00edch stav\u016f a elitn\u00ed wellness:<\/strong>\u00a0Perfektn\u011b slad\u011bn\u00fd s pH profesion\u00e1ln\u00ed pleti 5,5, tento luxusn\u00ed kr\u00e9m poskytuje elitn\u00ed \u0159e\u0161en\u00ed pro trp\u00edc\u00ed ekz\u00e9mem a psori\u00e1zou s profesion\u00e1ln\u00ed p\u0159esnost\u00ed. Pr\u00e9miov\u00e9 protiz\u00e1n\u011btliv\u00e9 vlastnosti uklid\u0148uj\u00ed zarudnut\u00ed a profesion\u00e1ln\u00ed sv\u011bd\u011bn\u00ed efektivn\u011b. Pr\u00e9miov\u00e9 mastn\u00e9 kyseliny opravuj\u00ed po\u0161kozen\u00e9 profesion\u00e1ln\u00ed ko\u017en\u00ed bari\u00e9ry, zat\u00edmco p\u0159irozen\u00e9 probiotika podporuj\u00ed zdravou profesion\u00e1ln\u00ed mikrobiom pleti.<\/p>\n<h3 class=\"mb-2 mt-4 font-display font-semimedium text-base first:mt-0\">V\u00fdjime\u010dn\u00e9 profesion\u00e1ln\u00ed v\u00fdhody prvot\u0159\u00eddn\u00edho koz\u00edho ml\u00e9\u010dn\u00e9ho kr\u00e9mu<\/h3>\n<ul class=\"marker:text-quiet list-disc\">\n<li class=\"py-0 my-0 prose-p:pt-0 prose-p:mb-2 prose-p:my-0 [&#038;>p]:pt-0 [&#038;>p]:mb-2 [&#038;>p]:my-0&#8243;>\n<p class=\"my-2 [&#038;+p]:mt-4 [&#038;_strong:has(+br)]:inline-block [&#038;_strong:has(+br)]:pb-2\">Profesion\u00e1ln\u00ed elitn\u00ed 24hodinov\u00e1 kontinu\u00e1ln\u00ed hydratace<\/p>\n<\/li>\n<li class=\"py-0 my-0 prose-p:pt-0 prose-p:mb-2 prose-p:my-0 [&#038;>p]:pt-0 [&#038;>p]:mb-2 [&#038;>p]:my-0&#8243;>\n<p class=\"my-2 [&#038;+p]:mt-4 [&#038;_strong:has(+br)]:inline-block [&#038;_strong:has(+br)]:pb-2\">Vysok\u00e1 koncentrace pr\u00e9miov\u00fdch aktivn\u00edch slo\u017eek pro intenzivn\u00ed profesion\u00e1ln\u00ed v\u00fdsledky<\/p>\n<\/li>\n<li class=\"py-0 my-0 prose-p:pt-0 prose-p:mb-2 prose-p:my-0 [&#038;>p]:pt-0 [&#038;>p]:mb-2 [&#038;>p]:my-0&#8243;>\n<p class=\"my-2 [&#038;+p]:mt-4 [&#038;_strong:has(+br)]:inline-block [&#038;_strong:has(+br)]:pb-2\">Profesion\u00e1ln\u00ed p\u0159\u00edrodn\u00ed mastn\u00e9 kyseliny pro elitn\u00ed ochranu bari\u00e9ry<\/p>\n<\/li>\n<li class=\"py-0 my-0 prose-p:pt-0 prose-p:mb-2 prose-p:my-0 [&#038;>p]:pt-0 [&#038;>p]:mb-2 [&#038;>p]:my-0&#8243;>\n<p class=\"my-2 [&#038;+p]:mt-4 [&#038;_strong:has(+br)]:inline-block [&#038;_strong:has(+br)]:pb-2\">Elitn\u00ed profesion\u00e1ln\u00ed kyselina ml\u00e9\u010dn\u00e1 pro jemn\u00e9 exfolia\u010dn\u00ed \u00fa\u010dinky<\/p>\n<\/li>\n<li class=\"py-0 my-0 prose-p:pt-0 prose-p:mb-2 prose-p:my-0 [&#038;>p]:pt-0 [&#038;>p]:mb-2 [&#038;>p]:my-0&#8243;>\n<p class=\"my-2 [&#038;+p]:mt-4 [&#038;_strong:has(+br)]:inline-block [&#038;_strong:has(+br)]:pb-2\">Vitamin A pro profesion\u00e1ln\u00ed obnovu bun\u011bk a opravu tk\u00e1n\u00ed<\/p>\n<\/li>\n<li class=\"py-0 my-0 prose-p:pt-0 prose-p:mb-2 prose-p:my-0 [&#038;>p]:pt-0 [&#038;>p]:mb-2 [&#038;>p]:my-0&#8243;>\n<p class=\"my-2 [&#038;+p]:mt-4 [&#038;_strong:has(+br)]:inline-block [&#038;_strong:has(+br)]:pb-2\">Profesion\u00e1ln\u00ed vitam\u00ednov\u00fd komplex B pro elitn\u00ed krevn\u00ed ob\u011bh pleti<\/p>\n<\/li>\n<li class=\"py-0 my-0 prose-p:pt-0 prose-p:mb-2 prose-p:my-0 [&#038;>p]:pt-0 [&#038;>p]:mb-2 [&#038;>p]:my-0&#8243;>\n<p class=\"my-2 [&#038;+p]:mt-4 [&#038;_strong:has(+br)]:inline-block [&#038;_strong:has(+br)]:pb-2\">Profesion\u00e1ln\u00ed formule podporuj\u00edc\u00ed kolagen pro excelenci anti-aging<\/p>\n<\/li>\n<li class=\"py-0 my-0 prose-p:pt-0 prose-p:mb-2 prose-p:my-0 [&#038;>p]:pt-0 [&#038;>p]:mb-2 [&#038;>p]:my-0&#8243;>\n<p class=\"my-2 [&#038;+p]:mt-4 [&#038;_strong:has(+br)]:inline-block [&#038;_strong:has(+br)]:pb-2\">Vhodn\u00fd pro v\u0161echny typy pleti s profesion\u00e1ln\u00ed rafinovanost\u00ed<\/p>\n<\/li>\n<li class=\"py-0 my-0 prose-p:pt-0 prose-p:mb-2 prose-p:my-0 [&#038;>p]:pt-0 [&#038;>p]:mb-2 [&#038;>p]:my-0&#8243;>\n<p class=\"my-2 [&#038;+p]:mt-4 [&#038;_strong:has(+br)]:inline-block [&#038;_strong:has(+br)]:pb-2\">Profesion\u00e1ln\u00ed p\u0159\u00edrodn\u00ed podpora probiotik pro elitn\u00ed mikrobiom pleti<\/p>\n<\/li>\n<\/ul>\n<h3 class=\"mb-2 mt-4 font-display font-semimedium text-base first:mt-0\">Co d\u011bl\u00e1 n\u00e1\u0161 prvot\u0159\u00eddn\u00ed koz\u00ed ml\u00e9\u010dn\u00fd kr\u00e9m v\u00fdjime\u010dn\u00fdm?<\/h3>\n<p class=\"my-2 [&#038;+p]:mt-4 [&#038;_strong:has(+br)]:inline-block [&#038;_strong:has(+br)]:pb-2\">N\u00e1\u0161 prvot\u0159\u00eddn\u00ed luxusn\u00ed koz\u00ed ml\u00e9\u010dn\u00fd kr\u00e9m p\u0159edstavuje elitn\u00ed v\u011bdu p\u00e9\u010de o ple\u0165 kombinovanou s rafinovan\u00fdm egyptsk\u00fdm d\u011bdictv\u00edm kr\u00e1sy. Pe\u010dliv\u00e1 sm\u011bs p\u0159\u00edrodn\u00ed m\u00fddlov\u00e9 b\u00e1ze, glycerinu, pr\u00e9miov\u00fdch protein\u016f koz\u00edho ml\u00e9ka, elitn\u00edch botanick\u00fdch slo\u017eek, pr\u00e9miov\u00e9ho vitam\u00ednu A, profesion\u00e1ln\u00edho vitam\u00ednov\u00e9ho komplexu B a p\u0159irozen\u00fdch probiotik vytv\u00e1\u0159\u00ed v\u00fdjime\u010dn\u00fd luxusn\u00ed hydrata\u010dn\u00ed produkt podlo\u017een\u00fd egyptsk\u00fdm d\u011bdictv\u00edm. Ka\u017ed\u00e1 pr\u00e9miov\u00e1 lahvi\u010dka 165 ml p\u0159edstavuje n\u00e1\u0161 z\u00e1vazek k profesion\u00e1ln\u00ed, efektivn\u00ed luxusn\u00ed p\u0159\u00edrodn\u00ed p\u00e9\u010di o ple\u0165.<\/p>\n<h3 class=\"mb-2 mt-4 font-display font-semimedium text-base first:mt-0\">Jak aplikovat v\u00e1\u0161 prvot\u0159\u00eddn\u00ed koz\u00ed ml\u00e9\u010dn\u00fd kr\u00e9m<\/h3>\n<p class=\"my-2 [&#038;+p]:mt-4 [&#038;_strong:has(+br)]:inline-block [&#038;_strong:has(+br)]:pb-2\">Aplikujte \u0161t\u011bd\u0159e na \u010distou ple\u0165 r\u00e1no a ve\u010der s profesion\u00e1ln\u00ed technikou. Jemn\u011b mas\u00edrujte tento luxusn\u00ed kr\u00e9m do obli\u010deje a t\u011bla, dokud se pln\u011b nevst\u0159eb\u00e1 s p\u0159esnost\u00ed. Pro zes\u00edlen\u00e9 profesion\u00e1ln\u00ed anti-aging v\u00fdsledky aplikujte na jemn\u00e9 linky a citliv\u00e9 oblasti s luxusn\u00ed p\u0159esnost\u00ed. Pou\u017e\u00edvejte denn\u011b pro optim\u00e1ln\u00ed profesion\u00e1ln\u00ed 24hodinovou hydrataci a komplexn\u00ed elitn\u00ed v\u00fdhody pro ple\u0165.<\/p>\n<h3 class=\"mb-2 mt-4 font-display font-semimedium text-base first:mt-0\">Pr\u00e9miov\u00e9 luxusn\u00ed skladov\u00e1n\u00ed a v\u00fdsledky<\/h3>\n<p class=\"my-2 [&#038;+p]:mt-4 [&#038;_strong:has(+br)]:inline-block [&#038;_strong:has(+br)]:pb-2\">Skladujte sv\u016fj prvot\u0159\u00eddn\u00ed koz\u00ed ml\u00e9\u010dn\u00fd kr\u00e9m p\u0159i pokojov\u00e9 teplot\u011b mimo p\u0159\u00edm\u00e9 slune\u010dn\u00ed svitl pro maxim\u00e1ln\u00ed profesion\u00e1ln\u00ed \u00fa\u010dinnost. V\u00fdsledky se zlep\u0161uj\u00ed s konzistentn\u00ed denn\u00edm profesion\u00e1ln\u00edm pou\u017eit\u00edm. V\u011bt\u0161ina u\u017eivatel\u016f si v\u0161imne v\u00fdjime\u010dn\u00e9ho 24hodinov\u00e9ho zlep\u0161en\u00ed pleti a profesion\u00e1ln\u00edch hydrata\u010dn\u00edch v\u00fdhod b\u011bhem 1 a\u017e 2 t\u00fddn\u016f luxusn\u00edho pou\u017e\u00edv\u00e1n\u00ed.<\/p>\n<p class=\"my-2 [&#038;+p]:mt-4 [&#038;_strong:has(+br)]:inline-block [&#038;_strong:has(+br)]:pb-2\"><strong>Za\u017eijte dnes elitn\u00ed profesion\u00e1ln\u00ed transformaci 24hodinov\u00e9 hydratace s na\u0161\u00edm prvot\u0159\u00eddn\u00edm koz\u00edm ml\u00e9\u010dn\u00fdm kr\u00e9mem. Objednejte si nyn\u00ed svou pr\u00e9miovou lahvi\u010dku 165 ml a odhalte svou nejluxusn\u011bj\u0161\u00ed, z\u00e1\u0159ivou a profesion\u00e1ln\u011b hydratovanou ple\u0165.<\/strong><\/p>\n<p>&nbsp;<\/p>\n<p style=\"text-align: center;\">D\u011bkujeme za n\u00e1kup na\u00a0<a href=\"https:\/\/bazaar.express\/cs\/\">Bazaar Express<\/a>\u00a0\u2013 jsme nad\u0161en\u00ed, \u017ee jste u n\u00e1s!<\/p>\n<p style=\"text-align: center;\">Va\u0161e cesta k lep\u0161\u00ed p\u00e9\u010di o sebe za\u010d\u00edn\u00e1 zde \u2013 s\u00a0<a href=\"https:\/\/bazaar.express\/product-category\/beauty-care\/\">Beauty &#038; Care<\/a>, kter\u00e9 si m\u016f\u017eete d\u016fv\u011b\u0159it.<\/p>\n","protected":false},"excerpt":{"rendered":"<h3>Luxusn\u00ed koz\u00ed ml\u00e9\u010dn\u00fd kr\u00e9m 165 ml \u2013 Prvot\u0159\u00eddn\u00ed profesion\u00e1ln\u00ed 24hodinov\u00e1 hydratace s elitn\u00edm koz\u00edm ml\u00e9kem a aktivn\u00edmi slo\u017ekami. Luxusn\u00ed anti-aging, profesion\u00e1ln\u00ed v\u00fd\u017eiva.<\/h3>\n","protected":false},"featured_media":45310,"comment_status":"open","ping_status":"closed","template":"","meta":[],"product_brand":[],"product_cat":[1800,786,789],"product_tag":[790,783,793,791],"class_list":{"0":"post-45309","1":"product","2":"type-product","3":"status-publish","4":"has-post-thumbnail","6":"product_cat-zoganon","7":"product_cat-pece-o-krasu","8":"product_cat-horke-nabidky","9":"product_tag-pece-o-krasu","10":"product_tag-pece-o-plet","11":"product_tag-prirodni-olej","12":"product_tag-velbloudi-mleko","14":"first","15":"instock","16":"sale","17":"shipping-taxable","18":"purchasable","19":"product-type-simple"},"_links":{"self":[{"href":"https:\/\/bazaar.express\/cs\/wp-json\/wp\/v2\/product\/45309","targetHints":{"allow":["GET"]}}],"collection":[{"href":"https:\/\/bazaar.express\/cs\/wp-json\/wp\/v2\/product"}],"about":[{"href":"https:\/\/bazaar.express\/cs\/wp-json\/wp\/v2\/types\/product"}],"replies":[{"embeddable":true,"href":"https:\/\/bazaar.express\/cs\/wp-json\/wp\/v2\/comments?post=45309"}],"wp:featuredmedia":[{"embeddable":true,"href":"https:\/\/bazaar.express\/cs\/wp-json\/wp\/v2\/media\/45310"}],"wp:attachment":[{"href":"https:\/\/bazaar.express\/cs\/wp-json\/wp\/v2\/media?parent=45309"}],"wp:term":[{"taxonomy":"product_brand","embeddable":true,"href":"https:\/\/bazaar.express\/cs\/wp-json\/wp\/v2\/product_brand?post=45309"},{"taxonomy":"product_cat","embeddable":true,"href":"https:\/\/bazaar.express\/cs\/wp-json\/wp\/v2\/product_cat?post=45309"},{"taxonomy":"product_tag","embeddable":true,"href":"https:\/\/bazaar.express\/cs\/wp-json\/wp\/v2\/product_tag?post=45309"}],"curies":[{"name":"wp","href":"https:\/\/api.w.org\/{rel}","templated":true}]}}