{"id":45311,"date":"2025-12-04T00:34:03","date_gmt":"2025-12-04T00:34:03","guid":{"rendered":"https:\/\/bazaar.express\/product\/luxury-hibiscus-lotion\/"},"modified":"2025-12-04T00:34:03","modified_gmt":"2025-12-04T00:34:03","slug":"luxury-hibiscus-lotion","status":"publish","type":"product","link":"https:\/\/bazaar.express\/cs\/produkt\/luxury-hibiscus-lotion\/","title":{"rendered":"Luxusn\u00ed hibiskov\u00fd losion"},"content":{"rendered":"<h2 id=\"luxury-hibiscus-lotion--premium-egyptian-professio\" class=\"mb-2 mt-4 font-display font-semimedium text-base first:mt-0 md:text-lg [hr+&#038;]:mt-4\">Luxusn\u00ed hibiskov\u00fd losion \u2013 Pr\u00e9miov\u00fd egyptsk\u00fd profesion\u00e1ln\u00ed hydrata\u010dn\u00ed prost\u0159edek s elitn\u00edmi protivr\u00e1skov\u00fdmi a botoxov\u00fdmi v\u00fdhodami<\/h2>\n<h3 class=\"mb-2 mt-4 font-display font-semimedium text-base first:mt-0\">Za\u017eijte elitn\u00ed p\u00e9\u010di o ple\u0165 s autentick\u00fdm pr\u00e9miov\u00fdm hibiskov\u00fdm losionem a profesion\u00e1ln\u00ed kosmetickou l\u00e9\u010dbou<\/h3>\n<p class=\"my-2 [&#038;+p]:mt-4 [&#038;_strong:has(+br)]:inline-block [&#038;_strong:has(+br)]:pb-2\">Poddajte se vrcholu p\u0159\u00edrodn\u00ed p\u00e9\u010de o ple\u0165 s na\u0161\u00edm exkluzivn\u00edm pr\u00e9miov\u00fdm hibiskov\u00fdm losionem, luxusn\u00ed egyptskou esenci\u00ed kr\u00e1sy vytvo\u0159enou pro n\u00e1ro\u010dn\u00e9 z\u00e1kazn\u00edky. Na\u0161e pe\u010dliv\u011b vyvinut\u00e1 luxusn\u00ed formule spojuje elitn\u00ed extrakt z hibisku s rafinovan\u00fdmi egyptsk\u00fdmi tradicemi, aby poskytla profesion\u00e1ln\u00ed hydrataci, intenzivn\u00ed protivr\u00e1skovou transformaci a p\u0159irozenou excelenci botoxov\u00e9 obnovy pleti. N\u00e1\u0161 pe\u010dliv\u011b formulovan\u00fd pr\u00e9miov\u00fd hibiskov\u00fd losion v pr\u00e9miov\u00fdch 250ml lahvi\u010dk\u00e1ch je ur\u010den pro rafinovan\u00e9 anti-aging rutiny s v\u00fdjime\u010dnou \u010distotou, zv\u00fd\u0161en\u00fdmi profesion\u00e1ln\u00edmi v\u00fdsledky a nad\u0159azenou transformac\u00ed kr\u00e1sy.<\/p>\n<h3 class=\"mb-2 mt-4 font-display font-semimedium text-base first:mt-0\">Pro\u010d si vybrat pr\u00e9miov\u00fd luxusn\u00ed hibiskov\u00fd losion?<\/h3>\n<p class=\"my-2 [&#038;+p]:mt-4 [&#038;_strong:has(+br)]:inline-block [&#038;_strong:has(+br)]:pb-2\"><strong>Technologie profesion\u00e1ln\u00edho elitn\u00edho extraktu z hibisku:<\/strong>\u00a0N\u00e1\u0161 pr\u00e9miov\u00fd hibiskov\u00fd losion vyu\u017e\u00edv\u00e1 s\u00edlu profesion\u00e1ln\u00edho extraktu z hibisku k poskytnut\u00ed elitn\u00ed hydratace bez drsn\u00fdch chemik\u00e1li\u00ed. Tato luxusn\u00ed formule dod\u00e1v\u00e1 profesion\u00e1ln\u00ed vlhkost, zat\u00edmco obohacuje ple\u0165 luxusn\u00edmi antioxidanty, d\u00edky \u010demu\u017e je ple\u0165 v\u00fdjime\u010dn\u011b osv\u011b\u017een\u00e1, chr\u00e1n\u011bn\u00e1 a z\u00e1\u0159iv\u011b transformovan\u00e1 s luxusn\u00edmi v\u00fdsledky.<\/p>\n<p class=\"my-2 [&#038;+p]:mt-4 [&#038;_strong:has(+br)]:inline-block [&#038;_strong:has(+br)]:pb-2\"><strong>Profesion\u00e1ln\u00ed protivr\u00e1skov\u00e9 a elitn\u00ed p\u0159irozen\u00e9 botoxov\u00e9 v\u00fdhody:<\/strong>\u00a0Obohacen\u00fd pr\u00e9miov\u00fdmi antioxidanty a elitn\u00edmi p\u0159irozen\u00fdmi anti-aging slou\u010deninami, n\u00e1\u0161 luxusn\u00ed hibiskov\u00fd losion poskytuje v\u00fdjime\u010dn\u00e9 protivr\u00e1skov\u00e9 v\u00fdsledky a p\u0159irozen\u00e9 botoxov\u00e9 efekty, kter\u00e9 dramaticky sni\u017euj\u00ed jemn\u00e9 linky a zlep\u0161uj\u00ed profesion\u00e1ln\u00ed elasticitu pleti. Pokro\u010dil\u00e1 profesion\u00e1ln\u00ed formule c\u00edl\u00ed na v\u00edce zn\u00e1mek st\u00e1rnut\u00ed s p\u0159esnost\u00ed.<\/p>\n<p class=\"my-2 [&#038;+p]:mt-4 [&#038;_strong:has(+br)]:inline-block [&#038;_strong:has(+br)]:pb-2\"><strong>Profesion\u00e1ln\u00ed hydratace a luxusn\u00ed hydratace:<\/strong>\u00a0Obohacen\u00fd pr\u00e9miov\u00fdmi p\u0159irozen\u00fdmi oleji a elitn\u00edmi botanick\u00fdmi extrakty, tento luxusn\u00ed losion dod\u00e1v\u00e1 intenzivn\u00ed profesion\u00e1ln\u00ed vlhkost, kter\u00e1 v\u00fdrazn\u011b zm\u011bk\u010duje a kondicionuje ple\u0165. Pr\u00e9miov\u00e1 v\u00fd\u017eivn\u00e1 sm\u011bs \u010din\u00ed n\u00e1\u0161 hibiskov\u00fd losion prvn\u00ed volbou pro ka\u017edodenn\u00ed luxusn\u00ed hydrataci obli\u010deje a t\u011bla.<\/p>\n<p class=\"my-2 [&#038;+p]:mt-4 [&#038;_strong:has(+br)]:inline-block [&#038;_strong:has(+br)]:pb-2\"><strong>Transparentn\u00ed pr\u00e9miov\u00e1 luxusn\u00ed formule:<\/strong>\u00a0N\u00e1\u0161 pr\u00e9miov\u00fd hibiskov\u00fd losion je jemn\u00fd, \u010dist\u00fd a transparentn\u00ed \u2013 ukazuje svou pr\u00e9miovou autentickou kompozici. Profesion\u00e1ln\u00ed luxusn\u00ed formule hydratuje s excelenc\u00ed, zat\u00edmco poskytuje protivr\u00e1skov\u00e9 v\u00fdhody, podporuje viditeln\u011b \u010dist\u0161\u00ed a v\u00fdjime\u010dn\u011b zdravou ple\u0165 se z\u00e1\u0159iv\u00fdm vzhledem.<\/p>\n<p class=\"my-2 [&#038;+p]:mt-4 [&#038;_strong:has(+br)]:inline-block [&#038;_strong:has(+br)]:pb-2\"><strong>Pr\u00e9miov\u00e1 luxusn\u00ed kompatibilita pro v\u0161echny typy pleti:<\/strong>\u00a0A\u0165 m\u00e1te citlivou, mastnou, suchou nebo sm\u00ed\u0161enou ple\u0165, n\u00e1\u0161 luxusn\u00ed hibiskov\u00fd losion poskytuje profesion\u00e1ln\u00ed v\u00fdsledky kr\u00e1sn\u011b. Jemn\u00e9 pr\u00e9miov\u00e9 luxusn\u00ed formule je ide\u00e1ln\u00ed pro rafinovanou profesion\u00e1ln\u00ed ple\u0165 obli\u010deje a zv\u00fd\u0161enou luxusn\u00ed ka\u017edodenn\u00ed p\u00e9\u010di.<\/p>\n<p class=\"my-2 [&#038;+p]:mt-4 [&#038;_strong:has(+br)]:inline-block [&#038;_strong:has(+br)]:pb-2\"><strong>Profesion\u00e1ln\u00ed luxusn\u00ed zm\u011bk\u010den\u00ed a protiz\u00e1n\u011btliv\u00e1 excelence:<\/strong>\u00a0Bohat\u00fd na elitn\u00ed extrakt z hibisku a pr\u00e9miov\u00e9 antioxidanty, tento luxusn\u00ed losion zm\u011bk\u010duje a hydratuje ple\u0165 s profesion\u00e1ln\u00ed p\u0159esnost\u00ed. Profesion\u00e1ln\u00ed protiz\u00e1n\u011btliv\u00e9 vlastnosti uklid\u0148uj\u00ed podr\u00e1\u017ed\u011bnou ple\u0165, zat\u00edmco poskytuj\u00ed nad\u0159azen\u00e9 luxusn\u00ed rafinovan\u00e9 anti-aging.<\/p>\n<h3 class=\"mb-2 mt-4 font-display font-semimedium text-base first:mt-0\">V\u00fdjime\u010dn\u00e9 profesion\u00e1ln\u00ed v\u00fdhody pr\u00e9miov\u00e9ho hibisku<\/h3>\n<ul class=\"marker:text-quiet list-disc\">\n<li class=\"py-0 my-0 prose-p:pt-0 prose-p:mb-2 prose-p:my-0 [&#038;>p]:pt-0 [&#038;>p]:mb-2 [&#038;>p]:my-0&#8243;>\n<p class=\"my-2 [&#038;+p]:mt-4 [&#038;_strong:has(+br)]:inline-block [&#038;_strong:has(+br)]:pb-2\">Elitn\u00ed profesion\u00e1ln\u00ed hydrata\u010dn\u00ed \u00fa\u010dinek<\/p>\n<\/li>\n<li class=\"py-0 my-0 prose-p:pt-0 prose-p:mb-2 prose-p:my-0 [&#038;>p]:pt-0 [&#038;>p]:mb-2 [&#038;>p]:my-0&#8243;>\n<p class=\"my-2 [&#038;+p]:mt-4 [&#038;_strong:has(+br)]:inline-block [&#038;_strong:has(+br)]:pb-2\">Pr\u00e9miov\u00e9 protivr\u00e1skov\u00e9 a botoxov\u00e9 v\u00fdhody<\/p>\n<\/li>\n<li class=\"py-0 my-0 prose-p:pt-0 prose-p:mb-2 prose-p:my-0 [&#038;>p]:pt-0 [&#038;>p]:mb-2 [&#038;>p]:my-0&#8243;>\n<p class=\"my-2 [&#038;+p]:mt-4 [&#038;_strong:has(+br)]:inline-block [&#038;_strong:has(+br)]:pb-2\">Profesion\u00e1ln\u00ed infuze extraktu z hibisku<\/p>\n<\/li>\n<li class=\"py-0 my-0 prose-p:pt-0 prose-p:mb-2 prose-p:my-0 [&#038;>p]:pt-0 [&#038;>p]:mb-2 [&#038;>p]:my-0&#8243;>\n<p class=\"my-2 [&#038;+p]:mt-4 [&#038;_strong:has(+br)]:inline-block [&#038;_strong:has(+br)]:pb-2\">Profesion\u00e1ln\u00ed luxusn\u00ed zm\u011bk\u010den\u00ed a hydratace<\/p>\n<\/li>\n<li class=\"py-0 my-0 prose-p:pt-0 prose-p:mb-2 prose-p:my-0 [&#038;>p]:pt-0 [&#038;>p]:mb-2 [&#038;>p]:my-0&#8243;>\n<p class=\"my-2 [&#038;+p]:mt-4 [&#038;_strong:has(+br)]:inline-block [&#038;_strong:has(+br)]:pb-2\">Vhodn\u00e9 pro v\u0161echny typy pleti s rafinovan\u00fdmi v\u00fdsledky<\/p>\n<\/li>\n<li class=\"py-0 my-0 prose-p:pt-0 prose-p:mb-2 prose-p:my-0 [&#038;>p]:pt-0 [&#038;>p]:mb-2 [&#038;>p]:my-0&#8243;>\n<p class=\"my-2 [&#038;+p]:mt-4 [&#038;_strong:has(+br)]:inline-block [&#038;_strong:has(+br)]:pb-2\">P\u0159irozen\u00e1, pr\u00e9miov\u00e1 luxusn\u00ed formule<\/p>\n<\/li>\n<li class=\"py-0 my-0 prose-p:pt-0 prose-p:mb-2 prose-p:my-0 [&#038;>p]:pt-0 [&#038;>p]:mb-2 [&#038;>p]:my-0&#8243;>\n<p class=\"my-2 [&#038;+p]:mt-4 [&#038;_strong:has(+br)]:inline-block [&#038;_strong:has(+br)]:pb-2\">Profesion\u00e1ln\u00ed antioxida\u010dn\u00ed ochrana<\/p>\n<\/li>\n<li class=\"py-0 my-0 prose-p:pt-0 prose-p:mb-2 prose-p:my-0 [&#038;>p]:pt-0 [&#038;>p]:mb-2 [&#038;>p]:my-0&#8243;>\n<p class=\"my-2 [&#038;+p]:mt-4 [&#038;_strong:has(+br)]:inline-block [&#038;_strong:has(+br)]:pb-2\">Podporuje v\u00fdjime\u010dnou, z\u00e1\u0159ivou lumin\u00f3zn\u00ed profesion\u00e1ln\u00ed ple\u0165<\/p>\n<\/li>\n<li class=\"py-0 my-0 prose-p:pt-0 prose-p:mb-2 prose-p:my-0 [&#038;>p]:pt-0 [&#038;>p]:mb-2 [&#038;>p]:my-0&#8243;>\n<p class=\"my-2 [&#038;+p]:mt-4 [&#038;_strong:has(+br)]:inline-block [&#038;_strong:has(+br)]:pb-2\">Profesion\u00e1ln\u00ed luxusn\u00ed anti-aging p\u00e9\u010de<\/p>\n<\/li>\n<\/ul>\n<h3 class=\"mb-2 mt-4 font-display font-semimedium text-base first:mt-0\">Co d\u011bl\u00e1 n\u00e1\u0161 pr\u00e9miov\u00fd hibiskov\u00fd losion v\u00fdjime\u010dn\u00fdm?<\/h3>\n<p class=\"my-2 [&#038;+p]:mt-4 [&#038;_strong:has(+br)]:inline-block [&#038;_strong:has(+br)]:pb-2\">N\u00e1\u0161 pr\u00e9miov\u00fd luxusn\u00ed hibiskov\u00fd losion p\u0159edstavuje elitn\u00ed protivr\u00e1skovou v\u011bdu kombinovanou s rafinovan\u00fdm egyptsk\u00fdm d\u011bdictv\u00edm kr\u00e1sy. Ka\u017ed\u00e1 pr\u00e9miov\u00e1 lahvi\u010dka 250 ml obsahuje koncentrovan\u00fd elitn\u00ed extrakt z hibisku, profesion\u00e1ln\u00ed antioxidanty, pr\u00e9miov\u00e9 p\u0159irozen\u00e9 oleje a botanick\u00e9 ingredience bez drsn\u00fdch chemik\u00e1li\u00ed, poskytuj\u00edc\u00ed autentick\u00e9 profesion\u00e1ln\u00ed protivr\u00e1skov\u00e9 v\u00fdhody podlo\u017een\u00e9 elitn\u00edm v\u00fdzkumem p\u00e9\u010de o ple\u0165.<\/p>\n<h3 class=\"mb-2 mt-4 font-display font-semimedium text-base first:mt-0\">Jak aplikovat v\u00e1\u0161 pr\u00e9miov\u00fd hibiskus<\/h3>\n<p class=\"my-2 [&#038;+p]:mt-4 [&#038;_strong:has(+br)]:inline-block [&#038;_strong:has(+br)]:pb-2\">Nan\u00e1\u0161ejte \u0161t\u011bd\u0159e na \u010distou ple\u0165 r\u00e1no a ve\u010der s profesion\u00e1ln\u00ed technikou. Jemn\u011b mas\u00edrujte tento luxusn\u00ed losion do obli\u010deje a t\u011bla, dokud se pln\u011b nevst\u0159eb\u00e1, s pohyby nahoru. Pro zes\u00edlen\u00e9 profesion\u00e1ln\u00ed protivr\u00e1skov\u00e9 v\u00fdsledky aplikujte na oblasti jemn\u00fdch linek a vr\u00e1sek s luxusn\u00ed p\u0159esnost\u00ed. Pou\u017e\u00edvejte denn\u011b pro optim\u00e1ln\u00ed profesion\u00e1ln\u00ed hydrataci a anti-aging v\u00fdhody.<\/p>\n<h3 class=\"mb-2 mt-4 font-display font-semimedium text-base first:mt-0\">Pr\u00e9miov\u00e9 luxusn\u00ed skladov\u00e1n\u00ed a v\u00fdsledky<\/h3>\n<p class=\"my-2 [&#038;+p]:mt-4 [&#038;_strong:has(+br)]:inline-block [&#038;_strong:has(+br)]:pb-2\">Skladujte v\u00e1\u0161 pr\u00e9miov\u00fd hibiskov\u00fd losion p\u0159i pokojov\u00e9 teplot\u011b mimo p\u0159\u00edm\u00e9 slune\u010dn\u00ed svitlo pro maxim\u00e1ln\u00ed profesion\u00e1ln\u00ed \u00fa\u010dinnost. V\u00fdsledky se zlep\u0161uj\u00ed s konzistentn\u00ed denn\u00edm profesion\u00e1ln\u00edm pou\u017eit\u00edm. V\u011bt\u0161ina u\u017eivatel\u016f zaznamen\u00e1 v\u00fdjime\u010dn\u00e9 zlep\u0161en\u00ed pleti a profesion\u00e1ln\u00ed hydrata\u010dn\u00ed v\u00fdhody b\u011bhem 2 a\u017e 4 t\u00fddn\u016f luxusn\u00edho pou\u017eit\u00ed.<\/p>\n<p class=\"my-2 [&#038;+p]:mt-4 [&#038;_strong:has(+br)]:inline-block [&#038;_strong:has(+br)]:pb-2\"><strong>Za\u017eijte elitn\u00ed profesion\u00e1ln\u00ed anti-aging transformaci s na\u0161\u00edm pr\u00e9miov\u00fdm hibiskov\u00fdm losionem je\u0161t\u011b dnes. Objednejte si svou pr\u00e9miovou lahvi\u010dku 250 ml nyn\u00ed a odhalte svou nejluxusn\u011bj\u0161\u00ed mladistvou, z\u00e1\u0159ivou a profesion\u00e1ln\u011b hydratovanou ple\u0165.<\/strong><\/p>\n<p>&nbsp;<\/p>\n<h5 style=\"text-align: center;\">D\u011bkujeme za n\u00e1kup v\u00a0<a href=\"https:\/\/bazaar.express\/cs\/\">Bazaar Express<\/a>\u00a0\u2013 jsme nad\u0161en\u00ed, \u017ee jste u n\u00e1s!<\/h5>\n<h5 style=\"text-align: center;\">Va\u0161e cesta k lep\u0161\u00ed p\u00e9\u010di o sebe za\u010d\u00edn\u00e1 zde \u2014 s\u00a0<a href=\"https:\/\/bazaar.express\/product-category\/beauty-care\/\">Beauty Care<\/a>, kter\u00e9 si m\u016f\u017eete v\u011b\u0159it.<\/h5>\n","protected":false},"excerpt":{"rendered":"<h3>Luxusn\u00ed hibiskov\u00fd losion 250ml \u2013 Pr\u00e9miov\u00e1 profesion\u00e1ln\u00ed protivr\u00e1skov\u00e1 hydratace s elitn\u00edm extraktem hibisku a botoxov\u00fdmi v\u00fdhodami. Luxusn\u00ed egyptsk\u00e1 p\u00e9\u010de o ple\u0165.<\/h3>\n","protected":false},"featured_media":38604,"comment_status":"open","ping_status":"closed","template":"","meta":[],"product_brand":[],"product_cat":[786,788,789],"product_tag":[790,783,793],"class_list":{"0":"post-45311","1":"product","2":"type-product","3":"status-publish","4":"has-post-thumbnail","6":"product_cat-pece-o-krasu","7":"product_cat-to-nejlepsi-z-egypta","8":"product_cat-horke-nabidky","9":"product_tag-pece-o-krasu","10":"product_tag-pece-o-plet","11":"product_tag-prirodni-olej","13":"first","14":"instock","15":"sale","16":"shipping-taxable","17":"purchasable","18":"product-type-simple"},"_links":{"self":[{"href":"https:\/\/bazaar.express\/cs\/wp-json\/wp\/v2\/product\/45311","targetHints":{"allow":["GET"]}}],"collection":[{"href":"https:\/\/bazaar.express\/cs\/wp-json\/wp\/v2\/product"}],"about":[{"href":"https:\/\/bazaar.express\/cs\/wp-json\/wp\/v2\/types\/product"}],"replies":[{"embeddable":true,"href":"https:\/\/bazaar.express\/cs\/wp-json\/wp\/v2\/comments?post=45311"}],"wp:featuredmedia":[{"embeddable":true,"href":"https:\/\/bazaar.express\/cs\/wp-json\/wp\/v2\/media\/38604"}],"wp:attachment":[{"href":"https:\/\/bazaar.express\/cs\/wp-json\/wp\/v2\/media?parent=45311"}],"wp:term":[{"taxonomy":"product_brand","embeddable":true,"href":"https:\/\/bazaar.express\/cs\/wp-json\/wp\/v2\/product_brand?post=45311"},{"taxonomy":"product_cat","embeddable":true,"href":"https:\/\/bazaar.express\/cs\/wp-json\/wp\/v2\/product_cat?post=45311"},{"taxonomy":"product_tag","embeddable":true,"href":"https:\/\/bazaar.express\/cs\/wp-json\/wp\/v2\/product_tag?post=45311"}],"curies":[{"name":"wp","href":"https:\/\/api.w.org\/{rel}","templated":true}]}}