{"id":45312,"date":"2025-11-12T23:52:44","date_gmt":"2025-11-12T23:52:44","guid":{"rendered":"https:\/\/bazaar.express\/product\/egyptian-magic-collagen-cream\/"},"modified":"2025-11-12T23:52:44","modified_gmt":"2025-11-12T23:52:44","slug":"egyptian-magic-collagen-cream","status":"publish","type":"product","link":"https:\/\/bazaar.express\/cs\/produkt\/egyptian-magic-collagen-cream\/","title":{"rendered":"Luxusn\u00ed kolagenov\u00fd kr\u00e9m Egyptian Magic"},"content":{"rendered":"<h2 id=\"luxury-egyptian-magic-collagen-cream--premium-prof\" class=\"mb-2 mt-4 font-display font-semimedium text-base first:mt-0 md:text-lg [hr+&#038;]:mt-4\">Luxusn\u00ed kolagenov\u00fd kr\u00e9m Egyptian Magic \u2013 Pr\u00e9miov\u00fd profesion\u00e1ln\u00ed anti-aging s elitn\u00edm mo\u0159sk\u00fdm kolagenem<\/h2>\n<h3 class=\"mb-2 mt-4 font-display font-semimedium text-base first:mt-0\">Za\u017eijte elitn\u00ed dokonalost anti-aging s autentickou pr\u00e9miovou Egyptskou magi\u00ed a profesion\u00e1ln\u00ed p\u00e9\u010d\u00ed o kr\u00e1su<\/h3>\n<p class=\"my-2 [&#038;+p]:mt-4 [&#038;_strong:has(+br)]:inline-block [&#038;_strong:has(+br)]:pb-2\">P\u0159ipojte se k vrcholu luxusn\u00ed p\u00e9\u010de proti st\u00e1rnut\u00ed s na\u0161\u00edm exkluzivn\u00edm pr\u00e9miov\u00fdm kolagenov\u00fdm kr\u00e9mem Egyptian Magic, luxusn\u00ed egyptskou esenci kr\u00e1sy vytvo\u0159enou pro n\u00e1ro\u010dn\u00e9 z\u00e1kazn\u00edky. Na\u0161e pe\u010dliv\u011b vyvinut\u00e1 luxusn\u00ed formule spojuje elitn\u00ed mo\u0159sk\u00fd kolagen s rafinovan\u00fdmi egyptsk\u00fdmi tradicemi, aby poskytla v\u00fdsledky profesion\u00e1ln\u00ed \u00farovn\u011b anti-aging, intenzivn\u00ed hydrata\u010dn\u00ed transformaci a viditelnou dokonalost regenerace pleti. N\u00e1\u0161 pe\u010dliv\u011b formulovan\u00fd pr\u00e9miov\u00fd kolagenov\u00fd kr\u00e9m Egyptian Magic v pr\u00e9miov\u00fdch lahvi\u010dk\u00e1ch 50 ml je navr\u017een pro rafinovan\u00e9 anti-aging rutiny s v\u00fdjime\u010dnou \u010distotou, zv\u00fd\u0161en\u00fdmi profesion\u00e1ln\u00edmi v\u00fdsledky a nad\u0159azenou transformac\u00ed kr\u00e1sy.<\/p>\n<h3 class=\"mb-2 mt-4 font-display font-semimedium text-base first:mt-0\">Pro\u010d si vybrat pr\u00e9miov\u00fd luxusn\u00ed kolagenov\u00fd kr\u00e9m Egyptian Magic?<\/h3>\n<p class=\"my-2 [&#038;+p]:mt-4 [&#038;_strong:has(+br)]:inline-block [&#038;_strong:has(+br)]:pb-2\"><strong>Profesion\u00e1ln\u00ed elitn\u00ed technologie mo\u0159sk\u00e9ho kolagenu:<\/strong>\u00a0Na\u0161e pr\u00e9miov\u00e1 formule Egyptian Magic vyu\u017e\u00edv\u00e1 s\u00edlu profesion\u00e1ln\u00edho mo\u0159sk\u00e9ho kolagenu, kter\u00fd hluboce pronik\u00e1 vrstvami pleti, sni\u017euje jemn\u00e9 linky, vr\u00e1sky a v\u0161echny zn\u00e1mky st\u00e1rnut\u00ed. Tento elitn\u00ed mo\u0159sk\u00fd kolagen obnovuje profesion\u00e1ln\u00ed elasticitu a luxusn\u00ed pevnost pleti, p\u0159i\u010dem\u017e poskytuje intenzivn\u00ed profesion\u00e1ln\u00ed v\u00fd\u017eivu a viditeln\u00e9 elitn\u00ed v\u00fdhody anti-aging.<\/p>\n<p class=\"my-2 [&#038;+p]:mt-4 [&#038;_strong:has(+br)]:inline-block [&#038;_strong:has(+br)]:pb-2\"><strong>Profesion\u00e1ln\u00ed kyselina hyaluronov\u00e1 a luxusn\u00ed hydratace:<\/strong> Obohacen\u00e1 o pr\u00e9miovou kyselinu hyaluronovou, na\u0161\u00ed luxusn\u00ed formule zaji\u0161\u0165uje intenzivn\u00ed zadr\u017eov\u00e1n\u00ed vlhkosti a nap\u00edn\u00e1 jemn\u00e9 linky s profesion\u00e1ln\u00ed p\u0159esnost\u00ed. Tento profesion\u00e1ln\u00ed humektant zaji\u0161\u0165uje, \u017ee ple\u0165 z\u016fstane luxusn\u011b hydratovan\u00e1, z\u00e1\u0159iv\u00e1 a v\u00fdjime\u010dn\u011b mladistv\u00e1 po cel\u00fd den i noc.<\/p>\n<p class=\"my-2 [&#038;+p]:mt-4 [&#038;_strong:has(+br)]:inline-block [&#038;_strong:has(+br)]:pb-2\"><strong>Elitn\u00ed profesion\u00e1ln\u00ed \u0159e\u0161en\u00ed pro redukci vr\u00e1sek:<\/strong>\u00a0Na\u0161e pr\u00e9miov\u00e1 formule Egyptian Magic c\u00edl\u00ed na v\u00edce profesion\u00e1ln\u00edch probl\u00e9m\u016f st\u00e1rnut\u00ed, v\u010detn\u011b jemn\u00fdch linek, vr\u00e1sek pod o\u010dima, profesion\u00e1ln\u00edch \u00fasm\u011bvn\u00fdch linek a expresivn\u00edch vr\u00e1sek. Elitn\u00ed komplexn\u00ed p\u0159\u00edstup anti-aging funguje s profesion\u00e1ln\u00ed p\u0159esnost\u00ed, aby sn\u00ed\u017eil vzhled a p\u0159ede\u0161el budouc\u00edm zn\u00e1mk\u00e1m st\u00e1rnut\u00ed.<\/p>\n<p class=\"my-2 [&#038;+p]:mt-4 [&#038;_strong:has(+br)]:inline-block [&#038;_strong:has(+br)]:pb-2\"><strong>Profesion\u00e1ln\u00ed niacinamid a elitn\u00ed ochrana pleti:<\/strong>\u00a0Formulov\u00e1no s pr\u00e9miov\u00fdm niacinamidem a vitam\u00ednem E.A, tento luxusn\u00ed sm\u011bs posiluje funkci bari\u00e9ry pleti, sni\u017euje profesion\u00e1ln\u00ed z\u00e1n\u011bt a podr\u00e1\u017ed\u011bn\u00ed. Tyto elitn\u00ed profesion\u00e1ln\u00ed aktivn\u00ed l\u00e1tky zlep\u0161uj\u00ed zdrav\u00ed luxusn\u00ed pleti a chr\u00e1n\u00ed p\u0159ed environment\u00e1ln\u00edm po\u0161kozen\u00edm.<\/p>\n<p class=\"my-2 [&#038;+p]:mt-4 [&#038;_strong:has(+br)]:inline-block [&#038;_strong:has(+br)]:pb-2\"><strong>Elitn\u00ed profesion\u00e1ln\u00ed v\u00fdsledky kr\u00e1sy:<\/strong>\u00a0N\u00e1\u0161 pr\u00e9miov\u00fd kolagenov\u00fd kr\u00e9m Egyptian Magic poskytuje v\u00fdjime\u010dn\u00e9 profesion\u00e1ln\u00ed v\u00fdhody anti-aging b\u011bhem t\u00fddn\u016f pravideln\u00e9ho pou\u017e\u00edv\u00e1n\u00ed. Z\u00e1kazn\u00edci za\u017e\u00edvaj\u00ed luxusn\u011b hlad\u0161\u00ed texturu, dramaticky sn\u00ed\u017een\u00e9 vr\u00e1sky, zlep\u0161enou profesion\u00e1ln\u00ed pevnost a n\u00e1padn\u011b mladistv\u011bj\u0161\u00ed, z\u00e1\u0159iv\u00fd vzhled pleti.<\/p>\n<h3 class=\"mb-2 mt-4 font-display font-semimedium text-base first:mt-0\">V\u00fdjime\u010dn\u00e9 elitn\u00ed v\u00fdhody anti-aging<\/h3>\n<ul class=\"marker:text-quiet list-disc\">\n<li class=\"py-0 my-0 prose-p:pt-0 prose-p:mb-2 prose-p:my-0 [&#038;>p]:pt-0 [&#038;>p]:mb-2 [&#038;>p]:my-0&#8243;>\n<p class=\"my-2 [&#038;+p]:mt-4 [&#038;_strong:has(+br)]:inline-block [&#038;_strong:has(+br)]:pb-2\">Elitn\u00ed infuze mo\u0159sk\u00e9ho kolagenu profesion\u00e1ln\u00ed \u00farovn\u011b<\/p>\n<\/li>\n<li class=\"py-0 my-0 prose-p:pt-0 prose-p:mb-2 prose-p:my-0 [&#038;>p]:pt-0 [&#038;>p]:mb-2 [&#038;>p]:my-0&#8243;>\n<p class=\"my-2 [&#038;+p]:mt-4 [&#038;_strong:has(+br)]:inline-block [&#038;_strong:has(+br)]:pb-2\">Pr\u00e9miov\u00e1 kyselina hyaluronov\u00e1 pro intenzivn\u00ed luxusn\u00ed hydrataci<\/p>\n<\/li>\n<li class=\"py-0 my-0 prose-p:pt-0 prose-p:mb-2 prose-p:my-0 [&#038;>p]:pt-0 [&#038;>p]:mb-2 [&#038;>p]:my-0&#8243;>\n<p class=\"my-2 [&#038;+p]:mt-4 [&#038;_strong:has(+br)]:inline-block [&#038;_strong:has(+br)]:pb-2\">Profesion\u00e1ln\u011b sni\u017euje jemn\u00e9 linky a vr\u00e1sky<\/p>\n<\/li>\n<li class=\"py-0 my-0 prose-p:pt-0 prose-p:mb-2 prose-p:my-0 [&#038;>p]:pt-0 [&#038;>p]:mb-2 [&#038;>p]:my-0&#8243;>\n<p class=\"my-2 [&#038;+p]:mt-4 [&#038;_strong:has(+br)]:inline-block [&#038;_strong:has(+br)]:pb-2\">C\u00edl\u00ed na z\u00f3nu vr\u00e1sek pod o\u010dima profesion\u00e1ln\u011b<\/p>\n<\/li>\n<li class=\"py-0 my-0 prose-p:pt-0 prose-p:mb-2 prose-p:my-0 [&#038;>p]:pt-0 [&#038;>p]:mb-2 [&#038;>p]:my-0&#8243;>\n<p class=\"my-2 [&#038;+p]:mt-4 [&#038;_strong:has(+br)]:inline-block [&#038;_strong:has(+br)]:pb-2\">Zjem\u0148uje vr\u00e1sky \u00fasm\u011bvn\u00fdch linek s luxusn\u00ed p\u0159esnost\u00ed<\/p>\n<\/li>\n<li class=\"py-0 my-0 prose-p:pt-0 prose-p:mb-2 prose-p:my-0 [&#038;>p]:pt-0 [&#038;>p]:mb-2 [&#038;>p]:my-0&#8243;>\n<p class=\"my-2 [&#038;+p]:mt-4 [&#038;_strong:has(+br)]:inline-block [&#038;_strong:has(+br)]:pb-2\">Zlep\u0161uje profesion\u00e1ln\u00ed pevnost a elasticitu pleti<\/p>\n<\/li>\n<li class=\"py-0 my-0 prose-p:pt-0 prose-p:mb-2 prose-p:my-0 [&#038;>p]:pt-0 [&#038;>p]:mb-2 [&#038;>p]:my-0&#8243;>\n<p class=\"my-2 [&#038;+p]:mt-4 [&#038;_strong:has(+br)]:inline-block [&#038;_strong:has(+br)]:pb-2\">Profesion\u00e1ln\u00ed elitn\u00ed v\u00fdsledky anti-aging<\/p>\n<\/li>\n<li class=\"py-0 my-0 prose-p:pt-0 prose-p:mb-2 prose-p:my-0 [&#038;>p]:pt-0 [&#038;>p]:mb-2 [&#038;>p]:my-0&#8243;>\n<p class=\"my-2 [&#038;+p]:mt-4 [&#038;_strong:has(+br)]:inline-block [&#038;_strong:has(+br)]:pb-2\">Vyrobeno v Egypt\u011b s pr\u00e9miovou autenticitou<\/p>\n<\/li>\n<\/ul>\n<h3 class=\"mb-2 mt-4 font-display font-semimedium text-base first:mt-0\">Co d\u011bl\u00e1 na\u0161i pr\u00e9miovou formuli Egyptian Magic v\u00fdjime\u010dnou?<\/h3>\n<p class=\"my-2 [&#038;+p]:mt-4 [&#038;_strong:has(+br)]:inline-block [&#038;_strong:has(+br)]:pb-2\">N\u00e1\u0161 pr\u00e9miov\u00fd kolagenov\u00fd kr\u00e9m Egyptian Magic p\u0159edstavuje elitn\u00ed v\u011bdu anti-aging kombinovanou s rafinovan\u00fdm egyptsk\u00fdm d\u011bdictv\u00edm kr\u00e1sy. Ka\u017ed\u00e1 lahvi\u010dka 50 ml obsahuje koncentrovan\u00fd elitn\u00ed mo\u0159sk\u00fd kolagen, profesion\u00e1ln\u00ed kyselinu hyaluronovou, pr\u00e9miov\u00fd niacinamid a vitam\u00edn E.A bez drsn\u00fdch chemik\u00e1li\u00ed, co\u017e poskytuje autentick\u00e9 profesion\u00e1ln\u00ed v\u00fdhody anti-aging podlo\u017een\u00e9 elitn\u00edm v\u00fdzkumem p\u00e9\u010de o ple\u0165.<\/p>\n<h3 class=\"mb-2 mt-4 font-display font-semimedium text-base first:mt-0\">Jak aplikovat pr\u00e9miov\u00fd kolagenov\u00fd kr\u00e9m Egyptian Magic<\/h3>\n<p class=\"my-2 [&#038;+p]:mt-4 [&#038;_strong:has(+br)]:inline-block [&#038;_strong:has(+br)]:pb-2\">Aplikujte mno\u017estv\u00ed velikosti hr\u00e1\u0161ku na \u010distou ple\u0165 r\u00e1no a ve\u010der. Jemn\u011b mas\u00edrujte do jemn\u00fdch linek a profesion\u00e1ln\u00edch oblast\u00ed vr\u00e1sek v\u010detn\u011b luxusn\u00ed z\u00f3ny pod o\u010dima a \u00fasm\u011bvn\u00fdch linek. Pokra\u010dujte va\u0161\u00edm obl\u00edben\u00fdm opalovac\u00edm kr\u00e9mem b\u011bhem dne. Pro optim\u00e1ln\u00ed profesion\u00e1ln\u00ed v\u00fdsledky anti-aging pou\u017e\u00edvejte pravideln\u011b 4 a\u017e 8 t\u00fddn\u016f.<\/p>\n<h3 class=\"mb-2 mt-4 font-display font-semimedium text-base first:mt-0\">Pr\u00e9miov\u00e9 luxusn\u00ed skladov\u00e1n\u00ed a v\u00fdsledky<\/h3>\n<p class=\"my-2 [&#038;+p]:mt-4 [&#038;_strong:has(+br)]:inline-block [&#038;_strong:has(+br)]:pb-2\">Skladujte va\u0161i pr\u00e9miovou formuli Egyptian Magic pod 30 stup\u0148\u016f Celsia na chladn\u00e9m, tmav\u00e9m m\u00edst\u011b pro maxim\u00e1ln\u00ed profesion\u00e1ln\u00ed \u00fa\u010dinnost. V\u00fdsledky se zlep\u0161uj\u00ed s pravidelnou denn\u00ed aplikac\u00ed. V\u011bt\u0161ina u\u017eivatel\u016f si v\u0161imne v\u00fdjime\u010dn\u00e9 redukce vr\u00e1sek b\u011bhem 4 t\u00fddn\u016f profesion\u00e1ln\u00edho pou\u017e\u00edv\u00e1n\u00ed, s pokra\u010duj\u00edc\u00edm elitn\u00edm zlep\u0161en\u00edm v pr\u016fb\u011bhu \u010dasu.<\/p>\n<p class=\"my-2 [&#038;+p]:mt-4 [&#038;_strong:has(+br)]:inline-block [&#038;_strong:has(+br)]:pb-2\"><strong>Za\u017eijte dnes elitn\u00ed profesion\u00e1ln\u00ed transformaci anti-aging s na\u0161\u00edm pr\u00e9miov\u00fdm kolagenov\u00fdm kr\u00e9mem Egyptian Magic. Objednejte si nyn\u00ed svou pr\u00e9miovou lahvi\u010dku 50 ml a odhalte svou nejluxusn\u011bj\u0161\u00ed, z\u00e1\u0159ivou mladistvou ple\u0165.<\/strong><\/p>\n<p>&nbsp;<\/p>\n<h5 style=\"text-align: center;\">D\u011bkujeme za n\u00e1kup v <a href=\"https:\/\/bazaar.express\/cs\/\">Bazaar Express<\/a> \u2013 jsme nad\u0161en\u00ed, \u017ee jste s n\u00e1mi!<\/h5>\n<h5 style=\"text-align: center;\">Va\u0161e cesta k lep\u0161\u00ed p\u00e9\u010di o sebe za\u010d\u00edn\u00e1 zde \u2013 s <a href=\"https:\/\/bazaar.express\/cs\/kategorie-produktu\/pece-o-krasu\/\">Beauty Care<\/a>, kter\u00e9 si m\u016f\u017eete v\u011b\u0159it!<\/h5>\n","protected":false},"excerpt":{"rendered":"<h3>Luxusn\u00ed kolagenov\u00fd kr\u00e9m Egyptian Magic 50 ml \u2013 Pr\u00e9miov\u00fd profesion\u00e1ln\u00ed anti-aging s elitn\u00edm mo\u0159sk\u00fdm kolagenem. Profesion\u00e1ln\u00ed l\u00e9\u010dba vr\u00e1sek, luxusn\u00ed egyptsk\u00e1 kr\u00e1sa.<\/h3>\n","protected":false},"featured_media":45315,"comment_status":"open","ping_status":"closed","template":"","meta":[],"product_brand":[],"product_cat":[786,787,789],"product_tag":[781,790,783,793],"class_list":{"0":"post-45312","1":"product","2":"type-product","3":"status-publish","4":"has-post-thumbnail","6":"product_cat-pece-o-krasu","7":"product_cat-terapeuticke-oleje","8":"product_cat-horke-nabidky","9":"product_tag-olej","10":"product_tag-pece-o-krasu","11":"product_tag-pece-o-plet","12":"product_tag-prirodni-olej","14":"first","15":"instock","16":"sale","17":"shipping-taxable","18":"purchasable","19":"product-type-simple"},"_links":{"self":[{"href":"https:\/\/bazaar.express\/cs\/wp-json\/wp\/v2\/product\/45312","targetHints":{"allow":["GET"]}}],"collection":[{"href":"https:\/\/bazaar.express\/cs\/wp-json\/wp\/v2\/product"}],"about":[{"href":"https:\/\/bazaar.express\/cs\/wp-json\/wp\/v2\/types\/product"}],"replies":[{"embeddable":true,"href":"https:\/\/bazaar.express\/cs\/wp-json\/wp\/v2\/comments?post=45312"}],"wp:featuredmedia":[{"embeddable":true,"href":"https:\/\/bazaar.express\/cs\/wp-json\/wp\/v2\/media\/45315"}],"wp:attachment":[{"href":"https:\/\/bazaar.express\/cs\/wp-json\/wp\/v2\/media?parent=45312"}],"wp:term":[{"taxonomy":"product_brand","embeddable":true,"href":"https:\/\/bazaar.express\/cs\/wp-json\/wp\/v2\/product_brand?post=45312"},{"taxonomy":"product_cat","embeddable":true,"href":"https:\/\/bazaar.express\/cs\/wp-json\/wp\/v2\/product_cat?post=45312"},{"taxonomy":"product_tag","embeddable":true,"href":"https:\/\/bazaar.express\/cs\/wp-json\/wp\/v2\/product_tag?post=45312"}],"curies":[{"name":"wp","href":"https:\/\/api.w.org\/{rel}","templated":true}]}}