{"id":36890,"date":"2025-03-10T16:52:04","date_gmt":"2025-03-10T16:52:04","guid":{"rendered":"https:\/\/bazaar.express\/supportrichtlinie\/"},"modified":"2025-12-15T12:03:40","modified_gmt":"2025-12-15T12:03:40","slug":"supportrichtlinie","status":"publish","type":"page","link":"https:\/\/bazaar.express\/de\/supportrichtlinie\/","title":{"rendered":"Supportrichtlinie"},"content":{"rendered":"\n<div id=\"wd-42f375a5\" class=\"wp-block-wd-row\">\n<div id=\"wd-ab37dd53\" class=\"wp-block-wd-column\">\n<div id=\"wd-0d2d2dc8\" class=\"wp-block-wd-container wd-dir-col\">\n<h2 id=\"wd-162f0ce2\" class=\"wp-block-wd-title title\"><strong>Willkommen bei Bazaar Express!<\/strong><\/h2>\n\n\n\n<p id=\"wd-f15ae5d2\" class=\"wp-block-wd-paragraph\">Bei <strong><strong>Bazaar Express<\/strong><\/strong> hat Ihre Zufriedenheit oberste Priorit\u00e4t. Wir setzen uns daf\u00fcr ein, Sie w\u00e4hrend Ihres gesamten Einkaufserlebnisses erstklassig zu unterst\u00fctzen. Unser Ziel ist es, Ihnen ein m\u00f6glichst reibungsloses Erlebnis zu bieten \u2013 mit besonderem Fokus auf Kundenservice und transparenten Preisen.  <\/p>\n<\/div>\n\n\n\n<div id=\"wd-2e8e2c97\" class=\"wp-block-wd-container wd-dir-col\">\n<h2 id=\"wd-17f5a82f\" class=\"wp-block-wd-title title\"><strong>1. Experten-Supportteam:<\/strong><\/h2>\n\n\n\n<p id=\"wd-0d073d25\" class=\"wp-block-wd-paragraph\">Tauchen Sie ein in ein m\u00fcheloses Einkaufserlebnis mit unserem engagierten und freundlichen Supportteam. Unser Team steht jederzeit bereit, um Ihnen zu helfen und sicherzustellen, dass Ihre Fragen und Anliegen schnell beantwortet werden, damit Ihr Erlebnis auf unserer Website so reibungslos wie m\u00f6glich verl\u00e4uft. <\/p>\n<\/div>\n\n\n\n<div id=\"wd-180f8ecf\" class=\"wp-block-wd-container wd-dir-col\">\n<h2 id=\"wd-bb9afc0d\" class=\"wp-block-wd-title title\"><strong><strong>2. Schnelles Antwortsystem:<\/strong><\/strong><\/h2>\n\n\n\n<p id=\"wd-c02a4128\" class=\"wp-block-wd-paragraph\">Ihre Zeit ist wertvoll. Unser Schnellantwortsystem sorgt f\u00fcr eine effiziente L\u00f6sung von Problemen. Wir legen gro\u00dfen Wert darauf, Anliegen z\u00fcgig zu bearbeiten und wissen, wie wichtig eine schnelle Probleml\u00f6sung ist.  <\/p>\n<\/div>\n\n\n\n<div id=\"wd-a5bd29b9\" class=\"wp-block-wd-container wd-dir-col\">\n<h2 id=\"wd-9cb24531\" class=\"wp-block-wd-title title\"><strong><strong><strong>3. Proaktives Beschwerdemanagement:<\/strong><\/strong><\/strong><\/h2>\n\n\n\n<p id=\"wd-dc5a9ca1\" class=\"wp-block-wd-paragraph\">Ihr Feedback ist uns wichtig! Wir nehmen alle Beschwerden ernst und nutzen sie als Chance zur Verbesserung. Unser Ziel ist es, unsere Dienstleistungen kontinuierlich zu optimieren, um Ihnen ein Einkaufserlebnis zu bieten, das Ihre Erwartungen \u00fcbertrifft.  <\/p>\n<\/div>\n\n\n\n<div id=\"wd-68ad0437\" class=\"wp-block-wd-container wd-dir-col\">\n<h2 id=\"wd-5ee3eed5\" class=\"wp-block-wd-title title\"><strong><strong><strong><strong>4. Begleitung auf jedem Schritt des Weges:<\/strong><\/strong><\/strong><\/strong><\/h2>\n\n\n\n<p id=\"wd-e0f0e0c2\" class=\"wp-block-wd-paragraph\">Das Navigieren durch den Kaufprozess, die Zahlungsmethoden und die Lieferung sollte m\u00fchelos sein. Unsere umfassende Unterst\u00fctzung stellt sicher, dass Sie alle Informationen erhalten, die Sie ben\u00f6tigen, um Ihre Einkaufserfahrung bei uns einfach und angenehm zu gestalten. <\/p>\n<\/div>\n\n\n\n<div id=\"wd-effc76e6\" class=\"wp-block-wd-container wd-dir-col\">\n<h2 id=\"wd-76603206\" class=\"wp-block-wd-title title\"><strong><strong><strong><strong><strong>5. Zufriedenheitsgarantie:<\/strong><\/strong><\/strong><\/strong><\/strong><\/h2>\n\n\n\n<p id=\"wd-738c991c\" class=\"wp-block-wd-paragraph\">Ihre Zufriedenheit ist unsere Mission. Sollten Sie Unannehmlichkeiten oder Unzufriedenheit versp\u00fcren \u2013 insbesondere aufgrund von Preis\u00e4nderungen oder produktbezogenen Problemen \u2013 garantieren wir eine schnelle Reaktion, um Ihre Anliegen zu kl\u00e4ren und Ihre Zufriedenheit sicherzustellen. <\/p>\n<\/div>\n\n\n\n<div id=\"wd-294f92c4\" class=\"wp-block-wd-container wd-dir-col\">\n<h2 id=\"wd-2c2e5c72\" class=\"wp-block-wd-title title\"><strong><strong><strong><strong><strong><strong>6. St\u00e4ndige Weiterentwicklung:<\/strong><\/strong><\/strong><\/strong><\/strong><\/strong><\/h2>\n\n\n\n<p id=\"wd-21828384\" class=\"wp-block-wd-paragraph\">Ihr Feedback pr\u00e4gt unsere Weiterentwicklung. Bei <strong>Bazaar Express<\/strong> suchen wir kontinuierlich nach M\u00f6glichkeiten, unsere Dienstleistungen basierend auf Ihren wertvollen Erkenntnissen und Vorschl\u00e4gen zu verbessern. Wir sind darauf verpflichtet, stets einen Schritt voraus zu sein und Ihnen ein noch besseres Erlebnis zu bieten.  <\/p>\n<\/div>\n\n\n\n<div id=\"wd-0e37d2cd\" class=\"wp-block-wd-container wd-dir-col\">\n<h2 id=\"wd-27412674\" class=\"wp-block-wd-title title\"><strong><strong><strong><strong><strong><strong><strong>Kontaktieren Sie uns \u00fcber WhatsApp:<\/strong><\/strong><\/strong><\/strong><\/strong><\/strong><\/strong><\/h2>\n\n\n\n<p id=\"wd-af95dbe8\" class=\"wp-block-wd-paragraph\">F\u00fcr eine schnelle und unkomplizierte Kommunikation erreichen Sie uns \u00fcber <strong>WhatsApp <\/strong>unter<strong> +201143320146.<\/strong> Egal, ob Sie Fragen haben oder Feedback teilen m\u00f6chten \u2013 unsere WhatsApp-Kontaktlinie ist jederzeit f\u00fcr Sie da. <\/p>\n<\/div>\n\n\n\n<div id=\"wd-30d90684\" class=\"wp-block-wd-container wd-dir-col\">\n<h2 id=\"wd-3ab1448a\" class=\"wp-block-wd-title title\"><strong><strong><strong><strong><strong><strong><strong><strong>Transparente Preispolitik:<\/strong><\/strong><\/strong><\/strong><\/strong><\/strong><\/strong><\/strong><\/h2>\n\n\n\n<p id=\"wd-8d3af946\" class=\"wp-block-wd-paragraph\">Bei <strong><strong>Bazaar Express<\/strong><\/strong> informieren wir Sie im Voraus \u00fcber alle \u00c4nderungen der Produktpreise. Unsere transparente Preispolitik ist darauf ausgelegt, eine offene und vertrauensvolle Beziehung zu unseren gesch\u00e4tzten Kundinnen und Kunden aufzubauen. <\/p>\n<\/div>\n\n\n\n<div id=\"wd-a4d77f3c\" class=\"wp-block-wd-container wd-dir-col\">\n<h2 id=\"wd-73607013\" class=\"wp-block-wd-title title\"><strong><strong><strong><strong><strong><strong><strong><strong><strong>Danke, dass Sie sich f\u00fcr <strong>Bazaar Express<\/strong> entschieden haben!<\/strong><\/strong><\/strong><\/strong><\/strong><\/strong><\/strong><\/strong><\/strong><\/h2>\n\n\n\n<p id=\"wd-2437e1a7\" class=\"wp-block-wd-paragraph\">Wir freuen uns darauf, Ihnen einen au\u00dfergew\u00f6hnlichen Service zu bieten. Viel Spa\u00df beim Einkaufen! <\/p>\n<\/div>\n<\/div>\n\n\n\n<div id=\"wd-7f92c65a\" class=\"wp-block-wd-column wd-sticky-on-lg wd-align-s-start\">\n<h2 id=\"wd-01a6efe1\" class=\"wp-block-wd-title title\">Ben\u00f6tigen Sie Hilfe?<\/h2>\n\n\n\n<ul id=\"wd-d5991ee1\" class=\"wp-block-wd-list wd-list wd-type-image wd-style-default\">\n<li id=\"wd-e1629606\" class=\"wp-block-wd-list-item\"><div class=\"wd-icon\"><img loading=\"lazy\" decoding=\"async\" width=\"450\" height=\"450\" src=\"https:\/\/bazaar.express\/wp-content\/uploads\/2025\/07\/free-whatsapp-logo-3d-illustration-download-in-png-blend-fbx-gltf-file-formats-social-media-pack-logos-illustrations-4642760@0.webp\" alt=\"\" class=\"wp-image-34820\" title=\"\" srcset=\"https:\/\/bazaar.express\/wp-content\/uploads\/2025\/07\/free-whatsapp-logo-3d-illustration-download-in-png-blend-fbx-gltf-file-formats-social-media-pack-logos-illustrations-4642760@0.webp 450w, https:\/\/bazaar.express\/wp-content\/uploads\/2025\/07\/free-whatsapp-logo-3d-illustration-download-in-png-blend-fbx-gltf-file-formats-social-media-pack-logos-illustrations-4642760@0-300x300.webp 300w, https:\/\/bazaar.express\/wp-content\/uploads\/2025\/07\/free-whatsapp-logo-3d-illustration-download-in-png-blend-fbx-gltf-file-formats-social-media-pack-logos-illustrations-4642760@0-150x150.webp 150w, https:\/\/bazaar.express\/wp-content\/uploads\/2025\/07\/free-whatsapp-logo-3d-illustration-download-in-png-blend-fbx-gltf-file-formats-social-media-pack-logos-illustrations-4642760@0-430x430.webp 430w\" sizes=\"auto, (max-width: 450px) 100vw, 450px\" \/><\/div><span class=\"wd-list-content\"><a href=\"#https:\/\/wa.me\/+201503555598\" target=\"_blank\" rel=\"noreferrer noopener nofollow\">(+20) 1503555598<\/a><\/span><\/li>\n\n\n\n<li id=\"wd-771a7274\" class=\"wp-block-wd-list-item\"><div class=\"wd-icon\"><img loading=\"lazy\" decoding=\"async\" width=\"1500\" height=\"1500\" src=\"https:\/\/bazaar.express\/wp-content\/uploads\/2025\/07\/Messenger.jpg\" alt=\"\" class=\"wp-image-34852\" title=\"\" srcset=\"https:\/\/bazaar.express\/wp-content\/uploads\/2025\/07\/Messenger.jpg 1500w, https:\/\/bazaar.express\/wp-content\/uploads\/2025\/07\/Messenger-300x300.jpg 300w, https:\/\/bazaar.express\/wp-content\/uploads\/2025\/07\/Messenger-800x800.jpg 800w, https:\/\/bazaar.express\/wp-content\/uploads\/2025\/07\/Messenger-150x150.jpg 150w, https:\/\/bazaar.express\/wp-content\/uploads\/2025\/07\/Messenger-768x768.jpg 768w, https:\/\/bazaar.express\/wp-content\/uploads\/2025\/07\/Messenger-430x430.jpg 430w, https:\/\/bazaar.express\/wp-content\/uploads\/2025\/07\/Messenger-700x700.jpg 700w\" sizes=\"auto, (max-width: 1500px) 100vw, 1500px\" \/><\/div><span class=\"wd-list-content\"><a href=\"https:\/\/m.me\/BazaarExpressOnlineApp\" target=\"_blank\" data-type=\"link\" data-id=\"https:\/\/m.me\/BazaarExpressOnlineApp\" rel=\"noreferrer noopener nofollow\">Messenger<\/a><\/span><\/li>\n\n\n\n<li id=\"wd-4e13e4ae\" class=\"wp-block-wd-list-item\"><div class=\"wd-icon\"><img loading=\"lazy\" decoding=\"async\" width=\"735\" height=\"667\" src=\"https:\/\/bazaar.express\/wp-content\/uploads\/2025\/07\/d7ddf0e936c39db320e15869d30eda95.jpg\" alt=\"\" class=\"wp-image-34823\" title=\"\" srcset=\"https:\/\/bazaar.express\/wp-content\/uploads\/2025\/07\/d7ddf0e936c39db320e15869d30eda95.jpg 735w, https:\/\/bazaar.express\/wp-content\/uploads\/2025\/07\/d7ddf0e936c39db320e15869d30eda95-331x300.jpg 331w, https:\/\/bazaar.express\/wp-content\/uploads\/2025\/07\/d7ddf0e936c39db320e15869d30eda95-430x390.jpg 430w, https:\/\/bazaar.express\/wp-content\/uploads\/2025\/07\/d7ddf0e936c39db320e15869d30eda95-700x635.jpg 700w, https:\/\/bazaar.express\/wp-content\/uploads\/2025\/07\/d7ddf0e936c39db320e15869d30eda95-150x136.jpg 150w\" sizes=\"auto, (max-width: 735px) 100vw, 735px\" \/><\/div><span class=\"wd-list-content\"><a href=\"bazaarexpressapp@gmail.com\" target=\"_blank\" data-type=\"link\" data-id=\"bazaarexpressapp@gmail.com\" rel=\"noreferrer noopener nofollow\">E-mail: bazaarexpressapp@gmail.com<\/a><\/span><\/li>\n<\/ul>\n\n\n\t\t\t<div\n\t\t\t\t\t\tid=\"wd-d2c63a01\"\n\t\t\t\t\t\tclass=\" wd-social-icons wd-style-colored wd-size-default social-follow wd-shape-circle  wd-d2c63a01\">\n\t\t\t\t\n\n<span id=\"wd-617d8ed6\" class=\"wp-block-wd-paragraph wd-label\">Abonnieren Sie uns<\/span>\n\n\n\t\t\t\t\n\t\t\t\t\t\t\t\t\t<a rel=\"noopener noreferrer nofollow\" href=\"https:\/\/www.facebook.com\/share\/19C6P9wb9Y\/\" target=\"_blank\" class=\" wd-social-icon social-facebook\" aria-label=\"Facebook social link\">\n\t\t\t\t\t\t<span class=\"wd-icon\"><\/span>\n\t\t\t\t\t\t\t\t\t\t\t<\/a>\n\t\t\t\t\n\t\t\t\t\n\t\t\t\t\n\t\t\t\t\n\t\t\t\t\t\t\t\t\t<a rel=\"noopener noreferrer nofollow\" href=\"https:\/\/www.instagram.com\/bazaarexpressapp\/?igsh=YzljYTk1ODg3Zg#\" target=\"_blank\" class=\" wd-social-icon social-instagram\" aria-label=\"Instagram social link\">\n\t\t\t\t\t\t<span class=\"wd-icon\"><\/span>\n\t\t\t\t\t\t\t\t\t\t\t<\/a>\n\t\t\t\t\n\t\t\t\t\n\t\t\t\t\n\t\t\t\t\n\t\t\t\t\n\t\t\t\t\n\t\t\t\t\n\t\t\t\t\n\t\t\t\t\n\t\t\t\t\n\t\t\t\t\n\t\t\t\t\n\t\t\t\t\n\t\t\t\t\n\t\t\t\t\n\t\t\t\t\n\t\t\t\t\n\t\t\t\t\n\t\t\t\t\n\t\t\t\t\n\t\t\t\t\n\t\t\t\t\n\t\t\t<\/div>\n\n\t\t<\/div>\n<\/div>\n","protected":false},"excerpt":{"rendered":"","protected":false},"author":23,"featured_media":0,"parent":0,"menu_order":0,"comment_status":"closed","ping_status":"closed","template":"","meta":{"footnotes":""},"class_list":["post-36890","page","type-page","status-publish","hentry"],"_links":{"self":[{"href":"https:\/\/bazaar.express\/de\/wp-json\/wp\/v2\/pages\/36890","targetHints":{"allow":["GET"]}}],"collection":[{"href":"https:\/\/bazaar.express\/de\/wp-json\/wp\/v2\/pages"}],"about":[{"href":"https:\/\/bazaar.express\/de\/wp-json\/wp\/v2\/types\/page"}],"author":[{"embeddable":true,"href":"https:\/\/bazaar.express\/de\/wp-json\/wp\/v2\/users\/23"}],"replies":[{"embeddable":true,"href":"https:\/\/bazaar.express\/de\/wp-json\/wp\/v2\/comments?post=36890"}],"version-history":[{"count":3,"href":"https:\/\/bazaar.express\/de\/wp-json\/wp\/v2\/pages\/36890\/revisions"}],"predecessor-version":[{"id":38296,"href":"https:\/\/bazaar.express\/de\/wp-json\/wp\/v2\/pages\/36890\/revisions\/38296"}],"wp:attachment":[{"href":"https:\/\/bazaar.express\/de\/wp-json\/wp\/v2\/media?parent=36890"}],"curies":[{"name":"wp","href":"https:\/\/api.w.org\/{rel}","templated":true}]}}