{"id":37001,"date":"2025-08-18T23:28:47","date_gmt":"2025-08-18T23:28:47","guid":{"rendered":"https:\/\/bazaar.express\/product\/anti-falten-creme\/"},"modified":"2025-08-18T23:28:47","modified_gmt":"2025-08-18T23:28:47","slug":"anti-falten-creme","status":"publish","type":"product","link":"https:\/\/bazaar.express\/de\/produkt\/anti-falten-creme\/","title":{"rendered":"Anti-Falten-Creme"},"content":{"rendered":"<h2 data-start=\"182\" data-end=\"239\">Anti-Falten-Creme \u2013 R&#038;B Cleopatra 24K Gold Hautpflege<\/h2>\n<h3 data-start=\"241\" data-end=\"290\">Einf\u00fchrung in die 24K-Gold-Anti-Falten-Creme<\/h3>\n<p data-start=\"291\" data-end=\"610\"><strong data-start=\"291\" data-end=\"336\">R&#038;B Cleopatra 24K Gold Anti-Falten-Creme<\/strong> ist eine hochwertige \u00e4gyptische Hautpflege-Innovation, die gegen sichtbare Alterserscheinungen wirkt. Angereichert mit <strong data-start=\"440\" data-end=\"511\">24K Gold, Meereskollagen, Hyalurons\u00e4ure und pflegenden Vitaminen<\/strong>, hilft diese luxuri\u00f6se Formel, Falten zu reduzieren, feine Linien zu gl\u00e4tten und jugendlichen Glanz wiederherzustellen.<\/p>\n<p data-start=\"612\" data-end=\"842\">In \u00c4gypten hergestellt mit sorgf\u00e4ltig ausgew\u00e4hlten nat\u00fcrlichen Inhaltsstoffen, ist diese <strong data-start=\"676\" data-end=\"698\">Anti-Falten-Creme<\/strong> mehr als nur eine Feuchtigkeitscreme \u2013 sie ist eine umfassende Hauterneuerungskur, die Ihre Haut hydratisiert, strafft und f\u00fcr langanhaltende Sch\u00f6nheit sch\u00fctzt.<\/p>\n<h3 data-start=\"849\" data-end=\"896\">Warum eine 24K-Gold-Anti-Falten-Creme w\u00e4hlen?<\/h3>\n<p data-start=\"897\" data-end=\"1047\">Gold wird seit der Antike als Symbol f\u00fcr Sch\u00f6nheit und Erneuerung gesch\u00e4tzt. In der modernen Hautpflege wird <strong data-start=\"996\" data-end=\"1008\">24K Gold<\/strong> f\u00fcr seine F\u00e4higkeit hoch gesch\u00e4tzt:<\/p>\n<ul data-start=\"1048\" data-end=\"1250\">\n<li data-start=\"1048\" data-end=\"1102\">\n<p data-start=\"1050\" data-end=\"1102\">Hautzellen anzuregen und die Kollagenproduktion anzukurbeln<\/p>\n<\/li>\n<li data-start=\"1103\" data-end=\"1151\">\n<p data-start=\"1105\" data-end=\"1151\">Die Blutzirkulation zu verbessern f\u00fcr einen nat\u00fcrlichen Glanz<\/p>\n<\/li>\n<li data-start=\"1152\" data-end=\"1199\">\n<p data-start=\"1154\" data-end=\"1199\">Tristheit zu reduzieren und den Teint aufzuhellen<\/p>\n<\/li>\n<li data-start=\"1200\" data-end=\"1250\">\n<p data-start=\"1202\" data-end=\"1250\">Freie Radikale zu bek\u00e4mpfen, die die Hautalterung beschleunigen<\/p>\n<\/li>\n<\/ul>\n<p data-start=\"1252\" data-end=\"1413\">In Kombination mit <strong data-start=\"1271\" data-end=\"1303\">Kollagen und Hyalurons\u00e4ure<\/strong> liefert Gold sichtbare Anti-Aging-Ergebnisse und l\u00e4sst die Haut straffer, glatter und jugendlicher wirken.<\/p>\n<h3 data-start=\"1420\" data-end=\"1474\">Wichtige Vorteile der R&#038;B Cleopatra Anti-Falten-Creme<\/h3>\n<p data-start=\"1475\" data-end=\"1538\">Regelm\u00e4\u00dfige Anwendung dieser luxuri\u00f6sen Creme kann Ihre Haut ver\u00e4ndern:<\/p>\n<ul data-start=\"1540\" data-end=\"2001\">\n<li data-start=\"1540\" data-end=\"1621\">\n<p data-start=\"1542\" data-end=\"1621\">\u2705 <strong data-start=\"1544\" data-end=\"1577\">Reduziert Falten &#038; feine Linien<\/strong> \u2013 Gl\u00e4ttet sichtbare Alterserscheinungen<\/p>\n<\/li>\n<li data-start=\"1622\" data-end=\"1693\">\n<p data-start=\"1624\" data-end=\"1693\">\u2705 <strong data-start=\"1626\" data-end=\"1652\">Verz\u00f6gert vorzeitige Alterung<\/strong> \u2013 Sch\u00fctzt vor Sch\u00e4den durch freie Radikale<\/p>\n<\/li>\n<li data-start=\"1694\" data-end=\"1769\">\n<p data-start=\"1696\" data-end=\"1769\">\u2705 <strong data-start=\"1698\" data-end=\"1727\">Strafft &#038; festigt die Haut<\/strong> \u2013 Verbessert die Elastizit\u00e4t f\u00fcr einen gelifteten Look<\/p>\n<\/li>\n<li data-start=\"1770\" data-end=\"1845\">\n<p data-start=\"1772\" data-end=\"1845\">\u2705 <strong data-start=\"1774\" data-end=\"1805\">Hell und ebenm\u00e4\u00dfiger Hautton<\/strong> \u2013 Reduziert dunkle Flecken und Pigmentierung<\/p>\n<\/li>\n<li data-start=\"1846\" data-end=\"1920\">\n<p data-start=\"1848\" data-end=\"1920\">\u2705 <strong data-start=\"1850\" data-end=\"1869\">Tief hydratisiert<\/strong> \u2013 Bietet langanhaltende Weichheit und Pflege<\/p>\n<\/li>\n<li data-start=\"1921\" data-end=\"2001\">\n<p data-start=\"1923\" data-end=\"2001\">\u2705 <strong data-start=\"1925\" data-end=\"1955\">Revitalisiert den Augenbereich<\/strong> \u2013 Hilft, dunkle Ringe und Schwellungen zu minimieren<\/p>\n<\/li>\n<\/ul>\n<h3 data-start=\"2008\" data-end=\"2048\">Held-Inhaltsstoffe f\u00fcr jugendliche Haut<\/h3>\n<p data-start=\"2049\" data-end=\"2160\">Die Wirksamkeit der <strong data-start=\"2070\" data-end=\"2115\">R&#038;B Cleopatra 24K Gold Anti-Falten-Creme<\/strong> beruht auf ihren sorgf\u00e4ltig abgestimmten Wirkstoffen:<\/p>\n<ul data-start=\"2162\" data-end=\"2610\">\n<li data-start=\"2162\" data-end=\"2213\">\n<p data-start=\"2164\" data-end=\"2213\"><strong data-start=\"2164\" data-end=\"2176\">24K Gold<\/strong> \u2013 F\u00f6rdert Zellerneuerung und Strahlkraft<\/p>\n<\/li>\n<li data-start=\"2214\" data-end=\"2265\">\n<p data-start=\"2216\" data-end=\"2265\"><strong data-start=\"2216\" data-end=\"2228\">Kollagen<\/strong> \u2013 Verbessert Festigkeit und Elastizit\u00e4t<\/p>\n<\/li>\n<li data-start=\"2266\" data-end=\"2329\">\n<p data-start=\"2268\" data-end=\"2329\"><strong data-start=\"2268\" data-end=\"2287\">Hyalurons\u00e4ure<\/strong> \u2013 Bietet tiefe Hydration und Volumen<\/p>\n<\/li>\n<li data-start=\"2330\" data-end=\"2387\">\n<p data-start=\"2332\" data-end=\"2387\"><strong data-start=\"2332\" data-end=\"2352\">S\u00fc\u00dfes Mandeln\u00f6l<\/strong> \u2013 Pflegt und macht die Haut weich<\/p>\n<\/li>\n<li data-start=\"2388\" data-end=\"2462\">\n<p data-start=\"2390\" data-end=\"2462\"><strong data-start=\"2390\" data-end=\"2424\">Vitamin E (Tocopherylacetat)<\/strong> \u2013 Sch\u00fctzt vor oxidativem Stress<\/p>\n<\/li>\n<li data-start=\"2463\" data-end=\"2529\">\n<p data-start=\"2465\" data-end=\"2529\"><strong data-start=\"2465\" data-end=\"2494\">Vitamin C (Ascorbins\u00e4ure)<\/strong> \u2013 Hell und repariert die Haut<\/p>\n<\/li>\n<li data-start=\"2530\" data-end=\"2610\">\n<p data-start=\"2532\" data-end=\"2610\"><strong data-start=\"2532\" data-end=\"2565\">Glycerin &#038; nat\u00fcrliche Emollienten<\/strong> \u2013 Erhalten Gl\u00e4tte und Feuchtigkeitsbalance<\/p>\n<\/li>\n<\/ul>\n<h3 data-start=\"2617\" data-end=\"2652\">So verwenden Sie die Anti-Falten-Creme<\/h3>\n<ol data-start=\"2653\" data-end=\"2885\">\n<li data-start=\"2653\" data-end=\"2706\">\n<p data-start=\"2656\" data-end=\"2706\">Reinigen Sie Ihr Gesicht mit Wasser und tupfen Sie es sanft trocken.<\/p>\n<\/li>\n<li data-start=\"2707\" data-end=\"2763\">\n<p data-start=\"2710\" data-end=\"2763\">Tragen Sie eine kleine Menge Creme auf Gesicht und Hals auf.<\/p>\n<\/li>\n<li data-start=\"2764\" data-end=\"2826\">\n<p data-start=\"2767\" data-end=\"2826\">Massieren Sie in kreisenden, aufw\u00e4rts gerichteten Bewegungen, bis sie vollst\u00e4ndig eingezogen ist.<\/p>\n<\/li>\n<li data-start=\"2827\" data-end=\"2885\">\n<p data-start=\"2830\" data-end=\"2885\">Verwenden Sie sie zweimal t\u00e4glich \u2013 morgens und abends \u2013 f\u00fcr beste Ergebnisse.<\/p>\n<\/li>\n<\/ol>\n<h3 data-start=\"2892\" data-end=\"2927\">Lagerung &#038; Sicherheitsanweisungen<\/h3>\n<ul data-start=\"2928\" data-end=\"3068\">\n<li data-start=\"2928\" data-end=\"2971\">\n<p data-start=\"2930\" data-end=\"2971\">Bei Raumtemperatur lagern (unter 30\u00b0C).<\/p>\n<\/li>\n<li data-start=\"2972\" data-end=\"2998\">\n<p data-start=\"2974\" data-end=\"2998\">Nur \u00e4u\u00dferlich anwenden.<\/p>\n<\/li>\n<li data-start=\"2999\" data-end=\"3034\">\n<p data-start=\"3001\" data-end=\"3034\">Direkten Kontakt mit den Augen vermeiden.<\/p>\n<\/li>\n<li data-start=\"3035\" data-end=\"3068\">\n<p data-start=\"3037\" data-end=\"3068\">Au\u00dfer Reichweite von Kindern aufbewahren.<\/p>\n<\/li>\n<\/ul>\n<h3 data-start=\"3075\" data-end=\"3100\">Produktinformationen<\/h3>\n<ul data-start=\"3101\" data-end=\"3300\">\n<li data-start=\"3101\" data-end=\"3164\">\n<p data-start=\"3103\" data-end=\"3164\"><strong data-start=\"3103\" data-end=\"3120\">Produktname:<\/strong> R&#038;B Cleopatra 24K Gold Anti-Falten-Creme<\/p>\n<\/li>\n<li data-start=\"3165\" data-end=\"3193\">\n<p data-start=\"3167\" data-end=\"3193\"><strong data-start=\"3167\" data-end=\"3177\">Marke:<\/strong> R&#038;B Cleopatra<\/p>\n<\/li>\n<li data-start=\"3194\" data-end=\"3249\">\n<p data-start=\"3196\" data-end=\"3249\"><strong data-start=\"3196\" data-end=\"3209\">Kategorie:<\/strong> Anti-Falten- &#038; Hautstraffungskosmetik<\/p>\n<\/li>\n<li data-start=\"3250\" data-end=\"3270\">\n<p data-start=\"3252\" data-end=\"3270\"><strong data-start=\"3252\" data-end=\"3263\">Gewicht:<\/strong> 250g<\/p>\n<\/li>\n<li data-start=\"3271\" data-end=\"3300\">\n<p data-start=\"3273\" data-end=\"3300\"><strong data-start=\"3273\" data-end=\"3284\">Herkunft:<\/strong> Hergestellt in \u00c4gypten<\/p>\n<\/li>\n<\/ul>\n<p data-start=\"3324\" data-end=\"3635\">Entdecken Sie das Geheimnis zeitloser Sch\u00f6nheit mit der <strong data-start=\"3368\" data-end=\"3413\">R&#038;B Cleopatra 24K Gold Anti-Falten-Creme<\/strong>. Mit ihrer einzigartigen Mischung aus Gold, Kollagen und nat\u00fcrlichen Wirkstoffen bek\u00e4mpft diese luxuri\u00f6se Creme Falten, strafft die Haut und stellt Ihren nat\u00fcrlichen Glanz wieder her. Ideal f\u00fcr den t\u00e4glichen Gebrauch, ist sie Ihre ultimative Anti-Aging-L\u00f6sung.<\/p>\n<p style=\"text-align: center;\">Vielen Dank, dass Sie bei <a href=\"https:\/\/bazaar.express\/de\/\">Bazaar Express<\/a> einkaufen \u2013 wir freuen uns, Sie dabei zu haben!<\/p>\n<p style=\"text-align: center;\">Ihre Reise zu besserer Selbstpflege beginnt hier \u2013 mit vertrauensw\u00fcrdiger <a href=\"https:\/\/bazaar.express\/product-category\/beauty-care\/\">Sch\u00f6nheit &#038; Pflege<\/a>.<\/p>\n","protected":false},"excerpt":{"rendered":"<h3 data-start=\"390\" data-end=\"611\">Die R&#038;B Cleopatra 24K Gold Anti-Falten-Creme ist eine hochwertige \u00e4gyptische Hautpflegel\u00f6sung, angereichert mit 24K Gold, Meereskollagen und Hyalurons\u00e4ure. Sie hydratisiert tief, strafft und reduziert Falten f\u00fcr strahlende, jugendliche Haut.<\/h3>\n","protected":false},"featured_media":37002,"comment_status":"open","ping_status":"closed","template":"","meta":[],"product_brand":[],"product_cat":[962,969,971],"product_tag":[980,979,981,977],"class_list":{"0":"post-37001","1":"product","2":"type-product","3":"status-publish","4":"has-post-thumbnail","6":"product_cat-beauty-pflege","7":"product_cat-beste-aus-agypten","8":"product_cat-top-angebote","9":"product_tag-beauty-pflege","10":"product_tag-hautpflege","11":"product_tag-kamelmilch","12":"product_tag-ol","14":"first","15":"instock","16":"sale","17":"shipping-taxable","18":"purchasable","19":"product-type-simple"},"_links":{"self":[{"href":"https:\/\/bazaar.express\/de\/wp-json\/wp\/v2\/product\/37001","targetHints":{"allow":["GET"]}}],"collection":[{"href":"https:\/\/bazaar.express\/de\/wp-json\/wp\/v2\/product"}],"about":[{"href":"https:\/\/bazaar.express\/de\/wp-json\/wp\/v2\/types\/product"}],"replies":[{"embeddable":true,"href":"https:\/\/bazaar.express\/de\/wp-json\/wp\/v2\/comments?post=37001"}],"wp:featuredmedia":[{"embeddable":true,"href":"https:\/\/bazaar.express\/de\/wp-json\/wp\/v2\/media\/37002"}],"wp:attachment":[{"href":"https:\/\/bazaar.express\/de\/wp-json\/wp\/v2\/media?parent=37001"}],"wp:term":[{"taxonomy":"product_brand","embeddable":true,"href":"https:\/\/bazaar.express\/de\/wp-json\/wp\/v2\/product_brand?post=37001"},{"taxonomy":"product_cat","embeddable":true,"href":"https:\/\/bazaar.express\/de\/wp-json\/wp\/v2\/product_cat?post=37001"},{"taxonomy":"product_tag","embeddable":true,"href":"https:\/\/bazaar.express\/de\/wp-json\/wp\/v2\/product_tag?post=37001"}],"curies":[{"name":"wp","href":"https:\/\/api.w.org\/{rel}","templated":true}]}}