{"id":37008,"date":"2025-08-16T12:52:42","date_gmt":"2025-08-16T12:52:42","guid":{"rendered":"https:\/\/bazaar.express\/product\/arganoel-creme\/"},"modified":"2025-08-16T12:52:42","modified_gmt":"2025-08-16T12:52:42","slug":"arganoel-creme","status":"publish","type":"product","link":"https:\/\/bazaar.express\/de\/produkt\/arganoel-creme\/","title":{"rendered":"Argan\u00f6l Creme"},"content":{"rendered":"<h2 data-start=\"157\" data-end=\"222\">Argan\u00f6l Creme \u2013 Die nat\u00fcrliche L\u00f6sung f\u00fcr strahlende und gesunde Haut<\/h2>\n<h3 data-start=\"224\" data-end=\"254\">Was ist Argan\u00f6l Creme?<\/h3>\n<p data-start=\"255\" data-end=\"600\">Die Argan\u00f6l Creme ist ein luxuri\u00f6ses Pflegeprodukt, das mit der nat\u00fcrlichen Kraft von reinem Argan\u00f6l angereichert ist, auch als \u201efl\u00fcssiges Gold\u201c bekannt. Diese Creme ist sorgf\u00e4ltig entwickelt, um die Haut zu sch\u00fctzen, zu feuchtigen und zu erneuern, w\u00e4hrend sie verschiedene Hautprobleme angeht. Mit ihrer leichten Textur und n\u00e4hrstoffreichen Formel eignet sie sich f\u00fcr den t\u00e4glichen Gebrauch auf allen Hauttypen.<\/p>\n<h3 data-start=\"602\" data-end=\"639\">Die wichtigsten Vorteile der Argan\u00f6l Creme<\/h3>\n<p data-start=\"640\" data-end=\"715\">Unsere <strong data-start=\"644\" data-end=\"663\">Argan\u00f6l Creme<\/strong> bietet eine breite Palette nat\u00fcrlicher Vorteile f\u00fcr die Hautpflege:<\/p>\n<ul data-start=\"716\" data-end=\"1326\">\n<li data-start=\"716\" data-end=\"818\">\n<p data-start=\"718\" data-end=\"818\"><strong data-start=\"721\" data-end=\"749\">Sch\u00fctzt vor Sonnensch\u00e4den<\/strong> \u2013 Reich an Antioxidantien, die Ihre Haut vor sch\u00e4dlichen UV-Strahlen bewahren.<\/p>\n<\/li>\n<li data-start=\"819\" data-end=\"902\">\n<p data-start=\"821\" data-end=\"902\"><strong data-start=\"824\" data-end=\"851\">Feuchtigt die Haut intensiv<\/strong> \u2013 Spendet langanhaltende Feuchtigkeit ohne Fettigkeit.<\/p>\n<\/li>\n<li data-start=\"903\" data-end=\"984\">\n<p data-start=\"905\" data-end=\"984\"><strong data-start=\"908\" data-end=\"934\">Behandelt Hautprobleme<\/strong> \u2013 Lindert Ekzeme, Trockenheit und Reizungen.<\/p>\n<\/li>\n<li data-start=\"985\" data-end=\"1069\">\n<p data-start=\"987\" data-end=\"1069\"><strong data-start=\"990\" data-end=\"1005\">Bek\u00e4mpft Akne<\/strong> \u2013 Reduziert Entz\u00fcndungen nat\u00fcrlich und balanciert fettige Haut.<\/p>\n<\/li>\n<li data-start=\"1070\" data-end=\"1159\">\n<p data-start=\"1072\" data-end=\"1159\"><strong data-start=\"1075\" data-end=\"1109\">Heilt Hautinfektionen und Wunden<\/strong> \u2013 F\u00f6rdert schnellere Hautreparatur und Regeneration.<\/p>\n<\/li>\n<li data-start=\"1160\" data-end=\"1242\">\n<p data-start=\"1162\" data-end=\"1242\"><strong data-start=\"1165\" data-end=\"1194\">Lindert atopische Dermatitis<\/strong> \u2013 Beruhigt R\u00f6tungen, Juckreiz und Empfindlichkeit.<\/p>\n<\/li>\n<li data-start=\"1243\" data-end=\"1326\">\n<p data-start=\"1245\" data-end=\"1326\"><strong data-start=\"1247\" data-end=\"1269\">Anti-Aging-Wirkung<\/strong> \u2013 Minimiert feine Linien und stellt jugendliche Elastizit\u00e4t wieder her.<\/p>\n<\/li>\n<\/ul>\n<h3 data-start=\"1328\" data-end=\"1379\">Nat\u00fcrliche Inhaltsstoffe f\u00fcr maximale Wirksamkeit<\/h3>\n<p data-start=\"1380\" data-end=\"1554\">Unsere Creme verbindet <strong data-start=\"1399\" data-end=\"1441\">Argan\u00f6l, Schwarzk\u00fcmmel\u00f6l und Bienenwachs<\/strong> zu einer einzigartigen Formel, die die Haut n\u00e4hrt, sch\u00fctzt und repariert. Jeder Inhaltsstoff spielt eine entscheidende Rolle:<\/p>\n<ul data-start=\"1555\" data-end=\"1789\">\n<li data-start=\"1555\" data-end=\"1628\">\n<p data-start=\"1557\" data-end=\"1628\"><strong data-start=\"1557\" data-end=\"1570\">Argan\u00f6l<\/strong> \u2013 Reich an Vitamin E, Fetts\u00e4uren und Antioxidantien.<\/p>\n<\/li>\n<li data-start=\"1629\" data-end=\"1709\">\n<p data-start=\"1631\" data-end=\"1709\"><strong data-start=\"1631\" data-end=\"1649\">Schwarzk\u00fcmmel\u00f6l<\/strong> \u2013 Bekannt f\u00fcr seine heilenden und entz\u00fcndungshemmenden Eigenschaften.<\/p>\n<\/li>\n<li data-start=\"1710\" data-end=\"1789\">\n<p data-start=\"1712\" data-end=\"1789\"><strong data-start=\"1712\" data-end=\"1723\">Bienenwachs<\/strong> \u2013 Verschlie\u00dft Feuchtigkeit und bildet eine nat\u00fcrliche Schutzbarriere.<\/p>\n<\/li>\n<\/ul>\n<h3 data-start=\"1791\" data-end=\"1823\">So verwenden Sie die Argan\u00f6l Creme<\/h3>\n<ol data-start=\"1824\" data-end=\"2062\">\n<li data-start=\"1824\" data-end=\"1873\">\n<p data-start=\"1827\" data-end=\"1873\">Reinigen Sie Ihre Haut sanft vor der Anwendung.<\/p>\n<\/li>\n<li data-start=\"1874\" data-end=\"1937\">\n<p data-start=\"1877\" data-end=\"1937\">Tragen Sie eine kleine Menge Creme auf Gesicht, Hals oder K\u00f6rper auf.<\/p>\n<\/li>\n<li data-start=\"1938\" data-end=\"1992\">\n<p data-start=\"1941\" data-end=\"1992\">Massieren Sie sie in kreisenden Bewegungen ein, bis sie vollst\u00e4ndig eingezogen ist.<\/p>\n<\/li>\n<li data-start=\"1993\" data-end=\"2062\">\n<p data-start=\"1996\" data-end=\"2062\">Verwenden Sie sie t\u00e4glich \u2013 morgens vor dem Make-up oder abends f\u00fcr intensive Feuchtigkeit.<\/p>\n<\/li>\n<\/ol>\n<h3 data-start=\"2064\" data-end=\"2101\">Warum unsere Argan\u00f6l Creme w\u00e4hlen?<\/h3>\n<p data-start=\"2102\" data-end=\"2354\">Von <strong data-start=\"2113\" data-end=\"2132\">Halla Cleopatra<\/strong> hergestellt, ist diese Creme von nat\u00fcrlichen \u00e4gyptischen Sch\u00f6nheitsritualen inspiriert. Ihre seidenweiche Textur und nat\u00fcrlicher Duft machen die t\u00e4gliche Anwendung zu einem Genuss. Ideal f\u00fcr alle, die nat\u00fcrliche, strahlende und jugendliche Haut anstreben.<\/p>\n<h3 data-start=\"2356\" data-end=\"2377\">Produktdetails<\/h3>\n<ul data-start=\"2378\" data-end=\"2542\">\n<li data-start=\"2378\" data-end=\"2408\">\n<p data-start=\"2380\" data-end=\"2408\"><strong data-start=\"2380\" data-end=\"2390\">Marke:<\/strong> Halla Cleopatra<\/p>\n<\/li>\n<li data-start=\"2409\" data-end=\"2427\">\n<p data-start=\"2411\" data-end=\"2427\"><strong data-start=\"2411\" data-end=\"2420\">Gr\u00f6\u00dfe:<\/strong> 250g<\/p>\n<\/li>\n<li data-start=\"2428\" data-end=\"2465\">\n<p data-start=\"2430\" data-end=\"2465\"><strong data-start=\"2430\" data-end=\"2441\">Herkunft:<\/strong> Mit Stolz in \u00c4gypten hergestellt<\/p>\n<\/li>\n<li data-start=\"2466\" data-end=\"2512\">\n<p data-start=\"2468\" data-end=\"2512\"><strong data-start=\"2468\" data-end=\"2481\">Kategorie:<\/strong> Nat\u00fcrliche Hautpflege &#038; Kosmetik<\/p>\n<\/li>\n<li data-start=\"2513\" data-end=\"2542\">\n<p data-start=\"2515\" data-end=\"2542\"><strong data-start=\"2515\" data-end=\"2540\">Nur f\u00fcr \u00e4u\u00dfere Anwendung<\/strong><\/p>\n<\/li>\n<\/ul>\n<h3 data-start=\"2544\" data-end=\"2594\">Abschlie\u00dfende Worte \u2013 Erleben Sie die Kraft der Natur<\/h3>\n<p data-start=\"2595\" data-end=\"2850\">Unsere <strong data-start=\"2599\" data-end=\"2618\">Argan\u00f6l Creme<\/strong> ist mehr als nur Hautpflege; sie ist ein nat\u00fcrliches Sch\u00f6nheitsgeheimnis, das \u00fcber Generationen weitergegeben wird. Ob Sie Trockenheit bek\u00e4mpfen, Alterungserscheinungen mildern oder einfach Ihre Haut weich und strahlend halten m\u00f6chten \u2013 diese Creme ist Ihr idealer t\u00e4glicher Begleiter.<\/p>\n<p data-start=\"2852\" data-end=\"2944\">\u00a0Integrieren Sie sie noch heute in Ihre Routine und lassen Sie Ihre Haut mit der nat\u00fcrlichen Magie des Argan\u00f6ls erstrahlen!<\/p>\n<p style=\"text-align: center;\">Vielen Dank, dass Sie bei <a href=\"https:\/\/bazaar.express\/de\/\">Bazaar Express<\/a> einkaufen \u2013 wir freuen uns, Sie bei uns zu haben!<\/p>\n<p style=\"text-align: center;\">Ihre Reise zu besserer Selbstpflege beginnt hier \u2013 mit vertrauensw\u00fcrdiger <a href=\"https:\/\/bazaar.express\/product-category\/beauty-care\/\">Beauty &#038; Care<\/a>.<\/p>\n","protected":false},"excerpt":{"rendered":"<h3 data-start=\"375\" data-end=\"530\">Eine n\u00e4hrende <strong data-start=\"388\" data-end=\"407\">Argan\u00f6l Creme<\/strong> mit Schwarzk\u00fcmmel\u00f6l und Bienenwachs. Spendet intensive Feuchtigkeit, bek\u00e4mpft Alterung, lindert Reizungen und l\u00e4sst die Haut strahlen.<\/h3>\n","protected":false},"featured_media":37009,"comment_status":"open","ping_status":"closed","template":"","meta":[],"product_brand":[],"product_cat":[962,969,963],"product_tag":[980,979,981,988,977],"class_list":{"0":"post-37008","1":"product","2":"type-product","3":"status-publish","4":"has-post-thumbnail","6":"product_cat-beauty-pflege","7":"product_cat-beste-aus-agypten","8":"product_cat-therapeutische-ole","9":"product_tag-beauty-pflege","10":"product_tag-hautpflege","11":"product_tag-kamelmilch","12":"product_tag-massage","13":"product_tag-ol","15":"first","16":"instock","17":"sale","18":"shipping-taxable","19":"purchasable","20":"product-type-simple"},"_links":{"self":[{"href":"https:\/\/bazaar.express\/de\/wp-json\/wp\/v2\/product\/37008","targetHints":{"allow":["GET"]}}],"collection":[{"href":"https:\/\/bazaar.express\/de\/wp-json\/wp\/v2\/product"}],"about":[{"href":"https:\/\/bazaar.express\/de\/wp-json\/wp\/v2\/types\/product"}],"replies":[{"embeddable":true,"href":"https:\/\/bazaar.express\/de\/wp-json\/wp\/v2\/comments?post=37008"}],"wp:featuredmedia":[{"embeddable":true,"href":"https:\/\/bazaar.express\/de\/wp-json\/wp\/v2\/media\/37009"}],"wp:attachment":[{"href":"https:\/\/bazaar.express\/de\/wp-json\/wp\/v2\/media?parent=37008"}],"wp:term":[{"taxonomy":"product_brand","embeddable":true,"href":"https:\/\/bazaar.express\/de\/wp-json\/wp\/v2\/product_brand?post=37008"},{"taxonomy":"product_cat","embeddable":true,"href":"https:\/\/bazaar.express\/de\/wp-json\/wp\/v2\/product_cat?post=37008"},{"taxonomy":"product_tag","embeddable":true,"href":"https:\/\/bazaar.express\/de\/wp-json\/wp\/v2\/product_tag?post=37008"}],"curies":[{"name":"wp","href":"https:\/\/api.w.org\/{rel}","templated":true}]}}