{"id":37011,"date":"2025-09-22T00:20:32","date_gmt":"2025-09-22T00:20:32","guid":{"rendered":"https:\/\/bazaar.express\/product\/exklusives-chanel-platinum-parfuemoel\/"},"modified":"2025-09-22T00:20:32","modified_gmt":"2025-09-22T00:20:32","slug":"exklusives-chanel-platinum-parfuemoel","status":"publish","type":"product","link":"https:\/\/bazaar.express\/de\/produkt\/exklusives-chanel-platinum-parfuemoel\/","title":{"rendered":"Exklusives Chanel Platinum Parf\u00fcm\u00f6l"},"content":{"rendered":"<h2 data-start=\"164\" data-end=\"246\"><strong data-start=\"167\" data-end=\"244\">Chanel Platinum Parf\u00fcm\u00f6l \u2013 Der Platin-Standard maskuliner Eleganz<\/strong><\/h2>\n<h3 data-start=\"248\" data-end=\"280\">\u00a0Ein modernes Ikon neu interpretiert<\/h3>\n<p data-start=\"281\" data-end=\"762\">Tauchen Sie ein in Raffinesse mit <strong data-start=\"311\" data-end=\"342\">Chanel Platinum Parf\u00fcm\u00f6l<\/strong>, einer luxuri\u00f6sen Neuinterpretation des legend\u00e4ren <em data-start=\"390\" data-end=\"415\">Chanel Platinum \u00c9go\u00efste<\/em> Dufts aus dem Jahr 1993. Mit Pr\u00e4zision und Eleganz gefertigt, f\u00e4ngt dieses konzentrierte Parf\u00fcm\u00f6l den Charme des kultivierten Gentlemans ein \u2013 selbstbewusst, eloquent und zeitlos stilvoll. Entwickelt f\u00fcr M\u00e4nner, die m\u00fchelos Aufmerksamkeit erregen, bietet es ein frisches, aromatisches Erlebnis mit einer langlebigen Signatur, die lange nach der Anwendung anh\u00e4lt.<\/p>\n<h3 data-start=\"769\" data-end=\"804\">\u00a0Frische &#038; kr\u00e4ftige Kopfnote<\/h3>\n<p data-start=\"805\" data-end=\"853\">Die Reise beginnt mit einer funkelnden Fusion aus:<\/p>\n<ul data-start=\"854\" data-end=\"1062\">\n<li data-start=\"854\" data-end=\"915\">\n<p data-start=\"856\" data-end=\"915\"><strong data-start=\"856\" data-end=\"868\">Lavendel<\/strong> \u2013 knackig und beruhigend, schafft einen raffinierten Ton.<\/p>\n<\/li>\n<li data-start=\"916\" data-end=\"995\">\n<p data-start=\"918\" data-end=\"995\"><strong data-start=\"918\" data-end=\"943\">Rosmarin &#038; Bitterorange<\/strong> \u2013 scharf und belebend, mit krautigem Biss.<\/p>\n<\/li>\n<li data-start=\"996\" data-end=\"1062\">\n<p data-start=\"998\" data-end=\"1062\"><strong data-start=\"998\" data-end=\"1008\">Neroli<\/strong> \u2013 eine zitrusfrische Aufhellung, die die Komposition erhellt.<\/p>\n<\/li>\n<\/ul>\n<p data-start=\"1064\" data-end=\"1155\">Diese metallisch-frische Kopfnote macht sofort eine Aussage \u2013 sauber, k\u00fchn und voller Energie.<\/p>\n<h3 data-start=\"1162\" data-end=\"1207\">\u00a0Ein Herz aus St\u00e4rke &#038; Raffinesse<\/h3>\n<p data-start=\"1208\" data-end=\"1307\">Im Kern enth\u00fcllt <strong data-start=\"1221\" data-end=\"1252\">Chanel Platinum Parf\u00fcm\u00f6l<\/strong> eine ausgewogene Mischung aus blumigen und krautigen Noten:<\/p>\n<ul data-start=\"1308\" data-end=\"1434\">\n<li data-start=\"1308\" data-end=\"1360\">\n<p data-start=\"1310\" data-end=\"1360\"><strong data-start=\"1310\" data-end=\"1332\">Geranie &#038; Jasmin<\/strong> \u2013 subtile blumige Eleganz.<\/p>\n<\/li>\n<li data-start=\"1361\" data-end=\"1434\">\n<p data-start=\"1363\" data-end=\"1434\"><strong data-start=\"1363\" data-end=\"1388\">Muskatellersalbei &#038; Galbanum<\/strong> \u2013 gr\u00fcne, w\u00fcrzige und leicht erdige Schichten.<\/p>\n<\/li>\n<\/ul>\n<p data-start=\"1436\" data-end=\"1538\">Zusammen erzeugen sie ein raffiniertes, maskulines Herz, das beeindruckt, ohne zu \u00fcberfordern.<\/p>\n<h3 data-start=\"1545\" data-end=\"1575\">\u00a0Eine kraftvolle holzige Basis<\/h3>\n<p data-start=\"1576\" data-end=\"1627\">Der Duft m\u00fcndet in eine unvergessliche Basis:<\/p>\n<ul data-start=\"1628\" data-end=\"1779\">\n<li data-start=\"1628\" data-end=\"1677\">\n<p data-start=\"1630\" data-end=\"1677\"><strong data-start=\"1630\" data-end=\"1651\">Eichenmoos &#038; Vetiver<\/strong> \u2013 erdig und erdend.<\/p>\n<\/li>\n<li data-start=\"1678\" data-end=\"1734\">\n<p data-start=\"1680\" data-end=\"1734\"><strong data-start=\"1680\" data-end=\"1706\">Zederholz &#038; Sandelholz<\/strong> \u2013 warme, holzige Verfeinerung.<\/p>\n<\/li>\n<li data-start=\"1735\" data-end=\"1779\">\n<p data-start=\"1737\" data-end=\"1779\"><strong data-start=\"1737\" data-end=\"1746\">Amber<\/strong> \u2013 subtile Tiefe und Sinnlichkeit.<\/p>\n<\/li>\n<\/ul>\n<p data-start=\"1781\" data-end=\"1870\">Diese holzig-muskusige Basis sorgt daf\u00fcr, dass der Duft einen selbstbewussten, langlebigen Hauch hinterl\u00e4sst.<\/p>\n<h3 data-start=\"1877\" data-end=\"1925\">\u00a0Warum Chanel Platinum Parf\u00fcm\u00f6l w\u00e4hlen?<\/h3>\n<ul data-start=\"1926\" data-end=\"2235\">\n<li data-start=\"1926\" data-end=\"1998\">\n<p data-start=\"1928\" data-end=\"1998\">\u2714 <strong data-start=\"1930\" data-end=\"1954\">Langlebige Formel<\/strong> \u2013 konzentriertes \u00d6l mit \u00fcber 8 Stunden Haltbarkeit.<\/p>\n<\/li>\n<li data-start=\"1999\" data-end=\"2081\">\n<p data-start=\"2001\" data-end=\"2081\">\u2714 <strong data-start=\"2003\" data-end=\"2025\">Nicht fettender Roll-on<\/strong> \u2013 sanfte Anwendung, die sich nat\u00fcrlich mit der Haut verbindet.<\/p>\n<\/li>\n<li data-start=\"2082\" data-end=\"2151\">\n<p data-start=\"2084\" data-end=\"2151\">\u2714 <strong data-start=\"2086\" data-end=\"2105\">Mobile Luxus<\/strong> \u2013 elegantes Design, ideal f\u00fcr unterwegs.<\/p>\n<\/li>\n<li data-start=\"2152\" data-end=\"2235\">\n<p data-start=\"2154\" data-end=\"2235\">\u2714 <strong data-start=\"2156\" data-end=\"2188\">Zeitloser maskuliner Duft<\/strong> \u2013 vielseitig f\u00fcr Tag und Abend.<\/p>\n<\/li>\n<\/ul>\n<h3 data-start=\"2242\" data-end=\"2273\">\u00a0Das perfekte Geschenk f\u00fcr ihn<\/h3>\n<p data-start=\"2274\" data-end=\"2566\">Ob f\u00fcr berufliche Erfolge, romantische Abende oder t\u00e4gliche Besonderheit \u2013 <strong data-start=\"2355\" data-end=\"2386\">Chanel Platinum Parf\u00fcm\u00f6l<\/strong> ist ein durchdachtes und raffiniertes Geschenk. Seine anhaltende Raffinesse macht es zu einem unverzichtbaren Erg\u00e4nzung jeder Duftsammlung und verk\u00f6rpert den Geist von Chanels zeitloser Handwerkskunst.<\/p>\n<h3 data-start=\"2506\" data-end=\"2527\">\u00a0Gr\u00f6\u00dfenoptionen<\/h3>\n<ul data-start=\"2528\" data-end=\"2578\">\n<li data-start=\"2528\" data-end=\"2552\">\n<p data-start=\"2530\" data-end=\"2552\"><strong data-start=\"2530\" data-end=\"2550\">Half Tola (6 ml)<\/strong><\/p>\n<\/li>\n<li data-start=\"2553\" data-end=\"2578\">\n<p data-start=\"2555\" data-end=\"2578\"><strong data-start=\"2555\" data-end=\"2576\">Full Tola (12 ml)<\/strong><\/p>\n<\/li>\n<\/ul>\n<h2 data-start=\"2573\" data-end=\"2610\">\u00a0Umarmen Sie den Platin-Standard<\/h2>\n<p data-start=\"2611\" data-end=\"2853\">Mit seiner k\u00fchnen Frische, aromatischer Tiefe und holziger W\u00e4rme ist <strong data-start=\"2670\" data-end=\"2701\">Chanel Platinum Parf\u00fcm\u00f6l<\/strong> mehr als ein Duft \u2013 es ist eine Aussage von Stil, St\u00e4rke und Eleganz. Steigern Sie Ihre Pr\u00e4senz mit einem Duft, der maskuline Raffinesse definiert.<\/p>\n<p data-start=\"2855\" data-end=\"2921\">Jetzt verf\u00fcgbar mit <strong data-start=\"2874\" data-end=\"2918\">internationalem Versand bei Bazaar Express<\/strong>.<\/p>\n<p style=\"text-align: center;\">Vielen Dank f\u00fcr Ihren Einkauf bei <a href=\"https:\/\/bazaar.express\/de\/\">Bazaar Express<\/a> \u2013 wir freuen uns, Sie dabei zu haben!<\/p>\n<p style=\"text-align: center;\">Entdecken Sie unsere <a href=\"https:\/\/bazaar.express\/de\/fragrance-collection\/\">Duftsammlung<\/a> mit luxuri\u00f6sen D\u00fcften.<\/p>\n","protected":false},"excerpt":{"rendered":"<h3 data-start=\"438\" data-end=\"687\"><strong data-start=\"438\" data-end=\"469\">Chanel Platinum Parf\u00fcm\u00f6l<\/strong> ist ein luxuri\u00f6ser Herrenduft, inspiriert vom ikonischen Chanel Platinum \u00c9go\u00efste. Mit frischen Zitrus-, blumigen und holzigen Noten bietet dieses konzentrierte \u00d6l langlebige Raffinesse in einer schlanken, reisefreundlichen Flasche.<\/h3>\n","protected":false},"featured_media":37012,"comment_status":"open","ping_status":"closed","template":"","meta":[],"product_brand":[],"product_cat":[976],"product_tag":[979,977,991],"class_list":{"0":"post-37011","1":"product","2":"type-product","3":"status-publish","4":"has-post-thumbnail","6":"product_cat-duftsammlung","7":"product_tag-hautpflege","8":"product_tag-ol","9":"product_tag-parfum","11":"first","12":"instock","13":"sale","14":"shipping-taxable","15":"purchasable","16":"product-type-variable"},"_links":{"self":[{"href":"https:\/\/bazaar.express\/de\/wp-json\/wp\/v2\/product\/37011","targetHints":{"allow":["GET"]}}],"collection":[{"href":"https:\/\/bazaar.express\/de\/wp-json\/wp\/v2\/product"}],"about":[{"href":"https:\/\/bazaar.express\/de\/wp-json\/wp\/v2\/types\/product"}],"replies":[{"embeddable":true,"href":"https:\/\/bazaar.express\/de\/wp-json\/wp\/v2\/comments?post=37011"}],"wp:featuredmedia":[{"embeddable":true,"href":"https:\/\/bazaar.express\/de\/wp-json\/wp\/v2\/media\/37012"}],"wp:attachment":[{"href":"https:\/\/bazaar.express\/de\/wp-json\/wp\/v2\/media?parent=37011"}],"wp:term":[{"taxonomy":"product_brand","embeddable":true,"href":"https:\/\/bazaar.express\/de\/wp-json\/wp\/v2\/product_brand?post=37011"},{"taxonomy":"product_cat","embeddable":true,"href":"https:\/\/bazaar.express\/de\/wp-json\/wp\/v2\/product_cat?post=37011"},{"taxonomy":"product_tag","embeddable":true,"href":"https:\/\/bazaar.express\/de\/wp-json\/wp\/v2\/product_tag?post=37011"}],"curies":[{"name":"wp","href":"https:\/\/api.w.org\/{rel}","templated":true}]}}