{"id":37019,"date":"2025-09-21T15:02:20","date_gmt":"2025-09-21T15:02:20","guid":{"rendered":"https:\/\/bazaar.express\/product\/khumra-mit-tonka-parfuemoel-exklusiver-aegyptischer-duft\/"},"modified":"2025-09-21T15:02:20","modified_gmt":"2025-09-21T15:02:20","slug":"khumra-mit-tonka-parfuemoel-exklusiver-aegyptischer-duft","status":"publish","type":"product","link":"https:\/\/bazaar.express\/de\/produkt\/khumra-mit-tonka-parfuemoel-exklusiver-aegyptischer-duft\/","title":{"rendered":"Khumra mit Tonka Parf\u00fcm\u00f6l \u2013 Exklusiver \u00e4gyptischer Duft"},"content":{"rendered":"<h2 data-start=\"221\" data-end=\"300\">Khumra mit Tonka Parf\u00fcm\u00f6l \u2013 Rotes Parf\u00fcm\u00f6l f\u00fcr Frauen | Bazaar Express<\/h2>\n<h3 data-start=\"302\" data-end=\"359\">Entdecken Sie die Magie von Khumra mit Tonka Parf\u00fcm\u00f6l<\/h3>\n<p data-start=\"360\" data-end=\"751\">Tauchen Sie ein in die luxuri\u00f6se Welt von <strong data-start=\"393\" data-end=\"426\">Khumra mit Tonka Parf\u00fcm\u00f6l<\/strong>, einem exklusiven femininen Duft von <strong data-start=\"471\" data-end=\"489\">Bazaar Express<\/strong>, Ihrem globalen Anbieter authentischer \u00e4gyptischer Produkte. Dieses elegante Parf\u00fcm\u00f6l verbindet die <strong data-start=\"586\" data-end=\"613\">klassische Tiefe von Khumra<\/strong> \u2013 dem beliebten roten Parf\u00fcm\u00f6l aus \u00c4gypten \u2013 mit der cremigen S\u00fc\u00dfe der <strong data-start=\"675\" data-end=\"689\">Tonka-Bohne<\/strong> und ergibt einen reichen, anziehenden und zeitlosen Duft.<\/p>\n<h3 data-start=\"753\" data-end=\"808\">Eine sinnliche Fusion aus Tradition und moderner Eleganz<\/h3>\n<p data-start=\"809\" data-end=\"1225\">Der Duft er\u00f6ffnet mit orientalischen Khumra-Noten: warmen Gew\u00fcrzen, Muskat und Andeutungen s\u00fc\u00dfer Datteln, \u00fcberlagert mit samtenen Pralinen-Akzenten. Im Herzen sorgt die <strong data-start=\"960\" data-end=\"974\">Tonka-Bohne<\/strong> f\u00fcr glatte Vanille-Mandel-Untert\u00f6ne und eine weiche, gourmande W\u00e4rme, die eine <strong data-start=\"1053\" data-end=\"1094\">einzigartige Harmonie aus Gew\u00fcrz und S\u00fc\u00dfe<\/strong> schafft, die Weiblichkeit ausstrahlt. Die Mischung ist k\u00fchn und doch verfeinert, geschaffen f\u00fcr Frauen, die Tradition und moderne Raffinesse verbinden.<\/p>\n<h3 data-start=\"1227\" data-end=\"1277\">Hochwertige Qualit\u00e4t, langlebig &#038; alkoholfrei<\/h3>\n<p data-start=\"1278\" data-end=\"1641\">Hergestellt aus <strong data-start=\"1288\" data-end=\"1309\">100% nat\u00fcrlichen \u00d6len<\/strong>, ist dieses Parf\u00fcm\u00f6l hochkonzentriert f\u00fcr au\u00dfergew\u00f6hnliche Haltbarkeit. Es gleitet m\u00fchelos auf die Haut und entfaltet einen intimen Duft, der sich den ganzen Tag \u00fcber wunderbar entwickelt. Im Gegensatz zu alkoholbasierten Parf\u00fcms ist dieses \u00d6l <strong data-start=\"1523\" data-end=\"1563\">sanft, pflegend und r\u00fcckstandsfrei<\/strong> und hinterl\u00e4sst nur einen faszinierenden Duft, der \u00fcberall Aufmerksamkeit erregt.<\/p>\n<h3 data-start=\"1643\" data-end=\"1681\">F\u00fcr Frauen, die Selbstvertrauen ausstrahlen<\/h3>\n<p data-start=\"1682\" data-end=\"1930\">Ideal f\u00fcr elegante Abende oder den t\u00e4glichen Gebrauch st\u00e4rkt <strong data-start=\"1726\" data-end=\"1759\">Khumra mit Tonka Parf\u00fcm\u00f6l<\/strong> Frauen mit seinem selbstbewussten und unwiderstehlichen Charakter. Seine orientalisch-w\u00fcrzige W\u00e4rme und gourmande S\u00fc\u00dfe machen es zu einem Duft, der Luxus und Anziehungskraft wirklich definiert.<\/p>\n<h3 data-start=\"1932\" data-end=\"1970\">Elegante Verpackung in zwei Gr\u00f6\u00dfen<\/h3>\n<p data-start=\"1971\" data-end=\"2110\">Exklusiv bei <strong data-start=\"1996\" data-end=\"2014\">Bazaar Express<\/strong> mit <strong data-start=\"2020\" data-end=\"2047\">kostenlosem weltweitem Versand<\/strong> erh\u00e4ltlich, kommt dieses Parf\u00fcm\u00f6l in eleganten, reisefreundlichen Flakons:<\/p>\n<ul data-start=\"2111\" data-end=\"2160\">\n<li data-start=\"2111\" data-end=\"2135\">\n<p data-start=\"2113\" data-end=\"2135\"><strong data-start=\"2113\" data-end=\"2133\">Half Tola (6 ml)<\/strong><\/p>\n<\/li>\n<li data-start=\"2136\" data-end=\"2160\">\n<p data-start=\"2138\" data-end=\"2160\"><strong data-start=\"2138\" data-end=\"2158\">One Tola (12 ml)<\/strong><\/p>\n<\/li>\n<\/ul>\n<h3 data-start=\"2162\" data-end=\"2194\">Warum Bazaar Express w\u00e4hlen?<\/h3>\n<p data-start=\"2195\" data-end=\"2477\">Bei <strong data-start=\"2198\" data-end=\"2216\">Bazaar Express<\/strong> verbinden wir die Welt mit authentischen \u00e4gyptischen Sch\u00e4tzen. <strong data-start=\"2274\" data-end=\"2307\">Khumra mit Tonka Parf\u00fcm\u00f6l<\/strong> ist mehr als nur ein Duft \u2013 es ist eine Erkl\u00e4rung von Weiblichkeit, Luxus und Erbe. Mit globaler Lieferung k\u00f6nnen Sie dieses zeitlose Parf\u00fcm\u00f6l \u00fcberall genie\u00dfen.<\/p>\n<p style=\"text-align: center;\">Vielen Dank f\u00fcr Ihren Einkauf bei <a href=\"https:\/\/bazaar.express\/de\/\">Bazaar Express<\/a> \u2013 wir freuen uns, Sie bei uns zu haben!<\/p>\n<p style=\"text-align: center;\">Entdecken Sie unsere <a href=\"https:\/\/bazaar.express\/de\/fragrance-collection\/\">Duftkollektion<\/a> mit luxuri\u00f6sen D\u00fcften.<\/p>\n","protected":false},"excerpt":{"rendered":"<h3 data-start=\"2822\" data-end=\"3004\">Ein luxuri\u00f6ses feminines Parf\u00fcm\u00f6l, das rotes Khumra und Tonka-Bohne kombiniert. Langlebig, nat\u00fcrlich und alkoholfrei. Weltweit verf\u00fcgbar bei Bazaar Express.<\/h3>\n","protected":false},"featured_media":37021,"comment_status":"open","ping_status":"closed","template":"","meta":[],"product_brand":[],"product_cat":[976,969],"product_tag":[980,977,991],"class_list":{"0":"post-37019","1":"product","2":"type-product","3":"status-publish","4":"has-post-thumbnail","6":"product_cat-duftsammlung","7":"product_cat-beste-aus-agypten","8":"product_tag-beauty-pflege","9":"product_tag-ol","10":"product_tag-parfum","12":"first","13":"instock","14":"sale","15":"shipping-taxable","16":"purchasable","17":"product-type-variable"},"_links":{"self":[{"href":"https:\/\/bazaar.express\/de\/wp-json\/wp\/v2\/product\/37019","targetHints":{"allow":["GET"]}}],"collection":[{"href":"https:\/\/bazaar.express\/de\/wp-json\/wp\/v2\/product"}],"about":[{"href":"https:\/\/bazaar.express\/de\/wp-json\/wp\/v2\/types\/product"}],"replies":[{"embeddable":true,"href":"https:\/\/bazaar.express\/de\/wp-json\/wp\/v2\/comments?post=37019"}],"wp:featuredmedia":[{"embeddable":true,"href":"https:\/\/bazaar.express\/de\/wp-json\/wp\/v2\/media\/37021"}],"wp:attachment":[{"href":"https:\/\/bazaar.express\/de\/wp-json\/wp\/v2\/media?parent=37019"}],"wp:term":[{"taxonomy":"product_brand","embeddable":true,"href":"https:\/\/bazaar.express\/de\/wp-json\/wp\/v2\/product_brand?post=37019"},{"taxonomy":"product_cat","embeddable":true,"href":"https:\/\/bazaar.express\/de\/wp-json\/wp\/v2\/product_cat?post=37019"},{"taxonomy":"product_tag","embeddable":true,"href":"https:\/\/bazaar.express\/de\/wp-json\/wp\/v2\/product_tag?post=37019"}],"curies":[{"name":"wp","href":"https:\/\/api.w.org\/{rel}","templated":true}]}}