{"id":37037,"date":"2025-08-25T12:59:55","date_gmt":"2025-08-25T12:59:55","guid":{"rendered":"https:\/\/bazaar.express\/product\/hochwertige-kollagen-creme-beste-anti-aging-pflege-mit-vitaminen-c-e\/"},"modified":"2025-08-25T12:59:55","modified_gmt":"2025-08-25T12:59:55","slug":"hochwertige-kollagen-creme-beste-anti-aging-pflege-mit-vitaminen-c-e","status":"publish","type":"product","link":"https:\/\/bazaar.express\/de\/produkt\/hochwertige-kollagen-creme-beste-anti-aging-pflege-mit-vitaminen-c-e\/","title":{"rendered":"Hochwertige Kollagen-Creme \u2013 Beste Anti-Aging-Pflege mit Vitaminen C &#038; E"},"content":{"rendered":"<h2 data-start=\"266\" data-end=\"362\">Map Queen Kollagen-Creme \u2013 Die beste Anti-Aging- und Anti-Falten-L\u00f6sung mit Vitaminen C &#038; E<\/h2>\n<p data-start=\"364\" data-end=\"837\">Wenn es darum geht, jugendliche, strahlende und faltenfreie Haut zu erlangen, ist <strong data-start=\"433\" data-end=\"451\">Kollagen-Creme<\/strong> eine der wirksamsten Hautpflege-L\u00f6sungen auf dem Markt. Kollagen ist das Protein, das f\u00fcr die Elastizit\u00e4t und Festigkeit der Haut verantwortlich ist, doch mit zunehmendem Alter nimmt seine nat\u00fcrliche Produktion ab. Das f\u00fchrt zu Falten, Erschlaffung und Verlust an Strahlkraft. <strong data-start=\"691\" data-end=\"719\">Map Queen Kollagen-Creme<\/strong> ist sorgf\u00e4ltig formuliert, um zur\u00fcckzugeben, was die Zeit nimmt, und gibt Ihrer Haut die Chance, wieder jugendlich zu wirken und zu f\u00fchlen.<\/p>\n<h3 data-start=\"844\" data-end=\"894\">Was macht Map Queen Kollagen-Creme besonders?<\/h3>\n<p data-start=\"896\" data-end=\"1251\">Im Gegensatz zu herk\u00f6mmlichen Feuchtigkeitscremes ist diese Creme mit <strong data-start=\"953\" data-end=\"1051\">Kollagen, Hyalurons\u00e4ure, Kamellia-sinensis-(Gr\u00fcntee)-Extrakt, Koffein und Vitaminen C &#038; E<\/strong> angereichert. Diese Wirkstoffe werden mit einer fortschrittlichen <strong data-start=\"1109\" data-end=\"1130\">3D-Wirkformel<\/strong> kombiniert, die tief in die Haut eindringt, Elastizit\u00e4t wiederherstellt, Falten minimiert und vor \u00e4u\u00dferen Sch\u00e4den sch\u00fctzt.<\/p>\n<h3 data-start=\"1258\" data-end=\"1294\">Wichtige Vorteile der Kollagen-Creme<\/h3>\n<h4 data-start=\"1296\" data-end=\"1320\">Faltenreduktion<\/h4>\n<ul data-start=\"1321\" data-end=\"1489\">\n<li data-start=\"1321\" data-end=\"1381\">\n<p data-start=\"1323\" data-end=\"1381\">Zielt auf feine Linien um Augen, Mund und Stirn ab.<\/p>\n<\/li>\n<li data-start=\"1382\" data-end=\"1442\">\n<p data-start=\"1384\" data-end=\"1442\">Gl\u00e4ttet Kr\u00e4henf\u00fc\u00dfe, Lachfalten und Lippenfalten.<\/p>\n<\/li>\n<li data-start=\"1443\" data-end=\"1489\">\n<p data-start=\"1445\" data-end=\"1489\">Stellt einen nat\u00fcrlich jugendlichen, frischen Look wieder her.<\/p>\n<\/li>\n<\/ul>\n<h4 data-start=\"1491\" data-end=\"1525\">Tiefe Feuchtigkeit &#038; Elastizit\u00e4t<\/h4>\n<ul data-start=\"1526\" data-end=\"1675\">\n<li data-start=\"1526\" data-end=\"1612\">\n<p data-start=\"1528\" data-end=\"1612\"><strong data-start=\"1528\" data-end=\"1547\">Hyalurons\u00e4ure<\/strong> speichert Feuchtigkeit und verhindert Trockenheit durch Sonne oder Alterung.<\/p>\n<\/li>\n<li data-start=\"1613\" data-end=\"1675\">\n<p data-start=\"1615\" data-end=\"1675\">Verbessert die Hautelastizit\u00e4t f\u00fcr einen festeren, pralleren Auftritt.<\/p>\n<\/li>\n<\/ul>\n<h4 data-start=\"1677\" data-end=\"1706\">Antioxidativer Schutz<\/h4>\n<ul data-start=\"1707\" data-end=\"1868\">\n<li data-start=\"1707\" data-end=\"1783\">\n<p data-start=\"1709\" data-end=\"1783\"><strong data-start=\"1709\" data-end=\"1722\">Vitamin C<\/strong> hellt den Hautton auf und f\u00f6rdert die nat\u00fcrliche Kollagen-Synthese.<\/p>\n<\/li>\n<li data-start=\"1784\" data-end=\"1868\">\n<p data-start=\"1786\" data-end=\"1868\"><strong data-start=\"1786\" data-end=\"1799\">Vitamin E<\/strong> sch\u00fctzt vor freien Radikalen, Sonnensch\u00e4den und Umweltbelastungen.<\/p>\n<\/li>\n<\/ul>\n<h4 data-start=\"1870\" data-end=\"1899\">Nat\u00fcrliche Pflanzenextrakte<\/h4>\n<ul data-start=\"1900\" data-end=\"2074\">\n<li data-start=\"1900\" data-end=\"1982\">\n<p data-start=\"1902\" data-end=\"1982\"><strong data-start=\"1902\" data-end=\"1936\">Kamellia-sinensis-Blattextrakt<\/strong> spendet tiefe Feuchtigkeit und verlangsamt die Hautalterung.<\/p>\n<\/li>\n<li data-start=\"1983\" data-end=\"2074\">\n<p data-start=\"1985\" data-end=\"2074\"><strong data-start=\"1985\" data-end=\"1997\">Koffein<\/strong> f\u00f6rdert die Blutzirkulation, bek\u00e4mpft Schwellungen und reduziert UV-bedingte Sch\u00e4den.<\/p>\n<\/li>\n<\/ul>\n<h4 data-start=\"2076\" data-end=\"2115\">Aufhellung &#038; Pigmentkontrolle<\/h4>\n<ul data-start=\"2116\" data-end=\"2215\">\n<li data-start=\"2116\" data-end=\"2161\">\n<p data-start=\"2118\" data-end=\"2161\">Reduziert dunkle Flecken und Hyperpigmentierung.<\/p>\n<\/li>\n<li data-start=\"2162\" data-end=\"2215\">\n<p data-start=\"2164\" data-end=\"2215\">Gleicht den Hautton aus f\u00fcr einen nat\u00fcrlich strahlenden Glanz.<\/p>\n<\/li>\n<\/ul>\n<h3 data-start=\"2222\" data-end=\"2263\">So verwenden Sie Map Queen Kollagen-Creme<\/h3>\n<ol data-start=\"2265\" data-end=\"2490\">\n<li data-start=\"2265\" data-end=\"2299\">\n<p data-start=\"2268\" data-end=\"2299\">Reinigen Sie Ihre Haut gr\u00fcndlich.<\/p>\n<\/li>\n<li data-start=\"2300\" data-end=\"2352\">\n<p data-start=\"2303\" data-end=\"2352\">Tragen Sie sie morgens und abends auf Gesicht und Hals auf.<\/p>\n<\/li>\n<li data-start=\"2353\" data-end=\"2416\">\n<p data-start=\"2356\" data-end=\"2416\">Massieren Sie sanft in kreisenden Bewegungen, bis sie vollst\u00e4ndig eingezogen ist.<\/p>\n<\/li>\n<li data-start=\"2417\" data-end=\"2490\">\n<p data-start=\"2420\" data-end=\"2490\">Verwenden Sie sie t\u00e4glich f\u00fcr sichtbare Ergebnisse in Gl\u00e4tte, Festigkeit und Strahlkraft.<\/p>\n<\/li>\n<\/ol>\n<h3 data-start=\"2497\" data-end=\"2539\">Warum Map Queen Kollagen-Creme w\u00e4hlen?<\/h3>\n<ul data-start=\"2541\" data-end=\"2828\">\n<li data-start=\"2541\" data-end=\"2603\">\n<p data-start=\"2543\" data-end=\"2603\">Inspiriert von <strong data-start=\"2555\" data-end=\"2600\">\u00e4gyptischen Sch\u00f6nheitsritualen alter K\u00f6niginnen<\/strong>.<\/p>\n<\/li>\n<li data-start=\"2604\" data-end=\"2667\">\n<p data-start=\"2606\" data-end=\"2667\">Kombiniert moderne Wissenschaft mit nat\u00fcrlichen, wirksamen Inhaltsstoffen.<\/p>\n<\/li>\n<li data-start=\"2668\" data-end=\"2760\">\n<p data-start=\"2670\" data-end=\"2760\">Mehr als nur eine Feuchtigkeitscreme \u2013 es ist eine <strong data-start=\"2709\" data-end=\"2757\">vollst\u00e4ndige Anti-Aging- und Aufhellungsbehandlung<\/strong>.<\/p>\n<\/li>\n<li data-start=\"2761\" data-end=\"2828\">\n<p data-start=\"2763\" data-end=\"2828\">Luxuri\u00f6se Verpackung, die zeitlose Sch\u00f6nheit und Eleganz widerspiegelt.<\/p>\n<\/li>\n<\/ul>\n<p data-start=\"2830\" data-end=\"2873\"><strong data-start=\"2833\" data-end=\"2850\">Hergestellt in \u00c4gypten<\/strong><br data-start=\"2850\" data-end=\"2853\" \/><strong data-start=\"2856\" data-end=\"2871\">Gr\u00f6\u00dfe: 50 ml<\/strong><\/p>\n<h2 data-start=\"2880\" data-end=\"2899\"><\/h2>\n<p data-start=\"2901\" data-end=\"3203\">Alterung ist ein nat\u00fcrlicher Prozess, aber mit der richtigen Hautpflege k\u00f6nnen Sie Ihre Haut jugendlich, strahlend und fest halten. <strong data-start=\"3011\" data-end=\"3039\">Map Queen Kollagen-Creme<\/strong> mit <strong data-start=\"3045\" data-end=\"3063\">Vitaminen C &#038; E<\/strong> ist Ihre ultimative L\u00f6sung, um Falten zu bek\u00e4mpfen, Elastizit\u00e4t zu verbessern, den Teint aufzuhellen und Ihre Haut vor Umweltbelastungen zu sch\u00fctzen.<\/p>\n<h5 data-start=\"3205\" data-end=\"3322\">\u00a0Integrieren Sie sie in Ihre t\u00e4gliche Routine und genie\u00dfen Sie zeitlose Sch\u00f6nheit \u2013 strahlend, glatt und selbstbewusst, wie eine K\u00f6nigin.<\/h5>\n<p>&nbsp;<\/p>\n<p style=\"text-align: center;\">Vielen Dank, dass Sie bei <a href=\"https:\/\/bazaar.express\/de\/\">Bazaar Express<\/a> einkaufen \u2013 wir freuen uns, Sie dabei zu haben!<\/p>\n<p style=\"text-align: center;\">Ihre Reise zu besserer Selbstpflege beginnt hier \u2013 mit <a href=\"https:\/\/bazaar.express\/product-category\/beauty-care\/\">Beauty &#038; Care<\/a>, auf die Sie sich verlassen k\u00f6nnen.<\/p>\n","protected":false},"excerpt":{"rendered":"<h3 data-start=\"372\" data-end=\"565\">Eine hochwertige Kollagen-Creme, angereichert mit Vitaminen C &#038; E. Entwickelt, um Falten zu bek\u00e4mpfen, Elastizit\u00e4t zu steigern und tief zu hydratisieren f\u00fcr strahlende, jugendliche Haut. Gr\u00f6\u00dfe: 50 ml.<\/h3>\n","protected":false},"featured_media":37038,"comment_status":"open","ping_status":"closed","template":"","meta":[],"product_brand":[],"product_cat":[969,962],"product_tag":[980,979,978,977],"class_list":{"0":"post-37037","1":"product","2":"type-product","3":"status-publish","4":"has-post-thumbnail","6":"product_cat-beste-aus-agypten","7":"product_cat-beauty-pflege","8":"product_tag-beauty-pflege","9":"product_tag-hautpflege","10":"product_tag-naturliches-ol","11":"product_tag-ol","13":"first","14":"instock","15":"shipping-taxable","16":"purchasable","17":"product-type-simple"},"_links":{"self":[{"href":"https:\/\/bazaar.express\/de\/wp-json\/wp\/v2\/product\/37037","targetHints":{"allow":["GET"]}}],"collection":[{"href":"https:\/\/bazaar.express\/de\/wp-json\/wp\/v2\/product"}],"about":[{"href":"https:\/\/bazaar.express\/de\/wp-json\/wp\/v2\/types\/product"}],"replies":[{"embeddable":true,"href":"https:\/\/bazaar.express\/de\/wp-json\/wp\/v2\/comments?post=37037"}],"wp:featuredmedia":[{"embeddable":true,"href":"https:\/\/bazaar.express\/de\/wp-json\/wp\/v2\/media\/37038"}],"wp:attachment":[{"href":"https:\/\/bazaar.express\/de\/wp-json\/wp\/v2\/media?parent=37037"}],"wp:term":[{"taxonomy":"product_brand","embeddable":true,"href":"https:\/\/bazaar.express\/de\/wp-json\/wp\/v2\/product_brand?post=37037"},{"taxonomy":"product_cat","embeddable":true,"href":"https:\/\/bazaar.express\/de\/wp-json\/wp\/v2\/product_cat?post=37037"},{"taxonomy":"product_tag","embeddable":true,"href":"https:\/\/bazaar.express\/de\/wp-json\/wp\/v2\/product_tag?post=37037"}],"curies":[{"name":"wp","href":"https:\/\/api.w.org\/{rel}","templated":true}]}}