{"id":37044,"date":"2025-11-06T02:04:14","date_gmt":"2025-11-06T02:04:14","guid":{"rendered":"https:\/\/bazaar.express\/product\/luxurioese-24k-gold-beauty-bar\/"},"modified":"2025-11-06T02:04:14","modified_gmt":"2025-11-06T02:04:14","slug":"luxurioese-24k-gold-beauty-bar","status":"publish","type":"product","link":"https:\/\/bazaar.express\/de\/produkt\/luxurioese-24k-gold-beauty-bar\/","title":{"rendered":"Luxuri\u00f6se 24K-Gold-Beauty-Bar"},"content":{"rendered":"<h2 id=\"luxury-24k-gold-beauty-bar--premium-egyptian-profe\" class=\"mb-2 mt-4 font-display font-semimedium text-base first:mt-0 md:text-lg [hr+&#038;]:mt-4\">Luxuri\u00f6se 24K-Gold-Beauty-Bar \u2013 Premium \u00e4gyptische professionelle Reinigung mit elit\u00e4rer Goldinfusion<\/h2>\n<h3 class=\"mb-2 mt-4 font-display font-semimedium text-base first:mt-0\">Erleben Sie elit\u00e4re Hautpflege mit authentischer Premium-24K-Gold-Beauty-Bar und professioneller Behandlung<\/h3>\n<p class=\"my-2 [&#038;+p]:mt-4 [&#038;_strong:has(+br)]:inline-block [&#038;_strong:has(+br)]:pb-2\">Genie\u00dfen Sie den H\u00f6hepunkt der luxuri\u00f6sen Hautpflege mit unserer exklusiven Premium-24K-Gold-Beauty-Bar, einem luxuri\u00f6sen \u00e4gyptischen Reinigungsmittel, das mit authentischen 24K-Goldpartikeln angereichert ist. Diese zarte Premium-Luxusseife verbindet echtes 24K-Gold mit botanischen Extrakten, um professionelle Reinigung, intensive Anti-Aging-Strahlkraft und sichtbare Hautverj\u00fcngung zu bieten. Unsere sorgf\u00e4ltig formulierte Premium-24K-Gold-Beauty-Bar ist f\u00fcr raffinierte Luxushautpflege mit au\u00dfergew\u00f6hnlicher Leuchtkraft und \u00fcberlegener Hautexzellenz konzipiert.<\/p>\n<h3 class=\"mb-2 mt-4 font-display font-semimedium text-base first:mt-0\">Warum die Premium-Luxus-24K-Gold-Beauty-Bar w\u00e4hlen?<\/h3>\n<p class=\"my-2 [&#038;+p]:mt-4 [&#038;_strong:has(+br)]:inline-block [&#038;_strong:has(+br)]:pb-2\"><strong>Professionelle Luxusreinigung mit authentischem 24K-Gold:<\/strong>\u00a0Unser Premium-Riegel nutzt authentische Premium-24K-Goldpartikel f\u00fcr professionelle Reinigung mit Strahlkraftverst\u00e4rkung. Diese Luxusformel entfernt Unreinheiten, w\u00e4hrend sie die Haut mit luxuri\u00f6sen professionellen Mineralien anreichert und die Haut au\u00dfergew\u00f6hnlich erfrischt, gesch\u00fctzt und strahlend verwandelt mit luxuri\u00f6sen professionellen Ergebnissen hinterl\u00e4sst.<\/p>\n<p class=\"my-2 [&#038;+p]:mt-4 [&#038;_strong:has(+br)]:inline-block [&#038;_strong:has(+br)]:pb-2\"><strong>Professionelle Anti-Aging- und Luxus-Strahlkraftverst\u00e4rkung:<\/strong>\u00a0Angereichert mit authentischem 24K-Gold und premium professionellen botanischen \u00d6len, liefert dieser Luxusriegel professionelle Strahlkraft, die die Haut bemerkenswert weich macht und pflegt. Die Premium-Luxus-Goldinfusion macht dieses Produkt zur f\u00fchrenden professionellen Wahl f\u00fcr die t\u00e4gliche Luxusreinigung von Gesicht und K\u00f6rper.<\/p>\n<p class=\"my-2 [&#038;+p]:mt-4 [&#038;_strong:has(+br)]:inline-block [&#038;_strong:has(+br)]:pb-2\"><strong>Transparente Premium-Luxusformel mit Goldglanz:<\/strong>\u00a0Unser goldinfundierter Reinigungsriegel ist zart, rein und transparent mit sch\u00f6nem Luxusglanz \u2013 der Premium authentische Zusammensetzung pr\u00e4sentiert. Die professionelle Luxusformel reinigt exzellent, ohne wesentliche Feuchtigkeit zu entziehen, und f\u00f6rdert sichtbar saubere und au\u00dfergew\u00f6hnlich gesunde Haut mit strahlendem Aussehen.<\/p>\n<p class=\"my-2 [&#038;+p]:mt-4 [&#038;_strong:has(+br)]:inline-block [&#038;_strong:has(+br)]:pb-2\"><strong>Premium-Luxus-Kompatibilit\u00e4t f\u00fcr raffinierte Hautpflege:<\/strong>\u00a0Ob sensible, \u00f6ligere, trockene oder kombinierte Haut \u2013 unsere Luxus-Gold-Beauty-Bar liefert professionelle Ergebnisse makellos. Die zarte Premium-Luxusformel ist ideal f\u00fcr raffinierte professionelle Gesichtshaut und gehobene Luxustagespflege und stellt die f\u00fchrende professionelle Erg\u00e4nzung f\u00fcr anspruchsvolle Hautpflegeroutinen dar.<\/p>\n<p class=\"my-2 [&#038;+p]:mt-4 [&#038;_strong:has(+br)]:inline-block [&#038;_strong:has(+br)]:pb-2\"><strong>Professionelle Luxusweichmachung und Anti-Aging-Exzellenz:<\/strong>\u00a0Reich an Glycerin, premium professionellen \u00d6len und authentischem 24K-Gold macht diese Luxusseife die Haut mit professioneller Pr\u00e4zision weich und feuchtigkeitsspendend. Die Premium-Gold-Pflegeeigenschaften stellen professionelle Strahlkraft wieder her und bieten \u00fcberlegene Anti-Aging-Luxusverfeinerung.<\/p>\n<h3 class=\"mb-2 mt-4 font-display font-semimedium text-base first:mt-0\">Au\u00dfergew\u00f6hnliche professionelle Vorteile von Premium-24K-Gold<\/h3>\n<ul class=\"marker:text-quiet list-disc\">\n<li class=\"py-0 my-0 prose-p:pt-0 prose-p:mb-2 prose-p:my-0 [&#038;>p]:pt-0 [&#038;>p]:mb-2 [&#038;>p]:my-0&#8243;>\n<p class=\"my-2 [&#038;+p]:mt-4 [&#038;_strong:has(+br)]:inline-block [&#038;_strong:has(+br)]:pb-2\">Premium professionelle Reinigungswirkung<\/p>\n<\/li>\n<li class=\"py-0 my-0 prose-p:pt-0 prose-p:mb-2 prose-p:my-0 [&#038;>p]:pt-0 [&#038;>p]:mb-2 [&#038;>p]:my-0&#8243;>\n<p class=\"my-2 [&#038;+p]:mt-4 [&#038;_strong:has(+br)]:inline-block [&#038;_strong:has(+br)]:pb-2\">Authentische echte 24K-Goldpartikel infundiert<\/p>\n<\/li>\n<li class=\"py-0 my-0 prose-p:pt-0 prose-p:mb-2 prose-p:my-0 [&#038;>p]:pt-0 [&#038;>p]:mb-2 [&#038;>p]:my-0&#8243;>\n<p class=\"my-2 [&#038;+p]:mt-4 [&#038;_strong:has(+br)]:inline-block [&#038;_strong:has(+br)]:pb-2\">Professionelle Luxusweichmachung und Feuchtigkeitsspendung<\/p>\n<\/li>\n<li class=\"py-0 my-0 prose-p:pt-0 prose-p:mb-2 prose-p:my-0 [&#038;>p]:pt-0 [&#038;>p]:mb-2 [&#038;>p]:my-0&#8243;>\n<p class=\"my-2 [&#038;+p]:mt-4 [&#038;_strong:has(+br)]:inline-block [&#038;_strong:has(+br)]:pb-2\">Geeignet f\u00fcr alle Hauttypen mit raffinierten Ergebnissen<\/p>\n<\/li>\n<li class=\"py-0 my-0 prose-p:pt-0 prose-p:mb-2 prose-p:my-0 [&#038;>p]:pt-0 [&#038;>p]:mb-2 [&#038;>p]:my-0&#8243;>\n<p class=\"my-2 [&#038;+p]:mt-4 [&#038;_strong:has(+br)]:inline-block [&#038;_strong:has(+br)]:pb-2\">Nat\u00fcrliche Premium-Luxus-Goldformel<\/p>\n<\/li>\n<li class=\"py-0 my-0 prose-p:pt-0 prose-p:mb-2 prose-p:my-0 [&#038;>p]:pt-0 [&#038;>p]:mb-2 [&#038;>p]:my-0&#8243;>\n<p class=\"my-2 [&#038;+p]:mt-4 [&#038;_strong:has(+br)]:inline-block [&#038;_strong:has(+br)]:pb-2\">Reiches Glycerin f\u00fcr intensive professionelle Feuchtigkeit<\/p>\n<\/li>\n<li class=\"py-0 my-0 prose-p:pt-0 prose-p:mb-2 prose-p:my-0 [&#038;>p]:pt-0 [&#038;>p]:mb-2 [&#038;>p]:my-0&#8243;>\n<p class=\"my-2 [&#038;+p]:mt-4 [&#038;_strong:has(+br)]:inline-block [&#038;_strong:has(+br)]:pb-2\">F\u00f6rdert au\u00dfergew\u00f6hnliche strahlende leuchtende professionelle Haut<\/p>\n<\/li>\n<li class=\"py-0 my-0 prose-p:pt-0 prose-p:mb-2 prose-p:my-0 [&#038;>p]:pt-0 [&#038;>p]:mb-2 [&#038;>p]:my-0&#8243;>\n<p class=\"my-2 [&#038;+p]:mt-4 [&#038;_strong:has(+br)]:inline-block [&#038;_strong:has(+br)]:pb-2\">Professionelle Anti-Aging-Luxuspflege<\/p>\n<\/li>\n<\/ul>\n<h3 class=\"mb-2 mt-4 font-display font-semimedium text-base first:mt-0\">Was macht unsere Beauty-Bar au\u00dfergew\u00f6hnlich?<\/h3>\n<p class=\"my-2 [&#038;+p]:mt-4 [&#038;_strong:has(+br)]:inline-block [&#038;_strong:has(+br)]:pb-2\">Unsere Premium-Luxusseife verbindet die Kraft authentischen 24K-Golds mit raffinierten \u00e4gyptischen Sch\u00f6nheitstraditionen und professioneller Exzellenz. Die sorgf\u00e4ltige Mischung aus nat\u00fcrlicher Seifenbasis, Glycerin, \u00d6len und echtem 24K-Gold schafft ein au\u00dfergew\u00f6hnliches luxuri\u00f6ses professionelles Produkt. Jeder Riegel unserer 24K-Gold-Beauty-Bar steht f\u00fcr unser Engagement f\u00fcr professionelle, wirksame luxuri\u00f6se nat\u00fcrliche Hautpflege, gest\u00fctzt auf \u00e4gyptisches Erbe und premium professionelle Exzellenz.<\/p>\n<h3 class=\"mb-2 mt-4 font-display font-semimedium text-base first:mt-0\">So verwenden Sie Ihren Premium-Riegel<\/h3>\n<p class=\"my-2 [&#038;+p]:mt-4 [&#038;_strong:has(+br)]:inline-block [&#038;_strong:has(+br)]:pb-2\">Benetzen Sie Ihr Gesicht oder Ihren K\u00f6rper mit warmem Wasser und massieren Sie diesen Premium-Luxusriegel sanft, bis reichlicher Schaum entsteht. Lassen Sie die Goldformel mit professioneller Pr\u00e4zision reinigen, dann absp\u00fclen. Verwenden Sie Ihre 24K-Gold-Beauty-Bar t\u00e4glich f\u00fcr optimale professionelle Reinigung und Luxusstrahlkraft aus dieser authentischen Premium-Goldinfusion.<\/p>\n<h3 class=\"mb-2 mt-4 font-display font-semimedium text-base first:mt-0\">Premium-Luxus-Lagerungs- und Pflegehinweise<\/h3>\n<p class=\"my-2 [&#038;+p]:mt-4 [&#038;_strong:has(+br)]:inline-block [&#038;_strong:has(+br)]:pb-2\">Bewahren Sie Ihren Luxusriegel bei Raumtemperatur fern von direktem Sonnenlicht auf, um die maximale Haltbarkeit seiner premium professionellen nat\u00fcrlichen Eigenschaften zu gew\u00e4hrleisten.<\/p>\n<p class=\"my-2 [&#038;+p]:mt-4 [&#038;_strong:has(+br)]:inline-block [&#038;_strong:has(+br)]:pb-2\"><strong>Heben Sie Ihre Luxushautpflege mit unserer Premium-24K-Gold-Beauty-Bar auf ein neues Level. Bestellen Sie jetzt und erleben Sie die professionelle Luxusleuchtkraft authentischer premium \u00e4gyptischer Hautpflegeexzellenz.<\/strong><\/p>\n<p>&nbsp;<\/p>\n<h5 style=\"text-align: center;\">Vielen Dank, dass Sie bei <a href=\"https:\/\/bazaar.express\/de\/\">Bazaar Express<\/a> einkaufen \u2013 wir freuen uns, Sie dabei zu haben!<\/h5>\n<h5 style=\"text-align: center;\">Ihre Reise zu besserer Selbstf\u00fcrsorge beginnt hier \u2013 mit vertrauensw\u00fcrdiger <a href=\"https:\/\/bazaar.express\/de\/produkt-kategorie\/beauty-pflege\/\">Beauty-Pflege<\/a>!<\/h5>\n","protected":false},"excerpt":{"rendered":"<h3>Luxuri\u00f6se 24K-Gold-Beauty-Bar \u2013 Premium professionelle Reinigung mit echter 24K-Goldinfusion, Premium\u00f6len und botanischen Extrakten. Elit\u00e4re Anti-Aging-Luxushautpflege.<\/h3>\n","protected":false},"featured_media":36944,"comment_status":"open","ping_status":"closed","template":"","meta":[],"product_brand":[],"product_cat":[962,963],"product_tag":[980,979,978],"class_list":{"0":"post-37044","1":"product","2":"type-product","3":"status-publish","4":"has-post-thumbnail","6":"product_cat-beauty-pflege","7":"product_cat-therapeutische-ole","8":"product_tag-beauty-pflege","9":"product_tag-hautpflege","10":"product_tag-naturliches-ol","12":"first","13":"instock","14":"shipping-taxable","15":"purchasable","16":"product-type-simple"},"_links":{"self":[{"href":"https:\/\/bazaar.express\/de\/wp-json\/wp\/v2\/product\/37044","targetHints":{"allow":["GET"]}}],"collection":[{"href":"https:\/\/bazaar.express\/de\/wp-json\/wp\/v2\/product"}],"about":[{"href":"https:\/\/bazaar.express\/de\/wp-json\/wp\/v2\/types\/product"}],"replies":[{"embeddable":true,"href":"https:\/\/bazaar.express\/de\/wp-json\/wp\/v2\/comments?post=37044"}],"wp:featuredmedia":[{"embeddable":true,"href":"https:\/\/bazaar.express\/de\/wp-json\/wp\/v2\/media\/36944"}],"wp:attachment":[{"href":"https:\/\/bazaar.express\/de\/wp-json\/wp\/v2\/media?parent=37044"}],"wp:term":[{"taxonomy":"product_brand","embeddable":true,"href":"https:\/\/bazaar.express\/de\/wp-json\/wp\/v2\/product_brand?post=37044"},{"taxonomy":"product_cat","embeddable":true,"href":"https:\/\/bazaar.express\/de\/wp-json\/wp\/v2\/product_cat?post=37044"},{"taxonomy":"product_tag","embeddable":true,"href":"https:\/\/bazaar.express\/de\/wp-json\/wp\/v2\/product_tag?post=37044"}],"curies":[{"name":"wp","href":"https:\/\/api.w.org\/{rel}","templated":true}]}}