{"id":37065,"date":"2025-07-15T23:26:17","date_gmt":"2025-07-15T23:26:17","guid":{"rendered":"https:\/\/bazaar.express\/product\/kollagen-creme\/"},"modified":"2025-07-15T23:26:17","modified_gmt":"2025-07-15T23:26:17","slug":"kollagen-creme","status":"publish","type":"product","link":"https:\/\/bazaar.express\/de\/produkt\/kollagen-creme\/","title":{"rendered":"Kollagen Creme"},"content":{"rendered":"<h2 data-start=\"319\" data-end=\"400\">Orgakera Kollagen Creme \u2013 Fortschrittliche Pflege f\u00fcr jugendliche, strahlende Haut<\/h2>\n<h3 data-start=\"402\" data-end=\"457\">Ihr t\u00e4gliches Anti-Aging-Pflege-Ritual beginnt hier<\/h3>\n<p data-start=\"459\" data-end=\"837\">Entdecken Sie das luxuri\u00f6se Erlebnis der <strong data-start=\"496\" data-end=\"523\">Orgakera Kollagen Creme<\/strong>, einer reichen und tief n\u00e4hrenden Anti-Aging-Behandlung, die Ihre Haut ver\u00e4ndern soll. Angereichert mit einer potenten Mischung aus <strong data-start=\"639\" data-end=\"651\">Kollagen<\/strong>, <strong data-start=\"653\" data-end=\"668\">Niacinamid<\/strong> und <strong data-start=\"674\" data-end=\"696\">nat\u00fcrlichen Botanicals<\/strong>, liefert diese intensive Creme langanhaltende Feuchtigkeit, verbessert die Elastizit\u00e4t und hilft Ihnen, eine sichtbar glattere, hellere Haut zu erreichen.<\/p>\n<p data-start=\"839\" data-end=\"989\">Entwickelt f\u00fcr alle Hauttypen \u2013 insbesondere f\u00fcr die mit Anzeichen des Alterns \u2013 bringt dieses Pflegeessenzial einen Salon-Glanz in Ihre t\u00e4gliche Routine.<\/p>\n<h3 data-start=\"996\" data-end=\"1045\">Warum Sie diese kollagenangereicherte Creme lieben werden<\/h3>\n<h4 data-start=\"1047\" data-end=\"1089\"> Gl\u00e4ttet Falten &#038; strafft die Haut<\/h4>\n<p data-start=\"1090\" data-end=\"1277\">Hydrolysiertes Kollagen dringt tief ein, um die Hauttextur und Elastizit\u00e4t zu verbessern. Feine Linien und Falten werden mit konstanter Anwendung weniger sichtbar und enth\u00fcllen ein festeres, pralleres Erscheinungsbild.<\/p>\n<h4 data-start=\"1279\" data-end=\"1321\"> Hellt auf und stellt einen ebenen Ton wieder her<\/h4>\n<p data-start=\"1322\" data-end=\"1482\">Niacinamid hilft, dunkle Flecken und Verf\u00e4rbungen zu verblassen, w\u00e4hrend es die Poren verfeinert und einen leuchtenden, ebenm\u00e4\u00dfigen Ton liefert. Sagen Sie Lebewohl zur Tristesse und ungleichm\u00e4\u00dfiger Haut!<\/p>\n<h4 data-start=\"1484\" data-end=\"1530\"> Intensive Feuchtigkeit ohne Fett<\/h4>\n<p data-start=\"1531\" data-end=\"1728\">Formuliert mit <strong data-start=\"1547\" data-end=\"1561\">Jojoba\u00f6l<\/strong>, <strong data-start=\"1563\" data-end=\"1576\">Argan\u00f6l<\/strong>, <strong data-start=\"1578\" data-end=\"1593\">Sheabutter<\/strong> und <strong data-start=\"1599\" data-end=\"1612\">Aloe Vera<\/strong>, stellt diese Creme die Feuchtigkeitsbarriere der Haut wieder her, ohne die Poren zu verstopfen \u2013 ideal f\u00fcr trockene, kombinierte oder \u00f6lige Haut.<\/p>\n<h4 data-start=\"1730\" data-end=\"1777\"> Antioxidativer Schutz f\u00fcr gesunde Haut<\/h4>\n<p data-start=\"1778\" data-end=\"1967\"><strong data-start=\"1778\" data-end=\"1791\">Vitamin E<\/strong>, <strong data-start=\"1793\" data-end=\"1806\">Vitamin A<\/strong> und <strong data-start=\"1812\" data-end=\"1824\">Koffein<\/strong> wirken als Schutzmittel, sch\u00fctzen Ihre Haut vor Verschmutzung, Stress und fr\u00fchen Alterungszeichen und unterst\u00fctzen die Zellregeneration und Hautreparatur.<\/p>\n<h4 data-start=\"1969\" data-end=\"2010\"> Glanzfreies Gleichgewicht f\u00fcr \u00f6lige Haut<\/h4>\n<p data-start=\"2011\" data-end=\"2167\">Leicht und doch tief n\u00e4hrend, absorbiert diese Creme \u00fcbersch\u00fcssiges \u00d6l, w\u00e4hrend sie optimale Feuchtigkeit aufrechterh\u00e4lt und Ihrer Haut den ganzen Tag \u00fcber einen glatten, matten Finish verleiht.<\/p>\n<h3 data-start=\"2174\" data-end=\"2196\">Sterne-Inhaltsstoffe<\/h3>\n<ul data-start=\"2198\" data-end=\"2686\">\n<li data-start=\"2198\" data-end=\"2266\">\n<p data-start=\"2200\" data-end=\"2266\"><strong data-start=\"2200\" data-end=\"2223\">Hydrolysiertes Kollagen<\/strong> \u2013 F\u00f6rdert Elastizit\u00e4t, verbessert Festigkeit<\/p>\n<\/li>\n<li data-start=\"2267\" data-end=\"2333\">\n<p data-start=\"2269\" data-end=\"2333\"><strong data-start=\"2269\" data-end=\"2297\">Niacinamid (Vitamin B3)<\/strong> \u2013 Hellt die Haut auf, verfeinert die Textur<\/p>\n<\/li>\n<li data-start=\"2334\" data-end=\"2398\">\n<p data-start=\"2336\" data-end=\"2398\"><strong data-start=\"2336\" data-end=\"2359\">Jojoba- &#038; Argan\u00f6le<\/strong> \u2013 Spenden tiefe Feuchtigkeit und stellen das Gleichgewicht wieder her<\/p>\n<\/li>\n<li data-start=\"2399\" data-end=\"2460\">\n<p data-start=\"2401\" data-end=\"2460\"><strong data-start=\"2401\" data-end=\"2428\">Sheabutter &#038; Aloe Vera<\/strong> \u2013 Beruhigen, erweichen und n\u00e4hren<\/p>\n<\/li>\n<li data-start=\"2461\" data-end=\"2528\">\n<p data-start=\"2463\" data-end=\"2528\"><strong data-start=\"2463\" data-end=\"2481\">Vitamine A &#038; E<\/strong> \u2013 M\u00e4chtige Antioxidantien zum Schutz und Erneuern<\/p>\n<\/li>\n<li data-start=\"2529\" data-end=\"2601\">\n<p data-start=\"2531\" data-end=\"2601\"><strong data-start=\"2531\" data-end=\"2553\">Koffein &#038; Bienenwachs<\/strong> \u2013 Straffen und sch\u00fctzen, w\u00e4hrend sie Feuchtigkeit einschlie\u00dfen<\/p>\n<\/li>\n<li data-start=\"2602\" data-end=\"2686\">\n<p data-start=\"2604\" data-end=\"2686\"><strong data-start=\"2604\" data-end=\"2656\">Glycerin, Propylenglykol, Polyvinylpyrrolidon<\/strong> \u2013 Erhalten langanhaltende Feuchtigkeit<\/p>\n<\/li>\n<\/ul>\n<h3 data-start=\"2693\" data-end=\"2711\">So auftragen<\/h3>\n<ol data-start=\"2713\" data-end=\"3007\">\n<li data-start=\"2713\" data-end=\"2747\">\n<p data-start=\"2716\" data-end=\"2747\">Beginnen Sie mit einem sauberen, trockenen Gesicht.<\/p>\n<\/li>\n<li data-start=\"2748\" data-end=\"2810\">\n<p data-start=\"2751\" data-end=\"2810\">Tragen Sie eine moderate Menge gleichm\u00e4\u00dfig auf Gesicht und Hals auf.<\/p>\n<\/li>\n<li data-start=\"2811\" data-end=\"2876\">\n<p data-start=\"2814\" data-end=\"2876\">Lassen Sie es <strong data-start=\"2830\" data-end=\"2847\">15\u201320 Minuten<\/strong> einwirken, um tiefe Penetration zu erm\u00f6glichen.<\/p>\n<\/li>\n<li data-start=\"2877\" data-end=\"2943\">\n<p data-start=\"2880\" data-end=\"2943\">Entfernen Sie es sanft oder massieren Sie das verbleibende Produkt in die Haut ein.<\/p>\n<\/li>\n<li data-start=\"2944\" data-end=\"3007\">\n<p data-start=\"2947\" data-end=\"3007\">F\u00fcr beste Ergebnisse zweimal t\u00e4glich anwenden \u2013 morgens und abends.<\/p>\n<\/li>\n<\/ol>\n<h3 data-start=\"3014\" data-end=\"3040\">Wichtige Anwendungstipps<\/h3>\n<ul data-start=\"3042\" data-end=\"3305\">\n<li data-start=\"3042\" data-end=\"3071\">\n<p data-start=\"3044\" data-end=\"3071\">Nur <strong data-start=\"3048\" data-end=\"3069\">\u00e4u\u00dferlich anwenden<\/strong><\/p>\n<\/li>\n<li data-start=\"3072\" data-end=\"3099\">\n<p data-start=\"3074\" data-end=\"3099\">Vermeiden Sie Kontakt mit den Augen<\/p>\n<\/li>\n<li data-start=\"3100\" data-end=\"3140\">\n<p data-start=\"3102\" data-end=\"3140\">Bei Reizungen die Anwendung abbrechen<\/p>\n<\/li>\n<li data-start=\"3141\" data-end=\"3201\">\n<p data-start=\"3143\" data-end=\"3201\">An einem <strong data-start=\"3154\" data-end=\"3173\">k\u00fchlen, trockenen Ort<\/strong> aufbewahren, fern von direktem Sonnenlicht<\/p>\n<\/li>\n<li data-start=\"3202\" data-end=\"3235\">\n<p data-start=\"3204\" data-end=\"3235\">Au\u00dfer Reichweite von Kindern aufbewahren<\/p>\n<\/li>\n<li data-start=\"3236\" data-end=\"3305\">\n<p data-start=\"3238\" data-end=\"3305\">F\u00fchren Sie vor der Anwendung einen Patch-Test durch, wenn Sie empfindliche oder allergieanf\u00e4llige Haut haben<\/p>\n<\/li>\n<\/ul>\n<p data-start=\"3657\" data-end=\"3887\">Lassen Sie die <strong data-start=\"3661\" data-end=\"3688\">Orgakera Kollagen Creme<\/strong> Ihren zuverl\u00e4ssigen Schritt zum Erreichen jugendlicher, feuchtigkeitsges\u00e4ttigter und strahlender Haut sein. Diese fortschrittliche Formel ist mehr als eine Behandlung \u2013 es ist ein vollst\u00e4ndiges Pflege-Ritual, das nahtlos in Ihre t\u00e4gliche Routine passt.<\/p>\n<p data-start=\"3889\" data-end=\"3964\">Sagen Sie Lebewohl zur m\u00fcden, dullen Haut und hallo zu einem frischeren, selbstbewussteren Ich.<\/p>\n<p style=\"text-align: center;\">Vielen Dank, dass Sie bei <em data-start=\"415\" data-end=\"431\"><a href=\"https:\/\/bazaar.express\/de\/\">Bazaar Express<\/a><\/em> einkaufen \u2013 wir freuen uns, Sie hier zu haben!<\/p>\n<p style=\"text-align: center;\">Ihre Reise zu besserer Selbstpflege beginnt hier \u2013 mit vertrauensw\u00fcrdiger <a href=\"https:\/\/bazaar.express\/product-category\/beauty-care\/\">Beauty &#038; Care<\/a>.<\/p>\n","protected":false},"excerpt":{"rendered":"<h3 data-start=\"4282\" data-end=\"4465\">Die Orgakera Kollagen Creme ist eine luxuri\u00f6se Anti-Aging-Behandlung, die Kollagen, Niacinamid und n\u00e4hrende \u00d6le kombiniert, um die Haut zu feuchtigen, zu straffen und aufzuhellen f\u00fcr einen sichtbar jugendlichen Glanz.<\/h3>\n","protected":false},"featured_media":37066,"comment_status":"open","ping_status":"closed","template":"","meta":[],"product_brand":[],"product_cat":[962,969],"product_tag":[980,979,978],"class_list":{"0":"post-37065","1":"product","2":"type-product","3":"status-publish","4":"has-post-thumbnail","6":"product_cat-beauty-pflege","7":"product_cat-beste-aus-agypten","8":"product_tag-beauty-pflege","9":"product_tag-hautpflege","10":"product_tag-naturliches-ol","12":"first","13":"instock","14":"sale","15":"shipping-taxable","16":"purchasable","17":"product-type-simple"},"_links":{"self":[{"href":"https:\/\/bazaar.express\/de\/wp-json\/wp\/v2\/product\/37065","targetHints":{"allow":["GET"]}}],"collection":[{"href":"https:\/\/bazaar.express\/de\/wp-json\/wp\/v2\/product"}],"about":[{"href":"https:\/\/bazaar.express\/de\/wp-json\/wp\/v2\/types\/product"}],"replies":[{"embeddable":true,"href":"https:\/\/bazaar.express\/de\/wp-json\/wp\/v2\/comments?post=37065"}],"wp:featuredmedia":[{"embeddable":true,"href":"https:\/\/bazaar.express\/de\/wp-json\/wp\/v2\/media\/37066"}],"wp:attachment":[{"href":"https:\/\/bazaar.express\/de\/wp-json\/wp\/v2\/media?parent=37065"}],"wp:term":[{"taxonomy":"product_brand","embeddable":true,"href":"https:\/\/bazaar.express\/de\/wp-json\/wp\/v2\/product_brand?post=37065"},{"taxonomy":"product_cat","embeddable":true,"href":"https:\/\/bazaar.express\/de\/wp-json\/wp\/v2\/product_cat?post=37065"},{"taxonomy":"product_tag","embeddable":true,"href":"https:\/\/bazaar.express\/de\/wp-json\/wp\/v2\/product_tag?post=37065"}],"curies":[{"name":"wp","href":"https:\/\/api.w.org\/{rel}","templated":true}]}}