{"id":37075,"date":"2025-08-01T00:52:31","date_gmt":"2025-08-01T00:52:31","guid":{"rendered":"https:\/\/bazaar.express\/product\/ziegenmilchcreme\/"},"modified":"2025-11-23T18:58:47","modified_gmt":"2025-11-23T18:58:47","slug":"ziegenmilchcreme","status":"publish","type":"product","link":"https:\/\/bazaar.express\/de\/produkt\/ziegenmilchcreme\/","title":{"rendered":"Ziegenmilchcreme"},"content":{"rendered":"<h2 data-start=\"220\" data-end=\"280\">Ziegenmilchcreme \u2013 Sanfte Kraft f\u00fcr nat\u00fcrlich strahlende Haut<\/h2>\n<p data-start=\"282\" data-end=\"588\">Entdecken Sie die n\u00e4hrende Magie der <strong data-start=\"315\" data-end=\"334\">Ziegenmilchcreme<\/strong>, eine luxuri\u00f6se Pflege, die Ihre Haut tief feuchtigt, beruhigt und erneuert. Mit ihrer cremigen Textur und nat\u00fcrlichen, reichhaltigen Inhaltsstoffen ist diese Feuchtigkeitscreme unverzichtbar f\u00fcr alle, die eine weichere, glattere und strahlendere Haut w\u00fcnschen \u2013 ohne Reizungen.<\/p>\n<p data-start=\"590\" data-end=\"721\">Entwickelt von <strong data-start=\"604\" data-end=\"624\">R&#038;B Royal Beauty<\/strong>, ist diese Creme voller hautfreundlicher Vorteile und sicher f\u00fcr sogar die empfindlichste Haut.<\/p>\n<h3 data-start=\"728\" data-end=\"746\">Warum Ziegenmilch?<\/h3>\n<p data-start=\"748\" data-end=\"911\"><strong data-start=\"748\" data-end=\"761\">Ziegenmilch<\/strong> wird seit Jahrhunderten in der Hautpflege verwendet, dank ihres hohen Gehalts an <strong data-start=\"832\" data-end=\"857\">Vitaminen A, D und B6<\/strong>, <strong data-start=\"859\" data-end=\"874\">Milchs\u00e4ure<\/strong> und <strong data-start=\"880\" data-end=\"895\">Fetts\u00e4uren<\/strong>. Sie ist bekannt daf\u00fcr, folgendes zu tun:<\/p>\n<ul data-start=\"913\" data-end=\"1101\">\n<li data-start=\"913\" data-end=\"946\">\n<p data-start=\"915\" data-end=\"946\">Den nat\u00fcrlichen pH-Wert der Haut auszugleichen<\/p>\n<\/li>\n<li data-start=\"947\" data-end=\"996\">\n<p data-start=\"949\" data-end=\"996\">Eine milde Exfoliation f\u00fcr eine glattere Textur zu bieten<\/p>\n<\/li>\n<li data-start=\"997\" data-end=\"1031\">\n<p data-start=\"999\" data-end=\"1031\">Eine gesunde Hautbarriere zu unterst\u00fctzen<\/p>\n<\/li>\n<li data-start=\"1032\" data-end=\"1066\">\n<p data-start=\"1034\" data-end=\"1066\">Zu feuchtigen, ohne Poren zu verstopfen<\/p>\n<\/li>\n<li data-start=\"1067\" data-end=\"1101\">\n<p data-start=\"1069\" data-end=\"1101\">R\u00f6tungen und Empfindlichkeit zu lindern<\/p>\n<\/li>\n<\/ul>\n<p data-start=\"1103\" data-end=\"1134\">Das macht Ziegenmilch ideal f\u00fcr:<\/p>\n<p data-start=\"1136\" data-end=\"1252\">\u2714\ufe0f Trockene, schuppige oder gereizte Haut<br data-start=\"1168\" data-end=\"1171\" \/>\u2714\ufe0f Empfindliche und allergieanf\u00e4llige Haut<br data-start=\"1206\" data-end=\"1209\" \/>\u2714\ufe0f T\u00e4gliche Feuchtigkeitspflege und Anti-Aging<\/p>\n<h3 data-start=\"1259\" data-end=\"1298\">Wichtige Vorteile unserer Ziegenmilchcreme<\/h3>\n<ul data-start=\"1300\" data-end=\"1634\">\n<li data-start=\"1300\" data-end=\"1362\">\n<p data-start=\"1302\" data-end=\"1362\"><strong data-start=\"1305\" data-end=\"1336\">Bereichert mit reiner Ziegenmilch<\/strong> f\u00fcr maximale N\u00e4hrung<\/p>\n<\/li>\n<li data-start=\"1363\" data-end=\"1419\">\n<p data-start=\"1365\" data-end=\"1419\"><strong data-start=\"1368\" data-end=\"1389\">Klinisch getestet<\/strong> und sicher f\u00fcr empfindliche Haut<\/p>\n<\/li>\n<li data-start=\"1420\" data-end=\"1474\">\n<p data-start=\"1422\" data-end=\"1474\"> Bietet langanhaltende <strong data-start=\"1447\" data-end=\"1472\">Feuchtigkeit und Weichheit<\/strong><\/p>\n<\/li>\n<li data-start=\"1475\" data-end=\"1524\">\n<p data-start=\"1477\" data-end=\"1524\"><strong data-start=\"1480\" data-end=\"1500\">Sanfter Duft<\/strong> und nicht fettender Abschluss<\/p>\n<\/li>\n<li data-start=\"1525\" data-end=\"1579\">\n<p data-start=\"1527\" data-end=\"1579\"> Hilft, besch\u00e4digte Haut zu reparieren und den Hautton zu verbessern<\/p>\n<\/li>\n<li data-start=\"1580\" data-end=\"1634\">\n<p data-start=\"1582\" data-end=\"1634\"> Elegantes 250g <strong data-start=\"1598\" data-end=\"1611\">Glasgef\u00e4\u00df<\/strong> \u2013 f\u00fcr den t\u00e4glichen Gebrauch<\/p>\n<\/li>\n<\/ul>\n<p data-start=\"1636\" data-end=\"1749\">Ob Sie trockene Haut wiederherstellen oder gesunde Feuchtigkeit erhalten m\u00f6chten, diese Creme ist Ihre All-in-One-L\u00f6sung.<\/p>\n<h3 data-start=\"1756\" data-end=\"1770\">Anwendung<\/h3>\n<p data-start=\"1772\" data-end=\"1962\">Tragen Sie eine kleine Menge auf saubere, trockene Haut auf.<br data-start=\"1812\" data-end=\"1815\" \/>Massieren Sie sanft mit kreisenden Bewegungen oder tupfen Sie leicht, bis es eingezogen ist.<br data-start=\"1882\" data-end=\"1885\" \/>Verwenden Sie es zweimal t\u00e4glich oder nach Bedarf \u2013 besonders nach dem Gesichtwaschen oder Duschen.<\/p>\n<blockquote data-start=\"1964\" data-end=\"2020\">\n<p data-start=\"1966\" data-end=\"2020\">Nur zur \u00e4u\u00dferlichen Anwendung. Direkten Kontakt mit den Augen vermeiden.<\/p>\n<\/blockquote>\n<h3 data-start=\"2027\" data-end=\"2066\">Hautpflege mit einem Hauch Tradition<\/h3>\n<p data-start=\"2068\" data-end=\"2306\">In \u00c4gypten hergestellt, verbindet unsere <strong data-start=\"2087\" data-end=\"2106\">Ziegenmilchcreme<\/strong> uraltes Sch\u00f6nheitswissen mit moderner Hautpflegewissenschaft. Sie liefert die reichen Vorteile von Ziegenmilch in einer weichen, cremigen Textur, die in Ihre Haut schmilzt und sie strahlend, glatt und erfrischt zur\u00fcckl\u00e4sst.<\/p>\n<p data-start=\"2313\" data-end=\"2409\"><strong data-start=\"2313\" data-end=\"2354\">Hergestellt in \u00c4gypten \u2013 Nur zur \u00e4u\u00dferlichen Anwendung<\/strong><br data-start=\"2354\" data-end=\"2357\" \/><strong data-start=\"2357\" data-end=\"2409\">250g | Glasgef\u00e4\u00df | Entwickelt von R&#038;B Royal Beauty<\/strong><\/p>\n<h3 data-start=\"2416\" data-end=\"2480\">Lassen Sie Ihre Haut den Unterschied von der ersten Anwendung sp\u00fcren.<\/h3>\n<p data-start=\"2481\" data-end=\"2621\">\u2728 <strong data-start=\"2483\" data-end=\"2546\">Erleben Sie weiche, strahlende, tief feuchtigkeitsges\u00e4ttigte Haut \u2013 jeden Tag.<\/strong><br data-start=\"2546\" data-end=\"2549\" \/>\ud83d\uded2 <strong data-start=\"2552\" data-end=\"2621\">In den Warenkorb legen und Ihre Haut mit der besten nat\u00fcrlichen Pflege verw\u00f6hnen!<\/strong><\/p>\n<p>&nbsp;<\/p>\n<p style=\"text-align: center;\">Vielen Dank, dass Sie bei <a href=\"https:\/\/bazaar.express\/de\/\">Bazaar Express<\/a> einkaufen \u2013 wir freuen uns, Sie dabei zu haben!<\/p>\n<p style=\"text-align: center;\">Ihre Reise zu besserer Selbstpflege beginnt hier \u2013 mit vertrauensw\u00fcrdiger <a href=\"https:\/\/bazaar.express\/product-category\/beauty-care\/\">Beauty &#038; Care<\/a>.<\/p>\n","protected":false},"excerpt":{"rendered":"<h3 data-start=\"494\" data-end=\"631\">Eine reiche, nicht fettende Feuchtigkeitscreme mit Ziegenmilch zur Hydration, Beruhigung und Wiederherstellung der Haut. Ideal f\u00fcr empfindliche Haut. 250g. Hergestellt in \u00c4gypten.<\/h3>\n","protected":false},"featured_media":37076,"comment_status":"open","ping_status":"closed","template":"","meta":[],"product_brand":[],"product_cat":[962,969,971],"product_tag":[980,979,981],"class_list":{"0":"post-37075","1":"product","2":"type-product","3":"status-publish","4":"has-post-thumbnail","6":"product_cat-beauty-pflege","7":"product_cat-beste-aus-agypten","8":"product_cat-top-angebote","9":"product_tag-beauty-pflege","10":"product_tag-hautpflege","11":"product_tag-kamelmilch","13":"first","14":"instock","15":"sale","16":"shipping-taxable","17":"purchasable","18":"product-type-simple"},"_links":{"self":[{"href":"https:\/\/bazaar.express\/de\/wp-json\/wp\/v2\/product\/37075","targetHints":{"allow":["GET"]}}],"collection":[{"href":"https:\/\/bazaar.express\/de\/wp-json\/wp\/v2\/product"}],"about":[{"href":"https:\/\/bazaar.express\/de\/wp-json\/wp\/v2\/types\/product"}],"replies":[{"embeddable":true,"href":"https:\/\/bazaar.express\/de\/wp-json\/wp\/v2\/comments?post=37075"}],"wp:featuredmedia":[{"embeddable":true,"href":"https:\/\/bazaar.express\/de\/wp-json\/wp\/v2\/media\/37076"}],"wp:attachment":[{"href":"https:\/\/bazaar.express\/de\/wp-json\/wp\/v2\/media?parent=37075"}],"wp:term":[{"taxonomy":"product_brand","embeddable":true,"href":"https:\/\/bazaar.express\/de\/wp-json\/wp\/v2\/product_brand?post=37075"},{"taxonomy":"product_cat","embeddable":true,"href":"https:\/\/bazaar.express\/de\/wp-json\/wp\/v2\/product_cat?post=37075"},{"taxonomy":"product_tag","embeddable":true,"href":"https:\/\/bazaar.express\/de\/wp-json\/wp\/v2\/product_tag?post=37075"}],"curies":[{"name":"wp","href":"https:\/\/api.w.org\/{rel}","templated":true}]}}