{"id":37096,"date":"2025-04-25T20:10:34","date_gmt":"2025-04-25T20:10:34","guid":{"rendered":"https:\/\/bazaar.express\/product\/aegyptische-magie-haarwunder\/"},"modified":"2025-11-23T18:58:51","modified_gmt":"2025-11-23T18:58:51","slug":"aegyptische-magie-haarwunder","status":"publish","type":"product","link":"https:\/\/bazaar.express\/de\/produkt\/aegyptische-magie-haarwunder\/","title":{"rendered":"\u00c4gyptische Magie Haarwunder"},"content":{"rendered":"<h2 data-start=\"289\" data-end=\"379\">\u00c4gyptische Magie Haarwunder \u2013 Die ultimative nat\u00fcrliche L\u00f6sung f\u00fcr Haarwachstum und gegen Haarausfall<\/h2>\n<h3 data-start=\"381\" data-end=\"443\">Entdecken Sie die Geheimnisse des alten \u00c4gypten f\u00fcr schnelleres Haarwachstum<\/h3>\n<p data-start=\"445\" data-end=\"730\">Seit Jahrhunderten verlassen sich \u00c4gypter auf die besten \u00d6le der Natur, um beneidenswert starkes, langes und strahlendes Haar zu erzielen. <strong data-start=\"558\" data-end=\"589\">\u00c4gyptische Magie Haarwunder<\/strong> belebt diese alte Weisheit in einer modernen Formel wieder, die Haarausfall stoppt, das <strong data-start=\"672\" data-end=\"687\">Haarwachstum<\/strong> f\u00f6rdert und die Kopfhautgesundheit nat\u00fcrlich wiederherstellt.<\/p>\n<p data-start=\"732\" data-end=\"960\">Diese wirkungsvolle 2-in-1-Haarpflege kombiniert die belebende Kraft von <strong data-start=\"805\" data-end=\"823\">Tnerh Hair Oil<\/strong> mit der follikelstimulierenden St\u00e4rke von <strong data-start=\"865\" data-end=\"889\">NAKAA Hair Oil Blend<\/strong> und schafft eine synergistische L\u00f6sung, die bei allen Haartypen Wunder wirkt.<\/p>\n<h3 data-start=\"967\" data-end=\"1020\">Warum \u00c4gyptische Magie Haarwunder ein Game-Changer ist<\/h3>\n<p data-start=\"1022\" data-end=\"1382\">\u2714 <strong data-start=\"1024\" data-end=\"1063\">Alte Formel, moderne Ergebnisse<\/strong> \u2013 Inspiriert von traditionellen \u00e4gyptischen Haarritualen der K\u00f6nige<br data-start=\"1127\" data-end=\"1130\" \/>\u2714 <strong data-start=\"1132\" data-end=\"1153\">Doppelte Wirkung<\/strong> \u2013 Bek\u00e4mpft Haarausd\u00fcnnung, Spliss, Schuppen und Trockenheit<br data-start=\"1212\" data-end=\"1215\" \/>\u2714 <strong data-start=\"1217\" data-end=\"1250\">Vollkommen nat\u00fcrliche kaltgepresste \u00d6le<\/strong> \u2013 Ohne Chemikalien, Parabene oder Sulfate<br data-start=\"1288\" data-end=\"1291\" \/>\u2714 <strong data-start=\"1293\" data-end=\"1320\">Sichtbare Ergebnisse in Tagen<\/strong> \u2013 Reduziert Haarausfall und stimuliert Wachstum ab der ersten Woche<\/p>\n<h3 data-start=\"1389\" data-end=\"1438\">Tiefe Pflege mit Tnerh Hair Oil \u2013 120 ml<\/h3>\n<p data-start=\"1440\" data-end=\"1510\">Diese \u00d6lmischung konzentriert sich auf <strong data-start=\"1466\" data-end=\"1502\">Haarfestigkeit und tiefe Feuchtigkeit<\/strong> und verwendet:<\/p>\n<ul data-start=\"1512\" data-end=\"1801\">\n<li data-start=\"1512\" data-end=\"1571\">\n<p data-start=\"1514\" data-end=\"1571\"><strong data-start=\"1514\" data-end=\"1528\">Jojoba\u00f6l<\/strong>: Reguliert den Talg der Kopfhaut und spendet Feuchtigkeit<\/p>\n<\/li>\n<li data-start=\"1572\" data-end=\"1617\">\n<p data-start=\"1574\" data-end=\"1617\"><strong data-start=\"1574\" data-end=\"1589\">Kokos\u00f6l<\/strong>: Repariert besch\u00e4digte Kutikula<\/p>\n<\/li>\n<li data-start=\"1618\" data-end=\"1688\">\n<p data-start=\"1620\" data-end=\"1688\"><strong data-start=\"1620\" data-end=\"1634\">Rizinus\u00f6l<\/strong>: Reich an Rizins\u00e4ure, st\u00e4rkt die Haarfestigkeit<\/p>\n<\/li>\n<li data-start=\"1689\" data-end=\"1748\">\n<p data-start=\"1691\" data-end=\"1748\"><strong data-start=\"1691\" data-end=\"1705\">Sesam\u00f6l<\/strong>: Nat\u00fcrlicher LSF f\u00fcr Haar gegen Sonnensch\u00e4den<\/p>\n<\/li>\n<li data-start=\"1749\" data-end=\"1801\">\n<p data-start=\"1751\" data-end=\"1801\"><strong data-start=\"1751\" data-end=\"1766\">Senf\u00f6l<\/strong>: Verbessert den Blutfluss zu den Haarwurzeln<\/p>\n<\/li>\n<\/ul>\n<p data-start=\"1803\" data-end=\"1910\">Diese einzigartige Kombination st\u00e4rkt jeden Haarstrang, reduziert Spliss und l\u00e4sst das Haar gl\u00e4nzend, weich und geschmeidig wirken.<\/p>\n<h3 data-start=\"1917\" data-end=\"1972\">Intensiver Wachstumssupport mit NAKAA Hair Oil \u2013 100 ml<\/h3>\n<p data-start=\"1974\" data-end=\"2041\">Der <strong data-start=\"1978\" data-end=\"1998\">Wachstumsaktivator<\/strong> in dieser Formel ist die kraftvolle Mischung von NAKAA:<\/p>\n<ul data-start=\"2043\" data-end=\"2292\">\n<li data-start=\"2043\" data-end=\"2099\">\n<p data-start=\"2045\" data-end=\"2099\"><strong data-start=\"2045\" data-end=\"2059\">Mandel\u00f6l<\/strong>: Pflegt und weicht den Haarschaft auf<\/p>\n<\/li>\n<li data-start=\"2100\" data-end=\"2154\">\n<p data-start=\"2102\" data-end=\"2154\"><strong data-start=\"2102\" data-end=\"2116\">Rizinus\u00f6l<\/strong>: F\u00f6rdert <strong data-start=\"2125\" data-end=\"2140\">Haarwachstum<\/strong> und Dichte<\/p>\n<\/li>\n<li data-start=\"2155\" data-end=\"2221\">\n<p data-start=\"2157\" data-end=\"2221\"><strong data-start=\"2157\" data-end=\"2171\">Jojoba\u00f6l<\/strong>: Imitiert nat\u00fcrliches Kopfhaut\u00f6l f\u00fcr tiefere Aufnahme<\/p>\n<\/li>\n<li data-start=\"2222\" data-end=\"2292\">\n<p data-start=\"2224\" data-end=\"2292\"><strong data-start=\"2224\" data-end=\"2248\">Rucola (Ruqola) \u00d6l<\/strong>: Stimuliert schwache oder inaktive Haarfollikel<\/p>\n<\/li>\n<\/ul>\n<p data-start=\"2294\" data-end=\"2409\">Dieses \u00d6l zielt auf Haarausd\u00fcnnung an der Wurzel ab und hilft, den Haarausfall um bis zu 78 % <strong data-start=\"2349\" data-end=\"2382\">zu reduzieren<\/strong>, wie Testnutzer berichten.<\/p>\n<h3 data-start=\"2416\" data-end=\"2453\">Erleben Sie echte Ergebnisse in nur einer Woche<\/h3>\n<ul data-start=\"2455\" data-end=\"2631\">\n<li data-start=\"2455\" data-end=\"2518\">\n<p data-start=\"2457\" data-end=\"2518\"><strong data-start=\"2457\" data-end=\"2468\">Tag 3\u20137<\/strong>: Weniger Haarausfall in der B\u00fcrste und auf dem Kissen<\/p>\n<\/li>\n<li data-start=\"2519\" data-end=\"2565\">\n<p data-start=\"2521\" data-end=\"2565\"><strong data-start=\"2521\" data-end=\"2531\">Woche 2<\/strong>: Neue Babyhaare beginnen zu sprie\u00dfen<\/p>\n<\/li>\n<li data-start=\"2566\" data-end=\"2631\">\n<p data-start=\"2568\" data-end=\"2631\"><strong data-start=\"2568\" data-end=\"2578\">Woche 4<\/strong>: Deutlich dickere, l\u00e4ngere und ges\u00fcndere Str\u00e4hnen<\/p>\n<\/li>\n<\/ul>\n<p data-start=\"2633\" data-end=\"2760\">Regelm\u00e4\u00dfige Anwendung beschleunigt nicht nur das <strong data-start=\"2662\" data-end=\"2688\">Haarwachstum<\/strong>, sondern stellt auch verlorenes Volumen wieder her, repariert Br\u00fcche und st\u00e4rkt die Kopfhautgesundheit.<\/p>\n<h3 data-start=\"2767\" data-end=\"2810\">So verwenden Sie dieses nat\u00fcrliche Haarwachstums-Duo<\/h3>\n<h4 data-start=\"2812\" data-end=\"2836\">F\u00fcr maximales Wachstum:<\/h4>\n<ul data-start=\"2837\" data-end=\"2991\">\n<li data-start=\"2837\" data-end=\"2864\">\n<p data-start=\"2839\" data-end=\"2864\">Mischen Sie 3 Tropfen jedes \u00d6ls<\/p>\n<\/li>\n<li data-start=\"2865\" data-end=\"2882\">\n<p data-start=\"2867\" data-end=\"2882\">Leicht erw\u00e4rmen<\/p>\n<\/li>\n<li data-start=\"2883\" data-end=\"2932\">\n<p data-start=\"2885\" data-end=\"2932\">Tief in die Kopfhaut massieren f\u00fcr 5\u20137 Minuten<\/p>\n<\/li>\n<li data-start=\"2933\" data-end=\"2991\">\n<p data-start=\"2935\" data-end=\"2991\">\u00dcber Nacht einwirken lassen und morgens waschen (3 Mal pro Woche)<\/p>\n<\/li>\n<\/ul>\n<h4 data-start=\"2993\" data-end=\"3017\">F\u00fcr t\u00e4gliche St\u00e4rke:<\/h4>\n<ul data-start=\"3018\" data-end=\"3115\">\n<li data-start=\"3018\" data-end=\"3054\">\n<p data-start=\"3020\" data-end=\"3054\">Verwenden Sie morgens <strong data-start=\"3024\" data-end=\"3037\">NAKAA Oil<\/strong><\/p>\n<\/li>\n<li data-start=\"3055\" data-end=\"3115\">\n<p data-start=\"3057\" data-end=\"3115\">Tragen Sie abends <strong data-start=\"3063\" data-end=\"3076\">Tnerh Oil<\/strong> als Leave-in-Kopfhautpflege auf<\/p>\n<\/li>\n<\/ul>\n<h3 data-start=\"3122\" data-end=\"3157\">Was macht dieses Produkt einzigartig?<\/h3>\n<ul data-start=\"3159\" data-end=\"3489\">\n<li data-start=\"3159\" data-end=\"3234\">\n<p data-start=\"3161\" data-end=\"3234\"><strong data-start=\"3164\" data-end=\"3181\">Hergestellt in \u00c4gypten<\/strong> \u2013 Mit Stolz von erfahrenen \u00e4gyptischen Kr\u00e4uterexperten gefertigt<\/p>\n<\/li>\n<li data-start=\"3235\" data-end=\"3307\">\n<p data-start=\"3237\" data-end=\"3307\"><strong data-start=\"3240\" data-end=\"3254\">Markenname<\/strong>: <strong data-start=\"3256\" data-end=\"3265\">Lotus<\/strong>, ein Symbol f\u00fcr nat\u00fcrliche Reinheit und Wiedergeburt<\/p>\n<\/li>\n<li data-start=\"3308\" data-end=\"3348\">\n<p data-start=\"3310\" data-end=\"3348\"><strong data-start=\"3313\" data-end=\"3346\">100% Bio und kaltgepresst<\/strong><\/p>\n<\/li>\n<li data-start=\"3349\" data-end=\"3396\">\n<p data-start=\"3351\" data-end=\"3396\"><strong data-start=\"3354\" data-end=\"3394\">Klinisch inspiriert, traditionsbew\u00e4hrt<\/strong><\/p>\n<\/li>\n<li data-start=\"3397\" data-end=\"3489\">\n<p data-start=\"3399\" data-end=\"3489\"><strong data-start=\"3402\" data-end=\"3426\">Geld-zur\u00fcck-Garantie<\/strong> \u2013 Wenn Sie nach 30 Tagen nicht begeistert sind, k\u00fcmmern wir uns darum<\/p>\n<\/li>\n<\/ul>\n<h3 data-start=\"3496\" data-end=\"3528\">Ihr Haarpflege-Set enth\u00e4lt:<\/h3>\n<ul data-start=\"3530\" data-end=\"3599\">\n<li data-start=\"3530\" data-end=\"3565\">\n<p data-start=\"3532\" data-end=\"3565\">1 \u00d7 <strong data-start=\"3536\" data-end=\"3554\">Tnerh Hair Oil<\/strong> (120 ml)<\/p>\n<\/li>\n<li data-start=\"3566\" data-end=\"3599\">\n<p data-start=\"3568\" data-end=\"3599\">1 \u00d7 <strong data-start=\"3572\" data-end=\"3590\">NAKAA Hair Oil<\/strong> (100 ml)<\/p>\n<\/li>\n<\/ul>\n<p data-start=\"3601\" data-end=\"3737\">Jede Flasche ist mit den reinsten \u00d6len angereichert, die zusammenwirken, um dramatische Verbesserungen im <strong data-start=\"3700\" data-end=\"3715\">Haarwachstum<\/strong>, Glanz und Festigkeit zu erzielen.<\/p>\n<h3 data-start=\"4053\" data-end=\"4098\">Abschlie\u00dfende Gedanken: Lassen Sie die Natur ihre Magie wirken<\/h3>\n<p data-start=\"4100\" data-end=\"4370\">Das <strong data-start=\"4104\" data-end=\"4135\">\u00c4gyptische Magie Haarwunder<\/strong> ist mehr als ein Haarprodukt \u2013 es ist eine R\u00fcckkehr zu den zeitlosen Heilmitteln der Natur. Entwickelt, um Ihre Kopfhaut zu pflegen, die Follikelaktivit\u00e4t anzuregen und sp\u00fcrbares <strong data-start=\"4289\" data-end=\"4304\">Haarwachstum<\/strong> zu f\u00f6rdern, ist es Ihr bester Verb\u00fcndeter im Kampf gegen Ausd\u00fcnnung und Bruch.<\/p>\n<p data-start=\"4372\" data-end=\"4466\">Probieren Sie es 7 Tage lang aus und erleben Sie, was nat\u00fcrliche \u00d6le und alte Traditionen f\u00fcr Ihr Haar tun k\u00f6nnen.<\/p>\n<p data-start=\"4468\" data-end=\"4553\"><strong data-start=\"4468\" data-end=\"4553\">Jetzt bei BAZAAR EXPRESS erh\u00e4ltlich \u2013 Weil Ihr Haar die k\u00f6nigliche Behandlung verdient.<\/strong><\/p>\n<p style=\"text-align: center;\">Vielen Dank, dass Sie bei <em data-start=\"415\" data-end=\"431\"><a href=\"https:\/\/bazaar.express\/de\/\">Bazaar Express<\/a><\/em> einkaufen \u2013 wir freuen uns, Sie dabei zu haben!<\/p>\n<p style=\"text-align: center;\">Ihre Reise zu besserer Selbstpflege beginnt hier \u2013 mit vertrauensw\u00fcrdiger <a href=\"https:\/\/bazaar.express\/product-category\/beauty-care\/\">Beauty &#038; Care<\/a>.<\/p>\n","protected":false},"excerpt":{"rendered":"<h3>Erleben Sie die Kraft alter \u00e4gyptischer Sch\u00f6nheitsgeheimnisse mit dem \u00c4gyptischen Magie Haarwunder. Dieses Premium-Doppel\u00f6l-System (Tnerh &#038; NAKAA) stoppt Haarausfall, f\u00f6rdert schnelleres Wachstum und pflegt die Kopfhaut intensiv. Hergestellt mit kaltgepressten \u00d6len in \u00c4gypten von Lotus, ideal f\u00fcr alle Haartypen und sichtbare Ergebnisse in nur 7 Tagen.<\/h3>\n","protected":false},"featured_media":37102,"comment_status":"open","ping_status":"closed","template":"","meta":[],"product_brand":[],"product_cat":[962,969,973,963,971],"product_tag":[980,979,978,977],"class_list":{"0":"post-37096","1":"product","2":"type-product","3":"status-publish","4":"has-post-thumbnail","6":"product_cat-beauty-pflege","7":"product_cat-beste-aus-agypten","8":"product_cat-nakaa-naturliche-ole","9":"product_cat-therapeutische-ole","10":"product_cat-top-angebote","11":"product_tag-beauty-pflege","12":"product_tag-hautpflege","13":"product_tag-naturliches-ol","14":"product_tag-ol","16":"first","17":"instock","18":"sale","19":"shipping-taxable","20":"purchasable","21":"product-type-simple"},"_links":{"self":[{"href":"https:\/\/bazaar.express\/de\/wp-json\/wp\/v2\/product\/37096","targetHints":{"allow":["GET"]}}],"collection":[{"href":"https:\/\/bazaar.express\/de\/wp-json\/wp\/v2\/product"}],"about":[{"href":"https:\/\/bazaar.express\/de\/wp-json\/wp\/v2\/types\/product"}],"replies":[{"embeddable":true,"href":"https:\/\/bazaar.express\/de\/wp-json\/wp\/v2\/comments?post=37096"}],"wp:featuredmedia":[{"embeddable":true,"href":"https:\/\/bazaar.express\/de\/wp-json\/wp\/v2\/media\/37102"}],"wp:attachment":[{"href":"https:\/\/bazaar.express\/de\/wp-json\/wp\/v2\/media?parent=37096"}],"wp:term":[{"taxonomy":"product_brand","embeddable":true,"href":"https:\/\/bazaar.express\/de\/wp-json\/wp\/v2\/product_brand?post=37096"},{"taxonomy":"product_cat","embeddable":true,"href":"https:\/\/bazaar.express\/de\/wp-json\/wp\/v2\/product_cat?post=37096"},{"taxonomy":"product_tag","embeddable":true,"href":"https:\/\/bazaar.express\/de\/wp-json\/wp\/v2\/product_tag?post=37096"}],"curies":[{"name":"wp","href":"https:\/\/api.w.org\/{rel}","templated":true}]}}