{"id":37113,"date":"2025-08-12T16:06:40","date_gmt":"2025-08-12T16:06:40","guid":{"rendered":"https:\/\/bazaar.express\/product\/natuerliche-creme-zur-linderung-von-krampfadern\/"},"modified":"2025-08-12T16:06:40","modified_gmt":"2025-08-12T16:06:40","slug":"natuerliche-creme-zur-linderung-von-krampfadern","status":"publish","type":"product","link":"https:\/\/bazaar.express\/de\/produkt\/natuerliche-creme-zur-linderung-von-krampfadern\/","title":{"rendered":"Nat\u00fcrliche Creme zur Linderung von Krampfadern"},"content":{"rendered":"<h2 data-start=\"240\" data-end=\"314\"><strong data-start=\"243\" data-end=\"312\">Nat\u00fcrliche Creme zur Linderung von Krampfadern \u2013 Ihr nat\u00fcrlicher Weg zum Wohlbefinden<\/strong><\/h2>\n<p data-start=\"316\" data-end=\"716\">Wenn Sie unter Unwohlsein, Schwellungen oder dem Aussehen von Krampfadern leiden, hilft Ihnen unsere <strong data-start=\"410\" data-end=\"448\">nat\u00fcrliche Creme zur Linderung von Krampfadern<\/strong>, sich leichter, wohler und selbstbewusster zu f\u00fchlen.<br data-start=\"520\" data-end=\"523\" \/>Hergestellt aus einer kraftvollen Mischung der bew\u00e4hrtesten nat\u00fcrlichen Inhaltsstoffe, f\u00f6rdert diese Creme eine gesunde Blutzirkulation, beruhigt m\u00fcde Beine und unterst\u00fctzt die nat\u00fcrliche Reduktion von Schwellungen.<\/p>\n<h3 data-start=\"723\" data-end=\"786\"><strong data-start=\"727\" data-end=\"784\">Warum unsere nat\u00fcrliche Creme zur Linderung von Krampfadern w\u00e4hlen?<\/strong><\/h3>\n<p data-start=\"787\" data-end=\"1010\">Im Gegensatz zu chemisch belasteten Behandlungen verbindet unsere Creme traditionelles Kr\u00e4uterwissen mit moderner Hautpflegewissenschaft.<br data-start=\"895\" data-end=\"898\" \/>Ihre einzigartige Mischung aus <strong data-start=\"918\" data-end=\"998\">Apfelessig, Kampfer, Eukalyptus\u00f6l, Menthol, Bienenwachs und Glycerin<\/strong> wirkt, um:<\/p>\n<ul data-start=\"1011\" data-end=\"1221\">\n<li data-start=\"1011\" data-end=\"1065\">\n<p data-start=\"1013\" data-end=\"1065\">Das Erscheinungsbild von Krampf- und Spinnenadern zu reduzieren<\/p>\n<\/li>\n<li data-start=\"1066\" data-end=\"1106\">\n<p data-start=\"1068\" data-end=\"1106\">Die Mikrozirkulation in der Haut zu verbessern<\/p>\n<\/li>\n<li data-start=\"1107\" data-end=\"1163\">\n<p data-start=\"1109\" data-end=\"1163\">Schwellungen, Schweregef\u00fchl und M\u00fcdigkeit in den Beinen zu lindern<\/p>\n<\/li>\n<li data-start=\"1164\" data-end=\"1221\">\n<p data-start=\"1166\" data-end=\"1221\">Nach der Anwendung einen erfrischenden K\u00fchleffekt zu erzeugen<\/p>\n<\/li>\n<\/ul>\n<h3 data-start=\"1228\" data-end=\"1281\"><strong data-start=\"1232\" data-end=\"1279\">Perfekt f\u00fcr aktive und allt\u00e4gliche Lebensstile<\/strong><\/h3>\n<p data-start=\"1282\" data-end=\"1425\">Ob Sie Sportler sind, lange stehen oder einfach Ihre Beine nat\u00fcrlich pflegen m\u00f6chten \u2013 diese Creme ist Ihr t\u00e4glicher Begleiter f\u00fcr Wohlbefinden.<\/p>\n<ul data-start=\"1426\" data-end=\"1710\">\n<li data-start=\"1426\" data-end=\"1511\">\n<p data-start=\"1428\" data-end=\"1511\"><strong data-start=\"1428\" data-end=\"1445\">F\u00fcr Sportler:<\/strong> Entspannt Muskeln und unterst\u00fctzt eine schnellere Erholung nach dem Training.<\/p>\n<\/li>\n<li data-start=\"1512\" data-end=\"1603\">\n<p data-start=\"1514\" data-end=\"1603\"><strong data-start=\"1514\" data-end=\"1532\">F\u00fcr den t\u00e4glichen Gebrauch:<\/strong> H\u00e4lt die Beine leicht und energiegeladen nach langen Tagen auf den Beinen.<\/p>\n<\/li>\n<li data-start=\"1604\" data-end=\"1710\">\n<p data-start=\"1606\" data-end=\"1710\"><strong data-start=\"1606\" data-end=\"1633\">F\u00fcr die Krampfaderpflege:<\/strong> F\u00f6rdert eine bessere Durchblutung, lindert Unwohlsein und unterst\u00fctzt die Hautgesundheit.<\/p>\n<\/li>\n<\/ul>\n<h3 data-start=\"1717\" data-end=\"1757\"><strong data-start=\"1721\" data-end=\"1755\">So verwenden Sie sie f\u00fcr beste Ergebnisse<\/strong><\/h3>\n<ol data-start=\"1758\" data-end=\"2012\">\n<li data-start=\"1758\" data-end=\"1812\">\n<p data-start=\"1761\" data-end=\"1812\">Tragen Sie eine d\u00fcnne Schicht Creme auf die betroffene Stelle auf.<\/p>\n<\/li>\n<li data-start=\"1813\" data-end=\"1860\">\n<p data-start=\"1816\" data-end=\"1860\">Massieren Sie sanft in kreisenden Aufw\u00e4rtsbewegungen.<\/p>\n<\/li>\n<li data-start=\"1861\" data-end=\"1927\">\n<p data-start=\"1864\" data-end=\"1927\">Verwenden Sie sie zweimal t\u00e4glich \u2013 morgens und abends \u2013 f\u00fcr optimale Vorteile.<\/p>\n<\/li>\n<li data-start=\"1928\" data-end=\"2012\">\n<p data-start=\"1931\" data-end=\"2012\">F\u00fcr verbesserte Ergebnisse kombinieren Sie sie mit sanften Beinumr\u00fchrungen und ausreichender Fl\u00fcssigkeitsaufnahme.<\/p>\n<\/li>\n<\/ol>\n<h3 data-start=\"2019\" data-end=\"2044\"><strong data-start=\"2023\" data-end=\"2042\">Wichtige Merkmale<\/strong><\/h3>\n<ul data-start=\"2045\" data-end=\"2178\">\n<li data-start=\"2045\" data-end=\"2065\">\n<p data-start=\"2047\" data-end=\"2065\"><strong data-start=\"2047\" data-end=\"2058\">Gewicht:<\/strong> 150g<\/p>\n<\/li>\n<li data-start=\"2066\" data-end=\"2087\">\n<p data-start=\"2068\" data-end=\"2087\"><strong data-start=\"2068\" data-end=\"2079\">Herkunft:<\/strong> Egypt<\/p>\n<\/li>\n<li data-start=\"2088\" data-end=\"2108\">\n<p data-start=\"2090\" data-end=\"2108\"><strong data-start=\"2090\" data-end=\"2100\">Marke:<\/strong> Halla<\/p>\n<\/li>\n<li data-start=\"2109\" data-end=\"2178\">\n<p data-start=\"2111\" data-end=\"2178\"><strong data-start=\"2111\" data-end=\"2124\">Kategorie:<\/strong> Nat\u00fcrliche Kosmetik \u2013 Krampfader- und Schwellungs lindern<\/p>\n<\/li>\n<\/ul>\n<h3 data-start=\"2185\" data-end=\"2247\"><strong data-start=\"2189\" data-end=\"2245\">Ihre Reise zu gesunden, sch\u00f6nen Beinen beginnt jetzt<\/strong><\/h3>\n<p data-start=\"2248\" data-end=\"2568\">Umarmen Sie die beruhigende Kraft der Natur und geben Sie Ihren Beinen die Pflege, die sie verdienen. Unsere <strong data-start=\"2331\" data-end=\"2369\">nat\u00fcrliche Creme zur Linderung von Krampfadern<\/strong> ist Ihre sichere, sanfte und effektive Wahl, um Unwohlsein zu reduzieren und das Aussehen von Krampfadern zu verbessern.<br data-start=\"2484\" data-end=\"2487\" \/>Verabschieden Sie sich von schweren, m\u00fcden Beinen \u2013 und begr\u00fc\u00dfen Sie neues Wohlbefinden und Selbstvertrauen.<\/p>\n<p style=\"text-align: center;\">Vielen Dank, dass Sie bei <a href=\"https:\/\/bazaar.express\/de\/\">Bazaar Express<\/a> einkaufen \u2013 wir freuen uns, Sie dabei zu haben!<\/p>\n<p style=\"text-align: center;\">Ihre Reise zu besserer Selbstpflege beginnt hier \u2013 mit vertrauensw\u00fcrdiger <a href=\"https:\/\/bazaar.express\/product-category\/beauty-care\/\">Beauty &#038; Care<\/a>.<\/p>\n","protected":false},"excerpt":{"rendered":"<h3 data-start=\"2870\" data-end=\"3117\">Unsere nat\u00fcrliche Creme zur Linderung von Krampfadern verbindet Apfelessig, Kampfer, Eukalyptus\u00f6l und Bienenwachs, um Schwellungen zu reduzieren, die Durchblutung zu verbessern und Unwohlsein zu lindern. Sanft, effektiv und hergestellt in \u00c4gypten \u2013 150 g.<\/h3>\n","protected":false},"featured_media":37114,"comment_status":"open","ping_status":"closed","template":"","meta":[],"product_brand":[],"product_cat":[969,962,963,971],"product_tag":[980,979,981,988],"class_list":{"0":"post-37113","1":"product","2":"type-product","3":"status-publish","4":"has-post-thumbnail","6":"product_cat-beste-aus-agypten","7":"product_cat-beauty-pflege","8":"product_cat-therapeutische-ole","9":"product_cat-top-angebote","10":"product_tag-beauty-pflege","11":"product_tag-hautpflege","12":"product_tag-kamelmilch","13":"product_tag-massage","15":"first","16":"instock","17":"sale","18":"shipping-taxable","19":"purchasable","20":"product-type-simple"},"_links":{"self":[{"href":"https:\/\/bazaar.express\/de\/wp-json\/wp\/v2\/product\/37113","targetHints":{"allow":["GET"]}}],"collection":[{"href":"https:\/\/bazaar.express\/de\/wp-json\/wp\/v2\/product"}],"about":[{"href":"https:\/\/bazaar.express\/de\/wp-json\/wp\/v2\/types\/product"}],"replies":[{"embeddable":true,"href":"https:\/\/bazaar.express\/de\/wp-json\/wp\/v2\/comments?post=37113"}],"wp:featuredmedia":[{"embeddable":true,"href":"https:\/\/bazaar.express\/de\/wp-json\/wp\/v2\/media\/37114"}],"wp:attachment":[{"href":"https:\/\/bazaar.express\/de\/wp-json\/wp\/v2\/media?parent=37113"}],"wp:term":[{"taxonomy":"product_brand","embeddable":true,"href":"https:\/\/bazaar.express\/de\/wp-json\/wp\/v2\/product_brand?post=37113"},{"taxonomy":"product_cat","embeddable":true,"href":"https:\/\/bazaar.express\/de\/wp-json\/wp\/v2\/product_cat?post=37113"},{"taxonomy":"product_tag","embeddable":true,"href":"https:\/\/bazaar.express\/de\/wp-json\/wp\/v2\/product_tag?post=37113"}],"curies":[{"name":"wp","href":"https:\/\/api.w.org\/{rel}","templated":true}]}}