{"id":37115,"date":"2025-08-11T13:15:23","date_gmt":"2025-08-11T13:15:23","guid":{"rendered":"https:\/\/bazaar.express\/product\/apfelessig-creme\/"},"modified":"2025-08-11T13:15:23","modified_gmt":"2025-08-11T13:15:23","slug":"apfelessig-creme","status":"publish","type":"product","link":"https:\/\/bazaar.express\/de\/produkt\/apfelessig-creme\/","title":{"rendered":"Apfelessig-Creme"},"content":{"rendered":"<h2 data-start=\"153\" data-end=\"238\">Apfelessig-Creme \u2013 Nat\u00fcrliche Linderung f\u00fcr Schwellungen, Kr\u00e4mpfe und Krampfadern<\/h2>\n<h3 data-start=\"240\" data-end=\"301\">Entdecken Sie die Kraft des Apfelessigs f\u00fcr die K\u00f6rperpflege<\/h3>\n<p data-start=\"302\" data-end=\"700\">Apfelessig wird seit Jahrhunderten f\u00fcr seine therapeutischen Vorteile genutzt. In der <strong data-start=\"383\" data-end=\"429\">Hurghada Bedwins Apfelessig-Creme<\/strong> wird dieses alte Mittel mit kraftvollen nat\u00fcrlichen Komponenten zu einer beruhigenden und wirksamen Massagecreme kombiniert. Sie lindert Schwellungen, Muskelkr\u00e4mpfe und verbessert die Durchblutung und ist besonders hilfreich f\u00fcr Betroffene mit <strong data-start=\"679\" data-end=\"697\">Krampfadern<\/strong>.<\/p>\n<h3 data-start=\"702\" data-end=\"743\">Hochwertige Formel f\u00fcr gezielte Linderung<\/h3>\n<p data-start=\"744\" data-end=\"922\">Unsere Creme verbindet <strong data-start=\"761\" data-end=\"784\">Apfelessig<\/strong>, <strong data-start=\"786\" data-end=\"797\">Kampfer<\/strong>, <strong data-start=\"799\" data-end=\"817\">Eukalyptus\u00f6l<\/strong>, <strong data-start=\"819\" data-end=\"830\">Menthol<\/strong> und <strong data-start=\"836\" data-end=\"847\">Bienenwachs<\/strong> zu einer glatten, pflegenden Textur. Diese Inhaltsstoffe wirken harmonisch zusammen, um:<\/p>\n<ul data-start=\"923\" data-end=\"1105\">\n<li data-start=\"923\" data-end=\"981\">\n<p data-start=\"925\" data-end=\"981\">Den Blutfluss anzuregen und Beschwerden durch Krampfadern zu lindern<\/p>\n<\/li>\n<li data-start=\"982\" data-end=\"1018\">\n<p data-start=\"984\" data-end=\"1018\">Schwellungen und Entz\u00fcndungen zu reduzieren<\/p>\n<\/li>\n<li data-start=\"1019\" data-end=\"1061\">\n<p data-start=\"1021\" data-end=\"1061\">Verspannte Muskeln zu entspannen und Kr\u00e4mpfe zu l\u00f6sen<\/p>\n<\/li>\n<li data-start=\"1062\" data-end=\"1105\">\n<p data-start=\"1064\" data-end=\"1105\">Ein erfrischendes, k\u00fchlendes Gef\u00fchl zu vermitteln<\/p>\n<\/li>\n<\/ul>\n<h3 data-start=\"1107\" data-end=\"1123\">Anwendung<\/h3>\n<p data-start=\"1124\" data-end=\"1339\">Tragen Sie eine geeignete Menge Creme auf die betroffene Stelle auf. Massieren Sie sie sanft mit kreisenden Bewegungen in die Haut ein, bis sie vollst\u00e4ndig aufgenommen ist. F\u00fcr optimale Ergebnisse verwenden Sie die Creme regelm\u00e4\u00dfig, um eine gesunde Durchblutung zu f\u00f6rdern und Beschwerden zu lindern.<\/p>\n<h3 data-start=\"1341\" data-end=\"1362\">Produktdetails<\/h3>\n<ul data-start=\"1363\" data-end=\"1518\">\n<li data-start=\"1363\" data-end=\"1394\">\n<p data-start=\"1365\" data-end=\"1394\"><strong data-start=\"1365\" data-end=\"1375\">Marke:<\/strong> Hurghada Bedwins<\/p>\n<\/li>\n<li data-start=\"1395\" data-end=\"1413\">\n<p data-start=\"1397\" data-end=\"1413\"><strong data-start=\"1397\" data-end=\"1406\">Gr\u00f6\u00dfe:<\/strong> 150g<\/p>\n<\/li>\n<li data-start=\"1414\" data-end=\"1446\">\n<p data-start=\"1416\" data-end=\"1446\"><strong data-start=\"1416\" data-end=\"1444\">Mit Stolz in \u00c4gypten hergestellt<\/strong><\/p>\n<\/li>\n<li data-start=\"1447\" data-end=\"1492\">\n<p data-start=\"1449\" data-end=\"1492\"><strong data-start=\"1449\" data-end=\"1462\">Kategorie:<\/strong> Nat\u00fcrliche Massage- &#038; K\u00f6rperpflege<\/p>\n<\/li>\n<li data-start=\"1493\" data-end=\"1518\">\n<p data-start=\"1495\" data-end=\"1518\">Nur zur \u00e4u\u00dferlichen Anwendung<\/p>\n<\/li>\n<\/ul>\n<h3 data-start=\"1520\" data-end=\"1580\">Warum Hurghada Bedwins Apfelessig-Creme w\u00e4hlen?<\/h3>\n<p data-start=\"1581\" data-end=\"1856\">Hurghada Bedwins setzt auf die Herstellung hochwertiger nat\u00fcrlicher Kosmetika, inspiriert von traditionellen Heilmitteln und verfeinert durch moderne Formulierungstechniken. Diese Creme eignet sich ideal f\u00fcr alle, die eine sichere, wirksame und nat\u00fcrliche L\u00f6sung zur Unterst\u00fctzung der Muskel- und Venengesundheit suchen.<\/p>\n<h3 data-start=\"1858\" data-end=\"1907\">Machen Sie den ersten Schritt zu Komfort und Linderung<\/h3>\n<p data-start=\"1908\" data-end=\"2068\">Lassen Sie sich nicht von Schwellungen, Kr\u00e4mpfen oder Krampfadern bremsen. Erleben Sie die beruhigende Kraft der <strong data-start=\"2002\" data-end=\"2031\">Apfelessig-Creme<\/strong> und genie\u00dfen Sie den Komfort, den Sie verdienen.<\/p>\n<p data-start=\"2070\" data-end=\"2145\"><strong data-start=\"2070\" data-end=\"2083\">Jetzt bestellen<\/strong> und die heilende Wirkung \u00c4gyptens direkt nach Hause bringen.<\/p>\n<p style=\"text-align: center;\">Vielen Dank f\u00fcr Ihren Einkauf bei <a href=\"https:\/\/bazaar.express\/de\/\">Bazaar Express<\/a> \u2013 wir freuen uns, Sie bei uns zu haben!<\/p>\n<p style=\"text-align: center;\">Ihre Reise zu besserer Selbstpflege beginnt hier \u2013 mit <a href=\"https:\/\/bazaar.express\/product-category\/beauty-care\/\">Beauty &#038; Care<\/a>, auf die Sie sich verlassen k\u00f6nnen.<\/p>\n","protected":false},"excerpt":{"rendered":"<h3 data-start=\"399\" data-end=\"551\">Hurghada Bedwins Apfelessig-Massagecreme \u2013 150g. Lindert Krampfadern, Schwellungen und Kr\u00e4mpfe mit einer beruhigenden Mischung nat\u00fcrlicher Inhaltsstoffe.<\/h3>\n","protected":false},"featured_media":37116,"comment_status":"open","ping_status":"closed","template":"","meta":[],"product_brand":[],"product_cat":[962,969,963,971],"product_tag":[980,979,981,977],"class_list":{"0":"post-37115","1":"product","2":"type-product","3":"status-publish","4":"has-post-thumbnail","6":"product_cat-beauty-pflege","7":"product_cat-beste-aus-agypten","8":"product_cat-therapeutische-ole","9":"product_cat-top-angebote","10":"product_tag-beauty-pflege","11":"product_tag-hautpflege","12":"product_tag-kamelmilch","13":"product_tag-ol","15":"first","16":"instock","17":"sale","18":"shipping-taxable","19":"purchasable","20":"product-type-simple"},"_links":{"self":[{"href":"https:\/\/bazaar.express\/de\/wp-json\/wp\/v2\/product\/37115","targetHints":{"allow":["GET"]}}],"collection":[{"href":"https:\/\/bazaar.express\/de\/wp-json\/wp\/v2\/product"}],"about":[{"href":"https:\/\/bazaar.express\/de\/wp-json\/wp\/v2\/types\/product"}],"replies":[{"embeddable":true,"href":"https:\/\/bazaar.express\/de\/wp-json\/wp\/v2\/comments?post=37115"}],"wp:featuredmedia":[{"embeddable":true,"href":"https:\/\/bazaar.express\/de\/wp-json\/wp\/v2\/media\/37116"}],"wp:attachment":[{"href":"https:\/\/bazaar.express\/de\/wp-json\/wp\/v2\/media?parent=37115"}],"wp:term":[{"taxonomy":"product_brand","embeddable":true,"href":"https:\/\/bazaar.express\/de\/wp-json\/wp\/v2\/product_brand?post=37115"},{"taxonomy":"product_cat","embeddable":true,"href":"https:\/\/bazaar.express\/de\/wp-json\/wp\/v2\/product_cat?post=37115"},{"taxonomy":"product_tag","embeddable":true,"href":"https:\/\/bazaar.express\/de\/wp-json\/wp\/v2\/product_tag?post=37115"}],"curies":[{"name":"wp","href":"https:\/\/api.w.org\/{rel}","templated":true}]}}