{"id":37119,"date":"2025-08-11T11:46:15","date_gmt":"2025-08-11T11:46:15","guid":{"rendered":"https:\/\/bazaar.express\/product\/natuerliche-creme-mit-straussenoel\/"},"modified":"2025-08-11T11:46:15","modified_gmt":"2025-08-11T11:46:15","slug":"natuerliche-creme-mit-straussenoel","status":"publish","type":"product","link":"https:\/\/bazaar.express\/de\/produkt\/natuerliche-creme-mit-straussenoel\/","title":{"rendered":"Nat\u00fcrliche Creme mit Strau\u00dfen\u00f6l"},"content":{"rendered":"<h2 data-start=\"224\" data-end=\"294\"><strong data-start=\"227\" data-end=\"292\">Creme mit Strau\u00dfen\u00f6l \u2013 Nat\u00fcrliche Massage- und Pflegel\u00f6sung<\/strong><\/h2>\n<h3 data-start=\"296\" data-end=\"337\"><strong data-start=\"300\" data-end=\"335\">Was ist Creme mit Strau\u00dfen\u00f6l?<\/strong><\/h3>\n<p data-start=\"338\" data-end=\"658\">Die Creme mit Strau\u00dfen\u00f6l von <strong data-start=\"366\" data-end=\"386\">Hurghada Bedwins<\/strong> ist eine hochwertige Massage- und Pflegecreme, die Schwellungen lindert, Muskelkr\u00e4mpfe beruhigt und trockene Haut intensiv feuchtigt. Hergestellt aus einer einzigartigen Mischung aus Strau\u00dfen\u00f6l und nat\u00fcrlichen Kr\u00e4uterextrakten, bietet diese Creme sowohl therapeutische Vorteile als auch luxuri\u00f6se Hautpflege.<\/p>\n<p data-start=\"660\" data-end=\"966\">Strau\u00dfen\u00f6l ist bekannt f\u00fcr seine au\u00dfergew\u00f6hnliche Aufnahmef\u00e4higkeit und seinen hohen Gehalt an Omega-Fetts\u00e4uren, die tief in die Haut eindringen, Entz\u00fcndungen reduzieren, Weichheit wiederherstellen und die Heilung f\u00f6rdern. Ob Sie Schmerzlinderung, Entspannung oder eine verbesserte Hautstruktur suchen \u2013 diese Creme ist der ideale Begleiter.<\/p>\n<h3 data-start=\"973\" data-end=\"1006\"><strong data-start=\"977\" data-end=\"1004\">Wichtige nat\u00fcrliche Inhaltsstoffe<\/strong><\/h3>\n<ul data-start=\"1008\" data-end=\"1454\">\n<li data-start=\"1008\" data-end=\"1094\">\n<p data-start=\"1010\" data-end=\"1094\"><strong data-start=\"1010\" data-end=\"1025\">Strau\u00dfen\u00f6l<\/strong> \u2013 Feuchtet intensiv, reduziert Entz\u00fcndungen und unterst\u00fctzt die Hautreparatur.<\/p>\n<\/li>\n<li data-start=\"1095\" data-end=\"1195\">\n<p data-start=\"1097\" data-end=\"1195\"><strong data-start=\"1097\" data-end=\"1108\">Kampher<\/strong> \u2013 F\u00f6rdert die Blutzirkulation, lindert Steifheit und hilft, Muskelspannungen zu l\u00f6sen.<\/p>\n<\/li>\n<li data-start=\"1196\" data-end=\"1281\">\n<p data-start=\"1198\" data-end=\"1281\"><strong data-start=\"1198\" data-end=\"1216\">Eukalyptus\u00f6l<\/strong> \u2013 Erfrischt die Haut, reduziert Schwellungen und f\u00f6rdert die Erholung.<\/p>\n<\/li>\n<li data-start=\"1282\" data-end=\"1357\">\n<p data-start=\"1284\" data-end=\"1357\"><strong data-start=\"1284\" data-end=\"1295\">Menthol<\/strong> \u2013 Sorgt f\u00fcr ein sofortiges K\u00fchlgef\u00fchl, das Unwohlsein lindert.<\/p>\n<\/li>\n<li data-start=\"1358\" data-end=\"1454\">\n<p data-start=\"1360\" data-end=\"1454\"><strong data-start=\"1360\" data-end=\"1371\">Bienenhonig<\/strong> \u2013 Schlie\u00dft Feuchtigkeit ein und bildet eine Schutzbarriere, die die Haut weich und glatt h\u00e4lt.<\/p>\n<\/li>\n<\/ul>\n<h3 data-start=\"1461\" data-end=\"1486\"><strong data-start=\"1465\" data-end=\"1484\">Produktdetails<\/strong><\/h3>\n<ul data-start=\"1487\" data-end=\"1768\">\n<li data-start=\"1487\" data-end=\"1518\">\n<p data-start=\"1489\" data-end=\"1518\"><strong data-start=\"1489\" data-end=\"1499\">Marke:<\/strong> Hurghada Bedwins<\/p>\n<\/li>\n<li data-start=\"1519\" data-end=\"1594\">\n<p data-start=\"1521\" data-end=\"1594\"><strong data-start=\"1521\" data-end=\"1532\">Gewicht:<\/strong> 150 g \u2013 Ideale Gr\u00f6\u00dfe f\u00fcr den t\u00e4glichen Gebrauch zu Hause oder unterwegs.<\/p>\n<\/li>\n<li data-start=\"1595\" data-end=\"1665\">\n<p data-start=\"1597\" data-end=\"1665\"><strong data-start=\"1597\" data-end=\"1608\">Herkunft:<\/strong> Mit Stolz in \u00c4gypten hergestellt mit authentischem Kr\u00e4uterwissen.<\/p>\n<\/li>\n<li data-start=\"1666\" data-end=\"1718\">\n<p data-start=\"1668\" data-end=\"1718\"><strong data-start=\"1668\" data-end=\"1681\">Kategorie:<\/strong> Nat\u00fcrliche Massage- und Pflegecreme.<\/p>\n<\/li>\n<li data-start=\"1719\" data-end=\"1768\">\n<p data-start=\"1721\" data-end=\"1768\"><strong data-start=\"1721\" data-end=\"1746\">Nur f\u00fcr \u00e4u\u00dfere Anwendung<\/strong> \u2013 Kosmetikprodukt.<\/p>\n<\/li>\n<\/ul>\n<h3 data-start=\"1775\" data-end=\"1819\"><strong data-start=\"1779\" data-end=\"1817\">Vorteile der Creme mit Strau\u00dfen\u00f6l<\/strong><\/h3>\n<p data-start=\"1820\" data-end=\"1857\">Regelm\u00e4\u00dfige Anwendung dieser Creme kann helfen:<\/p>\n<ul data-start=\"1859\" data-end=\"2151\">\n<li data-start=\"1859\" data-end=\"1908\">\n<p data-start=\"1861\" data-end=\"1908\">Muskelkr\u00e4mpfe, Zuckungen und Steifheit zu lindern.<\/p>\n<\/li>\n<li data-start=\"1909\" data-end=\"1968\">\n<p data-start=\"1911\" data-end=\"1968\">Schwellungen und Entz\u00fcndungen in Gelenken und Muskeln zu reduzieren.<\/p>\n<\/li>\n<li data-start=\"1969\" data-end=\"2032\">\n<p data-start=\"1971\" data-end=\"2032\">Trockene oder rissige Haut, einschlie\u00dflich der Fersen, zu feuchtigen und zu weich zu machen.<\/p>\n<\/li>\n<li data-start=\"2033\" data-end=\"2095\">\n<p data-start=\"2035\" data-end=\"2095\">Die Erholung nach k\u00f6rperlicher Aktivit\u00e4t oder Belastung zu beschleunigen.<\/p>\n<\/li>\n<li data-start=\"2096\" data-end=\"2151\">\n<p data-start=\"2098\" data-end=\"2151\">Beruhigende Entspannung w\u00e4hrend der Massage-Therapie zu bieten.<\/p>\n<\/li>\n<\/ul>\n<h3 data-start=\"2158\" data-end=\"2178\"><strong data-start=\"2162\" data-end=\"2176\">Anwendung<\/strong><\/h3>\n<ol data-start=\"2179\" data-end=\"2429\">\n<li data-start=\"2179\" data-end=\"2238\">\n<p data-start=\"2182\" data-end=\"2238\">Tragen Sie eine geeignete Menge Creme auf die betroffene Stelle auf.<\/p>\n<\/li>\n<li data-start=\"2239\" data-end=\"2302\">\n<p data-start=\"2242\" data-end=\"2302\">Massieren Sie sanft mit kreisenden Bewegungen, bis sie vollst\u00e4ndig eingezogen ist.<\/p>\n<\/li>\n<li data-start=\"2303\" data-end=\"2429\">\n<p data-start=\"2306\" data-end=\"2429\">Verwenden Sie 2\u20133 Mal t\u00e4glich oder nach Bedarf.<br data-start=\"2339\" data-end=\"2342\" \/>\ud83d\udca1 <strong data-start=\"2345\" data-end=\"2353\">Tipp:<\/strong> F\u00fcr eine tiefere Absorption tragen Sie die Creme nach einer warmen Dusche auf, wenn die Poren ge\u00f6ffnet sind.<\/p>\n<\/li>\n<\/ol>\n<h3 data-start=\"2436\" data-end=\"2497\"><strong data-start=\"2440\" data-end=\"2495\">Warum Creme mit Strau\u00dfen\u00f6l von Hurghada Bedwins w\u00e4hlen?<\/strong><\/h3>\n<ul data-start=\"2498\" data-end=\"2675\">\n<li data-start=\"2498\" data-end=\"2535\">\n<p data-start=\"2500\" data-end=\"2535\">Hochwertiges \u00e4gyptisches Produkt.<\/p>\n<\/li>\n<li data-start=\"2536\" data-end=\"2585\">\n<p data-start=\"2538\" data-end=\"2585\">Hergestellt aus nat\u00fcrlichen, hautvertr\u00e4glichen Inhaltsstoffen.<\/p>\n<\/li>\n<li data-start=\"2586\" data-end=\"2622\">\n<p data-start=\"2588\" data-end=\"2622\">Geeignet f\u00fcr M\u00e4nner und Frauen.<\/p>\n<\/li>\n<li data-start=\"2623\" data-end=\"2675\">\n<p data-start=\"2625\" data-end=\"2675\">Kombiniert Schmerzlinderung mit intensiver Hautpflege.<\/p>\n<\/li>\n<\/ul>\n<h3 data-start=\"2682\" data-end=\"2741\"><strong data-start=\"2686\" data-end=\"2739\">Erleben Sie die Kraft der Natur bei jeder Massage<\/strong><\/h3>\n<p data-start=\"2742\" data-end=\"2955\">Verw\u00f6hnen Sie Ihren K\u00f6rper und Ihre Haut mit dem Luxus und der heilenden Kraft der <strong data-start=\"2802\" data-end=\"2828\">Creme mit Strau\u00dfen\u00f6l<\/strong>. Bei jeder Anwendung sp\u00fcren Sie die beruhigende Linderung, die langanhaltende Feuchtigkeit und die belebende Ber\u00fchrung nat\u00fcrlicher \u00e4gyptischer Pflege.<\/p>\n<p data-start=\"2957\" data-end=\"3083\"><strong data-start=\"2959\" data-end=\"3024\">Bestellen Sie noch heute Ihre 150 g Creme mit Strau\u00dfen\u00f6l von Hurghada Bedwins<\/strong> und schenken Sie Ihrer Haut und Ihren Muskeln den Komfort, den sie verdienen!<\/p>\n<p style=\"text-align: center;\">Vielen Dank, dass Sie bei <a href=\"https:\/\/bazaar.express\/de\/\">Bazaar Express<\/a> einkaufen \u2013 wir freuen uns, Sie dabei zu haben!<\/p>\n<p style=\"text-align: center;\">Ihre Reise zu besserer Selbstpflege beginnt hier \u2013 mit vertrauensw\u00fcrdiger <a href=\"https:\/\/bazaar.express\/product-category\/beauty-care\/\">Beauty &#038; Care<\/a>.<\/p>\n","protected":false},"excerpt":{"rendered":"<h3 data-start=\"335\" data-end=\"532\">Erleben Sie tiefe Linderung mit der Massagecreme mit Strau\u00dfen\u00f6l. Ideal zum Beruhigen wunde Muskeln, L\u00f6sen von Gelenkschmerzen und F\u00f6rdern der Entspannung mit nat\u00fcrlichen Inhaltsstoffen.<\/h3>\n","protected":false},"featured_media":37120,"comment_status":"open","ping_status":"closed","template":"","meta":[],"product_brand":[],"product_cat":[969,962],"product_tag":[980,979,981],"class_list":{"0":"post-37119","1":"product","2":"type-product","3":"status-publish","4":"has-post-thumbnail","6":"product_cat-beste-aus-agypten","7":"product_cat-beauty-pflege","8":"product_tag-beauty-pflege","9":"product_tag-hautpflege","10":"product_tag-kamelmilch","12":"first","13":"instock","14":"shipping-taxable","15":"purchasable","16":"product-type-simple"},"_links":{"self":[{"href":"https:\/\/bazaar.express\/de\/wp-json\/wp\/v2\/product\/37119","targetHints":{"allow":["GET"]}}],"collection":[{"href":"https:\/\/bazaar.express\/de\/wp-json\/wp\/v2\/product"}],"about":[{"href":"https:\/\/bazaar.express\/de\/wp-json\/wp\/v2\/types\/product"}],"replies":[{"embeddable":true,"href":"https:\/\/bazaar.express\/de\/wp-json\/wp\/v2\/comments?post=37119"}],"wp:featuredmedia":[{"embeddable":true,"href":"https:\/\/bazaar.express\/de\/wp-json\/wp\/v2\/media\/37120"}],"wp:attachment":[{"href":"https:\/\/bazaar.express\/de\/wp-json\/wp\/v2\/media?parent=37119"}],"wp:term":[{"taxonomy":"product_brand","embeddable":true,"href":"https:\/\/bazaar.express\/de\/wp-json\/wp\/v2\/product_brand?post=37119"},{"taxonomy":"product_cat","embeddable":true,"href":"https:\/\/bazaar.express\/de\/wp-json\/wp\/v2\/product_cat?post=37119"},{"taxonomy":"product_tag","embeddable":true,"href":"https:\/\/bazaar.express\/de\/wp-json\/wp\/v2\/product_tag?post=37119"}],"curies":[{"name":"wp","href":"https:\/\/api.w.org\/{rel}","templated":true}]}}