{"id":37123,"date":"2025-08-10T00:24:38","date_gmt":"2025-08-10T00:24:38","guid":{"rendered":"https:\/\/bazaar.express\/product\/massagecreme-mit-straussenoel\/"},"modified":"2025-08-10T00:24:38","modified_gmt":"2025-08-10T00:24:38","slug":"massagecreme-mit-straussenoel","status":"publish","type":"product","link":"https:\/\/bazaar.express\/de\/produkt\/massagecreme-mit-straussenoel\/","title":{"rendered":"Massagecreme mit Strau\u00dfen\u00f6l"},"content":{"rendered":"<h2 data-start=\"216\" data-end=\"284\"><strong data-start=\"219\" data-end=\"282\">Massagecreme mit Strau\u00dfen\u00f6l \u2013 Tiefe Erleichterung und nat\u00fcrliche Pflege<\/strong><\/h2>\n<h3 data-start=\"286\" data-end=\"335\"><strong data-start=\"290\" data-end=\"333\">Was ist Massagecreme mit Strau\u00dfen\u00f6l?<\/strong><\/h3>\n<p data-start=\"336\" data-end=\"631\">Die Massagecreme mit Strau\u00dfen\u00f6l ist eine hochwertige nat\u00fcrliche Formel, die tiefe, beruhigende Erleichterung f\u00fcr Muskeln, Gelenke und Haut bietet. Angereichert mit reinem Strau\u00dfen\u00f6l und einer Mischung wirkungsvoller nat\u00fcrlicher Inhaltsstoffe, reduziert diese Creme Entz\u00fcndungen, lindert Unwohlsein und revitalisiert die Haut.<\/p>\n<p data-start=\"633\" data-end=\"971\">Bekannt f\u00fcr ihre au\u00dfergew\u00f6hnliche Aufnahmef\u00e4higkeit dringt das Strau\u00dfen\u00f6l tief in die Haut ein und l\u00e4sst seine N\u00e4hrstoffe und essenziellen Fetts\u00e4uren die betroffenen Bereiche schnell und gezielt erreichen. Ob Sie sich von intensiven Workouts erholen, chronische Schmerzen lindern oder einfach eine entspannende Massage genie\u00dfen m\u00f6chten \u2013 diese Creme ist Ihre ideale L\u00f6sung.<\/p>\n<h3 data-start=\"978\" data-end=\"1011\"><strong data-start=\"982\" data-end=\"1009\">Wichtige nat\u00fcrliche Inhaltsstoffe<\/strong><\/h3>\n<ul data-start=\"1013\" data-end=\"1515\">\n<li data-start=\"1013\" data-end=\"1125\">\n<p data-start=\"1015\" data-end=\"1125\"><strong data-start=\"1015\" data-end=\"1030\">Strau\u00dfen\u00f6l<\/strong> \u2013 Reich an Omega-Fetts\u00e4uren, pflegt intensiv, reduziert Entz\u00fcndungen und f\u00f6rdert die Heilung.<\/p>\n<\/li>\n<li data-start=\"1126\" data-end=\"1224\">\n<p data-start=\"1128\" data-end=\"1224\"><strong data-start=\"1128\" data-end=\"1139\">Kampfer<\/strong> \u2013 Regt den Blutfluss an, lindert Steifheit und hilft bei Muskel- und Gelenkschmerzen.<\/p>\n<\/li>\n<li data-start=\"1225\" data-end=\"1319\">\n<p data-start=\"1227\" data-end=\"1319\"><strong data-start=\"1227\" data-end=\"1245\">Eukalyptus\u00f6l<\/strong> \u2013 Erfrischt die Sinne, reduziert Schwellungen und unterst\u00fctzt die Muskelregeneration.<\/p>\n<\/li>\n<li data-start=\"1320\" data-end=\"1402\">\n<p data-start=\"1322\" data-end=\"1402\"><strong data-start=\"1322\" data-end=\"1333\">Menthol<\/strong> \u2013 Sorgt f\u00fcr einen k\u00fchlenden Effekt, der Schmerzen und Verspannungen sofort lindert.<\/p>\n<\/li>\n<li data-start=\"1403\" data-end=\"1515\">\n<p data-start=\"1405\" data-end=\"1515\"><strong data-start=\"1405\" data-end=\"1416\">Bienenwachs<\/strong> \u2013 Sch\u00fctzt die Haut, indem es Feuchtigkeit einschlie\u00dft und die Vorteile der Wirkstoffe verst\u00e4rkt.<\/p>\n<\/li>\n<\/ul>\n<h3 data-start=\"1522\" data-end=\"1547\"><strong data-start=\"1526\" data-end=\"1545\">Produktdetails<\/strong><\/h3>\n<ul data-start=\"1548\" data-end=\"1805\">\n<li data-start=\"1548\" data-end=\"1616\">\n<p data-start=\"1550\" data-end=\"1616\"><strong data-start=\"1550\" data-end=\"1560\">Marke:<\/strong> Halla Cleopatra \u2013 Ber\u00fchmte \u00e4gyptische Marke f\u00fcr nat\u00fcrliche Pflege.<\/p>\n<\/li>\n<li data-start=\"1617\" data-end=\"1676\">\n<p data-start=\"1619\" data-end=\"1676\"><strong data-start=\"1619\" data-end=\"1630\">Gewicht:<\/strong> 150g \u2013 Ideale Gr\u00f6\u00dfe f\u00fcr Zuhause oder unterwegs.<\/p>\n<\/li>\n<li data-start=\"1677\" data-end=\"1750\">\n<p data-start=\"1679\" data-end=\"1750\"><strong data-start=\"1679\" data-end=\"1690\">Herkunft:<\/strong> Mit Stolz in \u00c4gypten hergestellt unter Verwendung traditionellen Kr\u00e4uterwissens.<\/p>\n<\/li>\n<li data-start=\"1751\" data-end=\"1805\">\n<p data-start=\"1753\" data-end=\"1805\"><strong data-start=\"1753\" data-end=\"1766\">Kategorie:<\/strong> Nat\u00fcrliche Massage- und Schmerzlinderungscreme.<\/p>\n<\/li>\n<\/ul>\n<h3 data-start=\"1812\" data-end=\"1864\"><strong data-start=\"1816\" data-end=\"1862\">Vorteile der Massagecreme mit Strau\u00dfen\u00f6l<\/strong><\/h3>\n<p data-start=\"1865\" data-end=\"1906\">Regelm\u00e4\u00dfige Anwendung dieser Creme kann Ihnen helfen:<\/p>\n<ul data-start=\"1908\" data-end=\"2121\">\n<li data-start=\"1908\" data-end=\"1948\">\n<p data-start=\"1910\" data-end=\"1948\">Muskel- und Gelenkbeschwerden lindern.<\/p>\n<\/li>\n<li data-start=\"1949\" data-end=\"1986\">\n<p data-start=\"1951\" data-end=\"1986\">Entz\u00fcndungen und Schwellungen reduzieren.<\/p>\n<\/li>\n<li data-start=\"1987\" data-end=\"2022\">\n<p data-start=\"1989\" data-end=\"2022\">Verspannte Muskeln und Kr\u00e4mpfe entspannen.<\/p>\n<\/li>\n<li data-start=\"2023\" data-end=\"2065\">\n<p data-start=\"2025\" data-end=\"2065\">Hautfeuchtigkeit und -gl\u00e4tte verbessern.<\/p>\n<\/li>\n<li data-start=\"2066\" data-end=\"2121\">\n<p data-start=\"2068\" data-end=\"2121\">Schnellere Erholung nach Workouts oder Verletzungen unterst\u00fctzen.<\/p>\n<\/li>\n<\/ul>\n<p data-start=\"2123\" data-end=\"2229\">Die leichte Textur zieht schnell ein, ohne fettige R\u00fcckst\u00e4nde zu hinterlassen, und eignet sich ideal f\u00fcr den t\u00e4glichen Gebrauch.<\/p>\n<h3 data-start=\"2236\" data-end=\"2256\"><strong data-start=\"2240\" data-end=\"2254\">Anwendung<\/strong><\/h3>\n<ol data-start=\"2257\" data-end=\"2497\">\n<li data-start=\"2257\" data-end=\"2306\">\n<p data-start=\"2260\" data-end=\"2306\">Eine gro\u00dfz\u00fcgige Menge auf die gew\u00fcnschte Stelle auftragen.<\/p>\n<\/li>\n<li data-start=\"2307\" data-end=\"2368\">\n<p data-start=\"2310\" data-end=\"2368\">Sanft in kreisenden Bewegungen massieren, bis vollst\u00e4ndig eingezogen.<\/p>\n<\/li>\n<li data-start=\"2369\" data-end=\"2497\">\n<p data-start=\"2372\" data-end=\"2497\">2\u20133 Mal t\u00e4glich oder nach Bedarf verwenden f\u00fcr optimale Ergebnisse.<br data-start=\"2422\" data-end=\"2425\" \/>\ud83d\udca1 <strong data-start=\"2428\" data-end=\"2436\">Tipp:<\/strong> F\u00fcr tiefere Penetration nach einem warmen Bad oder einer Dusche auftragen.<\/p>\n<\/li>\n<\/ol>\n<h3 data-start=\"2504\" data-end=\"2556\"><strong data-start=\"2508\" data-end=\"2554\">Warum Massagecreme mit Strau\u00dfen\u00f6l w\u00e4hlen?<\/strong><\/h3>\n<ul data-start=\"2557\" data-end=\"2769\">\n<li data-start=\"2557\" data-end=\"2615\">\n<p data-start=\"2559\" data-end=\"2615\">Hergestellt mit hochwertigem Strau\u00dfen\u00f6l und nat\u00fcrlichen Inhaltsstoffen.<\/p>\n<\/li>\n<li data-start=\"2616\" data-end=\"2668\">\n<p data-start=\"2618\" data-end=\"2668\">Authentisches \u00e4gyptisches Produkt von einer vertrauensw\u00fcrdigen Marke.<\/p>\n<\/li>\n<li data-start=\"2669\" data-end=\"2705\">\n<p data-start=\"2671\" data-end=\"2705\">Geeignet f\u00fcr M\u00e4nner und Frauen.<\/p>\n<\/li>\n<li data-start=\"2706\" data-end=\"2769\">\n<p data-start=\"2708\" data-end=\"2769\">100% frei von sch\u00e4dlichen Chemikalien und k\u00fcnstlichen Duftstoffen.<\/p>\n<\/li>\n<\/ul>\n<h3 data-start=\"2776\" data-end=\"2826\"><strong data-start=\"2780\" data-end=\"2824\">Sp\u00fcren Sie den Unterschied bereits bei der ersten Ber\u00fchrung<\/strong><\/h3>\n<p data-start=\"2827\" data-end=\"3059\">Ihr K\u00f6rper verdient die beste Pflege \u2013 und diese <strong data-start=\"2876\" data-end=\"2910\">Massagecreme mit Strau\u00dfen\u00f6l<\/strong> bietet genau das. Bei jeder Massage sp\u00fcren Sie die vereinte Kraft der besten nat\u00fcrlichen Inhaltsstoffe, die entspannen, lindern und erfrischen.<\/p>\n<p data-start=\"3061\" data-end=\"3224\"><span data-start=\"3063\" data-end=\"3082\"> <\/span><strong data-start=\"3063\" data-end=\"3082\">Bestellen Sie jetzt<\/strong> und erleben Sie den Komfort, die Erleichterung und den Luxus authentischer \u00e4gyptischer nat\u00fcrlicher Pflege. Warten Sie nicht \u2013 geben Sie Ihrem K\u00f6rper die heilende Ber\u00fchrung, die er verdient!<\/p>\n<p style=\"text-align: center;\">Vielen Dank, dass Sie bei <a href=\"https:\/\/bazaar.express\/de\/\">Bazaar Express<\/a> einkaufen \u2013 wir freuen uns, Sie dabei zu haben!<\/p>\n<p style=\"text-align: center;\">Ihre Reise zu besserer Selbstpflege beginnt hier \u2014 mit vertrauensw\u00fcrdiger <a href=\"https:\/\/bazaar.express\/product-category\/beauty-care\/\">Beauty &#038; Care<\/a>.<\/p>\n","protected":false},"excerpt":{"rendered":"<h3>Eine nat\u00fcrliche \u00e4gyptische Massagecreme, angereichert mit Strau\u00dfen\u00f6l, Kampfer, Eukalyptus, Menthol und Bienenwachs. Lindert Schmerzen, reduziert Entz\u00fcndungen und spendet Feuchtigkeit der Haut.<\/h3>\n","protected":false},"featured_media":37124,"comment_status":"open","ping_status":"closed","template":"","meta":[],"product_brand":[],"product_cat":[962,963],"product_tag":[980,979,981,988],"class_list":{"0":"post-37123","1":"product","2":"type-product","3":"status-publish","4":"has-post-thumbnail","6":"product_cat-beauty-pflege","7":"product_cat-therapeutische-ole","8":"product_tag-beauty-pflege","9":"product_tag-hautpflege","10":"product_tag-kamelmilch","11":"product_tag-massage","13":"first","14":"instock","15":"shipping-taxable","16":"purchasable","17":"product-type-simple"},"_links":{"self":[{"href":"https:\/\/bazaar.express\/de\/wp-json\/wp\/v2\/product\/37123","targetHints":{"allow":["GET"]}}],"collection":[{"href":"https:\/\/bazaar.express\/de\/wp-json\/wp\/v2\/product"}],"about":[{"href":"https:\/\/bazaar.express\/de\/wp-json\/wp\/v2\/types\/product"}],"replies":[{"embeddable":true,"href":"https:\/\/bazaar.express\/de\/wp-json\/wp\/v2\/comments?post=37123"}],"wp:featuredmedia":[{"embeddable":true,"href":"https:\/\/bazaar.express\/de\/wp-json\/wp\/v2\/media\/37124"}],"wp:attachment":[{"href":"https:\/\/bazaar.express\/de\/wp-json\/wp\/v2\/media?parent=37123"}],"wp:term":[{"taxonomy":"product_brand","embeddable":true,"href":"https:\/\/bazaar.express\/de\/wp-json\/wp\/v2\/product_brand?post=37123"},{"taxonomy":"product_cat","embeddable":true,"href":"https:\/\/bazaar.express\/de\/wp-json\/wp\/v2\/product_cat?post=37123"},{"taxonomy":"product_tag","embeddable":true,"href":"https:\/\/bazaar.express\/de\/wp-json\/wp\/v2\/product_tag?post=37123"}],"curies":[{"name":"wp","href":"https:\/\/api.w.org\/{rel}","templated":true}]}}