{"id":37129,"date":"2025-08-04T14:27:05","date_gmt":"2025-08-04T14:27:05","guid":{"rendered":"https:\/\/bazaar.express\/product\/calamin-lotion\/"},"modified":"2025-08-04T14:27:05","modified_gmt":"2025-08-04T14:27:05","slug":"calamin-lotion","status":"publish","type":"product","link":"https:\/\/bazaar.express\/de\/produkt\/calamin-lotion\/","title":{"rendered":"Calamin-Lotion"},"content":{"rendered":"<h2 data-start=\"181\" data-end=\"236\"><strong data-start=\"184\" data-end=\"234\">Calamin-Lotion \u2013 Beruhigende und Feuchtigkeitsspendende Pflege<\/strong><\/h2>\n<p data-start=\"237\" data-end=\"275\"><strong data-start=\"237\" data-end=\"275\">Von TNERH | 1000 ml | Hergestellt in \u00c4gypten<\/strong><\/p>\n<p data-start=\"277\" data-end=\"548\">Entdecken Sie die beruhigende Wirkung der <em data-start=\"310\" data-end=\"327\">Calamin-Lotion<\/em>, eine rosa Formel, die die Haut liebt und Reizungen lindert, R\u00f6tungen reduziert und Juckreiz schnell behebt. Ob Insektenstiche, Hitzegeschw\u00fcr oder allergische Hautreaktionen \u2013 diese vielseitige Lotion ist Ihre erste Hilfe.<\/p>\n<p data-start=\"550\" data-end=\"662\">Ideal f\u00fcr den t\u00e4glichen Gebrauch bei Erwachsenen und Kindern, ist Calamin-Lotion ein Muss f\u00fcr jede Hautpflegeapotheke.<\/p>\n<h3 data-start=\"669\" data-end=\"689\"><strong data-start=\"673\" data-end=\"689\">Wichtige Vorteile<\/strong><\/h3>\n<ul data-start=\"690\" data-end=\"929\">\n<li data-start=\"690\" data-end=\"729\">\n<p data-start=\"692\" data-end=\"729\">\tLindert Juckreiz und Entz\u00fcndungen<\/p>\n<\/li>\n<li data-start=\"730\" data-end=\"778\">\n<p data-start=\"732\" data-end=\"778\">\tSchafft eine sch\u00fctzende Barriere auf der Haut<\/p>\n<\/li>\n<li data-start=\"779\" data-end=\"813\">\n<p data-start=\"781\" data-end=\"813\">\tK\u00fchlt Hitzegeschw\u00fcr und Sonnenbrand<\/p>\n<\/li>\n<li data-start=\"814\" data-end=\"860\">\n<p data-start=\"816\" data-end=\"860\">\tSpeichert Feuchtigkeit mit nat\u00fcrlichem Glycerin<\/p>\n<\/li>\n<li data-start=\"861\" data-end=\"929\">\n<p data-start=\"863\" data-end=\"929\">\tHergestellt in \u00c4gypten mit hochwertigen pharmazeutischen Inhaltsstoffen<\/p>\n<\/li>\n<\/ul>\n<h3 data-start=\"936\" data-end=\"972\"><strong data-start=\"940\" data-end=\"972\">Wirkungsvolle nat\u00fcrliche Inhaltsstoffe<\/strong><\/h3>\n<p data-start=\"973\" data-end=\"1366\"><strong data-start=\"973\" data-end=\"987\">Zinkoxid<\/strong> \u2013 Wirkt adstringierend, saugt \u00fcbersch\u00fcssige Fl\u00fcssigkeit auf und reduziert Entz\u00fcndungen.<br data-start=\"1063\" data-end=\"1066\" \/><strong data-start=\"1066\" data-end=\"1082\">Eisenoxid<\/strong> \u2013 Bietet beruhigende Linderung und verleiht der Lotion ihre typische rosa Farbe.<br data-start=\"1153\" data-end=\"1156\" \/><strong data-start=\"1156\" data-end=\"1174\">Bentonit-Ton<\/strong> \u2013 Ein nat\u00fcrlicher Entgiftungsmittel, der Toxine aufnimmt und die Haut beruhigt.<br data-start=\"1246\" data-end=\"1249\" \/><strong data-start=\"1249\" data-end=\"1261\">Glycerin<\/strong> \u2013 Spendet intensive Feuchtigkeit und verhindert Hauttrockenheit.<br data-start=\"1309\" data-end=\"1312\" \/><strong data-start=\"1312\" data-end=\"1330\">Reines Wasser<\/strong> \u2013 Gew\u00e4hrleistet eine sanfte und einfache Anwendung.<\/p>\n<p data-start=\"973\" data-end=\"1366\">\ud83d\udd04 <strong data-start=\"1373\" data-end=\"1398\">Vor Gebrauch gut sch\u00fctteln<\/strong>, um nat\u00fcrliche Sedimente gleichm\u00e4\u00dfig zu vermischen.<\/p>\n<h3 data-start=\"1438\" data-end=\"1482\"><strong data-start=\"1442\" data-end=\"1482\">Wann sollten Sie Calamin-Lotion verwenden?<\/strong><\/h3>\n<p data-start=\"1483\" data-end=\"1531\">Verwenden Sie diese Lotion f\u00fcr schnelle und effektive Linderung bei:<\/p>\n<ul data-start=\"1533\" data-end=\"1838\">\n<li data-start=\"1533\" data-end=\"1580\">\n<p data-start=\"1535\" data-end=\"1580\">\tInsektenstichen (M\u00fccken, Ameisen, Wanzen)<\/p>\n<\/li>\n<li data-start=\"1581\" data-end=\"1610\">\n<p data-start=\"1583\" data-end=\"1610\">\tGift-Efeu- oder Eichen-Ausschlag<\/p>\n<\/li>\n<li data-start=\"1611\" data-end=\"1644\">\n<p data-start=\"1613\" data-end=\"1644\">\tHitzegeschw\u00fcr und Prickly Heat<\/p>\n<\/li>\n<li data-start=\"1645\" data-end=\"1684\">\n<p data-start=\"1647\" data-end=\"1684\">\tAllergische Hautreaktionen oder Nesselsucht<\/p>\n<\/li>\n<li data-start=\"1685\" data-end=\"1734\">\n<p data-start=\"1687\" data-end=\"1734\">\tWindpocken oder G\u00fcrtelrose (zur Linderung von Juckreiz)<\/p>\n<\/li>\n<li data-start=\"1735\" data-end=\"1784\">\n<p data-start=\"1737\" data-end=\"1784\">\tAkne-Punktbehandlung (trocknet Mitesser aus)<\/p>\n<\/li>\n<li data-start=\"1785\" data-end=\"1816\">\n<p data-start=\"1787\" data-end=\"1816\">\tKleine geschlossene Hautwunden<\/p>\n<\/li>\n<li data-start=\"1817\" data-end=\"1838\">\n<p data-start=\"1819\" data-end=\"1838\">\tSchwimmerjuckreiz<\/p>\n<\/li>\n<\/ul>\n<blockquote data-start=\"1840\" data-end=\"1924\">\n<p data-start=\"1842\" data-end=\"1924\">\u26a0\ufe0f <strong data-start=\"1845\" data-end=\"1893\">Nicht f\u00fcr Kr\u00e4tze oder Insektenbek\u00e4mpfung gedacht<\/strong> \u2013 nur zur Symptomlinderung.<\/p>\n<\/blockquote>\n<h3 data-start=\"1931\" data-end=\"1952\"><strong data-start=\"1935\" data-end=\"1952\">So verwenden Sie sie<\/strong><\/h3>\n<ol data-start=\"1953\" data-end=\"2193\">\n<li data-start=\"1953\" data-end=\"1982\">\n<p data-start=\"1956\" data-end=\"1982\">Flasche gr\u00fcndlich sch\u00fctteln.<\/p>\n<\/li>\n<li data-start=\"1983\" data-end=\"2027\">\n<p data-start=\"1986\" data-end=\"2027\">Betroffenes Gebiet reinigen und sanft trocknen.<\/p>\n<\/li>\n<li data-start=\"2028\" data-end=\"2099\">\n<p data-start=\"2031\" data-end=\"2099\">Eine d\u00fcnne Schicht mit Watte oder einem weichen Pad auftragen \u2013 kein Reiben n\u00f6tig.<\/p>\n<\/li>\n<li data-start=\"2100\" data-end=\"2148\">\n<p data-start=\"2103\" data-end=\"2148\">Trocknen lassen und einen sch\u00fctzenden Film bilden.<\/p>\n<\/li>\n<li data-start=\"2149\" data-end=\"2193\">\n<p data-start=\"2152\" data-end=\"2193\"><strong data-start=\"2160\" data-end=\"2179\">3\u20134 Mal t\u00e4glich<\/strong> erneut auftragen oder nach Bedarf.<\/p>\n<\/li>\n<\/ol>\n<h3 data-start=\"2200\" data-end=\"2223\"><strong data-start=\"2204\" data-end=\"2223\">Wer kann sie verwenden?<\/strong><\/h3>\n<ul data-start=\"2224\" data-end=\"2453\">\n<li data-start=\"2224\" data-end=\"2269\">\n<p data-start=\"2226\" data-end=\"2269\"><strong data-start=\"2228\" data-end=\"2249\">Sicher f\u00fcr Kinder<\/strong> ab 2 Jahren<\/p>\n<\/li>\n<li data-start=\"2270\" data-end=\"2326\">\n<p data-start=\"2272\" data-end=\"2326\"><strong data-start=\"2275\" data-end=\"2303\">Schwangerschaft\/Stillzeit:<\/strong> Sicher f\u00fcr \u00e4u\u00dferliche Anwendung<\/p>\n<\/li>\n<li data-start=\"2327\" data-end=\"2374\">\n<p data-start=\"2329\" data-end=\"2374\">\tBei S\u00e4uglingen unter 2 Jahren Arzt konsultieren<\/p>\n<\/li>\n<li data-start=\"2375\" data-end=\"2453\">\n<p data-start=\"2377\" data-end=\"2453\">\tBei empfindlicher Haut vor der vollst\u00e4ndigen Anwendung einen Patch-Test durchf\u00fchren<\/p>\n<\/li>\n<\/ul>\n<h3 data-start=\"2460\" data-end=\"2493\"><strong data-start=\"2464\" data-end=\"2493\">Wann vermeiden oder absetzen<\/strong><\/h3>\n<ul data-start=\"2494\" data-end=\"2693\">\n<li data-start=\"2494\" data-end=\"2524\">\n<p data-start=\"2496\" data-end=\"2524\">Offene Wunden oder verletzte Haut<\/p>\n<\/li>\n<li data-start=\"2525\" data-end=\"2559\">\n<p data-start=\"2527\" data-end=\"2559\">Augen, Mund oder intime Bereiche<\/p>\n<\/li>\n<li data-start=\"2560\" data-end=\"2635\">\n<p data-start=\"2562\" data-end=\"2635\">Bei versehentlicher Einnahme oder Einatmung \u2013 aussp\u00fclen und medizinische Hilfe suchen<\/p>\n<\/li>\n<li data-start=\"2636\" data-end=\"2693\">\n<p data-start=\"2638\" data-end=\"2693\">Anwendung absetzen, wenn der Ausschlag schlimmer wird oder Anzeichen einer Infektion auftreten<\/p>\n<\/li>\n<\/ul>\n<h3 data-start=\"2700\" data-end=\"2728\"><strong data-start=\"2704\" data-end=\"2728\">Lagerung &#038; Haltbarkeit<\/strong><\/h3>\n<ul data-start=\"2729\" data-end=\"2888\">\n<li data-start=\"2729\" data-end=\"2793\">\n<p data-start=\"2731\" data-end=\"2793\">An einem <strong data-start=\"2742\" data-end=\"2761\">k\u00fchlen, trockenen Ort<\/strong> lagern (20\u201325\u00b0C), fern von Sonnenlicht<\/p>\n<\/li>\n<li data-start=\"2794\" data-end=\"2835\">\n<p data-start=\"2796\" data-end=\"2835\">Nur aus der <strong data-start=\"2814\" data-end=\"2833\">Originalflasche<\/strong> verwenden<\/p>\n<\/li>\n<li data-start=\"2836\" data-end=\"2888\">\n<p data-start=\"2838\" data-end=\"2888\">Haltbarkeit: <strong data-start=\"2850\" data-end=\"2861\">3 Jahre<\/strong> ab Herstellungsdatum<\/p>\n<\/li>\n<\/ul>\n<h3 data-start=\"2895\" data-end=\"2922\"><strong data-start=\"2899\" data-end=\"2922\">Schnelle \u00dcbersichtstabelle<\/strong><\/h3>\n<div class=\"_tableContainer_16hzy_1\">\n<div class=\"_tableWrapper_16hzy_14 group flex w-fit flex-col-reverse\" tabindex=\"-1\">\n<table class=\"w-fit min-w-(--thread-content-width)\" data-start=\"2924\" data-end=\"3171\">\n<thead data-start=\"2924\" data-end=\"2943\">\n<tr data-start=\"2924\" data-end=\"2943\">\n<th data-start=\"2924\" data-end=\"2932\" data-col-size=\"sm\">Verwendung<\/th>\n<th data-start=\"2932\" data-end=\"2943\" data-col-size=\"sm\">Vorteil<\/th>\n<\/tr>\n<\/thead>\n<tbody data-start=\"2965\" data-end=\"3171\">\n<tr data-start=\"2965\" data-end=\"3023\">\n<td data-start=\"2965\" data-end=\"2988\" data-col-size=\"sm\">Insektenstiche, Hitzegeschw\u00fcr<\/td>\n<td data-col-size=\"sm\" data-start=\"2988\" data-end=\"3023\">Lindert Juckreiz &#038; Entz\u00fcndungen<\/td>\n<\/tr>\n<tr data-start=\"3024\" data-end=\"3075\">\n<td data-start=\"3024\" data-end=\"3045\" data-col-size=\"sm\">Allergische Reaktionen<\/td>\n<td data-col-size=\"sm\" data-start=\"3045\" data-end=\"3075\">Beruhigt R\u00f6tungen &#038; Reizungen<\/td>\n<\/tr>\n<tr data-start=\"3076\" data-end=\"3120\">\n<td data-start=\"3076\" data-end=\"3092\" data-col-size=\"sm\">Akne oder Flecken<\/td>\n<td data-col-size=\"sm\" data-start=\"3092\" data-end=\"3120\">Trocknet sanft und beruhigt<\/td>\n<\/tr>\n<tr data-start=\"3121\" data-end=\"3171\">\n<td data-start=\"3121\" data-end=\"3136\" data-col-size=\"sm\">Kleine Wunden<\/td>\n<td data-col-size=\"sm\" data-start=\"3136\" data-end=\"3171\">Bietet Schutz nach der Reinigung<\/td>\n<\/tr>\n<\/tbody>\n<\/table>\n<div class=\"sticky end-(--thread-content-margin) h-0 self-end select-none\">\n<div class=\"absolute end-0 flex items-end\"><\/div>\n<\/div>\n<\/div>\n<\/div>\n<h3 data-start=\"3178\" data-end=\"3219\"><strong data-start=\"3182\" data-end=\"3219\">Warum TNERH Calamin-Lotion w\u00e4hlen?<\/strong><\/h3>\n<ul data-start=\"3220\" data-end=\"3445\">\n<li data-start=\"3220\" data-end=\"3278\">\n<p data-start=\"3222\" data-end=\"3278\">\tGro\u00dfe <strong data-start=\"3231\" data-end=\"3242\">1000 ml<\/strong> Gr\u00f6\u00dfe \u2013 ideal f\u00fcr Zuhause oder Klinik<\/p>\n<\/li>\n<li data-start=\"3279\" data-end=\"3313\">\n<p data-start=\"3281\" data-end=\"3313\">\tStolz <strong data-start=\"3294\" data-end=\"3311\">hergestellt in \u00c4gypten<\/strong><\/p>\n<\/li>\n<li data-start=\"3314\" data-end=\"3363\">\n<p data-start=\"3316\" data-end=\"3363\">\tIkone rosa Lotion f\u00fcr sofortige Hautlinderung<\/p>\n<\/li>\n<li data-start=\"3364\" data-end=\"3399\">\n<p data-start=\"3366\" data-end=\"3399\">\tIdeal f\u00fcr <strong data-start=\"3379\" data-end=\"3397\">alle Hauttypen<\/strong><\/p>\n<\/li>\n<li data-start=\"3400\" data-end=\"3445\">\n<p data-start=\"3402\" data-end=\"3445\">\tAngereichert mit <strong data-start=\"3419\" data-end=\"3443\">Bentonit &#038; Glycerin<\/strong><\/p>\n<\/li>\n<li data-start=\"3472\" data-end=\"3520\">\n<p data-start=\"3474\" data-end=\"3520\"><strong data-start=\"3474\" data-end=\"3494\">Kosmetikprodukt<\/strong> | <strong data-start=\"3497\" data-end=\"3518\">Nur f\u00fcr \u00e4u\u00dfere Anwendung<\/strong><\/p>\n<\/li>\n<\/ul>\n<h2 data-start=\"3575\" data-end=\"3606\"><strong data-start=\"3578\" data-end=\"3606\">Beruhigen. Lindern. Sch\u00fctzen.<\/strong><\/h2>\n<p data-start=\"3607\" data-end=\"3765\">Bringen Sie <strong data-start=\"3618\" data-end=\"3643\">TNERH Calamin-Lotion<\/strong> nach Hause und pflegen Sie Ihre Haut sanft und langanhaltend. Verabschieden Sie sich von Juckreiz und Reizungen \u2013 und begr\u00fc\u00dfen Sie Komfort, nat\u00fcrlich.<\/p>\n<p style=\"text-align: center;\">Vielen Dank, dass Sie bei <a href=\"https:\/\/bazaar.express\/de\/\">Bazaar Express<\/a> einkaufen \u2013 wir freuen uns, Sie dabei zu haben!<\/p>\n<p style=\"text-align: center;\">Ihre Reise zu besserer Selbstpflege beginnt hier \u2013 mit vertrauensw\u00fcrdiger <a href=\"https:\/\/bazaar.express\/product-category\/beauty-care\/\">Beauty &#038; Care<\/a>.<\/p>\n","protected":false},"excerpt":{"rendered":"<h3 data-start=\"352\" data-end=\"594\">Erleben Sie schnelle Linderung mit TNERH Calamin-Lotion. Angereichert mit Zinkoxid, Bentonit und Glycerin zur Beruhigung von Reizungen, Linderung von Juckreiz und Feuchtigkeitsversorgung trockener Haut. Sicher f\u00fcr Kinder und Erwachsene. 1000 ml Flasche \u2013 ideal f\u00fcr Zuhause oder Klinik.<\/h3>\n","protected":false},"featured_media":37130,"comment_status":"open","ping_status":"closed","template":"","meta":[],"product_brand":[],"product_cat":[962,969,964,963],"product_tag":[980,979,978,977],"class_list":{"0":"post-37129","1":"product","2":"type-product","3":"status-publish","4":"has-post-thumbnail","6":"product_cat-beauty-pflege","7":"product_cat-beste-aus-agypten","8":"product_cat-strand-essentials","9":"product_cat-therapeutische-ole","10":"product_tag-beauty-pflege","11":"product_tag-hautpflege","12":"product_tag-naturliches-ol","13":"product_tag-ol","15":"first","16":"instock","17":"shipping-taxable","18":"purchasable","19":"product-type-simple"},"_links":{"self":[{"href":"https:\/\/bazaar.express\/de\/wp-json\/wp\/v2\/product\/37129","targetHints":{"allow":["GET"]}}],"collection":[{"href":"https:\/\/bazaar.express\/de\/wp-json\/wp\/v2\/product"}],"about":[{"href":"https:\/\/bazaar.express\/de\/wp-json\/wp\/v2\/types\/product"}],"replies":[{"embeddable":true,"href":"https:\/\/bazaar.express\/de\/wp-json\/wp\/v2\/comments?post=37129"}],"wp:featuredmedia":[{"embeddable":true,"href":"https:\/\/bazaar.express\/de\/wp-json\/wp\/v2\/media\/37130"}],"wp:attachment":[{"href":"https:\/\/bazaar.express\/de\/wp-json\/wp\/v2\/media?parent=37129"}],"wp:term":[{"taxonomy":"product_brand","embeddable":true,"href":"https:\/\/bazaar.express\/de\/wp-json\/wp\/v2\/product_brand?post=37129"},{"taxonomy":"product_cat","embeddable":true,"href":"https:\/\/bazaar.express\/de\/wp-json\/wp\/v2\/product_cat?post=37129"},{"taxonomy":"product_tag","embeddable":true,"href":"https:\/\/bazaar.express\/de\/wp-json\/wp\/v2\/product_tag?post=37129"}],"curies":[{"name":"wp","href":"https:\/\/api.w.org\/{rel}","templated":true}]}}