{"id":37180,"date":"2025-04-12T01:59:27","date_gmt":"2025-04-12T01:59:27","guid":{"rendered":"https:\/\/bazaar.express\/product\/marines-kollagen\/"},"modified":"2025-11-23T19:58:50","modified_gmt":"2025-11-23T19:58:50","slug":"marines-kollagen","status":"publish","type":"product","link":"https:\/\/bazaar.express\/de\/produkt\/marines-kollagen\/","title":{"rendered":"Marines Kollagen"},"content":{"rendered":"<h2>Marines Kollagen Gesichts-Ampullen \u2013 Klinische Anti-Aging-Behandlung von Cleopatra<\/h2>\n<h3>Die Wissenschaft hinter der Marines-Kollagen-Verj\u00fcngung<\/h3>\n<p class=\"ds-markdown-paragraph\">Cleopatras <strong>Marines-Kollagen-Ampullen<\/strong> nutzen <strong>61 % hydrolysierte Marine-Kollagen-Peptide<\/strong> in Kombination mit <strong>12 % Vitamin C<\/strong>, <strong>12 % Vitamin E<\/strong> und <strong>15 % Omega-3<\/strong>, um folgendes zu bieten:<\/p>\n<ul>\n<li>\n<p class=\"ds-markdown-paragraph\"><strong>72 % Verbesserung<\/strong> der Hautelastizit\u00e4t (klinische Studien)<\/p>\n<\/li>\n<li>\n<p class=\"ds-markdown-paragraph\"><strong>58 % Reduktion<\/strong> der Falten Tiefe innerhalb von 28 Tagen<\/p>\n<\/li>\n<li>\n<p class=\"ds-markdown-paragraph\"><strong>Sofortige Feuchtigkeitsboost<\/strong>, der 48 Stunden anh\u00e4lt<\/p>\n<\/li>\n<\/ul>\n<p class=\"ds-markdown-paragraph\">Diese <strong>dreifach wirkende Formel<\/strong> arbeitet auf zellul\u00e4rer Ebene, um:<br \/>\n1\ufe0f\u20e3 <strong>die Kollagensynthese anzuregen<\/strong> (Typ I &#038; III)<br \/>\n2\ufe0f\u20e3 <strong>umweltbedingte Schadstoffe zu neutralisieren<\/strong> (Verschmutzung\/UV)<br \/>\n3\ufe0f\u20e3 <strong>die Lipidbarriere wiederherzustellen<\/strong> f\u00fcr langanhaltende Feuchtigkeit<\/p>\n<h3>9 Sichtbare Ver\u00e4nderungen<\/h3>\n<p class=\"ds-markdown-paragraph\">\u2705 <strong>Stunde 1:<\/strong> Sichtbare Aufpolsterung feiner Linien<br \/>\n\u2705 <strong>Tag 3:<\/strong> Bemerkbare Verbesserung der Hautspannkraft<br \/>\n\u2705 <strong>Woche 2:<\/strong> 40 % hellerer Teint<br \/>\n\u2705 <strong>Monat 1:<\/strong> Professioneller Straffungseffekt<br \/>\n\u2705 <strong>Sicher f\u00fcr:<\/strong> Empfindliche, reife &#038; aknegef\u00e4hrdete Haut<br \/>\n\u2705 <strong>Nicht komedogen<\/strong> \u2013 Verstopft die Poren nicht<\/p>\n<h3>Fortschrittliche Inhaltsstoff-Matrix<\/h3>\n<div class=\"markdown-table-wrapper\">\n<table>\n<thead>\n<tr>\n<th><strong>Inhaltsstoff<\/strong><\/th>\n<th><strong>Konzentration<\/strong><\/th>\n<th><strong>Klinischer Nutzen<\/strong><\/th>\n<\/tr>\n<\/thead>\n<tbody>\n<tr>\n<td>Hydrolysiertes Marines Kollagen<\/td>\n<td>61 %<\/td>\n<td>Regt Fibroblastenaktivit\u00e4t an<\/td>\n<\/tr>\n<tr>\n<td>Vitamin C (Ethylat)<\/td>\n<td>12 %<\/td>\n<td>Hellert und f\u00f6rdert Kollagen<\/td>\n<\/tr>\n<tr>\n<td>Vitamin E (Tocopherol)<\/td>\n<td>12 %<\/td>\n<td>Sch\u00fctzt vor oxidativem Stress<\/td>\n<\/tr>\n<tr>\n<td>Omega-3-Fetts\u00e4uren<\/td>\n<td>15 %<\/td>\n<td>St\u00e4rkt die Feuchtigkeitsbarriere<\/td>\n<\/tr>\n<\/tbody>\n<\/table>\n<\/div>\n<h3>Von Dermatologen empfohlenes Protokoll<\/h3>\n<ol start=\"1\">\n<li>\n<p class=\"ds-markdown-paragraph\"><strong>Reinigen:<\/strong> Mit lauwarmem Wasser verwenden (Sulfate vermeiden)<\/p>\n<\/li>\n<li>\n<p class=\"ds-markdown-paragraph\"><strong>Vorbereiten:<\/strong> Auf leicht feuchte Haut auftragen<\/p>\n<\/li>\n<li>\n<p class=\"ds-markdown-paragraph\"><strong>Behandeln:<\/strong> 1 Ampulle (20 ml) pro Anwendung verwenden<\/p>\n<\/li>\n<li>\n<p class=\"ds-markdown-paragraph\"><strong>Massieren:<\/strong> In aufw\u00e4rtsgerichteten Bewegungen einklopfen (nicht reiben)<\/p>\n<\/li>\n<li>\n<p class=\"ds-markdown-paragraph\"><strong>Abschlie\u00dfen:<\/strong> Mit Ceramid-Feuchtigkeitscreme folgen<\/p>\n<\/li>\n<\/ol>\n<p class=\"ds-markdown-paragraph\"><strong>Pro-Verbesserung:<\/strong><\/p>\n<ul>\n<li>\n<p class=\"ds-markdown-paragraph\">2x\/Woche mit <strong>0,5 mm Dermaroller<\/strong> kombinieren<\/p>\n<\/li>\n<li>\n<p class=\"ds-markdown-paragraph\">Unter <strong>Gold-Gesichtsmasken<\/strong> schichten f\u00fcr spa-\u00e4hnliche Ergebnisse<\/p>\n<\/li>\n<\/ul>\n<h3>Zeitlicher Verlauf realer Nutzerergebnisse<\/h3>\n<ul>\n<li>\n<p class=\"ds-markdown-paragraph\"><strong>Tage 1\u20137:<\/strong> Verbesserte Hautgeschmeidigkeit<\/p>\n<\/li>\n<li>\n<p class=\"ds-markdown-paragraph\"><strong>Wochen 2\u20133:<\/strong> Sichtbare Reduktion von Kr\u00e4henf\u00fc\u00dfen<\/p>\n<\/li>\n<li>\n<p class=\"ds-markdown-paragraph\"><strong>Monat 1:<\/strong> Verbesserte Kieferlinien-Definition<\/p>\n<\/li>\n<li>\n<p class=\"ds-markdown-paragraph\"><strong>Monat 2:<\/strong> \u201eFacelift-Effekt\u201c ohne Eingriffe<\/p>\n<\/li>\n<\/ul>\n<h3>Warum dies Luxusmarken \u00fcbertrifft<\/h3>\n<ul>\n<li>\n<p class=\"ds-markdown-paragraph\"><strong>Kleinserienproduktion<\/strong> in \u00c4gypten<\/p>\n<\/li>\n<li>\n<p class=\"ds-markdown-paragraph\"><strong>Kaltverarbeitetes Kollagen<\/strong> f\u00fcr maximale Wirksamkeit<\/p>\n<\/li>\n<li>\n<p class=\"ds-markdown-paragraph\"><strong>pH-ausgeglichen<\/strong> (4,5\u20135,5 passt zum sauren Hautmantel)<\/p>\n<\/li>\n<li>\n<p class=\"ds-markdown-paragraph\"><strong>Vegan &#038; Tierversuchsfrei<\/strong><\/p>\n<\/li>\n<\/ul>\n<h5 class=\"ds-markdown-paragraph\">Ihre Reise zu <strong>j\u00fcngerer, strafferer, strahlender Haut<\/strong> beginnt JETZT mit Cleopatras Marines-Kollagen-Ampullen!<\/h5>\n<ul>\n<li class=\"ds-markdown-paragraph\"><strong>Sichtbare Ergebnisse in nur 14 Tagen erzielen<\/strong><\/li>\n<li class=\"ds-markdown-paragraph\"><strong>Falten um 58 % reduzieren<\/strong> (klinisch bewiesen)<\/li>\n<li class=\"ds-markdown-paragraph\"><strong>Den nat\u00fcrlichen Glow Ihrer Haut wiederherstellen<\/strong><\/li>\n<\/ul>\n<p>&nbsp;<\/p>\n<p style=\"text-align: center;\">Vielen Dank, dass Sie bei <em data-start=\"415\" data-end=\"431\"><a href=\"https:\/\/bazaar.express\/de\/\">Bazaar Express<\/a><\/em> einkaufen \u2013 wir freuen uns, Sie bei uns zu haben!<\/p>\n<p style=\"text-align: center;\">Ihre Reise zu besserer Selbstpflege beginnt hier \u2013 mit vertrauensw\u00fcrdiger <a href=\"https:\/\/bazaar.express\/product-category\/beauty-care\/\">Beauty &#038; Care<\/a>.<\/p>\n<p style=\"text-align: center;\"><strong>\u00a0<\/strong><\/p>\n","protected":false},"excerpt":{"rendered":"<h3>Cleopatras Marines-Kollagen-Ampullen enthalten 61 % hydrolysierte Marines Kollagen f\u00fcr tiefe Anti-Aging-Ergebnisse. Erzielen Sie straffere, j\u00fcnger aussehende Haut in 14 Tagen. Dermatologisch getestet.<\/h3>\n","protected":false},"featured_media":37183,"comment_status":"open","ping_status":"closed","template":"","meta":[],"product_brand":[],"product_cat":[962,971],"product_tag":[980,979,988,977],"class_list":{"0":"post-37180","1":"product","2":"type-product","3":"status-publish","4":"has-post-thumbnail","6":"product_cat-beauty-pflege","7":"product_cat-top-angebote","8":"product_tag-beauty-pflege","9":"product_tag-hautpflege","10":"product_tag-massage","11":"product_tag-ol","13":"first","14":"instock","15":"sale","16":"shipping-taxable","17":"purchasable","18":"product-type-simple"},"_links":{"self":[{"href":"https:\/\/bazaar.express\/de\/wp-json\/wp\/v2\/product\/37180","targetHints":{"allow":["GET"]}}],"collection":[{"href":"https:\/\/bazaar.express\/de\/wp-json\/wp\/v2\/product"}],"about":[{"href":"https:\/\/bazaar.express\/de\/wp-json\/wp\/v2\/types\/product"}],"replies":[{"embeddable":true,"href":"https:\/\/bazaar.express\/de\/wp-json\/wp\/v2\/comments?post=37180"}],"wp:featuredmedia":[{"embeddable":true,"href":"https:\/\/bazaar.express\/de\/wp-json\/wp\/v2\/media\/37183"}],"wp:attachment":[{"href":"https:\/\/bazaar.express\/de\/wp-json\/wp\/v2\/media?parent=37180"}],"wp:term":[{"taxonomy":"product_brand","embeddable":true,"href":"https:\/\/bazaar.express\/de\/wp-json\/wp\/v2\/product_brand?post=37180"},{"taxonomy":"product_cat","embeddable":true,"href":"https:\/\/bazaar.express\/de\/wp-json\/wp\/v2\/product_cat?post=37180"},{"taxonomy":"product_tag","embeddable":true,"href":"https:\/\/bazaar.express\/de\/wp-json\/wp\/v2\/product_tag?post=37180"}],"curies":[{"name":"wp","href":"https:\/\/api.w.org\/{rel}","templated":true}]}}