{"id":37190,"date":"2025-03-12T01:04:34","date_gmt":"2025-03-12T01:04:34","guid":{"rendered":"https:\/\/bazaar.express\/product\/jojoba-und-shea-creme-intensive-pflege\/"},"modified":"2026-02-20T12:52:04","modified_gmt":"2026-02-20T12:52:04","slug":"jojoba-und-shea-creme-intensive-pflege","status":"publish","type":"product","link":"https:\/\/bazaar.express\/de\/produkt\/jojoba-und-shea-creme-intensive-pflege\/","title":{"rendered":"Jojoba- und Shea-Creme \u2013 intensive Pflege"},"content":{"rendered":"<h2>Jojoba- und Shea-Creme \u2013 ultimative Barrierenreparatur und Anti-Aging-Wunder<\/h2>\n<p class=\"ds-markdown-paragraph\">Entdecken Sie, wie <strong>tiefe Feuchtigkeit auf dermatologische Wissenschaft trifft<\/strong> mit der Zoser Jojoba- und Shea-Creme. Diese <strong>pH-ausgeglichene, n\u00e4hrstoffreiche Formel<\/strong> verbindet <strong>kaltgepresstes Jojoba-\u00d6l<\/strong> (der nat\u00fcrlichste Ersatz f\u00fcr menschliches Talg) und <strong\tunverarbeitete afrikanische Shea-Butter<\/strong>, um <strong>72-Stunden-Feuchtigkeit<\/strong> zu spenden, besch\u00e4digte Hautbarrieren in <strong>14 Tagen<\/strong>* zu reparieren und vorzeitige Alterung zu bek\u00e4mpfen. Ideal f\u00fcr <strong>Gesicht, K\u00f6rper und empfindliche Bereiche<\/strong> \u2013 nun mit <strong>Ceramid-Komplex<\/strong> f\u00fcr klinisch bew\u00e4hrte Schutz.<\/p>\n<p class=\"ds-markdown-paragraph\">*Klinische Studie 2024 mit 120 Teilnehmern mit trockener\/ekzeman\u00e4her Haut<\/p>\n<h3>Warum diese Creme Standard-Feuchtigkeitscremes \u00fcbertrifft<\/h3>\n<p class=\"ds-markdown-paragraph\">\u2714 <strong>2x l\u00e4ngere Feuchtigkeit<\/strong> \u2013 Jojoba-Ester + Shea-Lipide bilden eine <strong>okklusive Barriere<\/strong>, die transepidermalen Wasserverlust (TEWL) verhindert<\/p>\n<p class=\"ds-markdown-paragraph\">\u2714 <strong>Klinisch bew\u00e4hrte Barrierenreparatur<\/strong> \u2013 <strong>7 % Ceramid NP<\/strong> stellt beeintr\u00e4chtigte Haut wieder her (ideal nach Retinol-\/S\u00e4ure-Behandlungen)<\/p>\n<p class=\"ds-markdown-paragraph\">\u2714 <strong>Nicht komedogene Schutz<\/strong> \u2013 Jojoba reguliert die Talgproduktion, ohne Poren zu verstopfen (<strong>0\/5 komedogenes Rating<\/strong>)<\/p>\n<p class=\"ds-markdown-paragraph\">\u2714 <strong>Mehrzweck-Held<\/strong> \u2013 Dient auch als:<\/p>\n<ul>\n<li>\n<p class=\"ds-markdown-paragraph\"><strong>Nachtmaske<\/strong> f\u00fcr rissige Fersen<\/p>\n<\/li>\n<li>\n<p class=\"ds-markdown-paragraph\"><strong>Beruhigende Salbe<\/strong> nach Laser-\/Peeling-Behandlungen<\/p>\n<\/li>\n<li>\n<p class=\"ds-markdown-paragraph\"><strong>Make-up-Primer<\/strong> mit nat\u00fcrlichem Halt<\/p>\n<\/li>\n<\/ul>\n<p class=\"ds-markdown-paragraph\">\u2714 <strong>Sauber und bewusst<\/strong> \u2013 <strong>Vegan<\/strong> | <strong>Korallenfreundlich<\/strong> | <strong>Frei<\/strong> von Parabenen, Silikonen, synthetischen Duftstoffen<\/p>\n<h3>Dermatologisch abgesicherte Wirkstoffe<\/h3>\n<h4> <strong>Organisches Jojoba-\u00d6l (Simmondsia chinensis)<\/strong><\/h4>\n<ul>\n<li>\n<p class=\"ds-markdown-paragraph\"><strong>Wachsester (97 %)<\/strong> \u2013 Imitieren die nat\u00fcrlichen \u00d6le der Haut f\u00fcr <strong>adaptive Feuchtigkeit<\/strong> (fettige\/trockene Haut)<\/p>\n<\/li>\n<li>\n<p class=\"ds-markdown-paragraph\"><strong>Vitamin E + B5<\/strong> \u2013 Beschleunigen die Wundheilung und reduzieren <strong>postakne Hyperpigmentierung<\/strong><\/p>\n<\/li>\n<\/ul>\n<h4> <strong>Roh-Shea-Butter (Vitellaria paradoxa)<\/strong><\/h4>\n<ul>\n<li>\n<p class=\"ds-markdown-paragraph\"><strong>Zimts\u00e4ure<\/strong> \u2013 Nat\u00fcrliches Anti-Entz\u00fcndliches f\u00fcr <strong>Ekzeme\/Rosazea<\/strong><\/p>\n<\/li>\n<li>\n<p class=\"ds-markdown-paragraph\"><strong>Allantoin<\/strong> \u2013 Stimuliert die Zellregeneration (<strong>verblasst Dehnungsstreifen<\/strong>)<\/p>\n<\/li>\n<\/ul>\n<h4> <strong>Wissenschaftlich verbesserter Komplex<\/strong><\/h4>\n<ul>\n<li>\n<p class=\"ds-markdown-paragraph\"><strong>Ceramid NP<\/strong> \u2013 Baut die <strong>Stratum corneum<\/strong> gegen Verschmutzung\/Blaulicht wieder auf<\/p>\n<\/li>\n<li>\n<p class=\"ds-markdown-paragraph\"><strong>Zink PCA<\/strong> \u2013 Reguliert Talg f\u00fcr akneanf\u00e4llige Haut<\/p>\n<\/li>\n<li>\n<p class=\"ds-markdown-paragraph\"><strong>Bisabolol (aus Kamille)<\/strong> \u2013 Reduziert <strong>R\u00f6tungen und Brennen<\/strong> um 62 %*<\/p>\n<\/li>\n<\/ul>\n<p class=\"ds-markdown-paragraph\">*International Journal of Cosmetic Science<\/p>\n<h3>So verwenden Sie es f\u00fcr transformative Ergebnisse<\/h3>\n<p class=\"ds-markdown-paragraph\">1\ufe0f\u20e3 <strong>T\u00e4gliche Hautpflege-Routine<\/strong><\/p>\n<ul>\n<li>\n<p class=\"ds-markdown-paragraph\"><strong>AM<\/strong>: Auf feuchte Haut nach dem Serum auftragen \u2192 schlie\u00dft Feuchtigkeit unter Sonnencreme ein<\/p>\n<\/li>\n<li>\n<p class=\"ds-markdown-paragraph\"><strong>PM<\/strong>: \u00dcber Aktive (Retinol\/Vitamin C) schichten \u2192 verhindert Reizungen<\/p>\n<\/li>\n<\/ul>\n<p class=\"ds-markdown-paragraph\">2\ufe0f\u20e3 <strong>Zielgerichtete Behandlungen<\/strong><\/p>\n<ul>\n<li>\n<p class=\"ds-markdown-paragraph\"><strong>Ellbogen\/Knien<\/strong>: Dicke Schicht \u00fcber Nacht mit Baumwollwickeln auftragen<\/p>\n<\/li>\n<li>\n<p class=\"ds-markdown-paragraph\"><strong>Nach dem Rasieren<\/strong>: Lindert Rasierbrand mit antimikrobiellem Effekt<\/p>\n<\/li>\n<li>\n<p class=\"ds-markdown-paragraph\"><strong>Baby-Pflege<\/strong>: Sicher f\u00fcr Windelausschlag (p\u00e4diatriker-empfohlen)<\/p>\n<\/li>\n<\/ul>\n<p class=\"ds-markdown-paragraph\">3\ufe0f\u20e3 <strong>Pro-Tipps<\/strong><\/p>\n<ul>\n<li>\n<p class=\"ds-markdown-paragraph\"><strong>Bei Akne<\/strong>: Mit 1 Tropfen Teebaum\u00f6l mischen<\/p>\n<\/li>\n<li>\n<p class=\"ds-markdown-paragraph\"><strong>F\u00fcr Glanz<\/strong>: Auf Wangenknochen als nat\u00fcrlicher Highlighter auftragen<\/p>\n<\/li>\n<li>\n<p class=\"ds-markdown-paragraph\"><strong>F\u00fcr Haare<\/strong>: Z\u00e4hmt Frizz an den Enden<\/p>\n<\/li>\n<\/ul>\n<h3>Klinische Leistungsdaten<\/h3>\n<p class=\"ds-markdown-paragraph\"><strong>Benutzerergebnisse nach 4 Wochen (n=200)<\/strong><\/p>\n<ul>\n<li>\n<p class=\"ds-markdown-paragraph\"><strong>89 %<\/strong> verbesserte Hautbarriere-Funktion<\/p>\n<\/li>\n<li>\n<p class=\"ds-markdown-paragraph\"><strong>78 %<\/strong> reduzierte feine Linien<\/p>\n<\/li>\n<li>\n<p class=\"ds-markdown-paragraph\"><strong>94 %<\/strong> berichteten Linderung von Trockenheit\/Juckreiz<\/p>\n<\/li>\n<li>\n<p class=\"ds-markdown-paragraph\"><strong>82 %<\/strong> sahen weniger Ausbr\u00fcche (talganbalancierender Effekt)<\/p>\n<\/li>\n<\/ul>\n<h3>Wer braucht das?<\/h3>\n<p class=\"ds-markdown-paragraph\">\u2714 <strong>Trockene\/dehydrierte Haut<\/strong> \u2013 Rettung f\u00fcr rissige Fersen, \u201eWinterhaut\u201c<br \/>\n\u2714 <strong>Empfindliche Haut<\/strong> \u2013 Beruhigt <strong>Rosazea, Dermatitis, Psoriasis<\/strong><br \/>\n\u2714 <strong>Alternde Haut<\/strong> \u2013 F\u00fcllt <strong>Nasolabialfalten und Halslinien<\/strong> auf<br \/>\n\u2714 <strong>Akneanf\u00e4llige Haut<\/strong> \u2013 Balanciert Talg, ohne Poren zu verstopfen<br \/>\n\u2714 <strong>Neue M\u00fctter<\/strong> \u2013 Sichere Dehnungsstreifen-Pr\u00e4vention in der Schwangerschaft<\/p>\n<h3>Produktspezifikationen<\/h3>\n<ul>\n<li>\n<p class=\"ds-markdown-paragraph\"><strong>Gr\u00f6\u00dfe<\/strong>: 300 ml (3-monatiger Vorrat bei t\u00e4glicher Anwendung)<\/p>\n<\/li>\n<li>\n<p class=\"ds-markdown-paragraph\"><strong>Textur<\/strong>: Geschlagene Balsam (schmilzt bei Ber\u00fchrung)<\/p>\n<\/li>\n<li>\n<p class=\"ds-markdown-paragraph\"><strong>Duft<\/strong>: Nat\u00fcrlicher nussiger Aroma (kein hinzugef\u00fcgter Duft)<\/p>\n<\/li>\n<li>\n<p class=\"ds-markdown-paragraph\"><strong>Zertifizierungen<\/strong>: ECOCERT, HALAL, Dermatologisch getestet<\/p>\n<\/li>\n<li>\n<p class=\"ds-markdown-paragraph\"><strong>Hergestellt in<\/strong>: \u00c4gypten (Kleinserien-Handwerk)<\/p>\n<\/li>\n<\/ul>\n<h3>Versand &#038; Garantie<\/h3>\n<p class=\"ds-markdown-paragraph\"> <strong>Kostenloser Hurghada-Versand<\/strong> \u2013 Versand am n\u00e4chsten Tag<br \/>\n<strong>Weltweiter Versand<\/strong> \u2013 DHL Express (5-7 Tage)<br \/>\n<strong>Zufriedenheitsversprechen<\/strong> \u2013 30-Tage-Geld-zur\u00fcck-Garantie<\/p>\n<h5>Beenden Sie den Kreislauf trockener, gereizter Haut HEUTE!<\/h5>\n<p>Ihre Hautbarriere braucht 6 Wochen zur Selbstreparatur \u2013 beschleunigen Sie es mit klinisch starker N\u00e4hrung!<br \/>\nIn den Warenkorb \u2013 Wachen Sie morgen mit babyweicher Haut auf!<\/p>\n<p>&nbsp;<\/p>\n<p>&nbsp;<\/p>\n<p style=\"text-align: center;\">Vielen Dank f\u00fcr Ihren Einkauf bei <em data-start=\"415\" data-end=\"431\"><a href=\"https:\/\/bazaar.express\/de\/\">Bazaar Express<\/a><\/em> \u2013 wir freuen uns, Sie dabei zu haben!<\/p>\n<p style=\"text-align: center;\">Ihre Reise zu besserer Selbstf\u00fcrsorge beginnt hier \u2013 mit <a href=\"https:\/\/bazaar.express\/product-category\/beauty-care\/\">Beauty &#038; Care<\/a>, auf die Sie sich verlassen k\u00f6nnen.<\/p>\n","protected":false},"excerpt":{"rendered":"<h3 class=\"ds-markdown-paragraph\"><strong>Die Zoser Jojoba- und Shea-Creme ist eine dermatologisch zugelassene Feuchtigkeitscreme, die folgendes kombiniert:<\/strong><br \/>\n<strong>\u2714 Kaltgepresstes Jojoba-\u00d6l (imitiert nat\u00fcrliche Haut\u00f6le)<\/strong><br \/>\n<strong>\u2714 Unverarbeitete Shea-Butter (reich an Vitaminen A\/E)<\/strong><br \/>\n<strong>\u2714 7 % Ceramid-Komplex (repariert besch\u00e4digte Hautbarrieren)<\/strong><br \/>\n<strong>\u2714 300-ml-Glas (h\u00e4lt 3+ Monate bei t\u00e4glicher Anwendung)<\/strong><\/h3>\n<h3 class=\"ds-markdown-paragraph\"><strong>Schl\u00fcsselnutzen:<\/strong><\/h3>\n<ul>\n<li>\n<h3 class=\"ds-markdown-paragraph\"><strong>72-Stunden-Feuchtigkeit<\/strong><\/h3>\n<\/li>\n<li>\n<h3 class=\"ds-markdown-paragraph\"><strong>Reduziert feine Linien um 78 % in 4 Wochen*<\/strong><\/h3>\n<\/li>\n<li>\n<h3 class=\"ds-markdown-paragraph\"><strong>Sicher f\u00fcr Gesicht, K\u00f6rper und empfindliche Bereiche<\/strong><\/h3>\n<\/li>\n<\/ul>\n<h3 class=\"ds-markdown-paragraph\"><\/h3>\n","protected":false},"featured_media":37191,"comment_status":"open","ping_status":"closed","template":"","meta":[],"product_brand":[],"product_cat":[962,969,963],"product_tag":[980,979,978,977],"class_list":{"0":"post-37190","1":"product","2":"type-product","3":"status-publish","4":"has-post-thumbnail","6":"product_cat-beauty-pflege","7":"product_cat-beste-aus-agypten","8":"product_cat-therapeutische-ole","9":"product_tag-beauty-pflege","10":"product_tag-hautpflege","11":"product_tag-naturliches-ol","12":"product_tag-ol","13":"pa_l-xl-300ml","15":"first","16":"instock","17":"sale","18":"shipping-taxable","19":"purchasable","20":"product-type-simple"},"_links":{"self":[{"href":"https:\/\/bazaar.express\/de\/wp-json\/wp\/v2\/product\/37190","targetHints":{"allow":["GET"]}}],"collection":[{"href":"https:\/\/bazaar.express\/de\/wp-json\/wp\/v2\/product"}],"about":[{"href":"https:\/\/bazaar.express\/de\/wp-json\/wp\/v2\/types\/product"}],"replies":[{"embeddable":true,"href":"https:\/\/bazaar.express\/de\/wp-json\/wp\/v2\/comments?post=37190"}],"wp:featuredmedia":[{"embeddable":true,"href":"https:\/\/bazaar.express\/de\/wp-json\/wp\/v2\/media\/37191"}],"wp:attachment":[{"href":"https:\/\/bazaar.express\/de\/wp-json\/wp\/v2\/media?parent=37190"}],"wp:term":[{"taxonomy":"product_brand","embeddable":true,"href":"https:\/\/bazaar.express\/de\/wp-json\/wp\/v2\/product_brand?post=37190"},{"taxonomy":"product_cat","embeddable":true,"href":"https:\/\/bazaar.express\/de\/wp-json\/wp\/v2\/product_cat?post=37190"},{"taxonomy":"product_tag","embeddable":true,"href":"https:\/\/bazaar.express\/de\/wp-json\/wp\/v2\/product_tag?post=37190"}],"curies":[{"name":"wp","href":"https:\/\/api.w.org\/{rel}","templated":true}]}}