{"id":37214,"date":"2025-02-15T21:57:50","date_gmt":"2025-02-15T21:57:50","guid":{"rendered":"https:\/\/bazaar.express\/product\/goldene-kartuschen-halskette-personalisierte-18k\/"},"modified":"2025-11-24T04:59:53","modified_gmt":"2025-11-24T04:59:53","slug":"goldene-kartuschen-halskette-personalisierte-18k","status":"publish","type":"product","link":"https:\/\/bazaar.express\/de\/produkt\/goldene-kartuschen-halskette-personalisierte-18k\/","title":{"rendered":"Goldene Kartuschen-Halskette \u2013 Personalisierte 18K"},"content":{"rendered":"<h2 data-start=\"312\" data-end=\"373\">Goldene Kartuschen-Halskette \u2013 Personalisierter 18K \u00c4gyptischer Namensanh\u00e4nger<\/h2>\n<h3 data-start=\"375\" data-end=\"441\">Tragen Sie Ihren Namen in Gold \u2013 Inspiriert von der Alten \u00c4gyptischen K\u00f6nigsfamilie<\/h3>\n<p data-start=\"443\" data-end=\"853\">Tauchen Sie ein in die Geschichte mit einer <strong data-start=\"468\" data-end=\"495\">Goldenen Kartuschen-Halskette<\/strong>, handgefertigt aus purem 18K Massivgold. Inspiriert von den heiligen Symbolen des Alten \u00c4gypten, erm\u00f6glicht dieser personalisierte Namensanh\u00e4nger, dass Sie Ihren Namen oder den einer geliebten Person in <strong data-start=\"677\" data-end=\"714\">Hieroglyphen, Arabisch oder Englisch<\/strong> gravieren lassen. Ein Symbol f\u00fcr Identit\u00e4t, Schutz und zeitlose Eleganz, das diese ma\u00dfgeschneiderte Halskette zu einem modischen Statement und einem St\u00fcck kulturellem Erbe macht.<\/p>\n<h3 data-start=\"855\" data-end=\"907\">Die Starke Symbolik der \u00c4gyptischen Kartusche<\/h3>\n<p data-start=\"909\" data-end=\"1181\">Im Alten \u00c4gypten war die Kartusche ein ovaler Rahmen, der den Namen eines Pharaos umschloss und als Schutz ihrer Identit\u00e4t f\u00fcr die Ewigkeit galt. Heute ist das Tragen einer Kartuschen-Halskette eine wundersch\u00f6ne M\u00f6glichkeit, diese Symbolik zu ehren \u2013 sie verbindet Ihren Namen mit Kraft, Schutz und Erbe.<\/p>\n<p data-start=\"1183\" data-end=\"1256\">Dies ist mehr als Schmuck. Es ist ein pers\u00f6nlicher Talisman, gefertigt aus der Geschichte.<\/p>\n<h3 data-start=\"1258\" data-end=\"1309\">Warum Unsere 18K Goldene \u00c4gyptische Namens-Halskette W\u00e4hlen?<\/h3>\n<ul data-start=\"1311\" data-end=\"1854\">\n<li data-start=\"1311\" data-end=\"1399\">\n<p data-start=\"1313\" data-end=\"1399\">\u2714 <strong data-start=\"1315\" data-end=\"1338\">100% Massiv 18K Gold<\/strong> \u2013 Premium-Qualit\u00e4t, langlebig und mit Pr\u00e4ge f\u00fcr Authentizit\u00e4t.<\/p>\n<\/li>\n<li data-start=\"1400\" data-end=\"1494\">\n<p data-start=\"1402\" data-end=\"1494\">\u2714 <strong data-start=\"1404\" data-end=\"1428\">Handgefertigt in \u00c4gypten<\/strong> \u2013 Hergestellt von geschickten \u00e4gyptischen Juwelieren mit tiefem kulturellem Wissen.<\/p>\n<\/li>\n<li data-start=\"1495\" data-end=\"1607\">\n<p data-start=\"1497\" data-end=\"1607\">\u2714 <strong data-start=\"1499\" data-end=\"1528\">Anpassbare Gravuren<\/strong> \u2013 W\u00e4hlen Sie Ihren Namen in antiken Hieroglyphen, arabischer Schrift oder moderner Englisch.<\/p>\n<\/li>\n<li data-start=\"1608\" data-end=\"1716\">\n<p data-start=\"1610\" data-end=\"1716\">\u2714 <strong data-start=\"1612\" data-end=\"1641\">Authentisches Kulturelles Design<\/strong> \u2013 Ein tiefgr\u00fcndiges Geschenk oder Andenken, reich an historischer Bedeutung.<\/p>\n<\/li>\n<li data-start=\"1717\" data-end=\"1854\">\n<p data-start=\"1719\" data-end=\"1854\">\u2714 <strong data-start=\"1721\" data-end=\"1747\">Elegante Geschenkanordnung<\/strong> \u2013 Kommt in einer luxuri\u00f6sen Box, bereit f\u00fcr Geburtstage, Jahrestage, Abschl\u00fcsse oder Erbesgeschenke.<\/p>\n<\/li>\n<\/ul>\n<h3 data-start=\"1856\" data-end=\"1917\">Zertifiziert von der \u00c4gyptischen Pr\u00e4ge- und Assay-Beh\u00f6rde<\/h3>\n<p data-start=\"1919\" data-end=\"2237\">Jede Halskette enth\u00e4lt ein <strong data-start=\"1945\" data-end=\"2024\">offizielles Zertifikat der \u00c4gyptischen Pr\u00e4ge- und Assay-Beh\u00f6rde<\/strong>.<\/p>\n<p data-start=\"1919\" data-end=\"2237\">Dieses Zertifikat best\u00e4tigt die <strong data-start=\"2056\" data-end=\"2083\">genaue Goldreinheit (18K)<\/strong> und das <strong data-start=\"2092\" data-end=\"2110\">pr\u00e4zise Gewicht<\/strong> Ihres St\u00fccks. Es ist Ihre Garantie f\u00fcr <strong data-start=\"2149\" data-end=\"2198\">Authentizit\u00e4t, Transparenz und bleibenden Wert<\/strong> \u2013 ein Siegel des Vertrauens bei jedem Kauf.<\/p>\n<h3 data-start=\"2239\" data-end=\"2258\">Produktdetails<\/h3>\n<ul data-start=\"2260\" data-end=\"2838\">\n<li data-start=\"2260\" data-end=\"2322\">\n<p data-start=\"2262\" data-end=\"2322\"><strong data-start=\"2262\" data-end=\"2274\">Material<\/strong>: Reines 18K Massivgold (zertifiziert und gepr\u00fcft)<\/p>\n<\/li>\n<li data-start=\"2323\" data-end=\"2406\">\n<p data-start=\"2325\" data-end=\"2406\"><strong data-start=\"2325\" data-end=\"2346\">Gravuroptionen<\/strong>: Personalisierte Namen oder W\u00f6rter in Hieroglyphen, Arabisch oder Englisch<\/p>\n<\/li>\n<li data-start=\"2407\" data-end=\"2472\">\n<p data-start=\"2409\" data-end=\"2472\"><strong data-start=\"2409\" data-end=\"2425\">Anh\u00e4ngergr\u00f6\u00dfe<\/strong>: Variiert je nach Name (typischerweise 32 mm bis 58 mm)<\/p>\n<\/li>\n<li data-start=\"2473\" data-end=\"2566\">\n<p data-start=\"2475\" data-end=\"2566\"><strong data-start=\"2475\" data-end=\"2493\">Designoptionen<\/strong>: Verf\u00fcgbar als einseitig, doppelseitig oder sogar dreiseitige Kartusche<\/p>\n<\/li>\n<li data-start=\"2567\" data-end=\"2643\">\n<p data-start=\"2569\" data-end=\"2643\"><strong data-start=\"2569\" data-end=\"2582\">Verpackung<\/strong>: Kommt in einer eleganten Geschenkschachtel, perfekt f\u00fcr besondere Anl\u00e4sse<\/p>\n<\/li>\n<li data-start=\"2644\" data-end=\"2713\">\n<p data-start=\"2646\" data-end=\"2713\"><strong data-start=\"2646\" data-end=\"2655\">Kette<\/strong>: Nicht enthalten (passende Goldketten separat erh\u00e4ltlich)<\/p>\n<\/li>\n<li data-start=\"2714\" data-end=\"2838\">\n<p data-start=\"2716\" data-end=\"2838\"><strong data-start=\"2716\" data-end=\"2726\">Herkunft<\/strong>: Handgefertigt in Kairo, \u00c4gypten \u2013 gefertigt in den historischen Juwelenm\u00e4rkten, einschlie\u00dflich dem renommierten Khan el-Khalili-Bazar<\/p>\n<\/li>\n<\/ul>\n<h3 data-start=\"3160\" data-end=\"3197\">F\u00fcr Wen Ist Diese Halskette Ideal?<\/h3>\n<ul data-start=\"3199\" data-end=\"3530\">\n<li data-start=\"3199\" data-end=\"3272\">\n<p data-start=\"3201\" data-end=\"3272\">Jeder, der ein <strong data-start=\"3218\" data-end=\"3246\">einzigartiges personalisiertes Geschenk<\/strong> mit Bedeutung und Eleganz sucht<\/p>\n<\/li>\n<li data-start=\"3273\" data-end=\"3325\">\n<p data-start=\"3275\" data-end=\"3325\">Fans von <strong data-start=\"3283\" data-end=\"3311\">Alt\u00e4gyptischer Kultur<\/strong> und Symbolik<\/p>\n<\/li>\n<li data-start=\"3326\" data-end=\"3393\">\n<p data-start=\"3328\" data-end=\"3393\"><strong data-start=\"3328\" data-end=\"3347\">Erbe-Liebhaber<\/strong> und diejenigen, die ihre \u00e4gyptische Identit\u00e4t feiern<\/p>\n<\/li>\n<li data-start=\"3394\" data-end=\"3456\">\n<p data-start=\"3396\" data-end=\"3456\">Menschen, die nach <strong data-start=\"3415\" data-end=\"3456\">Luxusschmuck mit einer Geschichte suchen<\/strong><\/p>\n<\/li>\n<li data-start=\"3457\" data-end=\"3530\">\n<p data-start=\"3459\" data-end=\"3530\">K\u00e4ufer, die <strong data-start=\"3474\" data-end=\"3502\">handgefertigten Goldschmuck<\/strong> mit offizieller Zertifizierung suchen<\/p>\n<\/li>\n<\/ul>\n<h3 data-start=\"3532\" data-end=\"3558\">Machen Sie Es Einzigartig Zu Ihrem<\/h3>\n<p data-start=\"3560\" data-end=\"3825\">Ob Sie Ihre Wurzeln ehren, Liebe f\u00fcr jemanden Besonderen ausdr\u00fccken oder etwas Zeitloses zu Ihrer Schmucksammlung hinzuf\u00fcgen, diese 18K <strong data-start=\"3699\" data-end=\"3729\">goldene Hieroglyphen-Halskette<\/strong> ist die perfekte Mischung aus Bedeutung und Sch\u00f6nheit. Sie k\u00f6nnen sogar einzigartige Designelemente anfordern wie:<\/p>\n<ul data-start=\"3827\" data-end=\"3900\">\n<li data-start=\"3827\" data-end=\"3842\">\n<p data-start=\"3829\" data-end=\"3842\">Skarab\u00e4us-Rahmen<\/p>\n<\/li>\n<li data-start=\"3843\" data-end=\"3865\">\n<p data-start=\"3845\" data-end=\"3865\">Lotusblumen-Akzente<\/p>\n<\/li>\n<li data-start=\"3866\" data-end=\"3900\">\n<p data-start=\"3868\" data-end=\"3900\">Offene oder runde Kartuschen-Formen<\/p>\n<\/li>\n<\/ul>\n<p data-start=\"3902\" data-end=\"3986\">Jedes St\u00fcck ist eine <strong data-start=\"3918\" data-end=\"3944\">einzigartige Kreation<\/strong>, gefertigt mit Leidenschaft, Pr\u00e4zision und Stolz.<\/p>\n<h3 data-start=\"3993\" data-end=\"4063\">Besitzen Sie Ein St\u00fcck Geschichte \u2013 Bestellen Sie Ihre \u00c4gyptische Goldkartusche Heute!<\/h3>\n<p data-start=\"4065\" data-end=\"4298\">Feiern Sie Ihren Namen in der Sprache der Pharaonen. Diese 18K-goldene ma\u00dfgeschneiderte Kartuschen-Halskette ist mehr als Luxus \u2013 sie ist Erbe. Unterst\u00fctzt durch <strong data-start=\"4199\" data-end=\"4234\">offizielle \u00e4gyptische Zertifizierung<\/strong>, ist es ein wahrer Schatz, der Vergangenheit und Gegenwart verbindet.<\/p>\n<p data-start=\"4300\" data-end=\"4404\"><strong data-start=\"4302\" data-end=\"4334\">Authentisch. Elegant. Ewig.<\/strong><br data-start=\"4334\" data-end=\"4337\" \/><strong data-start=\"4340\" data-end=\"4404\">Jetzt Einkaufen und Den Geist des Alten \u00c4gypten in Purem Gold Tragen!<\/strong><\/p>\n<p style=\"text-align: center;\">Vielen Dank, dass Sie bei <em data-start=\"415\" data-end=\"431\"><a href=\"https:\/\/bazaar.express\/de\/\">Bazaar Express<\/a><\/em> einkaufen \u2013 wir freuen uns, Sie dabei zu haben!<\/p>\n<p style=\"text-align: center;\">Erleben Sie den Charme antiker Kunstfertigkeit mit unserer <a href=\"https:\/\/bazaar.express\/product-category\/egyptian-treasures\/\">\u00c4gyptischen Sch\u00e4tze<\/a>-Kollektion.<\/p>\n","protected":false},"excerpt":{"rendered":"<h3 data-start=\"78\" data-end=\"384\">Personalisierte 18K Goldene Kartuschen-Halskette, handgefertigt in \u00c4gypten und graviert mit Ihrem Namen in Hieroglyphen, Arabisch oder Englisch. Enth\u00e4lt offizielle Zertifizierung der \u00c4gyptischen Pr\u00e4ge- und Assay-Beh\u00f6rde f\u00fcr Gewicht und Goldreinheit. Ein zeitloses St\u00fcck Erbe und Eleganz.<\/h3>\n","protected":false},"featured_media":37219,"comment_status":"open","ping_status":"closed","template":"","meta":[],"product_brand":[],"product_cat":[967],"product_tag":[986],"class_list":{"0":"post-37214","1":"product","2":"type-product","3":"status-publish","4":"has-post-thumbnail","6":"product_cat-agyptische-schatze","7":"product_tag-andenken","9":"first","10":"instock","11":"shipping-taxable","12":"purchasable","13":"product-type-simple"},"_links":{"self":[{"href":"https:\/\/bazaar.express\/de\/wp-json\/wp\/v2\/product\/37214","targetHints":{"allow":["GET"]}}],"collection":[{"href":"https:\/\/bazaar.express\/de\/wp-json\/wp\/v2\/product"}],"about":[{"href":"https:\/\/bazaar.express\/de\/wp-json\/wp\/v2\/types\/product"}],"replies":[{"embeddable":true,"href":"https:\/\/bazaar.express\/de\/wp-json\/wp\/v2\/comments?post=37214"}],"wp:featuredmedia":[{"embeddable":true,"href":"https:\/\/bazaar.express\/de\/wp-json\/wp\/v2\/media\/37219"}],"wp:attachment":[{"href":"https:\/\/bazaar.express\/de\/wp-json\/wp\/v2\/media?parent=37214"}],"wp:term":[{"taxonomy":"product_brand","embeddable":true,"href":"https:\/\/bazaar.express\/de\/wp-json\/wp\/v2\/product_brand?post=37214"},{"taxonomy":"product_cat","embeddable":true,"href":"https:\/\/bazaar.express\/de\/wp-json\/wp\/v2\/product_cat?post=37214"},{"taxonomy":"product_tag","embeddable":true,"href":"https:\/\/bazaar.express\/de\/wp-json\/wp\/v2\/product_tag?post=37214"}],"curies":[{"name":"wp","href":"https:\/\/api.w.org\/{rel}","templated":true}]}}