{"id":37247,"date":"2025-02-10T17:16:09","date_gmt":"2025-02-10T17:16:09","guid":{"rendered":"https:\/\/bazaar.express\/product\/kartusche-anhaenger\/"},"modified":"2025-11-24T04:59:59","modified_gmt":"2025-11-24T04:59:59","slug":"kartusche-anhaenger","status":"publish","type":"product","link":"https:\/\/bazaar.express\/de\/produkt\/kartusche-anhaenger\/","title":{"rendered":"Kartusche-Anh\u00e4nger"},"content":{"rendered":"<h2 data-start=\"275\" data-end=\"352\">Kartusche-Anh\u00e4nger \u2013 Personalisierter Sterlingsilber-Schmuck handgefertigt in \u00c4gypten<\/h2>\n<h3 data-start=\"354\" data-end=\"408\">Entdecken Sie die Bedeutung hinter der \u00e4gyptischen Kartusche<\/h3>\n<p data-start=\"410\" data-end=\"845\">Der Kartusche-Anh\u00e4nger ist eines der ikonischsten Symbole der alt\u00e4gyptischen Kultur. Urspr\u00fcnglich den Pharaonen vorbehalten, ist die Kartusche ein ovaler Rahmen, der einen Namen oder eine Phrase in Hieroglyphen umschlie\u00dft. Ihr Zweck war es, die Identit\u00e4t des Tr\u00e4gers f\u00fcr die Ewigkeit zu bewahren und g\u00f6ttlichen Schutz zu bieten. Heute wird dieses kraftvolle Symbol als personalisiertes Schmuckst\u00fcck neu geboren \u2013 handgefertigt in \u00c4gypten aus echtem 925er Sterlingsilber.<\/p>\n<p data-start=\"847\" data-end=\"1047\">Jeder Anh\u00e4nger ist eine moderne Interpretation dieses zeitlosen Emblems und erm\u00f6glicht es Ihnen, Ihren Namen in alt\u00e4gyptischen Hieroglyphen, Arabisch oder Englisch gravieren zu lassen \u2013 f\u00fcr ein tief bedeutsames, tragbares Artefakt.<\/p>\n<h3 data-start=\"1054\" data-end=\"1107\">Warum unseren Sterlingsilber-Kartusche-Anh\u00e4nger w\u00e4hlen?<\/h3>\n<ul data-start=\"1109\" data-end=\"2081\">\n<li data-start=\"1109\" data-end=\"1271\">\n<p data-start=\"1111\" data-end=\"1271\"><strong data-start=\"1111\" data-end=\"1147\">Authentische \u00e4gyptische Handwerkskunst<\/strong><br data-start=\"1147\" data-end=\"1150\" \/>Handgefertigt in Kairo von geschickten \u00e4gyptischen Handwerkern mit traditionellen Schmiedetechniken, die \u00fcber Generationen weitergegeben wurden.<\/p>\n<\/li>\n<li data-start=\"1273\" data-end=\"1468\">\n<p data-start=\"1275\" data-end=\"1468\"><strong data-start=\"1275\" data-end=\"1311\">Hochwertiges 925er Sterlingsilber<\/strong><br data-start=\"1311\" data-end=\"1314\" \/>Hergestellt aus reinem Sterlingsilber verbindet dieser Anh\u00e4nger Haltbarkeit mit klassischer Eleganz. W\u00e4hlen Sie zwischen polierter Oberfl\u00e4che oder oxidierter Antik-Optik.<\/p>\n<\/li>\n<li data-start=\"1470\" data-end=\"1701\">\n<p data-start=\"1472\" data-end=\"1701\"><strong data-start=\"1472\" data-end=\"1513\">Personalisierte Gravur in 3 Sprachen<\/strong><br data-start=\"1513\" data-end=\"1516\" \/>Ihren Namen (bis zu 10 Zeichen) k\u00f6nnen wir in antiken Hieroglyphen, Arabisch oder Englisch gravieren. Unsere Hieroglyphen basieren auf authentischen Sprach- und Designtraditionen des alten \u00c4gypten.<\/p>\n<\/li>\n<li data-start=\"1703\" data-end=\"1931\">\n<p data-start=\"1705\" data-end=\"1931\"><strong data-start=\"1705\" data-end=\"1732\">Optionale heilige Symbole<\/strong><br data-start=\"1732\" data-end=\"1735\" \/>Versch\u00f6nern Sie Ihren Anh\u00e4nger mit symbolischen Gravuren auf der R\u00fcckseite:<br data-start=\"1795\" data-end=\"1798\" \/>Ankh (Leben) \u2013 Skarab\u00e4us (Wiedergeburt) \u2013 Auge des Horus (Schutz) \u2013 Gefl\u00fcgelte Isis (g\u00f6ttliche Weiblichkeit) \u2013 Lotus (Reinheit) \u2013 Nefertiti oder Herz.<\/p>\n<\/li>\n<li data-start=\"1933\" data-end=\"2081\">\n<p data-start=\"1935\" data-end=\"2081\"><strong data-start=\"1935\" data-end=\"1966\">Mit Pr\u00e4gezeichen f\u00fcr Authentizit\u00e4t<\/strong><br data-start=\"1966\" data-end=\"1969\" \/>Jeder Anh\u00e4nger ist mit dem offiziellen \u00e4gyptischen Pr\u00e4gezeichen versehen, das echtes Sterlingsilber und Herkunft garantiert.<\/p>\n<\/li>\n<\/ul>\n<h3 data-start=\"2088\" data-end=\"2107\">Produktdetails<\/h3>\n<ul data-start=\"2109\" data-end=\"2436\">\n<li data-start=\"2109\" data-end=\"2152\">\n<p data-start=\"2111\" data-end=\"2152\"><strong data-start=\"2111\" data-end=\"2124\">Material:<\/strong> Massives 925er Sterlingsilber<\/p>\n<\/li>\n<li data-start=\"2153\" data-end=\"2201\">\n<p data-start=\"2155\" data-end=\"2201\"><strong data-start=\"2155\" data-end=\"2174\">Oberfl\u00e4chenoptionen:<\/strong> Gl\u00e4nzend oder oxidiertes Silber<\/p>\n<\/li>\n<li data-start=\"2202\" data-end=\"2261\">\n<p data-start=\"2204\" data-end=\"2261\"><strong data-start=\"2204\" data-end=\"2228\">Gravursprachen:<\/strong> Hieroglyphen, Arabisch, Englisch<\/p>\n<\/li>\n<li data-start=\"2262\" data-end=\"2324\">\n<p data-start=\"2264\" data-end=\"2324\"><strong data-start=\"2264\" data-end=\"2281\">Anh\u00e4ngergr\u00f6\u00dfe:<\/strong> Ca. 5,1 cm (2 Zoll) inklusive \u00d6se<\/p>\n<\/li>\n<li data-start=\"2325\" data-end=\"2388\">\n<p data-start=\"2327\" data-end=\"2388\"><strong data-start=\"2327\" data-end=\"2337\">Kette:<\/strong> Nicht enthalten \u2013 separat in unserem Shop erh\u00e4ltlich<\/p>\n<\/li>\n<li data-start=\"2389\" data-end=\"2436\">\n<p data-start=\"2391\" data-end=\"2436\"><strong data-start=\"2391\" data-end=\"2405\">Zustand:<\/strong> Neu, handgefertigt in \u00c4gypten<\/p>\n<\/li>\n<\/ul>\n<h3 data-start=\"2443\" data-end=\"2491\">Personalisierungs- &#038; Anpassungsanweisungen<\/h3>\n<ul data-start=\"2493\" data-end=\"2807\">\n<li data-start=\"2493\" data-end=\"2599\">\n<p data-start=\"2495\" data-end=\"2599\"><strong data-start=\"2495\" data-end=\"2517\">Geben Sie Ihren Namen an:<\/strong> F\u00fcgen Sie den Namen (bis zu 10 Zeichen) und die bevorzugte Sprache in den Bestellnotizen hinzu.<\/p>\n<\/li>\n<li data-start=\"2600\" data-end=\"2705\">\n<p data-start=\"2602\" data-end=\"2705\"><strong data-start=\"2602\" data-end=\"2624\">Regeln f\u00fcr Hieroglyphen:<\/strong> Laute wie \u201eSh\u201c, \u201eCh\u201c und \u201eTh\u201c werden in einzelne antike Symbole \u00fcbersetzt.<\/p>\n<\/li>\n<li data-start=\"2706\" data-end=\"2807\">\n<p data-start=\"2708\" data-end=\"2807\"><strong data-start=\"2708\" data-end=\"2725\">F\u00fcgen Sie ein Symbol hinzu:<\/strong> Erw\u00e4hnen Sie, ob Sie eines unserer heiligen \u00e4gyptischen Symbole auf der R\u00fcckseite graviert haben m\u00f6chten.<\/p>\n<\/li>\n<\/ul>\n<h3 data-start=\"3287\" data-end=\"3318\">Ein kraftvolles Geschenk des Erbes<\/h3>\n<p data-start=\"3320\" data-end=\"3670\">Die Kartusche war mehr als Dekoration \u2013 sie bot Schutz, Identit\u00e4t und eine Verbindung zum G\u00f6ttlichen. Antike Pharaonen wie Ramses II. und Tutanchamun trugen Kartuschen, um sicherzustellen, dass ihr Name durch die Zeit und das Jenseits hindurch weiterlebt. Die ovale Form der Kartusche symbolisiert die Reise der Sonne und steht f\u00fcr Ewigkeit, abgeleitet vom antiken \u00e4gyptischen \u201eShen\u201c-Ring.<\/p>\n<p data-start=\"3672\" data-end=\"3850\">Dieses St\u00fcck ist mehr als Schmuck \u2013 es ist ein Symbol f\u00fcr Kultur, Glauben und Geschichte. Mit Ihrem gravierten Namen wird es zu Ihrer pers\u00f6nlichen Verbindung zu einer Zivilisation, die die Welt gepr\u00e4gt hat.<\/p>\n<p data-start=\"3852\" data-end=\"4026\">Ob Sie Geschichtsliebhaber, spirituelle Suchender oder jemand sind, der nach einem einzigartigen, bedeutsamen Geschenk sucht \u2013 dieser Kartusche-Anh\u00e4nger bringt antikes Wissen in die moderne Welt.<\/p>\n<p data-start=\"4033\" data-end=\"4157\"><strong data-start=\"4033\" data-end=\"4084\">Bestellen Sie heute Ihren personalisierten Kartusche-Anh\u00e4nger<\/strong> und tragen Sie das Erbe des alten \u00c4gypten bei sich \u2013 f\u00fcr immer in Silber graviert.<\/p>\n<p style=\"text-align: center;\">Vielen Dank, dass Sie bei <em data-start=\"415\" data-end=\"431\"><a href=\"https:\/\/bazaar.express\/de\/\">Bazaar Express<\/a><\/em> einkaufen \u2013 wir freuen uns, Sie bei uns zu haben!<\/p>\n<p style=\"text-align: center;\">Erleben Sie den Charme antiker Kunstfertigkeit mit unserer <a href=\"https:\/\/bazaar.express\/product-category\/egyptian-treasures\/\">Sammlung \u00e4gyptischer Sch\u00e4tze<\/a>.<\/p>\n","protected":false},"excerpt":{"rendered":"<h3 data-start=\"436\" data-end=\"671\"><strong data-start=\"436\" data-end=\"671\">Dieser personalisierte Sterlingsilber-Kartusche-Anh\u00e4nger wird in \u00c4gypten handgefertigt und mit Ihrem Namen in antiken Hieroglyphen, Arabisch oder Englisch graviert. Ein symbolisches St\u00fcck Geschichte und Schutz, ideal f\u00fcr den t\u00e4glichen Tragekomfort oder als Geschenk.<\/strong><\/h3>\n","protected":false},"featured_media":37255,"comment_status":"open","ping_status":"closed","template":"","meta":[],"product_brand":[],"product_cat":[967,971],"product_tag":[986],"class_list":{"0":"post-37247","1":"product","2":"type-product","3":"status-publish","4":"has-post-thumbnail","6":"product_cat-agyptische-schatze","7":"product_cat-top-angebote","8":"product_tag-andenken","10":"first","11":"instock","12":"sale","13":"shipping-taxable","14":"purchasable","15":"product-type-simple"},"_links":{"self":[{"href":"https:\/\/bazaar.express\/de\/wp-json\/wp\/v2\/product\/37247","targetHints":{"allow":["GET"]}}],"collection":[{"href":"https:\/\/bazaar.express\/de\/wp-json\/wp\/v2\/product"}],"about":[{"href":"https:\/\/bazaar.express\/de\/wp-json\/wp\/v2\/types\/product"}],"replies":[{"embeddable":true,"href":"https:\/\/bazaar.express\/de\/wp-json\/wp\/v2\/comments?post=37247"}],"wp:featuredmedia":[{"embeddable":true,"href":"https:\/\/bazaar.express\/de\/wp-json\/wp\/v2\/media\/37255"}],"wp:attachment":[{"href":"https:\/\/bazaar.express\/de\/wp-json\/wp\/v2\/media?parent=37247"}],"wp:term":[{"taxonomy":"product_brand","embeddable":true,"href":"https:\/\/bazaar.express\/de\/wp-json\/wp\/v2\/product_brand?post=37247"},{"taxonomy":"product_cat","embeddable":true,"href":"https:\/\/bazaar.express\/de\/wp-json\/wp\/v2\/product_cat?post=37247"},{"taxonomy":"product_tag","embeddable":true,"href":"https:\/\/bazaar.express\/de\/wp-json\/wp\/v2\/product_tag?post=37247"}],"curies":[{"name":"wp","href":"https:\/\/api.w.org\/{rel}","templated":true}]}}