{"id":37276,"date":"2025-02-16T16:04:58","date_gmt":"2025-02-16T16:04:58","guid":{"rendered":"https:\/\/bazaar.express\/product\/natuerliche-schmerzlinderung\/"},"modified":"2025-02-16T16:04:58","modified_gmt":"2025-02-16T16:04:58","slug":"natuerliche-schmerzlinderung","status":"publish","type":"product","link":"https:\/\/bazaar.express\/de\/produkt\/natuerliche-schmerzlinderung\/","title":{"rendered":"Nat\u00fcrliche Schmerzlinderung"},"content":{"rendered":"<h2 data-start=\"275\" data-end=\"324\">Nat\u00fcrliche Schmerzlinderung mit Horus Colocynth Creme<\/h2>\n<p data-start=\"326\" data-end=\"766\">Suchen Sie eine schnell wirkende, nat\u00fcrliche L\u00f6sung zur Linderung von Muskel- und Gelenkschmerzen? <strong data-start=\"408\" data-end=\"433\">Horus Colocynth Creme<\/strong> ist ein wirksames pflanzliches Mittel, das Unwohlsein lindert, Entz\u00fcndungen reduziert und die Beweglichkeit wiederherstellt \u2013 ohne aggressive Chemikalien. Diese einzigartige Formel verbindet Colocynth (bittere Gurke) mit einer potenten Mischung aus \u00e4therischen \u00d6len wie Eukalyptus, Pfefferminze und Nelke, um eine der effektivsten <strong data-start=\"721\" data-end=\"751\">nat\u00fcrlichen Schmerzlinderungscremes<\/strong> auf dem Markt zu schaffen.<\/p>\n<h3 data-start=\"768\" data-end=\"818\">Was macht die Horus Colocynth Creme so wirksam?<\/h3>\n<p data-start=\"820\" data-end=\"980\">Unsere Creme geht \u00fcber herk\u00f6mmliche Schmerzlinderung hinaus, indem sie uraltes pflanzliches Wissen mit moderner Anwendung verbindet. Jeder Inhaltsstoff ist f\u00fcr seine bew\u00e4hrte Wirkung ausgew\u00e4hlt:<\/p>\n<ul data-start=\"982\" data-end=\"1087\">\n<li data-start=\"982\" data-end=\"1008\">\n<p data-start=\"984\" data-end=\"1008\">Muskelkater reduzieren<\/p>\n<\/li>\n<li data-start=\"1009\" data-end=\"1032\">\n<p data-start=\"1011\" data-end=\"1032\">Durchblutung verbessern<\/p>\n<\/li>\n<li data-start=\"1033\" data-end=\"1055\">\n<p data-start=\"1035\" data-end=\"1055\">Steife Gelenke entspannen<\/p>\n<\/li>\n<li data-start=\"1056\" data-end=\"1087\">\n<p data-start=\"1058\" data-end=\"1087\">Tiefe Gewebespannung l\u00f6sen<\/p>\n<\/li>\n<\/ul>\n<p data-start=\"1089\" data-end=\"1267\">Ob Sie als Sportler nach dem Training erholen, unter chronischen R\u00fcckenschmerzen leiden oder nach einem langen Tag Verspannungen sp\u00fcren \u2013 die Horus Colocynth Creme bietet tiefe, nat\u00fcrliche Linderung.<\/p>\n<h3 data-start=\"1269\" data-end=\"1310\">Wichtige Vorteile der Horus Colocynth Creme<\/h3>\n<h4 data-start=\"1312\" data-end=\"1359\">\u2714 Wirksame entz\u00fcndungshemmende Inhaltsstoffe<\/h4>\n<p data-start=\"1360\" data-end=\"1653\">Diese nat\u00fcrliche Muskel-Schmerzlinderungscreme enth\u00e4lt <strong data-start=\"1400\" data-end=\"1421\">Colocynth-Extrakt<\/strong>, ein traditionelles pflanzliches Mittel, das f\u00fcr seine entz\u00fcndungshemmenden und schmerzlindernden Eigenschaften bekannt ist. Es wirkt synergistisch mit <strong data-start=\"1537\" data-end=\"1579\">Muskat, Nelke, Fenchel, Kreuzk\u00fcmmel, Zimt<\/strong> und <strong data-start=\"1585\" data-end=\"1603\">Pfefferminz\u00f6l<\/strong>, um eine w\u00e4rmende, beruhigende Wirkung auf den K\u00f6rper zu erzeugen.<\/p>\n<h4 data-start=\"1655\" data-end=\"1703\">\u2714 Schnelle Absorption ohne fettigen R\u00fcckstand<\/h4>\n<p data-start=\"1704\" data-end=\"1928\">Im Gegensatz zu vielen synthetischen Muskelcremes, die einen klebrigen Film hinterlassen, ist die Horus Creme schnell einziehend und nicht fettend. Ihre leichte Textur dringt tief in die Haut ein und bietet schnelle Linderung von Schmerzen und Entz\u00fcndungen.<\/p>\n<h4 data-start=\"1930\" data-end=\"1977\">\u2714 Wirksam bei verschiedenen Schmerzzust\u00e4nden<\/h4>\n<p data-start=\"1978\" data-end=\"1997\">Verwenden Sie diese Creme f\u00fcr:<\/p>\n<ul data-start=\"1999\" data-end=\"2133\">\n<li data-start=\"1999\" data-end=\"2018\">\n<p data-start=\"2001\" data-end=\"2018\">Muskelkater<\/p>\n<\/li>\n<li data-start=\"2019\" data-end=\"2033\">\n<p data-start=\"2021\" data-end=\"2033\">Gelenkschmerzen<\/p>\n<\/li>\n<li data-start=\"2034\" data-end=\"2061\">\n<p data-start=\"2036\" data-end=\"2061\">R\u00fccken- und Nackensteifheit<\/p>\n<\/li>\n<li data-start=\"2062\" data-end=\"2074\">\n<p data-start=\"2064\" data-end=\"2074\">Ischias<\/p>\n<\/li>\n<li data-start=\"2075\" data-end=\"2088\">\n<p data-start=\"2077\" data-end=\"2088\">Arthritis<\/p>\n<\/li>\n<li data-start=\"2089\" data-end=\"2133\">\n<p data-start=\"2091\" data-end=\"2133\">Verstauchungen, Prellungen und Erholung nach dem Training<\/p>\n<\/li>\n<\/ul>\n<p data-start=\"2135\" data-end=\"2219\">Sie kann auch auf die Stirn aufgetragen werden, um leichte Kopfschmerzen zu lindern (Augenkontakt vermeiden).<\/p>\n<h4 data-start=\"2221\" data-end=\"2278\">\u2714 Nat\u00fcrliche Alternative zu Bengay &#038; \u00e4hnlichen Produkten<\/h4>\n<p data-start=\"2279\" data-end=\"2540\">Im Gegensatz zu topischen Cremes, die auf <strong data-start=\"2314\" data-end=\"2325\">Menthol<\/strong>, <strong data-start=\"2327\" data-end=\"2348\">Methylsalicylat<\/strong> oder synthetischem Kampfer basieren, bietet die Horus Colocynth Creme <strong data-start=\"2403\" data-end=\"2447\">nat\u00fcrliche Schmerzlinderung ohne Nebenwirkungen<\/strong>. Sie ist eine ausgezeichnete Wahl f\u00fcr Personen mit empfindlicher Haut oder die eine reine, pflanzliche L\u00f6sung suchen.<\/p>\n<h4 data-start=\"2542\" data-end=\"2587\">\u2714 Von Sportlern vertraut &#038; sicher f\u00fcr den t\u00e4glichen Gebrauch<\/h4>\n<p data-start=\"2588\" data-end=\"2802\">Ob Sie ein Profisportler, Wochenendkrieger oder jemand mit t\u00e4glichen Beschwerden sind \u2013 diese Creme ist f\u00fcr h\u00e4ufigen Gebrauch sicher. Sie ist hautvertr\u00e4glich und ideal f\u00fcr langfristige Pflege und Verletzungspr\u00e4vention.<\/p>\n<h3 data-start=\"2809\" data-end=\"2847\">So verwenden Sie die Horus Schmerzlinderungscreme<\/h3>\n<ol data-start=\"2849\" data-end=\"3137\">\n<li data-start=\"2849\" data-end=\"2909\">\n<p data-start=\"2852\" data-end=\"2909\"><strong data-start=\"2852\" data-end=\"2861\">Auftragen<\/strong> Sie eine d\u00fcnne Schicht auf den schmerzenden oder betroffenen Bereich.<\/p>\n<\/li>\n<li data-start=\"2910\" data-end=\"2996\">\n<p data-start=\"2913\" data-end=\"2996\"><strong data-start=\"2913\" data-end=\"2924\">Massieren<\/strong> Sie sanft in kreisenden Bewegungen etwa 10 Minuten lang, bis sie vollst\u00e4ndig eingezogen ist.<\/p>\n<\/li>\n<li data-start=\"2997\" data-end=\"3044\">\n<p data-start=\"3000\" data-end=\"3044\"><strong data-start=\"3000\" data-end=\"3019\">Zweimal t\u00e4glich anwenden<\/strong> f\u00fcr anhaltende Linderung.<\/p>\n<\/li>\n<li data-start=\"3045\" data-end=\"3137\">\n<p data-start=\"3048\" data-end=\"3137\">F\u00fcr beste Ergebnisse den Bereich abdecken, um W\u00e4rme zu halten, oder nach der Anwendung ein Heizpad verwenden.<\/p>\n<\/li>\n<\/ol>\n<p data-start=\"3139\" data-end=\"3220\"><strong data-start=\"3139\" data-end=\"3147\">Hinweis<\/strong>: Bei Kopfschmerzen eine kleine Menge auf die Schl\u00e4fen auftragen, fern von den Augen.<\/p>\n<h3 data-start=\"3227\" data-end=\"3246\">Produktdetails<\/h3>\n<ul data-start=\"3248\" data-end=\"3581\">\n<li data-start=\"3248\" data-end=\"3318\">\n<p data-start=\"3250\" data-end=\"3318\"><strong data-start=\"3250\" data-end=\"3266\">Produktname<\/strong>: Horus Colocynth Creme zur Linderung von Muskel- und Gelenkschmerzen<\/p>\n<\/li>\n<li data-start=\"3319\" data-end=\"3433\">\n<p data-start=\"3321\" data-end=\"3433\"><strong data-start=\"3321\" data-end=\"3340\">Wichtige Inhaltsstoffe<\/strong>: Colocynth, Muskat, Eukalyptus, Nelke, Zimt, Kreuzk\u00fcmmel, Fenchel, Pfefferminze, Traubenkern\u00f6l<\/p>\n<\/li>\n<li data-start=\"3434\" data-end=\"3452\">\n<p data-start=\"3436\" data-end=\"3452\"><strong data-start=\"3436\" data-end=\"3444\">Gr\u00f6\u00dfe<\/strong>: 145g<\/p>\n<\/li>\n<li data-start=\"3453\" data-end=\"3482\">\n<p data-start=\"3455\" data-end=\"3482\"><strong data-start=\"3455\" data-end=\"3465\">Herkunft<\/strong>: Hergestellt in \u00c4gypten<\/p>\n<\/li>\n<li data-start=\"3483\" data-end=\"3510\">\n<p data-start=\"3485\" data-end=\"3510\"><strong data-start=\"3485\" data-end=\"3501\">Hersteller<\/strong>: Horus<\/p>\n<\/li>\n<li data-start=\"3511\" data-end=\"3581\">\n<p data-start=\"3513\" data-end=\"3581\"><strong data-start=\"3513\" data-end=\"3520\">Verwendung<\/strong>: Nur \u00e4u\u00dferlich. Augenkontakt vermeiden. Nicht fest verbinden.<\/p>\n<\/li>\n<\/ul>\n<h3 data-start=\"3588\" data-end=\"3613\">Warum Kunden sie lieben<\/h3>\n<p data-start=\"3615\" data-end=\"3949\">Die Horus Colocynth Creme ist mehr als nur ein Muskelbalsam \u2013 sie ist eine <strong data-start=\"3677\" data-end=\"3702\">therapeutische Behandlung<\/strong>, der Tausende f\u00fcr nat\u00fcrliche, gezielte Schmerzlinderung vertrauen. Mit ihrer einzigartigen Mischung aus Pflanzenstoffen hilft diese Creme, die <strong data-start=\"3821\" data-end=\"3854\">Beweglichkeit wiederherzustellen und Entz\u00fcndungen zu reduzieren<\/strong> sowie <strong data-start=\"3868\" data-end=\"3893\">die Erholung nach dem Training<\/strong> oder <strong data-start=\"3897\" data-end=\"3920\">chronische Schmerzlinderung<\/strong> zu unterst\u00fctzen \u2013 nat\u00fcrlich und effektiv.<\/p>\n<h2 data-start=\"4136\" data-end=\"4181\">Sp\u00fcren Sie den nat\u00fcrlichen Unterschied \u2013 Bestellen Sie heute!<\/h2>\n<p data-start=\"4183\" data-end=\"4400\">Ob Sie mit t\u00e4glichen Schmerzen k\u00e4mpfen oder ein Mittel nach dem Training ben\u00f6tigen \u2013 die Horus Colocynth Creme ist Ihre zuverl\u00e4ssige L\u00f6sung f\u00fcr sichere, wirksame und nat\u00fcrliche Linderung.<\/p>\n<p data-start=\"4183\" data-end=\"4400\"><strong>Probieren Sie sie heute aus und erleben Sie den Komfort, den Ihr K\u00f6rper verdient.<\/strong><\/p>\n<p style=\"text-align: center;\">Vielen Dank, dass Sie bei <em data-start=\"415\" data-end=\"431\"><a href=\"https:\/\/bazaar.express\/de\/\">Bazaar Express<\/a><\/em> einkaufen \u2013 wir freuen uns, Sie hier zu haben!<\/p>\n<p style=\"text-align: center;\">Ihre Reise zu besserer Selbstpflege beginnt hier \u2013 mit vertrauensw\u00fcrdiger <a href=\"https:\/\/bazaar.express\/product-category\/beauty-care\/\">Beauty &#038; Care<\/a>.<\/p>\n","protected":false},"excerpt":{"rendered":"<h3 data-start=\"487\" data-end=\"647\">Erleben Sie schnelle, nat\u00fcrliche Linderung mit der Horus Colocynth Creme. Angereichert mit Colocynth, Eukalyptus und Nelken\u00f6len zur Beruhigung von Muskeln, Gelenken und Entz\u00fcndungen.<\/h3>\n","protected":false},"featured_media":9206,"comment_status":"open","ping_status":"closed","template":"","meta":[],"product_brand":[],"product_cat":[962],"product_tag":[988,978,977],"class_list":{"0":"post-37276","1":"product","2":"type-product","3":"status-publish","4":"has-post-thumbnail","6":"product_cat-beauty-pflege","7":"product_tag-massage","8":"product_tag-naturliches-ol","9":"product_tag-ol","11":"first","12":"instock","13":"sale","14":"shipping-taxable","15":"purchasable","16":"product-type-simple"},"_links":{"self":[{"href":"https:\/\/bazaar.express\/de\/wp-json\/wp\/v2\/product\/37276","targetHints":{"allow":["GET"]}}],"collection":[{"href":"https:\/\/bazaar.express\/de\/wp-json\/wp\/v2\/product"}],"about":[{"href":"https:\/\/bazaar.express\/de\/wp-json\/wp\/v2\/types\/product"}],"replies":[{"embeddable":true,"href":"https:\/\/bazaar.express\/de\/wp-json\/wp\/v2\/comments?post=37276"}],"wp:featuredmedia":[{"embeddable":true,"href":"https:\/\/bazaar.express\/de\/wp-json\/wp\/v2\/media\/9206"}],"wp:attachment":[{"href":"https:\/\/bazaar.express\/de\/wp-json\/wp\/v2\/media?parent=37276"}],"wp:term":[{"taxonomy":"product_brand","embeddable":true,"href":"https:\/\/bazaar.express\/de\/wp-json\/wp\/v2\/product_brand?post=37276"},{"taxonomy":"product_cat","embeddable":true,"href":"https:\/\/bazaar.express\/de\/wp-json\/wp\/v2\/product_cat?post=37276"},{"taxonomy":"product_tag","embeddable":true,"href":"https:\/\/bazaar.express\/de\/wp-json\/wp\/v2\/product_tag?post=37276"}],"curies":[{"name":"wp","href":"https:\/\/api.w.org\/{rel}","templated":true}]}}