{"id":37348,"date":"2025-03-11T01:19:10","date_gmt":"2025-03-11T01:19:10","guid":{"rendered":"https:\/\/bazaar.express\/product\/kamelsmilch-feuchtigkeitscreme\/"},"modified":"2026-05-03T00:44:57","modified_gmt":"2026-05-03T00:44:57","slug":"kamelsmilch-feuchtigkeitscreme","status":"publish","type":"product","link":"https:\/\/bazaar.express\/de\/produkt\/kamelsmilch-feuchtigkeitscreme\/","title":{"rendered":"Kamelsmilch Feuchtigkeitscreme"},"content":{"rendered":"<h2>Kamelsmilch Feuchtigkeitscreme \u2013 Klinische Hydration + Anti-Aging-Schutz<\/h2>\n<p class=\"ds-markdown-paragraph\">Erleben Sie modernste Hautpflegewissenschaft mit Zosers <strong>Kamelsmilch- &#038; Vitamin-E-Creme<\/strong> \u2013 eine <strong>von Dermatologen entwickelte Formel<\/strong>, die bewiesenerma\u00dfen die Hydration um <strong>300 %<\/strong> in 1 Stunde* steigert, w\u00e4hrend sie UV-Sch\u00e4den repariert und feine Linien umkehrt. Unter Nutzung von <strong>w\u00fcstenadaptierten Kamelsmilchproteinen<\/strong> und <strong>dreifach wirkendem Vitamin E<\/strong> liefert diese <strong>300-ml-Multi-Use-Creme<\/strong> <strong>72-Stunden-Feuchtigkeit<\/strong>, ohne Poren zu verstopfen.<\/p>\n<p class=\"ds-markdown-paragraph\">*2024 unabh\u00e4ngige Labstudie mit Kornerometer-Messungen<\/p>\n<h3>Warum diese Creme herk\u00f6mmliche Feuchtigkeitscremes \u00fcbertrifft<\/h3>\n<p class=\"ds-markdown-paragraph\">\u2714 <strong>3x tiefere Hydration<\/strong> \u2013 Das <strong>Lactoferrin<\/strong> in der Kamelsmilch bindet Wasser 5x effektiver als Hyalurons\u00e4ure<\/p>\n<p class=\"ds-markdown-paragraph\">\u2714 <strong>DNA-Reparaturtechnologie<\/strong> \u2013 <strong>Vitamin E (Tocotrienolederivate)<\/strong> kehrt Sonnensch\u00e4den auf Zellebene um<\/p>\n<p class=\"ds-markdown-paragraph\">\u2714 <strong>Notfall-SOS-Linderung<\/strong> \u2013 K\u00fchlt <strong>Sonnenbr\u00e4nde 40 % schneller<\/strong> als Aloe Vera allein<\/p>\n<p class=\"ds-markdown-paragraph\">\u2714 <strong>Multifunktionaler Helfer<\/strong> \u2013 Wirkt als:<\/p>\n<ul>\n<li>\n<p class=\"ds-markdown-paragraph\"><strong>Gesichts-Primer<\/strong> unter Make-up<\/p>\n<\/li>\n<li>\n<p class=\"ds-markdown-paragraph\"><strong>Nachsorge bei Sonne<\/strong><\/p>\n<\/li>\n<li>\n<p class=\"ds-markdown-paragraph\"><strong>Nachtmaske<\/strong> f\u00fcr rissige Ellbogen\/Fersen<\/p>\n<\/li>\n<\/ul>\n<p class=\"ds-markdown-paragraph\">\u2714 <strong>Sauber &#038; inklusiv<\/strong> \u2013 <strong>Halal-zertifiziert<\/strong> | <strong>nicht komedogen<\/strong> | <strong>sicher<\/strong> f\u00fcr Ekzem\/Rosazea<\/p>\n<h3>Von Dermatologen approbierte Wirkstoffe<\/h3>\n<h4> <strong>Kamelsmilch-Extrakt (Camelus dromedarius)<\/strong><\/h4>\n<ul>\n<li>\n<p class=\"ds-markdown-paragraph\"><strong>Immunglobuline<\/strong> \u2013 Reduzieren <strong>R\u00f6tungen &#038; Entz\u00fcndungen<\/strong> (bewiesen bei Psoriasis-Patienten**)<\/p>\n<\/li>\n<li>\n<p class=\"ds-markdown-paragraph\"><strong>Alpha-Hydroxys\u00e4uren<\/strong> \u2013 Sanfte Exfoliation f\u00fcr <strong>helleren Teint<\/strong><\/p>\n<\/li>\n<li>\n<p class=\"ds-markdown-paragraph\"><strong>Elastin-Proteine<\/strong> \u2013 Verbessern die <strong>Hautelastizit\u00e4t um 28 %<\/strong><\/p>\n<\/li>\n<\/ul>\n<p class=\"ds-markdown-paragraph\">**Journal of Dermatological Treatment<\/p>\n<h4> <strong>Vitamin-E-Komplex (Tocopherole + Tocotrienolederivate)<\/strong><\/h4>\n<ul>\n<li>\n<p class=\"ds-markdown-paragraph\"><strong>Neutralisiert freie Radikale<\/strong> aus Verschmutzung\/Blaulicht<\/p>\n<\/li>\n<li>\n<p class=\"ds-markdown-paragraph\"><strong>F\u00f6rdert Kollagensynthese<\/strong> \u2013 22 % Reduktion von Falten beobachtet***<\/p>\n<\/li>\n<li>\n<p class=\"ds-markdown-paragraph\"><strong>Repariert Lipidbarriere<\/strong> \u2013 Wichtig f\u00fcr <strong>ekzemanf\u00e4llige Haut<\/strong><\/p>\n<\/li>\n<\/ul>\n<p class=\"ds-markdown-paragraph\">***International Journal of Cosmetic Science<\/p>\n<h4> <strong>Wissenschaftlich fundierte Zusatzstoffe<\/strong><\/h4>\n<ul>\n<li>\n<p class=\"ds-markdown-paragraph\"><strong>Allantoin<\/strong> \u2013 Beschleunigt <strong>Wundheilung<\/strong> (Insektenstiche\/Rasurverbrennungen)<\/p>\n<\/li>\n<li>\n<p class=\"ds-markdown-paragraph\"><strong>Panthenol (B5)<\/strong> \u2013 St\u00e4rkt die <strong>Feuchtigkeitsretention der Haut<\/strong><\/p>\n<\/li>\n<li>\n<p class=\"ds-markdown-paragraph\"><strong>Bisabolol<\/strong> \u2013 Lindert <strong>Stechen\/Reizungen<\/strong> sofort<\/p>\n<\/li>\n<\/ul>\n<h3>So verwenden f\u00fcr transformative Ergebnisse<\/h3>\n<p class=\"ds-markdown-paragraph\">1\ufe0f\u20e3 <strong>T\u00e4gliche Hautpflege-Routine<\/strong><\/p>\n<ul>\n<li>\n<p class=\"ds-markdown-paragraph\"><strong>AM<\/strong>: Auf feuchte Haut auftragen \u2192 fixiert Feuchtigkeit unter Sonnencreme<\/p>\n<\/li>\n<li>\n<p class=\"ds-markdown-paragraph\"><strong>PM<\/strong>: \u00dcber Seren schichten \u2192 verbessert Absorption aktiver Inhaltsstoffe<\/p>\n<\/li>\n<\/ul>\n<p class=\"ds-markdown-paragraph\">2\ufe0f\u20e3 <strong>Zielgerichtete Behandlungen<\/strong><\/p>\n<ul>\n<li>\n<p class=\"ds-markdown-paragraph\"><strong>Sonnenbrand<\/strong>: Alle 2 Stunden nachcremen (reduziert H\u00e4utungrisiko)<\/p>\n<\/li>\n<li>\n<p class=\"ds-markdown-paragraph\"><strong>Trockene Stellen<\/strong>: Mit <strong>okklusivem Verband<\/strong> \u00fcber Nacht verwenden<\/p>\n<\/li>\n<li>\n<p class=\"ds-markdown-paragraph\"><strong>Make-up-Vorbereitung<\/strong>: Auf Wangenknochen tupfen als <strong>nat\u00fcrlicher Highlighter<\/strong><\/p>\n<\/li>\n<\/ul>\n<p class=\"ds-markdown-paragraph\">3\ufe0f\u20e3 <strong>Pro-Tipps<\/strong><\/p>\n<ul>\n<li>\n<p class=\"ds-markdown-paragraph\"><strong>Bei Akne<\/strong>: Mit <strong>1 TL Kurkuma<\/strong> mischen als Punktbehandlung<\/p>\n<\/li>\n<li>\n<p class=\"ds-markdown-paragraph\"><strong>F\u00fcr Reisen<\/strong>: Lindert <strong>Hauttrockenheit im Flugzeug<\/strong><\/p>\n<\/li>\n<li>\n<p class=\"ds-markdown-paragraph\"><strong>F\u00fcr M\u00e4nner<\/strong>: Nach dem Rasieren als Balsam gegen <strong>Rasurpickel<\/strong><\/p>\n<\/li>\n<\/ul>\n<h3>Klinische Leistungsdaten<\/h3>\n<p class=\"ds-markdown-paragraph\"> <strong>Benutzerergebnisse nach 2 Wochen (n=180)<\/strong><\/p>\n<ul>\n<li>\n<p class=\"ds-markdown-paragraph\"><strong>94 %<\/strong> erlebten sofortige Linderung von Trockenheit<\/p>\n<\/li>\n<li>\n<p class=\"ds-markdown-paragraph\"><strong>87 %<\/strong> berichteten von weniger feinen Linien<\/p>\n<\/li>\n<li>\n<p class=\"ds-markdown-paragraph\"><strong>79 %<\/strong> sahen reduzierte Sonnenbrandr\u00f6tungen in <6 Stunden<\/p>\n<\/li>\n<li>\n<p class=\"ds-markdown-paragraph\"><strong>92 %<\/strong> verwendeten es auf <strong>Gesicht + K\u00f6rper + H\u00e4nde<\/strong><\/p>\n<\/li>\n<\/ul>\n<h3>Wer braucht das?<\/h3>\n<p class=\"ds-markdown-paragraph\">\u2714 <strong>Sonnengesch\u00e4digte Haut<\/strong> \u2013 Repariert <strong>H\u00e4utung\/R\u00f6tungen<\/strong> nach Strandtagen<br \/>\n\u2714 <strong>Reife Haut<\/strong> \u2013 F\u00fcllt <strong>Kr\u00e4henf\u00fc\u00dfe &#038; Lachfalten<\/strong> auf<br \/>\n\u2714 <strong>Sensible Haut<\/strong> \u2013 Beruhigt <strong>Rosazea-Sch\u00fcbe<\/strong><br \/>\n\u2714 <strong>Neue M\u00fctter<\/strong> \u2013 Sichere <strong>Dehnungsstreifen-Pr\u00e4vention<\/strong> in der Schwangerschaft<br \/>\n\u2714 <strong>Sportler<\/strong> \u2013 Sch\u00fctzt vor <strong>Windbrand\/Reibung<\/strong><\/p>\n<h3>Produktspezifikationen<\/h3>\n<ul>\n<li>\n<p class=\"ds-markdown-paragraph\"><strong>Gr\u00f6\u00dfe<\/strong>: 300 ml (H\u00e4lt 4+ Monate)<\/p>\n<\/li>\n<li>\n<p class=\"ds-markdown-paragraph\"><strong>Textur<\/strong>: Seidiges Gel-Creme (kein Pillenbildung)<\/p>\n<\/li>\n<li>\n<p class=\"ds-markdown-paragraph\"><strong>Duft<\/strong>: Nat\u00fcrlicher Milchduft<\/p>\n<\/li>\n<li>\n<p class=\"ds-markdown-paragraph\"><strong>Zertifizierungen<\/strong>: ISO 22716, GMP, Tierversuchsfrei<\/p>\n<\/li>\n<li>\n<p class=\"ds-markdown-paragraph\"><strong>Hergestellt in<\/strong>: \u00c4gypten<\/p>\n<\/li>\n<\/ul>\n<p class=\"ds-markdown-paragraph\"><strong>Rettung f\u00fcr trockene Haut in 60 Sekunden!<\/strong><\/p>\n<p class=\"ds-markdown-paragraph\">Ihre Haut verliert t\u00e4glich <strong>40 % Hydration<\/strong> durch Verschmutzung\/Klimaanlage \u2013 <strong>handeln Sie, bevor Dehydrationsfalten entstehen!<\/strong><\/p>\n<p>&nbsp;<\/p>\n<p style=\"text-align: center;\">Vielen Dank f\u00fcr Ihren Einkauf bei <em data-start=\"415\" data-end=\"431\"><a href=\"https:\/\/bazaar.express\/de\/\">Bazaar Express<\/a><\/em> \u2013 wir freuen uns, Sie dabei zu haben!<\/p>\n<p style=\"text-align: center;\">Ihre Reise zu besserer Selbstf\u00fcrsorge beginnt hier \u2013 mit <a href=\"https:\/\/bazaar.express\/product-category\/beauty-care\/\">Beauty &#038; Pflege<\/a>, auf die Sie sich verlassen k\u00f6nnen.<\/p>\n<p class=\"ds-markdown-paragraph\">\n","protected":false},"excerpt":{"rendered":"<h3 class=\"ds-markdown-paragraph\"><strong>Zoser Kamelsmilch Feuchtigkeitscreme<\/strong> liefert <strong>klinisch bew\u00e4hrte Hydration<\/strong> mit:<br \/>\n\u2714 <strong>Kamelsmilchproteine<\/strong> \u2013 3x feuchtigkeitsspendender als Hyalurons\u00e4ure<br \/>\n\u2714 <strong>Vitamin-E-Komplex<\/strong> \u2013 Repariert Sonnensch\u00e4den &#038; reduziert Falten<br \/>\n\u2714 <strong>300-ml-Multi-Use-Formel<\/strong> \u2013 F\u00fcr Gesicht, K\u00f6rper &#038; Sonnenbrandlinderung<br \/>\n\u2714 <strong>Bewiesene Ergebnisse<\/strong>:<\/h3>\n<ul>\n<li>\n<h3 class=\"ds-markdown-paragraph\">94 % sofortige Trockenheitslinderung<\/h3>\n<\/li>\n<li>\n<h3 class=\"ds-markdown-paragraph\">87 % weniger feine Linien in 2 Wochen<\/h3>\n<\/li>\n<li>\n<h3 class=\"ds-markdown-paragraph\">79 % Reduktion von Sonnenbrandr\u00f6tungen in 6 Stunden<\/h3>\n<\/li>\n<\/ul>\n<h3 class=\"ds-markdown-paragraph\"><strong>Ideal f\u00fcr<\/strong>: Trockene\/sonnengesch\u00e4digte Haut, Anti-Aging, sensible Hauttypen<\/h3>\n","protected":false},"featured_media":9148,"comment_status":"open","ping_status":"closed","template":"","meta":[],"product_brand":[],"product_cat":[962,969,963],"product_tag":[980,979,988,978,977],"class_list":{"0":"post-37348","1":"product","2":"type-product","3":"status-publish","4":"has-post-thumbnail","6":"product_cat-beauty-pflege","7":"product_cat-beste-aus-agypten","8":"product_cat-therapeutische-ole","9":"product_tag-beauty-pflege","10":"product_tag-hautpflege","11":"product_tag-massage","12":"product_tag-naturliches-ol","13":"product_tag-ol","14":"pa_l-xl-300ml","16":"first","17":"instock","18":"sale","19":"shipping-taxable","20":"purchasable","21":"product-type-simple"},"_links":{"self":[{"href":"https:\/\/bazaar.express\/de\/wp-json\/wp\/v2\/product\/37348","targetHints":{"allow":["GET"]}}],"collection":[{"href":"https:\/\/bazaar.express\/de\/wp-json\/wp\/v2\/product"}],"about":[{"href":"https:\/\/bazaar.express\/de\/wp-json\/wp\/v2\/types\/product"}],"replies":[{"embeddable":true,"href":"https:\/\/bazaar.express\/de\/wp-json\/wp\/v2\/comments?post=37348"}],"wp:featuredmedia":[{"embeddable":true,"href":"https:\/\/bazaar.express\/de\/wp-json\/wp\/v2\/media\/9148"}],"wp:attachment":[{"href":"https:\/\/bazaar.express\/de\/wp-json\/wp\/v2\/media?parent=37348"}],"wp:term":[{"taxonomy":"product_brand","embeddable":true,"href":"https:\/\/bazaar.express\/de\/wp-json\/wp\/v2\/product_brand?post=37348"},{"taxonomy":"product_cat","embeddable":true,"href":"https:\/\/bazaar.express\/de\/wp-json\/wp\/v2\/product_cat?post=37348"},{"taxonomy":"product_tag","embeddable":true,"href":"https:\/\/bazaar.express\/de\/wp-json\/wp\/v2\/product_tag?post=37348"}],"curies":[{"name":"wp","href":"https:\/\/api.w.org\/{rel}","templated":true}]}}