{"id":37360,"date":"2025-02-28T14:06:28","date_gmt":"2025-02-28T14:06:28","guid":{"rendered":"https:\/\/bazaar.express\/product\/mentholkristalle-2\/"},"modified":"2025-02-28T14:06:28","modified_gmt":"2025-02-28T14:06:28","slug":"mentholkristalle-2","status":"publish","type":"product","link":"https:\/\/bazaar.express\/de\/produkt\/mentholkristalle-2\/","title":{"rendered":"Mentholkristalle"},"content":{"rendered":"<h2 class=\"\" data-start=\"362\" data-end=\"443\">Mentholkristalle \u2013 100% Reine Minzkraft f\u00fcr Gesundheit, Aromatherapie und Hautpflege<\/h2>\n<h3 class=\"\" data-start=\"445\" data-end=\"475\">Was sind Mentholkristalle?<\/h3>\n<p class=\"\" data-start=\"477\" data-end=\"869\">Mentholkristalle sind eine hochkonzentrierte, nat\u00fcrlich vorkommende Verbindung, die aus <strong data-start=\"563\" data-end=\"582\">Mentha arvensis<\/strong> (Wildminze) \u00e4therischem \u00d6l gewonnen wird. Bekannt f\u00fcr ihren intensiven minzigen Duft und k\u00fchlenden Effekt, l\u00f6sen sich diese durchsichtigen Kristalle leicht in \u00e4therischen \u00d6len, Alkohol und warmem Wasser auf und sind dadurch vielseitig einsetzbar in <strong data-start=\"792\" data-end=\"802\">Gesundheit<\/strong>, <strong data-start=\"804\" data-end=\"814\">Sch\u00f6nheit<\/strong>, <strong data-start=\"816\" data-end=\"833\">pers\u00f6nlicher Pflege<\/strong> und <strong data-start=\"839\" data-end=\"855\">DIY-Bastelprojekten<\/strong>.<\/p>\n<p class=\"\" data-start=\"871\" data-end=\"1082\">Ob Sie die Atemwege erleichtern, Muskelkater lindern, Ihre Hautpflege verbessern oder Ihr Zuhause mit einem frischen minzigen Duft erf\u00fcllen m\u00f6chten \u2013 <strong data-start=\"1020\" data-end=\"1045\">reine Mentholkristalle<\/strong> bieten eine starke und nat\u00fcrliche L\u00f6sung.<\/p>\n<h3 class=\"\" data-start=\"1089\" data-end=\"1125\">Die wichtigsten Vorteile von Mentholkristallen<\/h3>\n<h4 class=\"\" data-start=\"1127\" data-end=\"1178\">\u2714 Nat\u00fcrliche Unterst\u00fctzung f\u00fcr die Atemwege &#038; Sinuslinderung<\/h4>\n<p class=\"\" data-start=\"1179\" data-end=\"1438\">Die Inhalation von Mentholdampf \u00f6ffnet die Naseng\u00e4nge, reduziert die Verstopfung und lindert entz\u00fcndete Nebenh\u00f6hlen. Ideal zur Linderung von Symptomen bei <strong data-start=\"1328\" data-end=\"1336\">Erk\u00e4ltung<\/strong>, <strong data-start=\"1338\" data-end=\"1345\">Grippe<\/strong>, <strong data-start=\"1347\" data-end=\"1360\">Allergien<\/strong> und <strong data-start=\"1366\" data-end=\"1380\">Bronchitis<\/strong>. Verwenden Sie es mit einem Gesichtsdampfer oder hei\u00dfem Wasser f\u00fcr schnelle Ergebnisse.<\/p>\n<h4 class=\"\" data-start=\"1440\" data-end=\"1481\">\u2714 Linderung von Schmerzen in Muskeln &#038; Gelenken<\/h4>\n<p class=\"\" data-start=\"1482\" data-end=\"1697\">Die entz\u00fcndungshemmenden Eigenschaften von Menthol lindern Beschwerden bei <strong data-start=\"1541\" data-end=\"1554\">Arthritis<\/strong>, <strong data-start=\"1556\" data-end=\"1575\">Muskelkater<\/strong>, <strong data-start=\"1577\" data-end=\"1590\">R\u00fcckenschmerzen<\/strong> und <strong data-start=\"1596\" data-end=\"1615\">Sportverletzungen<\/strong>. Es erzeugt eine tiefe K\u00fchlung, die Schmerzen und Verspannungen im K\u00f6rper lindert.<\/p>\n<h4 class=\"\" data-start=\"1699\" data-end=\"1739\">\u2714 Aromatherapie gegen Stress &#038; f\u00fcr Konzentration<\/h4>\n<p class=\"\" data-start=\"1740\" data-end=\"1975\">Geben Sie eine Prise Mentholkristalle in einen Diffusor, ins Bad oder in die Sauna, um die Sinne zu beleben, geistige Ersch\u00f6pfung zu reduzieren und Entspannung zu f\u00f6rdern. Der frische Duft sch\u00e4rft die Konzentration und geistige Klarheit und eignet sich hervorragend f\u00fcr Lern- und Arbeitsumgebungen.<\/p>\n<h4 class=\"\" data-start=\"1977\" data-end=\"2021\">\u2714 K\u00fchlmittel f\u00fcr Hautpflege &#038; Sch\u00f6nheit<\/h4>\n<p class=\"\" data-start=\"2022\" data-end=\"2222\">Menthol verleiht <strong data-start=\"2062\" data-end=\"2073\">Lotionen<\/strong>, <strong data-start=\"2075\" data-end=\"2088\">Lippenbalsam<\/strong>, <strong data-start=\"2090\" data-end=\"2102\">Shampoos<\/strong>, <strong data-start=\"2104\" data-end=\"2119\">Aftershaves<\/strong> und <strong data-start=\"2125\" data-end=\"2140\">Fu\u00dfsprays<\/strong> eine nat\u00fcrliche K\u00fchlung und bietet ein erfrischendes Erlebnis, w\u00e4hrend es Reizungen und Entz\u00fcndungen beruhigt.<\/p>\n<h4 class=\"\" data-start=\"2224\" data-end=\"2260\">\u2714 Mundhygiene &#038; Frischer Atem<\/h4>\n<p class=\"\" data-start=\"2261\" data-end=\"2435\">Ein Schl\u00fcsselbestandteil in <strong data-start=\"2281\" data-end=\"2295\">Zahnpasta<\/strong>, <strong data-start=\"2297\" data-end=\"2310\">Mundsp\u00fclung<\/strong> und <strong data-start=\"2316\" data-end=\"2333\">Hals-Sprays<\/strong>, sorgt Menthol f\u00fcr langanhaltende Frische und antibakterielle Wirkung zur Verbesserung der allgemeinen <strong data-start=\"2419\" data-end=\"2434\">Mundgesundheit<\/strong>.<\/p>\n<h4 class=\"\" data-start=\"2437\" data-end=\"2481\">\u2714 Linderung von Juckreiz &#038; Hautkomfort<\/h4>\n<p class=\"\" data-start=\"2482\" data-end=\"2649\">Menthol reduziert Unbehagen durch <strong data-start=\"2519\" data-end=\"2535\">Insektenstiche<\/strong>, <strong data-start=\"2537\" data-end=\"2548\">Sonnenbrand<\/strong> und <strong data-start=\"2554\" data-end=\"2580\">leichte Hautreizungen<\/strong>, indem es die Haut k\u00fchlt und Juckreiz, R\u00f6tungen und Entz\u00fcndungen mindert.<\/p>\n<h4 class=\"\" data-start=\"2651\" data-end=\"2692\">\u2714 Ideal f\u00fcr DIY- &#038; Bastelprojekte<\/h4>\n<p class=\"\" data-start=\"2693\" data-end=\"2880\">Perfekt f\u00fcr selbstgemachte <strong data-start=\"2712\" data-end=\"2723\">Kerzen<\/strong>, <strong data-start=\"2725\" data-end=\"2744\">Duschbomben<\/strong>, <strong data-start=\"2746\" data-end=\"2755\">Seifen<\/strong>, <strong data-start=\"2757\" data-end=\"2767\">Salben<\/strong> und <strong data-start=\"2773\" data-end=\"2796\">Aromatherapie-Mischungen<\/strong>. Mentholkristalle verleihen Ihren Wellness- und Haushaltskreationen einen frischen, klaren Duft.<\/p>\n<h3 class=\"\" data-start=\"2887\" data-end=\"2918\">So verwenden Sie Mentholkristalle<\/h3>\n<h4 class=\"\" data-start=\"2920\" data-end=\"2970\">\ud83c\udf2c Zur Linderung von Sinus &#038; Erk\u00e4ltung (Dampfinhalation)<\/h4>\n<ol data-start=\"2972\" data-end=\"3216\">\n<li class=\"\" data-start=\"2972\" data-end=\"3027\">\n<p class=\"\" data-start=\"2975\" data-end=\"3027\"><strong data-start=\"2975\" data-end=\"2989\">Wasser erhitzen<\/strong>, bis es kocht, dann in eine Sch\u00fcssel gie\u00dfen.<\/p>\n<\/li>\n<li class=\"\" data-start=\"3028\" data-end=\"3075\">\n<p class=\"\" data-start=\"3031\" data-end=\"3075\"><strong data-start=\"3031\" data-end=\"3054\">\u00bc bis \u00bd Teel\u00f6ffel<\/strong> Mentholkristalle hinzuf\u00fcgen.<\/p>\n<\/li>\n<li class=\"\" data-start=\"3076\" data-end=\"3147\">\n<p class=\"\" data-start=\"3079\" data-end=\"3147\"><strong data-start=\"3079\" data-end=\"3098\">Kopf abdecken<\/strong> mit einem Handtuch und 5\u201310 Minuten tief einatmen.<\/p>\n<\/li>\n<li class=\"\" data-start=\"3148\" data-end=\"3216\">\n<p class=\"\" data-start=\"3151\" data-end=\"3216\"><strong data-start=\"3155\" data-end=\"3174\">1\u20132 Mal t\u00e4glich<\/strong> anwenden zur Linderung von Verstopfung und Sinusdruck.<\/p>\n<\/li>\n<\/ol>\n<h4 class=\"\" data-start=\"3218\" data-end=\"3256\"> Zur Linderung von Muskel- &#038; Gelenkschmerzen<\/h4>\n<ul data-start=\"3258\" data-end=\"3448\">\n<li class=\"\" data-start=\"3258\" data-end=\"3338\">\n<p class=\"\" data-start=\"3260\" data-end=\"3338\">Mentholkristalle mit einem <strong data-start=\"3288\" data-end=\"3303\">Tr\u00e4ger\u00f6l<\/strong> (z. B. Kokos-, Oliven- oder Jojoba\u00f6l) mischen.<\/p>\n<\/li>\n<li class=\"\" data-start=\"3339\" data-end=\"3399\">\n<p class=\"\" data-start=\"3341\" data-end=\"3399\">Auf schmerzende Stellen auftragen und sanft massieren f\u00fcr k\u00fchlende Linderung.<\/p>\n<\/li>\n<li class=\"\" data-start=\"3400\" data-end=\"3448\">\n<p class=\"\" data-start=\"3402\" data-end=\"3448\">Ideal f\u00fcr die Erholung nach dem Training oder den t\u00e4glichen Gebrauch.<\/p>\n<\/li>\n<\/ul>\n<h4 class=\"\" data-start=\"3450\" data-end=\"3490\"> F\u00fcr DIY-Hautpflege &#038; Badeprodukte<\/h4>\n<ul data-start=\"3492\" data-end=\"3651\">\n<li class=\"\" data-start=\"3492\" data-end=\"3580\">\n<p class=\"\" data-start=\"3494\" data-end=\"3580\">Kleine Mengen in <strong data-start=\"3519\" data-end=\"3530\">Lotionen<\/strong>, <strong data-start=\"3532\" data-end=\"3545\">Lippenbalsam<\/strong>, <strong data-start=\"3547\" data-end=\"3559\">Shampoos<\/strong> oder <strong data-start=\"3564\" data-end=\"3579\">Fu\u00dfcremes<\/strong> einmischen.<\/p>\n<\/li>\n<li class=\"\" data-start=\"3581\" data-end=\"3651\">\n<p class=\"\" data-start=\"3583\" data-end=\"3651\">In <strong data-start=\"3590\" data-end=\"3604\">Badebomben<\/strong> oder <strong data-start=\"3608\" data-end=\"3618\">Scrubs<\/strong> verwenden f\u00fcr einen erfrischenden, k\u00fchlenden Effekt.<\/p>\n<\/li>\n<\/ul>\n<h4 class=\"\" data-start=\"3653\" data-end=\"3691\"> F\u00fcr Aromatherapie &#038; Raumd\u00fcfte<\/h4>\n<ul data-start=\"3693\" data-end=\"3861\">\n<li class=\"\" data-start=\"3693\" data-end=\"3769\">\n<p class=\"\" data-start=\"3695\" data-end=\"3769\">Ein paar Kristalle in einen <strong data-start=\"3719\" data-end=\"3733\">Wachs-W\u00e4rmer<\/strong>, <strong data-start=\"3735\" data-end=\"3745\">Kerze<\/strong> oder <strong data-start=\"3750\" data-end=\"3768\">Duftkorb<\/strong> geben.<\/p>\n<\/li>\n<li class=\"\" data-start=\"3770\" data-end=\"3861\">\n<p class=\"\" data-start=\"3772\" data-end=\"3861\">In <strong data-start=\"3779\" data-end=\"3792\">Diffusoren<\/strong> oder <strong data-start=\"3796\" data-end=\"3811\">Luftbefeuchtern<\/strong> einsetzen, um die Luft mit minziger Frische zu reinigen und zu parf\u00fcmieren.<\/p>\n<\/li>\n<\/ul>\n<h3 class=\"\" data-start=\"3868\" data-end=\"3906\">Warum unsere Mentholkristalle herausstechen<\/h3>\n<ul data-start=\"3908\" data-end=\"4225\">\n<li class=\"\" data-start=\"3908\" data-end=\"3995\">\n<p class=\"\" data-start=\"3910\" data-end=\"3995\">\u2714 <strong data-start=\"3912\" data-end=\"3935\">100% Rein &#038; Nat\u00fcrlich<\/strong> \u2013 Aus hochwertigem <strong data-start=\"3962\" data-end=\"3995\">Mentha arvensis \u00e4therischem \u00d6l<\/strong> gewonnen<\/p>\n<\/li>\n<li class=\"\" data-start=\"3996\" data-end=\"4056\">\n<p class=\"\" data-start=\"3998\" data-end=\"4056\">\u2714 <strong data-start=\"4000\" data-end=\"4023\">Hochkonzentriert<\/strong> \u2013 Eine kleine Menge reicht weit<\/p>\n<\/li>\n<li class=\"\" data-start=\"4057\" data-end=\"4144\">\n<p class=\"\" data-start=\"4059\" data-end=\"4144\">\u2714 <strong data-start=\"4061\" data-end=\"4082\">Vielseitige Anwendung<\/strong> \u2013 Ideal f\u00fcr Gesundheitsmittel, Hautpflege, Basteln und Haushalt<\/p>\n<\/li>\n<li class=\"\" data-start=\"4145\" data-end=\"4225\">\n<p class=\"\" data-start=\"4147\" data-end=\"4225\">\u2714 <strong data-start=\"4149\" data-end=\"4170\">Sicher &#038; Lebensmittelqualit\u00e4t<\/strong> \u2013 Geeignet f\u00fcr Kosmetik- und Pflegeanwendungen<\/p>\n<\/li>\n<\/ul>\n<h3 class=\"\" data-start=\"4232\" data-end=\"4258\">Produktspezifikationen<\/h3>\n<ul data-start=\"4260\" data-end=\"4484\">\n<li class=\"\" data-start=\"4260\" data-end=\"4291\">\n<p class=\"\" data-start=\"4262\" data-end=\"4291\"><strong data-start=\"4262\" data-end=\"4271\">Form:<\/strong> Kristallines Feststoff<\/p>\n<\/li>\n<li class=\"\" data-start=\"4292\" data-end=\"4335\">\n<p class=\"\" data-start=\"4294\" data-end=\"4335\"><strong data-start=\"4294\" data-end=\"4305\">Volumen:<\/strong> 60ml (wiederverschlie\u00dfbarer Beh\u00e4lter)<\/p>\n<\/li>\n<li class=\"\" data-start=\"4336\" data-end=\"4393\">\n<p class=\"\" data-start=\"4338\" data-end=\"4393\"><strong data-start=\"4338\" data-end=\"4349\">Herkunft:<\/strong> Gewonnen aus Mentha arvensis (Wildminze)<\/p>\n<\/li>\n<li class=\"\" data-start=\"4394\" data-end=\"4423\">\n<p class=\"\" data-start=\"4396\" data-end=\"4423\"><strong data-start=\"4396\" data-end=\"4411\">Haltbarkeit:<\/strong> 24 Monate<\/p>\n<\/li>\n<li class=\"\" data-start=\"4424\" data-end=\"4484\">\n<p class=\"\" data-start=\"4426\" data-end=\"4484\"><strong data-start=\"4426\" data-end=\"4438\">Lagerung:<\/strong> An einem k\u00fchlen, trockenen Ort fern von Sonnenlicht aufbewahren<\/p>\n<\/li>\n<\/ul>\n<h3 class=\"\" data-start=\"4685\" data-end=\"4727\">Erleben Sie die k\u00fchlende Kraft der Natur<\/h3>\n<p class=\"\" data-start=\"4729\" data-end=\"5005\">Rein, potent und vielseitig \u2013 <strong data-start=\"4757\" data-end=\"4777\">Mentholkristalle<\/strong> sind eine unverzichtbare Erg\u00e4nzung zu Ihrem nat\u00fcrlichen Wellness-Set. Ob Sie Verstopfungen lindern, Muskelkater beheben oder minzige Selbstpflegeprodukte herstellen \u2013 diese Kristalle liefern <strong data-start=\"4960\" data-end=\"4980\">starke Ergebnisse<\/strong> mit <strong data-start=\"4986\" data-end=\"5004\">geringem Aufwand<\/strong>.<\/p>\n<p class=\"\" data-start=\"5012\" data-end=\"5169\">\ud83d\uded2 <strong data-start=\"5015\" data-end=\"5090\">Jetzt bestellen &#038; Kostenlosen lokalen Versand in Hurghada + weltweiten Versand genie\u00dfen!<\/strong><br data-start=\"5090\" data-end=\"5093\" \/>Lassen Sie die Natur sich um Ihre Gesundheit, Ihren Komfort und Ihre Kreativit\u00e4t k\u00fcmmern \u2013 ab heute.<\/p>\n<p style=\"text-align: center;\">Vielen Dank, dass Sie bei <em data-start=\"415\" data-end=\"431\"><a href=\"https:\/\/bazaar.express\/de\/\">Bazaar Express<\/a><\/em> einkaufen \u2013 wir freuen uns, Sie dabei zu haben!<\/p>\n<p style=\"text-align: center;\">Ihre Reise zu besserer Selbstpflege beginnt hier \u2013 mit vertrauensw\u00fcrdiger <a href=\"https:\/\/bazaar.express\/product-category\/beauty-care\/\">Beauty &#038; Care<\/a>.<\/p>\n","protected":false},"excerpt":{"rendered":"<h3 data-start=\"556\" data-end=\"798\">Mentholkristalle (60ml) sind 100% rein und nat\u00fcrlich, gewonnen aus Mentha arvensis \u00d6l. Bekannt f\u00fcr ihren intensiven K\u00fchlungseffekt, eignen sie sich ideal zur Linderung von Verstopfungen, Schmerzlinderung, F\u00f6rderung der Entspannung und Verbesserung von Hautpflege oder DIY-Produkten.<\/h3>\n","protected":false},"featured_media":37368,"comment_status":"open","ping_status":"closed","template":"","meta":[],"product_brand":[],"product_cat":[962,969],"product_tag":[],"class_list":{"0":"post-37360","1":"product","2":"type-product","3":"status-publish","4":"has-post-thumbnail","6":"product_cat-beauty-pflege","7":"product_cat-beste-aus-agypten","8":"pa_l-xl-60ml","10":"first","11":"instock","12":"sale","13":"shipping-taxable","14":"purchasable","15":"product-type-simple"},"_links":{"self":[{"href":"https:\/\/bazaar.express\/de\/wp-json\/wp\/v2\/product\/37360","targetHints":{"allow":["GET"]}}],"collection":[{"href":"https:\/\/bazaar.express\/de\/wp-json\/wp\/v2\/product"}],"about":[{"href":"https:\/\/bazaar.express\/de\/wp-json\/wp\/v2\/types\/product"}],"replies":[{"embeddable":true,"href":"https:\/\/bazaar.express\/de\/wp-json\/wp\/v2\/comments?post=37360"}],"wp:featuredmedia":[{"embeddable":true,"href":"https:\/\/bazaar.express\/de\/wp-json\/wp\/v2\/media\/37368"}],"wp:attachment":[{"href":"https:\/\/bazaar.express\/de\/wp-json\/wp\/v2\/media?parent=37360"}],"wp:term":[{"taxonomy":"product_brand","embeddable":true,"href":"https:\/\/bazaar.express\/de\/wp-json\/wp\/v2\/product_brand?post=37360"},{"taxonomy":"product_cat","embeddable":true,"href":"https:\/\/bazaar.express\/de\/wp-json\/wp\/v2\/product_cat?post=37360"},{"taxonomy":"product_tag","embeddable":true,"href":"https:\/\/bazaar.express\/de\/wp-json\/wp\/v2\/product_tag?post=37360"}],"curies":[{"name":"wp","href":"https:\/\/api.w.org\/{rel}","templated":true}]}}