{"id":37444,"date":"2025-02-05T00:33:15","date_gmt":"2025-02-05T00:33:15","guid":{"rendered":"https:\/\/bazaar.express\/product\/schnelle-blumenlieferung-am-selben-tag-marsa-alam\/"},"modified":"2025-02-05T00:33:15","modified_gmt":"2025-02-05T00:33:15","slug":"schnelle-blumenlieferung-am-selben-tag-marsa-alam","status":"publish","type":"product","link":"https:\/\/bazaar.express\/de\/produkt\/schnelle-blumenlieferung-am-selben-tag-marsa-alam\/","title":{"rendered":"Schnelle Blumenlieferung am selben Tag \u2013 Marsa Alam"},"content":{"rendered":"<h2 data-start=\"161\" data-end=\"218\">Blumenlieferung am selben Tag \u2013 Hotels &#038; Resorts in Marsa Alam<\/h2>\n<p data-start=\"220\" data-end=\"560\">Suchen Sie einen zuverl\u00e4ssigen Blumenladen in der N\u00e4he von Marsa Alam mit schneller Lieferung am selben Tag? Unser Online-Bl\u00fctenbestellservice bietet die ideale L\u00f6sung, um atemberaubende Buketts m\u00fchelos an Ihre Liebsten zu versenden. Egal ob Sie jemanden Besonderen \u00fcberraschen oder Ihr Hotel oder Resort schm\u00fccken m\u00f6chten, wir liefern premium frische Blumen, die jeden Anlass erhellen.<\/p>\n<h3 data-start=\"562\" data-end=\"616\">Warum unser Blumenlieferdienst in Marsa Alam?<\/h3>\n<p data-start=\"618\" data-end=\"891\">Unser Blumenlieferdienst in Marsa Alam garantiert frische, lebendige Bl\u00fcten, die direkt in Ihr Hotel, Resort oder jeden Ort im Roten Meer Resorts-Bereich geliefert werden. Wir spezialisieren uns auf Blumenlieferung am selben Tag ab 7 Uhr morgens und sind Ihr vertrauensw\u00fcrdiger lokaler Florist f\u00fcr:<\/p>\n<ul data-start=\"893\" data-end=\"1022\">\n<li data-start=\"893\" data-end=\"921\">\n<p data-start=\"895\" data-end=\"921\">Geburtstagsblumenlieferung<\/p>\n<\/li>\n<li data-start=\"922\" data-end=\"945\">\n<p data-start=\"924\" data-end=\"945\">Jahrestagsblumen<\/p>\n<\/li>\n<li data-start=\"946\" data-end=\"974\">\n<p data-start=\"948\" data-end=\"974\">Romantische Blumenlieferung<\/p>\n<\/li>\n<li data-start=\"975\" data-end=\"1022\">\n<p data-start=\"977\" data-end=\"1022\">Hochzeitsblumen und Veranstaltungsfloristik<\/p>\n<\/li>\n<\/ul>\n<p data-start=\"1024\" data-end=\"1160\">Unser Team erfahrener Floristen gestaltet exquisite Arrangements nach Ihren W\u00fcnschen, einschlie\u00dflich saisonaler Blumen und luxuri\u00f6ser Bl\u00fctenbuketts.<\/p>\n<h3 data-start=\"1162\" data-end=\"1214\">Die Sch\u00f6nheit wei\u00dfer Rosen \u2013 Symbolik &#038; Eleganz<\/h3>\n<p data-start=\"1216\" data-end=\"1540\">Unser Signature-Bukett umfasst 13 frische wei\u00dfe Rosen \u2013 jede handverlesene f\u00fcr Reinheit, Eleganz und Anmut. Wei\u00dfe Rosen werden oft als \u201eBlume des Lichts\u201c bezeichnet und symbolisieren Aufrichtigkeit, Unschuld und neue Anf\u00e4nge. Traditionell als Brautblume bekannt, eignen sie sich ideal f\u00fcr Hochzeiten, Jahrestage oder herzliche Momente.<\/p>\n<h3 data-start=\"1542\" data-end=\"1586\">Anpassbare Buketts f\u00fcr jeden Anlass<\/h3>\n<p data-start=\"1588\" data-end=\"1679\">W\u00e4hlen Sie aus einer gro\u00dfen Vielfalt an Bl\u00fctenarten, Farben und Stilen, um Ihr Bukett zu personalisieren:<\/p>\n<ul data-start=\"1681\" data-end=\"1853\">\n<li data-start=\"1681\" data-end=\"1740\">\n<p data-start=\"1683\" data-end=\"1740\">F\u00fcgen Sie extra Blumen wie rote Rosen, rosa Rosen oder Lilien hinzu<\/p>\n<\/li>\n<li data-start=\"1741\" data-end=\"1793\">\n<p data-start=\"1743\" data-end=\"1793\">W\u00e4hlen Sie premium Verpackung und Pr\u00e4sentationsoptionen<\/p>\n<\/li>\n<li data-start=\"1794\" data-end=\"1853\">\n<p data-start=\"1796\" data-end=\"1853\">F\u00fcgen Sie luxuri\u00f6se Geschenke wie Schokoladen oder Geschenkk\u00f6rbe hinzu<\/p>\n<\/li>\n<\/ul>\n<p data-start=\"1855\" data-end=\"1938\">Diese Flexibilit\u00e4t stellt sicher, dass Ihr Blumenpr\u00e4sent genau zu Ihrer Botschaft und Ihrem Stil passt.<\/p>\n<h3 data-start=\"1940\" data-end=\"1979\">Wie wir h\u00f6chste Frische gew\u00e4hrleisten<\/h3>\n<p data-start=\"1981\" data-end=\"2059\">Um Ihre Blumen frisch und langlebig zu halten, befolgen Sie nach der Lieferung diese Tipps:<\/p>\n<ul data-start=\"2061\" data-end=\"2230\">\n<li data-start=\"2061\" data-end=\"2114\">\n<p data-start=\"2063\" data-end=\"2114\">Stellen Sie Buketts in sauberes Wasser und wechseln Sie es t\u00e4glich<\/p>\n<\/li>\n<li data-start=\"2115\" data-end=\"2166\">\n<p data-start=\"2117\" data-end=\"2166\">Halten Sie Blumen von direktem Sonnenlicht und W\u00e4rme fern<\/p>\n<\/li>\n<li data-start=\"2167\" data-end=\"2230\">\n<p data-start=\"2169\" data-end=\"2230\">Schneiden Sie die St\u00e4ngel alle paar Tage schr\u00e4g ab, um die Hydration zu erhalten<\/p>\n<\/li>\n<\/ul>\n<h3 data-start=\"2232\" data-end=\"2280\">Nahtloses Online-Bestellen &#038; Zuverl\u00e4ssige Lieferung<\/h3>\n<p data-start=\"2282\" data-end=\"2411\">Unsere benutzerfreundliche Online-Plattform erm\u00f6glicht Bestellungen jederzeit mit direkter Lieferung an Hotels und Resorts in Marsa Alam. Genie\u00dfen Sie:<\/p>\n<ul data-start=\"2413\" data-end=\"2563\">\n<li data-start=\"2413\" data-end=\"2464\">\n<p data-start=\"2415\" data-end=\"2464\">Schnelle, sichere und kontaktlose Lieferung am selben Tag<\/p>\n<\/li>\n<li data-start=\"2465\" data-end=\"2510\">\n<p data-start=\"2467\" data-end=\"2510\">G\u00fcnstige Preise inklusive Liefergeb\u00fchren<\/p>\n<\/li>\n<li data-start=\"2511\" data-end=\"2563\">\n<p data-start=\"2513\" data-end=\"2563\">Zugewidmeten Kundensupport f\u00fcr Ihre Zufriedenheit<\/p>\n<\/li>\n<\/ul>\n<h3 data-start=\"2565\" data-end=\"2595\">Warum Marsa Alam uns w\u00e4hlt?<\/h3>\n<p data-start=\"2597\" data-end=\"3063\">\u2714 Frische Garantiert \u2013 Nur premium, langlebige Blumen wie frische rote, rosa und wei\u00dfe Rosen.<br data-start=\"2695\" data-end=\"2698\" \/>\u2714 Flexible Optionen \u2013 Passen Sie Ihr Bukett an jeden Anlass an.<br data-start=\"2762\" data-end=\"2765\" \/>\u2714 Zuverl\u00e4ssiger Service \u2013 Lieferung am selben Tag in Marsa Alam, abends fr\u00fch morgens.<br data-start=\"2853\" data-end=\"2856\" \/>\u2714 Weite Abdeckung \u2013 Lieferungen nicht nur in Marsa Alam, sondern im gesamten Roten Meer Gebiet, einschlie\u00dflich Hurghada.<br data-start=\"2965\" data-end=\"2968\" \/>\u2714 Zufriedenheitsfokus \u2013 Unsere Kunden sch\u00e4tzen unsere P\u00fcnktlichkeit, Qualit\u00e4t und g\u00fcnstigen Preise.<\/p>\n<h3 data-start=\"3065\" data-end=\"3103\">Bestellen Sie Blumen in Marsa Alam heute!<\/h3>\n<p data-start=\"3105\" data-end=\"3385\">Versch\u00f6nern Sie den Tag von jemandem oder feiern Sie einen besonderen Anlass mit unseren exquisiten wei\u00dfen Rosenbuketts oder entdecken Sie unser breites Blumenangebot inklusive roter und rosa Rosen. Ob Sie Marsa Alam besuchen oder Blumen aus der Ferne versenden, unsere Floristen sorgen daf\u00fcr, dass Ihr Geschenk sch\u00f6n und p\u00fcnktlich ankommt.<\/p>\n<p data-start=\"3387\" data-end=\"3553\">Entdecken Sie zus\u00e4tzliche Geschenke wie Lilien, elegante Blumenarrangements, Geschenkk\u00f6rbe und luxuri\u00f6se Erg\u00e4nzungen wie Ferrero Rocher Schokoladen f\u00fcr eine perfekte romantische \u00dcberraschung.<\/p>\n<p data-start=\"3560\" data-end=\"3757\"><strong>Bestellen Sie jetzt f\u00fcr Blumenlieferung am selben Tag in Marsa Alam und entdecken Sie, warum wir der f\u00fchrende Florist im Roten Meer sind. <\/strong><\/p>\n<p data-start=\"3560\" data-end=\"3757\">Vertrauen Sie uns, Sch\u00f6nheit, Eleganz und herzliche Emotionen mit jedem Bukett zu liefern.<\/p>\n<p data-start=\"3560\" data-end=\"3757\">\n<p style=\"text-align: center;\" align=\"center\"><span style=\"font-size: 11.0pt;\">Vielen Dank f\u00fcr Ihren Einkauf bei <em data-start=\"415\" data-end=\"431\"><a href=\"https:\/\/bazaar.express\/de\/\">Bazaar Express<\/a><\/em> \u2013 wir freuen uns, Sie bei uns zu haben!<\/span><\/p>\n<p style=\"text-align: center;\" align=\"center\"><span style=\"font-size: 11.0pt;\">Von lebendig bis zart \u2013 entdecken Sie <a href=\"https:\/\/bazaar.express\/product-category\/flowers-red-sea-delivery\/\">Blumen<\/a>, die Eleganz ausstrahlen.<\/span><\/p>\n","protected":false},"excerpt":{"rendered":"<h3 data-start=\"410\" data-end=\"618\">\u00dcberraschen Sie jemanden Besonderen mit 13 handverlesenen wei\u00dfen Rosen, die Reinheit und Anmut symbolisieren. Am selben Tag an Hotels und Resorts in Marsa Alam geliefert. Das perfekte Geschenk f\u00fcr Hochzeiten, Jahrestage oder romantische Gesten. <span style=\"color: #0000ff;\"><strong>Preis inklusive Lieferung.<\/strong><\/span><\/h3>\n<h3><\/h3>\n","protected":false},"featured_media":37447,"comment_status":"open","ping_status":"closed","template":"","meta":[],"product_brand":[],"product_cat":[966,975],"product_tag":[],"class_list":{"0":"post-37444","1":"product","2":"type-product","3":"status-publish","4":"has-post-thumbnail","6":"product_cat-blumen-rotes-meer-lieferung","7":"product_cat-blumen-marsa-alam","9":"first","10":"instock","11":"sale","12":"shipping-taxable","13":"purchasable","14":"product-type-simple"},"_links":{"self":[{"href":"https:\/\/bazaar.express\/de\/wp-json\/wp\/v2\/product\/37444","targetHints":{"allow":["GET"]}}],"collection":[{"href":"https:\/\/bazaar.express\/de\/wp-json\/wp\/v2\/product"}],"about":[{"href":"https:\/\/bazaar.express\/de\/wp-json\/wp\/v2\/types\/product"}],"replies":[{"embeddable":true,"href":"https:\/\/bazaar.express\/de\/wp-json\/wp\/v2\/comments?post=37444"}],"wp:featuredmedia":[{"embeddable":true,"href":"https:\/\/bazaar.express\/de\/wp-json\/wp\/v2\/media\/37447"}],"wp:attachment":[{"href":"https:\/\/bazaar.express\/de\/wp-json\/wp\/v2\/media?parent=37444"}],"wp:term":[{"taxonomy":"product_brand","embeddable":true,"href":"https:\/\/bazaar.express\/de\/wp-json\/wp\/v2\/product_brand?post=37444"},{"taxonomy":"product_cat","embeddable":true,"href":"https:\/\/bazaar.express\/de\/wp-json\/wp\/v2\/product_cat?post=37444"},{"taxonomy":"product_tag","embeddable":true,"href":"https:\/\/bazaar.express\/de\/wp-json\/wp\/v2\/product_tag?post=37444"}],"curies":[{"name":"wp","href":"https:\/\/api.w.org\/{rel}","templated":true}]}}