{"id":37464,"date":"2025-02-02T01:05:57","date_gmt":"2025-02-02T01:05:57","guid":{"rendered":"https:\/\/bazaar.express\/product\/trichup-hair-oil\/"},"modified":"2025-02-02T01:05:57","modified_gmt":"2025-02-02T01:05:57","slug":"trichup-hair-oil","status":"publish","type":"product","link":"https:\/\/bazaar.express\/de\/produkt\/trichup-hair-oil\/","title":{"rendered":"Trichup Hair Oil"},"content":{"rendered":"<h2 data-start=\"277\" data-end=\"338\">Trichup Haar\u00f6l \u2013 Langes, Starkes &#038; Nat\u00fcrlich Sch\u00f6nes Haar<\/h2>\n<h3 data-start=\"340\" data-end=\"381\">Pflegen Sie Ihr Haar mit Kr\u00e4uter-Power<\/h3>\n<p data-start=\"382\" data-end=\"725\">Trichup Long &#038; Strong Haar\u00f6l ist Ihre zuverl\u00e4ssige L\u00f6sung f\u00fcr st\u00e4rkeres, l\u00e4ngeres und ges\u00fcnderes Haar. Diese kraftvolle Mischung aus <strong data-start=\"501\" data-end=\"549\">Sesam\u00f6l, Kokos\u00f6l, Aloe Vera und Neem<\/strong> spendet tiefe N\u00e4hrstoffe von den Wurzeln bis in die Spitzen. Egal ob Sie gegen Haarausfall, Tristheit oder eine trockene Kopfhaut k\u00e4mpfen \u2013 Trichup wirkt sanft und effektiv f\u00fcr <strong data-start=\"706\" data-end=\"724\">alle Haartypen<\/strong>.<\/p>\n<p data-start=\"727\" data-end=\"910\">Gest\u00fctzt auf ayurvedische Tradition und angereichert mit essenziellen N\u00e4hrstoffen, hilft Trichup Haar\u00f6l, Haarfollikel zu erneuern, das Haarwachstum zu f\u00f6rdern und einen nat\u00fcrlichen Glanz zu verleihen, der den ganzen Tag anh\u00e4lt.<\/p>\n<h3 data-start=\"917\" data-end=\"953\">Wichtige Vorteile von Trichup Haar\u00f6l<\/h3>\n<ul data-start=\"955\" data-end=\"1825\">\n<li data-start=\"955\" data-end=\"1099\">\n<p data-start=\"957\" data-end=\"1099\"><strong data-start=\"957\" data-end=\"983\">F\u00f6rdert Haarwachstum<\/strong><br data-start=\"983\" data-end=\"986\" \/>Trichup Haar\u00f6l st\u00e4rkt die Haarfollikel und regt das nat\u00fcrliche Haarwachstum an, reduziert Ausd\u00fcnnung und Bruch.<\/p>\n<\/li>\n<li data-start=\"1101\" data-end=\"1250\">\n<p data-start=\"1103\" data-end=\"1250\"><strong data-start=\"1103\" data-end=\"1135\">Tiefe N\u00e4hrung &#038; Feuchtigkeit<\/strong><br data-start=\"1135\" data-end=\"1138\" \/>Eine reiche Kombination aus <strong data-start=\"1162\" data-end=\"1192\">Kokos\u00f6l und Sesam\u00f6l<\/strong> befeuchtet die Kopfhaut und h\u00e4lt sie hydratisiert und gen\u00e4hrt.<\/p>\n<\/li>\n<li data-start=\"1252\" data-end=\"1389\">\n<p data-start=\"1254\" data-end=\"1389\"><strong data-start=\"1254\" data-end=\"1288\">Reduziert Haarausfall &#038; Spitzen<\/strong><br data-start=\"1288\" data-end=\"1291\" \/>Die Formel repariert besch\u00e4digte Str\u00e4hnen und versiegelt Spliss, hilft so, den Haarausfall langfristig zu mindern.<\/p>\n<\/li>\n<li data-start=\"1391\" data-end=\"1558\">\n<p data-start=\"1393\" data-end=\"1558\"><strong data-start=\"1393\" data-end=\"1427\">Beruhigt und sch\u00fctzt die Kopfhaut<\/strong><br data-start=\"1427\" data-end=\"1430\" \/>Angereichert mit <strong data-start=\"1445\" data-end=\"1467\">Aloe Vera und Neem<\/strong>, bek\u00e4mpft es Schuppen und verhindert Kopfhautinfektionen, l\u00e4sst Ihre Kopfhaut sauber und erfrischt zur\u00fcck.<\/p>\n<\/li>\n<li data-start=\"1560\" data-end=\"1688\">\n<p data-start=\"1562\" data-end=\"1688\"><strong data-start=\"1562\" data-end=\"1597\">Verleiht nat\u00fcrlichen Glanz &#038; Geschmeidigkeit<\/strong><br data-start=\"1597\" data-end=\"1600\" \/>Regelm\u00e4\u00dfige Anwendung ergibt seidenweiches, weiches und leicht k\u00e4mmbares Haar mit einem gesunden, gl\u00e4nzenden Finish.<\/p>\n<\/li>\n<li data-start=\"1690\" data-end=\"1825\">\n<p data-start=\"1692\" data-end=\"1825\"><strong data-start=\"1692\" data-end=\"1723\">Geeignet f\u00fcr alle Haartypen<\/strong><br data-start=\"1723\" data-end=\"1726\" \/>Egal ob Ihr Haar lockig, glatt, fettig oder trocken ist, Trichup Haar\u00f6l passt sich den Bed\u00fcrfnissen Ihres Haars an.<\/p>\n<\/li>\n<\/ul>\n<h3 data-start=\"1832\" data-end=\"1880\">So verwenden Sie Trichup Haar\u00f6l f\u00fcr beste Ergebnisse<\/h3>\n<ol data-start=\"1882\" data-end=\"2180\">\n<li data-start=\"1882\" data-end=\"1925\">\n<p data-start=\"1885\" data-end=\"1925\">Nehmen Sie eine kleine Menge \u00d6l in die Handfl\u00e4che.<\/p>\n<\/li>\n<li data-start=\"1926\" data-end=\"1994\">\n<p data-start=\"1929\" data-end=\"1994\">Massieren Sie es sanft in kreisenden Bewegungen in die Kopfhaut und Haarwurzeln ein.<\/p>\n<\/li>\n<li data-start=\"1995\" data-end=\"2072\">\n<p data-start=\"1998\" data-end=\"2072\">Lassen Sie es mindestens 15\u201330 Minuten einwirken, oder \u00fcber Nacht f\u00fcr eine intensivere Behandlung.<\/p>\n<\/li>\n<li data-start=\"2073\" data-end=\"2106\">\n<p data-start=\"2076\" data-end=\"2106\">Sp\u00fclen Sie es mit einem milden Shampoo aus.<\/p>\n<\/li>\n<li data-start=\"2107\" data-end=\"2180\">\n<p data-start=\"2110\" data-end=\"2180\">Verwenden Sie es 2\u20133 Mal pro Woche f\u00fcr sp\u00fcrbare Verbesserungen in Textur und Volumen.<\/p>\n<\/li>\n<\/ol>\n<h3 data-start=\"2187\" data-end=\"2219\">Warum Trichup Haar\u00f6l w\u00e4hlen?<\/h3>\n<p data-start=\"2221\" data-end=\"2591\">Trichup verbindet <strong data-start=\"2238\" data-end=\"2289\">Kr\u00e4uterzutaten und moderne Haarpflegewissenschaft<\/strong>, um Ihnen salonqualitative Ergebnisse zu Hause zu bieten. Ohne Parabene, Sulfate oder sch\u00e4dliche Chemikalien bietet es eine sichere, nat\u00fcrliche M\u00f6glichkeit, Ihr Haar zu pflegen. Regelm\u00e4\u00dfige Anwendung verbessert die Haargesundheit, reduziert Frizz und stellt Vitalit\u00e4t wieder her \u2013 ideal f\u00fcr alle, die <strong data-start=\"2542\" data-end=\"2590\">l\u00e4ngeres, st\u00e4rkeres und gl\u00e4nzenderes Haar nat\u00fcrlich<\/strong> wollen.<\/p>\n<h3 data-start=\"2953\" data-end=\"2971\">Abschlie\u00dfende Gedanken<\/h3>\n<p data-start=\"2973\" data-end=\"3241\">Bringen Sie Ihr Haar zu neuem Leben mit <strong data-start=\"3007\" data-end=\"3041\">Trichup Long &#038; Strong Haar\u00f6l<\/strong>. Egal ob Sie mit t\u00e4glichen Haarproblemen k\u00e4mpfen oder Ihre Haarpflege-Routine aufpeppen m\u00f6chten, dieses \u00d6l ist ein Muss. Es ist Zeit, Ihr Haar mit der nat\u00fcrlichen Kraft von Trichup zu n\u00e4hren, zu reparieren und wachsen zu lassen.<\/p>\n<h4 style=\"text-align: center;\"><\/h4>\n<p style=\"text-align: center;\">Vielen Dank, dass Sie bei <em data-start=\"415\" data-end=\"431\"><a href=\"https:\/\/bazaar.express\/de\/\">Bazaar Express<\/a><\/em> einkaufen \u2013 wir freuen uns, Sie dabei zu haben!<\/p>\n<p style=\"text-align: center;\">Ihre Reise zu besserer Selbstpflege beginnt hier \u2013 mit <a href=\"https:\/\/bazaar.express\/product-category\/beauty-care\/\">Beauty &#038; Care<\/a>, auf die Sie sich verlassen k\u00f6nnen.<\/p>\n","protected":false},"excerpt":{"rendered":"<h3>Trichup Long &#038; Strong Haar\u00f6l ist eine kraftvolle Kr\u00e4utermischung, die Wurzeln st\u00e4rkt, Haarausfall reduziert, das Haarwachstum f\u00f6rdert und Glanz verleiht. Hergestellt mit nat\u00fcrlichen Zutaten wie Kokos\u00f6l, Sesam\u00f6l, Aloe Vera und Neem, ist es ideal f\u00fcr die t\u00e4gliche Haarpflege und Kopfhautgesundheit.<\/h3>\n","protected":false},"featured_media":37467,"comment_status":"open","ping_status":"closed","template":"","meta":[],"product_brand":[],"product_cat":[962,969],"product_tag":[980,979,977],"class_list":{"0":"post-37464","1":"product","2":"type-product","3":"status-publish","4":"has-post-thumbnail","6":"product_cat-beauty-pflege","7":"product_cat-beste-aus-agypten","8":"product_tag-beauty-pflege","9":"product_tag-hautpflege","10":"product_tag-ol","11":"pa_l-xl-200ml","13":"first","14":"instock","15":"shipping-taxable","16":"purchasable","17":"product-type-simple"},"_links":{"self":[{"href":"https:\/\/bazaar.express\/de\/wp-json\/wp\/v2\/product\/37464","targetHints":{"allow":["GET"]}}],"collection":[{"href":"https:\/\/bazaar.express\/de\/wp-json\/wp\/v2\/product"}],"about":[{"href":"https:\/\/bazaar.express\/de\/wp-json\/wp\/v2\/types\/product"}],"replies":[{"embeddable":true,"href":"https:\/\/bazaar.express\/de\/wp-json\/wp\/v2\/comments?post=37464"}],"wp:featuredmedia":[{"embeddable":true,"href":"https:\/\/bazaar.express\/de\/wp-json\/wp\/v2\/media\/37467"}],"wp:attachment":[{"href":"https:\/\/bazaar.express\/de\/wp-json\/wp\/v2\/media?parent=37464"}],"wp:term":[{"taxonomy":"product_brand","embeddable":true,"href":"https:\/\/bazaar.express\/de\/wp-json\/wp\/v2\/product_brand?post=37464"},{"taxonomy":"product_cat","embeddable":true,"href":"https:\/\/bazaar.express\/de\/wp-json\/wp\/v2\/product_cat?post=37464"},{"taxonomy":"product_tag","embeddable":true,"href":"https:\/\/bazaar.express\/de\/wp-json\/wp\/v2\/product_tag?post=37464"}],"curies":[{"name":"wp","href":"https:\/\/api.w.org\/{rel}","templated":true}]}}