{"id":37619,"date":"2025-01-20T18:21:26","date_gmt":"2025-01-20T18:21:26","guid":{"rendered":"https:\/\/bazaar.express\/product\/bio-haselnussoel\/"},"modified":"2025-11-24T17:54:28","modified_gmt":"2025-11-24T17:54:28","slug":"bio-haselnussoel","status":"publish","type":"product","link":"https:\/\/bazaar.express\/de\/produkt\/bio-haselnussoel\/","title":{"rendered":"Bio Haselnuss\u00f6l"},"content":{"rendered":"<h2 data-pm-slice=\"1 1 []\">Bio Haselnuss\u00f6l \u2013 El-Baraka: Die nat\u00fcrliche L\u00f6sung f\u00fcr Ihre Haut-, Haar- und Gesundheitsbed\u00fcrfnisse<\/h2>\n<h3>Entdecken Sie, wie Bio-Haselnuss\u00f6l Wohlbefinden und Sch\u00f6nheit f\u00f6rdert<\/h3>\n<p>El-Baraka Bio Haselnuss\u00f6l bietet hochwertiges, reines \u00d6l, das durch Kaltpressung gewonnen wird, um alle N\u00e4hrstoffe zu erhalten. Dieses Premium-\u00d6l enth\u00e4lt essenzielle Aminos\u00e4uren, Vitamine und Mineralstoffe, die es zu einem zuverl\u00e4ssigen Begleiter f\u00fcr Ihr t\u00e4gliches Wohlbefinden und Ihre Pflegeroutine machen.<\/p>\n<h3>Was macht El-Baraka Bio Haselnuss\u00f6l besonders?<\/h3>\n<p>Rein, hochwertig und vielseitig \u2013 El-Barakas Haselnuss\u00f6l stammt aus biologischem Anbau und enth\u00e4lt keine Zusatzstoffe, Konservierungsstoffe oder sch\u00e4dliche Chemikalien. Dieses \u00d6l bietet eine sichere, nat\u00fcrliche und effektive M\u00f6glichkeit, Ihre Haut zu pflegen, Ihre Haare zu n\u00e4hren und Ihr allgemeines Wohlbefinden zu verbessern.<\/p>\n<h3>L\u00e4sst die Haut j\u00fcnger und ges\u00fcnder aussehen<\/h3>\n<p>Haselnuss\u00f6l ist reich an Vitamin E und Antioxidantien, die die Haut straff, hell und jugendlich halten. Es mindert das Erscheinungsbild feiner Linien, Falten und dunkler Flecken, w\u00e4hrend es die Kollagenproduktion anregt und die Haut elastischer macht. Dieses sanfte Feuchtigkeits\u00f6l verleiht Ihrer Haut einen frischen Glanz und ein weiches Gef\u00fchl.<\/p>\n<h3>St\u00e4rkt die Haare und verleiht Glanz<\/h3>\n<p>M\u00f6chten Sie gl\u00e4nzenderes, ges\u00fcnderes Haar? Haselnuss\u00f6l versorgt die Kopfhaut, st\u00e4rkt die Haarwurzeln und reduziert Haarausfall. Seine Fetts\u00e4uren und Vitamine beleben strapaziertes Haar, beruhigen juckende Kopfhaut und lassen den nat\u00fcrlichen Glanz zur\u00fcckkehren. F\u00fcr optimale Ergebnisse verwenden Sie es als Haarkur oder massieren Sie es in die Kopfhaut ein.<\/p>\n<h3>St\u00e4rkt die Abwehrkr\u00e4fte des K\u00f6rpers<\/h3>\n<p>Die Einnahme von El-Baraka Bio Haselnuss\u00f6l gibt Ihrem Immunsystem mit essenziellen Vitaminen und Antioxidantien Auftrieb. Es hilft dem K\u00f6rper, sch\u00e4dliche Stoffe und Entz\u00fcndungen zu bek\u00e4mpfen, sch\u00fctzt vor langfristigen Erkrankungen und h\u00e4lt Sie insgesamt gesund.<\/p>\n<h3>Voll mit wichtigen N\u00e4hrstoffen<\/h3>\n<p>Reich an Magnesium, Kalzium, Eisen, Zink, Phosphor und Kobalt beeinflusst dieses \u00d6l starke Knochen, ordnungsgem\u00e4\u00dfe Nervenfunktion, besseren Blutfluss und ein ges\u00fcnderes Wohlbefinden. Zusammen mit gesunden Fetten und Antioxidantien ist Haselnuss\u00f6l eine kluge Wahl f\u00fcr Ihr t\u00e4gliches Wohlbefinden.<\/p>\n<h3>Vielseitig \u2013 Von der Hautpflege bis in die K\u00fcche<\/h3>\n<p>El-Baraka Bio Haselnuss\u00f6l eignet sich nicht nur f\u00fcr die Haut. Es schmeckt hervorragend und n\u00e4hrt, wenn Sie es zu Ihren Mahlzeiten hinzuf\u00fcgen. Tr\u00e4ufeln Sie es \u00fcber Salate, ged\u00fcnstetes Gem\u00fcse oder in Smoothies, um den nussigen Geschmack und die gesundheitlichen Vorteile zu genie\u00dfen. Es unterst\u00fctzt die Verdauung, die Herzgesundheit und die Gehirnfunktion.<\/p>\n<h3>Kaltgepresst f\u00fcr h\u00f6chste Reinheit<\/h3>\n<p>Wir gewinnen unser \u00d6l durch Kaltpressung, ohne Hitze oder Chemikalien. So bleiben alle nat\u00fcrlichen N\u00e4hrstoffe und Vorteile erhalten. Sie erhalten ein hochwertiges \u00d6l, das voller nat\u00fcrlicher G\u00fcte ist, um Ihre Haut, Haare und Ihren K\u00f6rper zu n\u00e4hren.<\/p>\n<h3>Zutaten:<\/h3>\n<ul>\n<li>100% Kaltgepresstes Bio Haselnuss\u00f6l<\/li>\n<\/ul>\n<h3>Anwendung:<\/h3>\n<ul>\n<li><strong>F\u00fcr die Haut:<\/strong> Tragen Sie einige Tropfen auf gereinigte Haut auf. Massieren Sie es ein, um zu feuchtigen, zu beruhigen und Alterserscheinungen zu bek\u00e4mpfen.<\/li>\n<li><strong>F\u00fcr die Haare:<\/strong> Massieren Sie es in die Kopfhaut oder tragen Sie es auf die Spitzen auf. Lassen Sie es 30 Minuten einwirken und sp\u00fclen Sie es aus, um weiches, gl\u00e4nzendes, belebtes Haar zu erhalten.<\/li>\n<li><strong>Als Nahrungserg\u00e4nzung:<\/strong> Mischen Sie einen Teel\u00f6ffel in Salate, Smoothies oder Gerichte, um den nussigen Geschmack zu genie\u00dfen und die gesundheitlichen Vorteile zu nutzen.<\/li>\n<\/ul>\n<h3>Warum El-Baraka Bio Haselnuss\u00f6l in Ihren Alltag integrieren?<\/h3>\n<ul>\n<li>100% Biologisch und frei von Chemikalien<\/li>\n<li>Ideal f\u00fcr Haut, Haare und innere Anwendung<\/li>\n<li>Gef\u00fcllt mit Vitaminen, Aminos\u00e4uren und Mineralstoffen<\/li>\n<li>Kaltgepresst f\u00fcr h\u00f6chste Qualit\u00e4t<\/li>\n<\/ul>\n<h3>Integrieren Sie El-Baraka Bio Haselnuss\u00f6l in Ihren Alltag<\/h3>\n<p>El-Baraka Bio Haselnuss\u00f6l bietet eine umfassende nat\u00fcrliche L\u00f6sung f\u00fcr bessere Haut, st\u00e4rkere Haare und ein ges\u00fcnderes Wohlbefinden. F\u00fcgen Sie es zu Ihrer Pflegeroutine und Ern\u00e4hrung hinzu, um zu erleben, wie die Natur Sie mit jedem Tropfen unterst\u00fctzt.<\/p>\n<p><strong>Probieren Sie es heute aus und sp\u00fcren Sie die Ver\u00e4nderungen innen und au\u00dfen!<\/strong><\/p>\n<p>&nbsp;<\/p>\n<p style=\"text-align: center;\">Vielen Dank, dass Sie bei <em data-start=\"415\" data-end=\"431\"><a href=\"https:\/\/bazaar.express\/de\/\">Bazaar Express<\/a><\/em> einkaufen \u2013 wir freuen uns, Sie dabei zu haben!<\/p>\n<p style=\"text-align: center;\">Sp\u00fcren Sie die Kraft der Natur \u2013 reine <a href=\"https:\/\/bazaar.express\/de\/therapeutic-oils\/\">Therapeutische \u00d6le<\/a> f\u00fcr den t\u00e4glichen Wellness. <\/p>\n","protected":false},"excerpt":{"rendered":"<h3 data-start=\"394\" data-end=\"646\">El-Baraka Bio Haselnuss\u00f6l ist ein reines, kaltgepresstes \u00d6l, gef\u00fcllt mit essenziellen N\u00e4hrstoffen, Aminos\u00e4uren und Antioxidantien. Ideal f\u00fcr Hautpflege, Haarpflege und als Nahrungserg\u00e4nzung. Feuchtet, erfrischt, st\u00e4rkt und unterst\u00fctzt das allgemeine Wohlbefinden.<\/h3>\n","protected":false},"featured_media":37621,"comment_status":"open","ping_status":"closed","template":"","meta":[],"product_brand":[],"product_cat":[972,962,963],"product_tag":[980,995,979,978,977],"class_list":{"0":"post-37619","1":"product","2":"type-product","3":"status-publish","4":"has-post-thumbnail","6":"product_cat-el-baraka-naturliche-ole","7":"product_cat-beauty-pflege","8":"product_cat-therapeutische-ole","9":"product_tag-beauty-pflege","10":"product_tag-gesund","11":"product_tag-hautpflege","12":"product_tag-naturliches-ol","13":"product_tag-ol","14":"pa_l-xl-250ml","16":"first","17":"instock","18":"shipping-taxable","19":"purchasable","20":"product-type-simple"},"_links":{"self":[{"href":"https:\/\/bazaar.express\/de\/wp-json\/wp\/v2\/product\/37619","targetHints":{"allow":["GET"]}}],"collection":[{"href":"https:\/\/bazaar.express\/de\/wp-json\/wp\/v2\/product"}],"about":[{"href":"https:\/\/bazaar.express\/de\/wp-json\/wp\/v2\/types\/product"}],"replies":[{"embeddable":true,"href":"https:\/\/bazaar.express\/de\/wp-json\/wp\/v2\/comments?post=37619"}],"wp:featuredmedia":[{"embeddable":true,"href":"https:\/\/bazaar.express\/de\/wp-json\/wp\/v2\/media\/37621"}],"wp:attachment":[{"href":"https:\/\/bazaar.express\/de\/wp-json\/wp\/v2\/media?parent=37619"}],"wp:term":[{"taxonomy":"product_brand","embeddable":true,"href":"https:\/\/bazaar.express\/de\/wp-json\/wp\/v2\/product_brand?post=37619"},{"taxonomy":"product_cat","embeddable":true,"href":"https:\/\/bazaar.express\/de\/wp-json\/wp\/v2\/product_cat?post=37619"},{"taxonomy":"product_tag","embeddable":true,"href":"https:\/\/bazaar.express\/de\/wp-json\/wp\/v2\/product_tag?post=37619"}],"curies":[{"name":"wp","href":"https:\/\/api.w.org\/{rel}","templated":true}]}}