{"id":37731,"date":"2025-01-20T01:16:27","date_gmt":"2025-01-20T01:16:27","guid":{"rendered":"https:\/\/bazaar.express\/product\/bio-walnussoel\/"},"modified":"2025-11-24T18:34:26","modified_gmt":"2025-11-24T18:34:26","slug":"bio-walnussoel","status":"publish","type":"product","link":"https:\/\/bazaar.express\/de\/produkt\/bio-walnussoel\/","title":{"rendered":"Bio-Walnuss\u00f6l"},"content":{"rendered":"<h2 data-pm-slice=\"1 1 []\">Bio-Walnuss\u00f6l \u2013 El Baraka: Nat\u00fcrliche Kraft f\u00fcr Ihre Haut und Gesundheit<\/h2>\n<p>Entdecken Sie die goldene G\u00fcte von <strong>El-Baraka Bio-Walnuss\u00f6l<\/strong>, einem hochwertigen kaltgepressten \u00d6l aus den besten \u00e4gyptischen Waln\u00fcssen. Dieses \u00d6l ist reich an N\u00e4hrstoffen, einschlie\u00dflich <strong>Omega-3- und Omega-6-Fetts\u00e4uren<\/strong>, wichtigen Vitaminen und starken Antioxidantien \u2013 es bietet Ihrem K\u00f6rper und Ihrer Haut eine nat\u00fcrliche Unterst\u00fctzung. Ob Sie Ihre Haut strahlen lassen, Ihr Herz st\u00e4rken oder Ihr Immunsystem verbessern m\u00f6chten, El-Baraka Walnuss\u00f6l liefert mit jedem Tropfen sp\u00fcrbare Ergebnisse.<\/p>\n<h3>Warum El-Baraka Bio-Walnuss\u00f6l w\u00e4hlen?<\/h3>\n<p>Im Gegensatz zu raffinierten \u00d6len sorgt die <strong>kaltgepresste Extraktionsmethode von El-Baraka<\/strong> daf\u00fcr, dass jede Flasche das <strong>reinste Walnuss\u00f6l<\/strong> enth\u00e4lt, vollgepackt mit nat\u00fcrlichen Vorteilen. Hier ist, was es auszeichnet:<\/p>\n<ul>\n<li><strong>\u00dcber 92 % unges\u00e4ttigte Fetts\u00e4uren<\/strong> (Vitamin F)<\/li>\n<li>Reich an <strong>Omega-3 &#038; Omega-6<\/strong><\/li>\n<li>Vitamine: <strong>A, D, K, C, PP<\/strong> und der gesamte <strong>Vitamin-B-Komplex<\/strong><\/li>\n<li>Enth\u00e4lt <strong>Coenzym Q10, Carotinoide, Tocopherole<\/strong><\/li>\n<li>Minerale umfassen: <strong>Zink, Kupfer, Kalzium, Magnesium, Eisen<\/strong> und weitere<\/li>\n<\/ul>\n<p>Dieses n\u00e4hrstoffreiche \u00d6l versorgt Ihren K\u00f6rper innen und au\u00dfen \u2013 es unterst\u00fctzt von der Herzfunktion bis zur Hautgesundheit.<\/p>\n<h3>Gesundheitsvorteile von Bio-Walnuss\u00f6l<\/h3>\n<h4>St\u00e4rkt das Immunsystem<\/h4>\n<p>Voll mit Antioxidantien und Schl\u00fcsseln\u00e4hrstoffen sch\u00fctzt Walnuss\u00f6l Ihren K\u00f6rper vor g\u00e4ngigen Erkrankungen und verbessert seine nat\u00fcrlichen Abwehrkr\u00e4fte.<\/p>\n<h4>Bek\u00e4mpft Entz\u00fcndungen &#038; Tumore<\/h4>\n<p>Dank seiner entz\u00fcndungshemmenden Verbindungen kann Walnuss\u00f6l innere Schwellungen reduzieren und das Risiko f\u00fcr chronische Erkrankungen, einschlie\u00dflich Krebs, senken.<\/p>\n<h4><strong>Bek\u00e4mpft Bakterien &#038; Strahlung<\/strong><\/h4>\n<p>El-Baraka Walnuss\u00f6l hilft Ihrem K\u00f6rper, sch\u00e4dliche Keime und die Auswirkungen von Umweltstrahlung abzuwehren.<\/p>\n<h4><strong>Unterst\u00fctzt die Herzgesundheit<\/strong><\/h4>\n<p>Omega-3 und Omega-6 im ausgewogenen Verh\u00e4ltnis senken den Cholesterinspiegel, f\u00f6rdern den Blutfluss und erhalten die Herzgesundheit.<\/p>\n<h3><strong>Walnuss\u00f6l zur Revitalisierung der Haut<\/strong><\/h3>\n<p>El-Baraka Walnuss\u00f6l verleiht trockener, alternder oder matter Haut einen nat\u00fcrlichen Aufschwung:<\/p>\n<ul>\n<li><strong>Tiefe Feuchtigkeit<\/strong>: Zieht in die Haut ein, um Weichheit und Hydration wiederherzustellen<\/li>\n<li><strong>Mehr Elastizit\u00e4t<\/strong>: Strafft und festigt f\u00fcr jugendliche Spannkraft<\/li>\n<li><strong>Alterspr\u00e4vention<\/strong>: Bek\u00e4mpft freie Radikale, die die Hautalterung beschleunigen<\/li>\n<\/ul>\n<p>Verwenden Sie es f\u00fcr glattere, festere und strahlendere Haut \u2013 ohne Chemikalien oder Synthetika.<\/p>\n<h3>So verwenden Sie El-Baraka Bio-Walnuss\u00f6l<\/h3>\n<h4>\u2705 <strong> Zur Anwendung auf der Haut:<\/strong><\/h4>\n<p>Tragen Sie ein paar Tropfen auf saubere trockene Haut auf und massieren Sie es ein. T\u00e4glich anwenden, um Elastizit\u00e4t, Feuchtigkeit und Glanz der Haut zu steigern.<\/p>\n<h4>\u2705 <strong> Zur Unterst\u00fctzung der Gesundheit:<\/strong><\/h4>\n<p>Nehmen Sie 1 Teel\u00f6ffel zu Mahlzeiten ein oder tr\u00e4ufeln Sie es \u00fcber Salate und Gerichte als gesunde \u00d6lalternative. F\u00f6rdert das allgemeine Wohlbefinden und innere Balance.<\/p>\n<h3>Wo k\u00f6nnen Sie El-Baraka Bio-Walnuss\u00f6l kaufen?<\/h3>\n<p>Sie k\u00f6nnen El-Baraka Bio-Walnuss\u00f6l <strong>online mit schnellem weltweitem Versand<\/strong> erwerben. Egal ob Sie in <strong>Moscow Kazan Novosibirsk<\/strong> oder anderswo leben, wir versenden <strong>direkt an Sie<\/strong> in sicherer Verpackung, um Frische und Qualit\u00e4t zu gew\u00e4hrleisten.<\/p>\n<h3>Das El-Baraka Versprechen<\/h3>\n<p>Jede Flasche El-Baraka-\u00d6l verk\u00f6rpert unser Engagement f\u00fcr <strong>Reinheit, Tradition und Exzellenz<\/strong>:<\/p>\n<ul>\n<li>100% Kaltgepresst &#038; Bio<\/li>\n<li>Keine Chemikalien oder Konservierungsstoffe<\/li>\n<li>\u00c4gyptische Waln\u00fcsse aus sorgf\u00e4ltiger Herkunft<\/li>\n<li>Vertrauensw\u00fcrdige Marke mit loyalen Kunden in Europa und dem Nahen Osten<\/li>\n<\/ul>\n<h3><strong>Zusammenfassung der Schl\u00fcsselnutzen:<\/strong><\/h3>\n<p>\u2705 Reich an <strong>Omega-3 &#038; Omega-6<\/strong><\/p>\n<p>\u2705 Voll mit <strong>essentiellen Vitaminen &#038; Mineralien<\/strong><\/p>\n<p>\u2705 <strong>St\u00e4rkt Haut, Herz &#038; Immunsystem<\/strong><\/p>\n<p>\u2705 <strong>Bek\u00e4mpft Entz\u00fcndungen und Alterung<\/strong><\/p>\n<p>\u2705 Kaltgepresst in <strong>\u00c4gypten unter strenger Qualit\u00e4tskontrolle<\/strong><\/p>\n<h3><strong>Geben Sie Ihrer Haut, Ihrem K\u00f6rper &#038; Ihrem Herzen, was sie brauchen<\/strong><\/h3>\n<p>W\u00e4hlen Sie jetzt <strong>El-Baraka Bio-Walnuss\u00f6l<\/strong>, um eine nat\u00fcrliche Kraftquelle zu nutzen, die Sie von innen heraus n\u00e4hrt. F\u00fcgen Sie es Ihren Mahlzeiten oder Ihrer Hautpflege-Routine hinzu \u2013 es ist die umfassende L\u00f6sung, nach der Ihr K\u00f6rper sucht.<\/p>\n<p><strong>Pflegen Sie Ihre Haut. St\u00e4rken Sie Ihre Gesundheit. Sp\u00fcren Sie den Unterschied.<\/strong><\/p>\n<p>&nbsp;<\/p>\n<p style=\"text-align: center;\">Vielen Dank, dass Sie bei <em data-start=\"415\" data-end=\"431\"><a href=\"https:\/\/bazaar.express\/de\/\">Bazaar Express<\/a><\/em> einkaufen \u2013 wir freuen uns, Sie als Kunden zu haben!<\/p>\n<p style=\"text-align: center;\">Sp\u00fcren Sie die Kraft der Natur \u2013 reine <a href=\"https:\/\/bazaar.express\/de\/therapeutic-oils\/\">Therapeutische \u00d6le<\/a> f\u00fcr den t\u00e4glichen Wellness-Einsatz.<\/p>\n","protected":false},"excerpt":{"rendered":"<h3 data-start=\"453\" data-end=\"688\">El-Baraka Bio-Walnuss\u00f6l ist ein kaltgepresstes, n\u00e4hrstoffreiches \u00d6l aus \u00e4gyptischen Waln\u00fcssen. Reich an Omega-3, Antioxidantien und Vitaminen, unterst\u00fctzt es die Hautgesundheit, st\u00e4rkt das Immunsystem und f\u00f6rdert das Herzwohlbefinden \u2013 nat\u00fcrlich und effektiv.<\/h3>\n","protected":false},"featured_media":37734,"comment_status":"open","ping_status":"closed","template":"","meta":[],"product_brand":[],"product_cat":[972,962,963],"product_tag":[980,979,978,977],"class_list":{"0":"post-37731","1":"product","2":"type-product","3":"status-publish","4":"has-post-thumbnail","6":"product_cat-el-baraka-naturliche-ole","7":"product_cat-beauty-pflege","8":"product_cat-therapeutische-ole","9":"product_tag-beauty-pflege","10":"product_tag-hautpflege","11":"product_tag-naturliches-ol","12":"product_tag-ol","13":"pa_l-xl-250ml","15":"first","16":"instock","17":"shipping-taxable","18":"purchasable","19":"product-type-simple"},"_links":{"self":[{"href":"https:\/\/bazaar.express\/de\/wp-json\/wp\/v2\/product\/37731","targetHints":{"allow":["GET"]}}],"collection":[{"href":"https:\/\/bazaar.express\/de\/wp-json\/wp\/v2\/product"}],"about":[{"href":"https:\/\/bazaar.express\/de\/wp-json\/wp\/v2\/types\/product"}],"replies":[{"embeddable":true,"href":"https:\/\/bazaar.express\/de\/wp-json\/wp\/v2\/comments?post=37731"}],"wp:featuredmedia":[{"embeddable":true,"href":"https:\/\/bazaar.express\/de\/wp-json\/wp\/v2\/media\/37734"}],"wp:attachment":[{"href":"https:\/\/bazaar.express\/de\/wp-json\/wp\/v2\/media?parent=37731"}],"wp:term":[{"taxonomy":"product_brand","embeddable":true,"href":"https:\/\/bazaar.express\/de\/wp-json\/wp\/v2\/product_brand?post=37731"},{"taxonomy":"product_cat","embeddable":true,"href":"https:\/\/bazaar.express\/de\/wp-json\/wp\/v2\/product_cat?post=37731"},{"taxonomy":"product_tag","embeddable":true,"href":"https:\/\/bazaar.express\/de\/wp-json\/wp\/v2\/product_tag?post=37731"}],"curies":[{"name":"wp","href":"https:\/\/api.w.org\/{rel}","templated":true}]}}