{"id":37738,"date":"2025-01-18T22:56:39","date_gmt":"2025-01-18T22:56:39","guid":{"rendered":"https:\/\/bazaar.express\/product\/palaestinensischer-schal\/"},"modified":"2025-11-24T18:34:27","modified_gmt":"2025-11-24T18:34:27","slug":"palaestinensischer-schal","status":"publish","type":"product","link":"https:\/\/bazaar.express\/de\/produkt\/palaestinensischer-schal\/","title":{"rendered":"Pal\u00e4stinensischer Schal"},"content":{"rendered":"<hr data-start=\"205\" data-end=\"208\" \/>\n<h2 data-start=\"210\" data-end=\"275\">Der besondere pal\u00e4stinensische Schal: Ein Zeichen von Kultur und Wurzeln<\/h2>\n<p data-start=\"277\" data-end=\"691\">Der <strong data-start=\"281\" data-end=\"302\">pal\u00e4stinensische Schal<\/strong> ist mehr als nur ein Accessoire \u2013 er ist ein lebendiges Symbol f\u00fcr kulturellen Stolz, Widerstand und historisches Erbe. Weltweit bekannt f\u00fcr sein markantes schwarz-wei\u00df kariertes Muster, ist dieser Schal ein zeitloses St\u00fcck, das von Einheit, Widerstandsf\u00e4higkeit und Identit\u00e4t erz\u00e4hlt. Von Generationen von Pal\u00e4stinensern getragen und weltweit bewundert, bleibt er ein starkes Ausdrucksmittel f\u00fcr Wurzeln und Verbundenheit.<\/p>\n<h3 data-start=\"693\" data-end=\"729\">Authentische kulturelle Symbolik<\/h3>\n<p data-start=\"731\" data-end=\"1072\">Das Design dieses Schals reicht Jahrhunderte zur\u00fcck und ist tief in die pal\u00e4stinensische Geschichte eingewoben. Das karierte Muster \u2013 sofort erkennbar \u2013 steht oft f\u00fcr St\u00e4rke, nationalen Stolz und Solidarit\u00e4t. Getragen bei Feiern und Protesten gleicherma\u00dfen, bleibt es ein globales Symbol der Unterst\u00fctzung f\u00fcr Pal\u00e4stina und sein Volk.<\/p>\n<h3 data-start=\"1074\" data-end=\"1111\">Vielseitiges und stilvolles Accessoire<\/h3>\n<p data-start=\"1113\" data-end=\"1412\">Oft als <strong data-start=\"1138\" data-end=\"1150\">keffiyeh<\/strong>, <strong data-start=\"1152\" data-end=\"1161\">hatta<\/strong> oder <strong data-start=\"1166\" data-end=\"1178\">yashmagh<\/strong> bezeichnet, wird der Schal traditionell von arabischen M\u00e4nnern getragen, ist aber heute ein unisex St\u00fcck, das f\u00fcr seine Funktionalit\u00e4t und Mode gesch\u00e4tzt wird. Ob Sie ihn \u00fcber die Schultern drapieren oder um Kopf oder Hals wickeln \u2013 er erf\u00fcllt vielf\u00e4ltige Zwecke:<\/p>\n<ul data-start=\"1413\" data-end=\"1546\">\n<li data-start=\"1413\" data-end=\"1452\">\n<p data-start=\"1415\" data-end=\"1452\">Sch\u00fctzt vor Sonne, Wind und Staub<\/p>\n<\/li>\n<li data-start=\"1453\" data-end=\"1498\">\n<p data-start=\"1455\" data-end=\"1498\">Verleiht Alltagsoutfits einen markanten Akzent<\/p>\n<\/li>\n<li data-start=\"1499\" data-end=\"1546\">\n<p data-start=\"1501\" data-end=\"1546\">Macht eine respektvolle kulturelle Modeerkl\u00e4rung<\/p>\n<\/li>\n<\/ul>\n<h3 data-start=\"1548\" data-end=\"1586\">Hergestellt aus 100 % \u00e4gyptischer Baumwolle<\/h3>\n<p data-start=\"1588\" data-end=\"1670\">Dieser Schal ist aus hochwertiger, atmungsaktiver <strong data-start=\"1640\" data-end=\"1659\">\u00e4gyptischer Baumwolle<\/strong> gefertigt und bietet:<\/p>\n<ul data-start=\"1671\" data-end=\"1806\">\n<li data-start=\"1671\" data-end=\"1705\">\n<p data-start=\"1673\" data-end=\"1705\">Ein leichtes, ultraweiches Gef\u00fchl<\/p>\n<\/li>\n<li data-start=\"1706\" data-end=\"1751\">\n<p data-start=\"1708\" data-end=\"1751\">Au\u00dfergew\u00f6hnliche Haltbarkeit f\u00fcr langfristigen Gebrauch<\/p>\n<\/li>\n<li data-start=\"1752\" data-end=\"1806\">\n<p data-start=\"1754\" data-end=\"1806\">Komfort bei warmen und k\u00fchlen Witterungsbedingungen<\/p>\n<\/li>\n<\/ul>\n<h3 data-start=\"1808\" data-end=\"1848\"><strong>Traditionelle Ma\u00dfe und Details<\/strong><\/h3>\n<ul data-start=\"1850\" data-end=\"2105\">\n<li data-start=\"1850\" data-end=\"1935\">\n<p data-start=\"1852\" data-end=\"1935\"><strong data-start=\"1852\" data-end=\"1861\">Gr\u00f6\u00dfe:<\/strong> 130 cm x 130 cm \u2013 ein gro\u00dfz\u00fcgiger Schnitt f\u00fcr volle Abdeckung und flexible Stylingm\u00f6glichkeiten<\/p>\n<\/li>\n<li data-start=\"1936\" data-end=\"2029\">\n<p data-start=\"1938\" data-end=\"2029\"><strong data-start=\"1938\" data-end=\"1949\">Design:<\/strong> Klassisches schwarz-wei\u00df kariertes Muster mit weichen Fransen- oder Troddelkanten<\/p>\n<\/li>\n<li data-start=\"2030\" data-end=\"2105\">\n<p data-start=\"2032\" data-end=\"2105\"><strong data-start=\"2032\" data-end=\"2044\">Textur:<\/strong> Glatt und atmungsaktiv, f\u00fcr ein sanftes Gef\u00fchl auf der Haut konzipiert<\/p>\n<\/li>\n<\/ul>\n<h3 data-start=\"2107\" data-end=\"2135\">Globales kulturelles Symbol<\/h3>\n<p data-start=\"2137\" data-end=\"2408\">Der pal\u00e4stinensische Schal erlangte internationale Anerkennung durch politische F\u00fchrer wie <strong data-start=\"2226\" data-end=\"2243\">Yasser Arafat<\/strong>, der ihn ein Leben lang ber\u00fchmt trug. Heute symbolisiert er weiterhin Gerechtigkeit, Freiheit und kulturellen Stolz \u2013 und macht ihn zu einem bedeutsamen Geschenk oder pers\u00f6nlichen Andenken.<\/p>\n<h3 data-start=\"2410\" data-end=\"2432\">F\u00fcr wen ist er geeignet?<\/h3>\n<ul data-start=\"2434\" data-end=\"2740\">\n<li data-start=\"2434\" data-end=\"2532\">\n<p data-start=\"2436\" data-end=\"2532\"><strong data-start=\"2436\" data-end=\"2461\">Kulturinteressierte:<\/strong> Ideal f\u00fcr alle, die die Geschichte und das Erbe des Nahen Ostens sch\u00e4tzen<\/p>\n<\/li>\n<li data-start=\"2533\" data-end=\"2639\">\n<p data-start=\"2535\" data-end=\"2639\"><strong data-start=\"2535\" data-end=\"2563\">Reisende und Abenteurer:<\/strong> Nutzen Sie ihn zum Schutz in W\u00fcstenklima, an Strandtagen, bei Wanderungen oder Festivals<\/p>\n<\/li>\n<li data-start=\"2640\" data-end=\"2740\">\n<p data-start=\"2642\" data-end=\"2740\"><strong data-start=\"2642\" data-end=\"2661\">Modefans:<\/strong> Kombinieren Sie ihn mit modernen Outfits f\u00fcr einen ausdrucksstarken Look voller Bedeutung und Tradition<\/p>\n<\/li>\n<\/ul>\n<h3 data-start=\"2747\" data-end=\"2788\">Warum unseren pal\u00e4stinensischen Schal w\u00e4hlen?<\/h3>\n<p data-start=\"2790\" data-end=\"3080\">\u2705 <strong data-start=\"2792\" data-end=\"2816\">Authentische Symbolik:<\/strong> Tragen Sie ihn, um Generationen pal\u00e4stinensischen Erbes zu ehren<br data-start=\"2869\" data-end=\"2872\" \/>\u2705 <strong data-start=\"2874\" data-end=\"2896\">Komfort und Qualit\u00e4t:<\/strong> Leichte, atmungsaktive \u00e4gyptische Baumwolle \u2013 f\u00fcr Langlebigkeit gemacht<br data-start=\"2951\" data-end=\"2954\" \/>\u2705 <strong data-start=\"2956\" data-end=\"2973\">Unisex-Stil:<\/strong> Perfekt f\u00fcr M\u00e4nner und Frauen<br data-start=\"3004\" data-end=\"3007\" \/>\u2705 <strong data-start=\"3009\" data-end=\"3030\">Weltweite Anziehungskraft:<\/strong> Ein modebewusster Artikel mit tiefen kulturellen Wurzeln<\/p>\n<p data-start=\"3396\" data-end=\"3642\"><strong data-start=\"3396\" data-end=\"3443\">Erwerben Sie Ihr eigenes St\u00fcck Geschichte und Identit\u00e4t.<\/strong><br data-start=\"3443\" data-end=\"3446\" \/>Ob Sie Unterst\u00fctzung zeigen, Erbe umarmen oder Ihren Stil aufwerten \u2013 der <strong data-start=\"3528\" data-end=\"3549\">pal\u00e4stinensische Schal<\/strong> ist mehr als ein Kleidungsst\u00fcck. Es ist eine Aussage.<\/p>\n<p data-start=\"3396\" data-end=\"3642\"><strong data-start=\"3594\" data-end=\"3640\">Bestellen Sie jetzt und tragen Sie die Kultur mit Stolz.<\/strong><\/p>\n<p style=\"text-align: center;\">Vielen Dank, dass Sie bei <em data-start=\"415\" data-end=\"431\"><a href=\"https:\/\/bazaar.express\/de\/\">Bazaar Express<\/a><\/em> einkaufen \u2013 wir freuen uns, Sie hier zu haben!<\/p>\n<p style=\"text-align: center;\">Von Weichheit zu St\u00e4rke \u2013 nichts f\u00fchlt sich an wie <a href=\"https:\/\/bazaar.express\/product-category\/cotton\/\">Premium-Baumwolle<\/a>.<\/p>\n","protected":false},"excerpt":{"rendered":"<h3>Dieser ikonische pal\u00e4stinensische Schal pr\u00e4sentiert ein traditionelles schwarz-wei\u00df kariertes Design mit weichen Fransen, hergestellt aus 100 % atmungsaktiver \u00e4gyptischer Baumwolle. Eine k\u00fchne Erkl\u00e4rung von Kultur, Geschichte und Solidarit\u00e4t \u2013 tragen Sie ihn mit Stolz und Sinn.<\/h3>\n","protected":false},"featured_media":37739,"comment_status":"open","ping_status":"closed","template":"","meta":[],"product_brand":[],"product_cat":[970],"product_tag":[986,1001],"class_list":{"0":"post-37738","1":"product","2":"type-product","3":"status-publish","4":"has-post-thumbnail","6":"product_cat-premium-baumwolle","7":"product_tag-andenken","8":"product_tag-baumwolle","10":"first","11":"instock","12":"shipping-taxable","13":"purchasable","14":"product-type-simple"},"_links":{"self":[{"href":"https:\/\/bazaar.express\/de\/wp-json\/wp\/v2\/product\/37738","targetHints":{"allow":["GET"]}}],"collection":[{"href":"https:\/\/bazaar.express\/de\/wp-json\/wp\/v2\/product"}],"about":[{"href":"https:\/\/bazaar.express\/de\/wp-json\/wp\/v2\/types\/product"}],"replies":[{"embeddable":true,"href":"https:\/\/bazaar.express\/de\/wp-json\/wp\/v2\/comments?post=37738"}],"wp:featuredmedia":[{"embeddable":true,"href":"https:\/\/bazaar.express\/de\/wp-json\/wp\/v2\/media\/37739"}],"wp:attachment":[{"href":"https:\/\/bazaar.express\/de\/wp-json\/wp\/v2\/media?parent=37738"}],"wp:term":[{"taxonomy":"product_brand","embeddable":true,"href":"https:\/\/bazaar.express\/de\/wp-json\/wp\/v2\/product_brand?post=37738"},{"taxonomy":"product_cat","embeddable":true,"href":"https:\/\/bazaar.express\/de\/wp-json\/wp\/v2\/product_cat?post=37738"},{"taxonomy":"product_tag","embeddable":true,"href":"https:\/\/bazaar.express\/de\/wp-json\/wp\/v2\/product_tag?post=37738"}],"curies":[{"name":"wp","href":"https:\/\/api.w.org\/{rel}","templated":true}]}}